{"id":49991,"date":"2025-01-17T09:20:40","date_gmt":"2025-01-17T09:20:40","guid":{"rendered":"https:\/\/www.babcock-wanson.com\/unsere-industriezweige\/"},"modified":"2025-04-18T15:33:01","modified_gmt":"2025-04-18T14:33:01","slug":"unsere-industriezweige","status":"publish","type":"page","link":"https:\/\/www.babcock-wanson.com\/de\/unsere-industriezweige\/","title":{"rendered":"Unsere Industriezweige"},"content":{"rendered":"<div class=\"vgblk-rw-wrapper limit-wrapper\">\n<h2>\n\tIndustriezweigbasierte <b>L\u00f6sungen<\/b>\n\t<\/h2>\n<h2>\n\t\t\t<a href=\"https:\/\/www.babcock-wanson.com\/industries\/food-industry-boilers\/\" title=\"Lebensmittelindustrie\" target=\"_self\">\n\tLebensmittelindustrie\n\t\t\t<\/a>\n\t<\/h2>\n\t<a href=\"https:\/\/www.babcock-wanson.com\/de\/unsere-industriezweige\/lebensmittelindustrie\/\" target=\"_self\" role=\"button\">\n\t\t\t\t\tMehr erfahren\n\t<\/a>\n<h2>\n\t\t\t<a href=\"https:\/\/www.babcock-wanson.com\/industries\/chemicals-pharmaceuticals-industry-boilers\/\" title=\"Chemie\" target=\"_self\">\n\tChemie\n\t\t\t<\/a>\n\t<\/h2>\n\t<a href=\"https:\/\/www.babcock-wanson.com\/de\/unsere-industriezweige\/chemikalien-pharmazeutika\/\" target=\"_self\" role=\"button\">\n\t\t\t\t\tMehr erfahren\n\t<\/a>\n<h2>\n\t\t\t<a href=\"https:\/\/www.babcock-wanson.com\/industries\/plating-and-surface-finishing-industry-boilers\/\" title=\"Beschichtungen \/ Oberfl\u00e4chen\" target=\"_self\">\n\tBeschichtungen \/ Oberfl\u00e4chen\n\t\t\t<\/a>\n\t<\/h2>\n\t<a href=\"https:\/\/www.babcock-wanson.com\/de\/unsere-industriezweige\/galvanik-oberflaechenveredelungsindustrie\/\" target=\"_self\" role=\"button\">\n\t\t\t\t\tMehr erfahren\n\t<\/a>\n<h2>\n\tVollst\u00e4ndige Liste der <b> Industriezweige<\/b>\n\t<\/h2>\n<h3>\n\t\t\t<a href=\"https:\/\/www.babcock-wanson.com\/de\/unsere-industriezweige\/getraenkeindustrie\/\" title=\"Getr\u00e4nke\" target=\"_self\">\n\tGetr\u00e4nke\n\t\t\t<\/a>\n\t<\/h3>\n<h3>\n\t\t\t<a href=\"https:\/\/www.babcock-wanson.com\/de\/unsere-industriezweige\/chemikalien-pharmazeutika\/\" title=\"Chemikalien &amp; Pharmazeutika\" target=\"_self\">\n\tChemikalien &amp; Pharmazeutika\n\t\t\t<\/a>\n\t<\/h3>\n<h3>\n\t\t\t<a href=\"https:\/\/www.babcock-wanson.com\/de\/unsere-industriezweige\/baumaterialbranche\/\" title=\"Baumaterial\" target=\"_self\">\n\tBaumaterial\n\t\t\t<\/a>\n\t<\/h3>\n<h3>\n\t\t\t<a href=\"https:\/\/www.babcock-wanson.com\/de\/unsere-industriezweige\/molkereien-und-molkereiindustrie\/\" title=\"Molkerei\" target=\"_self\">\n\tMolkerei\n\t\t\t<\/a>\n\t<\/h3>\n<h3>\n\t\t\t<a href=\"https:\/\/www.babcock-wanson.com\/de\/unsere-industriezweige\/lebensmittelindustrie\/\" title=\"Lebensmittel\" target=\"_self\">\n\tLebensmittel\n\t\t\t<\/a>\n\t<\/h3>\n<h3>\n\t\t\t<a href=\"https:\/\/www.babcock-wanson.com\/de\/unsere-industriezweige\/schiffsindustrie\/\" title=\"Schifffahrt\" target=\"_self\">\n\tSchifffahrt\n\t\t\t<\/a>\n\t<\/h3>\n<h3>\n\t\t\t<a href=\"https:\/\/www.babcock-wanson.com\/de\/unsere-industriezweige\/petrochemie-kraftwerksbranche\/\" title=\"Petrochemie und Kraftwerke\" target=\"_self\">\n\tPetrochemie und Kraftwerke\n\t\t\t<\/a>\n\t<\/h3>\n<h3>\n\t\t\t<a href=\"https:\/\/www.babcock-wanson.com\/de\/unsere-industriezweige\/galvanik-oberflaechenveredelungsindustrie\/\" title=\"Galvanik- und Oberfl\u00e4chenveredelung\" target=\"_self\">\n\tGalvanik- und Oberfl\u00e4chenveredelung\n\t\t\t<\/a>\n\t<\/h3>\n<h3>\n\t\t\t<a href=\"https:\/\/www.babcock-wanson.com\/de\/unsere-industriezweige\/druckindustrie\/\" title=\"Druck\" target=\"_self\">\n\tDruck\n\t\t\t<\/a>\n\t<\/h3>\n<h3>\n\t\t\t<a href=\"https:\/\/www.babcock-wanson.com\/de\/unsere-industriezweige\/formstabile-verpackungen-kunststoffindustrie\/\" title=\"Formstabile Verpackungen &amp; Kunststoffe\" target=\"_self\">\n\tFormstabile Verpackungen &amp; Kunststoffe\n\t\t\t<\/a>\n\t<\/h3>\n<h3>\n\t\t\t<a href=\"https:\/\/www.babcock-wanson.com\/de\/unsere-industriezweige\/elastomer-kunststoff-und-verbundwerkstoffindustrie\/\" title=\"Elastomere, Kunststoffe &amp; Verbundwerkstoffe\" target=\"_self\">\n\tElastomere, Kunststoffe &amp; Verbundwerkstoffe\n\t\t\t<\/a>\n\t<\/h3>\n<h3>\n\t\t\t<a href=\"https:\/\/www.babcock-wanson.com\/de\/unsere-industriezweige\/textil-waescherei-stoff-und-vliesstoffindustrie\/\" title=\"Textilien, W\u00e4schereien, Stoffe &amp; Vliesstoffe\" target=\"_self\">\n\tTextilien, W\u00e4schereien, Stoffe &amp; Vliesstoffe\n\t\t\t<\/a>\n\t<\/h3>\n<h3>\n\t\t\t<a href=\"https:\/\/www.babcock-wanson.com\/de\/unsere-industriezweige\/holz-bauholz-papier-kartonindustrie\/\" title=\"Holz, Bauholz, Papier &amp; Pappe\" target=\"_self\">\n\tHolz, Bauholz, Papier &amp; Pappe\n\t\t\t<\/a>\n\t<\/h3>\n<h3>\n\t\t\t<a href=\"https:\/\/www.babcock-wanson.com\/de\/unsere-industriezweige\/sonstige-industriezweige\/\" title=\"Sonstige Industriezweige\" target=\"_self\">\n\tSonstige Industriezweige\n\t\t\t<\/a>\n\t<\/h3>\n\t<h2>Gro\u00df tr\u00e4umen<br \/>\n<strong>Die Welt inspirieren<\/strong><\/h2>\n\t<p>Wir arbeiten hart daran, die Besten zu sein, und sind stolz darauf, einer der weltweit f\u00fchrenden Anbieter von Ausr\u00fcstungen f\u00fcr die industrielle Prozesserhitzung zu sein. Vorteile, die Kunden von <strong>Babcock Wanson<\/strong> genie\u00dfen:<\/p>\n\t\u25ce Hohe Effizienz und umweltbewusste Leistung<br \/>\n\u25ce Stets an vorderster Front der Innovation<br \/>\n\u25ce Umfassende <a href=\"https:\/\/www.babcock-wanson.com\/de\/unsere-dienstleistungen\/kundendienst\/\" target=\"_blank\" rel=\"noopener\">Kundendienstunterst\u00fctzung<\/a><br \/>\n\u25ce Ein l\u00f6sungsorientierter Ansatz\n<p><a href=\"https:\/\/www.babcock-wanson.com\/de\/unternehmensprofil\/\"><strong>Erfahren Sie mehr \u00fcber uns.<\/strong><\/a><\/p>\n\t<h2>Werden Sie Teil <strong>unseres Teams!<\/strong><\/h2>\n\t<p>Von der Technologie bis hin zur Dienstleistung &#8211; bei Babcock Wanson gibt es bestimmt einen Job f\u00fcr Sie.<\/p>\n\t<a href=\"https:\/\/vkkstandardkessel.de\/karriere\/\" target=\"_self\" role=\"button\">\n\t\t\t\t\tErfahren Sie mehr \u00fcber Karrierem\u00f6glichkeiten bei uns\n\t<\/a>\n\t\t\t\t\t\t\t<img loading=\"lazy\" decoding=\"async\" width=\"709\" height=\"1105\" src=\"https:\/\/morz.vamtam.com\/wp-content\/uploads\/2018\/03\/modern-6.png\" alt=\"modern-6\" itemprop=\"image\" title=\"modern-6\" onerror=\"this.style.display='none'\"  sizes=\"auto, (max-width: 768px) 100vw, 100vw\" srcset=\"https:\/\/www.babcock-wanson.com\/wp-content\/uploads\/2018\/03\/modern-6.png 709w, https:\/\/www.babcock-wanson.com\/wp-content\/uploads\/2018\/03\/modern-6-420x655.png 420w, https:\/\/www.babcock-wanson.com\/wp-content\/uploads\/2018\/03\/modern-6-630x982.png 630w\" \/>\t\t\t\t\t\t\t\n<h2>\n\tAktuelles\n\t<\/h2>\n\n<\/div><!-- .vgblk-rw-wrapper -->","protected":false},"excerpt":{"rendered":"<p>Industriezweigbasierte L\u00f6sungen Lebensmittelindustrie Mehr erfahren Chemie Mehr erfahren Beschichtungen \/ Oberfl\u00e4chen Mehr erfahren Vollst\u00e4ndige Liste der Industriezweige Getr\u00e4nke Chemikalien &amp; Pharmazeutika Baumaterial Molkerei Lebensmittel Schifffahrt Petrochemie und Kraftwerke Galvanik- und Oberfl\u00e4chenveredelung Druck Formstabile Verpackungen &amp; Kunststoffe Elastomere, Kunststoffe &amp; Verbundwerkstoffe Textilien, W\u00e4schereien, Stoffe &amp; Vliesstoffe Holz, Bauholz, Papier &amp; Pappe Sonstige Industriezweige Gro\u00df tr\u00e4umen Die&#8230;<\/p>\n","protected":false},"author":1,"featured_media":0,"parent":0,"menu_order":0,"comment_status":"closed","ping_status":"closed","template":"","meta":{"_acf_changed":false,"_relevanssi_hide_post":"","_relevanssi_hide_content":"","_relevanssi_pin_for_all":"","_relevanssi_pin_keywords":"","_relevanssi_unpin_keywords":"","_relevanssi_related_keywords":"","_relevanssi_related_include_ids":"","_relevanssi_related_exclude_ids":"","_relevanssi_related_no_append":"","_relevanssi_related_not_related":"","_relevanssi_related_posts":"","_relevanssi_noindex_reason":"","footnotes":""},"class_list":["post-49991","page","type-page","status-publish","hentry"],"acf":[],"yoast_head":"<!-- This site is optimized with the Yoast SEO Premium plugin v27.4 (Yoast SEO v27.4) - https:\/\/yoast.com\/product\/yoast-seo-premium-wordpress\/ -->\n<title>Unsere Industriezweige - Babcock Wanson<\/title>\n<meta name=\"description\" content=\"Bei Babcock Wanson arbeiten in einer Reihe von Industriezweigen und finden L\u00f6sungen f\u00fcr jeden einzelnen. Klicken Sie hier, um mehr \u00fcber unsere Industriezweige zu erfahren\" \/>\n<meta name=\"robots\" content=\"index, follow, max-snippet:-1, max-image-preview:large, max-video-preview:-1\" \/>\n<link rel=\"canonical\" href=\"https:\/\/www.babcock-wanson.com\/de\/unsere-industriezweige\/\" \/>\n<meta property=\"og:locale\" content=\"de_DE\" \/>\n<meta property=\"og:type\" content=\"article\" \/>\n<meta property=\"og:title\" content=\"Unsere Industriezweige\" \/>\n<meta property=\"og:description\" content=\"Bei Babcock Wanson arbeiten in einer Reihe von Industriezweigen und finden L\u00f6sungen f\u00fcr jeden einzelnen. Klicken Sie hier, um mehr \u00fcber unsere Industriezweige zu erfahren\" \/>\n<meta property=\"og:url\" content=\"https:\/\/www.babcock-wanson.com\/de\/unsere-industriezweige\/\" \/>\n<meta property=\"og:site_name\" content=\"Babcock Wanson\" \/>\n<meta property=\"article:modified_time\" content=\"2025-04-18T14:33:01+00:00\" \/>\n<meta property=\"og:image\" content=\"https:\/\/morz.vamtam.com\/wp-content\/uploads\/2018\/03\/modern-6.png\" \/>\n<meta name=\"twitter:card\" content=\"summary_large_image\" \/>\n<meta name=\"twitter:label1\" content=\"Est. reading time\" \/>\n\t<meta name=\"twitter:data1\" content=\"6 Minuten\" \/>\n<script type=\"application\/ld+json\" class=\"yoast-schema-graph\">{\"@context\":\"https:\\\/\\\/schema.org\",\"@graph\":[{\"@type\":\"WebPage\",\"@id\":\"https:\\\/\\\/www.babcock-wanson.com\\\/de\\\/unsere-industriezweige\\\/\",\"url\":\"https:\\\/\\\/www.babcock-wanson.com\\\/de\\\/unsere-industriezweige\\\/\",\"name\":\"Unsere Industriezweige - Babcock Wanson\",\"isPartOf\":{\"@id\":\"https:\\\/\\\/www.babcock-wanson.com\\\/de\\\/#website\"},\"primaryImageOfPage\":{\"@id\":\"https:\\\/\\\/www.babcock-wanson.com\\\/de\\\/unsere-industriezweige\\\/#primaryimage\"},\"image\":{\"@id\":\"https:\\\/\\\/www.babcock-wanson.com\\\/de\\\/unsere-industriezweige\\\/#primaryimage\"},\"thumbnailUrl\":\"https:\\\/\\\/morz.vamtam.com\\\/wp-content\\\/uploads\\\/2018\\\/03\\\/modern-6.png\",\"datePublished\":\"2025-01-17T09:20:40+00:00\",\"dateModified\":\"2025-04-18T14:33:01+00:00\",\"description\":\"Bei Babcock Wanson arbeiten in einer Reihe von Industriezweigen und finden L\u00f6sungen f\u00fcr jeden einzelnen. Klicken Sie hier, um mehr \u00fcber unsere Industriezweige zu erfahren\",\"breadcrumb\":{\"@id\":\"https:\\\/\\\/www.babcock-wanson.com\\\/de\\\/unsere-industriezweige\\\/#breadcrumb\"},\"inLanguage\":\"de-DE\",\"potentialAction\":[{\"@type\":\"ReadAction\",\"target\":[\"https:\\\/\\\/www.babcock-wanson.com\\\/de\\\/unsere-industriezweige\\\/\"]}]},{\"@type\":\"ImageObject\",\"inLanguage\":\"de-DE\",\"@id\":\"https:\\\/\\\/www.babcock-wanson.com\\\/de\\\/unsere-industriezweige\\\/#primaryimage\",\"url\":\"https:\\\/\\\/morz.vamtam.com\\\/wp-content\\\/uploads\\\/2018\\\/03\\\/modern-6.png\",\"contentUrl\":\"https:\\\/\\\/morz.vamtam.com\\\/wp-content\\\/uploads\\\/2018\\\/03\\\/modern-6.png\"},{\"@type\":\"BreadcrumbList\",\"@id\":\"https:\\\/\\\/www.babcock-wanson.com\\\/de\\\/unsere-industriezweige\\\/#breadcrumb\",\"itemListElement\":[{\"@type\":\"ListItem\",\"position\":1,\"name\":\"Inicio\",\"item\":\"https:\\\/\\\/www.babcock-wanson.com\\\/de\\\/\"},{\"@type\":\"ListItem\",\"position\":2,\"name\":\"Unsere Industriezweige\"}]},{\"@type\":\"WebSite\",\"@id\":\"https:\\\/\\\/www.babcock-wanson.com\\\/de\\\/#website\",\"url\":\"https:\\\/\\\/www.babcock-wanson.com\\\/de\\\/\",\"name\":\"Babcock Wanson\",\"description\":\"\",\"publisher\":{\"@id\":\"https:\\\/\\\/www.babcock-wanson.com\\\/de\\\/#organization\"},\"potentialAction\":[{\"@type\":\"SearchAction\",\"target\":{\"@type\":\"EntryPoint\",\"urlTemplate\":\"https:\\\/\\\/www.babcock-wanson.com\\\/de\\\/?s={search_term_string}\"},\"query-input\":{\"@type\":\"PropertyValueSpecification\",\"valueRequired\":true,\"valueName\":\"search_term_string\"}}],\"inLanguage\":\"de-DE\"},{\"@type\":\"Organization\",\"@id\":\"https:\\\/\\\/www.babcock-wanson.com\\\/de\\\/#organization\",\"name\":\"Babcock Wanson\",\"url\":\"https:\\\/\\\/www.babcock-wanson.com\\\/de\\\/\",\"logo\":{\"@type\":\"ImageObject\",\"inLanguage\":\"de-DE\",\"@id\":\"https:\\\/\\\/www.babcock-wanson.com\\\/de\\\/#\\\/schema\\\/logo\\\/image\\\/\",\"url\":\"https:\\\/\\\/www.babcock-wanson.com\\\/wp-content\\\/uploads\\\/2024\\\/02\\\/Babcock-Wanson-1200x1200-1.png\",\"contentUrl\":\"https:\\\/\\\/www.babcock-wanson.com\\\/wp-content\\\/uploads\\\/2024\\\/02\\\/Babcock-Wanson-1200x1200-1.png\",\"width\":1200,\"height\":1200,\"caption\":\"Babcock Wanson\"},\"image\":{\"@id\":\"https:\\\/\\\/www.babcock-wanson.com\\\/de\\\/#\\\/schema\\\/logo\\\/image\\\/\"},\"sameAs\":[\"https:\\\/\\\/www.linkedin.com\\\/company\\\/babcock-wanson\\\/\",\"https:\\\/\\\/www.youtube.com\\\/channel\\\/UCtxl25VieBBsP2kYmtlyv7A\"]}]}<\/script>\n<!-- \/ Yoast SEO Premium plugin. -->","yoast_head_json":{"title":"Unsere Industriezweige - Babcock Wanson","description":"Bei Babcock Wanson arbeiten in einer Reihe von Industriezweigen und finden L\u00f6sungen f\u00fcr jeden einzelnen. Klicken Sie hier, um mehr \u00fcber unsere Industriezweige zu erfahren","robots":{"index":"index","follow":"follow","max-snippet":"max-snippet:-1","max-image-preview":"max-image-preview:large","max-video-preview":"max-video-preview:-1"},"canonical":"https:\/\/www.babcock-wanson.com\/de\/unsere-industriezweige\/","og_locale":"de_DE","og_type":"article","og_title":"Unsere Industriezweige","og_description":"Bei Babcock Wanson arbeiten in einer Reihe von Industriezweigen und finden L\u00f6sungen f\u00fcr jeden einzelnen. Klicken Sie hier, um mehr \u00fcber unsere Industriezweige zu erfahren","og_url":"https:\/\/www.babcock-wanson.com\/de\/unsere-industriezweige\/","og_site_name":"Babcock Wanson","article_modified_time":"2025-04-18T14:33:01+00:00","og_image":[{"url":"https:\/\/morz.vamtam.com\/wp-content\/uploads\/2018\/03\/modern-6.png","type":"","width":"","height":""}],"twitter_card":"summary_large_image","twitter_misc":{"Est. reading time":"6 Minuten"},"schema":{"@context":"https:\/\/schema.org","@graph":[{"@type":"WebPage","@id":"https:\/\/www.babcock-wanson.com\/de\/unsere-industriezweige\/","url":"https:\/\/www.babcock-wanson.com\/de\/unsere-industriezweige\/","name":"Unsere Industriezweige - Babcock Wanson","isPartOf":{"@id":"https:\/\/www.babcock-wanson.com\/de\/#website"},"primaryImageOfPage":{"@id":"https:\/\/www.babcock-wanson.com\/de\/unsere-industriezweige\/#primaryimage"},"image":{"@id":"https:\/\/www.babcock-wanson.com\/de\/unsere-industriezweige\/#primaryimage"},"thumbnailUrl":"https:\/\/morz.vamtam.com\/wp-content\/uploads\/2018\/03\/modern-6.png","datePublished":"2025-01-17T09:20:40+00:00","dateModified":"2025-04-18T14:33:01+00:00","description":"Bei Babcock Wanson arbeiten in einer Reihe von Industriezweigen und finden L\u00f6sungen f\u00fcr jeden einzelnen. Klicken Sie hier, um mehr \u00fcber unsere Industriezweige zu erfahren","breadcrumb":{"@id":"https:\/\/www.babcock-wanson.com\/de\/unsere-industriezweige\/#breadcrumb"},"inLanguage":"de-DE","potentialAction":[{"@type":"ReadAction","target":["https:\/\/www.babcock-wanson.com\/de\/unsere-industriezweige\/"]}]},{"@type":"ImageObject","inLanguage":"de-DE","@id":"https:\/\/www.babcock-wanson.com\/de\/unsere-industriezweige\/#primaryimage","url":"https:\/\/morz.vamtam.com\/wp-content\/uploads\/2018\/03\/modern-6.png","contentUrl":"https:\/\/morz.vamtam.com\/wp-content\/uploads\/2018\/03\/modern-6.png"},{"@type":"BreadcrumbList","@id":"https:\/\/www.babcock-wanson.com\/de\/unsere-industriezweige\/#breadcrumb","itemListElement":[{"@type":"ListItem","position":1,"name":"Inicio","item":"https:\/\/www.babcock-wanson.com\/de\/"},{"@type":"ListItem","position":2,"name":"Unsere Industriezweige"}]},{"@type":"WebSite","@id":"https:\/\/www.babcock-wanson.com\/de\/#website","url":"https:\/\/www.babcock-wanson.com\/de\/","name":"Babcock Wanson","description":"","publisher":{"@id":"https:\/\/www.babcock-wanson.com\/de\/#organization"},"potentialAction":[{"@type":"SearchAction","target":{"@type":"EntryPoint","urlTemplate":"https:\/\/www.babcock-wanson.com\/de\/?s={search_term_string}"},"query-input":{"@type":"PropertyValueSpecification","valueRequired":true,"valueName":"search_term_string"}}],"inLanguage":"de-DE"},{"@type":"Organization","@id":"https:\/\/www.babcock-wanson.com\/de\/#organization","name":"Babcock Wanson","url":"https:\/\/www.babcock-wanson.com\/de\/","logo":{"@type":"ImageObject","inLanguage":"de-DE","@id":"https:\/\/www.babcock-wanson.com\/de\/#\/schema\/logo\/image\/","url":"https:\/\/www.babcock-wanson.com\/wp-content\/uploads\/2024\/02\/Babcock-Wanson-1200x1200-1.png","contentUrl":"https:\/\/www.babcock-wanson.com\/wp-content\/uploads\/2024\/02\/Babcock-Wanson-1200x1200-1.png","width":1200,"height":1200,"caption":"Babcock Wanson"},"image":{"@id":"https:\/\/www.babcock-wanson.com\/de\/#\/schema\/logo\/image\/"},"sameAs":["https:\/\/www.linkedin.com\/company\/babcock-wanson\/","https:\/\/www.youtube.com\/channel\/UCtxl25VieBBsP2kYmtlyv7A"]}]}},"jetpack_sharing_enabled":true,"_links":{"self":[{"href":"https:\/\/www.babcock-wanson.com\/de\/wp-json\/wp\/v2\/pages\/49991","targetHints":{"allow":["GET"]}}],"collection":[{"href":"https:\/\/www.babcock-wanson.com\/de\/wp-json\/wp\/v2\/pages"}],"about":[{"href":"https:\/\/www.babcock-wanson.com\/de\/wp-json\/wp\/v2\/types\/page"}],"author":[{"embeddable":true,"href":"https:\/\/www.babcock-wanson.com\/de\/wp-json\/wp\/v2\/users\/1"}],"replies":[{"embeddable":true,"href":"https:\/\/www.babcock-wanson.com\/de\/wp-json\/wp\/v2\/comments?post=49991"}],"version-history":[{"count":3,"href":"https:\/\/www.babcock-wanson.com\/de\/wp-json\/wp\/v2\/pages\/49991\/revisions"}],"predecessor-version":[{"id":51956,"href":"https:\/\/www.babcock-wanson.com\/de\/wp-json\/wp\/v2\/pages\/49991\/revisions\/51956"}],"wp:attachment":[{"href":"https:\/\/www.babcock-wanson.com\/de\/wp-json\/wp\/v2\/media?parent=49991"}],"curies":[{"name":"wp","href":"https:\/\/api.w.org\/{rel}","templated":true}]}}