{"id":49994,"date":"2025-01-17T09:20:40","date_gmt":"2025-01-17T09:20:40","guid":{"rendered":"https:\/\/www.babcock-wanson.com\/druckindustrie\/"},"modified":"2025-04-17T09:27:30","modified_gmt":"2025-04-17T08:27:30","slug":"druckindustrie","status":"publish","type":"page","link":"https:\/\/www.babcock-wanson.com\/de\/unsere-industriezweige\/druckindustrie\/","title":{"rendered":"Druckindustrie"},"content":{"rendered":"<div class=\"vgblk-rw-wrapper limit-wrapper\">\n<h2>\n\t\tKessel f\u00fcr die <strong>Druckindustrie<\/strong>\n\t<\/h2>\n\t<p>Die Druckindustrie ist gro\u00df und vielf\u00e4ltig und stellt eine breite Produktpalette her, darunter B\u00fccher, Kataloge, Zeitungen, Zeitschriften, Geschenkpapier usw.<\/p>\n<h3>Produktempfehlungen<\/h3>\n<p>In Druckereien eignet sich Dampf f\u00fcr Prozesse, die Temperaturen von bis zu 200\u00a0\u00b0C erfordern und bei denen die Temperatursteuerung einfach ist. In diesem Fall ist die Beheizung durch <a href=\"https:\/\/www.babcock-wanson.com\/de\/produkt-kategorie\/dampfkessel\/\">Dampferzeuger<\/a> oder <a href=\"https:\/\/www.babcock-wanson.com\/de\/produkt-kategorie\/flammrohrdampfkessel\/\">Flammrohrkessel<\/a> angebracht.<\/p>\n<p>Die Vorteile von <a href=\"https:\/\/www.babcock-wanson.com\/de\/produkt-kategorie\/warmetragerheizer\/\">W\u00e4rmetr\u00e4germedien<\/a> m\u00fcssen ebenfalls sorgf\u00e4ltig abgewogen werden, da sie Temperaturen von bis zu 350 \u00b0C steuerbar machen k\u00f6nnen. Diese Vielseitigkeit ist von entscheidender Bedeutung, wenn im Trocknungsprozess eine Genauigkeit von +\/- 1 \u00b0C erforderlich ist.<\/p>\n<p>Die bei der Folienbeschichtung oder beim Auftragen von Klebstoffen usw. im Herstellungsprozess entstehenden fl\u00fcchtigen Verbindungen verunreinigen die Abgase und k\u00f6nnen mit <a href=\"https:\/\/www.babcock-wanson.com\/de\/produkt-kategorie\/thermische-oxidatoren\/\">thermischer Oxidation<\/a> behandelt werden. Diese Art von Oxidationsanlage kann <a href=\"https:\/\/www.babcock-wanson.com\/de\/unsere-produkte\/\">regenerativ<\/a> mit interner W\u00e4rmer\u00fcckgewinnung oder rekuperativ mit externer <a href=\"https:\/\/www.babcock-wanson.com\/de\/produkt-kategorie\/warmeruckgewinnungssysteme\/\">W\u00e4rmer\u00fcckgewinnung<\/a> f\u00fcr Luft, Wasser, Dampf oder W\u00e4rmetr\u00e4germedien ausgestattet werden.<\/p>\n<h3>Verf\u00fcgbare Dienstleistungen<\/h3>\n<p>Um eine hohe Betriebsverf\u00fcgbarkeit der Ausr\u00fcstung zu gew\u00e4hrleisten, ist Babcock Wanson bestrebt, <a href=\"https:\/\/www.babcock-wanson.com\/de\/unsere-dienstleistungen\/\">Dienstleistungen und technische Unterst\u00fctzung<\/a> anzubieten, die an die Bed\u00fcrfnisse des Kunden angepasst werden k\u00f6nnen.<\/p>\n<ul>\n<li><strong>Telefonservice und schnelle Reaktionszeiten:<\/strong> Die Umsetzung eines straffen Wartungs- und Instandhaltungsplans sorgt f\u00fcr eine h\u00f6here Zuverl\u00e4ssigkeit und Effizienz Ihrer Ausr\u00fcstung.<\/li>\n<li><strong>Verf\u00fcgbarkeitsverpflichtung:<\/strong> Das umfangreiche Netzwerk von Wartungsingenieuren von Babcock Wanson ist umfassend qualifiziert und geschult, um auf jegliche Wartungsanforderung im Zusammenhang mit Ihrem Heizer oder Kessel reagieren zu k\u00f6nnen.<\/li>\n<\/ul>\n<h3>\n\t\tDruckindustriekessel <strong>Kunden<\/strong>\n\t<\/h3>\n\t\t\t\t\t\t\t<img loading=\"lazy\" decoding=\"async\" src=\"https:\/\/www.babcock-wanson.com\/wp-content\/uploads\/2019\/02\/akzonobel-logo.png\" alt=\"akzonobel-logo\" itemprop=\"image\" height=\"50\" width=\"212\" title=\"akzonobel-logo\" onerror=\"this.style.display='none'\"  sizes=\"auto, (max-width: 768px) 100vw, 100vw\"\/>\t\t\t\t\t\t\t\n\t\t\t\t\t\t\t<img loading=\"lazy\" decoding=\"async\" src=\"https:\/\/www.babcock-wanson.com\/wp-content\/uploads\/2019\/02\/Quebecor_logo.png\" alt=\"Quebecor_logo\" itemprop=\"image\" height=\"50\" width=\"152\" title=\"Quebecor_logo\" onerror=\"this.style.display='none'\"  sizes=\"auto, (max-width: 768px) 100vw, 100vw\" srcset=\"https:\/\/www.babcock-wanson.com\/wp-content\/uploads\/2019\/02\/Quebecor_logo.png 152w, https:\/\/www.babcock-wanson.com\/wp-content\/uploads\/2019\/02\/Quebecor_logo-150x50.png 150w\" \/>\t\t\t\t\t\t\t\n\t\t\t\t\t\t\t<img loading=\"lazy\" decoding=\"async\" src=\"https:\/\/www.babcock-wanson.com\/wp-content\/uploads\/2019\/02\/amcor-logo.png\" alt=\"amcor-logo\" itemprop=\"image\" height=\"50\" width=\"161\" title=\"amcor-logo\" onerror=\"this.style.display='none'\"  sizes=\"auto, (max-width: 768px) 100vw, 100vw\"\/>\t\t\t\t\t\t\t\n\t\t\t\t\t\t\t<img loading=\"lazy\" decoding=\"async\" src=\"https:\/\/www.babcock-wanson.com\/wp-content\/uploads\/2019\/02\/ColorMatrix-logo.png\" alt=\"ColorMatrix-logo\" itemprop=\"image\" height=\"50\" width=\"184\" title=\"ColorMatrix-logo\" onerror=\"this.style.display='none'\"  sizes=\"auto, (max-width: 768px) 100vw, 100vw\"\/>\t\t\t\t\t\t\t\n\t\t\t\t\t\t\t<img loading=\"lazy\" decoding=\"async\" src=\"https:\/\/www.babcock-wanson.com\/wp-content\/uploads\/2019\/02\/Fuji-Buriot-logo.png\" alt=\"Fuji-Buriot-logo\" itemprop=\"image\" height=\"50\" width=\"62\" title=\"Fuji-Buriot-logo\" onerror=\"this.style.display='none'\" \/>\t\t\t\t\t\t\t\n\t\t\t\t\t\t\t<img loading=\"lazy\" decoding=\"async\" src=\"https:\/\/www.babcock-wanson.com\/wp-content\/uploads\/2019\/02\/henkel-logo.png\" alt=\"henkel-logo\" itemprop=\"image\" height=\"50\" width=\"89\" title=\"henkel-logo\" onerror=\"this.style.display='none'\" \/>\t\t\t\t\t\t\t\n<h2>\n\tVerwandte <b>Produkte<\/b>\n\t<\/h2>\n\t\t\t\t\t\t<a href=\"https:\/\/www.babcock-wanson.com\/de\/products\/flammrohrdampfkessel\/nbwb-serie\/\"><img width=\"420\" height=\"280\" src=\"https:\/\/www.babcock-wanson.com\/wp-content\/uploads\/2018\/08\/NBWB-Fire-Tube-Boiler-3-420x280.png\" alt=\"\" decoding=\"async\" loading=\"lazy\" srcset=\"https:\/\/www.babcock-wanson.com\/wp-content\/uploads\/2018\/08\/NBWB-Fire-Tube-Boiler-3-420x280.png 420w, https:\/\/www.babcock-wanson.com\/wp-content\/uploads\/2018\/08\/NBWB-Fire-Tube-Boiler-3-300x200.png 300w, https:\/\/www.babcock-wanson.com\/wp-content\/uploads\/2018\/08\/NBWB-Fire-Tube-Boiler-3-315x210.png 315w, https:\/\/www.babcock-wanson.com\/wp-content\/uploads\/2018\/08\/NBWB-Fire-Tube-Boiler-3-350x233.png 350w, https:\/\/www.babcock-wanson.com\/wp-content\/uploads\/2018\/08\/NBWB-Fire-Tube-Boiler-3.png 600w\" sizes=\"auto, (min-width: 900px) 50vw, 100vw\" data-attachment-id=\"50017\" data-permalink=\"https:\/\/www.babcock-wanson.com\/de\/?attachment_id=50017\" data-orig-file=\"https:\/\/www.babcock-wanson.com\/wp-content\/uploads\/2018\/08\/NBWB-Fire-Tube-Boiler-3.png\" data-orig-size=\"600,400\" data-comments-opened=\"0\" data-image-meta=\"{&quot;aperture&quot;:&quot;0&quot;,&quot;credit&quot;:&quot;&quot;,&quot;camera&quot;:&quot;&quot;,&quot;caption&quot;:&quot;&quot;,&quot;created_timestamp&quot;:&quot;0&quot;,&quot;copyright&quot;:&quot;&quot;,&quot;focal_length&quot;:&quot;0&quot;,&quot;iso&quot;:&quot;0&quot;,&quot;shutter_speed&quot;:&quot;0&quot;,&quot;title&quot;:&quot;&quot;,&quot;orientation&quot;:&quot;0&quot;}\" data-image-title=\"NBWB-Fire-Tube-Boiler-3\" data-image-description=\"\" data-image-caption=\"\" data-medium-file=\"https:\/\/www.babcock-wanson.com\/wp-content\/uploads\/2018\/08\/NBWB-Fire-Tube-Boiler-3-300x200.png\" data-large-file=\"https:\/\/www.babcock-wanson.com\/wp-content\/uploads\/2018\/08\/NBWB-Fire-Tube-Boiler-3.png\" tabindex=\"0\" role=\"button\" \/><\/a><a href=\"https:\/\/www.babcock-wanson.com\/de\/products\/flammrohrdampfkessel\/nbwb-serie\/\" data-quantity=\"1\" data-product_id=\"50016\" data-product_sku=\"\" aria-label=\"Lese mehr \u00fcber &#8222;NBWB-Serie&#8220;\" rel=\"nofollow\" data-success_message=\"\">Mehr erfahren<\/a><a href=\"https:\/\/www.babcock-wanson.com\/de\/products\/flammrohrdampfkessel\/nbwb-serie\/\"><h3>NBWB-Serie<\/h3>\n\t\t<\/a>\n\t\t\t\t\t\t<a href=\"https:\/\/www.babcock-wanson.com\/de\/products\/warmetragerheizer\/tpc-b-serie\/\"><img width=\"420\" height=\"281\" src=\"https:\/\/www.babcock-wanson.com\/wp-content\/uploads\/2018\/08\/TC-B-Series-side-by-side-420x281.jpg\" alt=\"\" decoding=\"async\" loading=\"lazy\" srcset=\"https:\/\/www.babcock-wanson.com\/wp-content\/uploads\/2018\/08\/TC-B-Series-side-by-side-420x281.jpg 420w, https:\/\/www.babcock-wanson.com\/wp-content\/uploads\/2018\/08\/TC-B-Series-side-by-side-300x201.jpg 300w, https:\/\/www.babcock-wanson.com\/wp-content\/uploads\/2018\/08\/TC-B-Series-side-by-side-315x211.jpg 315w, https:\/\/www.babcock-wanson.com\/wp-content\/uploads\/2018\/08\/TC-B-Series-side-by-side.jpg 600w\" sizes=\"auto, (min-width: 900px) 50vw, 100vw\" data-attachment-id=\"50056\" data-permalink=\"https:\/\/www.babcock-wanson.com\/de\/?attachment_id=50056\" data-orig-file=\"https:\/\/www.babcock-wanson.com\/wp-content\/uploads\/2018\/08\/TC-B-Series-side-by-side.jpg\" data-orig-size=\"600,401\" data-comments-opened=\"0\" data-image-meta=\"{&quot;aperture&quot;:&quot;0&quot;,&quot;credit&quot;:&quot;&quot;,&quot;camera&quot;:&quot;&quot;,&quot;caption&quot;:&quot;&quot;,&quot;created_timestamp&quot;:&quot;0&quot;,&quot;copyright&quot;:&quot;&quot;,&quot;focal_length&quot;:&quot;0&quot;,&quot;iso&quot;:&quot;0&quot;,&quot;shutter_speed&quot;:&quot;0&quot;,&quot;title&quot;:&quot;&quot;,&quot;orientation&quot;:&quot;0&quot;}\" data-image-title=\"TPC-B Series side by side\" data-image-description=\"\" data-image-caption=\"\" data-medium-file=\"https:\/\/www.babcock-wanson.com\/wp-content\/uploads\/2018\/08\/TC-B-Series-side-by-side-300x201.jpg\" data-large-file=\"https:\/\/www.babcock-wanson.com\/wp-content\/uploads\/2018\/08\/TC-B-Series-side-by-side.jpg\" tabindex=\"0\" role=\"button\" \/><\/a><a href=\"https:\/\/www.babcock-wanson.com\/de\/products\/warmetragerheizer\/tpc-b-serie\/\" data-quantity=\"1\" data-product_id=\"50051\" data-product_sku=\"TPC-B Series\" aria-label=\"Lese mehr \u00fcber &#8222;TPC-B-Serie&#8220;\" rel=\"nofollow\" data-success_message=\"\">Mehr erfahren<\/a><a href=\"https:\/\/www.babcock-wanson.com\/de\/products\/warmetragerheizer\/tpc-b-serie\/\"><h3>TPC-B-Serie<\/h3>\n\t\t<\/a>\n\t\t\t\t\t\t<a href=\"https:\/\/www.babcock-wanson.com\/de\/products\/thermische-oxidatoren\/regenerative-oxidationsmittel\/\"><img width=\"420\" height=\"280\" src=\"https:\/\/www.babcock-wanson.com\/wp-content\/uploads\/2018\/09\/Regenerative-Oxidisers-12-420x280.jpg\" alt=\"\" decoding=\"async\" loading=\"lazy\" srcset=\"https:\/\/www.babcock-wanson.com\/wp-content\/uploads\/2018\/09\/Regenerative-Oxidisers-12-420x280.jpg 420w, https:\/\/www.babcock-wanson.com\/wp-content\/uploads\/2018\/09\/Regenerative-Oxidisers-12-300x200.jpg 300w, https:\/\/www.babcock-wanson.com\/wp-content\/uploads\/2018\/09\/Regenerative-Oxidisers-12-315x210.jpg 315w, https:\/\/www.babcock-wanson.com\/wp-content\/uploads\/2018\/09\/Regenerative-Oxidisers-12.jpg 600w\" sizes=\"auto, (min-width: 900px) 50vw, 100vw\" data-attachment-id=\"50189\" data-permalink=\"https:\/\/www.babcock-wanson.com\/de\/?attachment_id=50189\" data-orig-file=\"https:\/\/www.babcock-wanson.com\/wp-content\/uploads\/2018\/09\/Regenerative-Oxidisers-12.jpg\" data-orig-size=\"600,400\" data-comments-opened=\"0\" data-image-meta=\"{&quot;aperture&quot;:&quot;0&quot;,&quot;credit&quot;:&quot;&quot;,&quot;camera&quot;:&quot;&quot;,&quot;caption&quot;:&quot;&quot;,&quot;created_timestamp&quot;:&quot;0&quot;,&quot;copyright&quot;:&quot;&quot;,&quot;focal_length&quot;:&quot;0&quot;,&quot;iso&quot;:&quot;0&quot;,&quot;shutter_speed&quot;:&quot;0&quot;,&quot;title&quot;:&quot;&quot;,&quot;orientation&quot;:&quot;0&quot;}\" data-image-title=\"Regenerative Oxidisers (12)\" data-image-description=\"\" data-image-caption=\"\" data-medium-file=\"https:\/\/www.babcock-wanson.com\/wp-content\/uploads\/2018\/09\/Regenerative-Oxidisers-12-300x200.jpg\" data-large-file=\"https:\/\/www.babcock-wanson.com\/wp-content\/uploads\/2018\/09\/Regenerative-Oxidisers-12.jpg\" tabindex=\"0\" role=\"button\" \/><\/a><a href=\"https:\/\/www.babcock-wanson.com\/de\/products\/thermische-oxidatoren\/regenerative-oxidationsmittel\/\" data-quantity=\"1\" data-product_id=\"50170\" data-product_sku=\"\" aria-label=\"Lese mehr \u00fcber &#8222;Regenerative Oxidationsmittel&#8220;\" rel=\"nofollow\" data-success_message=\"\">Mehr erfahren<\/a><a href=\"https:\/\/www.babcock-wanson.com\/de\/products\/thermische-oxidatoren\/regenerative-oxidationsmittel\/\"><h3>Regenerative Oxidationsmittel<\/h3>\n\t\t<\/a>\n\t\t\t\t\t\t<a href=\"https:\/\/www.babcock-wanson.com\/de\/products\/flammrohrdampfkessel\/bwd-serie\/\"><img width=\"420\" height=\"280\" src=\"https:\/\/www.babcock-wanson.com\/wp-content\/uploads\/2018\/08\/BWD-Fire-Tube-Boilers-4-420x280.png\" alt=\"\" decoding=\"async\" loading=\"lazy\" srcset=\"https:\/\/www.babcock-wanson.com\/wp-content\/uploads\/2018\/08\/BWD-Fire-Tube-Boilers-4-420x280.png 420w, https:\/\/www.babcock-wanson.com\/wp-content\/uploads\/2018\/08\/BWD-Fire-Tube-Boilers-4-300x200.png 300w, https:\/\/www.babcock-wanson.com\/wp-content\/uploads\/2018\/08\/BWD-Fire-Tube-Boilers-4-315x210.png 315w, https:\/\/www.babcock-wanson.com\/wp-content\/uploads\/2018\/08\/BWD-Fire-Tube-Boilers-4-350x233.png 350w, https:\/\/www.babcock-wanson.com\/wp-content\/uploads\/2018\/08\/BWD-Fire-Tube-Boilers-4.png 600w\" sizes=\"auto, (min-width: 900px) 50vw, 100vw\" data-attachment-id=\"50028\" data-permalink=\"https:\/\/www.babcock-wanson.com\/de\/?attachment_id=50028\" data-orig-file=\"https:\/\/www.babcock-wanson.com\/wp-content\/uploads\/2018\/08\/BWD-Fire-Tube-Boilers-4.png\" data-orig-size=\"600,400\" data-comments-opened=\"0\" data-image-meta=\"{&quot;aperture&quot;:&quot;0&quot;,&quot;credit&quot;:&quot;&quot;,&quot;camera&quot;:&quot;&quot;,&quot;caption&quot;:&quot;&quot;,&quot;created_timestamp&quot;:&quot;0&quot;,&quot;copyright&quot;:&quot;&quot;,&quot;focal_length&quot;:&quot;0&quot;,&quot;iso&quot;:&quot;0&quot;,&quot;shutter_speed&quot;:&quot;0&quot;,&quot;title&quot;:&quot;&quot;,&quot;orientation&quot;:&quot;0&quot;}\" data-image-title=\"BWD-Fire-Tube-Boilers-4\" data-image-description=\"\" data-image-caption=\"\" data-medium-file=\"https:\/\/www.babcock-wanson.com\/wp-content\/uploads\/2018\/08\/BWD-Fire-Tube-Boilers-4-300x200.png\" data-large-file=\"https:\/\/www.babcock-wanson.com\/wp-content\/uploads\/2018\/08\/BWD-Fire-Tube-Boilers-4.png\" tabindex=\"0\" role=\"button\" \/><\/a><a href=\"https:\/\/www.babcock-wanson.com\/de\/products\/flammrohrdampfkessel\/bwd-serie\/\" data-quantity=\"1\" data-product_id=\"50027\" data-product_sku=\"\" aria-label=\"Lese mehr \u00fcber &#8222;BWD-Serie&#8220;\" rel=\"nofollow\" data-success_message=\"\">Mehr erfahren<\/a><a href=\"https:\/\/www.babcock-wanson.com\/de\/products\/flammrohrdampfkessel\/bwd-serie\/\"><h3>BWD-Serie<\/h3>\n\t\t<\/a>\n\n<\/div><!-- .vgblk-rw-wrapper -->","protected":false},"excerpt":{"rendered":"<p>Kessel f\u00fcr die Druckindustrie Die Druckindustrie ist gro\u00df und vielf\u00e4ltig und stellt eine breite Produktpalette her, darunter B\u00fccher, Kataloge, Zeitungen, Zeitschriften, Geschenkpapier usw. Produktempfehlungen In Druckereien eignet sich Dampf f\u00fcr Prozesse, die Temperaturen von bis zu 200\u00a0\u00b0C erfordern und bei denen die Temperatursteuerung einfach ist. In diesem Fall ist die Beheizung durch Dampferzeuger oder Flammrohrkessel&#8230;<\/p>\n","protected":false},"author":1,"featured_media":0,"parent":49991,"menu_order":0,"comment_status":"closed","ping_status":"closed","template":"","meta":{"_acf_changed":false,"_relevanssi_hide_post":"","_relevanssi_hide_content":"","_relevanssi_pin_for_all":"","_relevanssi_pin_keywords":"","_relevanssi_unpin_keywords":"","_relevanssi_related_keywords":"","_relevanssi_related_include_ids":"","_relevanssi_related_exclude_ids":"","_relevanssi_related_no_append":"","_relevanssi_related_not_related":"","_relevanssi_related_posts":"","_relevanssi_noindex_reason":"","footnotes":""},"class_list":["post-49994","page","type-page","status-publish","hentry"],"acf":[],"yoast_head":"<!-- This site is optimized with the Yoast SEO Premium plugin v27.4 (Yoast SEO v27.4) - https:\/\/yoast.com\/product\/yoast-seo-premium-wordpress\/ -->\n<title>Druckindustrie - Babcock Wanson<\/title>\n<meta name=\"description\" content=\"Die Druckindustrie ist gro\u00df und vielf\u00e4ltig und stellt eine breite Produktpalette her. Unsere Druckindustriekessel sind perfekt auf jede Anforderung abgestimmt\" \/>\n<meta name=\"robots\" content=\"index, follow, max-snippet:-1, max-image-preview:large, max-video-preview:-1\" \/>\n<link rel=\"canonical\" href=\"https:\/\/www.babcock-wanson.com\/de\/unsere-industriezweige\/druckindustrie\/\" \/>\n<meta property=\"og:locale\" content=\"de_DE\" \/>\n<meta property=\"og:type\" content=\"article\" \/>\n<meta property=\"og:title\" content=\"Druckindustrie\" \/>\n<meta property=\"og:description\" content=\"Die Druckindustrie ist gro\u00df und vielf\u00e4ltig und stellt eine breite Produktpalette her. Unsere Druckindustriekessel sind perfekt auf jede Anforderung abgestimmt\" \/>\n<meta property=\"og:url\" content=\"https:\/\/www.babcock-wanson.com\/de\/unsere-industriezweige\/druckindustrie\/\" \/>\n<meta property=\"og:site_name\" content=\"Babcock Wanson\" \/>\n<meta property=\"article:modified_time\" content=\"2025-04-17T08:27:30+00:00\" \/>\n<meta property=\"og:image\" content=\"https:\/\/www.babcock-wanson.com\/wp-content\/uploads\/2019\/02\/akzonobel-logo.png\" \/>\n<meta name=\"twitter:card\" content=\"summary_large_image\" \/>\n<meta name=\"twitter:label1\" content=\"Est. reading time\" \/>\n\t<meta name=\"twitter:data1\" content=\"1 Minute\" \/>\n<script type=\"application\/ld+json\" class=\"yoast-schema-graph\">{\"@context\":\"https:\\\/\\\/schema.org\",\"@graph\":[{\"@type\":\"WebPage\",\"@id\":\"https:\\\/\\\/www.babcock-wanson.com\\\/de\\\/unsere-industriezweige\\\/druckindustrie\\\/\",\"url\":\"https:\\\/\\\/www.babcock-wanson.com\\\/de\\\/unsere-industriezweige\\\/druckindustrie\\\/\",\"name\":\"Druckindustrie - Babcock Wanson\",\"isPartOf\":{\"@id\":\"https:\\\/\\\/www.babcock-wanson.com\\\/de\\\/#website\"},\"primaryImageOfPage\":{\"@id\":\"https:\\\/\\\/www.babcock-wanson.com\\\/de\\\/unsere-industriezweige\\\/druckindustrie\\\/#primaryimage\"},\"image\":{\"@id\":\"https:\\\/\\\/www.babcock-wanson.com\\\/de\\\/unsere-industriezweige\\\/druckindustrie\\\/#primaryimage\"},\"thumbnailUrl\":\"https:\\\/\\\/www.babcock-wanson.com\\\/wp-content\\\/uploads\\\/2019\\\/02\\\/akzonobel-logo.png\",\"datePublished\":\"2025-01-17T09:20:40+00:00\",\"dateModified\":\"2025-04-17T08:27:30+00:00\",\"description\":\"Die Druckindustrie ist gro\u00df und vielf\u00e4ltig und stellt eine breite Produktpalette her. Unsere Druckindustriekessel sind perfekt auf jede Anforderung abgestimmt\",\"breadcrumb\":{\"@id\":\"https:\\\/\\\/www.babcock-wanson.com\\\/de\\\/unsere-industriezweige\\\/druckindustrie\\\/#breadcrumb\"},\"inLanguage\":\"de-DE\",\"potentialAction\":[{\"@type\":\"ReadAction\",\"target\":[\"https:\\\/\\\/www.babcock-wanson.com\\\/de\\\/unsere-industriezweige\\\/druckindustrie\\\/\"]}]},{\"@type\":\"ImageObject\",\"inLanguage\":\"de-DE\",\"@id\":\"https:\\\/\\\/www.babcock-wanson.com\\\/de\\\/unsere-industriezweige\\\/druckindustrie\\\/#primaryimage\",\"url\":\"https:\\\/\\\/www.babcock-wanson.com\\\/wp-content\\\/uploads\\\/2019\\\/02\\\/akzonobel-logo.png\",\"contentUrl\":\"https:\\\/\\\/www.babcock-wanson.com\\\/wp-content\\\/uploads\\\/2019\\\/02\\\/akzonobel-logo.png\"},{\"@type\":\"BreadcrumbList\",\"@id\":\"https:\\\/\\\/www.babcock-wanson.com\\\/de\\\/unsere-industriezweige\\\/druckindustrie\\\/#breadcrumb\",\"itemListElement\":[{\"@type\":\"ListItem\",\"position\":1,\"name\":\"Inicio\",\"item\":\"https:\\\/\\\/www.babcock-wanson.com\\\/de\\\/\"},{\"@type\":\"ListItem\",\"position\":2,\"name\":\"Unsere Industriezweige\",\"item\":\"https:\\\/\\\/www.babcock-wanson.com\\\/de\\\/unsere-industriezweige\\\/\"},{\"@type\":\"ListItem\",\"position\":3,\"name\":\"Druckindustrie\"}]},{\"@type\":\"WebSite\",\"@id\":\"https:\\\/\\\/www.babcock-wanson.com\\\/de\\\/#website\",\"url\":\"https:\\\/\\\/www.babcock-wanson.com\\\/de\\\/\",\"name\":\"Babcock Wanson\",\"description\":\"\",\"publisher\":{\"@id\":\"https:\\\/\\\/www.babcock-wanson.com\\\/de\\\/#organization\"},\"potentialAction\":[{\"@type\":\"SearchAction\",\"target\":{\"@type\":\"EntryPoint\",\"urlTemplate\":\"https:\\\/\\\/www.babcock-wanson.com\\\/de\\\/?s={search_term_string}\"},\"query-input\":{\"@type\":\"PropertyValueSpecification\",\"valueRequired\":true,\"valueName\":\"search_term_string\"}}],\"inLanguage\":\"de-DE\"},{\"@type\":\"Organization\",\"@id\":\"https:\\\/\\\/www.babcock-wanson.com\\\/de\\\/#organization\",\"name\":\"Babcock Wanson\",\"url\":\"https:\\\/\\\/www.babcock-wanson.com\\\/de\\\/\",\"logo\":{\"@type\":\"ImageObject\",\"inLanguage\":\"de-DE\",\"@id\":\"https:\\\/\\\/www.babcock-wanson.com\\\/de\\\/#\\\/schema\\\/logo\\\/image\\\/\",\"url\":\"https:\\\/\\\/www.babcock-wanson.com\\\/wp-content\\\/uploads\\\/2024\\\/02\\\/Babcock-Wanson-1200x1200-1.png\",\"contentUrl\":\"https:\\\/\\\/www.babcock-wanson.com\\\/wp-content\\\/uploads\\\/2024\\\/02\\\/Babcock-Wanson-1200x1200-1.png\",\"width\":1200,\"height\":1200,\"caption\":\"Babcock Wanson\"},\"image\":{\"@id\":\"https:\\\/\\\/www.babcock-wanson.com\\\/de\\\/#\\\/schema\\\/logo\\\/image\\\/\"},\"sameAs\":[\"https:\\\/\\\/www.linkedin.com\\\/company\\\/babcock-wanson\\\/\",\"https:\\\/\\\/www.youtube.com\\\/channel\\\/UCtxl25VieBBsP2kYmtlyv7A\"]}]}<\/script>\n<!-- \/ Yoast SEO Premium plugin. -->","yoast_head_json":{"title":"Druckindustrie - Babcock Wanson","description":"Die Druckindustrie ist gro\u00df und vielf\u00e4ltig und stellt eine breite Produktpalette her. Unsere Druckindustriekessel sind perfekt auf jede Anforderung abgestimmt","robots":{"index":"index","follow":"follow","max-snippet":"max-snippet:-1","max-image-preview":"max-image-preview:large","max-video-preview":"max-video-preview:-1"},"canonical":"https:\/\/www.babcock-wanson.com\/de\/unsere-industriezweige\/druckindustrie\/","og_locale":"de_DE","og_type":"article","og_title":"Druckindustrie","og_description":"Die Druckindustrie ist gro\u00df und vielf\u00e4ltig und stellt eine breite Produktpalette her. Unsere Druckindustriekessel sind perfekt auf jede Anforderung abgestimmt","og_url":"https:\/\/www.babcock-wanson.com\/de\/unsere-industriezweige\/druckindustrie\/","og_site_name":"Babcock Wanson","article_modified_time":"2025-04-17T08:27:30+00:00","og_image":[{"url":"https:\/\/www.babcock-wanson.com\/wp-content\/uploads\/2019\/02\/akzonobel-logo.png","type":"","width":"","height":""}],"twitter_card":"summary_large_image","twitter_misc":{"Est. reading time":"1 Minute"},"schema":{"@context":"https:\/\/schema.org","@graph":[{"@type":"WebPage","@id":"https:\/\/www.babcock-wanson.com\/de\/unsere-industriezweige\/druckindustrie\/","url":"https:\/\/www.babcock-wanson.com\/de\/unsere-industriezweige\/druckindustrie\/","name":"Druckindustrie - Babcock Wanson","isPartOf":{"@id":"https:\/\/www.babcock-wanson.com\/de\/#website"},"primaryImageOfPage":{"@id":"https:\/\/www.babcock-wanson.com\/de\/unsere-industriezweige\/druckindustrie\/#primaryimage"},"image":{"@id":"https:\/\/www.babcock-wanson.com\/de\/unsere-industriezweige\/druckindustrie\/#primaryimage"},"thumbnailUrl":"https:\/\/www.babcock-wanson.com\/wp-content\/uploads\/2019\/02\/akzonobel-logo.png","datePublished":"2025-01-17T09:20:40+00:00","dateModified":"2025-04-17T08:27:30+00:00","description":"Die Druckindustrie ist gro\u00df und vielf\u00e4ltig und stellt eine breite Produktpalette her. Unsere Druckindustriekessel sind perfekt auf jede Anforderung abgestimmt","breadcrumb":{"@id":"https:\/\/www.babcock-wanson.com\/de\/unsere-industriezweige\/druckindustrie\/#breadcrumb"},"inLanguage":"de-DE","potentialAction":[{"@type":"ReadAction","target":["https:\/\/www.babcock-wanson.com\/de\/unsere-industriezweige\/druckindustrie\/"]}]},{"@type":"ImageObject","inLanguage":"de-DE","@id":"https:\/\/www.babcock-wanson.com\/de\/unsere-industriezweige\/druckindustrie\/#primaryimage","url":"https:\/\/www.babcock-wanson.com\/wp-content\/uploads\/2019\/02\/akzonobel-logo.png","contentUrl":"https:\/\/www.babcock-wanson.com\/wp-content\/uploads\/2019\/02\/akzonobel-logo.png"},{"@type":"BreadcrumbList","@id":"https:\/\/www.babcock-wanson.com\/de\/unsere-industriezweige\/druckindustrie\/#breadcrumb","itemListElement":[{"@type":"ListItem","position":1,"name":"Inicio","item":"https:\/\/www.babcock-wanson.com\/de\/"},{"@type":"ListItem","position":2,"name":"Unsere Industriezweige","item":"https:\/\/www.babcock-wanson.com\/de\/unsere-industriezweige\/"},{"@type":"ListItem","position":3,"name":"Druckindustrie"}]},{"@type":"WebSite","@id":"https:\/\/www.babcock-wanson.com\/de\/#website","url":"https:\/\/www.babcock-wanson.com\/de\/","name":"Babcock Wanson","description":"","publisher":{"@id":"https:\/\/www.babcock-wanson.com\/de\/#organization"},"potentialAction":[{"@type":"SearchAction","target":{"@type":"EntryPoint","urlTemplate":"https:\/\/www.babcock-wanson.com\/de\/?s={search_term_string}"},"query-input":{"@type":"PropertyValueSpecification","valueRequired":true,"valueName":"search_term_string"}}],"inLanguage":"de-DE"},{"@type":"Organization","@id":"https:\/\/www.babcock-wanson.com\/de\/#organization","name":"Babcock Wanson","url":"https:\/\/www.babcock-wanson.com\/de\/","logo":{"@type":"ImageObject","inLanguage":"de-DE","@id":"https:\/\/www.babcock-wanson.com\/de\/#\/schema\/logo\/image\/","url":"https:\/\/www.babcock-wanson.com\/wp-content\/uploads\/2024\/02\/Babcock-Wanson-1200x1200-1.png","contentUrl":"https:\/\/www.babcock-wanson.com\/wp-content\/uploads\/2024\/02\/Babcock-Wanson-1200x1200-1.png","width":1200,"height":1200,"caption":"Babcock Wanson"},"image":{"@id":"https:\/\/www.babcock-wanson.com\/de\/#\/schema\/logo\/image\/"},"sameAs":["https:\/\/www.linkedin.com\/company\/babcock-wanson\/","https:\/\/www.youtube.com\/channel\/UCtxl25VieBBsP2kYmtlyv7A"]}]}},"jetpack_sharing_enabled":true,"_links":{"self":[{"href":"https:\/\/www.babcock-wanson.com\/de\/wp-json\/wp\/v2\/pages\/49994","targetHints":{"allow":["GET"]}}],"collection":[{"href":"https:\/\/www.babcock-wanson.com\/de\/wp-json\/wp\/v2\/pages"}],"about":[{"href":"https:\/\/www.babcock-wanson.com\/de\/wp-json\/wp\/v2\/types\/page"}],"author":[{"embeddable":true,"href":"https:\/\/www.babcock-wanson.com\/de\/wp-json\/wp\/v2\/users\/1"}],"replies":[{"embeddable":true,"href":"https:\/\/www.babcock-wanson.com\/de\/wp-json\/wp\/v2\/comments?post=49994"}],"version-history":[{"count":2,"href":"https:\/\/www.babcock-wanson.com\/de\/wp-json\/wp\/v2\/pages\/49994\/revisions"}],"predecessor-version":[{"id":51907,"href":"https:\/\/www.babcock-wanson.com\/de\/wp-json\/wp\/v2\/pages\/49994\/revisions\/51907"}],"up":[{"embeddable":true,"href":"https:\/\/www.babcock-wanson.com\/de\/wp-json\/wp\/v2\/pages\/49991"}],"wp:attachment":[{"href":"https:\/\/www.babcock-wanson.com\/de\/wp-json\/wp\/v2\/media?parent=49994"}],"curies":[{"name":"wp","href":"https:\/\/api.w.org\/{rel}","templated":true}]}}