{"id":49997,"date":"2025-01-17T09:20:42","date_gmt":"2025-01-17T09:20:42","guid":{"rendered":"https:\/\/www.babcock-wanson.com\/unsere-industriezweige\/schiffsindustrie\/"},"modified":"2025-04-17T09:16:50","modified_gmt":"2025-04-17T08:16:50","slug":"schiffsindustrie","status":"publish","type":"page","link":"https:\/\/www.babcock-wanson.com\/de\/unsere-industriezweige\/schiffsindustrie\/","title":{"rendered":"Schiffsindustrie"},"content":{"rendered":"<div class=\"vgblk-rw-wrapper limit-wrapper\">\n<h2>\n\t\tKessel f\u00fcr die <strong>Schiffsindustrie<\/strong>\n\t<\/h2>\n\t<p>In der Schiffsindustrie stellt die Einf\u00fchrung und Entwicklung innovativer L\u00f6sungen eine entscheidende Herausforderung dar, um die unterschiedlichen Beheizungsanforderungen in diesem Industriezweig zu optimieren. Der Bedarf an Innovationen zieht sich durch die gesamte Wertsch\u00f6pfungskette, vom Entwurf bis zur Fertigstellung der Schiffe.<\/p>\n<h3>Produktempfehlungen<\/h3>\n<p>Babcock Wanson bietet eine vollst\u00e4ndige Palette an speziellen <a href=\"https:\/\/www.babcock-wanson.com\/de\/produkt-kategorie\/warmetragerheizer\/\">W\u00e4rmetr\u00e4gerheizern<\/a> und <a href=\"https:\/\/www.babcock-wanson.com\/de\/produkt-kategorie\/warmeruckgewinnungssysteme\/\">W\u00e4rmer\u00fcckgewinnungskesseln<\/a> f\u00fcr den Einsatz auf Schiffen. Die Heizger\u00e4te von Babcock Wanson sind mit allen erforderlichen Steuerungen f\u00fcr UMS und andere beh\u00f6rdliche Anforderungen ausgestattet und k\u00f6nnen in \u00dcbereinstimmung mit allen f\u00fchrenden Schiffszulassungen geliefert werden.<\/p>\n<p>Einfachere Versionen sind ebenfalls erh\u00e4ltlich, wenn die Heizaufgabe nicht wesentlichen Leistungen an Bord dient.<\/p>\n<h3>Verf\u00fcgbare Dienstleistungen<\/h3>\n<p>Um eine hohe Betriebsverf\u00fcgbarkeit der Ausr\u00fcstung zu gew\u00e4hrleisten, ist Babcock Wanson bestrebt, Dienstleistungen und technische Unterst\u00fctzung anzubieten, die an die Bed\u00fcrfnisse des Kunden angepasst werden k\u00f6nnen.<\/p>\n<ul>\n<li><strong>Telefonservice und schnelle Reaktionszeiten:<\/strong> Die Umsetzung eines straffen Wartungs- und Instandhaltungsplans sorgt f\u00fcr eine h\u00f6here Zuverl\u00e4ssigkeit und Effizienz Ihrer Ausr\u00fcstung.<\/li>\n<li><strong>Verf\u00fcgbarkeitsverpflichtung:<\/strong> Das umfangreiche Netzwerk von Wartungsingenieuren von Babcock Wanson ist umfassend qualifiziert und geschult, um auf jegliche Wartungsanforderung im Zusammenhang mit Ihrem Heizer oder Kessel reagieren zu k\u00f6nnen.<\/li>\n<\/ul>\n<h3>\n\t\tKessel f\u00fcr die Schiffsindustrie <strong>Kunden<\/strong>\n\t<\/h3>\n\t\t\t\t\t\t\t<img loading=\"lazy\" decoding=\"async\" src=\"https:\/\/www.babcock-wanson.com\/wp-content\/uploads\/2019\/02\/Technic-Marine-logo.png\" alt=\"Technic-Marine-logo\" itemprop=\"image\" height=\"50\" width=\"184\" title=\"Technic-Marine-logo\" onerror=\"this.style.display='none'\"  sizes=\"auto, (max-width: 768px) 100vw, 100vw\"\/>\t\t\t\t\t\t\t\n\t\t\t\t\t\t\t<img loading=\"lazy\" decoding=\"async\" src=\"https:\/\/www.babcock-wanson.com\/wp-content\/uploads\/2019\/02\/Bourbon-Maritime-logo.png\" alt=\"Bourbon-Maritime-logo\" itemprop=\"image\" height=\"50\" width=\"92\" title=\"Bourbon-Maritime-logo\" onerror=\"this.style.display='none'\" \/>\t\t\t\t\t\t\t\n\t\t\t\t\t\t\t<img loading=\"lazy\" decoding=\"async\" src=\"https:\/\/www.babcock-wanson.com\/wp-content\/uploads\/2019\/02\/British-Antartic-Survey-logo.png\" alt=\"British-Antartic-Survey-logo\" itemprop=\"image\" height=\"50\" width=\"225\" title=\"British-Antartic-Survey-logo\" onerror=\"this.style.display='none'\"  sizes=\"auto, (max-width: 768px) 100vw, 100vw\"\/>\t\t\t\t\t\t\t\n\t\t\t\t\t\t\t<img loading=\"lazy\" decoding=\"async\" src=\"https:\/\/www.babcock-wanson.com\/wp-content\/uploads\/2019\/02\/Epsilon-Composites-logo.png\" alt=\"Epsilon-Composites-logo\" itemprop=\"image\" height=\"50\" width=\"134\" title=\"Epsilon-Composites-logo\" onerror=\"this.style.display='none'\"  sizes=\"auto, (max-width: 768px) 100vw, 100vw\"\/>\t\t\t\t\t\t\t\n\t\t\t\t\t\t\t<img loading=\"lazy\" decoding=\"async\" src=\"https:\/\/www.babcock-wanson.com\/wp-content\/uploads\/2019\/02\/Fincantieri-Cantieri-Navali-logo.png\" alt=\"Fincantieri-Cantieri-Navali-logo\" itemprop=\"image\" height=\"50\" width=\"149\" title=\"Fincantieri-Cantieri-Navali-logo\" onerror=\"this.style.display='none'\"  sizes=\"auto, (max-width: 768px) 100vw, 100vw\"\/>\t\t\t\t\t\t\t\n\t\t\t\t\t\t\t<img loading=\"lazy\" decoding=\"async\" src=\"https:\/\/www.babcock-wanson.com\/wp-content\/uploads\/2019\/02\/Fountaine-Pajot-logo.png\" alt=\"Fountaine-Pajot-logo\" itemprop=\"image\" height=\"50\" width=\"107\" title=\"Fountaine-Pajot-logo\" onerror=\"this.style.display='none'\"  sizes=\"auto, (max-width: 768px) 100vw, 100vw\"\/>\t\t\t\t\t\t\t\n<h2>\n\tVerwandte <b>Produkte<\/b>\n\t<\/h2>\n\t\t\t\t\t\t<a href=\"https:\/\/www.babcock-wanson.com\/de\/products\/heiswasserkessel-fur-den-industriellen-einsatz\/heb-serie\/\"><img width=\"420\" height=\"280\" src=\"https:\/\/www.babcock-wanson.com\/wp-content\/uploads\/2018\/08\/HEB-Hot-Water-Boiler-1-420x280.jpg\" alt=\"\" decoding=\"async\" loading=\"lazy\" srcset=\"https:\/\/www.babcock-wanson.com\/wp-content\/uploads\/2018\/08\/HEB-Hot-Water-Boiler-1-420x280.jpg 420w, https:\/\/www.babcock-wanson.com\/wp-content\/uploads\/2018\/08\/HEB-Hot-Water-Boiler-1-300x200.jpg 300w, https:\/\/www.babcock-wanson.com\/wp-content\/uploads\/2018\/08\/HEB-Hot-Water-Boiler-1-315x210.jpg 315w, https:\/\/www.babcock-wanson.com\/wp-content\/uploads\/2018\/08\/HEB-Hot-Water-Boiler-1.jpg 600w\" sizes=\"auto, (min-width: 900px) 50vw, 100vw\" data-attachment-id=\"50035\" data-permalink=\"https:\/\/www.babcock-wanson.com\/de\/?attachment_id=50035\" data-orig-file=\"https:\/\/www.babcock-wanson.com\/wp-content\/uploads\/2018\/08\/HEB-Hot-Water-Boiler-1.jpg\" data-orig-size=\"600,400\" data-comments-opened=\"0\" data-image-meta=\"{&quot;aperture&quot;:&quot;0&quot;,&quot;credit&quot;:&quot;&quot;,&quot;camera&quot;:&quot;&quot;,&quot;caption&quot;:&quot;&quot;,&quot;created_timestamp&quot;:&quot;0&quot;,&quot;copyright&quot;:&quot;&quot;,&quot;focal_length&quot;:&quot;0&quot;,&quot;iso&quot;:&quot;0&quot;,&quot;shutter_speed&quot;:&quot;0&quot;,&quot;title&quot;:&quot;&quot;,&quot;orientation&quot;:&quot;0&quot;}\" data-image-title=\"HEB-Hot-Water-Boiler-1\" data-image-description=\"\" data-image-caption=\"\" data-medium-file=\"https:\/\/www.babcock-wanson.com\/wp-content\/uploads\/2018\/08\/HEB-Hot-Water-Boiler-1-300x200.jpg\" data-large-file=\"https:\/\/www.babcock-wanson.com\/wp-content\/uploads\/2018\/08\/HEB-Hot-Water-Boiler-1.jpg\" tabindex=\"0\" role=\"button\" \/><\/a><a href=\"https:\/\/www.babcock-wanson.com\/de\/products\/heiswasserkessel-fur-den-industriellen-einsatz\/heb-serie\/\" data-quantity=\"1\" data-product_id=\"50032\" data-product_sku=\"\" aria-label=\"Lese mehr \u00fcber &#8222;HEB-Serie&#8220;\" rel=\"nofollow\" data-success_message=\"\">Mehr erfahren<\/a><a href=\"https:\/\/www.babcock-wanson.com\/de\/products\/heiswasserkessel-fur-den-industriellen-einsatz\/heb-serie\/\"><h3>HEB-Serie<\/h3>\n\t\t<\/a>\n\t\t\t\t\t\t<a href=\"https:\/\/www.babcock-wanson.com\/de\/products\/flammrohrdampfkessel\/nbwb-serie\/\"><img width=\"420\" height=\"280\" src=\"https:\/\/www.babcock-wanson.com\/wp-content\/uploads\/2018\/08\/NBWB-Fire-Tube-Boiler-3-420x280.png\" alt=\"\" decoding=\"async\" loading=\"lazy\" srcset=\"https:\/\/www.babcock-wanson.com\/wp-content\/uploads\/2018\/08\/NBWB-Fire-Tube-Boiler-3-420x280.png 420w, https:\/\/www.babcock-wanson.com\/wp-content\/uploads\/2018\/08\/NBWB-Fire-Tube-Boiler-3-300x200.png 300w, https:\/\/www.babcock-wanson.com\/wp-content\/uploads\/2018\/08\/NBWB-Fire-Tube-Boiler-3-315x210.png 315w, https:\/\/www.babcock-wanson.com\/wp-content\/uploads\/2018\/08\/NBWB-Fire-Tube-Boiler-3-350x233.png 350w, https:\/\/www.babcock-wanson.com\/wp-content\/uploads\/2018\/08\/NBWB-Fire-Tube-Boiler-3.png 600w\" sizes=\"auto, (min-width: 900px) 50vw, 100vw\" data-attachment-id=\"50017\" data-permalink=\"https:\/\/www.babcock-wanson.com\/de\/?attachment_id=50017\" data-orig-file=\"https:\/\/www.babcock-wanson.com\/wp-content\/uploads\/2018\/08\/NBWB-Fire-Tube-Boiler-3.png\" data-orig-size=\"600,400\" data-comments-opened=\"0\" data-image-meta=\"{&quot;aperture&quot;:&quot;0&quot;,&quot;credit&quot;:&quot;&quot;,&quot;camera&quot;:&quot;&quot;,&quot;caption&quot;:&quot;&quot;,&quot;created_timestamp&quot;:&quot;0&quot;,&quot;copyright&quot;:&quot;&quot;,&quot;focal_length&quot;:&quot;0&quot;,&quot;iso&quot;:&quot;0&quot;,&quot;shutter_speed&quot;:&quot;0&quot;,&quot;title&quot;:&quot;&quot;,&quot;orientation&quot;:&quot;0&quot;}\" data-image-title=\"NBWB-Fire-Tube-Boiler-3\" data-image-description=\"\" data-image-caption=\"\" data-medium-file=\"https:\/\/www.babcock-wanson.com\/wp-content\/uploads\/2018\/08\/NBWB-Fire-Tube-Boiler-3-300x200.png\" data-large-file=\"https:\/\/www.babcock-wanson.com\/wp-content\/uploads\/2018\/08\/NBWB-Fire-Tube-Boiler-3.png\" tabindex=\"0\" role=\"button\" \/><\/a><a href=\"https:\/\/www.babcock-wanson.com\/de\/products\/flammrohrdampfkessel\/nbwb-serie\/\" data-quantity=\"1\" data-product_id=\"50016\" data-product_sku=\"\" aria-label=\"Lese mehr \u00fcber &#8222;NBWB-Serie&#8220;\" rel=\"nofollow\" data-success_message=\"\">Mehr erfahren<\/a><a href=\"https:\/\/www.babcock-wanson.com\/de\/products\/flammrohrdampfkessel\/nbwb-serie\/\"><h3>NBWB-Serie<\/h3>\n\t\t<\/a>\n\t\t\t\t\t\t<a href=\"https:\/\/www.babcock-wanson.com\/de\/products\/warmetragerheizer\/tpc-b-serie\/\"><img width=\"420\" height=\"281\" src=\"https:\/\/www.babcock-wanson.com\/wp-content\/uploads\/2018\/08\/TC-B-Series-side-by-side-420x281.jpg\" alt=\"\" decoding=\"async\" loading=\"lazy\" srcset=\"https:\/\/www.babcock-wanson.com\/wp-content\/uploads\/2018\/08\/TC-B-Series-side-by-side-420x281.jpg 420w, https:\/\/www.babcock-wanson.com\/wp-content\/uploads\/2018\/08\/TC-B-Series-side-by-side-300x201.jpg 300w, https:\/\/www.babcock-wanson.com\/wp-content\/uploads\/2018\/08\/TC-B-Series-side-by-side-315x211.jpg 315w, https:\/\/www.babcock-wanson.com\/wp-content\/uploads\/2018\/08\/TC-B-Series-side-by-side.jpg 600w\" sizes=\"auto, (min-width: 900px) 50vw, 100vw\" data-attachment-id=\"50056\" data-permalink=\"https:\/\/www.babcock-wanson.com\/de\/?attachment_id=50056\" data-orig-file=\"https:\/\/www.babcock-wanson.com\/wp-content\/uploads\/2018\/08\/TC-B-Series-side-by-side.jpg\" data-orig-size=\"600,401\" data-comments-opened=\"0\" data-image-meta=\"{&quot;aperture&quot;:&quot;0&quot;,&quot;credit&quot;:&quot;&quot;,&quot;camera&quot;:&quot;&quot;,&quot;caption&quot;:&quot;&quot;,&quot;created_timestamp&quot;:&quot;0&quot;,&quot;copyright&quot;:&quot;&quot;,&quot;focal_length&quot;:&quot;0&quot;,&quot;iso&quot;:&quot;0&quot;,&quot;shutter_speed&quot;:&quot;0&quot;,&quot;title&quot;:&quot;&quot;,&quot;orientation&quot;:&quot;0&quot;}\" data-image-title=\"TPC-B Series side by side\" data-image-description=\"\" data-image-caption=\"\" data-medium-file=\"https:\/\/www.babcock-wanson.com\/wp-content\/uploads\/2018\/08\/TC-B-Series-side-by-side-300x201.jpg\" data-large-file=\"https:\/\/www.babcock-wanson.com\/wp-content\/uploads\/2018\/08\/TC-B-Series-side-by-side.jpg\" tabindex=\"0\" role=\"button\" \/><\/a><a href=\"https:\/\/www.babcock-wanson.com\/de\/products\/warmetragerheizer\/tpc-b-serie\/\" data-quantity=\"1\" data-product_id=\"50051\" data-product_sku=\"TPC-B Series\" aria-label=\"Lese mehr \u00fcber &#8222;TPC-B-Serie&#8220;\" rel=\"nofollow\" data-success_message=\"\">Mehr erfahren<\/a><a href=\"https:\/\/www.babcock-wanson.com\/de\/products\/warmetragerheizer\/tpc-b-serie\/\"><h3>TPC-B-Serie<\/h3>\n\t\t<\/a>\n\t\t\t\t\t\t<a href=\"https:\/\/www.babcock-wanson.com\/de\/products\/warmeruckgewinnungssysteme\/vorwaermer\/\"><img width=\"420\" height=\"280\" src=\"https:\/\/www.babcock-wanson.com\/wp-content\/uploads\/2018\/09\/Economiser-2-420x280.jpg\" alt=\"\" decoding=\"async\" loading=\"lazy\" srcset=\"https:\/\/www.babcock-wanson.com\/wp-content\/uploads\/2018\/09\/Economiser-2-420x280.jpg 420w, https:\/\/www.babcock-wanson.com\/wp-content\/uploads\/2018\/09\/Economiser-2-300x200.jpg 300w, https:\/\/www.babcock-wanson.com\/wp-content\/uploads\/2018\/09\/Economiser-2-315x210.jpg 315w, https:\/\/www.babcock-wanson.com\/wp-content\/uploads\/2018\/09\/Economiser-2.jpg 600w\" sizes=\"auto, (min-width: 900px) 50vw, 100vw\" data-attachment-id=\"50327\" data-permalink=\"https:\/\/www.babcock-wanson.com\/de\/?attachment_id=50327\" data-orig-file=\"https:\/\/www.babcock-wanson.com\/wp-content\/uploads\/2018\/09\/Economiser-2.jpg\" data-orig-size=\"600,400\" data-comments-opened=\"0\" data-image-meta=\"{&quot;aperture&quot;:&quot;0&quot;,&quot;credit&quot;:&quot;&quot;,&quot;camera&quot;:&quot;&quot;,&quot;caption&quot;:&quot;&quot;,&quot;created_timestamp&quot;:&quot;0&quot;,&quot;copyright&quot;:&quot;&quot;,&quot;focal_length&quot;:&quot;0&quot;,&quot;iso&quot;:&quot;0&quot;,&quot;shutter_speed&quot;:&quot;0&quot;,&quot;title&quot;:&quot;&quot;,&quot;orientation&quot;:&quot;0&quot;}\" data-image-title=\"Economiser (2)\" data-image-description=\"\" data-image-caption=\"\" data-medium-file=\"https:\/\/www.babcock-wanson.com\/wp-content\/uploads\/2018\/09\/Economiser-2-300x200.jpg\" data-large-file=\"https:\/\/www.babcock-wanson.com\/wp-content\/uploads\/2018\/09\/Economiser-2.jpg\" tabindex=\"0\" role=\"button\" \/><\/a><a href=\"https:\/\/www.babcock-wanson.com\/de\/products\/warmeruckgewinnungssysteme\/vorwaermer\/\" data-quantity=\"1\" data-product_id=\"50317\" data-product_sku=\"\" aria-label=\"Lese mehr \u00fcber &#8222;Vorw\u00e4rmer&#8220;\" rel=\"nofollow\" data-success_message=\"\">Mehr erfahren<\/a><a href=\"https:\/\/www.babcock-wanson.com\/de\/products\/warmeruckgewinnungssysteme\/vorwaermer\/\"><h3>Vorw\u00e4rmer<\/h3>\n\t\t<\/a>\n\n<\/div><!-- .vgblk-rw-wrapper -->","protected":false},"excerpt":{"rendered":"<p>Kessel f\u00fcr die Schiffsindustrie In der Schiffsindustrie stellt die Einf\u00fchrung und Entwicklung innovativer L\u00f6sungen eine entscheidende Herausforderung dar, um die unterschiedlichen Beheizungsanforderungen in diesem Industriezweig zu optimieren. Der Bedarf an Innovationen zieht sich durch die gesamte Wertsch\u00f6pfungskette, vom Entwurf bis zur Fertigstellung der Schiffe. Produktempfehlungen Babcock Wanson bietet eine vollst\u00e4ndige Palette an speziellen W\u00e4rmetr\u00e4gerheizern und&#8230;<\/p>\n","protected":false},"author":1,"featured_media":0,"parent":49991,"menu_order":0,"comment_status":"closed","ping_status":"closed","template":"","meta":{"_acf_changed":false,"_relevanssi_hide_post":"","_relevanssi_hide_content":"","_relevanssi_pin_for_all":"","_relevanssi_pin_keywords":"","_relevanssi_unpin_keywords":"","_relevanssi_related_keywords":"","_relevanssi_related_include_ids":"","_relevanssi_related_exclude_ids":"","_relevanssi_related_no_append":"","_relevanssi_related_not_related":"","_relevanssi_related_posts":"","_relevanssi_noindex_reason":"","footnotes":""},"class_list":["post-49997","page","type-page","status-publish","hentry"],"acf":[],"yoast_head":"<!-- This site is optimized with the Yoast SEO Premium plugin v27.4 (Yoast SEO v27.4) - https:\/\/yoast.com\/product\/yoast-seo-premium-wordpress\/ -->\n<title>Schiffsindustrie - Babcock Wanson<\/title>\n<meta name=\"description\" content=\"Babcock Wanson bietet ein umfassendes Sortiment an Spezialkesseln f\u00fcr die Schiffsindustrie f\u00fcr den Einsatz an Land und auf Schiffen. Besuchen Sie uns, um mehr zu erfahren\" \/>\n<meta name=\"robots\" content=\"index, follow, max-snippet:-1, max-image-preview:large, max-video-preview:-1\" \/>\n<link rel=\"canonical\" href=\"https:\/\/www.babcock-wanson.com\/de\/unsere-industriezweige\/schiffsindustrie\/\" \/>\n<meta property=\"og:locale\" content=\"de_DE\" \/>\n<meta property=\"og:type\" content=\"article\" \/>\n<meta property=\"og:title\" content=\"Schiffsindustrie\" \/>\n<meta property=\"og:description\" content=\"Babcock Wanson bietet ein umfassendes Sortiment an Spezialkesseln f\u00fcr die Schiffsindustrie f\u00fcr den Einsatz an Land und auf Schiffen. Besuchen Sie uns, um mehr zu erfahren\" \/>\n<meta property=\"og:url\" content=\"https:\/\/www.babcock-wanson.com\/de\/unsere-industriezweige\/schiffsindustrie\/\" \/>\n<meta property=\"og:site_name\" content=\"Babcock Wanson\" \/>\n<meta property=\"article:modified_time\" content=\"2025-04-17T08:16:50+00:00\" \/>\n<meta property=\"og:image\" content=\"https:\/\/www.babcock-wanson.com\/wp-content\/uploads\/2019\/02\/Technic-Marine-logo.png\" \/>\n<meta name=\"twitter:card\" content=\"summary_large_image\" \/>\n<meta name=\"twitter:label1\" content=\"Est. reading time\" \/>\n\t<meta name=\"twitter:data1\" content=\"3 Minuten\" \/>\n<script type=\"application\/ld+json\" class=\"yoast-schema-graph\">{\"@context\":\"https:\\\/\\\/schema.org\",\"@graph\":[{\"@type\":\"WebPage\",\"@id\":\"https:\\\/\\\/www.babcock-wanson.com\\\/de\\\/unsere-industriezweige\\\/schiffsindustrie\\\/\",\"url\":\"https:\\\/\\\/www.babcock-wanson.com\\\/de\\\/unsere-industriezweige\\\/schiffsindustrie\\\/\",\"name\":\"Schiffsindustrie - Babcock Wanson\",\"isPartOf\":{\"@id\":\"https:\\\/\\\/www.babcock-wanson.com\\\/de\\\/#website\"},\"primaryImageOfPage\":{\"@id\":\"https:\\\/\\\/www.babcock-wanson.com\\\/de\\\/unsere-industriezweige\\\/schiffsindustrie\\\/#primaryimage\"},\"image\":{\"@id\":\"https:\\\/\\\/www.babcock-wanson.com\\\/de\\\/unsere-industriezweige\\\/schiffsindustrie\\\/#primaryimage\"},\"thumbnailUrl\":\"https:\\\/\\\/www.babcock-wanson.com\\\/wp-content\\\/uploads\\\/2019\\\/02\\\/Technic-Marine-logo.png\",\"datePublished\":\"2025-01-17T09:20:42+00:00\",\"dateModified\":\"2025-04-17T08:16:50+00:00\",\"description\":\"Babcock Wanson bietet ein umfassendes Sortiment an Spezialkesseln f\u00fcr die Schiffsindustrie f\u00fcr den Einsatz an Land und auf Schiffen. Besuchen Sie uns, um mehr zu erfahren\",\"breadcrumb\":{\"@id\":\"https:\\\/\\\/www.babcock-wanson.com\\\/de\\\/unsere-industriezweige\\\/schiffsindustrie\\\/#breadcrumb\"},\"inLanguage\":\"de-DE\",\"potentialAction\":[{\"@type\":\"ReadAction\",\"target\":[\"https:\\\/\\\/www.babcock-wanson.com\\\/de\\\/unsere-industriezweige\\\/schiffsindustrie\\\/\"]}]},{\"@type\":\"ImageObject\",\"inLanguage\":\"de-DE\",\"@id\":\"https:\\\/\\\/www.babcock-wanson.com\\\/de\\\/unsere-industriezweige\\\/schiffsindustrie\\\/#primaryimage\",\"url\":\"https:\\\/\\\/www.babcock-wanson.com\\\/wp-content\\\/uploads\\\/2019\\\/02\\\/Technic-Marine-logo.png\",\"contentUrl\":\"https:\\\/\\\/www.babcock-wanson.com\\\/wp-content\\\/uploads\\\/2019\\\/02\\\/Technic-Marine-logo.png\"},{\"@type\":\"BreadcrumbList\",\"@id\":\"https:\\\/\\\/www.babcock-wanson.com\\\/de\\\/unsere-industriezweige\\\/schiffsindustrie\\\/#breadcrumb\",\"itemListElement\":[{\"@type\":\"ListItem\",\"position\":1,\"name\":\"Inicio\",\"item\":\"https:\\\/\\\/www.babcock-wanson.com\\\/de\\\/\"},{\"@type\":\"ListItem\",\"position\":2,\"name\":\"Unsere Industriezweige\",\"item\":\"https:\\\/\\\/www.babcock-wanson.com\\\/de\\\/unsere-industriezweige\\\/\"},{\"@type\":\"ListItem\",\"position\":3,\"name\":\"Schiffsindustrie\"}]},{\"@type\":\"WebSite\",\"@id\":\"https:\\\/\\\/www.babcock-wanson.com\\\/de\\\/#website\",\"url\":\"https:\\\/\\\/www.babcock-wanson.com\\\/de\\\/\",\"name\":\"Babcock Wanson\",\"description\":\"\",\"publisher\":{\"@id\":\"https:\\\/\\\/www.babcock-wanson.com\\\/de\\\/#organization\"},\"potentialAction\":[{\"@type\":\"SearchAction\",\"target\":{\"@type\":\"EntryPoint\",\"urlTemplate\":\"https:\\\/\\\/www.babcock-wanson.com\\\/de\\\/?s={search_term_string}\"},\"query-input\":{\"@type\":\"PropertyValueSpecification\",\"valueRequired\":true,\"valueName\":\"search_term_string\"}}],\"inLanguage\":\"de-DE\"},{\"@type\":\"Organization\",\"@id\":\"https:\\\/\\\/www.babcock-wanson.com\\\/de\\\/#organization\",\"name\":\"Babcock Wanson\",\"url\":\"https:\\\/\\\/www.babcock-wanson.com\\\/de\\\/\",\"logo\":{\"@type\":\"ImageObject\",\"inLanguage\":\"de-DE\",\"@id\":\"https:\\\/\\\/www.babcock-wanson.com\\\/de\\\/#\\\/schema\\\/logo\\\/image\\\/\",\"url\":\"https:\\\/\\\/www.babcock-wanson.com\\\/wp-content\\\/uploads\\\/2024\\\/02\\\/Babcock-Wanson-1200x1200-1.png\",\"contentUrl\":\"https:\\\/\\\/www.babcock-wanson.com\\\/wp-content\\\/uploads\\\/2024\\\/02\\\/Babcock-Wanson-1200x1200-1.png\",\"width\":1200,\"height\":1200,\"caption\":\"Babcock Wanson\"},\"image\":{\"@id\":\"https:\\\/\\\/www.babcock-wanson.com\\\/de\\\/#\\\/schema\\\/logo\\\/image\\\/\"},\"sameAs\":[\"https:\\\/\\\/www.linkedin.com\\\/company\\\/babcock-wanson\\\/\",\"https:\\\/\\\/www.youtube.com\\\/channel\\\/UCtxl25VieBBsP2kYmtlyv7A\"]}]}<\/script>\n<!-- \/ Yoast SEO Premium plugin. -->","yoast_head_json":{"title":"Schiffsindustrie - Babcock Wanson","description":"Babcock Wanson bietet ein umfassendes Sortiment an Spezialkesseln f\u00fcr die Schiffsindustrie f\u00fcr den Einsatz an Land und auf Schiffen. Besuchen Sie uns, um mehr zu erfahren","robots":{"index":"index","follow":"follow","max-snippet":"max-snippet:-1","max-image-preview":"max-image-preview:large","max-video-preview":"max-video-preview:-1"},"canonical":"https:\/\/www.babcock-wanson.com\/de\/unsere-industriezweige\/schiffsindustrie\/","og_locale":"de_DE","og_type":"article","og_title":"Schiffsindustrie","og_description":"Babcock Wanson bietet ein umfassendes Sortiment an Spezialkesseln f\u00fcr die Schiffsindustrie f\u00fcr den Einsatz an Land und auf Schiffen. Besuchen Sie uns, um mehr zu erfahren","og_url":"https:\/\/www.babcock-wanson.com\/de\/unsere-industriezweige\/schiffsindustrie\/","og_site_name":"Babcock Wanson","article_modified_time":"2025-04-17T08:16:50+00:00","og_image":[{"url":"https:\/\/www.babcock-wanson.com\/wp-content\/uploads\/2019\/02\/Technic-Marine-logo.png","type":"","width":"","height":""}],"twitter_card":"summary_large_image","twitter_misc":{"Est. reading time":"3 Minuten"},"schema":{"@context":"https:\/\/schema.org","@graph":[{"@type":"WebPage","@id":"https:\/\/www.babcock-wanson.com\/de\/unsere-industriezweige\/schiffsindustrie\/","url":"https:\/\/www.babcock-wanson.com\/de\/unsere-industriezweige\/schiffsindustrie\/","name":"Schiffsindustrie - Babcock Wanson","isPartOf":{"@id":"https:\/\/www.babcock-wanson.com\/de\/#website"},"primaryImageOfPage":{"@id":"https:\/\/www.babcock-wanson.com\/de\/unsere-industriezweige\/schiffsindustrie\/#primaryimage"},"image":{"@id":"https:\/\/www.babcock-wanson.com\/de\/unsere-industriezweige\/schiffsindustrie\/#primaryimage"},"thumbnailUrl":"https:\/\/www.babcock-wanson.com\/wp-content\/uploads\/2019\/02\/Technic-Marine-logo.png","datePublished":"2025-01-17T09:20:42+00:00","dateModified":"2025-04-17T08:16:50+00:00","description":"Babcock Wanson bietet ein umfassendes Sortiment an Spezialkesseln f\u00fcr die Schiffsindustrie f\u00fcr den Einsatz an Land und auf Schiffen. Besuchen Sie uns, um mehr zu erfahren","breadcrumb":{"@id":"https:\/\/www.babcock-wanson.com\/de\/unsere-industriezweige\/schiffsindustrie\/#breadcrumb"},"inLanguage":"de-DE","potentialAction":[{"@type":"ReadAction","target":["https:\/\/www.babcock-wanson.com\/de\/unsere-industriezweige\/schiffsindustrie\/"]}]},{"@type":"ImageObject","inLanguage":"de-DE","@id":"https:\/\/www.babcock-wanson.com\/de\/unsere-industriezweige\/schiffsindustrie\/#primaryimage","url":"https:\/\/www.babcock-wanson.com\/wp-content\/uploads\/2019\/02\/Technic-Marine-logo.png","contentUrl":"https:\/\/www.babcock-wanson.com\/wp-content\/uploads\/2019\/02\/Technic-Marine-logo.png"},{"@type":"BreadcrumbList","@id":"https:\/\/www.babcock-wanson.com\/de\/unsere-industriezweige\/schiffsindustrie\/#breadcrumb","itemListElement":[{"@type":"ListItem","position":1,"name":"Inicio","item":"https:\/\/www.babcock-wanson.com\/de\/"},{"@type":"ListItem","position":2,"name":"Unsere Industriezweige","item":"https:\/\/www.babcock-wanson.com\/de\/unsere-industriezweige\/"},{"@type":"ListItem","position":3,"name":"Schiffsindustrie"}]},{"@type":"WebSite","@id":"https:\/\/www.babcock-wanson.com\/de\/#website","url":"https:\/\/www.babcock-wanson.com\/de\/","name":"Babcock Wanson","description":"","publisher":{"@id":"https:\/\/www.babcock-wanson.com\/de\/#organization"},"potentialAction":[{"@type":"SearchAction","target":{"@type":"EntryPoint","urlTemplate":"https:\/\/www.babcock-wanson.com\/de\/?s={search_term_string}"},"query-input":{"@type":"PropertyValueSpecification","valueRequired":true,"valueName":"search_term_string"}}],"inLanguage":"de-DE"},{"@type":"Organization","@id":"https:\/\/www.babcock-wanson.com\/de\/#organization","name":"Babcock Wanson","url":"https:\/\/www.babcock-wanson.com\/de\/","logo":{"@type":"ImageObject","inLanguage":"de-DE","@id":"https:\/\/www.babcock-wanson.com\/de\/#\/schema\/logo\/image\/","url":"https:\/\/www.babcock-wanson.com\/wp-content\/uploads\/2024\/02\/Babcock-Wanson-1200x1200-1.png","contentUrl":"https:\/\/www.babcock-wanson.com\/wp-content\/uploads\/2024\/02\/Babcock-Wanson-1200x1200-1.png","width":1200,"height":1200,"caption":"Babcock Wanson"},"image":{"@id":"https:\/\/www.babcock-wanson.com\/de\/#\/schema\/logo\/image\/"},"sameAs":["https:\/\/www.linkedin.com\/company\/babcock-wanson\/","https:\/\/www.youtube.com\/channel\/UCtxl25VieBBsP2kYmtlyv7A"]}]}},"jetpack_sharing_enabled":true,"_links":{"self":[{"href":"https:\/\/www.babcock-wanson.com\/de\/wp-json\/wp\/v2\/pages\/49997","targetHints":{"allow":["GET"]}}],"collection":[{"href":"https:\/\/www.babcock-wanson.com\/de\/wp-json\/wp\/v2\/pages"}],"about":[{"href":"https:\/\/www.babcock-wanson.com\/de\/wp-json\/wp\/v2\/types\/page"}],"author":[{"embeddable":true,"href":"https:\/\/www.babcock-wanson.com\/de\/wp-json\/wp\/v2\/users\/1"}],"replies":[{"embeddable":true,"href":"https:\/\/www.babcock-wanson.com\/de\/wp-json\/wp\/v2\/comments?post=49997"}],"version-history":[{"count":2,"href":"https:\/\/www.babcock-wanson.com\/de\/wp-json\/wp\/v2\/pages\/49997\/revisions"}],"predecessor-version":[{"id":51898,"href":"https:\/\/www.babcock-wanson.com\/de\/wp-json\/wp\/v2\/pages\/49997\/revisions\/51898"}],"up":[{"embeddable":true,"href":"https:\/\/www.babcock-wanson.com\/de\/wp-json\/wp\/v2\/pages\/49991"}],"wp:attachment":[{"href":"https:\/\/www.babcock-wanson.com\/de\/wp-json\/wp\/v2\/media?parent=49997"}],"curies":[{"name":"wp","href":"https:\/\/api.w.org\/{rel}","templated":true}]}}