{"id":50001,"date":"2025-01-17T09:20:44","date_gmt":"2025-01-17T09:20:44","guid":{"rendered":"https:\/\/www.babcock-wanson.com\/kesselmiete\/"},"modified":"2025-04-16T11:14:40","modified_gmt":"2025-04-16T10:14:40","slug":"kesselmiete","status":"publish","type":"page","link":"https:\/\/www.babcock-wanson.com\/de\/unsere-dienstleistungen\/kesselmiete\/","title":{"rendered":"Kesselmiete"},"content":{"rendered":"<div class=\"vgblk-rw-wrapper limit-wrapper\">\n<h2>\n\tWir haben <strong>den Kessel, den Sie ben\u00f6tigen<\/strong>\n\t<\/h2>\n\t<p>Babcock Wanson bietet eine breite Palette an Mietkesseln an, um den Energiebedarf unserer Kunden in jeder Situation zu decken.<\/p>\n<p>Kesselarten von 90 kW bis 12.000 kW:<\/p>\n<ul>\n<li>Dampfkessel<\/li>\n<li><a href=\"https:\/\/www.babcock-wanson.com\/de\/produkt-kategorie\/rohrschlangendampfkessel\/\" target=\"_blank\" rel=\"noopener\">Schnelldampferzeuger<\/a><\/li>\n<li><a href=\"https:\/\/www.babcock-wanson.com\/de\/produkt-kategorie\/warmetragerheizer\/\" target=\"_blank\" rel=\"noopener\">W\u00e4rmetr\u00e4gerheizer<\/a><\/li>\n<li>Containerkessel<\/li>\n<li>Auf Gleitlagern montierte Kessel<\/li>\n<\/ul>\n<p>Unsere Mietkessel sind die aktuellsten vollautomatischen Modelle, oft brandneu und alle von zugelassenen Organisationen gepr\u00fcft. Wir verf\u00fcgen \u00fcber 200 mobile Kessel und Kesselh\u00e4user zur Vermietung, darunter Gleitlager- oder Containerkessel, die sofort angeschlossen werden k\u00f6nnen.<\/p>\n<p>Wir bieten auch die Vermietung anderer Ausr\u00fcstungen an, wie z. B. <a href=\"https:\/\/www.babcock-wanson.com\/de\/produkt-kategorie\/industrielle-wasseraufbereitung\/\" target=\"_blank\" rel=\"noopener\">Gleitlager f\u00fcr die Wasseraufbereitung<\/a>, <a href=\"https:\/\/www.babcock-wanson.com\/de\/products\/industrielle-wasseraufbereitung\/industrielle-wasserenthaertung\/\" target=\"_blank\" rel=\"noopener\">Enth\u00e4rter<\/a>, Brennstofflagertanks, Generatoren und flexible Anschlussvorrichtungen.<\/p>\n<h3>\n\tWarum <strong>einen Kessel mieten<\/strong>?\n\t<\/h3>\n\t<p>Die Kesselmiete bietet eine bequeme, flexible und kosteng\u00fcnstige kurz- bis mittelfristige L\u00f6sung f\u00fcr saisonal bedingte Beheizungsanforderungen, Arbeiten im Kesselhaus und Anforderungen an zus\u00e4tzliche Sicherheit, geplante\/ungeplante Abschaltungen oder f\u00fcr andere Eventualit\u00e4ten.<\/p>\n<p>Wir k\u00f6nnen Gleitlager- oder Containerkessel \u00fcberall in Europa und Nordafrika liefern. Unsere Techniker sind in der Lage die Installation des Kessels und seine Inbetriebnahme zu organisieren, und technische Unterst\u00fctzung und <a href=\"https:\/\/www.babcock-wanson.com\/de\/unsere-dienstleistungen\/kesselmanagement-schulung\/\" target=\"_blank\" rel=\"noopener\">Mitarbeiterschulungen<\/a> f\u00fcr maximalen Komfort bereitzustellen, falls dies erforderlich sein sollte.<\/p>\n<p>Der Kesselmietdienst von Babcock Wanson bietet:<\/p>\n<ul>\n<li>Keine festen Einschr\u00e4nkungen durch Bauingenieurwesen oder Bauvorschriften<\/li>\n<li>Einfacher Transport f\u00fcr Standardgr\u00f6\u00dfen (f\u00fcr den normalen Transport auf der Stra\u00dfe werden Standardcontainer verwendet)<\/li>\n<li>Sehr schnelle Installation, schneller Anschluss und schnelle Inbetriebnahme<\/li>\n<li>Kontrollierte Kosten mit der M\u00f6glichkeit einer Komplettfinanzierung<\/li>\n<li>Vorgefertigtes, ausgestattetes und getestetes Kesselhaus mit Herstellergarantie<\/li>\n<\/ul>\n<p>&nbsp;<\/p>\n<h3>Besuchen Sie unsere Website zum Thema Vermietung: <a href=\"https:\/\/www.babcock-wanson-rental.com\" target=\"_blank\" rel=\"noopener\">https:\/\/www.babcock-wanson-rental.com<\/a><\/h3>\n<h5>\n\tWIR HABEN AUCH\n\t<\/h5>\n<h2>\n\tErg\u00e4nzende <strong>Dienstleistungen<\/strong><br \/>\n\t<\/h2>\n<h4>\n\t\t\t<a href=\"https:\/\/www.babcock-wanson.com\/de\/unsere-dienstleistungen\/kesselmiete\/\" title=\"Industriekessel zur Miete\" target=\"_self\">\n\tIndustriekessel zur Miete\n\t\t\t<\/a>\n\t<\/h4>\n\t<p><strong>Babcock Wanson <\/strong>bietet eine breite Palette von Heizkesseln zur Vermietung an, um Ihren Energiebedarf in jeder Situation zu decken<\/p>\n<h4>\n\t\t\t<a href=\"https:\/\/www.babcock-wanson.com\/de\/unsere-dienstleistungen\/kesselmanagement-schulung\/\" title=\"Kesselmanagement-Schulung\" target=\"_self\">\n\tKesselmanagement-Schulung\n\t\t\t<\/a>\n\t<\/h4>\n\t<p>Damit Sie Ihre <strong>Babcock Wanson-Anlagen <\/strong>optimal nutzen k\u00f6nnen, bieten wir eine Reihe flexibler Schulungsoptionen f\u00fcr Industriekessel an.<\/p>\n<h4>\n\t\t\t<a href=\"https:\/\/www.babcock-wanson.com\/de\/unsere-dienstleistungen\/kesselsanierung-modernisierung\/kesselraumoptimierung\/\" title=\"Kesselraum-Optimierung\" target=\"_self\">\n\tKesselraum-Optimierung\n\t\t\t<\/a>\n\t<\/h4>\n\t<p>Die Ingenieure von <strong>Babcock Wanson <\/strong>erstellen einen detaillierten Bericht dar\u00fcber, wie die Anlage f\u00fcr maximale Effizienz und Betrieb optimiert werden kann.<\/p>\n\n<\/div><!-- .vgblk-rw-wrapper -->","protected":false},"excerpt":{"rendered":"<p>Wir haben den Kessel, den Sie ben\u00f6tigen Babcock Wanson bietet eine breite Palette an Mietkesseln an, um den Energiebedarf unserer Kunden in jeder Situation zu decken. Kesselarten von 90 kW bis 12.000 kW: Dampfkessel Schnelldampferzeuger W\u00e4rmetr\u00e4gerheizer Containerkessel Auf Gleitlagern montierte Kessel Unsere Mietkessel sind die aktuellsten vollautomatischen Modelle, oft brandneu und alle von zugelassenen Organisationen&#8230;<\/p>\n","protected":false},"author":1,"featured_media":0,"parent":50091,"menu_order":0,"comment_status":"closed","ping_status":"closed","template":"","meta":{"_acf_changed":false,"_relevanssi_hide_post":"","_relevanssi_hide_content":"","_relevanssi_pin_for_all":"","_relevanssi_pin_keywords":"","_relevanssi_unpin_keywords":"","_relevanssi_related_keywords":"","_relevanssi_related_include_ids":"","_relevanssi_related_exclude_ids":"","_relevanssi_related_no_append":"","_relevanssi_related_not_related":"","_relevanssi_related_posts":"","_relevanssi_noindex_reason":"","footnotes":""},"class_list":["post-50001","page","type-page","status-publish","hentry"],"acf":[],"yoast_head":"<!-- This site is optimized with the Yoast SEO Premium plugin v27.4 (Yoast SEO v27.4) - https:\/\/yoast.com\/product\/yoast-seo-premium-wordpress\/ -->\n<title>Kesselmiete - Babcock Wanson<\/title>\n<meta name=\"description\" content=\"Babcock Wanson bietet eine gro\u00dfe Auswahl an Mietkesseln an, um Ihren Energiebedarf in jeder Situation zu decken. Besuchen Sie uns, um mehr \u00fcber die Kesselmiete zu erfahren\" \/>\n<meta name=\"robots\" content=\"index, follow, max-snippet:-1, max-image-preview:large, max-video-preview:-1\" \/>\n<link rel=\"canonical\" href=\"https:\/\/www.babcock-wanson.com\/de\/unsere-dienstleistungen\/kesselmiete\/\" \/>\n<meta property=\"og:locale\" content=\"de_DE\" \/>\n<meta property=\"og:type\" content=\"article\" \/>\n<meta property=\"og:title\" content=\"Kesselmiete\" \/>\n<meta property=\"og:description\" content=\"Babcock Wanson bietet eine gro\u00dfe Auswahl an Mietkesseln an, um Ihren Energiebedarf in jeder Situation zu decken. Besuchen Sie uns, um mehr \u00fcber die Kesselmiete zu erfahren\" \/>\n<meta property=\"og:url\" content=\"https:\/\/www.babcock-wanson.com\/de\/unsere-dienstleistungen\/kesselmiete\/\" \/>\n<meta property=\"og:site_name\" content=\"Babcock Wanson\" \/>\n<meta property=\"article:modified_time\" content=\"2025-04-16T10:14:40+00:00\" \/>\n<meta property=\"og:image\" content=\"https:\/\/www.babcock-wanson.com\/wp-content\/uploads\/2024\/02\/Babcock-Wanson-1200x1200-1.png\" \/>\n\t<meta property=\"og:image:width\" content=\"1200\" \/>\n\t<meta property=\"og:image:height\" content=\"1200\" \/>\n\t<meta property=\"og:image:type\" content=\"image\/png\" \/>\n<meta name=\"twitter:card\" content=\"summary_large_image\" \/>\n<meta name=\"twitter:label1\" content=\"Est. reading time\" \/>\n\t<meta name=\"twitter:data1\" content=\"2 Minuten\" \/>\n<script type=\"application\/ld+json\" class=\"yoast-schema-graph\">{\"@context\":\"https:\\\/\\\/schema.org\",\"@graph\":[{\"@type\":\"WebPage\",\"@id\":\"https:\\\/\\\/www.babcock-wanson.com\\\/de\\\/unsere-dienstleistungen\\\/kesselmiete\\\/\",\"url\":\"https:\\\/\\\/www.babcock-wanson.com\\\/de\\\/unsere-dienstleistungen\\\/kesselmiete\\\/\",\"name\":\"Kesselmiete - Babcock Wanson\",\"isPartOf\":{\"@id\":\"https:\\\/\\\/www.babcock-wanson.com\\\/de\\\/#website\"},\"datePublished\":\"2025-01-17T09:20:44+00:00\",\"dateModified\":\"2025-04-16T10:14:40+00:00\",\"description\":\"Babcock Wanson bietet eine gro\u00dfe Auswahl an Mietkesseln an, um Ihren Energiebedarf in jeder Situation zu decken. Besuchen Sie uns, um mehr \u00fcber die Kesselmiete zu erfahren\",\"breadcrumb\":{\"@id\":\"https:\\\/\\\/www.babcock-wanson.com\\\/de\\\/unsere-dienstleistungen\\\/kesselmiete\\\/#breadcrumb\"},\"inLanguage\":\"de-DE\",\"potentialAction\":[{\"@type\":\"ReadAction\",\"target\":[\"https:\\\/\\\/www.babcock-wanson.com\\\/de\\\/unsere-dienstleistungen\\\/kesselmiete\\\/\"]}]},{\"@type\":\"BreadcrumbList\",\"@id\":\"https:\\\/\\\/www.babcock-wanson.com\\\/de\\\/unsere-dienstleistungen\\\/kesselmiete\\\/#breadcrumb\",\"itemListElement\":[{\"@type\":\"ListItem\",\"position\":1,\"name\":\"Inicio\",\"item\":\"https:\\\/\\\/www.babcock-wanson.com\\\/de\\\/\"},{\"@type\":\"ListItem\",\"position\":2,\"name\":\"Unsere Dienstleistungen\",\"item\":\"https:\\\/\\\/www.babcock-wanson.com\\\/de\\\/unsere-dienstleistungen\\\/\"},{\"@type\":\"ListItem\",\"position\":3,\"name\":\"Kesselmiete\"}]},{\"@type\":\"WebSite\",\"@id\":\"https:\\\/\\\/www.babcock-wanson.com\\\/de\\\/#website\",\"url\":\"https:\\\/\\\/www.babcock-wanson.com\\\/de\\\/\",\"name\":\"Babcock Wanson\",\"description\":\"\",\"publisher\":{\"@id\":\"https:\\\/\\\/www.babcock-wanson.com\\\/de\\\/#organization\"},\"potentialAction\":[{\"@type\":\"SearchAction\",\"target\":{\"@type\":\"EntryPoint\",\"urlTemplate\":\"https:\\\/\\\/www.babcock-wanson.com\\\/de\\\/?s={search_term_string}\"},\"query-input\":{\"@type\":\"PropertyValueSpecification\",\"valueRequired\":true,\"valueName\":\"search_term_string\"}}],\"inLanguage\":\"de-DE\"},{\"@type\":\"Organization\",\"@id\":\"https:\\\/\\\/www.babcock-wanson.com\\\/de\\\/#organization\",\"name\":\"Babcock Wanson\",\"url\":\"https:\\\/\\\/www.babcock-wanson.com\\\/de\\\/\",\"logo\":{\"@type\":\"ImageObject\",\"inLanguage\":\"de-DE\",\"@id\":\"https:\\\/\\\/www.babcock-wanson.com\\\/de\\\/#\\\/schema\\\/logo\\\/image\\\/\",\"url\":\"https:\\\/\\\/www.babcock-wanson.com\\\/wp-content\\\/uploads\\\/2024\\\/02\\\/Babcock-Wanson-1200x1200-1.png\",\"contentUrl\":\"https:\\\/\\\/www.babcock-wanson.com\\\/wp-content\\\/uploads\\\/2024\\\/02\\\/Babcock-Wanson-1200x1200-1.png\",\"width\":1200,\"height\":1200,\"caption\":\"Babcock Wanson\"},\"image\":{\"@id\":\"https:\\\/\\\/www.babcock-wanson.com\\\/de\\\/#\\\/schema\\\/logo\\\/image\\\/\"},\"sameAs\":[\"https:\\\/\\\/www.linkedin.com\\\/company\\\/babcock-wanson\\\/\",\"https:\\\/\\\/www.youtube.com\\\/channel\\\/UCtxl25VieBBsP2kYmtlyv7A\"]}]}<\/script>\n<!-- \/ Yoast SEO Premium plugin. -->","yoast_head_json":{"title":"Kesselmiete - Babcock Wanson","description":"Babcock Wanson bietet eine gro\u00dfe Auswahl an Mietkesseln an, um Ihren Energiebedarf in jeder Situation zu decken. Besuchen Sie uns, um mehr \u00fcber die Kesselmiete zu erfahren","robots":{"index":"index","follow":"follow","max-snippet":"max-snippet:-1","max-image-preview":"max-image-preview:large","max-video-preview":"max-video-preview:-1"},"canonical":"https:\/\/www.babcock-wanson.com\/de\/unsere-dienstleistungen\/kesselmiete\/","og_locale":"de_DE","og_type":"article","og_title":"Kesselmiete","og_description":"Babcock Wanson bietet eine gro\u00dfe Auswahl an Mietkesseln an, um Ihren Energiebedarf in jeder Situation zu decken. Besuchen Sie uns, um mehr \u00fcber die Kesselmiete zu erfahren","og_url":"https:\/\/www.babcock-wanson.com\/de\/unsere-dienstleistungen\/kesselmiete\/","og_site_name":"Babcock Wanson","article_modified_time":"2025-04-16T10:14:40+00:00","og_image":[{"width":1200,"height":1200,"url":"https:\/\/www.babcock-wanson.com\/wp-content\/uploads\/2024\/02\/Babcock-Wanson-1200x1200-1.png","type":"image\/png"}],"twitter_card":"summary_large_image","twitter_misc":{"Est. reading time":"2 Minuten"},"schema":{"@context":"https:\/\/schema.org","@graph":[{"@type":"WebPage","@id":"https:\/\/www.babcock-wanson.com\/de\/unsere-dienstleistungen\/kesselmiete\/","url":"https:\/\/www.babcock-wanson.com\/de\/unsere-dienstleistungen\/kesselmiete\/","name":"Kesselmiete - Babcock Wanson","isPartOf":{"@id":"https:\/\/www.babcock-wanson.com\/de\/#website"},"datePublished":"2025-01-17T09:20:44+00:00","dateModified":"2025-04-16T10:14:40+00:00","description":"Babcock Wanson bietet eine gro\u00dfe Auswahl an Mietkesseln an, um Ihren Energiebedarf in jeder Situation zu decken. Besuchen Sie uns, um mehr \u00fcber die Kesselmiete zu erfahren","breadcrumb":{"@id":"https:\/\/www.babcock-wanson.com\/de\/unsere-dienstleistungen\/kesselmiete\/#breadcrumb"},"inLanguage":"de-DE","potentialAction":[{"@type":"ReadAction","target":["https:\/\/www.babcock-wanson.com\/de\/unsere-dienstleistungen\/kesselmiete\/"]}]},{"@type":"BreadcrumbList","@id":"https:\/\/www.babcock-wanson.com\/de\/unsere-dienstleistungen\/kesselmiete\/#breadcrumb","itemListElement":[{"@type":"ListItem","position":1,"name":"Inicio","item":"https:\/\/www.babcock-wanson.com\/de\/"},{"@type":"ListItem","position":2,"name":"Unsere Dienstleistungen","item":"https:\/\/www.babcock-wanson.com\/de\/unsere-dienstleistungen\/"},{"@type":"ListItem","position":3,"name":"Kesselmiete"}]},{"@type":"WebSite","@id":"https:\/\/www.babcock-wanson.com\/de\/#website","url":"https:\/\/www.babcock-wanson.com\/de\/","name":"Babcock Wanson","description":"","publisher":{"@id":"https:\/\/www.babcock-wanson.com\/de\/#organization"},"potentialAction":[{"@type":"SearchAction","target":{"@type":"EntryPoint","urlTemplate":"https:\/\/www.babcock-wanson.com\/de\/?s={search_term_string}"},"query-input":{"@type":"PropertyValueSpecification","valueRequired":true,"valueName":"search_term_string"}}],"inLanguage":"de-DE"},{"@type":"Organization","@id":"https:\/\/www.babcock-wanson.com\/de\/#organization","name":"Babcock Wanson","url":"https:\/\/www.babcock-wanson.com\/de\/","logo":{"@type":"ImageObject","inLanguage":"de-DE","@id":"https:\/\/www.babcock-wanson.com\/de\/#\/schema\/logo\/image\/","url":"https:\/\/www.babcock-wanson.com\/wp-content\/uploads\/2024\/02\/Babcock-Wanson-1200x1200-1.png","contentUrl":"https:\/\/www.babcock-wanson.com\/wp-content\/uploads\/2024\/02\/Babcock-Wanson-1200x1200-1.png","width":1200,"height":1200,"caption":"Babcock Wanson"},"image":{"@id":"https:\/\/www.babcock-wanson.com\/de\/#\/schema\/logo\/image\/"},"sameAs":["https:\/\/www.linkedin.com\/company\/babcock-wanson\/","https:\/\/www.youtube.com\/channel\/UCtxl25VieBBsP2kYmtlyv7A"]}]}},"jetpack_sharing_enabled":true,"_links":{"self":[{"href":"https:\/\/www.babcock-wanson.com\/de\/wp-json\/wp\/v2\/pages\/50001","targetHints":{"allow":["GET"]}}],"collection":[{"href":"https:\/\/www.babcock-wanson.com\/de\/wp-json\/wp\/v2\/pages"}],"about":[{"href":"https:\/\/www.babcock-wanson.com\/de\/wp-json\/wp\/v2\/types\/page"}],"author":[{"embeddable":true,"href":"https:\/\/www.babcock-wanson.com\/de\/wp-json\/wp\/v2\/users\/1"}],"replies":[{"embeddable":true,"href":"https:\/\/www.babcock-wanson.com\/de\/wp-json\/wp\/v2\/comments?post=50001"}],"version-history":[{"count":3,"href":"https:\/\/www.babcock-wanson.com\/de\/wp-json\/wp\/v2\/pages\/50001\/revisions"}],"predecessor-version":[{"id":51845,"href":"https:\/\/www.babcock-wanson.com\/de\/wp-json\/wp\/v2\/pages\/50001\/revisions\/51845"}],"up":[{"embeddable":true,"href":"https:\/\/www.babcock-wanson.com\/de\/wp-json\/wp\/v2\/pages\/50091"}],"wp:attachment":[{"href":"https:\/\/www.babcock-wanson.com\/de\/wp-json\/wp\/v2\/media?parent=50001"}],"curies":[{"name":"wp","href":"https:\/\/api.w.org\/{rel}","templated":true}]}}