{"id":50002,"date":"2025-01-17T09:20:44","date_gmt":"2025-01-17T09:20:44","guid":{"rendered":"https:\/\/www.babcock-wanson.com\/unsere-industriezweige\/petrochemie-kraftwerksbranche\/"},"modified":"2025-12-11T14:39:19","modified_gmt":"2025-12-11T14:39:19","slug":"petrochemie-kraftwerksbranche","status":"publish","type":"page","link":"https:\/\/www.babcock-wanson.com\/de\/unsere-industriezweige\/petrochemie-kraftwerksbranche\/","title":{"rendered":"Petrochemie &amp; Kraftwerksbranche"},"content":{"rendered":"<div class=\"vgblk-rw-wrapper limit-wrapper\">\n<h2>\n\t\tKessel f\u00fcr die <strong>Petrochemie und Kraftwerksbranche<\/strong>\n\t<\/h2>\n\t<p>Die petrochemische Industrie basiert auf Kohlenwasserstoffen, die aus fossilen Brennstoffen und Biomasse gewonnen werden. Die Prozesse in diesem Industriezweig liefern Zwischenprodukte, die als Grundlage f\u00fcr die Herstellung vieler Alltagsgegenst\u00e4nde dienen. Zu den gespeicherten Energiequellen geh\u00f6ren Erd\u00f6l, Erdgas, Kohle, Kernenergie und erneuerbare Brennstoffe, zu den kinetischen Energiequellen wie Windturbinen und Wasserkraft geh\u00f6ren. Andere Energiequellen umfassen Photovoltaik-Technologien. Sie alle werden f\u00fcr die Erzeugung von elektrischer Energie in Kraftwerken genutzt<\/p>\n<h3>Produktempfehlungen<\/h3>\n<p>Babcock Wanson bietet Produkte f\u00fcr die Petrochemie und die Kraftwerksbranche an, wie z.B. <a href=\"https:\/\/www.babcock-wanson.com\/de\/products\/dampfkessel\/wasserrohrkessel\/\">Wasserrohrkessel<\/a>, <a href=\"https:\/\/www.babcock-wanson.com\/de\/produkt-kategorie\/flammrohrdampfkessel\/\">Flammrohrkessel<\/a> und <a href=\"https:\/\/www.babcock-wanson.com\/de\/products\/dampfkessel\/beheizte-dampfueberhitzer\/\">Dampf\u00fcberhitzer<\/a> sowie <a href=\"https:\/\/www.babcock-wanson.com\/de\/produkt-kategorie\/industriebrenner\/\">Industriebrenner<\/a>.<\/p>\n<p>Babcock Wanson verf\u00fcgt \u00fcber die Technologie zur Entwicklung und Herstellung von Hochleistungs- und Hochdruck-Dampfanlagen f\u00fcr Neubauten oder Anlagenmodernisierungen, die Wasserrohr-Hochleistungs-Flammrohrkessel erfordern.<\/p>\n<h3>Verf\u00fcgbare Dienstleistungen<\/h3>\n<ul>\n<li><strong>Reparaturen und Modernisierung<\/strong> Ihrer Kessel und Brenner: Wir verf\u00fcgen \u00fcber das Wissen und die Erfahrung, um Ihre derzeitige Ausr\u00fcstung und Ihre Prozesse im Kesselhaus zu \u00fcberpr\u00fcfen und Ihnen die geeignetste, modernste technologische L\u00f6sung zur Aufr\u00fcstung Ihrer Ausr\u00fcstung anzubieten.<\/li>\n<li>Babcock Wanson verf\u00fcgt \u00fcber Fachwissen bei der Reparatur von Kesseln und der <strong>Optimierung von Hochleistungskesseln<\/strong>. In einem ersten Schritt f\u00fchren wir vollst\u00e4ndige Energiebedarfspr\u00fcfungen durch, um Installationen zu optimieren oder zu warten, und anschlie\u00dfend Verbesserungs- oder Wartungsarbeiten auch unter schwierigsten Bedingungen durchzuf\u00fchren.<\/li>\n<li><strong>Kessel mieten:<\/strong> Babcock Wanson verf\u00fcgt \u00fcber eine Flotte von Mietdampfkesseln, um die spezifischen Bed\u00fcrfnisse Ihrer Dampfversorgung w\u00e4hrend der Wartung oder des Stillstands Ihrer Anlage zu erf\u00fcllen. Von der grundlegenden Dampferzeugung bis hin zu den Anforderungen an \u00fcberhitzten Dampf kann Babcock Wanson eine vor\u00fcbergehende L\u00f6sung bieten.<\/li>\n<\/ul>\n<h3>\n\t\tKessel f\u00fcr die Petrochemie- und Kraftwerksbranche <strong>Kunden<\/strong>\n\t<\/h3>\n\t\t\t\t\t\t\t<img loading=\"lazy\" decoding=\"async\" src=\"https:\/\/www.babcock-wanson.com\/wp-content\/uploads\/2019\/02\/schneider-logo.png\" alt=\"schneider-logo\" itemprop=\"image\" height=\"50\" width=\"125\" title=\"schneider-logo\" onerror=\"this.style.display='none'\"  sizes=\"auto, (max-width: 768px) 100vw, 100vw\"\/>\t\t\t\t\t\t\t\n\t\t\t\t\t\t\t<img loading=\"lazy\" decoding=\"async\" src=\"https:\/\/www.babcock-wanson.com\/wp-content\/uploads\/2019\/02\/shell-logo1.png\" alt=\"shell-logo\" itemprop=\"image\" height=\"50\" width=\"169\" title=\"shell-logo1\" onerror=\"this.style.display='none'\"  sizes=\"auto, (max-width: 768px) 100vw, 100vw\"\/>\t\t\t\t\t\t\t\n\t\t\t\t\t\t\t<img loading=\"lazy\" decoding=\"async\" src=\"https:\/\/www.babcock-wanson.com\/wp-content\/uploads\/2019\/02\/veolia-logo.png\" alt=\"veolia-logo\" itemprop=\"image\" height=\"50\" width=\"178\" title=\"veolia-logo\" onerror=\"this.style.display='none'\"  sizes=\"auto, (max-width: 768px) 100vw, 100vw\"\/>\t\t\t\t\t\t\t\n\t\t\t\t\t\t\t<img loading=\"lazy\" decoding=\"async\" src=\"https:\/\/www.babcock-wanson.com\/wp-content\/uploads\/2019\/02\/engie-cofely-logo.png\" alt=\"engie-cofely-logo\" itemprop=\"image\" height=\"50\" width=\"106\" title=\"engie-cofely-logo\" onerror=\"this.style.display='none'\"  sizes=\"auto, (max-width: 768px) 100vw, 100vw\"\/>\t\t\t\t\t\t\t\n\t\t\t\t\t\t\t<img loading=\"lazy\" decoding=\"async\" src=\"https:\/\/www.babcock-wanson.com\/wp-content\/uploads\/2019\/02\/sara-logo.png\" alt=\"sara-logo\" itemprop=\"image\" height=\"50\" width=\"74\" title=\"sara-logo\" onerror=\"this.style.display='none'\" \/>\t\t\t\t\t\t\t\n<h2>\n\tVerwandte <b>Produkte<\/b>\n\t<\/h2>\n\t\t\t\t\t\t<a href=\"https:\/\/www.babcock-wanson.com\/de\/products\/flammrohrdampfkessel\/bwd-serie\/\"><img width=\"420\" height=\"280\" src=\"https:\/\/www.babcock-wanson.com\/wp-content\/uploads\/2018\/08\/BWD-Fire-Tube-Boilers-4-420x280.png\" alt=\"BWD-Serie\" decoding=\"async\" loading=\"lazy\" srcset=\"https:\/\/www.babcock-wanson.com\/wp-content\/uploads\/2018\/08\/BWD-Fire-Tube-Boilers-4-420x280.png 420w, https:\/\/www.babcock-wanson.com\/wp-content\/uploads\/2018\/08\/BWD-Fire-Tube-Boilers-4-300x200.png 300w, https:\/\/www.babcock-wanson.com\/wp-content\/uploads\/2018\/08\/BWD-Fire-Tube-Boilers-4-315x210.png 315w, https:\/\/www.babcock-wanson.com\/wp-content\/uploads\/2018\/08\/BWD-Fire-Tube-Boilers-4-350x233.png 350w, https:\/\/www.babcock-wanson.com\/wp-content\/uploads\/2018\/08\/BWD-Fire-Tube-Boilers-4.png 600w\" sizes=\"auto, (min-width: 900px) 50vw, 100vw\" data-attachment-id=\"50028\" data-permalink=\"https:\/\/www.babcock-wanson.com\/de\/?attachment_id=50028\" data-orig-file=\"https:\/\/www.babcock-wanson.com\/wp-content\/uploads\/2018\/08\/BWD-Fire-Tube-Boilers-4.png\" data-orig-size=\"600,400\" data-comments-opened=\"0\" data-image-meta=\"{&quot;aperture&quot;:&quot;0&quot;,&quot;credit&quot;:&quot;&quot;,&quot;camera&quot;:&quot;&quot;,&quot;caption&quot;:&quot;&quot;,&quot;created_timestamp&quot;:&quot;0&quot;,&quot;copyright&quot;:&quot;&quot;,&quot;focal_length&quot;:&quot;0&quot;,&quot;iso&quot;:&quot;0&quot;,&quot;shutter_speed&quot;:&quot;0&quot;,&quot;title&quot;:&quot;&quot;,&quot;orientation&quot;:&quot;0&quot;}\" data-image-title=\"BWD-Fire-Tube-Boilers-4\" data-image-description=\"\" data-image-caption=\"\" data-medium-file=\"https:\/\/www.babcock-wanson.com\/wp-content\/uploads\/2018\/08\/BWD-Fire-Tube-Boilers-4-300x200.png\" data-large-file=\"https:\/\/www.babcock-wanson.com\/wp-content\/uploads\/2018\/08\/BWD-Fire-Tube-Boilers-4.png\" tabindex=\"0\" role=\"button\" \/><\/a><a href=\"https:\/\/www.babcock-wanson.com\/de\/products\/flammrohrdampfkessel\/bwd-serie\/\" data-quantity=\"1\" data-product_id=\"50027\" data-product_sku=\"\" aria-label=\"Lese mehr \u00fcber &#8222;BWD-Serie&#8220;\" rel=\"nofollow\" data-success_message=\"\">Mehr erfahren<\/a><a href=\"https:\/\/www.babcock-wanson.com\/de\/products\/flammrohrdampfkessel\/bwd-serie\/\"><h3>BWD-Serie<\/h3>\n\t\t<\/a>\n\t\t\t\t\t\t<a href=\"https:\/\/www.babcock-wanson.com\/de\/products\/warmetragerheizer\/epc-es-serie\/\"><img width=\"420\" height=\"280\" src=\"https:\/\/www.babcock-wanson.com\/wp-content\/uploads\/2018\/08\/EPC-ES-Thermal-Fluid-Heater-2-420x280.png\" alt=\"EPC-ES-Serie\" decoding=\"async\" loading=\"lazy\" srcset=\"https:\/\/www.babcock-wanson.com\/wp-content\/uploads\/2018\/08\/EPC-ES-Thermal-Fluid-Heater-2-420x280.png 420w, https:\/\/www.babcock-wanson.com\/wp-content\/uploads\/2018\/08\/EPC-ES-Thermal-Fluid-Heater-2-300x200.png 300w, https:\/\/www.babcock-wanson.com\/wp-content\/uploads\/2018\/08\/EPC-ES-Thermal-Fluid-Heater-2-315x210.png 315w, https:\/\/www.babcock-wanson.com\/wp-content\/uploads\/2018\/08\/EPC-ES-Thermal-Fluid-Heater-2.png 600w\" sizes=\"auto, (min-width: 900px) 50vw, 100vw\" data-attachment-id=\"50041\" data-permalink=\"https:\/\/www.babcock-wanson.com\/de\/2025\/01\/17\/die-alternative-zur-dampfherhitzung-in-brauereien\/epc-es-thermal-fluid-heater-2\/\" data-orig-file=\"https:\/\/www.babcock-wanson.com\/wp-content\/uploads\/2018\/08\/EPC-ES-Thermal-Fluid-Heater-2.png\" data-orig-size=\"600,400\" data-comments-opened=\"0\" data-image-meta=\"{&quot;aperture&quot;:&quot;0&quot;,&quot;credit&quot;:&quot;&quot;,&quot;camera&quot;:&quot;&quot;,&quot;caption&quot;:&quot;&quot;,&quot;created_timestamp&quot;:&quot;0&quot;,&quot;copyright&quot;:&quot;&quot;,&quot;focal_length&quot;:&quot;0&quot;,&quot;iso&quot;:&quot;0&quot;,&quot;shutter_speed&quot;:&quot;0&quot;,&quot;title&quot;:&quot;&quot;,&quot;orientation&quot;:&quot;0&quot;}\" data-image-title=\"EPC-ES-Thermal-Fluid-Heater-2\" data-image-description=\"\" data-image-caption=\"\" data-medium-file=\"https:\/\/www.babcock-wanson.com\/wp-content\/uploads\/2018\/08\/EPC-ES-Thermal-Fluid-Heater-2-300x200.png\" data-large-file=\"https:\/\/www.babcock-wanson.com\/wp-content\/uploads\/2018\/08\/EPC-ES-Thermal-Fluid-Heater-2.png\" tabindex=\"0\" role=\"button\" \/><\/a><a href=\"https:\/\/www.babcock-wanson.com\/de\/products\/warmetragerheizer\/epc-es-serie\/\" data-quantity=\"1\" data-product_id=\"50081\" data-product_sku=\"\" aria-label=\"Lese mehr \u00fcber &#8222;EPC-ES-Serie&#8220;\" rel=\"nofollow\" data-success_message=\"\">Mehr erfahren<\/a><a href=\"https:\/\/www.babcock-wanson.com\/de\/products\/warmetragerheizer\/epc-es-serie\/\"><h3>EPC-ES-Serie<\/h3>\n\t\t<\/a>\n\t\t\t\t\t\t<a href=\"https:\/\/www.babcock-wanson.com\/de\/products\/flammrohrdampfkessel\/bwr-serie\/\"><img width=\"420\" height=\"280\" src=\"https:\/\/www.babcock-wanson.com\/wp-content\/uploads\/2018\/08\/BWR-Fire-Tube-Boilers-2-420x280.png\" alt=\"BWR-Serie\" decoding=\"async\" loading=\"lazy\" srcset=\"https:\/\/www.babcock-wanson.com\/wp-content\/uploads\/2018\/08\/BWR-Fire-Tube-Boilers-2-420x280.png 420w, https:\/\/www.babcock-wanson.com\/wp-content\/uploads\/2018\/08\/BWR-Fire-Tube-Boilers-2-300x200.png 300w, https:\/\/www.babcock-wanson.com\/wp-content\/uploads\/2018\/08\/BWR-Fire-Tube-Boilers-2-315x210.png 315w, https:\/\/www.babcock-wanson.com\/wp-content\/uploads\/2018\/08\/BWR-Fire-Tube-Boilers-2.png 600w\" sizes=\"auto, (min-width: 900px) 50vw, 100vw\" data-attachment-id=\"50045\" data-permalink=\"https:\/\/www.babcock-wanson.com\/de\/?attachment_id=50045\" data-orig-file=\"https:\/\/www.babcock-wanson.com\/wp-content\/uploads\/2018\/08\/BWR-Fire-Tube-Boilers-2.png\" data-orig-size=\"600,400\" data-comments-opened=\"0\" data-image-meta=\"{&quot;aperture&quot;:&quot;0&quot;,&quot;credit&quot;:&quot;&quot;,&quot;camera&quot;:&quot;&quot;,&quot;caption&quot;:&quot;&quot;,&quot;created_timestamp&quot;:&quot;0&quot;,&quot;copyright&quot;:&quot;&quot;,&quot;focal_length&quot;:&quot;0&quot;,&quot;iso&quot;:&quot;0&quot;,&quot;shutter_speed&quot;:&quot;0&quot;,&quot;title&quot;:&quot;&quot;,&quot;orientation&quot;:&quot;0&quot;}\" data-image-title=\"BWR-Fire-Tube-Boilers-2\" data-image-description=\"\" data-image-caption=\"\" data-medium-file=\"https:\/\/www.babcock-wanson.com\/wp-content\/uploads\/2018\/08\/BWR-Fire-Tube-Boilers-2-300x200.png\" data-large-file=\"https:\/\/www.babcock-wanson.com\/wp-content\/uploads\/2018\/08\/BWR-Fire-Tube-Boilers-2.png\" tabindex=\"0\" role=\"button\" \/><\/a><a href=\"https:\/\/www.babcock-wanson.com\/de\/products\/flammrohrdampfkessel\/bwr-serie\/\" data-quantity=\"1\" data-product_id=\"50043\" data-product_sku=\"\" aria-label=\"Lese mehr \u00fcber &#8222;BWR-Serie&#8220;\" rel=\"nofollow\" data-success_message=\"\">Mehr erfahren<\/a><a href=\"https:\/\/www.babcock-wanson.com\/de\/products\/flammrohrdampfkessel\/bwr-serie\/\"><h3>BWR-Serie<\/h3>\n\t\t<\/a>\n\t\t\t\t\t\t<a href=\"https:\/\/www.babcock-wanson.com\/de\/products\/warmetragerheizer\/epc-h-serie\/\"><img width=\"420\" height=\"280\" src=\"https:\/\/www.babcock-wanson.com\/wp-content\/uploads\/2018\/08\/EPC-H-Thermal-Fluid-Heater-3-420x280.jpg\" alt=\"EPC-H-Serie\" decoding=\"async\" loading=\"lazy\" srcset=\"https:\/\/www.babcock-wanson.com\/wp-content\/uploads\/2018\/08\/EPC-H-Thermal-Fluid-Heater-3-420x280.jpg 420w, https:\/\/www.babcock-wanson.com\/wp-content\/uploads\/2018\/08\/EPC-H-Thermal-Fluid-Heater-3-300x200.jpg 300w, https:\/\/www.babcock-wanson.com\/wp-content\/uploads\/2018\/08\/EPC-H-Thermal-Fluid-Heater-3-315x210.jpg 315w, https:\/\/www.babcock-wanson.com\/wp-content\/uploads\/2018\/08\/EPC-H-Thermal-Fluid-Heater-3.jpg 600w\" sizes=\"auto, (min-width: 900px) 50vw, 100vw\" data-attachment-id=\"50087\" data-permalink=\"https:\/\/www.babcock-wanson.com\/de\/?attachment_id=50087\" data-orig-file=\"https:\/\/www.babcock-wanson.com\/wp-content\/uploads\/2018\/08\/EPC-H-Thermal-Fluid-Heater-3.jpg\" data-orig-size=\"600,400\" data-comments-opened=\"0\" data-image-meta=\"{&quot;aperture&quot;:&quot;0&quot;,&quot;credit&quot;:&quot;&quot;,&quot;camera&quot;:&quot;&quot;,&quot;caption&quot;:&quot;&quot;,&quot;created_timestamp&quot;:&quot;0&quot;,&quot;copyright&quot;:&quot;&quot;,&quot;focal_length&quot;:&quot;0&quot;,&quot;iso&quot;:&quot;0&quot;,&quot;shutter_speed&quot;:&quot;0&quot;,&quot;title&quot;:&quot;&quot;,&quot;orientation&quot;:&quot;0&quot;}\" data-image-title=\"EPC-H-Thermal-Fluid-Heater-3\" data-image-description=\"\" data-image-caption=\"\" data-medium-file=\"https:\/\/www.babcock-wanson.com\/wp-content\/uploads\/2018\/08\/EPC-H-Thermal-Fluid-Heater-3-300x200.jpg\" data-large-file=\"https:\/\/www.babcock-wanson.com\/wp-content\/uploads\/2018\/08\/EPC-H-Thermal-Fluid-Heater-3.jpg\" tabindex=\"0\" role=\"button\" \/><\/a><a href=\"https:\/\/www.babcock-wanson.com\/de\/products\/warmetragerheizer\/epc-h-serie\/\" data-quantity=\"1\" data-product_id=\"50086\" data-product_sku=\"\" aria-label=\"Lese mehr \u00fcber &#8222;EPC-H-Serie&#8220;\" rel=\"nofollow\" data-success_message=\"\">Mehr erfahren<\/a><a href=\"https:\/\/www.babcock-wanson.com\/de\/products\/warmetragerheizer\/epc-h-serie\/\"><h3>EPC-H-Serie<\/h3>\n\t\t<\/a>\n\n<\/div><!-- .vgblk-rw-wrapper -->","protected":false},"excerpt":{"rendered":"<p>Kessel f\u00fcr die Petrochemie und Kraftwerksbranche Die petrochemische Industrie basiert auf Kohlenwasserstoffen, die aus fossilen Brennstoffen und Biomasse gewonnen werden. Die Prozesse in diesem Industriezweig liefern Zwischenprodukte, die als Grundlage f\u00fcr die Herstellung vieler Alltagsgegenst\u00e4nde dienen. Zu den gespeicherten Energiequellen geh\u00f6ren Erd\u00f6l, Erdgas, Kohle, Kernenergie und erneuerbare Brennstoffe, zu den kinetischen Energiequellen wie Windturbinen und&#8230;<\/p>\n","protected":false},"author":1,"featured_media":0,"parent":49991,"menu_order":0,"comment_status":"closed","ping_status":"closed","template":"","meta":{"_acf_changed":false,"_relevanssi_hide_post":"","_relevanssi_hide_content":"","_relevanssi_pin_for_all":"","_relevanssi_pin_keywords":"","_relevanssi_unpin_keywords":"","_relevanssi_related_keywords":"","_relevanssi_related_include_ids":"","_relevanssi_related_exclude_ids":"","_relevanssi_related_no_append":"","_relevanssi_related_not_related":"","_relevanssi_related_posts":"","_relevanssi_noindex_reason":"","footnotes":""},"class_list":["post-50002","page","type-page","status-publish","hentry"],"acf":[],"yoast_head":"<!-- This site is optimized with the Yoast SEO Premium plugin v27.4 (Yoast SEO v27.4) - https:\/\/yoast.com\/product\/yoast-seo-premium-wordpress\/ -->\n<title>Petrochemie &amp; Kraftwerksbranche - Babcock Wanson<\/title>\n<meta name=\"description\" content=\"Babcock Wanson bietet Industriekessel f\u00fcr die Petrochemie und die Kraftwerksbranche an, die an die spezifischen Bed\u00fcrfnisse und Anforderungen dieser Industriezweige angepasst sind. Besuchen Sie uns und erfahren Sie mehr\" \/>\n<meta name=\"robots\" content=\"index, follow, max-snippet:-1, max-image-preview:large, max-video-preview:-1\" \/>\n<link rel=\"canonical\" href=\"https:\/\/www.babcock-wanson.com\/de\/unsere-industriezweige\/petrochemie-kraftwerksbranche\/\" \/>\n<meta property=\"og:locale\" content=\"de_DE\" \/>\n<meta property=\"og:type\" content=\"article\" \/>\n<meta property=\"og:title\" content=\"Petrochemie &amp; Kraftwerksbranche\" \/>\n<meta property=\"og:description\" content=\"Babcock Wanson bietet Industriekessel f\u00fcr die Petrochemie und die Kraftwerksbranche an, die an die spezifischen Bed\u00fcrfnisse und Anforderungen dieser Industriezweige angepasst sind. Besuchen Sie uns und erfahren Sie mehr\" \/>\n<meta property=\"og:url\" content=\"https:\/\/www.babcock-wanson.com\/de\/unsere-industriezweige\/petrochemie-kraftwerksbranche\/\" \/>\n<meta property=\"og:site_name\" content=\"Babcock Wanson\" \/>\n<meta property=\"article:modified_time\" content=\"2025-12-11T14:39:19+00:00\" \/>\n<meta property=\"og:image\" content=\"https:\/\/www.babcock-wanson.com\/wp-content\/uploads\/2019\/02\/schneider-logo.png\" \/>\n<meta name=\"twitter:card\" content=\"summary_large_image\" \/>\n<meta name=\"twitter:label1\" content=\"Est. reading time\" \/>\n\t<meta name=\"twitter:data1\" content=\"1 Minute\" \/>\n<script type=\"application\/ld+json\" class=\"yoast-schema-graph\">{\"@context\":\"https:\\\/\\\/schema.org\",\"@graph\":[{\"@type\":\"WebPage\",\"@id\":\"https:\\\/\\\/www.babcock-wanson.com\\\/de\\\/unsere-industriezweige\\\/petrochemie-kraftwerksbranche\\\/\",\"url\":\"https:\\\/\\\/www.babcock-wanson.com\\\/de\\\/unsere-industriezweige\\\/petrochemie-kraftwerksbranche\\\/\",\"name\":\"Petrochemie &amp; Kraftwerksbranche - Babcock Wanson\",\"isPartOf\":{\"@id\":\"https:\\\/\\\/www.babcock-wanson.com\\\/de\\\/#website\"},\"primaryImageOfPage\":{\"@id\":\"https:\\\/\\\/www.babcock-wanson.com\\\/de\\\/unsere-industriezweige\\\/petrochemie-kraftwerksbranche\\\/#primaryimage\"},\"image\":{\"@id\":\"https:\\\/\\\/www.babcock-wanson.com\\\/de\\\/unsere-industriezweige\\\/petrochemie-kraftwerksbranche\\\/#primaryimage\"},\"thumbnailUrl\":\"https:\\\/\\\/www.babcock-wanson.com\\\/wp-content\\\/uploads\\\/2019\\\/02\\\/schneider-logo.png\",\"datePublished\":\"2025-01-17T09:20:44+00:00\",\"dateModified\":\"2025-12-11T14:39:19+00:00\",\"description\":\"Babcock Wanson bietet Industriekessel f\u00fcr die Petrochemie und die Kraftwerksbranche an, die an die spezifischen Bed\u00fcrfnisse und Anforderungen dieser Industriezweige angepasst sind. Besuchen Sie uns und erfahren Sie mehr\",\"breadcrumb\":{\"@id\":\"https:\\\/\\\/www.babcock-wanson.com\\\/de\\\/unsere-industriezweige\\\/petrochemie-kraftwerksbranche\\\/#breadcrumb\"},\"inLanguage\":\"de-DE\",\"potentialAction\":[{\"@type\":\"ReadAction\",\"target\":[\"https:\\\/\\\/www.babcock-wanson.com\\\/de\\\/unsere-industriezweige\\\/petrochemie-kraftwerksbranche\\\/\"]}]},{\"@type\":\"ImageObject\",\"inLanguage\":\"de-DE\",\"@id\":\"https:\\\/\\\/www.babcock-wanson.com\\\/de\\\/unsere-industriezweige\\\/petrochemie-kraftwerksbranche\\\/#primaryimage\",\"url\":\"https:\\\/\\\/www.babcock-wanson.com\\\/wp-content\\\/uploads\\\/2019\\\/02\\\/schneider-logo.png\",\"contentUrl\":\"https:\\\/\\\/www.babcock-wanson.com\\\/wp-content\\\/uploads\\\/2019\\\/02\\\/schneider-logo.png\"},{\"@type\":\"BreadcrumbList\",\"@id\":\"https:\\\/\\\/www.babcock-wanson.com\\\/de\\\/unsere-industriezweige\\\/petrochemie-kraftwerksbranche\\\/#breadcrumb\",\"itemListElement\":[{\"@type\":\"ListItem\",\"position\":1,\"name\":\"Inicio\",\"item\":\"https:\\\/\\\/www.babcock-wanson.com\\\/de\\\/\"},{\"@type\":\"ListItem\",\"position\":2,\"name\":\"Unsere Industriezweige\",\"item\":\"https:\\\/\\\/www.babcock-wanson.com\\\/de\\\/unsere-industriezweige\\\/\"},{\"@type\":\"ListItem\",\"position\":3,\"name\":\"Petrochemie &amp; Kraftwerksbranche\"}]},{\"@type\":\"WebSite\",\"@id\":\"https:\\\/\\\/www.babcock-wanson.com\\\/de\\\/#website\",\"url\":\"https:\\\/\\\/www.babcock-wanson.com\\\/de\\\/\",\"name\":\"Babcock Wanson\",\"description\":\"\",\"publisher\":{\"@id\":\"https:\\\/\\\/www.babcock-wanson.com\\\/de\\\/#organization\"},\"potentialAction\":[{\"@type\":\"SearchAction\",\"target\":{\"@type\":\"EntryPoint\",\"urlTemplate\":\"https:\\\/\\\/www.babcock-wanson.com\\\/de\\\/?s={search_term_string}\"},\"query-input\":{\"@type\":\"PropertyValueSpecification\",\"valueRequired\":true,\"valueName\":\"search_term_string\"}}],\"inLanguage\":\"de-DE\"},{\"@type\":\"Organization\",\"@id\":\"https:\\\/\\\/www.babcock-wanson.com\\\/de\\\/#organization\",\"name\":\"Babcock Wanson\",\"url\":\"https:\\\/\\\/www.babcock-wanson.com\\\/de\\\/\",\"logo\":{\"@type\":\"ImageObject\",\"inLanguage\":\"de-DE\",\"@id\":\"https:\\\/\\\/www.babcock-wanson.com\\\/de\\\/#\\\/schema\\\/logo\\\/image\\\/\",\"url\":\"https:\\\/\\\/www.babcock-wanson.com\\\/wp-content\\\/uploads\\\/2024\\\/02\\\/Babcock-Wanson-1200x1200-1.png\",\"contentUrl\":\"https:\\\/\\\/www.babcock-wanson.com\\\/wp-content\\\/uploads\\\/2024\\\/02\\\/Babcock-Wanson-1200x1200-1.png\",\"width\":1200,\"height\":1200,\"caption\":\"Babcock Wanson\"},\"image\":{\"@id\":\"https:\\\/\\\/www.babcock-wanson.com\\\/de\\\/#\\\/schema\\\/logo\\\/image\\\/\"},\"sameAs\":[\"https:\\\/\\\/www.linkedin.com\\\/company\\\/babcock-wanson\\\/\",\"https:\\\/\\\/www.youtube.com\\\/channel\\\/UCtxl25VieBBsP2kYmtlyv7A\"]}]}<\/script>\n<!-- \/ Yoast SEO Premium plugin. -->","yoast_head_json":{"title":"Petrochemie &amp; Kraftwerksbranche - Babcock Wanson","description":"Babcock Wanson bietet Industriekessel f\u00fcr die Petrochemie und die Kraftwerksbranche an, die an die spezifischen Bed\u00fcrfnisse und Anforderungen dieser Industriezweige angepasst sind. Besuchen Sie uns und erfahren Sie mehr","robots":{"index":"index","follow":"follow","max-snippet":"max-snippet:-1","max-image-preview":"max-image-preview:large","max-video-preview":"max-video-preview:-1"},"canonical":"https:\/\/www.babcock-wanson.com\/de\/unsere-industriezweige\/petrochemie-kraftwerksbranche\/","og_locale":"de_DE","og_type":"article","og_title":"Petrochemie &amp; Kraftwerksbranche","og_description":"Babcock Wanson bietet Industriekessel f\u00fcr die Petrochemie und die Kraftwerksbranche an, die an die spezifischen Bed\u00fcrfnisse und Anforderungen dieser Industriezweige angepasst sind. Besuchen Sie uns und erfahren Sie mehr","og_url":"https:\/\/www.babcock-wanson.com\/de\/unsere-industriezweige\/petrochemie-kraftwerksbranche\/","og_site_name":"Babcock Wanson","article_modified_time":"2025-12-11T14:39:19+00:00","og_image":[{"url":"https:\/\/www.babcock-wanson.com\/wp-content\/uploads\/2019\/02\/schneider-logo.png","type":"","width":"","height":""}],"twitter_card":"summary_large_image","twitter_misc":{"Est. reading time":"1 Minute"},"schema":{"@context":"https:\/\/schema.org","@graph":[{"@type":"WebPage","@id":"https:\/\/www.babcock-wanson.com\/de\/unsere-industriezweige\/petrochemie-kraftwerksbranche\/","url":"https:\/\/www.babcock-wanson.com\/de\/unsere-industriezweige\/petrochemie-kraftwerksbranche\/","name":"Petrochemie &amp; Kraftwerksbranche - Babcock Wanson","isPartOf":{"@id":"https:\/\/www.babcock-wanson.com\/de\/#website"},"primaryImageOfPage":{"@id":"https:\/\/www.babcock-wanson.com\/de\/unsere-industriezweige\/petrochemie-kraftwerksbranche\/#primaryimage"},"image":{"@id":"https:\/\/www.babcock-wanson.com\/de\/unsere-industriezweige\/petrochemie-kraftwerksbranche\/#primaryimage"},"thumbnailUrl":"https:\/\/www.babcock-wanson.com\/wp-content\/uploads\/2019\/02\/schneider-logo.png","datePublished":"2025-01-17T09:20:44+00:00","dateModified":"2025-12-11T14:39:19+00:00","description":"Babcock Wanson bietet Industriekessel f\u00fcr die Petrochemie und die Kraftwerksbranche an, die an die spezifischen Bed\u00fcrfnisse und Anforderungen dieser Industriezweige angepasst sind. Besuchen Sie uns und erfahren Sie mehr","breadcrumb":{"@id":"https:\/\/www.babcock-wanson.com\/de\/unsere-industriezweige\/petrochemie-kraftwerksbranche\/#breadcrumb"},"inLanguage":"de-DE","potentialAction":[{"@type":"ReadAction","target":["https:\/\/www.babcock-wanson.com\/de\/unsere-industriezweige\/petrochemie-kraftwerksbranche\/"]}]},{"@type":"ImageObject","inLanguage":"de-DE","@id":"https:\/\/www.babcock-wanson.com\/de\/unsere-industriezweige\/petrochemie-kraftwerksbranche\/#primaryimage","url":"https:\/\/www.babcock-wanson.com\/wp-content\/uploads\/2019\/02\/schneider-logo.png","contentUrl":"https:\/\/www.babcock-wanson.com\/wp-content\/uploads\/2019\/02\/schneider-logo.png"},{"@type":"BreadcrumbList","@id":"https:\/\/www.babcock-wanson.com\/de\/unsere-industriezweige\/petrochemie-kraftwerksbranche\/#breadcrumb","itemListElement":[{"@type":"ListItem","position":1,"name":"Inicio","item":"https:\/\/www.babcock-wanson.com\/de\/"},{"@type":"ListItem","position":2,"name":"Unsere Industriezweige","item":"https:\/\/www.babcock-wanson.com\/de\/unsere-industriezweige\/"},{"@type":"ListItem","position":3,"name":"Petrochemie &amp; Kraftwerksbranche"}]},{"@type":"WebSite","@id":"https:\/\/www.babcock-wanson.com\/de\/#website","url":"https:\/\/www.babcock-wanson.com\/de\/","name":"Babcock Wanson","description":"","publisher":{"@id":"https:\/\/www.babcock-wanson.com\/de\/#organization"},"potentialAction":[{"@type":"SearchAction","target":{"@type":"EntryPoint","urlTemplate":"https:\/\/www.babcock-wanson.com\/de\/?s={search_term_string}"},"query-input":{"@type":"PropertyValueSpecification","valueRequired":true,"valueName":"search_term_string"}}],"inLanguage":"de-DE"},{"@type":"Organization","@id":"https:\/\/www.babcock-wanson.com\/de\/#organization","name":"Babcock Wanson","url":"https:\/\/www.babcock-wanson.com\/de\/","logo":{"@type":"ImageObject","inLanguage":"de-DE","@id":"https:\/\/www.babcock-wanson.com\/de\/#\/schema\/logo\/image\/","url":"https:\/\/www.babcock-wanson.com\/wp-content\/uploads\/2024\/02\/Babcock-Wanson-1200x1200-1.png","contentUrl":"https:\/\/www.babcock-wanson.com\/wp-content\/uploads\/2024\/02\/Babcock-Wanson-1200x1200-1.png","width":1200,"height":1200,"caption":"Babcock Wanson"},"image":{"@id":"https:\/\/www.babcock-wanson.com\/de\/#\/schema\/logo\/image\/"},"sameAs":["https:\/\/www.linkedin.com\/company\/babcock-wanson\/","https:\/\/www.youtube.com\/channel\/UCtxl25VieBBsP2kYmtlyv7A"]}]}},"jetpack_sharing_enabled":true,"_links":{"self":[{"href":"https:\/\/www.babcock-wanson.com\/de\/wp-json\/wp\/v2\/pages\/50002","targetHints":{"allow":["GET"]}}],"collection":[{"href":"https:\/\/www.babcock-wanson.com\/de\/wp-json\/wp\/v2\/pages"}],"about":[{"href":"https:\/\/www.babcock-wanson.com\/de\/wp-json\/wp\/v2\/types\/page"}],"author":[{"embeddable":true,"href":"https:\/\/www.babcock-wanson.com\/de\/wp-json\/wp\/v2\/users\/1"}],"replies":[{"embeddable":true,"href":"https:\/\/www.babcock-wanson.com\/de\/wp-json\/wp\/v2\/comments?post=50002"}],"version-history":[{"count":3,"href":"https:\/\/www.babcock-wanson.com\/de\/wp-json\/wp\/v2\/pages\/50002\/revisions"}],"predecessor-version":[{"id":53201,"href":"https:\/\/www.babcock-wanson.com\/de\/wp-json\/wp\/v2\/pages\/50002\/revisions\/53201"}],"up":[{"embeddable":true,"href":"https:\/\/www.babcock-wanson.com\/de\/wp-json\/wp\/v2\/pages\/49991"}],"wp:attachment":[{"href":"https:\/\/www.babcock-wanson.com\/de\/wp-json\/wp\/v2\/media?parent=50002"}],"curies":[{"name":"wp","href":"https:\/\/api.w.org\/{rel}","templated":true}]}}