{"id":50014,"date":"2025-01-17T09:20:46","date_gmt":"2025-01-17T09:20:46","guid":{"rendered":"https:\/\/www.babcock-wanson.com\/unsere-industriezweige\/sonstige-industriezweige\/"},"modified":"2025-01-17T09:20:46","modified_gmt":"2025-01-17T09:20:46","slug":"sonstige-industriezweige","status":"publish","type":"page","link":"https:\/\/www.babcock-wanson.com\/de\/unsere-industriezweige\/sonstige-industriezweige\/","title":{"rendered":"Sonstige Industriezweige"},"content":{"rendered":"","protected":false},"excerpt":{"rendered":"","protected":false},"author":1,"featured_media":0,"parent":49991,"menu_order":0,"comment_status":"closed","ping_status":"closed","template":"","meta":{"_acf_changed":false,"_relevanssi_hide_post":"","_relevanssi_hide_content":"","_relevanssi_pin_for_all":"","_relevanssi_pin_keywords":"","_relevanssi_unpin_keywords":"","_relevanssi_related_keywords":"","_relevanssi_related_include_ids":"","_relevanssi_related_exclude_ids":"","_relevanssi_related_no_append":"","_relevanssi_related_not_related":"","_relevanssi_related_posts":"","_relevanssi_noindex_reason":"","footnotes":""},"class_list":["post-50014","page","type-page","status-publish","hentry"],"acf":[],"yoast_head":"<!-- This site is optimized with the Yoast SEO Premium plugin v27.1 (Yoast SEO v27.1.1) - https:\/\/yoast.com\/product\/yoast-seo-premium-wordpress\/ -->\n<title>Sonstige Industriezweige - Babcock Wanson<\/title>\n<meta name=\"description\" content=\"Babcock Wanson-Ausr\u00fcstungen und -Dienstleistungen erm\u00f6glichen es, den Wartungsaufwand zu reduzieren und die beste Rendite f\u00fcr Ihre Investition zu erzielen. Besuchen Sie uns, um mehr zu erfahren\" \/>\n<meta name=\"robots\" content=\"index, follow, max-snippet:-1, max-image-preview:large, max-video-preview:-1\" \/>\n<link rel=\"canonical\" href=\"https:\/\/www.babcock-wanson.com\/de\/unsere-industriezweige\/sonstige-industriezweige\/\" \/>\n<meta property=\"og:locale\" content=\"de_DE\" \/>\n<meta property=\"og:type\" content=\"article\" \/>\n<meta property=\"og:title\" content=\"Sonstige Industriezweige\" \/>\n<meta property=\"og:description\" content=\"Babcock Wanson-Ausr\u00fcstungen und -Dienstleistungen erm\u00f6glichen es, den Wartungsaufwand zu reduzieren und die beste Rendite f\u00fcr Ihre Investition zu erzielen. Besuchen Sie uns, um mehr zu erfahren\" \/>\n<meta property=\"og:url\" content=\"https:\/\/www.babcock-wanson.com\/de\/unsere-industriezweige\/sonstige-industriezweige\/\" \/>\n<meta property=\"og:site_name\" content=\"Babcock Wanson\" \/>\n<meta property=\"og:image\" content=\"https:\/\/www.babcock-wanson.com\/wp-content\/uploads\/2024\/02\/Babcock-Wanson-1200x1200-1.png\" \/>\n\t<meta property=\"og:image:width\" content=\"1200\" \/>\n\t<meta property=\"og:image:height\" content=\"1200\" \/>\n\t<meta property=\"og:image:type\" content=\"image\/png\" \/>\n<meta name=\"twitter:card\" content=\"summary_large_image\" \/>\n<script type=\"application\/ld+json\" class=\"yoast-schema-graph\">{\"@context\":\"https:\/\/schema.org\",\"@graph\":[{\"@type\":\"WebPage\",\"@id\":\"https:\/\/www.babcock-wanson.com\/de\/unsere-industriezweige\/sonstige-industriezweige\/\",\"url\":\"https:\/\/www.babcock-wanson.com\/de\/unsere-industriezweige\/sonstige-industriezweige\/\",\"name\":\"Sonstige Industriezweige - Babcock Wanson\",\"isPartOf\":{\"@id\":\"https:\/\/www.babcock-wanson.com\/de\/#website\"},\"datePublished\":\"2025-01-17T09:20:46+00:00\",\"description\":\"Babcock Wanson-Ausr\u00fcstungen und -Dienstleistungen erm\u00f6glichen es, den Wartungsaufwand zu reduzieren und die beste Rendite f\u00fcr Ihre Investition zu erzielen. Besuchen Sie uns, um mehr zu erfahren\",\"breadcrumb\":{\"@id\":\"https:\/\/www.babcock-wanson.com\/de\/unsere-industriezweige\/sonstige-industriezweige\/#breadcrumb\"},\"inLanguage\":\"de-DE\",\"potentialAction\":[{\"@type\":\"ReadAction\",\"target\":[\"https:\/\/www.babcock-wanson.com\/de\/unsere-industriezweige\/sonstige-industriezweige\/\"]}]},{\"@type\":\"BreadcrumbList\",\"@id\":\"https:\/\/www.babcock-wanson.com\/de\/unsere-industriezweige\/sonstige-industriezweige\/#breadcrumb\",\"itemListElement\":[{\"@type\":\"ListItem\",\"position\":1,\"name\":\"Inicio\",\"item\":\"https:\/\/www.babcock-wanson.com\/de\/\"},{\"@type\":\"ListItem\",\"position\":2,\"name\":\"Unsere Industriezweige\",\"item\":\"https:\/\/www.babcock-wanson.com\/de\/unsere-industriezweige\/\"},{\"@type\":\"ListItem\",\"position\":3,\"name\":\"Sonstige Industriezweige\"}]},{\"@type\":\"WebSite\",\"@id\":\"https:\/\/www.babcock-wanson.com\/de\/#website\",\"url\":\"https:\/\/www.babcock-wanson.com\/de\/\",\"name\":\"Babcock Wanson\",\"description\":\"\",\"publisher\":{\"@id\":\"https:\/\/www.babcock-wanson.com\/de\/#organization\"},\"potentialAction\":[{\"@type\":\"SearchAction\",\"target\":{\"@type\":\"EntryPoint\",\"urlTemplate\":\"https:\/\/www.babcock-wanson.com\/de\/?s={search_term_string}\"},\"query-input\":{\"@type\":\"PropertyValueSpecification\",\"valueRequired\":true,\"valueName\":\"search_term_string\"}}],\"inLanguage\":\"de-DE\"},{\"@type\":\"Organization\",\"@id\":\"https:\/\/www.babcock-wanson.com\/de\/#organization\",\"name\":\"Babcock Wanson\",\"url\":\"https:\/\/www.babcock-wanson.com\/de\/\",\"logo\":{\"@type\":\"ImageObject\",\"inLanguage\":\"de-DE\",\"@id\":\"https:\/\/www.babcock-wanson.com\/de\/#\/schema\/logo\/image\/\",\"url\":\"https:\/\/www.babcock-wanson.com\/wp-content\/uploads\/2024\/02\/Babcock-Wanson-1200x1200-1.png\",\"contentUrl\":\"https:\/\/www.babcock-wanson.com\/wp-content\/uploads\/2024\/02\/Babcock-Wanson-1200x1200-1.png\",\"width\":1200,\"height\":1200,\"caption\":\"Babcock Wanson\"},\"image\":{\"@id\":\"https:\/\/www.babcock-wanson.com\/de\/#\/schema\/logo\/image\/\"},\"sameAs\":[\"https:\/\/www.linkedin.com\/company\/babcock-wanson\/\",\"https:\/\/www.youtube.com\/channel\/UCtxl25VieBBsP2kYmtlyv7A\"]}]}<\/script>\n<!-- \/ Yoast SEO Premium plugin. -->","yoast_head_json":{"title":"Sonstige Industriezweige - Babcock Wanson","description":"Babcock Wanson-Ausr\u00fcstungen und -Dienstleistungen erm\u00f6glichen es, den Wartungsaufwand zu reduzieren und die beste Rendite f\u00fcr Ihre Investition zu erzielen. Besuchen Sie uns, um mehr zu erfahren","robots":{"index":"index","follow":"follow","max-snippet":"max-snippet:-1","max-image-preview":"max-image-preview:large","max-video-preview":"max-video-preview:-1"},"canonical":"https:\/\/www.babcock-wanson.com\/de\/unsere-industriezweige\/sonstige-industriezweige\/","og_locale":"de_DE","og_type":"article","og_title":"Sonstige Industriezweige","og_description":"Babcock Wanson-Ausr\u00fcstungen und -Dienstleistungen erm\u00f6glichen es, den Wartungsaufwand zu reduzieren und die beste Rendite f\u00fcr Ihre Investition zu erzielen. Besuchen Sie uns, um mehr zu erfahren","og_url":"https:\/\/www.babcock-wanson.com\/de\/unsere-industriezweige\/sonstige-industriezweige\/","og_site_name":"Babcock Wanson","og_image":[{"width":1200,"height":1200,"url":"https:\/\/www.babcock-wanson.com\/wp-content\/uploads\/2024\/02\/Babcock-Wanson-1200x1200-1.png","type":"image\/png"}],"twitter_card":"summary_large_image","schema":{"@context":"https:\/\/schema.org","@graph":[{"@type":"WebPage","@id":"https:\/\/www.babcock-wanson.com\/de\/unsere-industriezweige\/sonstige-industriezweige\/","url":"https:\/\/www.babcock-wanson.com\/de\/unsere-industriezweige\/sonstige-industriezweige\/","name":"Sonstige Industriezweige - Babcock Wanson","isPartOf":{"@id":"https:\/\/www.babcock-wanson.com\/de\/#website"},"datePublished":"2025-01-17T09:20:46+00:00","description":"Babcock Wanson-Ausr\u00fcstungen und -Dienstleistungen erm\u00f6glichen es, den Wartungsaufwand zu reduzieren und die beste Rendite f\u00fcr Ihre Investition zu erzielen. Besuchen Sie uns, um mehr zu erfahren","breadcrumb":{"@id":"https:\/\/www.babcock-wanson.com\/de\/unsere-industriezweige\/sonstige-industriezweige\/#breadcrumb"},"inLanguage":"de-DE","potentialAction":[{"@type":"ReadAction","target":["https:\/\/www.babcock-wanson.com\/de\/unsere-industriezweige\/sonstige-industriezweige\/"]}]},{"@type":"BreadcrumbList","@id":"https:\/\/www.babcock-wanson.com\/de\/unsere-industriezweige\/sonstige-industriezweige\/#breadcrumb","itemListElement":[{"@type":"ListItem","position":1,"name":"Inicio","item":"https:\/\/www.babcock-wanson.com\/de\/"},{"@type":"ListItem","position":2,"name":"Unsere Industriezweige","item":"https:\/\/www.babcock-wanson.com\/de\/unsere-industriezweige\/"},{"@type":"ListItem","position":3,"name":"Sonstige Industriezweige"}]},{"@type":"WebSite","@id":"https:\/\/www.babcock-wanson.com\/de\/#website","url":"https:\/\/www.babcock-wanson.com\/de\/","name":"Babcock Wanson","description":"","publisher":{"@id":"https:\/\/www.babcock-wanson.com\/de\/#organization"},"potentialAction":[{"@type":"SearchAction","target":{"@type":"EntryPoint","urlTemplate":"https:\/\/www.babcock-wanson.com\/de\/?s={search_term_string}"},"query-input":{"@type":"PropertyValueSpecification","valueRequired":true,"valueName":"search_term_string"}}],"inLanguage":"de-DE"},{"@type":"Organization","@id":"https:\/\/www.babcock-wanson.com\/de\/#organization","name":"Babcock Wanson","url":"https:\/\/www.babcock-wanson.com\/de\/","logo":{"@type":"ImageObject","inLanguage":"de-DE","@id":"https:\/\/www.babcock-wanson.com\/de\/#\/schema\/logo\/image\/","url":"https:\/\/www.babcock-wanson.com\/wp-content\/uploads\/2024\/02\/Babcock-Wanson-1200x1200-1.png","contentUrl":"https:\/\/www.babcock-wanson.com\/wp-content\/uploads\/2024\/02\/Babcock-Wanson-1200x1200-1.png","width":1200,"height":1200,"caption":"Babcock Wanson"},"image":{"@id":"https:\/\/www.babcock-wanson.com\/de\/#\/schema\/logo\/image\/"},"sameAs":["https:\/\/www.linkedin.com\/company\/babcock-wanson\/","https:\/\/www.youtube.com\/channel\/UCtxl25VieBBsP2kYmtlyv7A"]}]}},"jetpack_sharing_enabled":true,"_links":{"self":[{"href":"https:\/\/www.babcock-wanson.com\/de\/wp-json\/wp\/v2\/pages\/50014","targetHints":{"allow":["GET"]}}],"collection":[{"href":"https:\/\/www.babcock-wanson.com\/de\/wp-json\/wp\/v2\/pages"}],"about":[{"href":"https:\/\/www.babcock-wanson.com\/de\/wp-json\/wp\/v2\/types\/page"}],"author":[{"embeddable":true,"href":"https:\/\/www.babcock-wanson.com\/de\/wp-json\/wp\/v2\/users\/1"}],"replies":[{"embeddable":true,"href":"https:\/\/www.babcock-wanson.com\/de\/wp-json\/wp\/v2\/comments?post=50014"}],"version-history":[{"count":0,"href":"https:\/\/www.babcock-wanson.com\/de\/wp-json\/wp\/v2\/pages\/50014\/revisions"}],"up":[{"embeddable":true,"href":"https:\/\/www.babcock-wanson.com\/de\/wp-json\/wp\/v2\/pages\/49991"}],"wp:attachment":[{"href":"https:\/\/www.babcock-wanson.com\/de\/wp-json\/wp\/v2\/media?parent=50014"}],"curies":[{"name":"wp","href":"https:\/\/api.w.org\/{rel}","templated":true}]}}