{"id":50091,"date":"2025-01-17T09:33:41","date_gmt":"2025-01-17T09:33:41","guid":{"rendered":"https:\/\/www.babcock-wanson.com\/unsere-dienstleistungen\/"},"modified":"2025-04-17T09:40:07","modified_gmt":"2025-04-17T08:40:07","slug":"unsere-dienstleistungen","status":"publish","type":"page","link":"https:\/\/www.babcock-wanson.com\/de\/unsere-dienstleistungen\/","title":{"rendered":"Unsere Dienstleistungen"},"content":{"rendered":"<div class=\"vgblk-rw-wrapper limit-wrapper\">\r\n\r\n\t<h2>Das Engagement von <strong>Babcock Wanson<\/strong> f\u00fcr Qualit\u00e4t geht weit \u00fcber das eigentliche Produkt hinaus.<\/h2>\r\n<h4>Unser Dienstleistungsangebot ist darauf ausgelegt, Ihnen die bestm\u00f6gliche Kundendienstunterst\u00fctzung zu bieten, egal ob Sie lediglich ein Ersatzteil ben\u00f6tigen, einen Wartungsdienstleistungsvertrag abschlie\u00dfen m\u00f6chten, eine Schulung w\u00fcnschen oder eine komplette Kesselraumsanierung ben\u00f6tigen.<\/h4>\r\n\t<h4>Unser Ziel ist es, sicherzustellen, dass die von Babcock Wanson gelieferte und gewartete Ausr\u00fcstung so lange wie m\u00f6glich mit minimalen Ausfallzeiten so effizient wie m\u00f6glich l\u00e4uft.<\/h4>\r\n<h4>Dar\u00fcber hinaus bieten wir einen innovativen Kesselmietdienst an, damit der Energiebedarf unserer Kunden in jeder Situation gedeckt werden kann. Eine breite Palette von Kesseln bis zu 12.000 kW steht zur Verf\u00fcgung, einschlie\u00dflich W\u00e4rmetr\u00e4gerheizsysteme.<br \/>\r\n<\/h4>\r\n<h3>\r\n\t\t\t<a href=\"https:\/\/www.babcock-wanson.com\/services\/after-sales-service\/\" title=\"Kundendienstleistungen\" target=\"_self\">\r\n\tKundendienstleistungen\r\n\t\t\t<\/a>\r\n\t<\/h3>\r\n<p>Unser erfahrenes Team an Wartungsingenieuren ist hochqualifiziert und geschult, um auf alle Wartungsanforderungen Ihres Kesselhaus reagieren zu k\u00f6nnen.<\/p>\r\n\t<a href=\"https:\/\/www.babcock-wanson.com\/de\/unsere-dienstleistungen\/kundendienst\/\" target=\"_self\" role=\"button\">\r\n\t\t\t\t\tMehr erfahren\r\n\t<\/a>\r\n<h3>\r\n\tKesselsanierung\r\n\t<\/h3>\r\n\t<p>Wir bieten Ihnen attraktive Dienstleistungen in Sachen Sanierung und Modernisierungsdienstleistungen f\u00fcr alle Dampf-, Hei\u00dfwasser- und W\u00e4rmetr\u00e4germediumkessel sowie Ihrer gesamten Kesselhausinstallation.<\/p>\r\n\t<a href=\"https:\/\/www.babcock-wanson.com\/de\/unsere-dienstleistungen\/kesselsanierung-modernisierung\/\" target=\"_self\" role=\"button\">\r\n\t\t\t\t\tMehr erfahren\r\n\t<\/a>\r\n<h3>\r\n\tWartungsvertr\u00e4ge\r\n\t<\/h3>\r\n\t<p>Wir bieten ein umfassendes Angebot an Wartungsvertr\u00e4gen f\u00fcr vorbeugende und korrektive Ma\u00dfnahmen an, das auf Ihre Bed\u00fcrfnisse zugeschnitten werden kann.<\/p>\r\n\t<a href=\"https:\/\/www.babcock-wanson.com\/de\/unsere-dienstleistungen\/wartungsdienstleistungsvertraege\/\" target=\"_self\" role=\"button\">\r\n\t\t\t\t\tMehr erfahren\r\n\t<\/a>\r\n<h3>\r\n\tErsatzteile\r\n\t<\/h3>\r\n\t<p>Wir bieten unseren Kunden einen Bestand von \u00fcber 30.000 Ersatzteilen und garantieren die Reparatur aller Pannen mit minimaler Verz\u00f6gerung.<\/p>\r\n\t<a href=\"https:\/\/www.babcock-wanson.com\/de\/unsere-dienstleistungen\/ersatzteile\/\" target=\"_self\" role=\"button\">\r\n\t\t\t\t\tMehr erfahren\r\n\t<\/a>\r\n<h5>\r\n\tWIR HABEN AUCH\r\n\t<\/h5>\r\n<h2>\r\n\tErg\u00e4nzende <strong>Dienstleistungen<\/strong><br \/>\r\n\t<\/h2>\r\n<h4>\r\n\t\t\t<a href=\"https:\/\/www.babcock-wanson.com\/de\/unsere-dienstleistungen\/kesselmiete\/\" title=\"Industriekessel zur Miete\" target=\"_self\">\r\n\tIndustriekessel zur Miete\r\n\t\t\t<\/a>\r\n\t<\/h4>\r\n\t<p><strong>Babcock Wanson<\/strong> bietet eine breite Palette von Heizkesseln zur Vermietung an, um Ihren Energiebedarf in jeder Situation zu decken.<\/p>\r\n\t<a href=\"https:\/\/www.babcock-wanson.com\/de\/unsere-dienstleistungen\/kesselmiete\/\" target=\"_self\" role=\"button\">\r\n\t\t\t\t\tMehr erfahren\r\n\t<\/a>\r\n<h4>\r\n\t\t\t<a href=\"https:\/\/www.babcock-wanson.com\/de\/unsere-dienstleistungen\/kesselmanagement-schulung\/\" title=\"Kesselmanagement-Schulung\" target=\"_self\">\r\n\tKesselmanagement-Schulung\r\n\t\t\t<\/a>\r\n\t<\/h4>\r\n\t<p>Damit Sie Ihre <strong>Babcock Wanson-Anlagen <\/strong>optimal nutzen k\u00f6nnen, bieten wir eine Reihe flexibler Schulungsoptionen f\u00fcr Industriekessel an.<\/p>\r\n\t<a href=\"https:\/\/www.babcock-wanson.com\/de\/unsere-dienstleistungen\/kesselmanagement-schulung\/\" target=\"_self\" role=\"button\">\r\n\t\t\t\t\tMehr erfahren\r\n\t<\/a>\r\n<h4>\r\n\t\t\t<a href=\"https:\/\/www.babcock-wanson.com\/de\/unsere-dienstleistungen\/kesselsanierung-modernisierung\/kesselraumoptimierung\/\" title=\"Kesselraum-Optimierung\" target=\"_self\">\r\n\tKesselraum-Optimierung\r\n\t\t\t<\/a>\r\n\t<\/h4>\r\n\t<p>Die Ingenieure von <strong>Babcock Wanson&#8217;s<\/strong>\u00a0erstellen einen detaillierten Bericht dar\u00fcber, wie die Anlage f\u00fcr maximale Effizienz und Betrieb optimiert werden kann..<\/p>\r\n\t<a href=\"https:\/\/www.babcock-wanson.com\/de\/unsere-dienstleistungen\/kesselsanierung-modernisierung\/kesselraumoptimierung\/\" target=\"_self\" role=\"button\">\r\n\t\t\t\t\tMehr erfahren\r\n\t<\/a>\r\n<h4>\r\n\t\t\t<a href=\"https:\/\/www.babcock-wanson.com\/de\/kontaktaufnahme\/\" title=\"Brauchen Sie Unterst\u00fctzung?\" target=\"_self\">\r\n\tBrauchen Sie Unterst\u00fctzung?\r\n\t\t\t<\/a>\r\n\t<\/h4>\r\n\t<p>F\u00fcr Unterst\u00fctzung vor oder nach dem Kauf wenden Sie sich bitte an die n\u00e4chstgelegene Babcock Wanson-Niederlassung in  <a href=\"https:\/\/www.babcock-wanson.com\/de\/kontaktaufnahme\/standorte\/\">Ihrer Region<\/a>.<\/p>\r\n\t<a href=\"https:\/\/www.babcock-wanson.com\/de\/kontaktaufnahme\/standorte\/\" target=\"_self\" role=\"button\">\r\n\t\t\t\t\tMehr erfahren\r\n\t<\/a>\r\n<h4>\r\n\t\tBereitstellung von Innovation\r\n\t<\/h4>\r\n<h2>\r\n\t\tNachhaltigkeitsziele\r\n\t<\/h2>\r\n\t<p><strong>Babcock Wanson <\/strong>konzentriert sich auf den Aufbau eines langfristigen, nachhaltigen Unternehmens und einer nachhaltigen Zukunft f\u00fcr unsere Welt.<\/p>\r\n\t\t\t<a href=\"https:\/\/www.babcock-wanson.com\/de\/unternehmensprofil\/nachhaltigkeit\/\" target=\"_self\">\r\n\t\t\t\t\t\t\tMehr erfahren\r\n\t\t\t<\/a>\r\n<h2>\r\n\tRufen Sie mich <b>zur\u00fcck&#8230;<\/b>\r\n\t<\/h2>\r\n<h4>\r\n\tAlle Aspekte unseres Produktdesigns, unserer Organisation und unserer Dienstleistungen sind auf die Bed\u00fcrfnisse unserer Kunden ausgerichtet.\r\n\t<\/h4>\r\n\tHinweis: F\u00fcr diese Inhalte ist JavaScript erforderlich.\r\n        <!-- That data is being printed as a workaround to page builders reordering the order of the scripts loaded-->\r\n        \r\n<\/div><!-- .vgblk-rw-wrapper -->","protected":false},"excerpt":{"rendered":"<p>Das Engagement von Babcock Wanson f\u00fcr Qualit\u00e4t geht weit \u00fcber das eigentliche Produkt hinaus. Unser Dienstleistungsangebot ist darauf ausgelegt, Ihnen die bestm\u00f6gliche Kundendienstunterst\u00fctzung zu bieten, egal ob Sie lediglich ein Ersatzteil ben\u00f6tigen, einen Wartungsdienstleistungsvertrag abschlie\u00dfen m\u00f6chten, eine Schulung w\u00fcnschen oder eine komplette Kesselraumsanierung ben\u00f6tigen. Unser Ziel ist es, sicherzustellen, dass die von Babcock Wanson gelieferte&#8230;<\/p>\n","protected":false},"author":1,"featured_media":0,"parent":0,"menu_order":0,"comment_status":"closed","ping_status":"closed","template":"","meta":{"_acf_changed":false,"_relevanssi_hide_post":"","_relevanssi_hide_content":"","_relevanssi_pin_for_all":"","_relevanssi_pin_keywords":"","_relevanssi_unpin_keywords":"","_relevanssi_related_keywords":"","_relevanssi_related_include_ids":"","_relevanssi_related_exclude_ids":"","_relevanssi_related_no_append":"","_relevanssi_related_not_related":"","_relevanssi_related_posts":"","_relevanssi_noindex_reason":"","footnotes":""},"class_list":["post-50091","page","type-page","status-publish","hentry"],"acf":[],"yoast_head":"<!-- This site is optimized with the Yoast SEO Premium plugin v27.4 (Yoast SEO v27.4) - https:\/\/yoast.com\/product\/yoast-seo-premium-wordpress\/ -->\n<title>Unsere Dienstleistungen - Babcock Wanson<\/title>\n<meta name=\"description\" content=\"Unser Dienstleistungsangebot ist darauf ausgerichtet, Ihnen die bestm\u00f6gliche Kundendienstunterst\u00fctzung zu bieten. Besuchen Sie uns und entdecken Sie unser Angebot\" \/>\n<meta name=\"robots\" content=\"index, follow, max-snippet:-1, max-image-preview:large, max-video-preview:-1\" \/>\n<link rel=\"canonical\" href=\"https:\/\/www.babcock-wanson.com\/de\/unsere-dienstleistungen\/\" \/>\n<meta property=\"og:locale\" content=\"de_DE\" \/>\n<meta property=\"og:type\" content=\"article\" \/>\n<meta property=\"og:title\" content=\"Unsere Dienstleistungen\" \/>\n<meta property=\"og:description\" content=\"Unser Dienstleistungsangebot ist darauf ausgerichtet, Ihnen die bestm\u00f6gliche Kundendienstunterst\u00fctzung zu bieten. Besuchen Sie uns und entdecken Sie unser Angebot\" \/>\n<meta property=\"og:url\" content=\"https:\/\/www.babcock-wanson.com\/de\/unsere-dienstleistungen\/\" \/>\n<meta property=\"og:site_name\" content=\"Babcock Wanson\" \/>\n<meta property=\"article:modified_time\" content=\"2025-04-17T08:40:07+00:00\" \/>\n<meta property=\"og:image\" content=\"https:\/\/www.babcock-wanson.com\/wp-content\/uploads\/2024\/02\/Babcock-Wanson-1200x1200-1.png\" \/>\n\t<meta property=\"og:image:width\" content=\"1200\" \/>\n\t<meta property=\"og:image:height\" content=\"1200\" \/>\n\t<meta property=\"og:image:type\" content=\"image\/png\" \/>\n<meta name=\"twitter:card\" content=\"summary_large_image\" \/>\n<meta name=\"twitter:label1\" content=\"Est. reading time\" \/>\n\t<meta name=\"twitter:data1\" content=\"2 Minuten\" \/>\n<script type=\"application\/ld+json\" class=\"yoast-schema-graph\">{\"@context\":\"https:\\\/\\\/schema.org\",\"@graph\":[{\"@type\":\"WebPage\",\"@id\":\"https:\\\/\\\/www.babcock-wanson.com\\\/de\\\/unsere-dienstleistungen\\\/\",\"url\":\"https:\\\/\\\/www.babcock-wanson.com\\\/de\\\/unsere-dienstleistungen\\\/\",\"name\":\"Unsere Dienstleistungen - Babcock Wanson\",\"isPartOf\":{\"@id\":\"https:\\\/\\\/www.babcock-wanson.com\\\/de\\\/#website\"},\"datePublished\":\"2025-01-17T09:33:41+00:00\",\"dateModified\":\"2025-04-17T08:40:07+00:00\",\"description\":\"Unser Dienstleistungsangebot ist darauf ausgerichtet, Ihnen die bestm\u00f6gliche Kundendienstunterst\u00fctzung zu bieten. Besuchen Sie uns und entdecken Sie unser Angebot\",\"breadcrumb\":{\"@id\":\"https:\\\/\\\/www.babcock-wanson.com\\\/de\\\/unsere-dienstleistungen\\\/#breadcrumb\"},\"inLanguage\":\"de-DE\",\"potentialAction\":[{\"@type\":\"ReadAction\",\"target\":[\"https:\\\/\\\/www.babcock-wanson.com\\\/de\\\/unsere-dienstleistungen\\\/\"]}]},{\"@type\":\"BreadcrumbList\",\"@id\":\"https:\\\/\\\/www.babcock-wanson.com\\\/de\\\/unsere-dienstleistungen\\\/#breadcrumb\",\"itemListElement\":[{\"@type\":\"ListItem\",\"position\":1,\"name\":\"Inicio\",\"item\":\"https:\\\/\\\/www.babcock-wanson.com\\\/de\\\/\"},{\"@type\":\"ListItem\",\"position\":2,\"name\":\"Unsere Dienstleistungen\"}]},{\"@type\":\"WebSite\",\"@id\":\"https:\\\/\\\/www.babcock-wanson.com\\\/de\\\/#website\",\"url\":\"https:\\\/\\\/www.babcock-wanson.com\\\/de\\\/\",\"name\":\"Babcock Wanson\",\"description\":\"\",\"publisher\":{\"@id\":\"https:\\\/\\\/www.babcock-wanson.com\\\/de\\\/#organization\"},\"potentialAction\":[{\"@type\":\"SearchAction\",\"target\":{\"@type\":\"EntryPoint\",\"urlTemplate\":\"https:\\\/\\\/www.babcock-wanson.com\\\/de\\\/?s={search_term_string}\"},\"query-input\":{\"@type\":\"PropertyValueSpecification\",\"valueRequired\":true,\"valueName\":\"search_term_string\"}}],\"inLanguage\":\"de-DE\"},{\"@type\":\"Organization\",\"@id\":\"https:\\\/\\\/www.babcock-wanson.com\\\/de\\\/#organization\",\"name\":\"Babcock Wanson\",\"url\":\"https:\\\/\\\/www.babcock-wanson.com\\\/de\\\/\",\"logo\":{\"@type\":\"ImageObject\",\"inLanguage\":\"de-DE\",\"@id\":\"https:\\\/\\\/www.babcock-wanson.com\\\/de\\\/#\\\/schema\\\/logo\\\/image\\\/\",\"url\":\"https:\\\/\\\/www.babcock-wanson.com\\\/wp-content\\\/uploads\\\/2024\\\/02\\\/Babcock-Wanson-1200x1200-1.png\",\"contentUrl\":\"https:\\\/\\\/www.babcock-wanson.com\\\/wp-content\\\/uploads\\\/2024\\\/02\\\/Babcock-Wanson-1200x1200-1.png\",\"width\":1200,\"height\":1200,\"caption\":\"Babcock Wanson\"},\"image\":{\"@id\":\"https:\\\/\\\/www.babcock-wanson.com\\\/de\\\/#\\\/schema\\\/logo\\\/image\\\/\"},\"sameAs\":[\"https:\\\/\\\/www.linkedin.com\\\/company\\\/babcock-wanson\\\/\",\"https:\\\/\\\/www.youtube.com\\\/channel\\\/UCtxl25VieBBsP2kYmtlyv7A\"]}]}<\/script>\n<!-- \/ Yoast SEO Premium plugin. -->","yoast_head_json":{"title":"Unsere Dienstleistungen - Babcock Wanson","description":"Unser Dienstleistungsangebot ist darauf ausgerichtet, Ihnen die bestm\u00f6gliche Kundendienstunterst\u00fctzung zu bieten. Besuchen Sie uns und entdecken Sie unser Angebot","robots":{"index":"index","follow":"follow","max-snippet":"max-snippet:-1","max-image-preview":"max-image-preview:large","max-video-preview":"max-video-preview:-1"},"canonical":"https:\/\/www.babcock-wanson.com\/de\/unsere-dienstleistungen\/","og_locale":"de_DE","og_type":"article","og_title":"Unsere Dienstleistungen","og_description":"Unser Dienstleistungsangebot ist darauf ausgerichtet, Ihnen die bestm\u00f6gliche Kundendienstunterst\u00fctzung zu bieten. Besuchen Sie uns und entdecken Sie unser Angebot","og_url":"https:\/\/www.babcock-wanson.com\/de\/unsere-dienstleistungen\/","og_site_name":"Babcock Wanson","article_modified_time":"2025-04-17T08:40:07+00:00","og_image":[{"width":1200,"height":1200,"url":"https:\/\/www.babcock-wanson.com\/wp-content\/uploads\/2024\/02\/Babcock-Wanson-1200x1200-1.png","type":"image\/png"}],"twitter_card":"summary_large_image","twitter_misc":{"Est. reading time":"2 Minuten"},"schema":{"@context":"https:\/\/schema.org","@graph":[{"@type":"WebPage","@id":"https:\/\/www.babcock-wanson.com\/de\/unsere-dienstleistungen\/","url":"https:\/\/www.babcock-wanson.com\/de\/unsere-dienstleistungen\/","name":"Unsere Dienstleistungen - Babcock Wanson","isPartOf":{"@id":"https:\/\/www.babcock-wanson.com\/de\/#website"},"datePublished":"2025-01-17T09:33:41+00:00","dateModified":"2025-04-17T08:40:07+00:00","description":"Unser Dienstleistungsangebot ist darauf ausgerichtet, Ihnen die bestm\u00f6gliche Kundendienstunterst\u00fctzung zu bieten. Besuchen Sie uns und entdecken Sie unser Angebot","breadcrumb":{"@id":"https:\/\/www.babcock-wanson.com\/de\/unsere-dienstleistungen\/#breadcrumb"},"inLanguage":"de-DE","potentialAction":[{"@type":"ReadAction","target":["https:\/\/www.babcock-wanson.com\/de\/unsere-dienstleistungen\/"]}]},{"@type":"BreadcrumbList","@id":"https:\/\/www.babcock-wanson.com\/de\/unsere-dienstleistungen\/#breadcrumb","itemListElement":[{"@type":"ListItem","position":1,"name":"Inicio","item":"https:\/\/www.babcock-wanson.com\/de\/"},{"@type":"ListItem","position":2,"name":"Unsere Dienstleistungen"}]},{"@type":"WebSite","@id":"https:\/\/www.babcock-wanson.com\/de\/#website","url":"https:\/\/www.babcock-wanson.com\/de\/","name":"Babcock Wanson","description":"","publisher":{"@id":"https:\/\/www.babcock-wanson.com\/de\/#organization"},"potentialAction":[{"@type":"SearchAction","target":{"@type":"EntryPoint","urlTemplate":"https:\/\/www.babcock-wanson.com\/de\/?s={search_term_string}"},"query-input":{"@type":"PropertyValueSpecification","valueRequired":true,"valueName":"search_term_string"}}],"inLanguage":"de-DE"},{"@type":"Organization","@id":"https:\/\/www.babcock-wanson.com\/de\/#organization","name":"Babcock Wanson","url":"https:\/\/www.babcock-wanson.com\/de\/","logo":{"@type":"ImageObject","inLanguage":"de-DE","@id":"https:\/\/www.babcock-wanson.com\/de\/#\/schema\/logo\/image\/","url":"https:\/\/www.babcock-wanson.com\/wp-content\/uploads\/2024\/02\/Babcock-Wanson-1200x1200-1.png","contentUrl":"https:\/\/www.babcock-wanson.com\/wp-content\/uploads\/2024\/02\/Babcock-Wanson-1200x1200-1.png","width":1200,"height":1200,"caption":"Babcock Wanson"},"image":{"@id":"https:\/\/www.babcock-wanson.com\/de\/#\/schema\/logo\/image\/"},"sameAs":["https:\/\/www.linkedin.com\/company\/babcock-wanson\/","https:\/\/www.youtube.com\/channel\/UCtxl25VieBBsP2kYmtlyv7A"]}]}},"jetpack_sharing_enabled":true,"_links":{"self":[{"href":"https:\/\/www.babcock-wanson.com\/de\/wp-json\/wp\/v2\/pages\/50091","targetHints":{"allow":["GET"]}}],"collection":[{"href":"https:\/\/www.babcock-wanson.com\/de\/wp-json\/wp\/v2\/pages"}],"about":[{"href":"https:\/\/www.babcock-wanson.com\/de\/wp-json\/wp\/v2\/types\/page"}],"author":[{"embeddable":true,"href":"https:\/\/www.babcock-wanson.com\/de\/wp-json\/wp\/v2\/users\/1"}],"replies":[{"embeddable":true,"href":"https:\/\/www.babcock-wanson.com\/de\/wp-json\/wp\/v2\/comments?post=50091"}],"version-history":[{"count":2,"href":"https:\/\/www.babcock-wanson.com\/de\/wp-json\/wp\/v2\/pages\/50091\/revisions"}],"predecessor-version":[{"id":51921,"href":"https:\/\/www.babcock-wanson.com\/de\/wp-json\/wp\/v2\/pages\/50091\/revisions\/51921"}],"wp:attachment":[{"href":"https:\/\/www.babcock-wanson.com\/de\/wp-json\/wp\/v2\/media?parent=50091"}],"curies":[{"name":"wp","href":"https:\/\/api.w.org\/{rel}","templated":true}]}}