{"id":50101,"date":"2025-01-17T09:33:44","date_gmt":"2025-01-17T09:33:44","guid":{"rendered":"https:\/\/www.babcock-wanson.com\/unternehmensprofil\/"},"modified":"2025-04-16T14:25:03","modified_gmt":"2025-04-16T13:25:03","slug":"unternehmensprofil","status":"publish","type":"page","link":"https:\/\/www.babcock-wanson.com\/de\/unternehmensprofil\/","title":{"rendered":"Unternehmensprofil"},"content":{"rendered":"<div class=\"vgblk-rw-wrapper limit-wrapper\">\r\n\r\n\t<h2><strong>Babcock Wanson<\/strong> ist ein bedeutender internationaler Anbieter von Ausr\u00fcstungen und L\u00f6sungen f\u00fcr die industrielle Prozesserhitzung<\/h2>\r\n\t<h4><strong>Babcock Wanson<\/strong> ist ein bedeutender Anbieter von Ausr\u00fcstungen und L\u00f6sungen f\u00fcr die industrielle Prozesserhitzung mit einer \u00fcber 100-j\u00e4hrigen Tradition. Wir verf\u00fcgen \u00fcber Betriebsgesellschaften in acht L\u00e4ndern in und um Europa, darunter zwei Produktionsanlagen, und ein weltweites Netz von kommerziellen und technischen Partnern.<\/h4>\r\n<h2>\r\n\tWas spricht f\u00fcr <b>Babcock Wanson?<\/b>\r\n\t<\/h2>\r\n\t<p>Wir arbeiten hart daran, die Besten zu sein, und sind stolz darauf, einer der weltweit f\u00fchrenden Anbieter von Ausr\u00fcstungen f\u00fcr die industrielle Prozesserhitzung zu sein. Vorteile, die Kunden von <strong>Babcock Wanson<\/strong> genie\u00dfen:<\/p>\r\n<ul>\r\n<li>Hohe Effizienz und umweltbewusste Leistung<\/li>\r\n<li>Stets an vorderster Front der Innovation<\/li>\r\n<li>Die St\u00e4rke eines internationalen Netzwerks, erg\u00e4nzt durch lokale Dienstleistungen<\/li>\r\n<li>Eine au\u00dfergew\u00f6hnlich breite Palette von L\u00f6sungen f\u00fcr die Prozesserw\u00e4rmung, die den Bed\u00fcrfnissen unserer Kunden entsprechen<\/li>\r\n<li>\u00dcber ein Jahrhundert technisches Know-how und Erfahrung <\/li>\r\n<li>Ma\u00dfgeschneiderte L\u00f6sungen, vom Produkt bis hin zu <a href=\"https:\/\/www.babcock-wanson.com\/de\/unsere-dienstleistungen\/kesselmanagement-schulung\/\" target=\"_blank\" rel=\"noopener\">Schulungen<\/a> und Wartungsvertr\u00e4gen<\/li>\r\n<li>Umfassende <a href=\"https:\/\/www.babcock-wanson.com\/de\/unsere-dienstleistungen\/kundendienst\/\" target=\"_blank\" rel=\"noopener\">Kundendienstunterst\u00fctzung<\/a><\/li>\r\n<li>Ein l\u00f6sungsorientierter Ansatz<\/li>\r\n<li>Tausende Installationen und zufriedene Kunden<\/li>\r\n<\/ul>\r\n<h2>\r\n\tFallstudien &amp; <b>Projekte<\/b>\r\n\t<\/h2>\r\n\t\t\t100,000+\r\n<h5>\r\n\tProduktinstallationen\r\n\t<\/h5>\r\n\t<p>\u00dcber 100.000 Produkte \/ Ausr\u00fcstungen in mehr als 100 L\u00e4ndern auf der ganzen Welt installiert.<\/p>\r\n\t\t\t100+\r\n<h5>\r\n\tBediente L\u00e4nder\r\n\t<\/h5>\r\n\t<p>\u00dcber 430 Installationen von <a href=\"https:\/\/www.babcock-wanson.com\/de\/produkt-kategorie\/thermische-oxidatoren\/\" target=\"_blank\" rel=\"noopener\">Thermischen Oxidatoren<\/a> zur VOC- und Geruchsbek\u00e4mpfung auf der ganzen Welt abgeschlossen.<\/p>\r\n\t\t\t50k\r\n<h5>\r\n\tZufriedene Kunden\r\n\t<\/h5>\r\n\t<p>7.000 in Betrieb befindliche <a href=\"https:\/\/www.babcock-wanson.com\/de\/produkt-kategorie\/dampfkessel\/\" target=\"_blank\" rel=\"noopener\">industrielle Kesselh\u00e4user<\/a> mit \u00fcber 4.500 Kessel-Wartungsvertr\u00e4gen.<\/p>\r\n<h4>\r\n\tVision\r\n\t<\/h4>\r\n\t<p>Wir wollen das f\u00fchrende Unternehmen f\u00fcr die Entwicklung, den Vertrieb und die Installation von <a href=\"https:\/\/www.babcock-wanson.com\/de\/produkt-kategorie\/dampfkessel\/\" target=\"_blank\" rel=\"noopener\">Industriekesseln<\/a>, <a href=\"https:\/\/www.babcock-wanson.com\/de\/produkt-kategorie\/thermische-oxidatoren\/\" target=\"_blank\" rel=\"noopener\">thermischen Oxidatoren<\/a>, Brennern und industriellen Wasseraufbereitungsanlagen sein.<\/p>\r\n<h4>\r\n\tMission\r\n\t<\/h4>\r\n\t<p>Wir sind \u00fcberzeugt, dass der Umgang mit den Energieressourcen die Welt von morgen bestimmen wird. Deshalb wollen wir den Energieverbrauch optimieren und die Auswirkungen auf die Umwelt f\u00fcr alle unsere Industriekunden reduzieren.<\/p>\r\n<h4>\r\n\tWerte\r\n\t<\/h4>\r\n\t<p>Wir streben danach, zuverl\u00e4ssig und innovativ zu sein, die Bed\u00fcrfnisse unserer Kunden zu verstehen und unseren Mitarbeitern ein angenehmes Arbeitsumfeld zu bieten.<\/p>\r\n<h2>\r\n\tRund um die <b>Welt <\/b> \r\n\t<\/h2>\r\n\t<p>Seit den Anf\u00e4ngen im sp\u00e4ten 19. Jahrhundert hat sich <strong>Babcock Wanson<\/strong> zu einem bedeutenden internationalen Anbieter von Ausr\u00fcstungen und L\u00f6sungen f\u00fcr die industrielle Prozesserhitzung entwickelt.<\/p>\r\n<ul>\r\n<li>Eine internationale Unternehmensgruppe mit acht Betriebsgesellschaften in und um Europa<\/li>\r\n<li>Zwei Hauptproduktionsst\u00e4tten in Europa, sowie weitere Konstruktions- und Montagewerke<\/li>\r\n<li>\u00dcber 600 Mitarbeiter, von denen mehr als die H\u00e4lfte im Bereich Kundendienst und Service t\u00e4tig sind<\/li>\r\n<li>Ein weltweites Netzwerk von Handels- und Technikpartnern<\/li>\r\n<li>\u00dcber 300 Wartungsingenieure in ganz Europa<\/li>\r\n<\/ul>\r\n<h2>\r\n\tEthik und <b>Konformit\u00e4t<\/b>\r\n\t<\/h2>\r\n\t<p><strong>Babcock Wanson<\/strong> ist bekannt f\u00fcr qualitativ hochwertige L\u00f6sungen f\u00fcr die industrielle Prozesserhitzung, von der Herstellung bis zur Wartung und dem laufenden Kundendienst.<\/p>\r\n<p>Ein wichtiger Faktur f\u00fcr den Erfolg von <strong>Babcock Wanson<\/strong> ist unsere F\u00e4higkeit, eine vollst\u00e4ndige Produktreihe und Dienstleistungen f\u00fcr Kesselh\u00e4user und anderen Prozesserw\u00e4rmungsbedarf anzubieten, die auf die individuellen Anforderungen unserer Kunden zugeschnitten sind.<\/p>\r\n<ul>\r\n<li><a href=\"https:\/\/www.babcock-wanson.com\/de\/produkt-kategorie\/dampfkessel\/\" target=\"_blank\" rel=\"noopener\">Dampfkessel<\/a><\/li>\r\n<li><a href=\"https:\/\/www.babcock-wanson.com\/de\/produkt-kategorie\/warmetragerheizer\/\" target=\"_blank\" rel=\"noopener\">W\u00e4rmetr\u00e4gerheizer<\/a><\/li>\r\n<li>Hei\u00dfwasserkessel f\u00fcr den industriellen Einsatz<\/li>\r\n<li><a href=\"https:\/\/www.babcock-wanson.com\/de\/produkt-kategorie\/warmeruckgewinnungssysteme\/\" target=\"_blank\" rel=\"noopener\">W\u00e4rmer\u00fcckgewinnungssysteme<\/a><\/li>\r\n<li><a href=\"https:\/\/www.babcock-wanson.com\/de\/produkt-kategorie\/warmeruckgewinnungssysteme\/\" target=\"_blank\" rel=\"noopener\">Industrieluftheizer<\/a><\/li>\r\n<li><a href=\"https:\/\/www.babcock-wanson.com\/de\/produkt-kategorie\/industriebrenner\/\" target=\"_blank\" rel=\"noopener\">Industriebrenner<\/a><\/li>\r\n<li><a href=\"https:\/\/www.babcock-wanson.com\/de\/produkt-kategorie\/industrielle-wasseraufbereitung\/\" target=\"_blank\" rel=\"noopener\">Industrielle Wasseraufbereitung<\/a><\/li>\r\n<li><a href=\"https:\/\/www.babcock-wanson.com\/de\/produkt-kategorie\/thermische-oxidatoren\/\" target=\"_blank\" rel=\"noopener\">Thermische Oxidatoren<\/a><\/li>\r\n<\/ul>\r\n<p>Alle von <strong>Babcock Wanson<\/strong> gelieferten <a href=\"https:\/\/www.babcock-wanson.com\/de\/unsere-produkte\/\">Produkte<\/a> werden umfassend unterst\u00fctzt, inklusive ma\u00dfgeschneiderter <a href=\"https:\/\/www.babcock-wanson.com\/de\/unsere-dienstleistungen\/wartungsdienstleistungsvertraege\/\">Dienstleistungs- und Wartungsvertr\u00e4ge<\/a>.<\/p>\r\n\t\t\t\t<a href=\"\/produktkategorie\/dampfkessel\/\" target=\"_self\" itemprop=\"url\" title=\"steam boiler technicians\">\r\n\t\t\t\t\t\t\t<img loading=\"lazy\" decoding=\"async\" src=\"https:\/\/www.babcock-wanson.com\/wp-content\/uploads\/2018\/07\/Technicians-small.jpg\" alt=\"steam boiler technicians\" itemprop=\"image\" height=\"372\" width=\"324\" data-link-type=\"url\" title=\"steam boiler technicians\" onerror=\"this.style.display='none'\"  sizes=\"auto, (max-width: 768px) 100vw, 100vw\"\/>\t\t\t\t\t\t<\/a>\r\n\t<p><a href=\"https:\/\/www.babcock-wanson.com\/de\/produkt-kategorie\/dampfkessel\/\" target=\"_blank\" rel=\"noopener\">Dampfl\u00f6sungen<\/a><\/p>\r\n\t\t\t\t<a href=\"\/produktkategorie\/waermetraegerheizer\/\" target=\"_self\" itemprop=\"url\" title=\"thermal-fluid-small\">\r\n\t\t\t\t\t\t\t<img loading=\"lazy\" decoding=\"async\" src=\"https:\/\/www.babcock-wanson.com\/wp-content\/uploads\/2019\/04\/thermal-fluid-small.jpg\" alt=\"thermal-fluid-small\" itemprop=\"image\" height=\"372\" width=\"324\" data-link-type=\"url\" title=\"thermal-fluid-small\" onerror=\"this.style.display='none'\"  sizes=\"auto, (max-width: 768px) 100vw, 100vw\" srcset=\"https:\/\/www.babcock-wanson.com\/wp-content\/uploads\/2019\/04\/thermal-fluid-small.jpg 324w, https:\/\/www.babcock-wanson.com\/wp-content\/uploads\/2019\/04\/thermal-fluid-small-261x300.jpg 261w, https:\/\/www.babcock-wanson.com\/wp-content\/uploads\/2019\/04\/thermal-fluid-small-315x362.jpg 315w\" \/>\t\t\t\t\t\t<\/a>\r\n\t<p><a href=\"https:\/\/www.babcock-wanson.com\/de\/produkt-kategorie\/warmetragerheizer\/\">W\u00e4rmetr\u00e4gersystem<\/a><\/p>\r\n\t\t\t\t<a href=\"\/produktkategorie\/industrielle-prozessluftheizer\/\" target=\"_self\" itemprop=\"url\" title=\"process-air-heating-small\">\r\n\t\t\t\t\t\t\t<img loading=\"lazy\" decoding=\"async\" src=\"https:\/\/www.babcock-wanson.com\/wp-content\/uploads\/2019\/04\/process-air-heating-small.jpg\" alt=\"process-air-heating-small\" itemprop=\"image\" height=\"372\" width=\"324\" data-link-type=\"url\" title=\"process-air-heating-small\" onerror=\"this.style.display='none'\"  sizes=\"auto, (max-width: 768px) 100vw, 100vw\" srcset=\"https:\/\/www.babcock-wanson.com\/wp-content\/uploads\/2019\/04\/process-air-heating-small.jpg 324w, https:\/\/www.babcock-wanson.com\/wp-content\/uploads\/2019\/04\/process-air-heating-small-261x300.jpg 261w, https:\/\/www.babcock-wanson.com\/wp-content\/uploads\/2019\/04\/process-air-heating-small-315x362.jpg 315w\" \/>\t\t\t\t\t\t<\/a>\r\n\t<p><a href=\"https:\/\/www.babcock-wanson.com\/de\/produkt-kategorie\/industrielle-prozessluftheizer\/\">Prozessluftheizer<\/a><\/p>\r\n\t\t\t\t<a href=\"\/produktkategorie\/thermische-oxidatoren\/\" target=\"_self\" itemprop=\"url\" title=\"thermal-oxidisers-small\">\r\n\t\t\t\t\t\t\t<img loading=\"lazy\" decoding=\"async\" src=\"https:\/\/www.babcock-wanson.com\/wp-content\/uploads\/2019\/04\/thermal-oxidisers-small.jpg\" alt=\"thermal-oxidisers-small\" itemprop=\"image\" height=\"372\" width=\"324\" data-link-type=\"url\" title=\"thermal-oxidisers-small\" onerror=\"this.style.display='none'\"  sizes=\"auto, (max-width: 768px) 100vw, 100vw\" srcset=\"https:\/\/www.babcock-wanson.com\/wp-content\/uploads\/2019\/04\/thermal-oxidisers-small.jpg 324w, https:\/\/www.babcock-wanson.com\/wp-content\/uploads\/2019\/04\/thermal-oxidisers-small-261x300.jpg 261w, https:\/\/www.babcock-wanson.com\/wp-content\/uploads\/2019\/04\/thermal-oxidisers-small-315x362.jpg 315w\" \/>\t\t\t\t\t\t<\/a>\r\n\t<p><a href=\"https:\/\/www.babcock-wanson.com\/de\/produkt-kategorie\/thermische-oxidatoren\/\">Fachwissen bei thermische Oxidatoren<\/a><\/p>\r\n<h5>\r\n\tIndustriekessel &amp; Kesselhaus-Dienstleistungen\r\n\t<\/h5>\r\n\t<a href=\"https:\/\/www.babcock-wanson.com\/de\/unsere-produkte\/\" target=\"_self\" role=\"button\">\r\n\t\t\t\t\tSehen Sie sich unsere umfangreiche Produktreihe an\r\n\t<\/a>\r\n\t<ul>\r\n<li>Integriertes Gas<\/li>\r\n<li>Integrierter Gas-, \u00d6l- oder Zweistoffbrenner<\/li>\r\n<li>Entspricht den Anforderungen der modernen Industrie<\/li>\r\n<li>Kompakt, einfach zu bedienen und mit einer Energieeinsparung beim Gesamtenergiebedarf<\/li>\r\n<\/ul>\r\n\t<ul>\r\n<li>Verschiedene Luftstr\u00f6me und Luftdr\u00fccke<\/li>\r\n<li>Arbeiten mit einer gro\u00dfen Bandbreite an Austrittstemperaturen<\/li>\r\n<li>Verhindern, dass Prozessluft mit Verbrennungsprodukten in Ber\u00fchrung kommt<\/li>\r\n<\/ul>\r\n\t<ul>\r\n<li>Un\u00fcbertroffenes Fachwissen \u00fcber die Technologie von thermischen Oxidatoren<\/li>\r\n<li>Geringste langfristige Betriebskosten<\/li>\r\n<li>Integration von Adsorptions- und Konzentrationstechniken<\/li>\r\n<\/ul>\r\n<h2>\r\n\tRufen Sie mich <b>zur\u00fcck&#8230;<\/b>\r\n\t<\/h2>\r\n<h4>\r\n\tAlle Aspekte unseres Produktdesigns, unserer Organisation und unserer Dienstleistungen sind auf die Bed\u00fcrfnisse unserer Kunden ausgerichtet.\r\n\t<\/h4>\r\n\tHinweis: F\u00fcr diese Inhalte ist JavaScript erforderlich.\r\n        <!-- That data is being printed as a workaround to page builders reordering the order of the scripts loaded-->\r\n        \r\n<\/div><!-- .vgblk-rw-wrapper -->","protected":false},"excerpt":{"rendered":"<p>Babcock Wanson ist ein bedeutender internationaler Anbieter von Ausr\u00fcstungen und L\u00f6sungen f\u00fcr die industrielle Prozesserhitzung Babcock Wanson ist ein bedeutender Anbieter von Ausr\u00fcstungen und L\u00f6sungen f\u00fcr die industrielle Prozesserhitzung mit einer \u00fcber 100-j\u00e4hrigen Tradition. Wir verf\u00fcgen \u00fcber Betriebsgesellschaften in acht L\u00e4ndern in und um Europa, darunter zwei Produktionsanlagen, und ein weltweites Netz von kommerziellen und&#8230;<\/p>\n","protected":false},"author":1,"featured_media":0,"parent":0,"menu_order":0,"comment_status":"closed","ping_status":"closed","template":"","meta":{"_acf_changed":false,"_relevanssi_hide_post":"","_relevanssi_hide_content":"","_relevanssi_pin_for_all":"","_relevanssi_pin_keywords":"","_relevanssi_unpin_keywords":"","_relevanssi_related_keywords":"","_relevanssi_related_include_ids":"","_relevanssi_related_exclude_ids":"","_relevanssi_related_no_append":"","_relevanssi_related_not_related":"","_relevanssi_related_posts":"","_relevanssi_noindex_reason":"","footnotes":""},"class_list":["post-50101","page","type-page","status-publish","hentry"],"acf":[],"yoast_head":"<!-- This site is optimized with the Yoast SEO Premium plugin v27.4 (Yoast SEO v27.4) - https:\/\/yoast.com\/product\/yoast-seo-premium-wordpress\/ -->\n<title>Unternehmensprofil - Babcock Wanson<\/title>\n<meta name=\"description\" content=\"Babcock Wanson ist ein bedeutender internationaler Anbieter von Ausr\u00fcstungen und L\u00f6sungen f\u00fcr die industrielle Prozesserhitzung. Besuchen Sie uns Webseite und lesen Sie unser Unternehmensprofil\" \/>\n<meta name=\"robots\" content=\"index, follow, max-snippet:-1, max-image-preview:large, max-video-preview:-1\" \/>\n<link rel=\"canonical\" href=\"https:\/\/www.babcock-wanson.com\/de\/unternehmensprofil\/\" \/>\n<meta property=\"og:locale\" content=\"de_DE\" \/>\n<meta property=\"og:type\" content=\"article\" \/>\n<meta property=\"og:title\" content=\"Unternehmensprofil\" \/>\n<meta property=\"og:description\" content=\"Babcock Wanson ist ein bedeutender internationaler Anbieter von Ausr\u00fcstungen und L\u00f6sungen f\u00fcr die industrielle Prozesserhitzung. Besuchen Sie uns Webseite und lesen Sie unser Unternehmensprofil\" \/>\n<meta property=\"og:url\" content=\"https:\/\/www.babcock-wanson.com\/de\/unternehmensprofil\/\" \/>\n<meta property=\"og:site_name\" content=\"Babcock Wanson\" \/>\n<meta property=\"article:modified_time\" content=\"2025-04-16T13:25:03+00:00\" \/>\n<meta property=\"og:image\" content=\"https:\/\/www.babcock-wanson.com\/wp-content\/uploads\/2018\/07\/Technicians-small.jpg\" \/>\n<meta name=\"twitter:card\" content=\"summary_large_image\" \/>\n<meta name=\"twitter:label1\" content=\"Est. reading time\" \/>\n\t<meta name=\"twitter:data1\" content=\"4 Minuten\" \/>\n<script type=\"application\/ld+json\" class=\"yoast-schema-graph\">{\"@context\":\"https:\\\/\\\/schema.org\",\"@graph\":[{\"@type\":\"WebPage\",\"@id\":\"https:\\\/\\\/www.babcock-wanson.com\\\/de\\\/unternehmensprofil\\\/\",\"url\":\"https:\\\/\\\/www.babcock-wanson.com\\\/de\\\/unternehmensprofil\\\/\",\"name\":\"Unternehmensprofil - Babcock Wanson\",\"isPartOf\":{\"@id\":\"https:\\\/\\\/www.babcock-wanson.com\\\/de\\\/#website\"},\"primaryImageOfPage\":{\"@id\":\"https:\\\/\\\/www.babcock-wanson.com\\\/de\\\/unternehmensprofil\\\/#primaryimage\"},\"image\":{\"@id\":\"https:\\\/\\\/www.babcock-wanson.com\\\/de\\\/unternehmensprofil\\\/#primaryimage\"},\"thumbnailUrl\":\"https:\\\/\\\/www.babcock-wanson.com\\\/wp-content\\\/uploads\\\/2018\\\/07\\\/Technicians-small.jpg\",\"datePublished\":\"2025-01-17T09:33:44+00:00\",\"dateModified\":\"2025-04-16T13:25:03+00:00\",\"description\":\"Babcock Wanson ist ein bedeutender internationaler Anbieter von Ausr\u00fcstungen und L\u00f6sungen f\u00fcr die industrielle Prozesserhitzung. Besuchen Sie uns Webseite und lesen Sie unser Unternehmensprofil\",\"breadcrumb\":{\"@id\":\"https:\\\/\\\/www.babcock-wanson.com\\\/de\\\/unternehmensprofil\\\/#breadcrumb\"},\"inLanguage\":\"de-DE\",\"potentialAction\":[{\"@type\":\"ReadAction\",\"target\":[\"https:\\\/\\\/www.babcock-wanson.com\\\/de\\\/unternehmensprofil\\\/\"]}]},{\"@type\":\"ImageObject\",\"inLanguage\":\"de-DE\",\"@id\":\"https:\\\/\\\/www.babcock-wanson.com\\\/de\\\/unternehmensprofil\\\/#primaryimage\",\"url\":\"https:\\\/\\\/www.babcock-wanson.com\\\/wp-content\\\/uploads\\\/2018\\\/07\\\/Technicians-small.jpg\",\"contentUrl\":\"https:\\\/\\\/www.babcock-wanson.com\\\/wp-content\\\/uploads\\\/2018\\\/07\\\/Technicians-small.jpg\"},{\"@type\":\"BreadcrumbList\",\"@id\":\"https:\\\/\\\/www.babcock-wanson.com\\\/de\\\/unternehmensprofil\\\/#breadcrumb\",\"itemListElement\":[{\"@type\":\"ListItem\",\"position\":1,\"name\":\"Inicio\",\"item\":\"https:\\\/\\\/www.babcock-wanson.com\\\/de\\\/\"},{\"@type\":\"ListItem\",\"position\":2,\"name\":\"Unternehmensprofil\"}]},{\"@type\":\"WebSite\",\"@id\":\"https:\\\/\\\/www.babcock-wanson.com\\\/de\\\/#website\",\"url\":\"https:\\\/\\\/www.babcock-wanson.com\\\/de\\\/\",\"name\":\"Babcock Wanson\",\"description\":\"\",\"publisher\":{\"@id\":\"https:\\\/\\\/www.babcock-wanson.com\\\/de\\\/#organization\"},\"potentialAction\":[{\"@type\":\"SearchAction\",\"target\":{\"@type\":\"EntryPoint\",\"urlTemplate\":\"https:\\\/\\\/www.babcock-wanson.com\\\/de\\\/?s={search_term_string}\"},\"query-input\":{\"@type\":\"PropertyValueSpecification\",\"valueRequired\":true,\"valueName\":\"search_term_string\"}}],\"inLanguage\":\"de-DE\"},{\"@type\":\"Organization\",\"@id\":\"https:\\\/\\\/www.babcock-wanson.com\\\/de\\\/#organization\",\"name\":\"Babcock Wanson\",\"url\":\"https:\\\/\\\/www.babcock-wanson.com\\\/de\\\/\",\"logo\":{\"@type\":\"ImageObject\",\"inLanguage\":\"de-DE\",\"@id\":\"https:\\\/\\\/www.babcock-wanson.com\\\/de\\\/#\\\/schema\\\/logo\\\/image\\\/\",\"url\":\"https:\\\/\\\/www.babcock-wanson.com\\\/wp-content\\\/uploads\\\/2024\\\/02\\\/Babcock-Wanson-1200x1200-1.png\",\"contentUrl\":\"https:\\\/\\\/www.babcock-wanson.com\\\/wp-content\\\/uploads\\\/2024\\\/02\\\/Babcock-Wanson-1200x1200-1.png\",\"width\":1200,\"height\":1200,\"caption\":\"Babcock Wanson\"},\"image\":{\"@id\":\"https:\\\/\\\/www.babcock-wanson.com\\\/de\\\/#\\\/schema\\\/logo\\\/image\\\/\"},\"sameAs\":[\"https:\\\/\\\/www.linkedin.com\\\/company\\\/babcock-wanson\\\/\",\"https:\\\/\\\/www.youtube.com\\\/channel\\\/UCtxl25VieBBsP2kYmtlyv7A\"]}]}<\/script>\n<!-- \/ Yoast SEO Premium plugin. -->","yoast_head_json":{"title":"Unternehmensprofil - Babcock Wanson","description":"Babcock Wanson ist ein bedeutender internationaler Anbieter von Ausr\u00fcstungen und L\u00f6sungen f\u00fcr die industrielle Prozesserhitzung. Besuchen Sie uns Webseite und lesen Sie unser Unternehmensprofil","robots":{"index":"index","follow":"follow","max-snippet":"max-snippet:-1","max-image-preview":"max-image-preview:large","max-video-preview":"max-video-preview:-1"},"canonical":"https:\/\/www.babcock-wanson.com\/de\/unternehmensprofil\/","og_locale":"de_DE","og_type":"article","og_title":"Unternehmensprofil","og_description":"Babcock Wanson ist ein bedeutender internationaler Anbieter von Ausr\u00fcstungen und L\u00f6sungen f\u00fcr die industrielle Prozesserhitzung. Besuchen Sie uns Webseite und lesen Sie unser Unternehmensprofil","og_url":"https:\/\/www.babcock-wanson.com\/de\/unternehmensprofil\/","og_site_name":"Babcock Wanson","article_modified_time":"2025-04-16T13:25:03+00:00","og_image":[{"url":"https:\/\/www.babcock-wanson.com\/wp-content\/uploads\/2018\/07\/Technicians-small.jpg","type":"","width":"","height":""}],"twitter_card":"summary_large_image","twitter_misc":{"Est. reading time":"4 Minuten"},"schema":{"@context":"https:\/\/schema.org","@graph":[{"@type":"WebPage","@id":"https:\/\/www.babcock-wanson.com\/de\/unternehmensprofil\/","url":"https:\/\/www.babcock-wanson.com\/de\/unternehmensprofil\/","name":"Unternehmensprofil - Babcock Wanson","isPartOf":{"@id":"https:\/\/www.babcock-wanson.com\/de\/#website"},"primaryImageOfPage":{"@id":"https:\/\/www.babcock-wanson.com\/de\/unternehmensprofil\/#primaryimage"},"image":{"@id":"https:\/\/www.babcock-wanson.com\/de\/unternehmensprofil\/#primaryimage"},"thumbnailUrl":"https:\/\/www.babcock-wanson.com\/wp-content\/uploads\/2018\/07\/Technicians-small.jpg","datePublished":"2025-01-17T09:33:44+00:00","dateModified":"2025-04-16T13:25:03+00:00","description":"Babcock Wanson ist ein bedeutender internationaler Anbieter von Ausr\u00fcstungen und L\u00f6sungen f\u00fcr die industrielle Prozesserhitzung. Besuchen Sie uns Webseite und lesen Sie unser Unternehmensprofil","breadcrumb":{"@id":"https:\/\/www.babcock-wanson.com\/de\/unternehmensprofil\/#breadcrumb"},"inLanguage":"de-DE","potentialAction":[{"@type":"ReadAction","target":["https:\/\/www.babcock-wanson.com\/de\/unternehmensprofil\/"]}]},{"@type":"ImageObject","inLanguage":"de-DE","@id":"https:\/\/www.babcock-wanson.com\/de\/unternehmensprofil\/#primaryimage","url":"https:\/\/www.babcock-wanson.com\/wp-content\/uploads\/2018\/07\/Technicians-small.jpg","contentUrl":"https:\/\/www.babcock-wanson.com\/wp-content\/uploads\/2018\/07\/Technicians-small.jpg"},{"@type":"BreadcrumbList","@id":"https:\/\/www.babcock-wanson.com\/de\/unternehmensprofil\/#breadcrumb","itemListElement":[{"@type":"ListItem","position":1,"name":"Inicio","item":"https:\/\/www.babcock-wanson.com\/de\/"},{"@type":"ListItem","position":2,"name":"Unternehmensprofil"}]},{"@type":"WebSite","@id":"https:\/\/www.babcock-wanson.com\/de\/#website","url":"https:\/\/www.babcock-wanson.com\/de\/","name":"Babcock Wanson","description":"","publisher":{"@id":"https:\/\/www.babcock-wanson.com\/de\/#organization"},"potentialAction":[{"@type":"SearchAction","target":{"@type":"EntryPoint","urlTemplate":"https:\/\/www.babcock-wanson.com\/de\/?s={search_term_string}"},"query-input":{"@type":"PropertyValueSpecification","valueRequired":true,"valueName":"search_term_string"}}],"inLanguage":"de-DE"},{"@type":"Organization","@id":"https:\/\/www.babcock-wanson.com\/de\/#organization","name":"Babcock Wanson","url":"https:\/\/www.babcock-wanson.com\/de\/","logo":{"@type":"ImageObject","inLanguage":"de-DE","@id":"https:\/\/www.babcock-wanson.com\/de\/#\/schema\/logo\/image\/","url":"https:\/\/www.babcock-wanson.com\/wp-content\/uploads\/2024\/02\/Babcock-Wanson-1200x1200-1.png","contentUrl":"https:\/\/www.babcock-wanson.com\/wp-content\/uploads\/2024\/02\/Babcock-Wanson-1200x1200-1.png","width":1200,"height":1200,"caption":"Babcock Wanson"},"image":{"@id":"https:\/\/www.babcock-wanson.com\/de\/#\/schema\/logo\/image\/"},"sameAs":["https:\/\/www.linkedin.com\/company\/babcock-wanson\/","https:\/\/www.youtube.com\/channel\/UCtxl25VieBBsP2kYmtlyv7A"]}]}},"jetpack_sharing_enabled":true,"_links":{"self":[{"href":"https:\/\/www.babcock-wanson.com\/de\/wp-json\/wp\/v2\/pages\/50101","targetHints":{"allow":["GET"]}}],"collection":[{"href":"https:\/\/www.babcock-wanson.com\/de\/wp-json\/wp\/v2\/pages"}],"about":[{"href":"https:\/\/www.babcock-wanson.com\/de\/wp-json\/wp\/v2\/types\/page"}],"author":[{"embeddable":true,"href":"https:\/\/www.babcock-wanson.com\/de\/wp-json\/wp\/v2\/users\/1"}],"replies":[{"embeddable":true,"href":"https:\/\/www.babcock-wanson.com\/de\/wp-json\/wp\/v2\/comments?post=50101"}],"version-history":[{"count":4,"href":"https:\/\/www.babcock-wanson.com\/de\/wp-json\/wp\/v2\/pages\/50101\/revisions"}],"predecessor-version":[{"id":51868,"href":"https:\/\/www.babcock-wanson.com\/de\/wp-json\/wp\/v2\/pages\/50101\/revisions\/51868"}],"wp:attachment":[{"href":"https:\/\/www.babcock-wanson.com\/de\/wp-json\/wp\/v2\/media?parent=50101"}],"curies":[{"name":"wp","href":"https:\/\/api.w.org\/{rel}","templated":true}]}}