{"id":50117,"date":"2025-01-17T09:33:45","date_gmt":"2025-01-17T09:33:45","guid":{"rendered":"https:\/\/www.babcock-wanson.com\/unternehmensprofil\/nachhaltigkeit\/"},"modified":"2025-04-16T14:53:30","modified_gmt":"2025-04-16T13:53:30","slug":"nachhaltigkeit","status":"publish","type":"page","link":"https:\/\/www.babcock-wanson.com\/de\/unternehmensprofil\/nachhaltigkeit\/","title":{"rendered":"Nachhaltigkeit"},"content":{"rendered":"<div class=\"vgblk-rw-wrapper limit-wrapper\">\n<h2>\n\tBabcock Wanson ist fest entschlossen, Nachhaltigkeit in unsere Gesch\u00e4ftsstrategie zu integrieren. Das Ziel ist, unseren Kunden zu helfen, ihre Umweltziele zu erreichen\n\t<\/h2>\n<h3>\n\tUmweltauswirkungen\n\t<\/h3>\n\t<p>Unsere umweltfreundlichen Ausstattungsmerkmale sind der Schl\u00fcssel, um Ihnen dabei zu helfen, Ihre Auswirkungen auf die Umwelt zu reduzieren.<\/p>\n<h3>\n\tEnergieeffizienz\n\t<\/h3>\n\t<p>Wir bieten viele Optimierungsm\u00f6glichkeiten und arbeiten mit unseren Industriekunden zusammen, um das Einsparpotenzial aufzuzeigen<\/p>\n<h3>\n\tKonformit\u00e4t mit den Vorschriften\n\t<\/h3>\n\t<p>Kessel von Babcock Wanson erf\u00fcllen und \u00fcbertreffen h\u00e4ufig die aktuellen Leistungsvorschriften<\/p>\n<h3>\n\tKreislaufwirtschaft\n\t<\/h3>\n\t<p>Wir streben die Zusammenarbeit mit lokalen Lieferanten von Waren und Dienstleistungen an, um die Transportwege f\u00fcr alle Materialien zu reduzieren<\/p>\n<h2>\n\tEnergieeffizienz\n\t<\/h2>\n\t<p>Einer der wichtigsten Faktoren f\u00fcr eine sehr hohe Energieeffizienz des Systems ist die F\u00e4higkeit von Babcock Wanson Products, in einem einfachen, m\u00f6glichst vollst\u00e4ndigen geschlossenen Energiekreislauf bei hohen Temperaturen betrieben zu werden. Dieser Ansatz erm\u00f6glicht eine Optimierung der Energie\u00fcbertragung, um \u00fcber den Betriebsbereich des Kessels Wirkungsgrade von bis zu 97&nbsp;% (je nach Produkt und Betriebsbedingungen) zu erreichen.<\/p>\n<p>Babcock Wanson bietet zahlreiche Optimierungsm\u00f6glichkeiten und arbeitet mit unseren Industriekunden zusammen, um Einsparpotenziale aufzuzeigen und die besten L\u00f6sungen f\u00fcr ihre Einsatzbereiche zu ermitteln.<\/p>\n\t\t\t\t\t\t\t99%\t\t\t\t\n\t\t\t<style>\n\t\t\t\t.fl-node- .fl-number-bars-container {\n\t\t\t\t\tbackground-color: var( --vamtam-accent-color-7 );\n\t\t\t\t}\n\t\t\t\t.fl-node- .fl-number-bar {\n\t\t\t\t\tbackground-color: var( --vamtam-accent-color-1 );\n\t\t\t\t}\n\t\t\t<\/style>\n\t<p>Typischer Wirkungsgrad neuer elektrischer Kessel<\/p>\n\t\t\t\t\t\t\t95%\t\t\t\t\n\t\t\t<style>\n\t\t\t\t.fl-node- .fl-number-bars-container {\n\t\t\t\t\tbackground-color: var( --vamtam-accent-color-7 );\n\t\t\t\t}\n\t\t\t\t.fl-node- .fl-number-bar {\n\t\t\t\t\tbackground-color: var( --vamtam-accent-color-1 );\n\t\t\t\t}\n\t\t\t<\/style>\n\t<p>Typischer Wirkungsgrad neuer gasbetriebener Kessel<\/p>\n\t\t\t\t\t\t\t75%\t\t\t\t\n\t\t\t<style>\n\t\t\t\t.fl-node- .fl-number-bars-container {\n\t\t\t\t\tbackground-color: var( --vamtam-accent-color-7 );\n\t\t\t\t}\n\t\t\t\t.fl-node- .fl-number-bar {\n\t\t\t\t\tbackground-color: var( --vamtam-accent-color-1 );\n\t\t\t\t}\n\t\t\t<\/style>\n\t<p>Typische Steigerung der Abschl\u00e4mmrate dank Umkehrosmose<\/p>\n\t\t\t\t\t\t\t<img loading=\"lazy\" decoding=\"async\" src=\"https:\/\/www.babcock-wanson.com\/wp-content\/uploads\/2019\/02\/boiler-management-training-1.jpg\" alt=\"boiler management training\" itemprop=\"image\" height=\"400\" width=\"600\" title=\"boiler-management-training-1\" onerror=\"this.style.display='none'\"  sizes=\"auto, (max-width: 768px) 100vw, 100vw\" srcset=\"https:\/\/www.babcock-wanson.com\/wp-content\/uploads\/2019\/02\/boiler-management-training-1.jpg 600w, https:\/\/www.babcock-wanson.com\/wp-content\/uploads\/2019\/02\/boiler-management-training-1-420x280.jpg 420w, https:\/\/www.babcock-wanson.com\/wp-content\/uploads\/2019\/02\/boiler-management-training-1-300x200.jpg 300w, https:\/\/www.babcock-wanson.com\/wp-content\/uploads\/2019\/02\/boiler-management-training-1-315x210.jpg 315w\" \/>\t\t\t\t\t\t\t\n<h2>\n\t\tKonformit\u00e4t &amp; Vorschriften\n\t<\/h2>\n\t<p>Kessel von Babcock Wanson erf\u00fcllen und \u00fcbertreffen oftmals die aktuellen Leistungsvorschriften.<\/p>\n<p>Babcock Wanson arbeitet auch mit dem Carbon Trust zusammen, um Ihren Energieverbrauch mit hochwertigen W\u00e4rmetr\u00e4gerheizsystemen zu optimieren. Der Carbon Trust ist ein internationaler, unabh\u00e4ngiger, fachkundiger Partner f\u00fchrender Organisationen, der ihn hilft, durch Kohlenstoffreduzierung, Ressourceneffizienzstrategien und die Vermarktung kohlenstoffarmer Technologien zu einer nachhaltigeren Zukunft beizutragen und davon zu profitieren.<\/p>\n<p>DEMOXYA ist ein Projekt von Babcock Wanson, das von der franz\u00f6sischen Umwelt- und Energiemanagement-Agentur ADEME im Rahmen einer Ausschreibung f\u00fcr Projekte zur Unterst\u00fctzung von Forschungs- und Entwicklungsprogrammen zur Verbesserung der Luftqualit\u00e4t in Innenr\u00e4umen und im Freien finanziert wird. Der Name des Projekts steht f\u00fcr \u201eDeveloppement et d\u00e9monstration de br\u00fbleurs \u00e0 tr\u00e8s faibles \u00e9missions d&#8217;oxydes d&#8217;azote&#8220; (Entwicklung und Demonstration von Brennern mit sehr geringen Stickstoffoxidemissionen).<\/p>\n<h2>\n\t\tKosten- &amp; Zeiteffizienz\n\t<\/h2>\n\t<p>Um Kostensenkungen und potenzielle Verbesserungen beim Betrieb Ihres Kesselhauses zu ermitteln, hat Babcock Wanson ein Analysewerkzeug f\u00fcr Kesselh\u00e4user entwickelt, mit dem m\u00f6gliche Brennstoffeinsparungen vor der Investition quantifiziert werden k\u00f6nnen. Dieses Werkzeug ber\u00fccksichtigt alle Betriebsparameter des Kesselhauses, von der <a href=\"https:\/\/www.babcock-wanson.com\/de\/produkt-kategorie\/industrielle-wasseraufbereitung\/\" target=\"_blank\" rel=\"noopener\">Wasseraufbereitung<\/a> bis hin zum Brennstoffeinsatz und den Abgasemissionen.<\/p>\n<p>Alle Produkte von Babcock Wanson sind auf einfache Bedienung ausgelegt und unsere Kunden profitieren von der damit verbundenen Kostenkontrolle.<\/p>\n\t\t\t\t\t\t\t<img loading=\"lazy\" decoding=\"async\" src=\"https:\/\/www.babcock-wanson.com\/wp-content\/uploads\/2019\/02\/industrial-boiler-after-sales-service-2.jpg\" alt=\"industrial-boiler-after-sales-service\" itemprop=\"image\" height=\"400\" width=\"600\" title=\"industrial-boiler-after-sales-service-2\" onerror=\"this.style.display='none'\"  sizes=\"auto, (max-width: 768px) 100vw, 100vw\" srcset=\"https:\/\/www.babcock-wanson.com\/wp-content\/uploads\/2019\/02\/industrial-boiler-after-sales-service-2.jpg 600w, https:\/\/www.babcock-wanson.com\/wp-content\/uploads\/2019\/02\/industrial-boiler-after-sales-service-2-420x280.jpg 420w, https:\/\/www.babcock-wanson.com\/wp-content\/uploads\/2019\/02\/industrial-boiler-after-sales-service-2-300x200.jpg 300w, https:\/\/www.babcock-wanson.com\/wp-content\/uploads\/2019\/02\/industrial-boiler-after-sales-service-2-315x210.jpg 315w\" \/>\t\t\t\t\t\t\t\n\t\t\t\t\t\t\t<img loading=\"lazy\" decoding=\"async\" src=\"https:\/\/www.babcock-wanson.com\/wp-content\/uploads\/2018\/09\/Regenerative-Oxidisers-4.jpg\" alt=\"Regenerative Oxidisers (4)\" itemprop=\"image\" height=\"400\" width=\"600\" title=\"Regenerative Oxidisers (4)\" onerror=\"this.style.display='none'\"  sizes=\"auto, (max-width: 768px) 100vw, 100vw\" srcset=\"https:\/\/www.babcock-wanson.com\/wp-content\/uploads\/2018\/09\/Regenerative-Oxidisers-4.jpg 600w, https:\/\/www.babcock-wanson.com\/wp-content\/uploads\/2018\/09\/Regenerative-Oxidisers-4-420x280.jpg 420w, https:\/\/www.babcock-wanson.com\/wp-content\/uploads\/2018\/09\/Regenerative-Oxidisers-4-300x200.jpg 300w, https:\/\/www.babcock-wanson.com\/wp-content\/uploads\/2018\/09\/Regenerative-Oxidisers-4-315x210.jpg 315w\" \/>\t\t\t\t\t\t\t\n<h2>\n\t\tNOx- &amp; Emissions-Reduzierung\n\t<\/h2>\n\t<p>Energieeffizienz ist nicht der einzige Vorteil, den die Produkte von Babcock Wanson bieten. Umweltfreundliche Eigenschaften sind ein weiterer Schl\u00fcssel, um die Auswirkungen auf die Umwelt zu reduzieren.<\/p>\n<p>Stickstoffoxide, abgek\u00fcrzt NOx, haben erhebliche Auswirkungen auf die Gesundheit und die Umwelt. Stickoxidemissionen, die in Verbrennungsanlagen entstehen, tragen zur Versauerung der nat\u00fcrlichen Umwelt, zur photochemischen Verschmutzung (Smog) und zur Eutrophierung (Verschlechterung der Wasserqualit\u00e4t durch \u00fcberm\u00e4\u00dfiges Pflanzenwachstum) bei.<\/p>\n<p>Das Team der Verbrennungsingenieure von Babcock Wanson hat sich zum Ziel gesetzt, die bei der Verbrennung entstehenden Stickoxidemissionen weiter zu reduzieren und die Energieeffizienz durch eine Vergr\u00f6\u00dferung des Modulationsbereichs unserer Brenner zu verbessern. Je genauer die Brennerleistung dem Prozessbedarf entspricht, desto geringer sind die Verluste und desto effizienter ist der Gesamtprozess.<\/p>\n<p>Durch die Bereitstellung hocheffizienter L\u00f6sungen werden in der Folge auch die CO<sub>2<\/sub>-Emissionen reduziert.<\/p>\n<h2>\n\t\tKreislaufwirtschaft\n\t<\/h2>\n\t<p>Babcock Wanson strebt die Zusammenarbeit mit lokalen Lieferanten von Waren und Dienstleistungen an, wo immer dies m\u00f6glich ist.<\/p>\n<p>Zudem sind wir bestrebt, die Transportwege aller an unsere Produktionsanlagen gelieferten Materialien zu verringern.<\/p>\n<p>Babcock Wanson verfolgt diese Ziele und arbeitet hart daran, die Umwelt zu respektieren. Es ist unser Ziel, eine Kreislaufwirtschaft zu f\u00f6rdern, die die Umweltauswirkungen im Zusammenhang mit dem Lebenszyklus und der Produktion aller unserer Produkte reduziert.<\/p>\n\t\t\t\t\t\t\t<img loading=\"lazy\" decoding=\"async\" src=\"https:\/\/www.babcock-wanson.com\/wp-content\/uploads\/2018\/08\/HTV-Indirect-Process-Air-Heaters-4.jpg\" alt=\"HTV Indirect Process Air Heaters (4)\" itemprop=\"image\" height=\"400\" width=\"600\" title=\"HTV Indirect Process Air Heaters (4)\" onerror=\"this.style.display='none'\"  sizes=\"auto, (max-width: 768px) 100vw, 100vw\" srcset=\"https:\/\/www.babcock-wanson.com\/wp-content\/uploads\/2018\/08\/HTV-Indirect-Process-Air-Heaters-4.jpg 600w, https:\/\/www.babcock-wanson.com\/wp-content\/uploads\/2018\/08\/HTV-Indirect-Process-Air-Heaters-4-420x280.jpg 420w, https:\/\/www.babcock-wanson.com\/wp-content\/uploads\/2018\/08\/HTV-Indirect-Process-Air-Heaters-4-300x200.jpg 300w, https:\/\/www.babcock-wanson.com\/wp-content\/uploads\/2018\/08\/HTV-Indirect-Process-Air-Heaters-4-315x210.jpg 315w\" \/>\t\t\t\t\t\t\t\n<h3>\n\tSauberer und gr\u00fcner werden\n\t<\/h3>\n\t<p>Ein besseres Verst\u00e4ndnis und technologische Verbesserungen bieten uns die M\u00f6glichkeit, unsere Arbeitsweise zu verbessern und unsere Umweltauswirkungen auf intelligentere und ma\u00dfvollere Weise zu minimieren.<\/p>\n\t<a href=\"https:\/\/www.babcock-wanson.com\/de\/kontaktaufnahme\/\" target=\"_self\" role=\"button\">\n\t\t\t\t\tStellen Sie uns weitere Fragen\n\t<\/a>\n<h3>\n\tSmarter Green-Initiativen\n\t<\/h3>\n\t<p>Unser Smarter Green-Programm. Smarter Green reagiert auf die wichtigsten Auswirkungen unserer Gesch\u00e4ftst\u00e4tigkeit auf die Umwelt, einschlie\u00dflich der Auswirkungen des Klimawandels auf unser Unternehmen und unsere Energieverwendung.<\/p>\n\t<a href=\"https:\/\/www.babcock-wanson.com\/de\/kontaktaufnahme\/\" target=\"_self\" role=\"button\">\n\t\t\t\t\tStellen Sie uns weitere Fragen\n\t<\/a>\n\n<\/div><!-- .vgblk-rw-wrapper -->","protected":false},"excerpt":{"rendered":"<p>Babcock Wanson ist fest entschlossen, Nachhaltigkeit in unsere Gesch\u00e4ftsstrategie zu integrieren. Das Ziel ist, unseren Kunden zu helfen, ihre Umweltziele zu erreichen Umweltauswirkungen Unsere umweltfreundlichen Ausstattungsmerkmale sind der Schl\u00fcssel, um Ihnen dabei zu helfen, Ihre Auswirkungen auf die Umwelt zu reduzieren. Energieeffizienz Wir bieten viele Optimierungsm\u00f6glichkeiten und arbeiten mit unseren Industriekunden zusammen, um das Einsparpotenzial&#8230;<\/p>\n","protected":false},"author":1,"featured_media":0,"parent":50101,"menu_order":0,"comment_status":"closed","ping_status":"closed","template":"","meta":{"_acf_changed":false,"_relevanssi_hide_post":"","_relevanssi_hide_content":"","_relevanssi_pin_for_all":"","_relevanssi_pin_keywords":"","_relevanssi_unpin_keywords":"","_relevanssi_related_keywords":"","_relevanssi_related_include_ids":"","_relevanssi_related_exclude_ids":"","_relevanssi_related_no_append":"","_relevanssi_related_not_related":"","_relevanssi_related_posts":"","_relevanssi_noindex_reason":"","footnotes":""},"class_list":["post-50117","page","type-page","status-publish","hentry"],"acf":[],"yoast_head":"<!-- This site is optimized with the Yoast SEO Premium plugin v27.4 (Yoast SEO v27.4) - https:\/\/yoast.com\/product\/yoast-seo-premium-wordpress\/ -->\n<title>Nachhaltigkeit - Babcock Wanson<\/title>\n<meta name=\"description\" content=\"Babcock Wanson ist fest entschlossen, Nachhaltigkeit in unsere Gesch\u00e4ftsstrategie zu integrieren. Klicken Sie hier, um mehr dar\u00fcber zu erfahren\" \/>\n<meta name=\"robots\" content=\"index, follow, max-snippet:-1, max-image-preview:large, max-video-preview:-1\" \/>\n<link rel=\"canonical\" href=\"https:\/\/www.babcock-wanson.com\/de\/unternehmensprofil\/nachhaltigkeit\/\" \/>\n<meta property=\"og:locale\" content=\"de_DE\" \/>\n<meta property=\"og:type\" content=\"article\" \/>\n<meta property=\"og:title\" content=\"Nachhaltigkeit\" \/>\n<meta property=\"og:description\" content=\"Babcock Wanson ist fest entschlossen, Nachhaltigkeit in unsere Gesch\u00e4ftsstrategie zu integrieren. Klicken Sie hier, um mehr dar\u00fcber zu erfahren\" \/>\n<meta property=\"og:url\" content=\"https:\/\/www.babcock-wanson.com\/de\/unternehmensprofil\/nachhaltigkeit\/\" \/>\n<meta property=\"og:site_name\" content=\"Babcock Wanson\" \/>\n<meta property=\"article:modified_time\" content=\"2025-04-16T13:53:30+00:00\" \/>\n<meta property=\"og:image\" content=\"https:\/\/www.babcock-wanson.com\/wp-content\/uploads\/2019\/02\/boiler-management-training-1.jpg\" \/>\n<meta name=\"twitter:card\" content=\"summary_large_image\" \/>\n<meta name=\"twitter:label1\" content=\"Est. reading time\" \/>\n\t<meta name=\"twitter:data1\" content=\"4 Minuten\" \/>\n<script type=\"application\/ld+json\" class=\"yoast-schema-graph\">{\"@context\":\"https:\\\/\\\/schema.org\",\"@graph\":[{\"@type\":\"WebPage\",\"@id\":\"https:\\\/\\\/www.babcock-wanson.com\\\/de\\\/unternehmensprofil\\\/nachhaltigkeit\\\/\",\"url\":\"https:\\\/\\\/www.babcock-wanson.com\\\/de\\\/unternehmensprofil\\\/nachhaltigkeit\\\/\",\"name\":\"Nachhaltigkeit - Babcock Wanson\",\"isPartOf\":{\"@id\":\"https:\\\/\\\/www.babcock-wanson.com\\\/de\\\/#website\"},\"primaryImageOfPage\":{\"@id\":\"https:\\\/\\\/www.babcock-wanson.com\\\/de\\\/unternehmensprofil\\\/nachhaltigkeit\\\/#primaryimage\"},\"image\":{\"@id\":\"https:\\\/\\\/www.babcock-wanson.com\\\/de\\\/unternehmensprofil\\\/nachhaltigkeit\\\/#primaryimage\"},\"thumbnailUrl\":\"https:\\\/\\\/www.babcock-wanson.com\\\/wp-content\\\/uploads\\\/2019\\\/02\\\/boiler-management-training-1.jpg\",\"datePublished\":\"2025-01-17T09:33:45+00:00\",\"dateModified\":\"2025-04-16T13:53:30+00:00\",\"description\":\"Babcock Wanson ist fest entschlossen, Nachhaltigkeit in unsere Gesch\u00e4ftsstrategie zu integrieren. Klicken Sie hier, um mehr dar\u00fcber zu erfahren\",\"breadcrumb\":{\"@id\":\"https:\\\/\\\/www.babcock-wanson.com\\\/de\\\/unternehmensprofil\\\/nachhaltigkeit\\\/#breadcrumb\"},\"inLanguage\":\"de-DE\",\"potentialAction\":[{\"@type\":\"ReadAction\",\"target\":[\"https:\\\/\\\/www.babcock-wanson.com\\\/de\\\/unternehmensprofil\\\/nachhaltigkeit\\\/\"]}]},{\"@type\":\"ImageObject\",\"inLanguage\":\"de-DE\",\"@id\":\"https:\\\/\\\/www.babcock-wanson.com\\\/de\\\/unternehmensprofil\\\/nachhaltigkeit\\\/#primaryimage\",\"url\":\"https:\\\/\\\/www.babcock-wanson.com\\\/wp-content\\\/uploads\\\/2019\\\/02\\\/boiler-management-training-1.jpg\",\"contentUrl\":\"https:\\\/\\\/www.babcock-wanson.com\\\/wp-content\\\/uploads\\\/2019\\\/02\\\/boiler-management-training-1.jpg\"},{\"@type\":\"BreadcrumbList\",\"@id\":\"https:\\\/\\\/www.babcock-wanson.com\\\/de\\\/unternehmensprofil\\\/nachhaltigkeit\\\/#breadcrumb\",\"itemListElement\":[{\"@type\":\"ListItem\",\"position\":1,\"name\":\"Inicio\",\"item\":\"https:\\\/\\\/www.babcock-wanson.com\\\/de\\\/\"},{\"@type\":\"ListItem\",\"position\":2,\"name\":\"Unternehmensprofil\",\"item\":\"https:\\\/\\\/www.babcock-wanson.com\\\/de\\\/unternehmensprofil\\\/\"},{\"@type\":\"ListItem\",\"position\":3,\"name\":\"Nachhaltigkeit\"}]},{\"@type\":\"WebSite\",\"@id\":\"https:\\\/\\\/www.babcock-wanson.com\\\/de\\\/#website\",\"url\":\"https:\\\/\\\/www.babcock-wanson.com\\\/de\\\/\",\"name\":\"Babcock Wanson\",\"description\":\"\",\"publisher\":{\"@id\":\"https:\\\/\\\/www.babcock-wanson.com\\\/de\\\/#organization\"},\"potentialAction\":[{\"@type\":\"SearchAction\",\"target\":{\"@type\":\"EntryPoint\",\"urlTemplate\":\"https:\\\/\\\/www.babcock-wanson.com\\\/de\\\/?s={search_term_string}\"},\"query-input\":{\"@type\":\"PropertyValueSpecification\",\"valueRequired\":true,\"valueName\":\"search_term_string\"}}],\"inLanguage\":\"de-DE\"},{\"@type\":\"Organization\",\"@id\":\"https:\\\/\\\/www.babcock-wanson.com\\\/de\\\/#organization\",\"name\":\"Babcock Wanson\",\"url\":\"https:\\\/\\\/www.babcock-wanson.com\\\/de\\\/\",\"logo\":{\"@type\":\"ImageObject\",\"inLanguage\":\"de-DE\",\"@id\":\"https:\\\/\\\/www.babcock-wanson.com\\\/de\\\/#\\\/schema\\\/logo\\\/image\\\/\",\"url\":\"https:\\\/\\\/www.babcock-wanson.com\\\/wp-content\\\/uploads\\\/2024\\\/02\\\/Babcock-Wanson-1200x1200-1.png\",\"contentUrl\":\"https:\\\/\\\/www.babcock-wanson.com\\\/wp-content\\\/uploads\\\/2024\\\/02\\\/Babcock-Wanson-1200x1200-1.png\",\"width\":1200,\"height\":1200,\"caption\":\"Babcock Wanson\"},\"image\":{\"@id\":\"https:\\\/\\\/www.babcock-wanson.com\\\/de\\\/#\\\/schema\\\/logo\\\/image\\\/\"},\"sameAs\":[\"https:\\\/\\\/www.linkedin.com\\\/company\\\/babcock-wanson\\\/\",\"https:\\\/\\\/www.youtube.com\\\/channel\\\/UCtxl25VieBBsP2kYmtlyv7A\"]}]}<\/script>\n<!-- \/ Yoast SEO Premium plugin. -->","yoast_head_json":{"title":"Nachhaltigkeit - Babcock Wanson","description":"Babcock Wanson ist fest entschlossen, Nachhaltigkeit in unsere Gesch\u00e4ftsstrategie zu integrieren. Klicken Sie hier, um mehr dar\u00fcber zu erfahren","robots":{"index":"index","follow":"follow","max-snippet":"max-snippet:-1","max-image-preview":"max-image-preview:large","max-video-preview":"max-video-preview:-1"},"canonical":"https:\/\/www.babcock-wanson.com\/de\/unternehmensprofil\/nachhaltigkeit\/","og_locale":"de_DE","og_type":"article","og_title":"Nachhaltigkeit","og_description":"Babcock Wanson ist fest entschlossen, Nachhaltigkeit in unsere Gesch\u00e4ftsstrategie zu integrieren. Klicken Sie hier, um mehr dar\u00fcber zu erfahren","og_url":"https:\/\/www.babcock-wanson.com\/de\/unternehmensprofil\/nachhaltigkeit\/","og_site_name":"Babcock Wanson","article_modified_time":"2025-04-16T13:53:30+00:00","og_image":[{"url":"https:\/\/www.babcock-wanson.com\/wp-content\/uploads\/2019\/02\/boiler-management-training-1.jpg","type":"","width":"","height":""}],"twitter_card":"summary_large_image","twitter_misc":{"Est. reading time":"4 Minuten"},"schema":{"@context":"https:\/\/schema.org","@graph":[{"@type":"WebPage","@id":"https:\/\/www.babcock-wanson.com\/de\/unternehmensprofil\/nachhaltigkeit\/","url":"https:\/\/www.babcock-wanson.com\/de\/unternehmensprofil\/nachhaltigkeit\/","name":"Nachhaltigkeit - Babcock Wanson","isPartOf":{"@id":"https:\/\/www.babcock-wanson.com\/de\/#website"},"primaryImageOfPage":{"@id":"https:\/\/www.babcock-wanson.com\/de\/unternehmensprofil\/nachhaltigkeit\/#primaryimage"},"image":{"@id":"https:\/\/www.babcock-wanson.com\/de\/unternehmensprofil\/nachhaltigkeit\/#primaryimage"},"thumbnailUrl":"https:\/\/www.babcock-wanson.com\/wp-content\/uploads\/2019\/02\/boiler-management-training-1.jpg","datePublished":"2025-01-17T09:33:45+00:00","dateModified":"2025-04-16T13:53:30+00:00","description":"Babcock Wanson ist fest entschlossen, Nachhaltigkeit in unsere Gesch\u00e4ftsstrategie zu integrieren. Klicken Sie hier, um mehr dar\u00fcber zu erfahren","breadcrumb":{"@id":"https:\/\/www.babcock-wanson.com\/de\/unternehmensprofil\/nachhaltigkeit\/#breadcrumb"},"inLanguage":"de-DE","potentialAction":[{"@type":"ReadAction","target":["https:\/\/www.babcock-wanson.com\/de\/unternehmensprofil\/nachhaltigkeit\/"]}]},{"@type":"ImageObject","inLanguage":"de-DE","@id":"https:\/\/www.babcock-wanson.com\/de\/unternehmensprofil\/nachhaltigkeit\/#primaryimage","url":"https:\/\/www.babcock-wanson.com\/wp-content\/uploads\/2019\/02\/boiler-management-training-1.jpg","contentUrl":"https:\/\/www.babcock-wanson.com\/wp-content\/uploads\/2019\/02\/boiler-management-training-1.jpg"},{"@type":"BreadcrumbList","@id":"https:\/\/www.babcock-wanson.com\/de\/unternehmensprofil\/nachhaltigkeit\/#breadcrumb","itemListElement":[{"@type":"ListItem","position":1,"name":"Inicio","item":"https:\/\/www.babcock-wanson.com\/de\/"},{"@type":"ListItem","position":2,"name":"Unternehmensprofil","item":"https:\/\/www.babcock-wanson.com\/de\/unternehmensprofil\/"},{"@type":"ListItem","position":3,"name":"Nachhaltigkeit"}]},{"@type":"WebSite","@id":"https:\/\/www.babcock-wanson.com\/de\/#website","url":"https:\/\/www.babcock-wanson.com\/de\/","name":"Babcock Wanson","description":"","publisher":{"@id":"https:\/\/www.babcock-wanson.com\/de\/#organization"},"potentialAction":[{"@type":"SearchAction","target":{"@type":"EntryPoint","urlTemplate":"https:\/\/www.babcock-wanson.com\/de\/?s={search_term_string}"},"query-input":{"@type":"PropertyValueSpecification","valueRequired":true,"valueName":"search_term_string"}}],"inLanguage":"de-DE"},{"@type":"Organization","@id":"https:\/\/www.babcock-wanson.com\/de\/#organization","name":"Babcock Wanson","url":"https:\/\/www.babcock-wanson.com\/de\/","logo":{"@type":"ImageObject","inLanguage":"de-DE","@id":"https:\/\/www.babcock-wanson.com\/de\/#\/schema\/logo\/image\/","url":"https:\/\/www.babcock-wanson.com\/wp-content\/uploads\/2024\/02\/Babcock-Wanson-1200x1200-1.png","contentUrl":"https:\/\/www.babcock-wanson.com\/wp-content\/uploads\/2024\/02\/Babcock-Wanson-1200x1200-1.png","width":1200,"height":1200,"caption":"Babcock Wanson"},"image":{"@id":"https:\/\/www.babcock-wanson.com\/de\/#\/schema\/logo\/image\/"},"sameAs":["https:\/\/www.linkedin.com\/company\/babcock-wanson\/","https:\/\/www.youtube.com\/channel\/UCtxl25VieBBsP2kYmtlyv7A"]}]}},"jetpack_sharing_enabled":true,"_links":{"self":[{"href":"https:\/\/www.babcock-wanson.com\/de\/wp-json\/wp\/v2\/pages\/50117","targetHints":{"allow":["GET"]}}],"collection":[{"href":"https:\/\/www.babcock-wanson.com\/de\/wp-json\/wp\/v2\/pages"}],"about":[{"href":"https:\/\/www.babcock-wanson.com\/de\/wp-json\/wp\/v2\/types\/page"}],"author":[{"embeddable":true,"href":"https:\/\/www.babcock-wanson.com\/de\/wp-json\/wp\/v2\/users\/1"}],"replies":[{"embeddable":true,"href":"https:\/\/www.babcock-wanson.com\/de\/wp-json\/wp\/v2\/comments?post=50117"}],"version-history":[{"count":3,"href":"https:\/\/www.babcock-wanson.com\/de\/wp-json\/wp\/v2\/pages\/50117\/revisions"}],"predecessor-version":[{"id":51871,"href":"https:\/\/www.babcock-wanson.com\/de\/wp-json\/wp\/v2\/pages\/50117\/revisions\/51871"}],"up":[{"embeddable":true,"href":"https:\/\/www.babcock-wanson.com\/de\/wp-json\/wp\/v2\/pages\/50101"}],"wp:attachment":[{"href":"https:\/\/www.babcock-wanson.com\/de\/wp-json\/wp\/v2\/media?parent=50117"}],"curies":[{"name":"wp","href":"https:\/\/api.w.org\/{rel}","templated":true}]}}