{"id":50122,"date":"2025-01-17T09:33:48","date_gmt":"2025-01-17T09:33:48","guid":{"rendered":"https:\/\/www.babcock-wanson.com\/unsere-produkte\/"},"modified":"2025-05-13T10:59:12","modified_gmt":"2025-05-13T09:59:12","slug":"unsere-produkte","status":"publish","type":"page","link":"https:\/\/www.babcock-wanson.com\/de\/unsere-produkte\/","title":{"rendered":"Unsere Produkte"},"content":{"rendered":"<div class=\"vgblk-rw-wrapper limit-wrapper\">\n\n\t<h2>Komplette Produktreihe f\u00fcr das <strong>Industriekesselhaus<\/strong><\/h2>\n<h4>Unsere <strong>Produktreihen<\/strong> sind darauf ausgelegt, sicherzustellen, dass Sie den besten Kessel f\u00fcr Ihre Anforderungen erhalten. Egal, ob Sie einen Dampfkessel, einen W\u00e4rmetr\u00e4gerheizer, einen Industriebrenner oder eine schl\u00fcsselfertige Komplettl\u00f6sung ben\u00f6tigen.<\/h4>\n\t<h4>Unser Ziel ist es, daf\u00fcr zu sorgen, dass Ihre Ausr\u00fcstung von <strong>Babcock Wanson<\/strong> so lange wie m\u00f6glich mit minimalen Ausfallzeiten so effizient wie m\u00f6glich arbeitet.<\/h4>\n<h4>Dar\u00fcber hinaus bieten wir einen innovativen Kesselmietdienst an, damit Ihr Energiebedarf in jeder Situation gedeckt ist.<\/h4>\n<h4>W\u00e4hlen Sie aus einer breiten Palette von Kesseln bis zu 12.000 kW, einschlie\u00dflich W\u00e4rmetr\u00e4gerheizsystemen.<\/h4>\n<h2>\n\tDie Produktreihen von <b>Babcock Wanson<\/b>\n\t<\/h2>\n<h2>\n\t\t\t<a href=\"https:\/\/www.babcock-wanson.com\/de\/produkt-kategorie\/dampfkessel\/\" title=\"Dampfkessel\" target=\"_self\">\n\tDampfkessel\n\t\t\t<\/a>\n\t<\/h2>\n\t<a href=\"https:\/\/www.babcock-wanson.com\/de\/produkt-kategorie\/dampfkessel\/\" target=\"_self\" role=\"button\">\n\t\t\t\t\tMehr erfahren\n\t<\/a>\n<h2>\n\t\t\t<a href=\"https:\/\/www.babcock-wanson.com\/de\/produkt-kategorie\/warmetragerheizer\/\" title=\"W\u00e4rmetr\u00e4gerheizer\" target=\"_self\">\n\tW\u00e4rmetr\u00e4gerheizer\n\t\t\t<\/a>\n\t<\/h2>\n\t<a href=\"https:\/\/www.babcock-wanson.com\/de\/produkt-kategorie\/warmetragerheizer\/\" target=\"_self\" role=\"button\">\n\t\t\t\t\tMehr erfahren\n\t<\/a>\n<h2>\n\t\t\t<a href=\"https:\/\/www.babcock-wanson.com\/de\/produkt-kategorie\/heiswasserkessel-fur-den-industriellen-einsatz\/\" title=\"Hei\u00dfwasserkessel f\u00fcr den industriellen Einsatz\" target=\"_self\">\n\tHei\u00dfwasserkessel f\u00fcr den industriellen Einsatz\n\t\t\t<\/a>\n\t<\/h2>\n\t<a href=\"https:\/\/www.babcock-wanson.com\/de\/produkt-kategorie\/heiswasserkessel-fur-den-industriellen-einsatz\/\" target=\"_self\" role=\"button\">\n\t\t\t\t\tMehr erfahren\n\t<\/a>\n<h2>\n\t\t\t<a href=\"https:\/\/www.babcock-wanson.com\/de\/produkt-kategorie\/warmeruckgewinnungssysteme\/\" title=\"W\u00e4rmer\u00fcckgewinnungssysteme\" target=\"_self\">\n\tW\u00e4rmer\u00fcckgewinnungssysteme\n\t\t\t<\/a>\n\t<\/h2>\n\t<a href=\"https:\/\/www.babcock-wanson.com\/de\/produkt-kategorie\/warmeruckgewinnungssysteme\/\" target=\"_self\" role=\"button\">\n\t\t\t\t\tMehr erfahren\n\t<\/a>\n<h2>\n\t\t\t<a href=\"https:\/\/www.babcock-wanson.com\/de\/produkt-kategorie\/industrielle-prozessluftheizer\/\" title=\"Industrielle Prozessluftheizer\" target=\"_self\">\n\tIndustrielle Prozessluftheizer\n\t\t\t<\/a>\n\t<\/h2>\n\t<a href=\"https:\/\/www.babcock-wanson.com\/de\/produkt-kategorie\/industrielle-prozessluftheizer\/\" target=\"_self\" role=\"button\">\n\t\t\t\t\tMehr erfahren\n\t<\/a>\n<h2>\n\t\t\t<a href=\"https:\/\/www.babcock-wanson.com\/de\/produkt-kategorie\/industriebrenner\/\" title=\"Industriebrenner\" target=\"_self\">\n\tIndustriebrenner\n\t\t\t<\/a>\n\t<\/h2>\n\t<a href=\"https:\/\/www.babcock-wanson.com\/de\/produkt-kategorie\/industriebrenner\/\" target=\"_self\" role=\"button\">\n\t\t\t\t\tMehr erfahren\n\t<\/a>\n<h2>\n\t\t\t<a href=\"https:\/\/www.babcock-wanson.com\/de\/produkt-kategorie\/industrielle-wasseraufbereitung\/\" title=\"Industrielle Wasseraufbereitung\" target=\"_self\">\n\tIndustrielle Wasseraufbereitung\n\t\t\t<\/a>\n\t<\/h2>\n\t<a href=\"https:\/\/www.babcock-wanson.com\/de\/produkt-kategorie\/industrielle-wasseraufbereitung\/\" target=\"_self\" role=\"button\">\n\t\t\t\t\tMehr erfahren\n\t<\/a>\n<h2>\n\t\t\t<a href=\"https:\/\/www.babcock-wanson.com\/de\/produkt-kategorie\/thermische-oxidatoren\/\" title=\"Thermische Oxidatoren\" target=\"_self\">\n\tThermische Oxidatoren\n\t\t\t<\/a>\n\t<\/h2>\n\t<a href=\"https:\/\/www.babcock-wanson.com\/de\/produkt-kategorie\/thermische-oxidatoren\/\" target=\"_self\" role=\"button\">\n\t\t\t\t\tMehr erfahren\n\t<\/a>\n<h2>\n\t\t\t<a href=\"https:\/\/www.babcock-wanson.com\/de\/unsere-produkte\/schluesselfertige-loesungen-pakete\/\" title=\"Schl\u00fcsselfertige L\u00f6sungen und Pakete\" target=\"_self\">\n\tSchl\u00fcsselfertige L\u00f6sungen und Pakete\n\t\t\t<\/a>\n\t<\/h2>\n\t<a href=\"https:\/\/www.babcock-wanson.com\/de\/unsere-produkte\/schluesselfertige-loesungen-pakete\/\" target=\"_self\" role=\"button\">\n\t\t\t\t\tMehr erfahren\n\t<\/a>\n<h5>\n\tWIR HABEN AUCH\n\t<\/h5>\n<h2>\n\tErg\u00e4nzende <strong>Dienstleistungen<\/strong><br \/>\n\t<\/h2>\n<h4>\n\t\t\t<a href=\"https:\/\/www.babcock-wanson.com\/de\/unsere-dienstleistungen\/kesselmiete\/\" title=\"Industriekessel zur Miete\" target=\"_self\">\n\tIndustriekessel zur Miete\n\t\t\t<\/a>\n\t<\/h4>\n\t<p><strong>Babcock Wanson<\/strong> bietet eine breite Palette von Heizkesseln zur Vermietung an, um Ihren Energiebedarf in jeder Situation zu decken.<\/p>\n\t<a href=\"https:\/\/www.babcock-wanson.com\/de\/unsere-dienstleistungen\/kesselmiete\/\" target=\"_self\" role=\"button\">\n\t\t\t\t\tMehr erfahren\n\t<\/a>\n<h4>\n\t\t\t<a href=\"https:\/\/www.babcock-wanson.com\/de\/unsere-dienstleistungen\/kesselmanagement-schulung\/\" title=\"Kesselmanagement-Schulung\" target=\"_self\">\n\tKesselmanagement-Schulung\n\t\t\t<\/a>\n\t<\/h4>\n\t<p>Damit Sie Ihre <strong>Babcock Wanson-Anlagen <\/strong>optimal nutzen k\u00f6nnen, bieten wir eine Reihe flexibler Schulungsoptionen f\u00fcr Industriekessel an.<\/p>\n\t<a href=\"https:\/\/www.babcock-wanson.com\/de\/unsere-dienstleistungen\/kesselmanagement-schulung\/\" target=\"_self\" role=\"button\">\n\t\t\t\t\tMehr erfahren\n\t<\/a>\n<h4>\n\t\t\t<a href=\"https:\/\/www.babcock-wanson.com\/de\/unsere-dienstleistungen\/kesselsanierung-modernisierung\/kesselraumoptimierung\/\" title=\"Kesselraum-Optimierung\" target=\"_self\">\n\tKesselraum-Optimierung\n\t\t\t<\/a>\n\t<\/h4>\n\t<p>Die Ingenieure von <strong>Babcock Wanson&#8217;s<\/strong>\u00a0erstellen einen detaillierten Bericht dar\u00fcber, wie die Anlage f\u00fcr maximale Effizienz und Betrieb optimiert werden kann..<\/p>\n\t<a href=\"https:\/\/www.babcock-wanson.com\/de\/unsere-dienstleistungen\/kesselsanierung-modernisierung\/kesselraumoptimierung\/\" target=\"_self\" role=\"button\">\n\t\t\t\t\tMehr erfahren\n\t<\/a>\n<h4>\n\t\t\t<a href=\"https:\/\/www.babcock-wanson.com\/de\/kontaktaufnahme\/\" title=\"Brauchen Sie Unterst\u00fctzung?\" target=\"_self\">\n\tBrauchen Sie Unterst\u00fctzung?\n\t\t\t<\/a>\n\t<\/h4>\n\t<p>F\u00fcr Unterst\u00fctzung vor oder nach dem Kauf wenden Sie sich bitte an die n\u00e4chstgelegene Babcock Wanson-Niederlassung in  <a href=\"https:\/\/www.babcock-wanson.com\/de\/kontaktaufnahme\/standorte\/\">Ihrer Region<\/a>.<\/p>\n\t<a href=\"https:\/\/www.babcock-wanson.com\/de\/kontaktaufnahme\/standorte\/\" target=\"_self\" role=\"button\">\n\t\t\t\t\tMehr erfahren\n\t<\/a>\n<h2>\n\tRufen Sie mich <b>zur\u00fcck&#8230;<\/b>\n\t<\/h2>\n<h4>\n\tAlle Aspekte unseres Produktdesigns, unserer Organisation und unserer Dienstleistungen sind auf die Bed\u00fcrfnisse unserer Kunden ausgerichtet.\n\t<\/h4>\n\tHinweis: F\u00fcr diese Inhalte ist JavaScript erforderlich.\n        <!-- That data is being printed as a workaround to page builders reordering the order of the scripts loaded-->\n        <h4>\n\t\tBereitstellung von Innovation\n\t<\/h4>\n<h2>\n\t\tNachhaltigkeitsziele\n\t<\/h2>\n\t<p><strong>Babcock Wanson <\/strong>konzentriert sich auf den Aufbau eines langfristigen, nachhaltigen Unternehmens und einer nachhaltigen Zukunft f\u00fcr unsere Welt.<\/p>\n\t\t\t<a href=\"https:\/\/www.babcock-wanson.com\/de\/unternehmensprofil\/nachhaltigkeit\/\" target=\"_self\">\n\t\t\t\t\t\t\tMehr erfahren\n\t\t\t<\/a>\n\n<\/div><!-- .vgblk-rw-wrapper -->","protected":false},"excerpt":{"rendered":"<p>Komplette Produktreihe f\u00fcr das Industriekesselhaus Unsere Produktreihen sind darauf ausgelegt, sicherzustellen, dass Sie den besten Kessel f\u00fcr Ihre Anforderungen erhalten. Egal, ob Sie einen Dampfkessel, einen W\u00e4rmetr\u00e4gerheizer, einen Industriebrenner oder eine schl\u00fcsselfertige Komplettl\u00f6sung ben\u00f6tigen. Unser Ziel ist es, daf\u00fcr zu sorgen, dass Ihre Ausr\u00fcstung von Babcock Wanson so lange wie m\u00f6glich mit minimalen Ausfallzeiten so&#8230;<\/p>\n","protected":false},"author":1,"featured_media":0,"parent":0,"menu_order":0,"comment_status":"closed","ping_status":"closed","template":"","meta":{"_acf_changed":false,"_relevanssi_hide_post":"","_relevanssi_hide_content":"","_relevanssi_pin_for_all":"","_relevanssi_pin_keywords":"","_relevanssi_unpin_keywords":"","_relevanssi_related_keywords":"","_relevanssi_related_include_ids":"","_relevanssi_related_exclude_ids":"","_relevanssi_related_no_append":"","_relevanssi_related_not_related":"","_relevanssi_related_posts":"","_relevanssi_noindex_reason":"","footnotes":""},"class_list":["post-50122","page","type-page","status-publish","hentry"],"acf":[],"yoast_head":"<!-- This site is optimized with the Yoast SEO Premium plugin v27.4 (Yoast SEO v27.4) - https:\/\/yoast.com\/product\/yoast-seo-premium-wordpress\/ -->\n<title>Unsere Produkte - Babcock Wanson<\/title>\n<meta name=\"description\" content=\"Unsere Produktreihen sind darauf ausgelegt, sicherzustellen, dass Sie den besten Kessel f\u00fcr Ihre Anforderungen erhalten. Klicken Sie hier, um unsere aktuellen Produktreihen anzuzeigen\" \/>\n<meta name=\"robots\" content=\"index, follow, max-snippet:-1, max-image-preview:large, max-video-preview:-1\" \/>\n<link rel=\"canonical\" href=\"https:\/\/www.babcock-wanson.com\/de\/unsere-produkte\/\" \/>\n<meta property=\"og:locale\" content=\"de_DE\" \/>\n<meta property=\"og:type\" content=\"article\" \/>\n<meta property=\"og:title\" content=\"Unsere Produkte\" \/>\n<meta property=\"og:description\" content=\"Unsere Produktreihen sind darauf ausgelegt, sicherzustellen, dass Sie den besten Kessel f\u00fcr Ihre Anforderungen erhalten. Klicken Sie hier, um unsere aktuellen Produktreihen anzuzeigen\" \/>\n<meta property=\"og:url\" content=\"https:\/\/www.babcock-wanson.com\/de\/unsere-produkte\/\" \/>\n<meta property=\"og:site_name\" content=\"Babcock Wanson\" \/>\n<meta property=\"article:modified_time\" content=\"2025-05-13T09:59:12+00:00\" \/>\n<meta property=\"og:image\" content=\"https:\/\/www.babcock-wanson.com\/wp-content\/uploads\/2024\/02\/Babcock-Wanson-1200x1200-1.png\" \/>\n\t<meta property=\"og:image:width\" content=\"1200\" \/>\n\t<meta property=\"og:image:height\" content=\"1200\" \/>\n\t<meta property=\"og:image:type\" content=\"image\/png\" \/>\n<meta name=\"twitter:card\" content=\"summary_large_image\" \/>\n<meta name=\"twitter:label1\" content=\"Est. reading time\" \/>\n\t<meta name=\"twitter:data1\" content=\"2 Minuten\" \/>\n<script type=\"application\/ld+json\" class=\"yoast-schema-graph\">{\"@context\":\"https:\\\/\\\/schema.org\",\"@graph\":[{\"@type\":\"WebPage\",\"@id\":\"https:\\\/\\\/www.babcock-wanson.com\\\/de\\\/unsere-produkte\\\/\",\"url\":\"https:\\\/\\\/www.babcock-wanson.com\\\/de\\\/unsere-produkte\\\/\",\"name\":\"Unsere Produkte - Babcock Wanson\",\"isPartOf\":{\"@id\":\"https:\\\/\\\/www.babcock-wanson.com\\\/de\\\/#website\"},\"datePublished\":\"2025-01-17T09:33:48+00:00\",\"dateModified\":\"2025-05-13T09:59:12+00:00\",\"description\":\"Unsere Produktreihen sind darauf ausgelegt, sicherzustellen, dass Sie den besten Kessel f\u00fcr Ihre Anforderungen erhalten. Klicken Sie hier, um unsere aktuellen Produktreihen anzuzeigen\",\"breadcrumb\":{\"@id\":\"https:\\\/\\\/www.babcock-wanson.com\\\/de\\\/unsere-produkte\\\/#breadcrumb\"},\"inLanguage\":\"de-DE\",\"potentialAction\":[{\"@type\":\"ReadAction\",\"target\":[\"https:\\\/\\\/www.babcock-wanson.com\\\/de\\\/unsere-produkte\\\/\"]}]},{\"@type\":\"BreadcrumbList\",\"@id\":\"https:\\\/\\\/www.babcock-wanson.com\\\/de\\\/unsere-produkte\\\/#breadcrumb\",\"itemListElement\":[{\"@type\":\"ListItem\",\"position\":1,\"name\":\"Inicio\",\"item\":\"https:\\\/\\\/www.babcock-wanson.com\\\/de\\\/\"},{\"@type\":\"ListItem\",\"position\":2,\"name\":\"Unsere Produkte\"}]},{\"@type\":\"WebSite\",\"@id\":\"https:\\\/\\\/www.babcock-wanson.com\\\/de\\\/#website\",\"url\":\"https:\\\/\\\/www.babcock-wanson.com\\\/de\\\/\",\"name\":\"Babcock Wanson\",\"description\":\"\",\"publisher\":{\"@id\":\"https:\\\/\\\/www.babcock-wanson.com\\\/de\\\/#organization\"},\"potentialAction\":[{\"@type\":\"SearchAction\",\"target\":{\"@type\":\"EntryPoint\",\"urlTemplate\":\"https:\\\/\\\/www.babcock-wanson.com\\\/de\\\/?s={search_term_string}\"},\"query-input\":{\"@type\":\"PropertyValueSpecification\",\"valueRequired\":true,\"valueName\":\"search_term_string\"}}],\"inLanguage\":\"de-DE\"},{\"@type\":\"Organization\",\"@id\":\"https:\\\/\\\/www.babcock-wanson.com\\\/de\\\/#organization\",\"name\":\"Babcock Wanson\",\"url\":\"https:\\\/\\\/www.babcock-wanson.com\\\/de\\\/\",\"logo\":{\"@type\":\"ImageObject\",\"inLanguage\":\"de-DE\",\"@id\":\"https:\\\/\\\/www.babcock-wanson.com\\\/de\\\/#\\\/schema\\\/logo\\\/image\\\/\",\"url\":\"https:\\\/\\\/www.babcock-wanson.com\\\/wp-content\\\/uploads\\\/2024\\\/02\\\/Babcock-Wanson-1200x1200-1.png\",\"contentUrl\":\"https:\\\/\\\/www.babcock-wanson.com\\\/wp-content\\\/uploads\\\/2024\\\/02\\\/Babcock-Wanson-1200x1200-1.png\",\"width\":1200,\"height\":1200,\"caption\":\"Babcock Wanson\"},\"image\":{\"@id\":\"https:\\\/\\\/www.babcock-wanson.com\\\/de\\\/#\\\/schema\\\/logo\\\/image\\\/\"},\"sameAs\":[\"https:\\\/\\\/www.linkedin.com\\\/company\\\/babcock-wanson\\\/\",\"https:\\\/\\\/www.youtube.com\\\/channel\\\/UCtxl25VieBBsP2kYmtlyv7A\"]}]}<\/script>\n<!-- \/ Yoast SEO Premium plugin. -->","yoast_head_json":{"title":"Unsere Produkte - Babcock Wanson","description":"Unsere Produktreihen sind darauf ausgelegt, sicherzustellen, dass Sie den besten Kessel f\u00fcr Ihre Anforderungen erhalten. Klicken Sie hier, um unsere aktuellen Produktreihen anzuzeigen","robots":{"index":"index","follow":"follow","max-snippet":"max-snippet:-1","max-image-preview":"max-image-preview:large","max-video-preview":"max-video-preview:-1"},"canonical":"https:\/\/www.babcock-wanson.com\/de\/unsere-produkte\/","og_locale":"de_DE","og_type":"article","og_title":"Unsere Produkte","og_description":"Unsere Produktreihen sind darauf ausgelegt, sicherzustellen, dass Sie den besten Kessel f\u00fcr Ihre Anforderungen erhalten. Klicken Sie hier, um unsere aktuellen Produktreihen anzuzeigen","og_url":"https:\/\/www.babcock-wanson.com\/de\/unsere-produkte\/","og_site_name":"Babcock Wanson","article_modified_time":"2025-05-13T09:59:12+00:00","og_image":[{"width":1200,"height":1200,"url":"https:\/\/www.babcock-wanson.com\/wp-content\/uploads\/2024\/02\/Babcock-Wanson-1200x1200-1.png","type":"image\/png"}],"twitter_card":"summary_large_image","twitter_misc":{"Est. reading time":"2 Minuten"},"schema":{"@context":"https:\/\/schema.org","@graph":[{"@type":"WebPage","@id":"https:\/\/www.babcock-wanson.com\/de\/unsere-produkte\/","url":"https:\/\/www.babcock-wanson.com\/de\/unsere-produkte\/","name":"Unsere Produkte - Babcock Wanson","isPartOf":{"@id":"https:\/\/www.babcock-wanson.com\/de\/#website"},"datePublished":"2025-01-17T09:33:48+00:00","dateModified":"2025-05-13T09:59:12+00:00","description":"Unsere Produktreihen sind darauf ausgelegt, sicherzustellen, dass Sie den besten Kessel f\u00fcr Ihre Anforderungen erhalten. Klicken Sie hier, um unsere aktuellen Produktreihen anzuzeigen","breadcrumb":{"@id":"https:\/\/www.babcock-wanson.com\/de\/unsere-produkte\/#breadcrumb"},"inLanguage":"de-DE","potentialAction":[{"@type":"ReadAction","target":["https:\/\/www.babcock-wanson.com\/de\/unsere-produkte\/"]}]},{"@type":"BreadcrumbList","@id":"https:\/\/www.babcock-wanson.com\/de\/unsere-produkte\/#breadcrumb","itemListElement":[{"@type":"ListItem","position":1,"name":"Inicio","item":"https:\/\/www.babcock-wanson.com\/de\/"},{"@type":"ListItem","position":2,"name":"Unsere Produkte"}]},{"@type":"WebSite","@id":"https:\/\/www.babcock-wanson.com\/de\/#website","url":"https:\/\/www.babcock-wanson.com\/de\/","name":"Babcock Wanson","description":"","publisher":{"@id":"https:\/\/www.babcock-wanson.com\/de\/#organization"},"potentialAction":[{"@type":"SearchAction","target":{"@type":"EntryPoint","urlTemplate":"https:\/\/www.babcock-wanson.com\/de\/?s={search_term_string}"},"query-input":{"@type":"PropertyValueSpecification","valueRequired":true,"valueName":"search_term_string"}}],"inLanguage":"de-DE"},{"@type":"Organization","@id":"https:\/\/www.babcock-wanson.com\/de\/#organization","name":"Babcock Wanson","url":"https:\/\/www.babcock-wanson.com\/de\/","logo":{"@type":"ImageObject","inLanguage":"de-DE","@id":"https:\/\/www.babcock-wanson.com\/de\/#\/schema\/logo\/image\/","url":"https:\/\/www.babcock-wanson.com\/wp-content\/uploads\/2024\/02\/Babcock-Wanson-1200x1200-1.png","contentUrl":"https:\/\/www.babcock-wanson.com\/wp-content\/uploads\/2024\/02\/Babcock-Wanson-1200x1200-1.png","width":1200,"height":1200,"caption":"Babcock Wanson"},"image":{"@id":"https:\/\/www.babcock-wanson.com\/de\/#\/schema\/logo\/image\/"},"sameAs":["https:\/\/www.linkedin.com\/company\/babcock-wanson\/","https:\/\/www.youtube.com\/channel\/UCtxl25VieBBsP2kYmtlyv7A"]}]}},"jetpack_sharing_enabled":true,"_links":{"self":[{"href":"https:\/\/www.babcock-wanson.com\/de\/wp-json\/wp\/v2\/pages\/50122","targetHints":{"allow":["GET"]}}],"collection":[{"href":"https:\/\/www.babcock-wanson.com\/de\/wp-json\/wp\/v2\/pages"}],"about":[{"href":"https:\/\/www.babcock-wanson.com\/de\/wp-json\/wp\/v2\/types\/page"}],"author":[{"embeddable":true,"href":"https:\/\/www.babcock-wanson.com\/de\/wp-json\/wp\/v2\/users\/1"}],"replies":[{"embeddable":true,"href":"https:\/\/www.babcock-wanson.com\/de\/wp-json\/wp\/v2\/comments?post=50122"}],"version-history":[{"count":2,"href":"https:\/\/www.babcock-wanson.com\/de\/wp-json\/wp\/v2\/pages\/50122\/revisions"}],"predecessor-version":[{"id":52066,"href":"https:\/\/www.babcock-wanson.com\/de\/wp-json\/wp\/v2\/pages\/50122\/revisions\/52066"}],"wp:attachment":[{"href":"https:\/\/www.babcock-wanson.com\/de\/wp-json\/wp\/v2\/media?parent=50122"}],"curies":[{"name":"wp","href":"https:\/\/api.w.org\/{rel}","templated":true}]}}