{"id":50135,"date":"2025-01-17T09:33:49","date_gmt":"2025-01-17T09:33:49","guid":{"rendered":"https:\/\/www.babcock-wanson.com\/kontaktaufnahme\/angebotsanfrage\/"},"modified":"2025-02-05T11:53:36","modified_gmt":"2025-02-05T11:53:36","slug":"angebotsanfrage","status":"publish","type":"page","link":"https:\/\/www.babcock-wanson.com\/de\/kontaktaufnahme\/angebotsanfrage\/","title":{"rendered":"Angebotsanfrage"},"content":{"rendered":"<div class=\"vgblk-rw-wrapper limit-wrapper\">\n<h2>\n\t\tBitte f\u00fcllen Sie alle erforderlichen Felder aus\n\t<\/h2>\n\t<p>Nachdem Sie das folgende Angebotsanfrageformular eingereicht haben, werden wir Ihre Anfrage innerhalb von 24 Stunden beantworten.<\/p>\n\tHinweis: F\u00fcr diese Inhalte ist JavaScript erforderlich.\n        <!-- That data is being printed as a workaround to page builders reordering the order of the scripts loaded-->\n        <h2>\n\tPOTRZEBUJESZ POMOCY?\n\t<\/h2>\n\t<h4>Aby uzyska\u0107 odpowiedzi na pytania Techniczno-Handlowe, skontaktuj si\u0119 z\u00a0jednym z\u00a0naszych przedstawicieli <strong><a href=\"https:\/\/www.babcock-wanson.com\/pl\/kontakt\/lokalizacje\/\">regionalnych<\/a><\/strong>.<br \/>\n<\/h4>\n\n<\/div><!-- .vgblk-rw-wrapper -->","protected":false},"excerpt":{"rendered":"<p>Bitte f\u00fcllen Sie alle erforderlichen Felder aus Nachdem Sie das folgende Angebotsanfrageformular eingereicht haben, werden wir Ihre Anfrage innerhalb von 24 Stunden beantworten. Hinweis: F\u00fcr diese Inhalte ist JavaScript erforderlich. POTRZEBUJESZ POMOCY? Aby uzyska\u0107 odpowiedzi na pytania Techniczno-Handlowe, skontaktuj si\u0119 z\u00a0jednym z\u00a0naszych przedstawicieli regionalnych.<\/p>\n","protected":false},"author":1,"featured_media":0,"parent":49992,"menu_order":0,"comment_status":"closed","ping_status":"closed","template":"","meta":{"_acf_changed":false,"_relevanssi_hide_post":"","_relevanssi_hide_content":"","_relevanssi_pin_for_all":"","_relevanssi_pin_keywords":"","_relevanssi_unpin_keywords":"","_relevanssi_related_keywords":"","_relevanssi_related_include_ids":"","_relevanssi_related_exclude_ids":"","_relevanssi_related_no_append":"","_relevanssi_related_not_related":"","_relevanssi_related_posts":"","_relevanssi_noindex_reason":"","footnotes":""},"class_list":["post-50135","page","type-page","status-publish","hentry"],"acf":[],"yoast_head":"<!-- This site is optimized with the Yoast SEO Premium plugin v27.4 (Yoast SEO v27.4) - https:\/\/yoast.com\/product\/yoast-seo-premium-wordpress\/ -->\n<title>Angebotsanfrage - Babcock Wanson<\/title>\n<meta name=\"description\" content=\"Bei Babcock Wanson m\u00f6chten wir sicherstellen, dass wir Ihnen aktuelle und genaue Angebote unterbreiten k\u00f6nnen, um Ihre Bed\u00fcrfnissen zu entsprechen. Klicken Sie hier, um ein Angebot anzufordern\" \/>\n<meta name=\"robots\" content=\"noindex, follow\" \/>\n<meta property=\"og:locale\" content=\"de_DE\" \/>\n<meta property=\"og:type\" content=\"article\" \/>\n<meta property=\"og:title\" content=\"Angebotsanfrage\" \/>\n<meta property=\"og:description\" content=\"Bei Babcock Wanson m\u00f6chten wir sicherstellen, dass wir Ihnen aktuelle und genaue Angebote unterbreiten k\u00f6nnen, um Ihre Bed\u00fcrfnissen zu entsprechen. Klicken Sie hier, um ein Angebot anzufordern\" \/>\n<meta property=\"og:url\" content=\"https:\/\/www.babcock-wanson.com\/de\/kontaktaufnahme\/angebotsanfrage\/\" \/>\n<meta property=\"og:site_name\" content=\"Babcock Wanson\" \/>\n<meta property=\"article:modified_time\" content=\"2025-02-05T11:53:36+00:00\" \/>\n<meta property=\"og:image\" content=\"https:\/\/www.babcock-wanson.com\/wp-content\/uploads\/2024\/02\/Babcock-Wanson-1200x1200-1.png\" \/>\n\t<meta property=\"og:image:width\" content=\"1200\" \/>\n\t<meta property=\"og:image:height\" content=\"1200\" \/>\n\t<meta property=\"og:image:type\" content=\"image\/png\" \/>\n<meta name=\"twitter:card\" content=\"summary_large_image\" \/>\n<script type=\"application\/ld+json\" class=\"yoast-schema-graph\">{\"@context\":\"https:\\\/\\\/schema.org\",\"@graph\":[{\"@type\":\"WebPage\",\"@id\":\"https:\\\/\\\/www.babcock-wanson.com\\\/de\\\/kontaktaufnahme\\\/angebotsanfrage\\\/\",\"url\":\"https:\\\/\\\/www.babcock-wanson.com\\\/de\\\/kontaktaufnahme\\\/angebotsanfrage\\\/\",\"name\":\"Angebotsanfrage - Babcock Wanson\",\"isPartOf\":{\"@id\":\"https:\\\/\\\/www.babcock-wanson.com\\\/de\\\/#website\"},\"datePublished\":\"2025-01-17T09:33:49+00:00\",\"dateModified\":\"2025-02-05T11:53:36+00:00\",\"description\":\"Bei Babcock Wanson m\u00f6chten wir sicherstellen, dass wir Ihnen aktuelle und genaue Angebote unterbreiten k\u00f6nnen, um Ihre Bed\u00fcrfnissen zu entsprechen. Klicken Sie hier, um ein Angebot anzufordern\",\"breadcrumb\":{\"@id\":\"https:\\\/\\\/www.babcock-wanson.com\\\/de\\\/kontaktaufnahme\\\/angebotsanfrage\\\/#breadcrumb\"},\"inLanguage\":\"de-DE\",\"potentialAction\":[{\"@type\":\"ReadAction\",\"target\":[\"https:\\\/\\\/www.babcock-wanson.com\\\/de\\\/kontaktaufnahme\\\/angebotsanfrage\\\/\"]}]},{\"@type\":\"BreadcrumbList\",\"@id\":\"https:\\\/\\\/www.babcock-wanson.com\\\/de\\\/kontaktaufnahme\\\/angebotsanfrage\\\/#breadcrumb\",\"itemListElement\":[{\"@type\":\"ListItem\",\"position\":1,\"name\":\"Inicio\",\"item\":\"https:\\\/\\\/www.babcock-wanson.com\\\/de\\\/\"},{\"@type\":\"ListItem\",\"position\":2,\"name\":\"Kontaktaufnahme\",\"item\":\"https:\\\/\\\/www.babcock-wanson.com\\\/de\\\/kontaktaufnahme\\\/\"},{\"@type\":\"ListItem\",\"position\":3,\"name\":\"Angebotsanfrage\"}]},{\"@type\":\"WebSite\",\"@id\":\"https:\\\/\\\/www.babcock-wanson.com\\\/de\\\/#website\",\"url\":\"https:\\\/\\\/www.babcock-wanson.com\\\/de\\\/\",\"name\":\"Babcock Wanson\",\"description\":\"\",\"publisher\":{\"@id\":\"https:\\\/\\\/www.babcock-wanson.com\\\/de\\\/#organization\"},\"potentialAction\":[{\"@type\":\"SearchAction\",\"target\":{\"@type\":\"EntryPoint\",\"urlTemplate\":\"https:\\\/\\\/www.babcock-wanson.com\\\/de\\\/?s={search_term_string}\"},\"query-input\":{\"@type\":\"PropertyValueSpecification\",\"valueRequired\":true,\"valueName\":\"search_term_string\"}}],\"inLanguage\":\"de-DE\"},{\"@type\":\"Organization\",\"@id\":\"https:\\\/\\\/www.babcock-wanson.com\\\/de\\\/#organization\",\"name\":\"Babcock Wanson\",\"url\":\"https:\\\/\\\/www.babcock-wanson.com\\\/de\\\/\",\"logo\":{\"@type\":\"ImageObject\",\"inLanguage\":\"de-DE\",\"@id\":\"https:\\\/\\\/www.babcock-wanson.com\\\/de\\\/#\\\/schema\\\/logo\\\/image\\\/\",\"url\":\"https:\\\/\\\/www.babcock-wanson.com\\\/wp-content\\\/uploads\\\/2024\\\/02\\\/Babcock-Wanson-1200x1200-1.png\",\"contentUrl\":\"https:\\\/\\\/www.babcock-wanson.com\\\/wp-content\\\/uploads\\\/2024\\\/02\\\/Babcock-Wanson-1200x1200-1.png\",\"width\":1200,\"height\":1200,\"caption\":\"Babcock Wanson\"},\"image\":{\"@id\":\"https:\\\/\\\/www.babcock-wanson.com\\\/de\\\/#\\\/schema\\\/logo\\\/image\\\/\"},\"sameAs\":[\"https:\\\/\\\/www.linkedin.com\\\/company\\\/babcock-wanson\\\/\",\"https:\\\/\\\/www.youtube.com\\\/channel\\\/UCtxl25VieBBsP2kYmtlyv7A\"]}]}<\/script>\n<!-- \/ Yoast SEO Premium plugin. -->","yoast_head_json":{"title":"Angebotsanfrage - Babcock Wanson","description":"Bei Babcock Wanson m\u00f6chten wir sicherstellen, dass wir Ihnen aktuelle und genaue Angebote unterbreiten k\u00f6nnen, um Ihre Bed\u00fcrfnissen zu entsprechen. Klicken Sie hier, um ein Angebot anzufordern","robots":{"index":"noindex","follow":"follow"},"og_locale":"de_DE","og_type":"article","og_title":"Angebotsanfrage","og_description":"Bei Babcock Wanson m\u00f6chten wir sicherstellen, dass wir Ihnen aktuelle und genaue Angebote unterbreiten k\u00f6nnen, um Ihre Bed\u00fcrfnissen zu entsprechen. Klicken Sie hier, um ein Angebot anzufordern","og_url":"https:\/\/www.babcock-wanson.com\/de\/kontaktaufnahme\/angebotsanfrage\/","og_site_name":"Babcock Wanson","article_modified_time":"2025-02-05T11:53:36+00:00","og_image":[{"width":1200,"height":1200,"url":"https:\/\/www.babcock-wanson.com\/wp-content\/uploads\/2024\/02\/Babcock-Wanson-1200x1200-1.png","type":"image\/png"}],"twitter_card":"summary_large_image","schema":{"@context":"https:\/\/schema.org","@graph":[{"@type":"WebPage","@id":"https:\/\/www.babcock-wanson.com\/de\/kontaktaufnahme\/angebotsanfrage\/","url":"https:\/\/www.babcock-wanson.com\/de\/kontaktaufnahme\/angebotsanfrage\/","name":"Angebotsanfrage - Babcock Wanson","isPartOf":{"@id":"https:\/\/www.babcock-wanson.com\/de\/#website"},"datePublished":"2025-01-17T09:33:49+00:00","dateModified":"2025-02-05T11:53:36+00:00","description":"Bei Babcock Wanson m\u00f6chten wir sicherstellen, dass wir Ihnen aktuelle und genaue Angebote unterbreiten k\u00f6nnen, um Ihre Bed\u00fcrfnissen zu entsprechen. Klicken Sie hier, um ein Angebot anzufordern","breadcrumb":{"@id":"https:\/\/www.babcock-wanson.com\/de\/kontaktaufnahme\/angebotsanfrage\/#breadcrumb"},"inLanguage":"de-DE","potentialAction":[{"@type":"ReadAction","target":["https:\/\/www.babcock-wanson.com\/de\/kontaktaufnahme\/angebotsanfrage\/"]}]},{"@type":"BreadcrumbList","@id":"https:\/\/www.babcock-wanson.com\/de\/kontaktaufnahme\/angebotsanfrage\/#breadcrumb","itemListElement":[{"@type":"ListItem","position":1,"name":"Inicio","item":"https:\/\/www.babcock-wanson.com\/de\/"},{"@type":"ListItem","position":2,"name":"Kontaktaufnahme","item":"https:\/\/www.babcock-wanson.com\/de\/kontaktaufnahme\/"},{"@type":"ListItem","position":3,"name":"Angebotsanfrage"}]},{"@type":"WebSite","@id":"https:\/\/www.babcock-wanson.com\/de\/#website","url":"https:\/\/www.babcock-wanson.com\/de\/","name":"Babcock Wanson","description":"","publisher":{"@id":"https:\/\/www.babcock-wanson.com\/de\/#organization"},"potentialAction":[{"@type":"SearchAction","target":{"@type":"EntryPoint","urlTemplate":"https:\/\/www.babcock-wanson.com\/de\/?s={search_term_string}"},"query-input":{"@type":"PropertyValueSpecification","valueRequired":true,"valueName":"search_term_string"}}],"inLanguage":"de-DE"},{"@type":"Organization","@id":"https:\/\/www.babcock-wanson.com\/de\/#organization","name":"Babcock Wanson","url":"https:\/\/www.babcock-wanson.com\/de\/","logo":{"@type":"ImageObject","inLanguage":"de-DE","@id":"https:\/\/www.babcock-wanson.com\/de\/#\/schema\/logo\/image\/","url":"https:\/\/www.babcock-wanson.com\/wp-content\/uploads\/2024\/02\/Babcock-Wanson-1200x1200-1.png","contentUrl":"https:\/\/www.babcock-wanson.com\/wp-content\/uploads\/2024\/02\/Babcock-Wanson-1200x1200-1.png","width":1200,"height":1200,"caption":"Babcock Wanson"},"image":{"@id":"https:\/\/www.babcock-wanson.com\/de\/#\/schema\/logo\/image\/"},"sameAs":["https:\/\/www.linkedin.com\/company\/babcock-wanson\/","https:\/\/www.youtube.com\/channel\/UCtxl25VieBBsP2kYmtlyv7A"]}]}},"jetpack_sharing_enabled":true,"_links":{"self":[{"href":"https:\/\/www.babcock-wanson.com\/de\/wp-json\/wp\/v2\/pages\/50135","targetHints":{"allow":["GET"]}}],"collection":[{"href":"https:\/\/www.babcock-wanson.com\/de\/wp-json\/wp\/v2\/pages"}],"about":[{"href":"https:\/\/www.babcock-wanson.com\/de\/wp-json\/wp\/v2\/types\/page"}],"author":[{"embeddable":true,"href":"https:\/\/www.babcock-wanson.com\/de\/wp-json\/wp\/v2\/users\/1"}],"replies":[{"embeddable":true,"href":"https:\/\/www.babcock-wanson.com\/de\/wp-json\/wp\/v2\/comments?post=50135"}],"version-history":[{"count":2,"href":"https:\/\/www.babcock-wanson.com\/de\/wp-json\/wp\/v2\/pages\/50135\/revisions"}],"predecessor-version":[{"id":50779,"href":"https:\/\/www.babcock-wanson.com\/de\/wp-json\/wp\/v2\/pages\/50135\/revisions\/50779"}],"up":[{"embeddable":true,"href":"https:\/\/www.babcock-wanson.com\/de\/wp-json\/wp\/v2\/pages\/49992"}],"wp:attachment":[{"href":"https:\/\/www.babcock-wanson.com\/de\/wp-json\/wp\/v2\/media?parent=50135"}],"curies":[{"name":"wp","href":"https:\/\/api.w.org\/{rel}","templated":true}]}}