{"id":50145,"date":"2025-01-17T09:33:52","date_gmt":"2025-01-17T09:33:52","guid":{"rendered":"https:\/\/www.babcock-wanson.com\/unsere-produkte\/schluesselfertige-loesungen-pakete\/"},"modified":"2025-04-16T15:20:15","modified_gmt":"2025-04-16T14:20:15","slug":"schluesselfertige-loesungen-pakete","status":"publish","type":"page","link":"https:\/\/www.babcock-wanson.com\/de\/unsere-produkte\/schluesselfertige-loesungen-pakete\/","title":{"rendered":"Schl\u00fcsselfertige L\u00f6sungen &amp; Pakete"},"content":{"rendered":"<div class=\"vgblk-rw-wrapper limit-wrapper\">\n\n\t\t\t\t\t\t\t<img loading=\"lazy\" decoding=\"async\" src=\"https:\/\/www.babcock-wanson.com\/wp-content\/uploads\/2019\/02\/LNTA-TA-4.jpg\" alt=\"LNTA-TA-4\" itemprop=\"image\" height=\"400\" width=\"600\" title=\"LNTA-TA-4\" onerror=\"this.style.display='none'\"  sizes=\"auto, (max-width: 768px) 100vw, 100vw\" srcset=\"https:\/\/www.babcock-wanson.com\/wp-content\/uploads\/2019\/02\/LNTA-TA-4.jpg 600w, https:\/\/www.babcock-wanson.com\/wp-content\/uploads\/2019\/02\/LNTA-TA-4-420x280.jpg 420w, https:\/\/www.babcock-wanson.com\/wp-content\/uploads\/2019\/02\/LNTA-TA-4-300x200.jpg 300w, https:\/\/www.babcock-wanson.com\/wp-content\/uploads\/2019\/02\/LNTA-TA-4-315x210.jpg 315w\" \/>\t\t\t\t\t\t\t\n<h2>\n\t\tSchl\u00fcsselfertige <strong>L\u00f6sungen und Pakete<\/strong>\n\t<\/h2>\n\t<p>Die Erfahrung von Babcock Wanson mit Kesselhausl\u00f6sungen geht weit \u00fcber die Herstellung des Kessels oder der Erw\u00e4rmungsprozessausr\u00fcstung hinaus. Das liegt daran, dass jede Installation anders ist und wir unsere Systeme an die Bed\u00fcrfnisse unserer Kunden anpassen und integrieren, um maximale Effizienz zu erreichen. Es gibt nur sehr wenige Herausforderungen, die wir noch nicht gesehen und gemeistert haben!<\/p>\n<p>Daher haben die Designer, Ingenieure und Managementteams von Babcock Wanson vielf\u00e4ltige F\u00e4higkeiten entwickelt und jahrzehntelange Erfahrung gesammelt, die es ihnen erm\u00f6glicht, schl\u00fcsselfertige Projekte umzusetzen. Von einfachen Projekten bis hin zu gro\u00dfen, komplexen Industrieprozessen verfolgen wir den gleichen professionellen Ansatz: Abschluss von Vorstudien, Detailplanung, Entwurfspr\u00fcfung, Herstellung, Installation und Inbetriebnahme.<\/p>\n<p>Jedes Element der Projektanforderungen kann bis hin zum <a href=\"https:\/\/www.babcock-wanson.com\/de\/unsere-dienstleistungen\/kundendienst\/\" target=\"_blank\" rel=\"noopener\">Kundendienst<\/a> abgedeckt werden.<\/p>\n<p>Wenn Sie ein Kesselhaus- oder ein Prozesserw\u00e4rmungsprojekt haben, das eine schl\u00fcsselfertige L\u00f6sung erfordert, sollten Sie sich an Babcock Wanson wenden, um zu erfahren, wie wir Ihnen helfen k\u00f6nnen und mehr \u00fcber einige unserer j\u00fcngsten schl\u00fcsselfertigen Projekte in Ihrem Industriezweig zu erfahren.<\/p>\n\n<h2>\n\t\t<strong>Vormontierte<\/strong> Pakete\n\t<\/h2>\n\t<p>Ob f\u00fcr einen neuen Prozesserw\u00e4rmungsbedarf oder zur Erg\u00e4nzung eines bestehenden Bedarfs &#8211; eine Kesselanlage von Babcock Wanson, die als vormontiertes Paket oder als auf Gleitlagern montierter containerisierter Anlagenraum geliefert wird, kann eine sehr kosteng\u00fcnstige L\u00f6sung sein. Die werkseitig montierte und getestete Anlage ist einfach und schnell zu installieren, wird mit allen relevanten Zertifizierungen geliefert und ist sofort nach der Installation vor Ort einsatzbereit.<\/p>\n<p>Alle unserer Prozessheizsysteme sind in diesen werkseitig montierten Formaten erh\u00e4ltlich, wobei vertikale oder horizontale Dampfspulengeneratoren und W\u00e4rmetr\u00e4gerheizer mit geringerer Leistung am beliebtesten sind. Standorte, an denen die Bauzeit vor Ort auf ein Minimum beschr\u00e4nkt werden muss oder an denen die Anlage in Zukunft m\u00f6glicherweise verlegt werden muss, profitieren von diesem Ansatz am meisten.<\/p>\n\n\t\t\t\t\t\t\t<img loading=\"lazy\" decoding=\"async\" src=\"https:\/\/www.babcock-wanson.com\/wp-content\/uploads\/2019\/04\/Pre-assembled-packages-1.jpg\" alt=\"Pre-assembled-packages\" itemprop=\"image\" height=\"400\" width=\"600\" title=\"Pre-assembled-packages-1\" onerror=\"this.style.display='none'\"  sizes=\"auto, (max-width: 768px) 100vw, 100vw\" srcset=\"https:\/\/www.babcock-wanson.com\/wp-content\/uploads\/2019\/04\/Pre-assembled-packages-1.jpg 600w, https:\/\/www.babcock-wanson.com\/wp-content\/uploads\/2019\/04\/Pre-assembled-packages-1-420x280.jpg 420w, https:\/\/www.babcock-wanson.com\/wp-content\/uploads\/2019\/04\/Pre-assembled-packages-1-300x200.jpg 300w, https:\/\/www.babcock-wanson.com\/wp-content\/uploads\/2019\/04\/Pre-assembled-packages-1-315x210.jpg 315w\" \/>\t\t\t\t\t\t\t\n\t\t\t\t\t\t\t<img loading=\"lazy\" decoding=\"async\" src=\"https:\/\/www.babcock-wanson.com\/wp-content\/uploads\/2019\/03\/turnkey-advantages.jpg\" alt=\"turnkey-advantages\" itemprop=\"image\" height=\"400\" width=\"600\" title=\"turnkey-advantages\" onerror=\"this.style.display='none'\"  sizes=\"auto, (max-width: 768px) 100vw, 100vw\" srcset=\"https:\/\/www.babcock-wanson.com\/wp-content\/uploads\/2019\/03\/turnkey-advantages.jpg 600w, https:\/\/www.babcock-wanson.com\/wp-content\/uploads\/2019\/03\/turnkey-advantages-420x280.jpg 420w, https:\/\/www.babcock-wanson.com\/wp-content\/uploads\/2019\/03\/turnkey-advantages-300x200.jpg 300w, https:\/\/www.babcock-wanson.com\/wp-content\/uploads\/2019\/03\/turnkey-advantages-315x210.jpg 315w\" \/>\t\t\t\t\t\t\t\n<h2>\n\t\t<strong>Vorteile<\/strong>\n\t<\/h2>\n\t<ul>\n<li>Oftmals vereinfachte Anforderungen an die Bauarbeiten vor Ort<\/li>\n<li>Einfacher Transport (Standardcontainer kann f\u00fcr den normalen Stra\u00dfentransport verwendet werden)<\/li>\n<li>Sehr schnelle Installation, schneller Anschluss und schnelle Inbetriebnahme<\/li>\n<li>Kontrollierte Kosten mit der M\u00f6glichkeit einer Komplettfinanzierung<\/li>\n<li>Ausr\u00fcstung f\u00fcr den tempor\u00e4ren Einsatz, das wahrhaft mobile Kesselhaus<\/li>\n<li>Vorgefertigtes, ausgestattetes und getestetes Kesselhaus mit Herstellergarantie<\/li>\n<\/ul>\n\n<h2>\n\t\t<strong>Mobile und containerisierte<\/strong> Kesselh\u00e4user\n\t<\/h2>\n\t<p>Die komplette Prozesserw\u00e4rmungsanlage kann in einem modifizierten Schiffscontainer mit Ausgangsleistungen von 150 kg\/h bis 2000 kg\/h in einem 20-Fu\u00df-ISO-Standard-Allzweckcontainer oder bis zu 6000 kg\/h in der 40-Fu\u00df-Gr\u00f6\u00dfe untergebracht werden.<\/p>\n<p>Standardm\u00e4\u00dfig sind die Container mit den erforderlichen L\u00fcftungsgittern, Beleuchtung und Frostschutzheizung sowie mit allen eventuell erforderlichen speziellen Hebe-, Stapel- und Lackiervorrichtungen ausgestattet.<\/p>\n<p>F\u00fcr den sofortigen Einsatz kann ein kurzer Rauchgasabschnitt bereitgestellt werden, f\u00fcr den l\u00e4ngerfristigen Betrieb kann jedoch auch ein Schornstein geliefert werden, der den \u00f6rtlichen beh\u00f6rdlichen Anforderungen entspricht.<\/p>\n\n\t\t\t\t\t\t\t<img loading=\"lazy\" decoding=\"async\" src=\"https:\/\/www.babcock-wanson.com\/wp-content\/uploads\/2019\/03\/Portable-Contanerised-Boiler-Houses-2.jpg\" alt=\"Portable Contanerised Boiler Houses\" itemprop=\"image\" height=\"400\" width=\"600\" title=\"Portable-Contanerised-Boiler-Houses-2\" onerror=\"this.style.display='none'\"  sizes=\"auto, (max-width: 768px) 100vw, 100vw\" srcset=\"https:\/\/www.babcock-wanson.com\/wp-content\/uploads\/2019\/03\/Portable-Contanerised-Boiler-Houses-2.jpg 600w, https:\/\/www.babcock-wanson.com\/wp-content\/uploads\/2019\/03\/Portable-Contanerised-Boiler-Houses-2-420x280.jpg 420w, https:\/\/www.babcock-wanson.com\/wp-content\/uploads\/2019\/03\/Portable-Contanerised-Boiler-Houses-2-300x200.jpg 300w, https:\/\/www.babcock-wanson.com\/wp-content\/uploads\/2019\/03\/Portable-Contanerised-Boiler-Houses-2-315x210.jpg 315w\" \/>\t\t\t\t\t\t\t\n\t\t\t\t\t\t\t<img loading=\"lazy\" decoding=\"async\" src=\"https:\/\/www.babcock-wanson.com\/wp-content\/uploads\/2019\/03\/Skid-Mounted-Packages-4.jpg\" alt=\"Skid-Mounted-Packages\" itemprop=\"image\" height=\"400\" width=\"600\" title=\"Skid-Mounted-Packages-4\" onerror=\"this.style.display='none'\"  sizes=\"auto, (max-width: 768px) 100vw, 100vw\" srcset=\"https:\/\/www.babcock-wanson.com\/wp-content\/uploads\/2019\/03\/Skid-Mounted-Packages-4.jpg 600w, https:\/\/www.babcock-wanson.com\/wp-content\/uploads\/2019\/03\/Skid-Mounted-Packages-4-420x280.jpg 420w, https:\/\/www.babcock-wanson.com\/wp-content\/uploads\/2019\/03\/Skid-Mounted-Packages-4-300x200.jpg 300w, https:\/\/www.babcock-wanson.com\/wp-content\/uploads\/2019\/03\/Skid-Mounted-Packages-4-315x210.jpg 315w\" \/>\t\t\t\t\t\t\t\n<h2>\n\t\t<strong>Auf Gleitlagern montierte<\/strong> Pakete\n\t<\/h2>\n\t<p>Auf Gleitlagern montierte Prozessheizsysteme profitieren nicht nur von einer schnellen und einfachen Installation, sondern weisen dank der Optimierung des Platzbedarfs in der Entwurfsphase auch einen sehr geringen Platzbedarf auf. Dies hat den zus\u00e4tzlichen Vorteil, dass ein System mit h\u00f6herer Kapazit\u00e4t auf kleinerem Raum m\u00f6glich ist.<\/p>\n<p>F\u00fcr auf Gleitlagern montierte Dampferzeuger oder Flammrohrdampfkessel, bei denen die Bauh\u00f6he in der Anlage begrenzt ist, kann Babcock Wanson einen Speisewassertank in niedriger H\u00f6he oder einen bodenmontierten Speisewassertank mit einer einfachen Druckerh\u00f6hungspumpe bereitstellen, um die erforderliche F\u00f6rderh\u00f6he f\u00fcr die Kesselspeisewasserhauptpumpe bereitzustellen.<\/p>\n<p>Dadurch wird sichergestellt, dass das Speisewasser mit optimaler Temperatur betrieben werden kann, um gel\u00f6sten Sauerstoff auszutreiben. Das reduziert den Verbrauch von Chemikalien zur Wasseraufbereitung auf ein Minimum.<\/p>\n\n<h2>\n\tSIE BRAUCHEN HILFE?\n\t<\/h2>\n\t<h4>Wenden Sie sich an unser technisches Vertriebsteam in Ihrer N\u00e4he, das Ihnen bei Ihrer Anfrage behilflich sein wird.<br \/>\n<\/h4>\n<h2>\n\tRufen Sie mich <b>zur\u00fcck&#8230;<\/b>\n\t<\/h2>\n<h4>\n\tAlle Aspekte unseres Produktdesigns, unserer Organisation und unserer Dienstleistungen sind auf die Bed\u00fcrfnisse unserer Kunden ausgerichtet.\n\t<\/h4>\n\tHinweis: F\u00fcr diese Inhalte ist JavaScript erforderlich.\n        <!-- That data is being printed as a workaround to page builders reordering the order of the scripts loaded-->\n        \n<\/div><!-- .vgblk-rw-wrapper -->","protected":false},"excerpt":{"rendered":"<p>Schl\u00fcsselfertige L\u00f6sungen und Pakete Die Erfahrung von Babcock Wanson mit Kesselhausl\u00f6sungen geht weit \u00fcber die Herstellung des Kessels oder der Erw\u00e4rmungsprozessausr\u00fcstung hinaus. Das liegt daran, dass jede Installation anders ist und wir unsere Systeme an die Bed\u00fcrfnisse unserer Kunden anpassen und integrieren, um maximale Effizienz zu erreichen. Es gibt nur sehr wenige Herausforderungen, die wir&#8230;<\/p>\n","protected":false},"author":1,"featured_media":0,"parent":50122,"menu_order":0,"comment_status":"closed","ping_status":"closed","template":"","meta":{"_acf_changed":false,"_relevanssi_hide_post":"","_relevanssi_hide_content":"","_relevanssi_pin_for_all":"","_relevanssi_pin_keywords":"","_relevanssi_unpin_keywords":"","_relevanssi_related_keywords":"","_relevanssi_related_include_ids":"","_relevanssi_related_exclude_ids":"","_relevanssi_related_no_append":"","_relevanssi_related_not_related":"","_relevanssi_related_posts":"","_relevanssi_noindex_reason":"","footnotes":""},"class_list":["post-50145","page","type-page","status-publish","hentry"],"acf":[],"yoast_head":"<!-- This site is optimized with the Yoast SEO Premium plugin v27.4 (Yoast SEO v27.4) - https:\/\/yoast.com\/product\/yoast-seo-premium-wordpress\/ -->\n<title>Schl\u00fcsselfertige Kessell\u00f6sung f\u00fcr die Industrie - Babcock Wanson<\/title>\n<meta name=\"description\" content=\"Wenn Sie ein Kesselhaus oder ein Prozesserw\u00e4rmungsprojekt haben, das eine schl\u00fcsselfertige Kessell\u00f6sung f\u00fcr die Industrie erfordert, besuchen Sie uns, um die f\u00fcr Sie passende L\u00f6sung zu finden.\" \/>\n<meta name=\"robots\" content=\"index, follow, max-snippet:-1, max-image-preview:large, max-video-preview:-1\" \/>\n<link rel=\"canonical\" href=\"https:\/\/www.babcock-wanson.com\/de\/unsere-produkte\/schluesselfertige-loesungen-pakete\/\" \/>\n<meta property=\"og:locale\" content=\"de_DE\" \/>\n<meta property=\"og:type\" content=\"article\" \/>\n<meta property=\"og:title\" content=\"Schl\u00fcsselfertige L\u00f6sungen &amp; Pakete\" \/>\n<meta property=\"og:description\" content=\"Wenn Sie ein Kesselhaus oder ein Prozesserw\u00e4rmungsprojekt haben, das eine schl\u00fcsselfertige Kessell\u00f6sung f\u00fcr die Industrie erfordert, besuchen Sie uns, um die f\u00fcr Sie passende L\u00f6sung zu finden.\" \/>\n<meta property=\"og:url\" content=\"https:\/\/www.babcock-wanson.com\/de\/unsere-produkte\/schluesselfertige-loesungen-pakete\/\" \/>\n<meta property=\"og:site_name\" content=\"Babcock Wanson\" \/>\n<meta property=\"article:modified_time\" content=\"2025-04-16T14:20:15+00:00\" \/>\n<meta property=\"og:image\" content=\"https:\/\/www.babcock-wanson.com\/wp-content\/uploads\/2019\/02\/LNTA-TA-4.jpg\" \/>\n<meta name=\"twitter:card\" content=\"summary_large_image\" \/>\n<meta name=\"twitter:label1\" content=\"Est. reading time\" \/>\n\t<meta name=\"twitter:data1\" content=\"3 Minuten\" \/>\n<script type=\"application\/ld+json\" class=\"yoast-schema-graph\">{\"@context\":\"https:\\\/\\\/schema.org\",\"@graph\":[{\"@type\":\"WebPage\",\"@id\":\"https:\\\/\\\/www.babcock-wanson.com\\\/de\\\/unsere-produkte\\\/schluesselfertige-loesungen-pakete\\\/\",\"url\":\"https:\\\/\\\/www.babcock-wanson.com\\\/de\\\/unsere-produkte\\\/schluesselfertige-loesungen-pakete\\\/\",\"name\":\"Schl\u00fcsselfertige Kessell\u00f6sung f\u00fcr die Industrie - Babcock Wanson\",\"isPartOf\":{\"@id\":\"https:\\\/\\\/www.babcock-wanson.com\\\/de\\\/#website\"},\"primaryImageOfPage\":{\"@id\":\"https:\\\/\\\/www.babcock-wanson.com\\\/de\\\/unsere-produkte\\\/schluesselfertige-loesungen-pakete\\\/#primaryimage\"},\"image\":{\"@id\":\"https:\\\/\\\/www.babcock-wanson.com\\\/de\\\/unsere-produkte\\\/schluesselfertige-loesungen-pakete\\\/#primaryimage\"},\"thumbnailUrl\":\"https:\\\/\\\/www.babcock-wanson.com\\\/wp-content\\\/uploads\\\/2019\\\/02\\\/LNTA-TA-4.jpg\",\"datePublished\":\"2025-01-17T09:33:52+00:00\",\"dateModified\":\"2025-04-16T14:20:15+00:00\",\"description\":\"Wenn Sie ein Kesselhaus oder ein Prozesserw\u00e4rmungsprojekt haben, das eine schl\u00fcsselfertige Kessell\u00f6sung f\u00fcr die Industrie erfordert, besuchen Sie uns, um die f\u00fcr Sie passende L\u00f6sung zu finden.\",\"breadcrumb\":{\"@id\":\"https:\\\/\\\/www.babcock-wanson.com\\\/de\\\/unsere-produkte\\\/schluesselfertige-loesungen-pakete\\\/#breadcrumb\"},\"inLanguage\":\"de-DE\",\"potentialAction\":[{\"@type\":\"ReadAction\",\"target\":[\"https:\\\/\\\/www.babcock-wanson.com\\\/de\\\/unsere-produkte\\\/schluesselfertige-loesungen-pakete\\\/\"]}]},{\"@type\":\"ImageObject\",\"inLanguage\":\"de-DE\",\"@id\":\"https:\\\/\\\/www.babcock-wanson.com\\\/de\\\/unsere-produkte\\\/schluesselfertige-loesungen-pakete\\\/#primaryimage\",\"url\":\"https:\\\/\\\/www.babcock-wanson.com\\\/wp-content\\\/uploads\\\/2019\\\/02\\\/LNTA-TA-4.jpg\",\"contentUrl\":\"https:\\\/\\\/www.babcock-wanson.com\\\/wp-content\\\/uploads\\\/2019\\\/02\\\/LNTA-TA-4.jpg\"},{\"@type\":\"BreadcrumbList\",\"@id\":\"https:\\\/\\\/www.babcock-wanson.com\\\/de\\\/unsere-produkte\\\/schluesselfertige-loesungen-pakete\\\/#breadcrumb\",\"itemListElement\":[{\"@type\":\"ListItem\",\"position\":1,\"name\":\"Inicio\",\"item\":\"https:\\\/\\\/www.babcock-wanson.com\\\/de\\\/\"},{\"@type\":\"ListItem\",\"position\":2,\"name\":\"Unsere Produkte\",\"item\":\"https:\\\/\\\/www.babcock-wanson.com\\\/de\\\/unsere-produkte\\\/\"},{\"@type\":\"ListItem\",\"position\":3,\"name\":\"Schl\u00fcsselfertige L\u00f6sungen &amp; Pakete\"}]},{\"@type\":\"WebSite\",\"@id\":\"https:\\\/\\\/www.babcock-wanson.com\\\/de\\\/#website\",\"url\":\"https:\\\/\\\/www.babcock-wanson.com\\\/de\\\/\",\"name\":\"Babcock Wanson\",\"description\":\"\",\"publisher\":{\"@id\":\"https:\\\/\\\/www.babcock-wanson.com\\\/de\\\/#organization\"},\"potentialAction\":[{\"@type\":\"SearchAction\",\"target\":{\"@type\":\"EntryPoint\",\"urlTemplate\":\"https:\\\/\\\/www.babcock-wanson.com\\\/de\\\/?s={search_term_string}\"},\"query-input\":{\"@type\":\"PropertyValueSpecification\",\"valueRequired\":true,\"valueName\":\"search_term_string\"}}],\"inLanguage\":\"de-DE\"},{\"@type\":\"Organization\",\"@id\":\"https:\\\/\\\/www.babcock-wanson.com\\\/de\\\/#organization\",\"name\":\"Babcock Wanson\",\"url\":\"https:\\\/\\\/www.babcock-wanson.com\\\/de\\\/\",\"logo\":{\"@type\":\"ImageObject\",\"inLanguage\":\"de-DE\",\"@id\":\"https:\\\/\\\/www.babcock-wanson.com\\\/de\\\/#\\\/schema\\\/logo\\\/image\\\/\",\"url\":\"https:\\\/\\\/www.babcock-wanson.com\\\/wp-content\\\/uploads\\\/2024\\\/02\\\/Babcock-Wanson-1200x1200-1.png\",\"contentUrl\":\"https:\\\/\\\/www.babcock-wanson.com\\\/wp-content\\\/uploads\\\/2024\\\/02\\\/Babcock-Wanson-1200x1200-1.png\",\"width\":1200,\"height\":1200,\"caption\":\"Babcock Wanson\"},\"image\":{\"@id\":\"https:\\\/\\\/www.babcock-wanson.com\\\/de\\\/#\\\/schema\\\/logo\\\/image\\\/\"},\"sameAs\":[\"https:\\\/\\\/www.linkedin.com\\\/company\\\/babcock-wanson\\\/\",\"https:\\\/\\\/www.youtube.com\\\/channel\\\/UCtxl25VieBBsP2kYmtlyv7A\"]}]}<\/script>\n<!-- \/ Yoast SEO Premium plugin. -->","yoast_head_json":{"title":"Schl\u00fcsselfertige Kessell\u00f6sung f\u00fcr die Industrie - Babcock Wanson","description":"Wenn Sie ein Kesselhaus oder ein Prozesserw\u00e4rmungsprojekt haben, das eine schl\u00fcsselfertige Kessell\u00f6sung f\u00fcr die Industrie erfordert, besuchen Sie uns, um die f\u00fcr Sie passende L\u00f6sung zu finden.","robots":{"index":"index","follow":"follow","max-snippet":"max-snippet:-1","max-image-preview":"max-image-preview:large","max-video-preview":"max-video-preview:-1"},"canonical":"https:\/\/www.babcock-wanson.com\/de\/unsere-produkte\/schluesselfertige-loesungen-pakete\/","og_locale":"de_DE","og_type":"article","og_title":"Schl\u00fcsselfertige L\u00f6sungen &amp; Pakete","og_description":"Wenn Sie ein Kesselhaus oder ein Prozesserw\u00e4rmungsprojekt haben, das eine schl\u00fcsselfertige Kessell\u00f6sung f\u00fcr die Industrie erfordert, besuchen Sie uns, um die f\u00fcr Sie passende L\u00f6sung zu finden.","og_url":"https:\/\/www.babcock-wanson.com\/de\/unsere-produkte\/schluesselfertige-loesungen-pakete\/","og_site_name":"Babcock Wanson","article_modified_time":"2025-04-16T14:20:15+00:00","og_image":[{"url":"https:\/\/www.babcock-wanson.com\/wp-content\/uploads\/2019\/02\/LNTA-TA-4.jpg","type":"","width":"","height":""}],"twitter_card":"summary_large_image","twitter_misc":{"Est. reading time":"3 Minuten"},"schema":{"@context":"https:\/\/schema.org","@graph":[{"@type":"WebPage","@id":"https:\/\/www.babcock-wanson.com\/de\/unsere-produkte\/schluesselfertige-loesungen-pakete\/","url":"https:\/\/www.babcock-wanson.com\/de\/unsere-produkte\/schluesselfertige-loesungen-pakete\/","name":"Schl\u00fcsselfertige Kessell\u00f6sung f\u00fcr die Industrie - Babcock Wanson","isPartOf":{"@id":"https:\/\/www.babcock-wanson.com\/de\/#website"},"primaryImageOfPage":{"@id":"https:\/\/www.babcock-wanson.com\/de\/unsere-produkte\/schluesselfertige-loesungen-pakete\/#primaryimage"},"image":{"@id":"https:\/\/www.babcock-wanson.com\/de\/unsere-produkte\/schluesselfertige-loesungen-pakete\/#primaryimage"},"thumbnailUrl":"https:\/\/www.babcock-wanson.com\/wp-content\/uploads\/2019\/02\/LNTA-TA-4.jpg","datePublished":"2025-01-17T09:33:52+00:00","dateModified":"2025-04-16T14:20:15+00:00","description":"Wenn Sie ein Kesselhaus oder ein Prozesserw\u00e4rmungsprojekt haben, das eine schl\u00fcsselfertige Kessell\u00f6sung f\u00fcr die Industrie erfordert, besuchen Sie uns, um die f\u00fcr Sie passende L\u00f6sung zu finden.","breadcrumb":{"@id":"https:\/\/www.babcock-wanson.com\/de\/unsere-produkte\/schluesselfertige-loesungen-pakete\/#breadcrumb"},"inLanguage":"de-DE","potentialAction":[{"@type":"ReadAction","target":["https:\/\/www.babcock-wanson.com\/de\/unsere-produkte\/schluesselfertige-loesungen-pakete\/"]}]},{"@type":"ImageObject","inLanguage":"de-DE","@id":"https:\/\/www.babcock-wanson.com\/de\/unsere-produkte\/schluesselfertige-loesungen-pakete\/#primaryimage","url":"https:\/\/www.babcock-wanson.com\/wp-content\/uploads\/2019\/02\/LNTA-TA-4.jpg","contentUrl":"https:\/\/www.babcock-wanson.com\/wp-content\/uploads\/2019\/02\/LNTA-TA-4.jpg"},{"@type":"BreadcrumbList","@id":"https:\/\/www.babcock-wanson.com\/de\/unsere-produkte\/schluesselfertige-loesungen-pakete\/#breadcrumb","itemListElement":[{"@type":"ListItem","position":1,"name":"Inicio","item":"https:\/\/www.babcock-wanson.com\/de\/"},{"@type":"ListItem","position":2,"name":"Unsere Produkte","item":"https:\/\/www.babcock-wanson.com\/de\/unsere-produkte\/"},{"@type":"ListItem","position":3,"name":"Schl\u00fcsselfertige L\u00f6sungen &amp; Pakete"}]},{"@type":"WebSite","@id":"https:\/\/www.babcock-wanson.com\/de\/#website","url":"https:\/\/www.babcock-wanson.com\/de\/","name":"Babcock Wanson","description":"","publisher":{"@id":"https:\/\/www.babcock-wanson.com\/de\/#organization"},"potentialAction":[{"@type":"SearchAction","target":{"@type":"EntryPoint","urlTemplate":"https:\/\/www.babcock-wanson.com\/de\/?s={search_term_string}"},"query-input":{"@type":"PropertyValueSpecification","valueRequired":true,"valueName":"search_term_string"}}],"inLanguage":"de-DE"},{"@type":"Organization","@id":"https:\/\/www.babcock-wanson.com\/de\/#organization","name":"Babcock Wanson","url":"https:\/\/www.babcock-wanson.com\/de\/","logo":{"@type":"ImageObject","inLanguage":"de-DE","@id":"https:\/\/www.babcock-wanson.com\/de\/#\/schema\/logo\/image\/","url":"https:\/\/www.babcock-wanson.com\/wp-content\/uploads\/2024\/02\/Babcock-Wanson-1200x1200-1.png","contentUrl":"https:\/\/www.babcock-wanson.com\/wp-content\/uploads\/2024\/02\/Babcock-Wanson-1200x1200-1.png","width":1200,"height":1200,"caption":"Babcock Wanson"},"image":{"@id":"https:\/\/www.babcock-wanson.com\/de\/#\/schema\/logo\/image\/"},"sameAs":["https:\/\/www.linkedin.com\/company\/babcock-wanson\/","https:\/\/www.youtube.com\/channel\/UCtxl25VieBBsP2kYmtlyv7A"]}]}},"jetpack_sharing_enabled":true,"_links":{"self":[{"href":"https:\/\/www.babcock-wanson.com\/de\/wp-json\/wp\/v2\/pages\/50145","targetHints":{"allow":["GET"]}}],"collection":[{"href":"https:\/\/www.babcock-wanson.com\/de\/wp-json\/wp\/v2\/pages"}],"about":[{"href":"https:\/\/www.babcock-wanson.com\/de\/wp-json\/wp\/v2\/types\/page"}],"author":[{"embeddable":true,"href":"https:\/\/www.babcock-wanson.com\/de\/wp-json\/wp\/v2\/users\/1"}],"replies":[{"embeddable":true,"href":"https:\/\/www.babcock-wanson.com\/de\/wp-json\/wp\/v2\/comments?post=50145"}],"version-history":[{"count":2,"href":"https:\/\/www.babcock-wanson.com\/de\/wp-json\/wp\/v2\/pages\/50145\/revisions"}],"predecessor-version":[{"id":51874,"href":"https:\/\/www.babcock-wanson.com\/de\/wp-json\/wp\/v2\/pages\/50145\/revisions\/51874"}],"up":[{"embeddable":true,"href":"https:\/\/www.babcock-wanson.com\/de\/wp-json\/wp\/v2\/pages\/50122"}],"wp:attachment":[{"href":"https:\/\/www.babcock-wanson.com\/de\/wp-json\/wp\/v2\/media?parent=50145"}],"curies":[{"name":"wp","href":"https:\/\/api.w.org\/{rel}","templated":true}]}}