{"id":50159,"date":"2025-01-17T09:33:55","date_gmt":"2025-01-17T09:33:55","guid":{"rendered":"https:\/\/www.babcock-wanson.com\/ressourcen\/"},"modified":"2025-04-17T09:48:44","modified_gmt":"2025-04-17T08:48:44","slug":"ressourcen","status":"publish","type":"page","link":"https:\/\/www.babcock-wanson.com\/de\/ressourcen\/","title":{"rendered":"Ressourcen"},"content":{"rendered":"<div class=\"vgblk-rw-wrapper limit-wrapper\">\n<h2>\n\tBrosch\u00fcre <br \/>Downloads\n\t<\/h2>\n\t<p>In unserem Download-Center k\u00f6nnen Sie bei Bedarf eine Auswahl an PDF-Produktbrosch\u00fcren und technischen Produktdatenbl\u00e4ttern herunterladen.<\/p>\n\t<a href=\"https:\/\/www.babcock-wanson.com\/de\/ressourcen\/download-center\/\" target=\"_self\" role=\"button\">\n\t\t\t\t\tErfahren Sie mehr\n\t<\/a>\n<h2>\n\tVorschriften<br \/> Update\n\t<\/h2>\n\t<p>Regulierungsstandards, die erf\u00fcllt werden m\u00fcssen, bevor Druckger\u00e4te oder Baugruppen irgendwo in der EU in Verkehr gebracht oder in Betrieb genommen werden d\u00fcrfen.<\/p>\n\t<a href=\"https:\/\/www.babcock-wanson.com\/de\/ressourcen\/vorschriften\/\" target=\"_self\" role=\"button\">\n\t\t\t\t\tErfahren Sie mehr\n\t<\/a>\n<h2>\n\tTechnischer <br \/>Blog\n\t<\/h2>\n\t<p>Lesen Sie eine Auswahl technischer Blogbeitr\u00e4ge unserer Ingenieure und Spezifikationsteams, die eine Vielzahl von betrieblichen Themen abdecken.<\/p>\n\t<a href=\"https:\/\/www.babcock-wanson.com\/de\/ressourcen\/technikblog\/\" target=\"_self\" role=\"button\">\n\t\t\t\t\tErfahren Sie mehr\n\t<\/a>\n<h2>\n\tUnsere Produkte\n\t<\/h2>\n\t<p><strong>Babcock Wanson<\/strong> bietet eine vollst\u00e4ndige Produktpalette und Dienstleistungen f\u00fcr Ihre gewerblichen Kesselhausanforderungen.<\/p>\n<p>Von Dampfkesseln, W\u00e4rmetr\u00e4gerheizer, Schnelldampferzeugern und Hei\u00dfwasserkesseln bis hin zur VOC- und Geruchsbehandlung durch thermische Oxidation, Wasseraufbereitung oder Luftheizungsl\u00f6sungen.<\/p>\n\t<a href=\"https:\/\/www.babcock-wanson.com\/de\/unsere-produkte\/\" target=\"_self\" role=\"button\">\n\t\t\t\t\tErfahren Sie mehr\n\t<\/a>\n<h2>\n\t\t\t<a href=\"https:\/\/www.babcock-wanson.com\/services\/\" title=\"Unsere Dienstleistungen\" target=\"_self\">\n\tUnsere Dienstleistungen\n\t\t\t<\/a>\n\t<\/h2>\n\t<p><strong>Babcock Wanson<\/strong> bietet eine vollst\u00e4ndige Produktpalette an Dienstleistungen f\u00fcr Ihr Kesselhaus an.<\/p>\n<p>Wir helfen Ihnen, Ihre Energieproduktion mit Qualit\u00e4tsprodukten und effizienten Dienstleistungen zu optimieren. Unser erfahrenes Team an Wartungsingenieuren ist hochqualifiziert und geschult, um auf alle Wartungsanforderungen Ihres Kesselhaus reagieren zu k\u00f6nnen.<\/p>\n\t<a href=\"https:\/\/www.babcock-wanson.com\/de\/unsere-dienstleistungen\/\" target=\"_self\" role=\"button\">\n\t\t\t\t\tErfahren Sie mehr\n\t<\/a>\n\t\t\tKOMMERZIELL\n\t\t<p>Unsere technischen Verkaufsberater stehen Ihnen w\u00e4hrend des gesamten Spezifikations- und Kaufprozesses mit Rat und Tat zur Seite. Unser Vertriebsteam ist darauf bedacht, dass jedes Projekt und jede Installation reibungslos verl\u00e4uft, von der Spezifikation bis zur Lieferung und Installation.Babcock Wanson ist bekannt f\u00fcr qualitativ hochwertige industrielle Prozessw\u00e4rme-L\u00f6sungen, von der Herstellung bis zur Wartung und dem laufenden Support.Ein Schl\u00fcsselfaktor f\u00fcr den Erfolg von Babcock Wanson ist unsere F\u00e4higkeit, ein komplettes Sortiment an Produkten und Dienstleistungen f\u00fcr Kesselh\u00e4user und andere Prozessheizungsanforderungen anzubieten, die alle auf die individuellen Anforderungen der Kunden abgestimmt sind.Alle von Babcock Wanson gelieferten Produkte werden umfassend unterst\u00fctzt, einschlie\u00dflich ma\u00dfgeschneiderter Service- und Wartungsvertr\u00e4ge.Babcock Wanson bietet nicht nur eine Reihe von qualitativ hochwertigen Produkten, sondern auch schl\u00fcsselfertige L\u00f6sungen an. Wir verf\u00fcgen \u00fcber das technische Fachwissen und die Erfahrung, um unsere Produkte und Systemdesigns individuell anzupassen und innovative L\u00f6sungen zu entwickeln.<\/p>\n\t\t\tTECHNISCH\n\t\t<p>Wir arbeiten hart daran, die Besten zu sein, und sind stolz darauf, einer der weltweit f\u00fchrenden Anbieter von industriellen Prozessw\u00e4rmeanlagen zu sein. Babcock Wanson Kunden profitieren von:<\/p><ul><li>Hohe Effizienz und umweltbewusste Leistung<\/li><li>Stets an vorderster Front der Innovation<\/li><li>Die St\u00e4rke eines internationalen Netzwerks, unterst\u00fctzt durch einen lokalen Service<\/li><li>Eine au\u00dfergew\u00f6hnlich breite Palette an Prozessw\u00e4rme-L\u00f6sungen, die den Anforderungen der Kunden gerecht werden<\/li><li>Mehr als ein Jahrhundert an technischem Know-how und Erfahrung<\/li><li>Ma\u00dfgeschneiderte L\u00f6sungen, vom Produkt bis hin zu Schulungs- und Wartungsvertr\u00e4gen<\/li><li>Umfassende Unterst\u00fctzung nach dem Verkauf<\/li><li>Ein l\u00f6sungsorientierter Ansatz<\/li><li>Tausende von Installationen und zufriedene Kunden<\/li><\/ul>\n\t\t\tLOKALISIERUNG\n\t\t<p>Seit seinen Anf\u00e4ngen im sp\u00e4ten 19. Jahrhundert hat sich Babcock Wanson zu einem bedeutenden internationalen Anbieter von industriellen Prozessw\u00e4rmeanlagen und -l\u00f6sungen entwickelt.<\/p><ul><li>Eine internationale Organisation mit acht operativen Unternehmen in und um Europa<\/li><li>Zwei Hauptproduktionsst\u00e4tten in Europa, sowie weitere Konstruktions- und Montagewerke<br \/>Werke<\/li><li>Mehr als 600 Mitarbeiter, von denen mehr als die H\u00e4lfte im Bereich Kundendienst und Service t\u00e4tig sind<\/li><li>Ein weltweites Netz von kommerziellen und technischen Partnern<\/li><li>Mehr als 300 Servicetechniker in ganz Europa<\/li><\/ul>\n\t\t\t\t10,000+\n<h3>\n\tGlobale Installationen\n\t<\/h3>\n\t<p>600+ Mitarbeiter, von denen mehr als die H\u00e4lfte im Bereich Kundendienst und Service t\u00e4tig sind. 300+ Wartungsingenieure in ganz Europa. Ein weltweites Netzwerk von Handels- und Technikpartnern<\/p>\n\t\t\t\t100+\n<h3>\n\tBediente L\u00e4nder\n\t<\/h3>\n\t<p>Eine internationale Organisation mit acht Betriebsgesellschaften in und um Europa. Zwei Hauptproduktionsst\u00e4tten in Europa, sowie weitere Konstruktions- und Montagewerke<\/p>\n<h2>\n\t\t<strong>Technikblog<\/strong>\n\t<\/h2>\n\n<\/div><!-- .vgblk-rw-wrapper -->","protected":false},"excerpt":{"rendered":"<p>Brosch\u00fcre Downloads In unserem Download-Center k\u00f6nnen Sie bei Bedarf eine Auswahl an PDF-Produktbrosch\u00fcren und technischen Produktdatenbl\u00e4ttern herunterladen. Erfahren Sie mehr Vorschriften Update Regulierungsstandards, die erf\u00fcllt werden m\u00fcssen, bevor Druckger\u00e4te oder Baugruppen irgendwo in der EU in Verkehr gebracht oder in Betrieb genommen werden d\u00fcrfen. Erfahren Sie mehr Technischer Blog Lesen Sie eine Auswahl technischer Blogbeitr\u00e4ge&#8230;<\/p>\n","protected":false},"author":1,"featured_media":0,"parent":0,"menu_order":0,"comment_status":"closed","ping_status":"closed","template":"","meta":{"_acf_changed":false,"_relevanssi_hide_post":"","_relevanssi_hide_content":"","_relevanssi_pin_for_all":"","_relevanssi_pin_keywords":"","_relevanssi_unpin_keywords":"","_relevanssi_related_keywords":"","_relevanssi_related_include_ids":"","_relevanssi_related_exclude_ids":"","_relevanssi_related_no_append":"","_relevanssi_related_not_related":"","_relevanssi_related_posts":"","_relevanssi_noindex_reason":"","footnotes":""},"class_list":["post-50159","page","type-page","status-publish","hentry"],"acf":[],"yoast_head":"<!-- This site is optimized with the Yoast SEO Premium plugin v27.4 (Yoast SEO v27.4) - https:\/\/yoast.com\/product\/yoast-seo-premium-wordpress\/ -->\n<title>Industriekessel-Ressourcen - Babcock Wanson<\/title>\n<meta name=\"description\" content=\"Babcock Wanson ist der Meinung, dass gute Ausr\u00fcstung durch guten Support unterst\u00fctzt werden muss. Besuchen Sie uns noch heute, um sich unsere Industriekessel-Ressourcen anzusehen oder um Kontakt mit uns aufzunehmen\" \/>\n<meta name=\"robots\" content=\"index, follow, max-snippet:-1, max-image-preview:large, max-video-preview:-1\" \/>\n<link rel=\"canonical\" href=\"https:\/\/www.babcock-wanson.com\/de\/ressourcen\/\" \/>\n<meta property=\"og:locale\" content=\"de_DE\" \/>\n<meta property=\"og:type\" content=\"article\" \/>\n<meta property=\"og:title\" content=\"Ressourcen\" \/>\n<meta property=\"og:description\" content=\"Babcock Wanson ist der Meinung, dass gute Ausr\u00fcstung durch guten Support unterst\u00fctzt werden muss. Besuchen Sie uns noch heute, um sich unsere Industriekessel-Ressourcen anzusehen oder um Kontakt mit uns aufzunehmen\" \/>\n<meta property=\"og:url\" content=\"https:\/\/www.babcock-wanson.com\/de\/ressourcen\/\" \/>\n<meta property=\"og:site_name\" content=\"Babcock Wanson\" \/>\n<meta property=\"article:modified_time\" content=\"2025-04-17T08:48:44+00:00\" \/>\n<meta property=\"og:image\" content=\"https:\/\/www.babcock-wanson.com\/wp-content\/uploads\/2024\/02\/Babcock-Wanson-1200x1200-1.png\" \/>\n\t<meta property=\"og:image:width\" content=\"1200\" \/>\n\t<meta property=\"og:image:height\" content=\"1200\" \/>\n\t<meta property=\"og:image:type\" content=\"image\/png\" \/>\n<meta name=\"twitter:card\" content=\"summary_large_image\" \/>\n<meta name=\"twitter:label1\" content=\"Est. reading time\" \/>\n\t<meta name=\"twitter:data1\" content=\"4 Minuten\" \/>\n<script type=\"application\/ld+json\" class=\"yoast-schema-graph\">{\"@context\":\"https:\\\/\\\/schema.org\",\"@graph\":[{\"@type\":\"WebPage\",\"@id\":\"https:\\\/\\\/www.babcock-wanson.com\\\/de\\\/ressourcen\\\/\",\"url\":\"https:\\\/\\\/www.babcock-wanson.com\\\/de\\\/ressourcen\\\/\",\"name\":\"Industriekessel-Ressourcen - Babcock Wanson\",\"isPartOf\":{\"@id\":\"https:\\\/\\\/www.babcock-wanson.com\\\/de\\\/#website\"},\"datePublished\":\"2025-01-17T09:33:55+00:00\",\"dateModified\":\"2025-04-17T08:48:44+00:00\",\"description\":\"Babcock Wanson ist der Meinung, dass gute Ausr\u00fcstung durch guten Support unterst\u00fctzt werden muss. Besuchen Sie uns noch heute, um sich unsere Industriekessel-Ressourcen anzusehen oder um Kontakt mit uns aufzunehmen\",\"breadcrumb\":{\"@id\":\"https:\\\/\\\/www.babcock-wanson.com\\\/de\\\/ressourcen\\\/#breadcrumb\"},\"inLanguage\":\"de-DE\",\"potentialAction\":[{\"@type\":\"ReadAction\",\"target\":[\"https:\\\/\\\/www.babcock-wanson.com\\\/de\\\/ressourcen\\\/\"]}]},{\"@type\":\"BreadcrumbList\",\"@id\":\"https:\\\/\\\/www.babcock-wanson.com\\\/de\\\/ressourcen\\\/#breadcrumb\",\"itemListElement\":[{\"@type\":\"ListItem\",\"position\":1,\"name\":\"Inicio\",\"item\":\"https:\\\/\\\/www.babcock-wanson.com\\\/de\\\/\"},{\"@type\":\"ListItem\",\"position\":2,\"name\":\"Ressourcen\"}]},{\"@type\":\"WebSite\",\"@id\":\"https:\\\/\\\/www.babcock-wanson.com\\\/de\\\/#website\",\"url\":\"https:\\\/\\\/www.babcock-wanson.com\\\/de\\\/\",\"name\":\"Babcock Wanson\",\"description\":\"\",\"publisher\":{\"@id\":\"https:\\\/\\\/www.babcock-wanson.com\\\/de\\\/#organization\"},\"potentialAction\":[{\"@type\":\"SearchAction\",\"target\":{\"@type\":\"EntryPoint\",\"urlTemplate\":\"https:\\\/\\\/www.babcock-wanson.com\\\/de\\\/?s={search_term_string}\"},\"query-input\":{\"@type\":\"PropertyValueSpecification\",\"valueRequired\":true,\"valueName\":\"search_term_string\"}}],\"inLanguage\":\"de-DE\"},{\"@type\":\"Organization\",\"@id\":\"https:\\\/\\\/www.babcock-wanson.com\\\/de\\\/#organization\",\"name\":\"Babcock Wanson\",\"url\":\"https:\\\/\\\/www.babcock-wanson.com\\\/de\\\/\",\"logo\":{\"@type\":\"ImageObject\",\"inLanguage\":\"de-DE\",\"@id\":\"https:\\\/\\\/www.babcock-wanson.com\\\/de\\\/#\\\/schema\\\/logo\\\/image\\\/\",\"url\":\"https:\\\/\\\/www.babcock-wanson.com\\\/wp-content\\\/uploads\\\/2024\\\/02\\\/Babcock-Wanson-1200x1200-1.png\",\"contentUrl\":\"https:\\\/\\\/www.babcock-wanson.com\\\/wp-content\\\/uploads\\\/2024\\\/02\\\/Babcock-Wanson-1200x1200-1.png\",\"width\":1200,\"height\":1200,\"caption\":\"Babcock Wanson\"},\"image\":{\"@id\":\"https:\\\/\\\/www.babcock-wanson.com\\\/de\\\/#\\\/schema\\\/logo\\\/image\\\/\"},\"sameAs\":[\"https:\\\/\\\/www.linkedin.com\\\/company\\\/babcock-wanson\\\/\",\"https:\\\/\\\/www.youtube.com\\\/channel\\\/UCtxl25VieBBsP2kYmtlyv7A\"]}]}<\/script>\n<!-- \/ Yoast SEO Premium plugin. -->","yoast_head_json":{"title":"Industriekessel-Ressourcen - Babcock Wanson","description":"Babcock Wanson ist der Meinung, dass gute Ausr\u00fcstung durch guten Support unterst\u00fctzt werden muss. Besuchen Sie uns noch heute, um sich unsere Industriekessel-Ressourcen anzusehen oder um Kontakt mit uns aufzunehmen","robots":{"index":"index","follow":"follow","max-snippet":"max-snippet:-1","max-image-preview":"max-image-preview:large","max-video-preview":"max-video-preview:-1"},"canonical":"https:\/\/www.babcock-wanson.com\/de\/ressourcen\/","og_locale":"de_DE","og_type":"article","og_title":"Ressourcen","og_description":"Babcock Wanson ist der Meinung, dass gute Ausr\u00fcstung durch guten Support unterst\u00fctzt werden muss. Besuchen Sie uns noch heute, um sich unsere Industriekessel-Ressourcen anzusehen oder um Kontakt mit uns aufzunehmen","og_url":"https:\/\/www.babcock-wanson.com\/de\/ressourcen\/","og_site_name":"Babcock Wanson","article_modified_time":"2025-04-17T08:48:44+00:00","og_image":[{"width":1200,"height":1200,"url":"https:\/\/www.babcock-wanson.com\/wp-content\/uploads\/2024\/02\/Babcock-Wanson-1200x1200-1.png","type":"image\/png"}],"twitter_card":"summary_large_image","twitter_misc":{"Est. reading time":"4 Minuten"},"schema":{"@context":"https:\/\/schema.org","@graph":[{"@type":"WebPage","@id":"https:\/\/www.babcock-wanson.com\/de\/ressourcen\/","url":"https:\/\/www.babcock-wanson.com\/de\/ressourcen\/","name":"Industriekessel-Ressourcen - Babcock Wanson","isPartOf":{"@id":"https:\/\/www.babcock-wanson.com\/de\/#website"},"datePublished":"2025-01-17T09:33:55+00:00","dateModified":"2025-04-17T08:48:44+00:00","description":"Babcock Wanson ist der Meinung, dass gute Ausr\u00fcstung durch guten Support unterst\u00fctzt werden muss. Besuchen Sie uns noch heute, um sich unsere Industriekessel-Ressourcen anzusehen oder um Kontakt mit uns aufzunehmen","breadcrumb":{"@id":"https:\/\/www.babcock-wanson.com\/de\/ressourcen\/#breadcrumb"},"inLanguage":"de-DE","potentialAction":[{"@type":"ReadAction","target":["https:\/\/www.babcock-wanson.com\/de\/ressourcen\/"]}]},{"@type":"BreadcrumbList","@id":"https:\/\/www.babcock-wanson.com\/de\/ressourcen\/#breadcrumb","itemListElement":[{"@type":"ListItem","position":1,"name":"Inicio","item":"https:\/\/www.babcock-wanson.com\/de\/"},{"@type":"ListItem","position":2,"name":"Ressourcen"}]},{"@type":"WebSite","@id":"https:\/\/www.babcock-wanson.com\/de\/#website","url":"https:\/\/www.babcock-wanson.com\/de\/","name":"Babcock Wanson","description":"","publisher":{"@id":"https:\/\/www.babcock-wanson.com\/de\/#organization"},"potentialAction":[{"@type":"SearchAction","target":{"@type":"EntryPoint","urlTemplate":"https:\/\/www.babcock-wanson.com\/de\/?s={search_term_string}"},"query-input":{"@type":"PropertyValueSpecification","valueRequired":true,"valueName":"search_term_string"}}],"inLanguage":"de-DE"},{"@type":"Organization","@id":"https:\/\/www.babcock-wanson.com\/de\/#organization","name":"Babcock Wanson","url":"https:\/\/www.babcock-wanson.com\/de\/","logo":{"@type":"ImageObject","inLanguage":"de-DE","@id":"https:\/\/www.babcock-wanson.com\/de\/#\/schema\/logo\/image\/","url":"https:\/\/www.babcock-wanson.com\/wp-content\/uploads\/2024\/02\/Babcock-Wanson-1200x1200-1.png","contentUrl":"https:\/\/www.babcock-wanson.com\/wp-content\/uploads\/2024\/02\/Babcock-Wanson-1200x1200-1.png","width":1200,"height":1200,"caption":"Babcock Wanson"},"image":{"@id":"https:\/\/www.babcock-wanson.com\/de\/#\/schema\/logo\/image\/"},"sameAs":["https:\/\/www.linkedin.com\/company\/babcock-wanson\/","https:\/\/www.youtube.com\/channel\/UCtxl25VieBBsP2kYmtlyv7A"]}]}},"jetpack_sharing_enabled":true,"_links":{"self":[{"href":"https:\/\/www.babcock-wanson.com\/de\/wp-json\/wp\/v2\/pages\/50159","targetHints":{"allow":["GET"]}}],"collection":[{"href":"https:\/\/www.babcock-wanson.com\/de\/wp-json\/wp\/v2\/pages"}],"about":[{"href":"https:\/\/www.babcock-wanson.com\/de\/wp-json\/wp\/v2\/types\/page"}],"author":[{"embeddable":true,"href":"https:\/\/www.babcock-wanson.com\/de\/wp-json\/wp\/v2\/users\/1"}],"replies":[{"embeddable":true,"href":"https:\/\/www.babcock-wanson.com\/de\/wp-json\/wp\/v2\/comments?post=50159"}],"version-history":[{"count":2,"href":"https:\/\/www.babcock-wanson.com\/de\/wp-json\/wp\/v2\/pages\/50159\/revisions"}],"predecessor-version":[{"id":51923,"href":"https:\/\/www.babcock-wanson.com\/de\/wp-json\/wp\/v2\/pages\/50159\/revisions\/51923"}],"wp:attachment":[{"href":"https:\/\/www.babcock-wanson.com\/de\/wp-json\/wp\/v2\/media?parent=50159"}],"curies":[{"name":"wp","href":"https:\/\/api.w.org\/{rel}","templated":true}]}}