{"id":50016,"date":"2018-08-15T10:32:59","date_gmt":"2025-01-17T09:20:46","guid":{"rendered":"https:\/\/www.babcock-wanson.com\/products\/unkategorisiert\/nbwb-serie\/"},"modified":"2025-04-07T15:23:37","modified_gmt":"2025-04-07T14:23:37","slug":"nbwb-serie","status":"publish","type":"product","link":"https:\/\/www.babcock-wanson.com\/de\/products\/flammrohrdampfkessel\/nbwb-serie\/","title":{"rendered":"NBWB-Serie"},"content":{"rendered":"<div class=\"vgblk-rw-wrapper limit-wrapper\">\r\n<h3>Niedriger Kraftstoffverbrauch<\/h3>\r\n<ul>\r\n<li>Vollst\u00e4ndig optimiert und hocheffizient in der Standardausf\u00fchrung durch den Einsatz von schraubenf\u00f6rmigen Ringen im Flammrohr, die das Rauchgas in eine Wirbelbewegung versetzen.<\/li>\r\n<li>Bei Ausstattung mit einem passenden Vorw\u00e4rmer und einem <a href=\"https:\/\/www.babcock-wanson.com\/de\/produkt-kategorie\/flammrohrdampfkessel\/\" target=\"_blank\" rel=\"noopener\">W\u00e4rmer\u00fcckgewinnungssystem<\/a> von Babcock Wanson k\u00f6nnen Effizienzgrade von 95 % und mehr erreicht werden..<\/li>\r\n<li>Der Stromverbrauch kann durch den Einsatz einer variablen Drehzahlregelung f\u00fcr das Verbrennungsluftgebl\u00e4se und die Speisewasserpumpe um 30 % bis 50 % gesenkt werden, wenn dies vorgeschrieben ist.<\/li>\r\n<\/ul>\r\n<h3>Geringere Betriebskosten<\/h3>\r\n<ul>\r\n<li>Robuste Konstruktion f\u00fcr lange Lebensdauer<\/li>\r\n<li>Leichter Zugang f\u00fcr vereinfachte Inspektion und Wartung.<\/li>\r\n<li>Zu den Optionen geh\u00f6ren vollst\u00e4ndig zugelassene Steuerungen f\u00fcr den beaufsichtigten, vor Ort \u00fcberwachten oder vollst\u00e4ndig unbeaufsichtigten Betrieb f\u00fcr einen wirtschaftlichen und benutzerfreundlichen Betrieb.<\/li>\r\n<\/ul>\r\n<h3>Warum sollten Sie sich f\u00fcr NBWB-Flammrohrdampfkessel entscheiden?<\/h3>\r\n<ul>\r\n<li style=\"list-style-type: none;\">\u00a0<\/li>\r\n<li>Hoher Wirkungsgrad \u2013 NOx-arme Brenner<\/li>\r\n<li>Hohes Brennerregelverh\u00e4ltnis<\/li>\r\n<li>Leichter Zugang f\u00fcr einfache Wartung<\/li>\r\n<li>Robuste Bauweise f\u00fcr sehr lange Lebensdauer<\/li>\r\n<li><a href=\"https:\/\/www.babcock-wanson.com\/de\/products\/warmeruckgewinnungssysteme\/vorwaermer\/\" target=\"_blank\" rel=\"noopener\">Rauchgasvorw\u00e4rmer<\/a><\/li>\r\n<li>Feuerungsoptionen f\u00fcr Erdgas, Fl\u00fcssiggas oder Leicht\u00f6l<\/li>\r\n<li>Feuerungsoptionen f\u00fcr Zweistoffbetrieb<\/li>\r\n<li>O2- und CO-Regelungsoptionen<\/li>\r\n<li>Einfacher unbeaufsichtigter Betrieb<\/li>\r\n<li>Komplette Dampfsysteml\u00f6sung<\/li>\r\n<\/ul>\r\n<h2>Flammrohrdampfkessel der Serie NBWB<\/h2>\r\n<table>\r\n<tbody>\r\n<tr>\r\n<th>NBWB<\/th>\r\n<th>modell<\/th>\r\n<th>25<\/th>\r\n<th>43<\/th>\r\n<th>65<\/th>\r\n<th>100<\/th>\r\n<th>150<\/th>\r\n<th>200<\/th>\r\n<th>250<\/th>\r\n<\/tr>\r\n<tr>\r\n<th>Dampfleistung (1)<\/th>\r\n<th>Kg\/h<\/th>\r\n<td>250<\/td>\r\n<td>430<\/td>\r\n<td>650<\/td>\r\n<td>1000<\/td>\r\n<td>1500<\/td>\r\n<td>2000<\/td>\r\n<td>2500<\/td>\r\n<\/tr>\r\n<tr>\r\n<th>Leistungsausgabe (1)<\/th>\r\n<th>kW<\/th>\r\n<td>176<\/td>\r\n<td>303<\/td>\r\n<td>457<\/td>\r\n<td>703<\/td>\r\n<td>1055<\/td>\r\n<td>1407<\/td>\r\n<td>1758<\/td>\r\n<\/tr>\r\n<tr>\r\n<th>Breite A (2)<\/th>\r\n<th>mm<\/th>\r\n<td>1390<\/td>\r\n<td>1470<\/td>\r\n<td>1520<\/td>\r\n<td>1680<\/td>\r\n<td>1750<\/td>\r\n<td>1790<\/td>\r\n<td>1950<\/td>\r\n<\/tr>\r\n<tr>\r\n<th>L\u00e4nge B (2)<\/th>\r\n<th>mm<\/th>\r\n<td>3090<\/td>\r\n<td>3280<\/td>\r\n<td>3380<\/td>\r\n<td>4240<\/td>\r\n<td>4300<\/td>\r\n<td>4710<\/td>\r\n<td>4980<\/td>\r\n<\/tr>\r\n<tr>\r\n<th>H\u00f6he C (2)<\/th>\r\n<th>mm<\/th>\r\n<td>1640<\/td>\r\n<td>1730<\/td>\r\n<td>1800<\/td>\r\n<td>1980<\/td>\r\n<td>2070<\/td>\r\n<td>220<\/td>\r\n<td>2270<\/td>\r\n<\/tr>\r\n<tr>\r\n<th>Gewicht \u2013 voll geflutet<\/th>\r\n<th>Kg<\/th>\r\n<td>2300<\/td>\r\n<td>2820<\/td>\r\n<td>3250<\/td>\r\n<td>5070<\/td>\r\n<td>5870<\/td>\r\n<td>6870<\/td>\r\n<td>7470<\/td>\r\n<\/tr>\r\n<\/tbody>\r\n<\/table>\r\n<p>(1) Dampfleistung bei bis zu 10 barg basierend auf Speisewasser mit 60 \u00b0C (2) Gesamtabmessungen umfassen montierten Brenner und Kesselhalterungen<\/p>\r\n<\/div><!-- .vgblk-rw-wrapper -->","protected":false},"excerpt":{"rendered":"<p><strong>Dampfleistung von 250 kg\/h bis 2500 kg\/h<\/strong> <br \/>Die <a href=\"https:\/\/www.babcock-wanson.com\/de\/produkt-kategorie\/flammrohrdampfkessel\/\" target=\"_blank\" rel=\"noopener\">Flammrohrdampfkessel<\/a> der NBWB-Serie versorgen die Benutzer mit hochwertigem Trockendampf bis zu 2500 kg\/h, w\u00e4hrend der Brennstoffverbrauch und die Betriebskosten niedrig gehalten werden.<\/p>\n","protected":false},"featured_media":50017,"comment_status":"closed","ping_status":"closed","template":"","meta":{"_acf_changed":false,"_relevanssi_hide_post":"","_relevanssi_hide_content":"","_relevanssi_pin_for_all":"","_relevanssi_pin_keywords":"","_relevanssi_unpin_keywords":"","_relevanssi_related_keywords":"","_relevanssi_related_include_ids":"","_relevanssi_related_exclude_ids":"","_relevanssi_related_no_append":"","_relevanssi_related_not_related":"","_relevanssi_related_posts":"","_relevanssi_noindex_reason":""},"product_brand":[],"product_cat":[6519,6520],"product_tag":[],"class_list":{"0":"post-50016","1":"product","2":"type-product","3":"status-publish","4":"has-post-thumbnail","6":"product_cat-dampfkessel","7":"product_cat-flammrohrdampfkessel","9":"first","10":"instock","11":"shipping-taxable","12":"product-type-simple"},"acf":[],"yoast_head":"<!-- This site is optimized with the Yoast SEO Premium plugin v27.4 (Yoast SEO v27.4) - https:\/\/yoast.com\/product\/yoast-seo-premium-wordpress\/ -->\n<title>Flammrohrdampfkessel der Serie NBWB<\/title>\n<meta name=\"description\" content=\"Die NBWB-Serie versorgt die Benutzer mit hochwertigem Trockendampf bis zu 2500 kg\/h, w\u00e4hrend der Brennstoffverbrauch und die Betriebskosten niedrig gehalten werden.\" \/>\n<meta name=\"robots\" content=\"index, follow, max-snippet:-1, max-image-preview:large, max-video-preview:-1\" \/>\n<link rel=\"canonical\" href=\"https:\/\/www.babcock-wanson.com\/de\/products\/flammrohrdampfkessel\/nbwb-serie\/\" \/>\n<meta property=\"og:locale\" content=\"de_DE\" \/>\n<meta property=\"og:type\" content=\"article\" \/>\n<meta property=\"og:title\" content=\"NBWB-Serie\" \/>\n<meta property=\"og:description\" content=\"Die NBWB-Serie versorgt die Benutzer mit hochwertigem Trockendampf bis zu 2500 kg\/h, w\u00e4hrend der Brennstoffverbrauch und die Betriebskosten niedrig gehalten werden.\" \/>\n<meta property=\"og:url\" content=\"https:\/\/www.babcock-wanson.com\/de\/products\/flammrohrdampfkessel\/nbwb-serie\/\" \/>\n<meta property=\"og:site_name\" content=\"Babcock Wanson\" \/>\n<meta property=\"article:modified_time\" content=\"2025-04-07T14:23:37+00:00\" \/>\n<meta property=\"og:image\" content=\"https:\/\/www.babcock-wanson.com\/wp-content\/uploads\/2018\/08\/NBWB-Fire-Tube-Boiler-3.png\" \/>\n\t<meta property=\"og:image:width\" content=\"600\" \/>\n\t<meta property=\"og:image:height\" content=\"400\" \/>\n\t<meta property=\"og:image:type\" content=\"image\/png\" \/>\n<meta name=\"twitter:card\" content=\"summary_large_image\" \/>\n<meta name=\"twitter:label1\" content=\"Est. reading time\" \/>\n\t<meta name=\"twitter:data1\" content=\"2 Minuten\" \/>\n<script type=\"application\/ld+json\" class=\"yoast-schema-graph\">{\"@context\":\"https:\\\/\\\/schema.org\",\"@graph\":[{\"@type\":\"WebPage\",\"@id\":\"https:\\\/\\\/www.babcock-wanson.com\\\/de\\\/products\\\/flammrohrdampfkessel\\\/nbwb-serie\\\/\",\"url\":\"https:\\\/\\\/www.babcock-wanson.com\\\/de\\\/products\\\/flammrohrdampfkessel\\\/nbwb-serie\\\/\",\"name\":\"Flammrohrdampfkessel der Serie NBWB\",\"isPartOf\":{\"@id\":\"https:\\\/\\\/www.babcock-wanson.com\\\/de\\\/#website\"},\"primaryImageOfPage\":{\"@id\":\"https:\\\/\\\/www.babcock-wanson.com\\\/de\\\/products\\\/flammrohrdampfkessel\\\/nbwb-serie\\\/#primaryimage\"},\"image\":{\"@id\":\"https:\\\/\\\/www.babcock-wanson.com\\\/de\\\/products\\\/flammrohrdampfkessel\\\/nbwb-serie\\\/#primaryimage\"},\"thumbnailUrl\":\"https:\\\/\\\/www.babcock-wanson.com\\\/wp-content\\\/uploads\\\/2018\\\/08\\\/NBWB-Fire-Tube-Boiler-3.png\",\"datePublished\":\"2025-01-17T09:20:46+00:00\",\"dateModified\":\"2025-04-07T14:23:37+00:00\",\"description\":\"Die NBWB-Serie versorgt die Benutzer mit hochwertigem Trockendampf bis zu 2500 kg\\\/h, w\u00e4hrend der Brennstoffverbrauch und die Betriebskosten niedrig gehalten werden.\",\"breadcrumb\":{\"@id\":\"https:\\\/\\\/www.babcock-wanson.com\\\/de\\\/products\\\/flammrohrdampfkessel\\\/nbwb-serie\\\/#breadcrumb\"},\"inLanguage\":\"de-DE\",\"potentialAction\":[{\"@type\":\"ReadAction\",\"target\":[\"https:\\\/\\\/www.babcock-wanson.com\\\/de\\\/products\\\/flammrohrdampfkessel\\\/nbwb-serie\\\/\"]}]},{\"@type\":\"ImageObject\",\"inLanguage\":\"de-DE\",\"@id\":\"https:\\\/\\\/www.babcock-wanson.com\\\/de\\\/products\\\/flammrohrdampfkessel\\\/nbwb-serie\\\/#primaryimage\",\"url\":\"https:\\\/\\\/www.babcock-wanson.com\\\/wp-content\\\/uploads\\\/2018\\\/08\\\/NBWB-Fire-Tube-Boiler-3.png\",\"contentUrl\":\"https:\\\/\\\/www.babcock-wanson.com\\\/wp-content\\\/uploads\\\/2018\\\/08\\\/NBWB-Fire-Tube-Boiler-3.png\",\"width\":600,\"height\":400},{\"@type\":\"BreadcrumbList\",\"@id\":\"https:\\\/\\\/www.babcock-wanson.com\\\/de\\\/products\\\/flammrohrdampfkessel\\\/nbwb-serie\\\/#breadcrumb\",\"itemListElement\":[{\"@type\":\"ListItem\",\"position\":1,\"name\":\"Inicio\",\"item\":\"https:\\\/\\\/www.babcock-wanson.com\\\/de\\\/\"},{\"@type\":\"ListItem\",\"position\":2,\"name\":\"Produkte\",\"item\":\"https:\\\/\\\/www.babcock-wanson.com\\\/de\\\/shop\\\/\"},{\"@type\":\"ListItem\",\"position\":3,\"name\":\"Flammrohrdampfkessel\",\"item\":\"https:\\\/\\\/www.babcock-wanson.com\\\/de\\\/produkt-kategorie\\\/flammrohrdampfkessel\\\/\"},{\"@type\":\"ListItem\",\"position\":4,\"name\":\"NBWB-Serie\"}]},{\"@type\":\"WebSite\",\"@id\":\"https:\\\/\\\/www.babcock-wanson.com\\\/de\\\/#website\",\"url\":\"https:\\\/\\\/www.babcock-wanson.com\\\/de\\\/\",\"name\":\"Babcock Wanson\",\"description\":\"\",\"publisher\":{\"@id\":\"https:\\\/\\\/www.babcock-wanson.com\\\/de\\\/#organization\"},\"potentialAction\":[{\"@type\":\"SearchAction\",\"target\":{\"@type\":\"EntryPoint\",\"urlTemplate\":\"https:\\\/\\\/www.babcock-wanson.com\\\/de\\\/?s={search_term_string}\"},\"query-input\":{\"@type\":\"PropertyValueSpecification\",\"valueRequired\":true,\"valueName\":\"search_term_string\"}}],\"inLanguage\":\"de-DE\"},{\"@type\":\"Organization\",\"@id\":\"https:\\\/\\\/www.babcock-wanson.com\\\/de\\\/#organization\",\"name\":\"Babcock Wanson\",\"url\":\"https:\\\/\\\/www.babcock-wanson.com\\\/de\\\/\",\"logo\":{\"@type\":\"ImageObject\",\"inLanguage\":\"de-DE\",\"@id\":\"https:\\\/\\\/www.babcock-wanson.com\\\/de\\\/#\\\/schema\\\/logo\\\/image\\\/\",\"url\":\"https:\\\/\\\/www.babcock-wanson.com\\\/wp-content\\\/uploads\\\/2024\\\/02\\\/Babcock-Wanson-1200x1200-1.png\",\"contentUrl\":\"https:\\\/\\\/www.babcock-wanson.com\\\/wp-content\\\/uploads\\\/2024\\\/02\\\/Babcock-Wanson-1200x1200-1.png\",\"width\":1200,\"height\":1200,\"caption\":\"Babcock Wanson\"},\"image\":{\"@id\":\"https:\\\/\\\/www.babcock-wanson.com\\\/de\\\/#\\\/schema\\\/logo\\\/image\\\/\"},\"sameAs\":[\"https:\\\/\\\/www.linkedin.com\\\/company\\\/babcock-wanson\\\/\",\"https:\\\/\\\/www.youtube.com\\\/channel\\\/UCtxl25VieBBsP2kYmtlyv7A\"]}]}<\/script>\n<!-- \/ Yoast SEO Premium plugin. -->","yoast_head_json":{"title":"Flammrohrdampfkessel der Serie NBWB","description":"Die NBWB-Serie versorgt die Benutzer mit hochwertigem Trockendampf bis zu 2500 kg\/h, w\u00e4hrend der Brennstoffverbrauch und die Betriebskosten niedrig gehalten werden.","robots":{"index":"index","follow":"follow","max-snippet":"max-snippet:-1","max-image-preview":"max-image-preview:large","max-video-preview":"max-video-preview:-1"},"canonical":"https:\/\/www.babcock-wanson.com\/de\/products\/flammrohrdampfkessel\/nbwb-serie\/","og_locale":"de_DE","og_type":"article","og_title":"NBWB-Serie","og_description":"Die NBWB-Serie versorgt die Benutzer mit hochwertigem Trockendampf bis zu 2500 kg\/h, w\u00e4hrend der Brennstoffverbrauch und die Betriebskosten niedrig gehalten werden.","og_url":"https:\/\/www.babcock-wanson.com\/de\/products\/flammrohrdampfkessel\/nbwb-serie\/","og_site_name":"Babcock Wanson","article_modified_time":"2025-04-07T14:23:37+00:00","og_image":[{"width":600,"height":400,"url":"https:\/\/www.babcock-wanson.com\/wp-content\/uploads\/2018\/08\/NBWB-Fire-Tube-Boiler-3.png","type":"image\/png"}],"twitter_card":"summary_large_image","twitter_misc":{"Est. reading time":"2 Minuten"},"schema":{"@context":"https:\/\/schema.org","@graph":[{"@type":"WebPage","@id":"https:\/\/www.babcock-wanson.com\/de\/products\/flammrohrdampfkessel\/nbwb-serie\/","url":"https:\/\/www.babcock-wanson.com\/de\/products\/flammrohrdampfkessel\/nbwb-serie\/","name":"Flammrohrdampfkessel der Serie NBWB","isPartOf":{"@id":"https:\/\/www.babcock-wanson.com\/de\/#website"},"primaryImageOfPage":{"@id":"https:\/\/www.babcock-wanson.com\/de\/products\/flammrohrdampfkessel\/nbwb-serie\/#primaryimage"},"image":{"@id":"https:\/\/www.babcock-wanson.com\/de\/products\/flammrohrdampfkessel\/nbwb-serie\/#primaryimage"},"thumbnailUrl":"https:\/\/www.babcock-wanson.com\/wp-content\/uploads\/2018\/08\/NBWB-Fire-Tube-Boiler-3.png","datePublished":"2025-01-17T09:20:46+00:00","dateModified":"2025-04-07T14:23:37+00:00","description":"Die NBWB-Serie versorgt die Benutzer mit hochwertigem Trockendampf bis zu 2500 kg\/h, w\u00e4hrend der Brennstoffverbrauch und die Betriebskosten niedrig gehalten werden.","breadcrumb":{"@id":"https:\/\/www.babcock-wanson.com\/de\/products\/flammrohrdampfkessel\/nbwb-serie\/#breadcrumb"},"inLanguage":"de-DE","potentialAction":[{"@type":"ReadAction","target":["https:\/\/www.babcock-wanson.com\/de\/products\/flammrohrdampfkessel\/nbwb-serie\/"]}]},{"@type":"ImageObject","inLanguage":"de-DE","@id":"https:\/\/www.babcock-wanson.com\/de\/products\/flammrohrdampfkessel\/nbwb-serie\/#primaryimage","url":"https:\/\/www.babcock-wanson.com\/wp-content\/uploads\/2018\/08\/NBWB-Fire-Tube-Boiler-3.png","contentUrl":"https:\/\/www.babcock-wanson.com\/wp-content\/uploads\/2018\/08\/NBWB-Fire-Tube-Boiler-3.png","width":600,"height":400},{"@type":"BreadcrumbList","@id":"https:\/\/www.babcock-wanson.com\/de\/products\/flammrohrdampfkessel\/nbwb-serie\/#breadcrumb","itemListElement":[{"@type":"ListItem","position":1,"name":"Inicio","item":"https:\/\/www.babcock-wanson.com\/de\/"},{"@type":"ListItem","position":2,"name":"Produkte","item":"https:\/\/www.babcock-wanson.com\/de\/shop\/"},{"@type":"ListItem","position":3,"name":"Flammrohrdampfkessel","item":"https:\/\/www.babcock-wanson.com\/de\/produkt-kategorie\/flammrohrdampfkessel\/"},{"@type":"ListItem","position":4,"name":"NBWB-Serie"}]},{"@type":"WebSite","@id":"https:\/\/www.babcock-wanson.com\/de\/#website","url":"https:\/\/www.babcock-wanson.com\/de\/","name":"Babcock Wanson","description":"","publisher":{"@id":"https:\/\/www.babcock-wanson.com\/de\/#organization"},"potentialAction":[{"@type":"SearchAction","target":{"@type":"EntryPoint","urlTemplate":"https:\/\/www.babcock-wanson.com\/de\/?s={search_term_string}"},"query-input":{"@type":"PropertyValueSpecification","valueRequired":true,"valueName":"search_term_string"}}],"inLanguage":"de-DE"},{"@type":"Organization","@id":"https:\/\/www.babcock-wanson.com\/de\/#organization","name":"Babcock Wanson","url":"https:\/\/www.babcock-wanson.com\/de\/","logo":{"@type":"ImageObject","inLanguage":"de-DE","@id":"https:\/\/www.babcock-wanson.com\/de\/#\/schema\/logo\/image\/","url":"https:\/\/www.babcock-wanson.com\/wp-content\/uploads\/2024\/02\/Babcock-Wanson-1200x1200-1.png","contentUrl":"https:\/\/www.babcock-wanson.com\/wp-content\/uploads\/2024\/02\/Babcock-Wanson-1200x1200-1.png","width":1200,"height":1200,"caption":"Babcock Wanson"},"image":{"@id":"https:\/\/www.babcock-wanson.com\/de\/#\/schema\/logo\/image\/"},"sameAs":["https:\/\/www.linkedin.com\/company\/babcock-wanson\/","https:\/\/www.youtube.com\/channel\/UCtxl25VieBBsP2kYmtlyv7A"]}]}},"jetpack_sharing_enabled":true,"_links":{"self":[{"href":"https:\/\/www.babcock-wanson.com\/de\/wp-json\/wp\/v2\/product\/50016","targetHints":{"allow":["GET"]}}],"collection":[{"href":"https:\/\/www.babcock-wanson.com\/de\/wp-json\/wp\/v2\/product"}],"about":[{"href":"https:\/\/www.babcock-wanson.com\/de\/wp-json\/wp\/v2\/types\/product"}],"replies":[{"embeddable":true,"href":"https:\/\/www.babcock-wanson.com\/de\/wp-json\/wp\/v2\/comments?post=50016"}],"wp:featuredmedia":[{"embeddable":true,"href":"https:\/\/www.babcock-wanson.com\/de\/wp-json\/wp\/v2\/media\/50017"}],"wp:attachment":[{"href":"https:\/\/www.babcock-wanson.com\/de\/wp-json\/wp\/v2\/media?parent=50016"}],"wp:term":[{"taxonomy":"product_brand","embeddable":true,"href":"https:\/\/www.babcock-wanson.com\/de\/wp-json\/wp\/v2\/product_brand?post=50016"},{"taxonomy":"product_cat","embeddable":true,"href":"https:\/\/www.babcock-wanson.com\/de\/wp-json\/wp\/v2\/product_cat?post=50016"},{"taxonomy":"product_tag","embeddable":true,"href":"https:\/\/www.babcock-wanson.com\/de\/wp-json\/wp\/v2\/product_tag?post=50016"}],"curies":[{"name":"wp","href":"https:\/\/api.w.org\/{rel}","templated":true}]}}