{"id":50027,"date":"2018-08-15T10:36:04","date_gmt":"2025-01-17T09:20:51","guid":{"rendered":"https:\/\/www.babcock-wanson.com\/products\/unkategorisiert\/bwd-serie\/"},"modified":"2025-04-08T11:03:49","modified_gmt":"2025-04-08T10:03:49","slug":"bwd-serie","status":"publish","type":"product","link":"https:\/\/www.babcock-wanson.com\/de\/products\/flammrohrdampfkessel\/bwd-serie\/","title":{"rendered":"BWD-Serie"},"content":{"rendered":"<div class=\"vgblk-rw-wrapper limit-wrapper\">\r\n<h3>Niedriger Kraftstoffverbrauch<\/h3>\r\n<ul>\r\n<li>Die perfekte Kombination aus Kesselk\u00f6rper und Brenner gew\u00e4hrleistet einen zuverl\u00e4ssigen und effizienten Betrieb. Bei Ausstattung mit einem passenden Vorw\u00e4rmer und <a href=\"https:\/\/www.babcock-wanson.com\/de\/produkt-kategorie\/warmeruckgewinnungssysteme\/\" target=\"_blank\" rel=\"noopener\">W\u00e4rmer\u00fcckgewinnungssystem<\/a> von Babcock Wanson k\u00f6nnen Wirkungsgrade von \u00fcber 95 % erreicht werden.<\/li>\r\n<li>Ein gleichbleibend hoher thermischer Wirkungsgrad im gesamten Brennbereich ist ein wesentliches Merkmal. Die digitale Mikromodulationssteuerung mit speziell f\u00fcr den BWD-Kessel entwickelter Brennerkopfgeometrie erm\u00f6glicht eine pr\u00e4zise Steuerung des Luft\u00fcberschusses und niedrigste Betriebskosten.<\/li>\r\n<li>Der Stromverbrauch kann durch den Einsatz einer variablen Drehzahlregelung f\u00fcr das Verbrennungsluftgebl\u00e4se und die Speisewasserpumpe um 30 % bis 50 % gesenkt werden, wenn dies vorgeschrieben ist.<\/li>\r\n<\/ul>\r\n<h3>Geringere Betriebskosten<\/h3>\r\n<ul>\r\n<li>Robuste Konstruktion f\u00fcr lange Lebensdauer<\/li>\r\n<li>Der direkte Zugang zur Umkehrkammer und die einfache Rohrinspektion vereinfachen die vorgeschriebene Inspektion<\/li>\r\n<li>Die Au\u00dfenw\u00e4nde der Rauchgasumkehrkammer sind wassergek\u00fchlt und bieten einen hohen Wirkungsgrad, ohne dass Zuganker erforderlich sind, die bei herk\u00f6mmlichen Nassgaskesseln einen Schwachpunkt darstellen k\u00f6nnen<\/li>\r\n<li>Zu den Optionen f\u00fcr die Standardausr\u00fcstung geh\u00f6ren vollst\u00e4ndig zugelassene Steuerungen f\u00fcr den beaufsichtigten, von der Anlage \u00fcberwachten oder vollst\u00e4ndig unbeaufsichtigten Betrieb, einschlie\u00dflich des Betriebssystems Babcock Wanson BW720.<\/li>\r\n<\/ul>\r\n<h3>Warum sollten Sie sich f\u00fcr den BWD-Flammrohrdampfkessel entscheiden?<\/h3>\r\n<ul>\r\n<li>Effizienz \u2013 Brenner mit geringem NOx-Aussto\u00df<\/li>\r\n<li>Hohes Brennerregelverh\u00e4ltnis<\/li>\r\n<li>Leichter Zugang f\u00fcr einfache Wartung<\/li>\r\n<li>Robuste Bauweise f\u00fcr sehr lange Lebensdauer<\/li>\r\n<li><a href=\"https:\/\/www.babcock-wanson.com\/de\/products\/warmeruckgewinnungssysteme\/vorwaermer\/\" target=\"_blank\" rel=\"noopener\">Rauchgas- und Kondensationsvorw\u00e4rmer<\/a><\/li>\r\n<li>Verbrennungsluftvorw\u00e4rmer<\/li>\r\n<li>Optionen f\u00fcr Zweistoff- und Mischfeuerung<\/li>\r\n<li>O2- und CO-Regelungsoptionen<\/li>\r\n<li>Einfacher unbeaufsichtigter Betrieb<\/li>\r\n<li>Komplette Dampfsysteml\u00f6sungen<\/li>\r\n<\/ul>\r\n<h2>Flammrohrdampfkessel der Serie BWD<\/h2>\r\n<table>\r\n<tbody>\r\n<tr>\r\n<th>BWD<\/th>\r\n<th>modell<\/th>\r\n<th>15<\/th>\r\n<th>20<\/th>\r\n<th>25<\/th>\r\n<th>30<\/th>\r\n<th>35<\/th>\r\n<th>40<\/th>\r\n<th>50<\/th>\r\n<th>60<\/th>\r\n<th>70<\/th>\r\n<th>80<\/th>\r\n<\/tr>\r\n<tr>\r\n<th>Dampfleistung (1)<\/th>\r\n<th>Kg\/h<\/th>\r\n<td>1500<\/td>\r\n<td>2000<\/td>\r\n<td>2500<\/td>\r\n<td>3000<\/td>\r\n<td>3500<\/td>\r\n<td>4000<\/td>\r\n<td>5000<\/td>\r\n<td>6000<\/td>\r\n<td>7000<\/td>\r\n<td>8000<\/td>\r\n<\/tr>\r\n<tr>\r\n<th>Leistungsausgabe (1)<\/th>\r\n<th>kW<\/th>\r\n<td>2025<\/td>\r\n<td>1366<\/td>\r\n<td>1707<\/td>\r\n<td>2049<\/td>\r\n<td>2390<\/td>\r\n<td>2732<\/td>\r\n<td>3415<\/td>\r\n<td>4097<\/td>\r\n<td>4780<\/td>\r\n<td>5445<\/td>\r\n<\/tr>\r\n<tr>\r\n<th>Breite A (2)<\/th>\r\n<th>mm<\/th>\r\n<td>2145<\/td>\r\n<td>2145<\/td>\r\n<td>2230<\/td>\r\n<td>2230<\/td>\r\n<td>2360<\/td>\r\n<td>2360<\/td>\r\n<td>2660<\/td>\r\n<td>2660<\/td>\r\n<td>2890<\/td>\r\n<td>2890<\/td>\r\n<\/tr>\r\n<tr>\r\n<th>L\u00e4nge B (2)<\/th>\r\n<th>mm<\/th>\r\n<td>4630<\/td>\r\n<td>4630<\/td>\r\n<td>5950<\/td>\r\n<td>5950<\/td>\r\n<td>6980<\/td>\r\n<td>6980<\/td>\r\n<td>8030<\/td>\r\n<td>8030<\/td>\r\n<td>8640<\/td>\r\n<td>8640<\/td>\r\n<\/tr>\r\n<tr>\r\n<th>H\u00f6he C (2)<\/th>\r\n<th>mm<\/th>\r\n<td>2450<\/td>\r\n<td>2450<\/td>\r\n<td>2630<\/td>\r\n<td>2630<\/td>\r\n<td>2730<\/td>\r\n<td>2730<\/td>\r\n<td>3090<\/td>\r\n<td>3090<\/td>\r\n<td>3515<\/td>\r\n<td>3515<\/td>\r\n<\/tr>\r\n<tr>\r\n<th>Gewicht \u2013 voll geflutet<\/th>\r\n<th>Kg<\/th>\r\n<td>10200<\/td>\r\n<td>10200<\/td>\r\n<td>12500<\/td>\r\n<td>12500<\/td>\r\n<td>16300<\/td>\r\n<td>16300<\/td>\r\n<td>24800<\/td>\r\n<td>24800<\/td>\r\n<td>33700<\/td>\r\n<td>33700<\/td>\r\n<\/tr>\r\n<\/tbody>\r\n<\/table>\r\n<p>(1) Bei 15 barg und Speisewasser mit 80 \u00b0C (2) Gesamtabmessungen umfassen montierten Brenner und Kesselhalterungen<\/p>\r\n<\/div><!-- .vgblk-rw-wrapper -->","protected":false},"excerpt":{"rendered":"<p><strong>Dampfleistung von 1500 kg\/h bis 8000 kg\/h<\/strong> <br \/>Die <a href=\"https:\/\/www.babcock-wanson.com\/de\/produkt-kategorie\/flammrohrdampfkessel\/\" target=\"_blank\" rel=\"noopener\">Flammrohrdampfkessel<\/a> der BWD-Serie verf\u00fcgen \u00fcber ein Dreizug-Design und verwenden ein koaxial angeordnetes Feuerungsrohr, das eine optimale Verteilung der mechanischen Beanspruchung im Betrieb gew\u00e4hrleistet. Dies ist eine wesentliche Eigenschaft f\u00fcr Kessel, die unter niedriger oder variabler Dampflast arbeiten, und gew\u00e4hrleistet eine lange Lebensdauer der Ausr\u00fcstung. Dank des gro\u00dfz\u00fcgigen Dampfraums und des integrierten Abscheiders wird hochwertiger Trockendampf erzeugt.<\/p>\n","protected":false},"featured_media":50028,"comment_status":"closed","ping_status":"closed","template":"","meta":{"_acf_changed":false,"_relevanssi_hide_post":"","_relevanssi_hide_content":"","_relevanssi_pin_for_all":"","_relevanssi_pin_keywords":"","_relevanssi_unpin_keywords":"","_relevanssi_related_keywords":"","_relevanssi_related_include_ids":"","_relevanssi_related_exclude_ids":"","_relevanssi_related_no_append":"","_relevanssi_related_not_related":"","_relevanssi_related_posts":"","_relevanssi_noindex_reason":""},"product_brand":[],"product_cat":[6519,6520],"product_tag":[],"class_list":{"0":"post-50027","1":"product","2":"type-product","3":"status-publish","4":"has-post-thumbnail","6":"product_cat-dampfkessel","7":"product_cat-flammrohrdampfkessel","9":"first","10":"instock","11":"shipping-taxable","12":"product-type-simple"},"acf":[],"yoast_head":"<!-- This site is optimized with the Yoast SEO Premium plugin v27.4 (Yoast SEO v27.4) - https:\/\/yoast.com\/product\/yoast-seo-premium-wordpress\/ -->\n<title>Flammrohrdampfkessel der Serie BWD<\/title>\n<meta name=\"description\" content=\"Die BWD-Serie verf\u00fcgt \u00fcber ein Dreizug-Design und verwendet ein koaxial angeordnetes Feuerungsrohr, das eine optimale Verteilung der mechanischen Beanspruchung gew\u00e4hrleistet.\" \/>\n<meta name=\"robots\" content=\"index, follow, max-snippet:-1, max-image-preview:large, max-video-preview:-1\" \/>\n<link rel=\"canonical\" href=\"https:\/\/www.babcock-wanson.com\/de\/products\/flammrohrdampfkessel\/bwd-serie\/\" \/>\n<meta property=\"og:locale\" content=\"de_DE\" \/>\n<meta property=\"og:type\" content=\"article\" \/>\n<meta property=\"og:title\" content=\"BWD-Serie\" \/>\n<meta property=\"og:description\" content=\"Die BWD-Serie verf\u00fcgt \u00fcber ein Dreizug-Design und verwendet ein koaxial angeordnetes Feuerungsrohr, das eine optimale Verteilung der mechanischen Beanspruchung gew\u00e4hrleistet.\" \/>\n<meta property=\"og:url\" content=\"https:\/\/www.babcock-wanson.com\/de\/products\/flammrohrdampfkessel\/bwd-serie\/\" \/>\n<meta property=\"og:site_name\" content=\"Babcock Wanson\" \/>\n<meta property=\"article:modified_time\" content=\"2025-04-08T10:03:49+00:00\" \/>\n<meta property=\"og:image\" content=\"https:\/\/www.babcock-wanson.com\/wp-content\/uploads\/2018\/08\/BWD-Fire-Tube-Boilers-4.png\" \/>\n\t<meta property=\"og:image:width\" content=\"600\" \/>\n\t<meta property=\"og:image:height\" content=\"400\" \/>\n\t<meta property=\"og:image:type\" content=\"image\/png\" \/>\n<meta name=\"twitter:card\" content=\"summary_large_image\" \/>\n<meta name=\"twitter:label1\" content=\"Est. reading time\" \/>\n\t<meta name=\"twitter:data1\" content=\"3 Minuten\" \/>\n<script type=\"application\/ld+json\" class=\"yoast-schema-graph\">{\"@context\":\"https:\\\/\\\/schema.org\",\"@graph\":[{\"@type\":\"WebPage\",\"@id\":\"https:\\\/\\\/www.babcock-wanson.com\\\/de\\\/products\\\/flammrohrdampfkessel\\\/bwd-serie\\\/\",\"url\":\"https:\\\/\\\/www.babcock-wanson.com\\\/de\\\/products\\\/flammrohrdampfkessel\\\/bwd-serie\\\/\",\"name\":\"Flammrohrdampfkessel der Serie BWD\",\"isPartOf\":{\"@id\":\"https:\\\/\\\/www.babcock-wanson.com\\\/de\\\/#website\"},\"primaryImageOfPage\":{\"@id\":\"https:\\\/\\\/www.babcock-wanson.com\\\/de\\\/products\\\/flammrohrdampfkessel\\\/bwd-serie\\\/#primaryimage\"},\"image\":{\"@id\":\"https:\\\/\\\/www.babcock-wanson.com\\\/de\\\/products\\\/flammrohrdampfkessel\\\/bwd-serie\\\/#primaryimage\"},\"thumbnailUrl\":\"https:\\\/\\\/www.babcock-wanson.com\\\/wp-content\\\/uploads\\\/2018\\\/08\\\/BWD-Fire-Tube-Boilers-4.png\",\"datePublished\":\"2025-01-17T09:20:51+00:00\",\"dateModified\":\"2025-04-08T10:03:49+00:00\",\"description\":\"Die BWD-Serie verf\u00fcgt \u00fcber ein Dreizug-Design und verwendet ein koaxial angeordnetes Feuerungsrohr, das eine optimale Verteilung der mechanischen Beanspruchung gew\u00e4hrleistet.\",\"breadcrumb\":{\"@id\":\"https:\\\/\\\/www.babcock-wanson.com\\\/de\\\/products\\\/flammrohrdampfkessel\\\/bwd-serie\\\/#breadcrumb\"},\"inLanguage\":\"de-DE\",\"potentialAction\":[{\"@type\":\"ReadAction\",\"target\":[\"https:\\\/\\\/www.babcock-wanson.com\\\/de\\\/products\\\/flammrohrdampfkessel\\\/bwd-serie\\\/\"]}]},{\"@type\":\"ImageObject\",\"inLanguage\":\"de-DE\",\"@id\":\"https:\\\/\\\/www.babcock-wanson.com\\\/de\\\/products\\\/flammrohrdampfkessel\\\/bwd-serie\\\/#primaryimage\",\"url\":\"https:\\\/\\\/www.babcock-wanson.com\\\/wp-content\\\/uploads\\\/2018\\\/08\\\/BWD-Fire-Tube-Boilers-4.png\",\"contentUrl\":\"https:\\\/\\\/www.babcock-wanson.com\\\/wp-content\\\/uploads\\\/2018\\\/08\\\/BWD-Fire-Tube-Boilers-4.png\",\"width\":600,\"height\":400},{\"@type\":\"BreadcrumbList\",\"@id\":\"https:\\\/\\\/www.babcock-wanson.com\\\/de\\\/products\\\/flammrohrdampfkessel\\\/bwd-serie\\\/#breadcrumb\",\"itemListElement\":[{\"@type\":\"ListItem\",\"position\":1,\"name\":\"Inicio\",\"item\":\"https:\\\/\\\/www.babcock-wanson.com\\\/de\\\/\"},{\"@type\":\"ListItem\",\"position\":2,\"name\":\"Produkte\",\"item\":\"https:\\\/\\\/www.babcock-wanson.com\\\/de\\\/shop\\\/\"},{\"@type\":\"ListItem\",\"position\":3,\"name\":\"Flammrohrdampfkessel\",\"item\":\"https:\\\/\\\/www.babcock-wanson.com\\\/de\\\/produkt-kategorie\\\/flammrohrdampfkessel\\\/\"},{\"@type\":\"ListItem\",\"position\":4,\"name\":\"BWD-Serie\"}]},{\"@type\":\"WebSite\",\"@id\":\"https:\\\/\\\/www.babcock-wanson.com\\\/de\\\/#website\",\"url\":\"https:\\\/\\\/www.babcock-wanson.com\\\/de\\\/\",\"name\":\"Babcock Wanson\",\"description\":\"\",\"publisher\":{\"@id\":\"https:\\\/\\\/www.babcock-wanson.com\\\/de\\\/#organization\"},\"potentialAction\":[{\"@type\":\"SearchAction\",\"target\":{\"@type\":\"EntryPoint\",\"urlTemplate\":\"https:\\\/\\\/www.babcock-wanson.com\\\/de\\\/?s={search_term_string}\"},\"query-input\":{\"@type\":\"PropertyValueSpecification\",\"valueRequired\":true,\"valueName\":\"search_term_string\"}}],\"inLanguage\":\"de-DE\"},{\"@type\":\"Organization\",\"@id\":\"https:\\\/\\\/www.babcock-wanson.com\\\/de\\\/#organization\",\"name\":\"Babcock Wanson\",\"url\":\"https:\\\/\\\/www.babcock-wanson.com\\\/de\\\/\",\"logo\":{\"@type\":\"ImageObject\",\"inLanguage\":\"de-DE\",\"@id\":\"https:\\\/\\\/www.babcock-wanson.com\\\/de\\\/#\\\/schema\\\/logo\\\/image\\\/\",\"url\":\"https:\\\/\\\/www.babcock-wanson.com\\\/wp-content\\\/uploads\\\/2024\\\/02\\\/Babcock-Wanson-1200x1200-1.png\",\"contentUrl\":\"https:\\\/\\\/www.babcock-wanson.com\\\/wp-content\\\/uploads\\\/2024\\\/02\\\/Babcock-Wanson-1200x1200-1.png\",\"width\":1200,\"height\":1200,\"caption\":\"Babcock Wanson\"},\"image\":{\"@id\":\"https:\\\/\\\/www.babcock-wanson.com\\\/de\\\/#\\\/schema\\\/logo\\\/image\\\/\"},\"sameAs\":[\"https:\\\/\\\/www.linkedin.com\\\/company\\\/babcock-wanson\\\/\",\"https:\\\/\\\/www.youtube.com\\\/channel\\\/UCtxl25VieBBsP2kYmtlyv7A\"]}]}<\/script>\n<!-- \/ Yoast SEO Premium plugin. -->","yoast_head_json":{"title":"Flammrohrdampfkessel der Serie BWD","description":"Die BWD-Serie verf\u00fcgt \u00fcber ein Dreizug-Design und verwendet ein koaxial angeordnetes Feuerungsrohr, das eine optimale Verteilung der mechanischen Beanspruchung gew\u00e4hrleistet.","robots":{"index":"index","follow":"follow","max-snippet":"max-snippet:-1","max-image-preview":"max-image-preview:large","max-video-preview":"max-video-preview:-1"},"canonical":"https:\/\/www.babcock-wanson.com\/de\/products\/flammrohrdampfkessel\/bwd-serie\/","og_locale":"de_DE","og_type":"article","og_title":"BWD-Serie","og_description":"Die BWD-Serie verf\u00fcgt \u00fcber ein Dreizug-Design und verwendet ein koaxial angeordnetes Feuerungsrohr, das eine optimale Verteilung der mechanischen Beanspruchung gew\u00e4hrleistet.","og_url":"https:\/\/www.babcock-wanson.com\/de\/products\/flammrohrdampfkessel\/bwd-serie\/","og_site_name":"Babcock Wanson","article_modified_time":"2025-04-08T10:03:49+00:00","og_image":[{"width":600,"height":400,"url":"https:\/\/www.babcock-wanson.com\/wp-content\/uploads\/2018\/08\/BWD-Fire-Tube-Boilers-4.png","type":"image\/png"}],"twitter_card":"summary_large_image","twitter_misc":{"Est. reading time":"3 Minuten"},"schema":{"@context":"https:\/\/schema.org","@graph":[{"@type":"WebPage","@id":"https:\/\/www.babcock-wanson.com\/de\/products\/flammrohrdampfkessel\/bwd-serie\/","url":"https:\/\/www.babcock-wanson.com\/de\/products\/flammrohrdampfkessel\/bwd-serie\/","name":"Flammrohrdampfkessel der Serie BWD","isPartOf":{"@id":"https:\/\/www.babcock-wanson.com\/de\/#website"},"primaryImageOfPage":{"@id":"https:\/\/www.babcock-wanson.com\/de\/products\/flammrohrdampfkessel\/bwd-serie\/#primaryimage"},"image":{"@id":"https:\/\/www.babcock-wanson.com\/de\/products\/flammrohrdampfkessel\/bwd-serie\/#primaryimage"},"thumbnailUrl":"https:\/\/www.babcock-wanson.com\/wp-content\/uploads\/2018\/08\/BWD-Fire-Tube-Boilers-4.png","datePublished":"2025-01-17T09:20:51+00:00","dateModified":"2025-04-08T10:03:49+00:00","description":"Die BWD-Serie verf\u00fcgt \u00fcber ein Dreizug-Design und verwendet ein koaxial angeordnetes Feuerungsrohr, das eine optimale Verteilung der mechanischen Beanspruchung gew\u00e4hrleistet.","breadcrumb":{"@id":"https:\/\/www.babcock-wanson.com\/de\/products\/flammrohrdampfkessel\/bwd-serie\/#breadcrumb"},"inLanguage":"de-DE","potentialAction":[{"@type":"ReadAction","target":["https:\/\/www.babcock-wanson.com\/de\/products\/flammrohrdampfkessel\/bwd-serie\/"]}]},{"@type":"ImageObject","inLanguage":"de-DE","@id":"https:\/\/www.babcock-wanson.com\/de\/products\/flammrohrdampfkessel\/bwd-serie\/#primaryimage","url":"https:\/\/www.babcock-wanson.com\/wp-content\/uploads\/2018\/08\/BWD-Fire-Tube-Boilers-4.png","contentUrl":"https:\/\/www.babcock-wanson.com\/wp-content\/uploads\/2018\/08\/BWD-Fire-Tube-Boilers-4.png","width":600,"height":400},{"@type":"BreadcrumbList","@id":"https:\/\/www.babcock-wanson.com\/de\/products\/flammrohrdampfkessel\/bwd-serie\/#breadcrumb","itemListElement":[{"@type":"ListItem","position":1,"name":"Inicio","item":"https:\/\/www.babcock-wanson.com\/de\/"},{"@type":"ListItem","position":2,"name":"Produkte","item":"https:\/\/www.babcock-wanson.com\/de\/shop\/"},{"@type":"ListItem","position":3,"name":"Flammrohrdampfkessel","item":"https:\/\/www.babcock-wanson.com\/de\/produkt-kategorie\/flammrohrdampfkessel\/"},{"@type":"ListItem","position":4,"name":"BWD-Serie"}]},{"@type":"WebSite","@id":"https:\/\/www.babcock-wanson.com\/de\/#website","url":"https:\/\/www.babcock-wanson.com\/de\/","name":"Babcock Wanson","description":"","publisher":{"@id":"https:\/\/www.babcock-wanson.com\/de\/#organization"},"potentialAction":[{"@type":"SearchAction","target":{"@type":"EntryPoint","urlTemplate":"https:\/\/www.babcock-wanson.com\/de\/?s={search_term_string}"},"query-input":{"@type":"PropertyValueSpecification","valueRequired":true,"valueName":"search_term_string"}}],"inLanguage":"de-DE"},{"@type":"Organization","@id":"https:\/\/www.babcock-wanson.com\/de\/#organization","name":"Babcock Wanson","url":"https:\/\/www.babcock-wanson.com\/de\/","logo":{"@type":"ImageObject","inLanguage":"de-DE","@id":"https:\/\/www.babcock-wanson.com\/de\/#\/schema\/logo\/image\/","url":"https:\/\/www.babcock-wanson.com\/wp-content\/uploads\/2024\/02\/Babcock-Wanson-1200x1200-1.png","contentUrl":"https:\/\/www.babcock-wanson.com\/wp-content\/uploads\/2024\/02\/Babcock-Wanson-1200x1200-1.png","width":1200,"height":1200,"caption":"Babcock Wanson"},"image":{"@id":"https:\/\/www.babcock-wanson.com\/de\/#\/schema\/logo\/image\/"},"sameAs":["https:\/\/www.linkedin.com\/company\/babcock-wanson\/","https:\/\/www.youtube.com\/channel\/UCtxl25VieBBsP2kYmtlyv7A"]}]}},"jetpack_sharing_enabled":true,"_links":{"self":[{"href":"https:\/\/www.babcock-wanson.com\/de\/wp-json\/wp\/v2\/product\/50027","targetHints":{"allow":["GET"]}}],"collection":[{"href":"https:\/\/www.babcock-wanson.com\/de\/wp-json\/wp\/v2\/product"}],"about":[{"href":"https:\/\/www.babcock-wanson.com\/de\/wp-json\/wp\/v2\/types\/product"}],"replies":[{"embeddable":true,"href":"https:\/\/www.babcock-wanson.com\/de\/wp-json\/wp\/v2\/comments?post=50027"}],"wp:featuredmedia":[{"embeddable":true,"href":"https:\/\/www.babcock-wanson.com\/de\/wp-json\/wp\/v2\/media\/50028"}],"wp:attachment":[{"href":"https:\/\/www.babcock-wanson.com\/de\/wp-json\/wp\/v2\/media?parent=50027"}],"wp:term":[{"taxonomy":"product_brand","embeddable":true,"href":"https:\/\/www.babcock-wanson.com\/de\/wp-json\/wp\/v2\/product_brand?post=50027"},{"taxonomy":"product_cat","embeddable":true,"href":"https:\/\/www.babcock-wanson.com\/de\/wp-json\/wp\/v2\/product_cat?post=50027"},{"taxonomy":"product_tag","embeddable":true,"href":"https:\/\/www.babcock-wanson.com\/de\/wp-json\/wp\/v2\/product_tag?post=50027"}],"curies":[{"name":"wp","href":"https:\/\/api.w.org\/{rel}","templated":true}]}}