{"id":50032,"date":"2018-08-15T11:34:43","date_gmt":"2025-01-17T09:20:52","guid":{"rendered":"https:\/\/www.babcock-wanson.com\/products\/unkategorisiert\/heb-serie\/"},"modified":"2025-04-11T16:31:51","modified_gmt":"2025-04-11T15:31:51","slug":"heb-serie","status":"publish","type":"product","link":"https:\/\/www.babcock-wanson.com\/de\/products\/heiswasserkessel-fur-den-industriellen-einsatz\/heb-serie\/","title":{"rendered":"HEB-Serie"},"content":{"rendered":"<div class=\"vgblk-rw-wrapper limit-wrapper\">\r\n<h3>Hoher Wirkungsgrad<\/h3>\r\n<ul>\r\n \t<li>Vollst\u00e4ndig integrierte und werkseitig getestete Steuerungssysteme gew\u00e4hrleisten einen hocheffizienten Betrieb.<\/li>\r\n \t<li>Die innovative und bew\u00e4hrte Konstruktion garantiert die Robustheit der Ausr\u00fcstung.<\/li>\r\n \t<li>Die Konstruktion des HEB erm\u00f6glicht eine hohe Gesamteffizienz von ca. 96 % unter normaler Auslastung und in Standardform.<\/li>\r\n<\/ul>\r\n<h3>Einfacher, zuverl\u00e4ssiger Betrieb<\/h3>\r\n<ul>\r\n \t<li>Perfekt aufeinander abgestimmter Kessel und Brenner erm\u00f6glichen eine einfache Installation in der Anlage.<\/li>\r\n \t<li>Babcock Wanson bietet ein Komplettpaket: Kessel, Isolierung und Verkleidung, Brenner und Brennstoffzufuhr, Multifunktions-Steuerpult, vollst\u00e4ndige Inbetriebnahme und Kundendienst.<\/li>\r\n \t<li>Option f\u00fcr vollst\u00e4ndige Montage mit allen Halterungen zur Minimierung der Installationszeit in der Anlage.<\/li>\r\n \t<li>Der vollst\u00e4ndige Zugang zum Kessel ohne Demontage des Brenners gew\u00e4hrleistet eine einfache Wartung der Anlage und minimale Ausfallzeiten.<\/li>\r\n<\/ul>\r\n<h3>Umweltfreundlich<\/h3>\r\n<ul>\r\n \t<li>Der vollst\u00e4ndig abgestimmte Brenner von Babcock Wanson sorgt f\u00fcr geringe Emissionen und eine hohe Verbrennungseffizienz, was wiederum zu geringen Gesamtemissionen f\u00fchrt.<\/li>\r\n \t<li>Der hocheffiziente Hei\u00dfwasserkessel HEB bietet erhebliche Vorteile f\u00fcr die Umwelt und erf\u00fcllt alle Emissionsstandards.<\/li>\r\n<\/ul>\r\n<\/div><!-- .vgblk-rw-wrapper -->","protected":false},"excerpt":{"rendered":"<p><strong>Von 90 bis 2.300 kW<br \/>\n<\/strong>Der HEB-Hei\u00dfwasserkessel von Babcock Wanson ist ein hocheffizientes Ger\u00e4t, das haupts\u00e4chlich f\u00fcr industrielle Prozessw\u00e4rmeanwendungen mit niedrigerer Temperatur entwickelt wurde. Mit 18 Modellen, die Heizleistungen zwischen 90 und 2.300 kW und maximalen Betriebsdr\u00fccken zwischen 5 und 6 barg bieten, wurde der HEB f\u00fcr den Einsatz in einer Vielzahl von industriellen Anwendungen entwickelt.<\/p>\n<p>HEB-Kessel bieten eine maximale Wasseraustrittstemperatur von 100\u00a0\u00b0C und sind oft mit einem voll modulierenden Brenner ausgestattet, um eine sehr genaue Steuerung der Prozesswassertemperatur zu erm\u00f6glichen.<\/p>\n<p>Die Konfiguration der Verbrennungskammer und der W\u00e4rmetauscherfl\u00e4chen des HEB wurde vollst\u00e4ndig optimiert, um der Flammengeometrie des passenden Brenners zu entsprechen. Mit dem HEB-Brenner k\u00f6nnen verschiedene Gase, Heiz\u00f6le, Zweistoffbrennstoffe und\/oder Biogas verwendet werden.<\/p>\n","protected":false},"featured_media":50035,"comment_status":"closed","ping_status":"closed","template":"","meta":{"_acf_changed":false,"_relevanssi_hide_post":"","_relevanssi_hide_content":"","_relevanssi_pin_for_all":"","_relevanssi_pin_keywords":"","_relevanssi_unpin_keywords":"","_relevanssi_related_keywords":"","_relevanssi_related_include_ids":"","_relevanssi_related_exclude_ids":"","_relevanssi_related_no_append":"","_relevanssi_related_not_related":"","_relevanssi_related_posts":"","_relevanssi_noindex_reason":""},"product_brand":[],"product_cat":[6521],"product_tag":[],"class_list":{"0":"post-50032","1":"product","2":"type-product","3":"status-publish","4":"has-post-thumbnail","6":"product_cat-heiswasserkessel-fur-den-industriellen-einsatz","8":"first","9":"instock","10":"shipping-taxable","11":"product-type-simple"},"acf":[],"yoast_head":"<!-- This site is optimized with the Yoast SEO Premium plugin v27.4 (Yoast SEO v27.4) - https:\/\/yoast.com\/product\/yoast-seo-premium-wordpress\/ -->\n<title>HEB-Serie Industrie-Hei\u00dfwasserkessel \u2013 Babcock Wanson<\/title>\n<meta name=\"description\" content=\"Der HEB-Hei\u00dfwasserkessel ist eine hocheffiziente Einheit, die haupts\u00e4chlich f\u00fcr Prozessw\u00e4rmeanwendungen mit niedrigeren Temperaturen ausgelegt ist. Klicken Sie hier, um unsere Produktpalette anzuzeigen\" \/>\n<meta name=\"robots\" content=\"index, follow, max-snippet:-1, max-image-preview:large, max-video-preview:-1\" \/>\n<link rel=\"canonical\" href=\"https:\/\/www.babcock-wanson.com\/de\/products\/heiswasserkessel-fur-den-industriellen-einsatz\/heb-serie\/\" \/>\n<meta property=\"og:locale\" content=\"de_DE\" \/>\n<meta property=\"og:type\" content=\"article\" \/>\n<meta property=\"og:title\" content=\"HEB-Serie\" \/>\n<meta property=\"og:description\" content=\"Der HEB-Hei\u00dfwasserkessel ist eine hocheffiziente Einheit, die haupts\u00e4chlich f\u00fcr Prozessw\u00e4rmeanwendungen mit niedrigeren Temperaturen ausgelegt ist. Klicken Sie hier, um unsere Produktpalette anzuzeigen\" \/>\n<meta property=\"og:url\" content=\"https:\/\/www.babcock-wanson.com\/de\/products\/heiswasserkessel-fur-den-industriellen-einsatz\/heb-serie\/\" \/>\n<meta property=\"og:site_name\" content=\"Babcock Wanson\" \/>\n<meta property=\"article:modified_time\" content=\"2025-04-11T15:31:51+00:00\" \/>\n<meta property=\"og:image\" content=\"https:\/\/www.babcock-wanson.com\/wp-content\/uploads\/2018\/08\/HEB-Hot-Water-Boiler-1.jpg\" \/>\n\t<meta property=\"og:image:width\" content=\"600\" \/>\n\t<meta property=\"og:image:height\" content=\"400\" \/>\n\t<meta property=\"og:image:type\" content=\"image\/jpeg\" \/>\n<meta name=\"twitter:card\" content=\"summary_large_image\" \/>\n<meta name=\"twitter:label1\" content=\"Est. reading time\" \/>\n\t<meta name=\"twitter:data1\" content=\"1 Minute\" \/>\n<script type=\"application\/ld+json\" class=\"yoast-schema-graph\">{\"@context\":\"https:\\\/\\\/schema.org\",\"@graph\":[{\"@type\":\"WebPage\",\"@id\":\"https:\\\/\\\/www.babcock-wanson.com\\\/de\\\/products\\\/heiswasserkessel-fur-den-industriellen-einsatz\\\/heb-serie\\\/\",\"url\":\"https:\\\/\\\/www.babcock-wanson.com\\\/de\\\/products\\\/heiswasserkessel-fur-den-industriellen-einsatz\\\/heb-serie\\\/\",\"name\":\"HEB-Serie Industrie-Hei\u00dfwasserkessel \u2013 Babcock Wanson\",\"isPartOf\":{\"@id\":\"https:\\\/\\\/www.babcock-wanson.com\\\/de\\\/#website\"},\"primaryImageOfPage\":{\"@id\":\"https:\\\/\\\/www.babcock-wanson.com\\\/de\\\/products\\\/heiswasserkessel-fur-den-industriellen-einsatz\\\/heb-serie\\\/#primaryimage\"},\"image\":{\"@id\":\"https:\\\/\\\/www.babcock-wanson.com\\\/de\\\/products\\\/heiswasserkessel-fur-den-industriellen-einsatz\\\/heb-serie\\\/#primaryimage\"},\"thumbnailUrl\":\"https:\\\/\\\/www.babcock-wanson.com\\\/wp-content\\\/uploads\\\/2018\\\/08\\\/HEB-Hot-Water-Boiler-1.jpg\",\"datePublished\":\"2025-01-17T09:20:52+00:00\",\"dateModified\":\"2025-04-11T15:31:51+00:00\",\"description\":\"Der HEB-Hei\u00dfwasserkessel ist eine hocheffiziente Einheit, die haupts\u00e4chlich f\u00fcr Prozessw\u00e4rmeanwendungen mit niedrigeren Temperaturen ausgelegt ist. Klicken Sie hier, um unsere Produktpalette anzuzeigen\",\"breadcrumb\":{\"@id\":\"https:\\\/\\\/www.babcock-wanson.com\\\/de\\\/products\\\/heiswasserkessel-fur-den-industriellen-einsatz\\\/heb-serie\\\/#breadcrumb\"},\"inLanguage\":\"de-DE\",\"potentialAction\":[{\"@type\":\"ReadAction\",\"target\":[\"https:\\\/\\\/www.babcock-wanson.com\\\/de\\\/products\\\/heiswasserkessel-fur-den-industriellen-einsatz\\\/heb-serie\\\/\"]}]},{\"@type\":\"ImageObject\",\"inLanguage\":\"de-DE\",\"@id\":\"https:\\\/\\\/www.babcock-wanson.com\\\/de\\\/products\\\/heiswasserkessel-fur-den-industriellen-einsatz\\\/heb-serie\\\/#primaryimage\",\"url\":\"https:\\\/\\\/www.babcock-wanson.com\\\/wp-content\\\/uploads\\\/2018\\\/08\\\/HEB-Hot-Water-Boiler-1.jpg\",\"contentUrl\":\"https:\\\/\\\/www.babcock-wanson.com\\\/wp-content\\\/uploads\\\/2018\\\/08\\\/HEB-Hot-Water-Boiler-1.jpg\",\"width\":600,\"height\":400},{\"@type\":\"BreadcrumbList\",\"@id\":\"https:\\\/\\\/www.babcock-wanson.com\\\/de\\\/products\\\/heiswasserkessel-fur-den-industriellen-einsatz\\\/heb-serie\\\/#breadcrumb\",\"itemListElement\":[{\"@type\":\"ListItem\",\"position\":1,\"name\":\"Inicio\",\"item\":\"https:\\\/\\\/www.babcock-wanson.com\\\/de\\\/\"},{\"@type\":\"ListItem\",\"position\":2,\"name\":\"Produkte\",\"item\":\"https:\\\/\\\/www.babcock-wanson.com\\\/de\\\/shop\\\/\"},{\"@type\":\"ListItem\",\"position\":3,\"name\":\"Hei\u00dfwasserkessel f\u00fcr den industriellen Einsatz\",\"item\":\"https:\\\/\\\/www.babcock-wanson.com\\\/de\\\/produkt-kategorie\\\/heiswasserkessel-fur-den-industriellen-einsatz\\\/\"},{\"@type\":\"ListItem\",\"position\":4,\"name\":\"HEB-Serie\"}]},{\"@type\":\"WebSite\",\"@id\":\"https:\\\/\\\/www.babcock-wanson.com\\\/de\\\/#website\",\"url\":\"https:\\\/\\\/www.babcock-wanson.com\\\/de\\\/\",\"name\":\"Babcock Wanson\",\"description\":\"\",\"publisher\":{\"@id\":\"https:\\\/\\\/www.babcock-wanson.com\\\/de\\\/#organization\"},\"potentialAction\":[{\"@type\":\"SearchAction\",\"target\":{\"@type\":\"EntryPoint\",\"urlTemplate\":\"https:\\\/\\\/www.babcock-wanson.com\\\/de\\\/?s={search_term_string}\"},\"query-input\":{\"@type\":\"PropertyValueSpecification\",\"valueRequired\":true,\"valueName\":\"search_term_string\"}}],\"inLanguage\":\"de-DE\"},{\"@type\":\"Organization\",\"@id\":\"https:\\\/\\\/www.babcock-wanson.com\\\/de\\\/#organization\",\"name\":\"Babcock Wanson\",\"url\":\"https:\\\/\\\/www.babcock-wanson.com\\\/de\\\/\",\"logo\":{\"@type\":\"ImageObject\",\"inLanguage\":\"de-DE\",\"@id\":\"https:\\\/\\\/www.babcock-wanson.com\\\/de\\\/#\\\/schema\\\/logo\\\/image\\\/\",\"url\":\"https:\\\/\\\/www.babcock-wanson.com\\\/wp-content\\\/uploads\\\/2024\\\/02\\\/Babcock-Wanson-1200x1200-1.png\",\"contentUrl\":\"https:\\\/\\\/www.babcock-wanson.com\\\/wp-content\\\/uploads\\\/2024\\\/02\\\/Babcock-Wanson-1200x1200-1.png\",\"width\":1200,\"height\":1200,\"caption\":\"Babcock Wanson\"},\"image\":{\"@id\":\"https:\\\/\\\/www.babcock-wanson.com\\\/de\\\/#\\\/schema\\\/logo\\\/image\\\/\"},\"sameAs\":[\"https:\\\/\\\/www.linkedin.com\\\/company\\\/babcock-wanson\\\/\",\"https:\\\/\\\/www.youtube.com\\\/channel\\\/UCtxl25VieBBsP2kYmtlyv7A\"]}]}<\/script>\n<!-- \/ Yoast SEO Premium plugin. -->","yoast_head_json":{"title":"HEB-Serie Industrie-Hei\u00dfwasserkessel \u2013 Babcock Wanson","description":"Der HEB-Hei\u00dfwasserkessel ist eine hocheffiziente Einheit, die haupts\u00e4chlich f\u00fcr Prozessw\u00e4rmeanwendungen mit niedrigeren Temperaturen ausgelegt ist. Klicken Sie hier, um unsere Produktpalette anzuzeigen","robots":{"index":"index","follow":"follow","max-snippet":"max-snippet:-1","max-image-preview":"max-image-preview:large","max-video-preview":"max-video-preview:-1"},"canonical":"https:\/\/www.babcock-wanson.com\/de\/products\/heiswasserkessel-fur-den-industriellen-einsatz\/heb-serie\/","og_locale":"de_DE","og_type":"article","og_title":"HEB-Serie","og_description":"Der HEB-Hei\u00dfwasserkessel ist eine hocheffiziente Einheit, die haupts\u00e4chlich f\u00fcr Prozessw\u00e4rmeanwendungen mit niedrigeren Temperaturen ausgelegt ist. Klicken Sie hier, um unsere Produktpalette anzuzeigen","og_url":"https:\/\/www.babcock-wanson.com\/de\/products\/heiswasserkessel-fur-den-industriellen-einsatz\/heb-serie\/","og_site_name":"Babcock Wanson","article_modified_time":"2025-04-11T15:31:51+00:00","og_image":[{"width":600,"height":400,"url":"https:\/\/www.babcock-wanson.com\/wp-content\/uploads\/2018\/08\/HEB-Hot-Water-Boiler-1.jpg","type":"image\/jpeg"}],"twitter_card":"summary_large_image","twitter_misc":{"Est. reading time":"1 Minute"},"schema":{"@context":"https:\/\/schema.org","@graph":[{"@type":"WebPage","@id":"https:\/\/www.babcock-wanson.com\/de\/products\/heiswasserkessel-fur-den-industriellen-einsatz\/heb-serie\/","url":"https:\/\/www.babcock-wanson.com\/de\/products\/heiswasserkessel-fur-den-industriellen-einsatz\/heb-serie\/","name":"HEB-Serie Industrie-Hei\u00dfwasserkessel \u2013 Babcock Wanson","isPartOf":{"@id":"https:\/\/www.babcock-wanson.com\/de\/#website"},"primaryImageOfPage":{"@id":"https:\/\/www.babcock-wanson.com\/de\/products\/heiswasserkessel-fur-den-industriellen-einsatz\/heb-serie\/#primaryimage"},"image":{"@id":"https:\/\/www.babcock-wanson.com\/de\/products\/heiswasserkessel-fur-den-industriellen-einsatz\/heb-serie\/#primaryimage"},"thumbnailUrl":"https:\/\/www.babcock-wanson.com\/wp-content\/uploads\/2018\/08\/HEB-Hot-Water-Boiler-1.jpg","datePublished":"2025-01-17T09:20:52+00:00","dateModified":"2025-04-11T15:31:51+00:00","description":"Der HEB-Hei\u00dfwasserkessel ist eine hocheffiziente Einheit, die haupts\u00e4chlich f\u00fcr Prozessw\u00e4rmeanwendungen mit niedrigeren Temperaturen ausgelegt ist. Klicken Sie hier, um unsere Produktpalette anzuzeigen","breadcrumb":{"@id":"https:\/\/www.babcock-wanson.com\/de\/products\/heiswasserkessel-fur-den-industriellen-einsatz\/heb-serie\/#breadcrumb"},"inLanguage":"de-DE","potentialAction":[{"@type":"ReadAction","target":["https:\/\/www.babcock-wanson.com\/de\/products\/heiswasserkessel-fur-den-industriellen-einsatz\/heb-serie\/"]}]},{"@type":"ImageObject","inLanguage":"de-DE","@id":"https:\/\/www.babcock-wanson.com\/de\/products\/heiswasserkessel-fur-den-industriellen-einsatz\/heb-serie\/#primaryimage","url":"https:\/\/www.babcock-wanson.com\/wp-content\/uploads\/2018\/08\/HEB-Hot-Water-Boiler-1.jpg","contentUrl":"https:\/\/www.babcock-wanson.com\/wp-content\/uploads\/2018\/08\/HEB-Hot-Water-Boiler-1.jpg","width":600,"height":400},{"@type":"BreadcrumbList","@id":"https:\/\/www.babcock-wanson.com\/de\/products\/heiswasserkessel-fur-den-industriellen-einsatz\/heb-serie\/#breadcrumb","itemListElement":[{"@type":"ListItem","position":1,"name":"Inicio","item":"https:\/\/www.babcock-wanson.com\/de\/"},{"@type":"ListItem","position":2,"name":"Produkte","item":"https:\/\/www.babcock-wanson.com\/de\/shop\/"},{"@type":"ListItem","position":3,"name":"Hei\u00dfwasserkessel f\u00fcr den industriellen Einsatz","item":"https:\/\/www.babcock-wanson.com\/de\/produkt-kategorie\/heiswasserkessel-fur-den-industriellen-einsatz\/"},{"@type":"ListItem","position":4,"name":"HEB-Serie"}]},{"@type":"WebSite","@id":"https:\/\/www.babcock-wanson.com\/de\/#website","url":"https:\/\/www.babcock-wanson.com\/de\/","name":"Babcock Wanson","description":"","publisher":{"@id":"https:\/\/www.babcock-wanson.com\/de\/#organization"},"potentialAction":[{"@type":"SearchAction","target":{"@type":"EntryPoint","urlTemplate":"https:\/\/www.babcock-wanson.com\/de\/?s={search_term_string}"},"query-input":{"@type":"PropertyValueSpecification","valueRequired":true,"valueName":"search_term_string"}}],"inLanguage":"de-DE"},{"@type":"Organization","@id":"https:\/\/www.babcock-wanson.com\/de\/#organization","name":"Babcock Wanson","url":"https:\/\/www.babcock-wanson.com\/de\/","logo":{"@type":"ImageObject","inLanguage":"de-DE","@id":"https:\/\/www.babcock-wanson.com\/de\/#\/schema\/logo\/image\/","url":"https:\/\/www.babcock-wanson.com\/wp-content\/uploads\/2024\/02\/Babcock-Wanson-1200x1200-1.png","contentUrl":"https:\/\/www.babcock-wanson.com\/wp-content\/uploads\/2024\/02\/Babcock-Wanson-1200x1200-1.png","width":1200,"height":1200,"caption":"Babcock Wanson"},"image":{"@id":"https:\/\/www.babcock-wanson.com\/de\/#\/schema\/logo\/image\/"},"sameAs":["https:\/\/www.linkedin.com\/company\/babcock-wanson\/","https:\/\/www.youtube.com\/channel\/UCtxl25VieBBsP2kYmtlyv7A"]}]}},"jetpack_sharing_enabled":true,"_links":{"self":[{"href":"https:\/\/www.babcock-wanson.com\/de\/wp-json\/wp\/v2\/product\/50032","targetHints":{"allow":["GET"]}}],"collection":[{"href":"https:\/\/www.babcock-wanson.com\/de\/wp-json\/wp\/v2\/product"}],"about":[{"href":"https:\/\/www.babcock-wanson.com\/de\/wp-json\/wp\/v2\/types\/product"}],"replies":[{"embeddable":true,"href":"https:\/\/www.babcock-wanson.com\/de\/wp-json\/wp\/v2\/comments?post=50032"}],"wp:featuredmedia":[{"embeddable":true,"href":"https:\/\/www.babcock-wanson.com\/de\/wp-json\/wp\/v2\/media\/50035"}],"wp:attachment":[{"href":"https:\/\/www.babcock-wanson.com\/de\/wp-json\/wp\/v2\/media?parent=50032"}],"wp:term":[{"taxonomy":"product_brand","embeddable":true,"href":"https:\/\/www.babcock-wanson.com\/de\/wp-json\/wp\/v2\/product_brand?post=50032"},{"taxonomy":"product_cat","embeddable":true,"href":"https:\/\/www.babcock-wanson.com\/de\/wp-json\/wp\/v2\/product_cat?post=50032"},{"taxonomy":"product_tag","embeddable":true,"href":"https:\/\/www.babcock-wanson.com\/de\/wp-json\/wp\/v2\/product_tag?post=50032"}],"curies":[{"name":"wp","href":"https:\/\/api.w.org\/{rel}","templated":true}]}}