{"id":50033,"date":"2018-08-15T11:25:57","date_gmt":"2025-01-17T09:20:52","guid":{"rendered":"https:\/\/www.babcock-wanson.com\/products\/unkategorisiert\/vap-ln\/"},"modified":"2025-04-08T17:26:18","modified_gmt":"2025-04-08T16:26:18","slug":"vap-ln","status":"publish","type":"product","link":"https:\/\/www.babcock-wanson.com\/de\/products\/rohrschlangendampfkessel\/vap-ln\/","title":{"rendered":"VAP-LN"},"content":{"rendered":"<div class=\"vgblk-rw-wrapper limit-wrapper\">\r\n<h3>Hoher Wirkungsgrad<\/h3>\r\n<ul>\r\n<li>Ein niedriger Wassergehalt bedeutet, dass die Inbetriebnahme schnell erfolgt und die W\u00e4rmeverluste und Betriebskosten niedrig sind.<\/li>\r\n<li>Die VAP-LN Dampferzeuger arbeiten unter sehr niedrigen thermischen Lastbedingungen, was zu einem thermischen Nettowirkungsgrad von \u00fcber 90 % f\u00fchrt. Bei Ausstattung mit einem <a href=\"https:\/\/www.babcock-wanson.com\/de\/products\/warmeruckgewinnungssysteme\/vorwaermer\/\" target=\"_blank\" rel=\"noopener\">Rauchgasvorw\u00e4rmer von Babcock Wanson<\/a>, kann der thermische Wirkungsgrad auf bis zu 95 % erh\u00f6ht werden.<\/li>\r\n<\/ul>\r\n<h3>Einfacher, zuverl\u00e4ssiger Betrieb<\/h3>\r\n<ul>\r\n<li>Der VAP-LN-Dampferzeuger umfasst standardm\u00e4\u00dfig einen angepassten Brenner und ein vollst\u00e4ndig integriertes und werkseitig getestetes Steuerungssystem und ist f\u00fcr eine einfache Installation in der Anlage vollst\u00e4ndig verpackt.<\/li>\r\n<li>Die Konstruktion des VAP-LN mit drei vollst\u00e4ndigen Gasz\u00fcgen und einer gro\u00dfz\u00fcgig bemessenen Verbrennungskammer sorgt f\u00fcr eine geringe W\u00e4rmebelastung, einen hohen Wirkungsgrad und sehr niedrige Emissionen.<\/li>\r\n<li>Die VAP-LN-Reihe kann mit der Betriebsmodussteuerung 72H von Babcock Wanson ausgestattet werden, wenn dies durch l\u00e4nderspezifische Vorschriften erforderlich ist, was eine einfache Einrichtung und geringere Betriebskosten erm\u00f6glicht.<\/li>\r\n<\/ul>\r\n<h3>Umweltfreundlich<\/h3>\r\n<ul>\r\n<li>Ausgelegt f\u00fcr den Betrieb mit Erdgas, Fl\u00fcssiggas, leichtem Heiz\u00f6l und einer Vielzahl von speziellen Biokraftstoffen ohne Beeintr\u00e4chtigung der Emissionsleistung.<\/li>\r\n<li>Die Stickoxidemissionen von VAP-LN liegen standardm\u00e4\u00dfig unter 100 mg\/Nm\u00b3.<\/li>\r\n<\/ul>\r\n<h3>Umfassendes Angebot an Zusatzausr\u00fcstung<\/h3>\r\n<ul>\r\n<li><a href=\"https:\/\/www.babcock-wanson.com\/de\/produkt-kategorie\/industrielle-wasseraufbereitung\/\" target=\"_blank\" rel=\"noopener\">Wasseraufbereitung<\/a> einschlie\u00dflich <a href=\"https:\/\/www.babcock-wanson.com\/de\/products\/industrielle-wasseraufbereitung\/industrielle-wasserenthaertung\/\" target=\"_blank\" rel=\"noopener\">Wasserenth\u00e4rtern<\/a>, RO-Anlage und Chemikalien-Dosierausr\u00fcstung.<\/li>\r\n<li>Speisewasserbeh\u00e4lter und atmosph\u00e4rische und druckbeaufschlagte <a href=\"https:\/\/www.babcock-wanson.com\/de\/products\/industrielle-wasseraufbereitung\/waermeentgasung\/\" target=\"_blank\" rel=\"noopener\">thermische Entgaser<\/a> von Babcock Wanson.<\/li>\r\n<li>Druckminderungsstationen &amp; Dampfregelventile.<\/li>\r\n<li>Dampfabscheider, Ablassbeh\u00e4lter und W\u00e4rmetauscher.<\/li>\r\n<\/ul>\r\n<h2>Spiraldampfkessel der VAP-LN-Serie<\/h2>\r\n<table>\r\n<tbody>\r\n<tr>\r\n<th>VAP-LN<\/th>\r\n<th>Modell<\/th>\r\n<th>250<\/th>\r\n<th>750<\/th>\r\n<th>1250<\/th>\r\n<th>1750<\/th>\r\n<th>2250<\/th>\r\n<th>2750<\/th>\r\n<th>3500<\/th>\r\n<\/tr>\r\n<tr>\r\n<th>Dampferzeugung<\/th>\r\n<th>Kg\/h<\/th>\r\n<td>250<\/td>\r\n<td>750<\/td>\r\n<td>1250<\/td>\r\n<td>1750<\/td>\r\n<td>2250<\/td>\r\n<td>2750<\/td>\r\n<td>3500<\/td>\r\n<\/tr>\r\n<tr>\r\n<th>\u00a0<\/th>\r\n<th>kW<\/th>\r\n<td>174<\/td>\r\n<td>523<\/td>\r\n<td>872<\/td>\r\n<td>1221<\/td>\r\n<td>1570<\/td>\r\n<td>1919<\/td>\r\n<td>2442<\/td>\r\n<\/tr>\r\n<tr>\r\n<th>Breite<\/th>\r\n<th>mm<\/th>\r\n<td>1700<\/td>\r\n<td>1900<\/td>\r\n<td>2050<\/td>\r\n<td>2100<\/td>\r\n<td>2400<\/td>\r\n<td>3000<\/td>\r\n<td>3350<\/td>\r\n<\/tr>\r\n<tr>\r\n<th>L\u00e4nge<\/th>\r\n<th>mm<\/th>\r\n<td>2755<\/td>\r\n<td>3070<\/td>\r\n<td>3390<\/td>\r\n<td>3885<\/td>\r\n<td>4105<\/td>\r\n<td>4560<\/td>\r\n<td>4650<\/td>\r\n<\/tr>\r\n<tr>\r\n<th>H\u00f6he<\/th>\r\n<th>mm<\/th>\r\n<td>1402<\/td>\r\n<td>1500<\/td>\r\n<td>1734<\/td>\r\n<td>1640<\/td>\r\n<td>1970<\/td>\r\n<td>2630<\/td>\r\n<td>2656<\/td>\r\n<\/tr>\r\n<\/tbody>\r\n<\/table>\r\n<p>* Die oben genannten Daten sind nicht verbindlich und k\u00f6nnen ohne Vorank\u00fcndigung ge\u00e4ndert werden.<\/p>\r\n<\/div><!-- .vgblk-rw-wrapper -->","protected":false},"excerpt":{"rendered":"<p><strong>Von 250 bis 3.500 kg\/h (174 bis 2.442 kW)<br \/><\/strong>Die Kessel der VAP-LN-Reihe von Babcock Wanson sind hocheffiziente Schnelldampferzeuger, die so konzipiert sind, dass sie die strengsten internationalen Vorschriften in Bezug auf Stickoxid- und Kohlenstoffemissionen erf\u00fcllen. Basierend auf unserem bew\u00e4hrten Heizspulendesign bietet VAP-LN-Kessel einen robusten, energiesparenden und umweltfreundlichen Dampferzeuger, der ab Kaltstart in nur 3 Minuten Dampf erzeugen kann.<\/p>\n<p>VAP-LN-Einheiten weisen einen geringen Wassergehalt auf, was selbst bei hohen Dr\u00fccken eine au\u00dfergew\u00f6hnliche Sicherheit gew\u00e4hrleistet. Die VAP-LN-Reihe ist in vertikaler oder horizontaler Konfiguration erh\u00e4ltlich und kann Dampfleistungen von 250 bis 3.500 kg\/h bei Standard-Betriebsdr\u00fccken von 10 bis 29 bar erzeugen. H\u00f6here Dr\u00fccke sind auf Anfrage erh\u00e4ltlich, wobei einige Modelle mit bis zu 100 bar arbeiten.<\/p>\n","protected":false},"featured_media":50034,"comment_status":"closed","ping_status":"closed","template":"","meta":{"_acf_changed":false,"_relevanssi_hide_post":"","_relevanssi_hide_content":"","_relevanssi_pin_for_all":"","_relevanssi_pin_keywords":"","_relevanssi_unpin_keywords":"","_relevanssi_related_keywords":"","_relevanssi_related_include_ids":"","_relevanssi_related_exclude_ids":"","_relevanssi_related_no_append":"","_relevanssi_related_not_related":"","_relevanssi_related_posts":"","_relevanssi_noindex_reason":""},"product_brand":[],"product_cat":[6519,6522],"product_tag":[],"class_list":{"0":"post-50033","1":"product","2":"type-product","3":"status-publish","4":"has-post-thumbnail","6":"product_cat-dampfkessel","7":"product_cat-rohrschlangendampfkessel","9":"first","10":"instock","11":"shipping-taxable","12":"product-type-simple"},"acf":[],"yoast_head":"<!-- This site is optimized with the Yoast SEO Premium plugin v27.4 (Yoast SEO v27.4) - https:\/\/yoast.com\/product\/yoast-seo-premium-wordpress\/ -->\n<title>VAP-LN-Serie Spiraldampfkessel \u2013 Babcock Wanson<\/title>\n<meta name=\"description\" content=\"Die VAP-LN-Reihe besteht aus hocheffizienten schnellen Schnelldampferzeugern, die den Vorschriften f\u00fcr Stickoxidemissionen und CO-Emissionen entsprechen. Klicken Sie hier, um mehr zu erfahren\" \/>\n<meta name=\"robots\" content=\"index, follow, max-snippet:-1, max-image-preview:large, max-video-preview:-1\" \/>\n<link rel=\"canonical\" href=\"https:\/\/www.babcock-wanson.com\/de\/products\/rohrschlangendampfkessel\/vap-ln\/\" \/>\n<meta property=\"og:locale\" content=\"de_DE\" \/>\n<meta property=\"og:type\" content=\"article\" \/>\n<meta property=\"og:title\" content=\"VAP-LN\" \/>\n<meta property=\"og:description\" content=\"Die VAP-LN-Reihe besteht aus hocheffizienten schnellen Schnelldampferzeugern, die den Vorschriften f\u00fcr Stickoxidemissionen und CO-Emissionen entsprechen. Klicken Sie hier, um mehr zu erfahren\" \/>\n<meta property=\"og:url\" content=\"https:\/\/www.babcock-wanson.com\/de\/products\/rohrschlangendampfkessel\/vap-ln\/\" \/>\n<meta property=\"og:site_name\" content=\"Babcock Wanson\" \/>\n<meta property=\"article:modified_time\" content=\"2025-04-08T16:26:18+00:00\" \/>\n<meta property=\"og:image\" content=\"https:\/\/www.babcock-wanson.com\/wp-content\/uploads\/2018\/08\/VAP-LN-Steam-Generator.jpg\" \/>\n\t<meta property=\"og:image:width\" content=\"600\" \/>\n\t<meta property=\"og:image:height\" content=\"400\" \/>\n\t<meta property=\"og:image:type\" content=\"image\/jpeg\" \/>\n<meta name=\"twitter:card\" content=\"summary_large_image\" \/>\n<meta name=\"twitter:label1\" content=\"Est. reading time\" \/>\n\t<meta name=\"twitter:data1\" content=\"2 Minuten\" \/>\n<script type=\"application\/ld+json\" class=\"yoast-schema-graph\">{\"@context\":\"https:\\\/\\\/schema.org\",\"@graph\":[{\"@type\":\"WebPage\",\"@id\":\"https:\\\/\\\/www.babcock-wanson.com\\\/de\\\/products\\\/rohrschlangendampfkessel\\\/vap-ln\\\/\",\"url\":\"https:\\\/\\\/www.babcock-wanson.com\\\/de\\\/products\\\/rohrschlangendampfkessel\\\/vap-ln\\\/\",\"name\":\"VAP-LN-Serie Spiraldampfkessel \u2013 Babcock Wanson\",\"isPartOf\":{\"@id\":\"https:\\\/\\\/www.babcock-wanson.com\\\/de\\\/#website\"},\"primaryImageOfPage\":{\"@id\":\"https:\\\/\\\/www.babcock-wanson.com\\\/de\\\/products\\\/rohrschlangendampfkessel\\\/vap-ln\\\/#primaryimage\"},\"image\":{\"@id\":\"https:\\\/\\\/www.babcock-wanson.com\\\/de\\\/products\\\/rohrschlangendampfkessel\\\/vap-ln\\\/#primaryimage\"},\"thumbnailUrl\":\"https:\\\/\\\/www.babcock-wanson.com\\\/wp-content\\\/uploads\\\/2018\\\/08\\\/VAP-LN-Steam-Generator.jpg\",\"datePublished\":\"2025-01-17T09:20:52+00:00\",\"dateModified\":\"2025-04-08T16:26:18+00:00\",\"description\":\"Die VAP-LN-Reihe besteht aus hocheffizienten schnellen Schnelldampferzeugern, die den Vorschriften f\u00fcr Stickoxidemissionen und CO-Emissionen entsprechen. Klicken Sie hier, um mehr zu erfahren\",\"breadcrumb\":{\"@id\":\"https:\\\/\\\/www.babcock-wanson.com\\\/de\\\/products\\\/rohrschlangendampfkessel\\\/vap-ln\\\/#breadcrumb\"},\"inLanguage\":\"de-DE\",\"potentialAction\":[{\"@type\":\"ReadAction\",\"target\":[\"https:\\\/\\\/www.babcock-wanson.com\\\/de\\\/products\\\/rohrschlangendampfkessel\\\/vap-ln\\\/\"]}]},{\"@type\":\"ImageObject\",\"inLanguage\":\"de-DE\",\"@id\":\"https:\\\/\\\/www.babcock-wanson.com\\\/de\\\/products\\\/rohrschlangendampfkessel\\\/vap-ln\\\/#primaryimage\",\"url\":\"https:\\\/\\\/www.babcock-wanson.com\\\/wp-content\\\/uploads\\\/2018\\\/08\\\/VAP-LN-Steam-Generator.jpg\",\"contentUrl\":\"https:\\\/\\\/www.babcock-wanson.com\\\/wp-content\\\/uploads\\\/2018\\\/08\\\/VAP-LN-Steam-Generator.jpg\",\"width\":600,\"height\":400},{\"@type\":\"BreadcrumbList\",\"@id\":\"https:\\\/\\\/www.babcock-wanson.com\\\/de\\\/products\\\/rohrschlangendampfkessel\\\/vap-ln\\\/#breadcrumb\",\"itemListElement\":[{\"@type\":\"ListItem\",\"position\":1,\"name\":\"Inicio\",\"item\":\"https:\\\/\\\/www.babcock-wanson.com\\\/de\\\/\"},{\"@type\":\"ListItem\",\"position\":2,\"name\":\"Produkte\",\"item\":\"https:\\\/\\\/www.babcock-wanson.com\\\/de\\\/shop\\\/\"},{\"@type\":\"ListItem\",\"position\":3,\"name\":\"Rohrschlangendampfkessel\",\"item\":\"https:\\\/\\\/www.babcock-wanson.com\\\/de\\\/produkt-kategorie\\\/rohrschlangendampfkessel\\\/\"},{\"@type\":\"ListItem\",\"position\":4,\"name\":\"VAP-LN\"}]},{\"@type\":\"WebSite\",\"@id\":\"https:\\\/\\\/www.babcock-wanson.com\\\/de\\\/#website\",\"url\":\"https:\\\/\\\/www.babcock-wanson.com\\\/de\\\/\",\"name\":\"Babcock Wanson\",\"description\":\"\",\"publisher\":{\"@id\":\"https:\\\/\\\/www.babcock-wanson.com\\\/de\\\/#organization\"},\"potentialAction\":[{\"@type\":\"SearchAction\",\"target\":{\"@type\":\"EntryPoint\",\"urlTemplate\":\"https:\\\/\\\/www.babcock-wanson.com\\\/de\\\/?s={search_term_string}\"},\"query-input\":{\"@type\":\"PropertyValueSpecification\",\"valueRequired\":true,\"valueName\":\"search_term_string\"}}],\"inLanguage\":\"de-DE\"},{\"@type\":\"Organization\",\"@id\":\"https:\\\/\\\/www.babcock-wanson.com\\\/de\\\/#organization\",\"name\":\"Babcock Wanson\",\"url\":\"https:\\\/\\\/www.babcock-wanson.com\\\/de\\\/\",\"logo\":{\"@type\":\"ImageObject\",\"inLanguage\":\"de-DE\",\"@id\":\"https:\\\/\\\/www.babcock-wanson.com\\\/de\\\/#\\\/schema\\\/logo\\\/image\\\/\",\"url\":\"https:\\\/\\\/www.babcock-wanson.com\\\/wp-content\\\/uploads\\\/2024\\\/02\\\/Babcock-Wanson-1200x1200-1.png\",\"contentUrl\":\"https:\\\/\\\/www.babcock-wanson.com\\\/wp-content\\\/uploads\\\/2024\\\/02\\\/Babcock-Wanson-1200x1200-1.png\",\"width\":1200,\"height\":1200,\"caption\":\"Babcock Wanson\"},\"image\":{\"@id\":\"https:\\\/\\\/www.babcock-wanson.com\\\/de\\\/#\\\/schema\\\/logo\\\/image\\\/\"},\"sameAs\":[\"https:\\\/\\\/www.linkedin.com\\\/company\\\/babcock-wanson\\\/\",\"https:\\\/\\\/www.youtube.com\\\/channel\\\/UCtxl25VieBBsP2kYmtlyv7A\"]}]}<\/script>\n<!-- \/ Yoast SEO Premium plugin. -->","yoast_head_json":{"title":"VAP-LN-Serie Spiraldampfkessel \u2013 Babcock Wanson","description":"Die VAP-LN-Reihe besteht aus hocheffizienten schnellen Schnelldampferzeugern, die den Vorschriften f\u00fcr Stickoxidemissionen und CO-Emissionen entsprechen. Klicken Sie hier, um mehr zu erfahren","robots":{"index":"index","follow":"follow","max-snippet":"max-snippet:-1","max-image-preview":"max-image-preview:large","max-video-preview":"max-video-preview:-1"},"canonical":"https:\/\/www.babcock-wanson.com\/de\/products\/rohrschlangendampfkessel\/vap-ln\/","og_locale":"de_DE","og_type":"article","og_title":"VAP-LN","og_description":"Die VAP-LN-Reihe besteht aus hocheffizienten schnellen Schnelldampferzeugern, die den Vorschriften f\u00fcr Stickoxidemissionen und CO-Emissionen entsprechen. Klicken Sie hier, um mehr zu erfahren","og_url":"https:\/\/www.babcock-wanson.com\/de\/products\/rohrschlangendampfkessel\/vap-ln\/","og_site_name":"Babcock Wanson","article_modified_time":"2025-04-08T16:26:18+00:00","og_image":[{"width":600,"height":400,"url":"https:\/\/www.babcock-wanson.com\/wp-content\/uploads\/2018\/08\/VAP-LN-Steam-Generator.jpg","type":"image\/jpeg"}],"twitter_card":"summary_large_image","twitter_misc":{"Est. reading time":"2 Minuten"},"schema":{"@context":"https:\/\/schema.org","@graph":[{"@type":"WebPage","@id":"https:\/\/www.babcock-wanson.com\/de\/products\/rohrschlangendampfkessel\/vap-ln\/","url":"https:\/\/www.babcock-wanson.com\/de\/products\/rohrschlangendampfkessel\/vap-ln\/","name":"VAP-LN-Serie Spiraldampfkessel \u2013 Babcock Wanson","isPartOf":{"@id":"https:\/\/www.babcock-wanson.com\/de\/#website"},"primaryImageOfPage":{"@id":"https:\/\/www.babcock-wanson.com\/de\/products\/rohrschlangendampfkessel\/vap-ln\/#primaryimage"},"image":{"@id":"https:\/\/www.babcock-wanson.com\/de\/products\/rohrschlangendampfkessel\/vap-ln\/#primaryimage"},"thumbnailUrl":"https:\/\/www.babcock-wanson.com\/wp-content\/uploads\/2018\/08\/VAP-LN-Steam-Generator.jpg","datePublished":"2025-01-17T09:20:52+00:00","dateModified":"2025-04-08T16:26:18+00:00","description":"Die VAP-LN-Reihe besteht aus hocheffizienten schnellen Schnelldampferzeugern, die den Vorschriften f\u00fcr Stickoxidemissionen und CO-Emissionen entsprechen. Klicken Sie hier, um mehr zu erfahren","breadcrumb":{"@id":"https:\/\/www.babcock-wanson.com\/de\/products\/rohrschlangendampfkessel\/vap-ln\/#breadcrumb"},"inLanguage":"de-DE","potentialAction":[{"@type":"ReadAction","target":["https:\/\/www.babcock-wanson.com\/de\/products\/rohrschlangendampfkessel\/vap-ln\/"]}]},{"@type":"ImageObject","inLanguage":"de-DE","@id":"https:\/\/www.babcock-wanson.com\/de\/products\/rohrschlangendampfkessel\/vap-ln\/#primaryimage","url":"https:\/\/www.babcock-wanson.com\/wp-content\/uploads\/2018\/08\/VAP-LN-Steam-Generator.jpg","contentUrl":"https:\/\/www.babcock-wanson.com\/wp-content\/uploads\/2018\/08\/VAP-LN-Steam-Generator.jpg","width":600,"height":400},{"@type":"BreadcrumbList","@id":"https:\/\/www.babcock-wanson.com\/de\/products\/rohrschlangendampfkessel\/vap-ln\/#breadcrumb","itemListElement":[{"@type":"ListItem","position":1,"name":"Inicio","item":"https:\/\/www.babcock-wanson.com\/de\/"},{"@type":"ListItem","position":2,"name":"Produkte","item":"https:\/\/www.babcock-wanson.com\/de\/shop\/"},{"@type":"ListItem","position":3,"name":"Rohrschlangendampfkessel","item":"https:\/\/www.babcock-wanson.com\/de\/produkt-kategorie\/rohrschlangendampfkessel\/"},{"@type":"ListItem","position":4,"name":"VAP-LN"}]},{"@type":"WebSite","@id":"https:\/\/www.babcock-wanson.com\/de\/#website","url":"https:\/\/www.babcock-wanson.com\/de\/","name":"Babcock Wanson","description":"","publisher":{"@id":"https:\/\/www.babcock-wanson.com\/de\/#organization"},"potentialAction":[{"@type":"SearchAction","target":{"@type":"EntryPoint","urlTemplate":"https:\/\/www.babcock-wanson.com\/de\/?s={search_term_string}"},"query-input":{"@type":"PropertyValueSpecification","valueRequired":true,"valueName":"search_term_string"}}],"inLanguage":"de-DE"},{"@type":"Organization","@id":"https:\/\/www.babcock-wanson.com\/de\/#organization","name":"Babcock Wanson","url":"https:\/\/www.babcock-wanson.com\/de\/","logo":{"@type":"ImageObject","inLanguage":"de-DE","@id":"https:\/\/www.babcock-wanson.com\/de\/#\/schema\/logo\/image\/","url":"https:\/\/www.babcock-wanson.com\/wp-content\/uploads\/2024\/02\/Babcock-Wanson-1200x1200-1.png","contentUrl":"https:\/\/www.babcock-wanson.com\/wp-content\/uploads\/2024\/02\/Babcock-Wanson-1200x1200-1.png","width":1200,"height":1200,"caption":"Babcock Wanson"},"image":{"@id":"https:\/\/www.babcock-wanson.com\/de\/#\/schema\/logo\/image\/"},"sameAs":["https:\/\/www.linkedin.com\/company\/babcock-wanson\/","https:\/\/www.youtube.com\/channel\/UCtxl25VieBBsP2kYmtlyv7A"]}]}},"jetpack_sharing_enabled":true,"_links":{"self":[{"href":"https:\/\/www.babcock-wanson.com\/de\/wp-json\/wp\/v2\/product\/50033","targetHints":{"allow":["GET"]}}],"collection":[{"href":"https:\/\/www.babcock-wanson.com\/de\/wp-json\/wp\/v2\/product"}],"about":[{"href":"https:\/\/www.babcock-wanson.com\/de\/wp-json\/wp\/v2\/types\/product"}],"replies":[{"embeddable":true,"href":"https:\/\/www.babcock-wanson.com\/de\/wp-json\/wp\/v2\/comments?post=50033"}],"wp:featuredmedia":[{"embeddable":true,"href":"https:\/\/www.babcock-wanson.com\/de\/wp-json\/wp\/v2\/media\/50034"}],"wp:attachment":[{"href":"https:\/\/www.babcock-wanson.com\/de\/wp-json\/wp\/v2\/media?parent=50033"}],"wp:term":[{"taxonomy":"product_brand","embeddable":true,"href":"https:\/\/www.babcock-wanson.com\/de\/wp-json\/wp\/v2\/product_brand?post=50033"},{"taxonomy":"product_cat","embeddable":true,"href":"https:\/\/www.babcock-wanson.com\/de\/wp-json\/wp\/v2\/product_cat?post=50033"},{"taxonomy":"product_tag","embeddable":true,"href":"https:\/\/www.babcock-wanson.com\/de\/wp-json\/wp\/v2\/product_tag?post=50033"}],"curies":[{"name":"wp","href":"https:\/\/api.w.org\/{rel}","templated":true}]}}