{"id":50043,"date":"2018-08-15T10:39:48","date_gmt":"2025-01-17T09:20:54","guid":{"rendered":"https:\/\/www.babcock-wanson.com\/products\/unkategorisiert\/bwr-serie\/"},"modified":"2025-04-08T16:08:18","modified_gmt":"2025-04-08T15:08:18","slug":"bwr-serie","status":"publish","type":"product","link":"https:\/\/www.babcock-wanson.com\/de\/products\/flammrohrdampfkessel\/bwr-serie\/","title":{"rendered":"BWR-Serie"},"content":{"rendered":"<div class=\"vgblk-rw-wrapper limit-wrapper\">\r\n<h3>Niedriger Kraftstoffverbrauch<\/h3>\r\n<ul>\r\n \t<li>Die perfekte Kombination aus Kesselk\u00f6rper und Brenner gew\u00e4hrleistet einen zuverl\u00e4ssigen und effizienten Betrieb. Mit einem passenden <a href=\"https:\/\/www.babcock-wanson.com\/de\/products\/warmeruckgewinnungssysteme\/vorwaermer\/\" target=\"_blank\" rel=\"noopener\">Vorw\u00e4rmer<\/a> und einem <a href=\"https:\/\/www.babcock-wanson.com\/de\/produkt-kategorie\/warmeruckgewinnungssysteme\/\" target=\"_blank\" rel=\"noopener\">W\u00e4rmer\u00fcckgewinnungssystem<\/a> von Babcock Wanson k\u00f6nnen Wirkungsgrade von \u00fcber 98 % (R-Eco) und 105 % (Kondensationsbetrieb) erreicht werden.<\/li>\r\n \t<li>Gleichbleibend hoher thermischer Wirkungsgrad im gesamten Brennbereich. Die digitale Mikromodulationssteuerung mit einer speziell f\u00fcr den BWR-Kessel entwickelten Brennerkopfgeometrie erm\u00f6glicht sehr hohe Regelverh\u00e4ltnisse mit einer genauen Steuerung des Luft\u00fcberschusses und den niedrigsten praktikablen Betriebskosten.<\/li>\r\n \t<li>Der Stromverbrauch wird durch den Einsatz einer variablen Drehzahlregelung um 30 % bis 50 % gesenkt.<\/li>\r\n<\/ul>\r\n<h3>Geringere Betriebskosten<\/h3>\r\n<ul>\r\n \t<li>Robuste Konstruktion f\u00fcr lange Lebensdauer<\/li>\r\n \t<li>Kein Risiko der inneren Verschmutzung<\/li>\r\n \t<li>Die Rauchgasumkehrkammer ist vollst\u00e4ndig wassergek\u00fchlt, was zu hoher Effizienz und minimalen Wartungsanforderungen f\u00fchrt. Der leichte Zugang zur Kammer vereinfacht die Inspektion.<\/li>\r\n<\/ul>\r\n<h3>Warum sollten Sie sich f\u00fcr den BWR-Flammrohrdampfkessel entscheiden?<\/h3>\r\n<ul>\r\n \t<li>Hoher Wirkungsgrad \u2013 NOx-arme Brenner<\/li>\r\n \t<li>Hohes Brenner-Regelverh\u00e4ltnis<\/li>\r\n \t<li>Leichter Zugang f\u00fcr einfache Wartung<\/li>\r\n \t<li>Robuste Bauweise f\u00fcr sehr lange Lebensdauer<\/li>\r\n \t<li>W\u00e4rmer\u00fcckgewinnung aus Rauchgas<\/li>\r\n \t<li>Verbrennungsluftvorw\u00e4rmer<\/li>\r\n \t<li>Optionen f\u00fcr Zweistoff- und Mischfeuerung<\/li>\r\n \t<li>O2- und CO-Regelungsoptionen<\/li>\r\n \t<li>Einfacher unbeaufsichtigter Betrieb<\/li>\r\n \t<li>Komplette Dampfsysteml\u00f6sungen<\/li>\r\n<\/ul>\r\n<h2>Flammrohrdampfkessel der Serie BWR<\/h2>\r\nv\r\n<table>\r\n<tbody>\r\n<tr>\r\n<th>BWR<\/th>\r\n<th>modell<\/th>\r\n<th>100<\/th>\r\n<th>120<\/th>\r\n<th>150<\/th>\r\n<th>170<\/th>\r\n<th>210<\/th>\r\n<th>250<\/th>\r\n<th>270<\/th>\r\n<\/tr>\r\n<tr>\r\n<th>Dampfleistung (1)<\/th>\r\n<th>Kg\/h<\/th>\r\n<td>10000<\/td>\r\n<td>12000<\/td>\r\n<td>15000<\/td>\r\n<td>17000<\/td>\r\n<td>21000<\/td>\r\n<td>25000<\/td>\r\n<td>27000 (3)<\/td>\r\n<\/tr>\r\n<tr>\r\n<th>Leistungsausgabe (1)<\/th>\r\n<th>kW<\/th>\r\n<td>6545<\/td>\r\n<td>7862<\/td>\r\n<td>9827<\/td>\r\n<td>11136<\/td>\r\n<td>13754<\/td>\r\n<td>16372<\/td>\r\n<td>17685<\/td>\r\n<\/tr>\r\n<tr>\r\n<th>Breite A (2)<\/th>\r\n<th>mm<\/th>\r\n<td>3820<\/td>\r\n<td>3020<\/td>\r\n<td>3175<\/td>\r\n<td>3525<\/td>\r\n<td>3800<\/td>\r\n<td>4200<\/td>\r\n<td>4500<\/td>\r\n<\/tr>\r\n<tr>\r\n<th>L\u00e4nge B (2)<\/th>\r\n<th>mm<\/th>\r\n<td>8630<\/td>\r\n<td>10640<\/td>\r\n<td>10890<\/td>\r\n<td>11300<\/td>\r\n<td>12430<\/td>\r\n<td>13880<\/td>\r\n<td>14130<\/td>\r\n<\/tr>\r\n<tr>\r\n<th>H\u00f6he C (2)<\/th>\r\n<th>mm<\/th>\r\n<td>3890<\/td>\r\n<td>4050<\/td>\r\n<td>4287<\/td>\r\n<td>4330<\/td>\r\n<td>4530<\/td>\r\n<td>4900<\/td>\r\n<td>5100<\/td>\r\n<\/tr>\r\n<tr>\r\n<th>Gewicht \u2013 voll geflutet<\/th>\r\n<th>Kg<\/th>\r\n<td>39550<\/td>\r\n<td>45900<\/td>\r\n<td>49800<\/td>\r\n<td>57600<\/td>\r\n<td>74900<\/td>\r\n<td>80050<\/td>\r\n<td>92150<\/td>\r\n<\/tr>\r\n<\/tbody>\r\n<\/table>\r\n(1) Bei 15 barg und Speisewasser mit 105 \u00b0C\r\n\r\n(2) Gesamtabmessungen umfassen montierten Brenner und Kesselhalterungen\r\n\r\n(3) 30.000 kg\/h mit einem Vorw\u00e4rmer unter bestimmten Betriebsbedingungen\r\n\r\n<\/div><!-- .vgblk-rw-wrapper -->","protected":false},"excerpt":{"rendered":"<p><strong>Dampfleistung von 10.000 kg\/h bis 30.000 kg\/h<\/strong><br \/>\nBWR-<a href=\"https:\/\/www.babcock-wanson.com\/de\/produkt-kategorie\/flammrohrdampfkessel\/\" target=\"_blank\" rel=\"noopener\">Flammrohrkessel<\/a> sind in Dreizugbauweise ausgef\u00fchrt und verf\u00fcgen \u00fcber eine rauchgasf\u00fchrende Umkehrkammer in Rohrbauweise. Dieses bew\u00e4hrte, einzigartige Merkmal von Babcock Wanson verbessert die Wasserzirkulation und reduziert dadurch erheblich das Risiko von Ablagerungen im Inneren (Schlammansammlung am Boden des Kessels). Zuganker sind nicht erforderlich und die gleichm\u00e4\u00dfige Ausdehnung des Geh\u00e4uses bietet die Flexibilit\u00e4t, gro\u00dfe Dampflast\u00e4nderungen mit minimaler Betriebsbelastung zu bew\u00e4ltigen. Dank des gro\u00dfz\u00fcgigen Dampfraums und des integrierten Abscheiders wird hochwertiger Trockendampf erzeugt.<\/p>\n","protected":false},"featured_media":50045,"comment_status":"closed","ping_status":"closed","template":"","meta":{"_acf_changed":false,"_relevanssi_hide_post":"","_relevanssi_hide_content":"","_relevanssi_pin_for_all":"","_relevanssi_pin_keywords":"","_relevanssi_unpin_keywords":"","_relevanssi_related_keywords":"","_relevanssi_related_include_ids":"","_relevanssi_related_exclude_ids":"","_relevanssi_related_no_append":"","_relevanssi_related_not_related":"","_relevanssi_related_posts":"","_relevanssi_noindex_reason":""},"product_brand":[],"product_cat":[6519,6520],"product_tag":[],"class_list":{"0":"post-50043","1":"product","2":"type-product","3":"status-publish","4":"has-post-thumbnail","6":"product_cat-dampfkessel","7":"product_cat-flammrohrdampfkessel","9":"first","10":"instock","11":"shipping-taxable","12":"product-type-simple"},"acf":[],"yoast_head":"<!-- This site is optimized with the Yoast SEO Premium plugin v27.4 (Yoast SEO v27.4) - https:\/\/yoast.com\/product\/yoast-seo-premium-wordpress\/ -->\n<title>Flammrohrdampfkessel der Serie BWR<\/title>\n<meta name=\"description\" content=\"BWR-Flammrohrkessel sind in Dreizugbauweise ausgef\u00fchrt und verf\u00fcgen \u00fcber eine rauchgasf\u00fchrende Umkehrkammer in Rohrbauweise. Klicken Sie hier, um mehr zu erfahren\" \/>\n<meta name=\"robots\" content=\"index, follow, max-snippet:-1, max-image-preview:large, max-video-preview:-1\" \/>\n<link rel=\"canonical\" href=\"https:\/\/www.babcock-wanson.com\/de\/products\/flammrohrdampfkessel\/bwr-serie\/\" \/>\n<meta property=\"og:locale\" content=\"de_DE\" \/>\n<meta property=\"og:type\" content=\"article\" \/>\n<meta property=\"og:title\" content=\"BWR-Serie\" \/>\n<meta property=\"og:description\" content=\"BWR-Flammrohrkessel sind in Dreizugbauweise ausgef\u00fchrt und verf\u00fcgen \u00fcber eine rauchgasf\u00fchrende Umkehrkammer in Rohrbauweise. Klicken Sie hier, um mehr zu erfahren\" \/>\n<meta property=\"og:url\" content=\"https:\/\/www.babcock-wanson.com\/de\/products\/flammrohrdampfkessel\/bwr-serie\/\" \/>\n<meta property=\"og:site_name\" content=\"Babcock Wanson\" \/>\n<meta property=\"article:modified_time\" content=\"2025-04-08T15:08:18+00:00\" \/>\n<meta property=\"og:image\" content=\"https:\/\/www.babcock-wanson.com\/wp-content\/uploads\/2018\/08\/BWR-Fire-Tube-Boilers-2.png\" \/>\n\t<meta property=\"og:image:width\" content=\"600\" \/>\n\t<meta property=\"og:image:height\" content=\"400\" \/>\n\t<meta property=\"og:image:type\" content=\"image\/png\" \/>\n<meta name=\"twitter:card\" content=\"summary_large_image\" \/>\n<meta name=\"twitter:label1\" content=\"Est. reading time\" \/>\n\t<meta name=\"twitter:data1\" content=\"2 Minuten\" \/>\n<script type=\"application\/ld+json\" class=\"yoast-schema-graph\">{\"@context\":\"https:\\\/\\\/schema.org\",\"@graph\":[{\"@type\":\"WebPage\",\"@id\":\"https:\\\/\\\/www.babcock-wanson.com\\\/de\\\/products\\\/flammrohrdampfkessel\\\/bwr-serie\\\/\",\"url\":\"https:\\\/\\\/www.babcock-wanson.com\\\/de\\\/products\\\/flammrohrdampfkessel\\\/bwr-serie\\\/\",\"name\":\"Flammrohrdampfkessel der Serie BWR\",\"isPartOf\":{\"@id\":\"https:\\\/\\\/www.babcock-wanson.com\\\/de\\\/#website\"},\"primaryImageOfPage\":{\"@id\":\"https:\\\/\\\/www.babcock-wanson.com\\\/de\\\/products\\\/flammrohrdampfkessel\\\/bwr-serie\\\/#primaryimage\"},\"image\":{\"@id\":\"https:\\\/\\\/www.babcock-wanson.com\\\/de\\\/products\\\/flammrohrdampfkessel\\\/bwr-serie\\\/#primaryimage\"},\"thumbnailUrl\":\"https:\\\/\\\/www.babcock-wanson.com\\\/wp-content\\\/uploads\\\/2018\\\/08\\\/BWR-Fire-Tube-Boilers-2.png\",\"datePublished\":\"2025-01-17T09:20:54+00:00\",\"dateModified\":\"2025-04-08T15:08:18+00:00\",\"description\":\"BWR-Flammrohrkessel sind in Dreizugbauweise ausgef\u00fchrt und verf\u00fcgen \u00fcber eine rauchgasf\u00fchrende Umkehrkammer in Rohrbauweise. Klicken Sie hier, um mehr zu erfahren\",\"breadcrumb\":{\"@id\":\"https:\\\/\\\/www.babcock-wanson.com\\\/de\\\/products\\\/flammrohrdampfkessel\\\/bwr-serie\\\/#breadcrumb\"},\"inLanguage\":\"de-DE\",\"potentialAction\":[{\"@type\":\"ReadAction\",\"target\":[\"https:\\\/\\\/www.babcock-wanson.com\\\/de\\\/products\\\/flammrohrdampfkessel\\\/bwr-serie\\\/\"]}]},{\"@type\":\"ImageObject\",\"inLanguage\":\"de-DE\",\"@id\":\"https:\\\/\\\/www.babcock-wanson.com\\\/de\\\/products\\\/flammrohrdampfkessel\\\/bwr-serie\\\/#primaryimage\",\"url\":\"https:\\\/\\\/www.babcock-wanson.com\\\/wp-content\\\/uploads\\\/2018\\\/08\\\/BWR-Fire-Tube-Boilers-2.png\",\"contentUrl\":\"https:\\\/\\\/www.babcock-wanson.com\\\/wp-content\\\/uploads\\\/2018\\\/08\\\/BWR-Fire-Tube-Boilers-2.png\",\"width\":600,\"height\":400},{\"@type\":\"BreadcrumbList\",\"@id\":\"https:\\\/\\\/www.babcock-wanson.com\\\/de\\\/products\\\/flammrohrdampfkessel\\\/bwr-serie\\\/#breadcrumb\",\"itemListElement\":[{\"@type\":\"ListItem\",\"position\":1,\"name\":\"Inicio\",\"item\":\"https:\\\/\\\/www.babcock-wanson.com\\\/de\\\/\"},{\"@type\":\"ListItem\",\"position\":2,\"name\":\"Produkte\",\"item\":\"https:\\\/\\\/www.babcock-wanson.com\\\/de\\\/shop\\\/\"},{\"@type\":\"ListItem\",\"position\":3,\"name\":\"Flammrohrdampfkessel\",\"item\":\"https:\\\/\\\/www.babcock-wanson.com\\\/de\\\/produkt-kategorie\\\/flammrohrdampfkessel\\\/\"},{\"@type\":\"ListItem\",\"position\":4,\"name\":\"BWR-Serie\"}]},{\"@type\":\"WebSite\",\"@id\":\"https:\\\/\\\/www.babcock-wanson.com\\\/de\\\/#website\",\"url\":\"https:\\\/\\\/www.babcock-wanson.com\\\/de\\\/\",\"name\":\"Babcock Wanson\",\"description\":\"\",\"publisher\":{\"@id\":\"https:\\\/\\\/www.babcock-wanson.com\\\/de\\\/#organization\"},\"potentialAction\":[{\"@type\":\"SearchAction\",\"target\":{\"@type\":\"EntryPoint\",\"urlTemplate\":\"https:\\\/\\\/www.babcock-wanson.com\\\/de\\\/?s={search_term_string}\"},\"query-input\":{\"@type\":\"PropertyValueSpecification\",\"valueRequired\":true,\"valueName\":\"search_term_string\"}}],\"inLanguage\":\"de-DE\"},{\"@type\":\"Organization\",\"@id\":\"https:\\\/\\\/www.babcock-wanson.com\\\/de\\\/#organization\",\"name\":\"Babcock Wanson\",\"url\":\"https:\\\/\\\/www.babcock-wanson.com\\\/de\\\/\",\"logo\":{\"@type\":\"ImageObject\",\"inLanguage\":\"de-DE\",\"@id\":\"https:\\\/\\\/www.babcock-wanson.com\\\/de\\\/#\\\/schema\\\/logo\\\/image\\\/\",\"url\":\"https:\\\/\\\/www.babcock-wanson.com\\\/wp-content\\\/uploads\\\/2024\\\/02\\\/Babcock-Wanson-1200x1200-1.png\",\"contentUrl\":\"https:\\\/\\\/www.babcock-wanson.com\\\/wp-content\\\/uploads\\\/2024\\\/02\\\/Babcock-Wanson-1200x1200-1.png\",\"width\":1200,\"height\":1200,\"caption\":\"Babcock Wanson\"},\"image\":{\"@id\":\"https:\\\/\\\/www.babcock-wanson.com\\\/de\\\/#\\\/schema\\\/logo\\\/image\\\/\"},\"sameAs\":[\"https:\\\/\\\/www.linkedin.com\\\/company\\\/babcock-wanson\\\/\",\"https:\\\/\\\/www.youtube.com\\\/channel\\\/UCtxl25VieBBsP2kYmtlyv7A\"]}]}<\/script>\n<!-- \/ Yoast SEO Premium plugin. -->","yoast_head_json":{"title":"Flammrohrdampfkessel der Serie BWR","description":"BWR-Flammrohrkessel sind in Dreizugbauweise ausgef\u00fchrt und verf\u00fcgen \u00fcber eine rauchgasf\u00fchrende Umkehrkammer in Rohrbauweise. Klicken Sie hier, um mehr zu erfahren","robots":{"index":"index","follow":"follow","max-snippet":"max-snippet:-1","max-image-preview":"max-image-preview:large","max-video-preview":"max-video-preview:-1"},"canonical":"https:\/\/www.babcock-wanson.com\/de\/products\/flammrohrdampfkessel\/bwr-serie\/","og_locale":"de_DE","og_type":"article","og_title":"BWR-Serie","og_description":"BWR-Flammrohrkessel sind in Dreizugbauweise ausgef\u00fchrt und verf\u00fcgen \u00fcber eine rauchgasf\u00fchrende Umkehrkammer in Rohrbauweise. Klicken Sie hier, um mehr zu erfahren","og_url":"https:\/\/www.babcock-wanson.com\/de\/products\/flammrohrdampfkessel\/bwr-serie\/","og_site_name":"Babcock Wanson","article_modified_time":"2025-04-08T15:08:18+00:00","og_image":[{"width":600,"height":400,"url":"https:\/\/www.babcock-wanson.com\/wp-content\/uploads\/2018\/08\/BWR-Fire-Tube-Boilers-2.png","type":"image\/png"}],"twitter_card":"summary_large_image","twitter_misc":{"Est. reading time":"2 Minuten"},"schema":{"@context":"https:\/\/schema.org","@graph":[{"@type":"WebPage","@id":"https:\/\/www.babcock-wanson.com\/de\/products\/flammrohrdampfkessel\/bwr-serie\/","url":"https:\/\/www.babcock-wanson.com\/de\/products\/flammrohrdampfkessel\/bwr-serie\/","name":"Flammrohrdampfkessel der Serie BWR","isPartOf":{"@id":"https:\/\/www.babcock-wanson.com\/de\/#website"},"primaryImageOfPage":{"@id":"https:\/\/www.babcock-wanson.com\/de\/products\/flammrohrdampfkessel\/bwr-serie\/#primaryimage"},"image":{"@id":"https:\/\/www.babcock-wanson.com\/de\/products\/flammrohrdampfkessel\/bwr-serie\/#primaryimage"},"thumbnailUrl":"https:\/\/www.babcock-wanson.com\/wp-content\/uploads\/2018\/08\/BWR-Fire-Tube-Boilers-2.png","datePublished":"2025-01-17T09:20:54+00:00","dateModified":"2025-04-08T15:08:18+00:00","description":"BWR-Flammrohrkessel sind in Dreizugbauweise ausgef\u00fchrt und verf\u00fcgen \u00fcber eine rauchgasf\u00fchrende Umkehrkammer in Rohrbauweise. Klicken Sie hier, um mehr zu erfahren","breadcrumb":{"@id":"https:\/\/www.babcock-wanson.com\/de\/products\/flammrohrdampfkessel\/bwr-serie\/#breadcrumb"},"inLanguage":"de-DE","potentialAction":[{"@type":"ReadAction","target":["https:\/\/www.babcock-wanson.com\/de\/products\/flammrohrdampfkessel\/bwr-serie\/"]}]},{"@type":"ImageObject","inLanguage":"de-DE","@id":"https:\/\/www.babcock-wanson.com\/de\/products\/flammrohrdampfkessel\/bwr-serie\/#primaryimage","url":"https:\/\/www.babcock-wanson.com\/wp-content\/uploads\/2018\/08\/BWR-Fire-Tube-Boilers-2.png","contentUrl":"https:\/\/www.babcock-wanson.com\/wp-content\/uploads\/2018\/08\/BWR-Fire-Tube-Boilers-2.png","width":600,"height":400},{"@type":"BreadcrumbList","@id":"https:\/\/www.babcock-wanson.com\/de\/products\/flammrohrdampfkessel\/bwr-serie\/#breadcrumb","itemListElement":[{"@type":"ListItem","position":1,"name":"Inicio","item":"https:\/\/www.babcock-wanson.com\/de\/"},{"@type":"ListItem","position":2,"name":"Produkte","item":"https:\/\/www.babcock-wanson.com\/de\/shop\/"},{"@type":"ListItem","position":3,"name":"Flammrohrdampfkessel","item":"https:\/\/www.babcock-wanson.com\/de\/produkt-kategorie\/flammrohrdampfkessel\/"},{"@type":"ListItem","position":4,"name":"BWR-Serie"}]},{"@type":"WebSite","@id":"https:\/\/www.babcock-wanson.com\/de\/#website","url":"https:\/\/www.babcock-wanson.com\/de\/","name":"Babcock Wanson","description":"","publisher":{"@id":"https:\/\/www.babcock-wanson.com\/de\/#organization"},"potentialAction":[{"@type":"SearchAction","target":{"@type":"EntryPoint","urlTemplate":"https:\/\/www.babcock-wanson.com\/de\/?s={search_term_string}"},"query-input":{"@type":"PropertyValueSpecification","valueRequired":true,"valueName":"search_term_string"}}],"inLanguage":"de-DE"},{"@type":"Organization","@id":"https:\/\/www.babcock-wanson.com\/de\/#organization","name":"Babcock Wanson","url":"https:\/\/www.babcock-wanson.com\/de\/","logo":{"@type":"ImageObject","inLanguage":"de-DE","@id":"https:\/\/www.babcock-wanson.com\/de\/#\/schema\/logo\/image\/","url":"https:\/\/www.babcock-wanson.com\/wp-content\/uploads\/2024\/02\/Babcock-Wanson-1200x1200-1.png","contentUrl":"https:\/\/www.babcock-wanson.com\/wp-content\/uploads\/2024\/02\/Babcock-Wanson-1200x1200-1.png","width":1200,"height":1200,"caption":"Babcock Wanson"},"image":{"@id":"https:\/\/www.babcock-wanson.com\/de\/#\/schema\/logo\/image\/"},"sameAs":["https:\/\/www.linkedin.com\/company\/babcock-wanson\/","https:\/\/www.youtube.com\/channel\/UCtxl25VieBBsP2kYmtlyv7A"]}]}},"jetpack_sharing_enabled":true,"_links":{"self":[{"href":"https:\/\/www.babcock-wanson.com\/de\/wp-json\/wp\/v2\/product\/50043","targetHints":{"allow":["GET"]}}],"collection":[{"href":"https:\/\/www.babcock-wanson.com\/de\/wp-json\/wp\/v2\/product"}],"about":[{"href":"https:\/\/www.babcock-wanson.com\/de\/wp-json\/wp\/v2\/types\/product"}],"replies":[{"embeddable":true,"href":"https:\/\/www.babcock-wanson.com\/de\/wp-json\/wp\/v2\/comments?post=50043"}],"wp:featuredmedia":[{"embeddable":true,"href":"https:\/\/www.babcock-wanson.com\/de\/wp-json\/wp\/v2\/media\/50045"}],"wp:attachment":[{"href":"https:\/\/www.babcock-wanson.com\/de\/wp-json\/wp\/v2\/media?parent=50043"}],"wp:term":[{"taxonomy":"product_brand","embeddable":true,"href":"https:\/\/www.babcock-wanson.com\/de\/wp-json\/wp\/v2\/product_brand?post=50043"},{"taxonomy":"product_cat","embeddable":true,"href":"https:\/\/www.babcock-wanson.com\/de\/wp-json\/wp\/v2\/product_cat?post=50043"},{"taxonomy":"product_tag","embeddable":true,"href":"https:\/\/www.babcock-wanson.com\/de\/wp-json\/wp\/v2\/product_tag?post=50043"}],"curies":[{"name":"wp","href":"https:\/\/api.w.org\/{rel}","templated":true}]}}