{"id":50050,"date":"2018-08-15T11:34:39","date_gmt":"2025-01-17T09:20:56","guid":{"rendered":"https:\/\/www.babcock-wanson.com\/products\/unkategorisiert\/hw3p-serie\/"},"modified":"2025-04-17T11:30:11","modified_gmt":"2025-04-17T10:30:11","slug":"hw3p-serie","status":"publish","type":"product","link":"https:\/\/www.babcock-wanson.com\/de\/products\/heiswasserkessel-fur-den-industriellen-einsatz\/hw3p-serie\/","title":{"rendered":"HW3P-Serie"},"content":{"rendered":"<div class=\"vgblk-rw-wrapper limit-wrapper\">\r\n<h3>HW3P-Serie Hei\u00dfwasserkessel<\/h3>\r\n<p>HW3P-Serie Hei\u00dfwasserkessel sind in 14 Modellen mit Heizleistungen zwischen 1.165 kW und 10.560 kW und mit Betriebsdr\u00fccken zwischen 5 und 8 barg je nach Modellspezifikation erh\u00e4ltlich. Die gro\u00dfe Auswahl an HW3P-Hei\u00dfwasserkesseln stellt sicher, dass eine Gr\u00f6\u00dfe und Heizleistung verf\u00fcgbar ist, die auch den anspruchsvollsten Industrieprozessen gerecht wird. Babcock Wanson kann eine Komplettl\u00f6sung f\u00fcr Ihre Anforderungen an Hei\u00dfwasserkessel bereitstellen, einschlie\u00dflich des Kesselk\u00f6rpers mit Isolierung und Verkleidung, abgestimmtem Brenner, multifunktionalem Steuerpult, aller Zusatzausr\u00fcstung einschlie\u00dflich Prim\u00e4rumlauf- und Antikondensationspumpen, Druckausr\u00fcstungen, einem vollst\u00e4ndigen Paket an Kesselhaus- und Prozessventilen, sowie die Inbetriebnahme des Kessels. Alle gelieferten Ausr\u00fcstungen werden durch unsere lokalen Kundendienstleistungen unterst\u00fctzt.<\/p>\r\n<h3>Garantierte Leistungen<\/h3>\r\n<ul>\r\n<li>Der HW3P ist eine hocheffiziente Kesselkonstruktion, der f\u00fcr eine au\u00dfergew\u00f6hnliche Leistung und eine Betriebseffizienz von bis zu 93,4 %* in Standardform ausgelegt ist.<\/li>\r\n<li>Das vollst\u00e4ndig integrierte und werkseitig getestete Steuerungssystem gew\u00e4hrleistet einen einfachen und zuverl\u00e4ssigen Betrieb.<\/li>\r\n<li>Inbetriebnahmeleistungen und Wartungsdienste werden von Technikern und Wartungsingenieuren von Babcock Wanson in Ihrer N\u00e4he erbracht.<\/li>\r\n<\/ul>\r\n<h3>Robuste Ausr\u00fcstung<\/h3>\r\n<ul>\r\n<li>Der HW3P ist robust konstruiert und bietet maximale Wassertemperaturen von bis zu 106 \u00b0C und einen Druck von bis zu 8 barg.<\/li>\r\n<li>Der HW3P umfasst drei komplette Gasdurchl\u00e4ufe und ist mit isolierten Frontt\u00fcren f\u00fcr den Gasdurchgang ausgestattet, die bei Bedarf eine einfache Inspektion und Reinigung erm\u00f6glichen.<\/li>\r\n<\/ul>\r\n<h3>Umweltfreundlich<\/h3>\r\n<ul>\r\n<li>Die HW3P-Konstruktion von Babcock Wanson bietet eine perfekte Abstimmung zwischen Kesselk\u00f6rper und Brenner, um eine effiziente Nutzung des Brennstoffs, eine einfache Wartung und die Konformit\u00e4t mit Emissionsstandards zu gew\u00e4hrleisten.<\/li>\r\n<li>Die Brenner- und Kesselkonstruktion des HW3P-Hei\u00dfwasserkessels sorgt f\u00fcr einen Betrieb mit niedrigen NOx-Werten.<\/li>\r\n<\/ul>\r\n<h3>FUmfassendes Angebot an Zusatzausr\u00fcstung<\/h3>\r\n<ul>\r\n<li>Babcock Wanson Brenner<\/li>\r\n<li>Ma\u00dfgeschneiderte Pakete<\/li>\r\n<li>Ausr\u00fcstung f\u00fcr Druckbeaufschlagung<\/li>\r\n<li>Ventile und Steuerungen<\/li>\r\n<li>Systemzubeh\u00f6r und W\u00e4rmetauscher<\/li>\r\n<\/ul>\r\n<h3>Vollst\u00e4ndige Palette an Dienstleistungen<\/h3>\r\n<ul>\r\n<li>Systemdesign und Projektmanagement<\/li>\r\n<li>Installations- und Rohrleitungsdienstleistungen<\/li>\r\n<li>System-Druckbeaufschlagungssets<\/li>\r\n<li>Lieferung und Inbetriebnahme<\/li>\r\n<li>Wartung und vollst\u00e4ndige Kundendienstleistungen<\/li>\r\n<\/ul>\r\n<p>* Diese Werte h\u00e4ngen allein von den Betriebsbedingungen des Kessels ab.<\/p>\r\n<\/div><!-- .vgblk-rw-wrapper -->","protected":false},"excerpt":{"rendered":"<p><strong>Von 1,1 bis 10,5 MW<\/strong> Der HW3P <a href=\"https:\/\/www.babcock-wanson.com\/de\/produkt-kategorie\/heiswasserkessel-fur-den-industriellen-einsatz\/\" target=\"_blank\" rel=\"noopener\">Hei\u00dfwasserkessel<\/a> ist ein befeuerter Heizer mit dreifachem Durchlauf, der f\u00fcr den Betrieb mit Erdgas, Fl\u00fcssiggas, leichtem Heiz\u00f6l und einer Vielzahl von speziellen Biokraftstoffen ausgelegt ist. Die robuste und bew\u00e4hrte Konfiguration des HW3-P garantiert eine zuverl\u00e4ssige Leistung des Kessels in allen industriellen Heizungsanwendungen. Der HW3P ist mit speziell konstruierten Brennern f\u00fcr einen Betrieb mit niedrigem NOx-Aussto\u00df ausgestattet, der die Vorgaben der Verbrennungsanlagen-Richtlinie vollst\u00e4ndig erf\u00fcllt, aber trotzdem eine hohe Betriebseffizienz und damit sehr niedrige Gesamtemissionen bietet. Der Kessel HW3P von Babcock Wanson bietet eine maximale Wasseraustrittstemperatur von 106\u00a0\u00b0C und ist mit einem mehrstufigen oder vollst\u00e4ndig modulierenden Brenner ausgestattet, der sich an die Prozesslast anpasst und eine sehr pr\u00e4zise Steuerung der Prozesstemperatur erm\u00f6glicht.<\/p>\n","protected":false},"featured_media":50052,"comment_status":"closed","ping_status":"closed","template":"","meta":{"_acf_changed":false,"_relevanssi_hide_post":"","_relevanssi_hide_content":"","_relevanssi_pin_for_all":"","_relevanssi_pin_keywords":"","_relevanssi_unpin_keywords":"","_relevanssi_related_keywords":"","_relevanssi_related_include_ids":"","_relevanssi_related_exclude_ids":"","_relevanssi_related_no_append":"","_relevanssi_related_not_related":"","_relevanssi_related_posts":"","_relevanssi_noindex_reason":""},"product_brand":[],"product_cat":[6521],"product_tag":[],"class_list":{"0":"post-50050","1":"product","2":"type-product","3":"status-publish","4":"has-post-thumbnail","6":"product_cat-heiswasserkessel-fur-den-industriellen-einsatz","8":"first","9":"instock","10":"shipping-taxable","11":"product-type-simple"},"acf":[],"yoast_head":"<!-- This site is optimized with the Yoast SEO Premium plugin v27.4 (Yoast SEO v27.4) - https:\/\/yoast.com\/product\/yoast-seo-premium-wordpress\/ -->\n<title>Industrielle Hei\u00dfwasserkessel der HW3P-Serie<\/title>\n<meta name=\"description\" content=\"Der HW3P Hei\u00dfwasserkessel ist ein befeuerter Heizer mit dreifachem Durchlauf, der f\u00fcr den Betrieb mit Erdgas, Fl\u00fcssiggas, leichtem Heiz\u00f6l und einer Vielzahl von speziellen Biokraftstoffen ausgelegt ist.\" \/>\n<meta name=\"robots\" content=\"index, follow, max-snippet:-1, max-image-preview:large, max-video-preview:-1\" \/>\n<link rel=\"canonical\" href=\"https:\/\/www.babcock-wanson.com\/de\/products\/heiswasserkessel-fur-den-industriellen-einsatz\/hw3p-serie\/\" \/>\n<meta property=\"og:locale\" content=\"de_DE\" \/>\n<meta property=\"og:type\" content=\"article\" \/>\n<meta property=\"og:title\" content=\"HW3P-Serie\" \/>\n<meta property=\"og:description\" content=\"Der HW3P Hei\u00dfwasserkessel ist ein befeuerter Heizer mit dreifachem Durchlauf, der f\u00fcr den Betrieb mit Erdgas, Fl\u00fcssiggas, leichtem Heiz\u00f6l und einer Vielzahl von speziellen Biokraftstoffen ausgelegt ist.\" \/>\n<meta property=\"og:url\" content=\"https:\/\/www.babcock-wanson.com\/de\/products\/heiswasserkessel-fur-den-industriellen-einsatz\/hw3p-serie\/\" \/>\n<meta property=\"og:site_name\" content=\"Babcock Wanson\" \/>\n<meta property=\"article:modified_time\" content=\"2025-04-17T10:30:11+00:00\" \/>\n<meta property=\"og:image\" content=\"https:\/\/www.babcock-wanson.com\/wp-content\/uploads\/2018\/08\/hw3p-1.jpg\" \/>\n\t<meta property=\"og:image:width\" content=\"600\" \/>\n\t<meta property=\"og:image:height\" content=\"400\" \/>\n\t<meta property=\"og:image:type\" content=\"image\/jpeg\" \/>\n<meta name=\"twitter:card\" content=\"summary_large_image\" \/>\n<meta name=\"twitter:label1\" content=\"Est. reading time\" \/>\n\t<meta name=\"twitter:data1\" content=\"2 Minuten\" \/>\n<script type=\"application\/ld+json\" class=\"yoast-schema-graph\">{\"@context\":\"https:\\\/\\\/schema.org\",\"@graph\":[{\"@type\":\"WebPage\",\"@id\":\"https:\\\/\\\/www.babcock-wanson.com\\\/de\\\/products\\\/heiswasserkessel-fur-den-industriellen-einsatz\\\/hw3p-serie\\\/\",\"url\":\"https:\\\/\\\/www.babcock-wanson.com\\\/de\\\/products\\\/heiswasserkessel-fur-den-industriellen-einsatz\\\/hw3p-serie\\\/\",\"name\":\"Industrielle Hei\u00dfwasserkessel der HW3P-Serie\",\"isPartOf\":{\"@id\":\"https:\\\/\\\/www.babcock-wanson.com\\\/de\\\/#website\"},\"primaryImageOfPage\":{\"@id\":\"https:\\\/\\\/www.babcock-wanson.com\\\/de\\\/products\\\/heiswasserkessel-fur-den-industriellen-einsatz\\\/hw3p-serie\\\/#primaryimage\"},\"image\":{\"@id\":\"https:\\\/\\\/www.babcock-wanson.com\\\/de\\\/products\\\/heiswasserkessel-fur-den-industriellen-einsatz\\\/hw3p-serie\\\/#primaryimage\"},\"thumbnailUrl\":\"https:\\\/\\\/www.babcock-wanson.com\\\/wp-content\\\/uploads\\\/2018\\\/08\\\/hw3p-1.jpg\",\"datePublished\":\"2025-01-17T09:20:56+00:00\",\"dateModified\":\"2025-04-17T10:30:11+00:00\",\"description\":\"Der HW3P Hei\u00dfwasserkessel ist ein befeuerter Heizer mit dreifachem Durchlauf, der f\u00fcr den Betrieb mit Erdgas, Fl\u00fcssiggas, leichtem Heiz\u00f6l und einer Vielzahl von speziellen Biokraftstoffen ausgelegt ist.\",\"breadcrumb\":{\"@id\":\"https:\\\/\\\/www.babcock-wanson.com\\\/de\\\/products\\\/heiswasserkessel-fur-den-industriellen-einsatz\\\/hw3p-serie\\\/#breadcrumb\"},\"inLanguage\":\"de-DE\",\"potentialAction\":[{\"@type\":\"ReadAction\",\"target\":[\"https:\\\/\\\/www.babcock-wanson.com\\\/de\\\/products\\\/heiswasserkessel-fur-den-industriellen-einsatz\\\/hw3p-serie\\\/\"]}]},{\"@type\":\"ImageObject\",\"inLanguage\":\"de-DE\",\"@id\":\"https:\\\/\\\/www.babcock-wanson.com\\\/de\\\/products\\\/heiswasserkessel-fur-den-industriellen-einsatz\\\/hw3p-serie\\\/#primaryimage\",\"url\":\"https:\\\/\\\/www.babcock-wanson.com\\\/wp-content\\\/uploads\\\/2018\\\/08\\\/hw3p-1.jpg\",\"contentUrl\":\"https:\\\/\\\/www.babcock-wanson.com\\\/wp-content\\\/uploads\\\/2018\\\/08\\\/hw3p-1.jpg\",\"width\":600,\"height\":400},{\"@type\":\"BreadcrumbList\",\"@id\":\"https:\\\/\\\/www.babcock-wanson.com\\\/de\\\/products\\\/heiswasserkessel-fur-den-industriellen-einsatz\\\/hw3p-serie\\\/#breadcrumb\",\"itemListElement\":[{\"@type\":\"ListItem\",\"position\":1,\"name\":\"Inicio\",\"item\":\"https:\\\/\\\/www.babcock-wanson.com\\\/de\\\/\"},{\"@type\":\"ListItem\",\"position\":2,\"name\":\"Produkte\",\"item\":\"https:\\\/\\\/www.babcock-wanson.com\\\/de\\\/shop\\\/\"},{\"@type\":\"ListItem\",\"position\":3,\"name\":\"Hei\u00dfwasserkessel f\u00fcr den industriellen Einsatz\",\"item\":\"https:\\\/\\\/www.babcock-wanson.com\\\/de\\\/produkt-kategorie\\\/heiswasserkessel-fur-den-industriellen-einsatz\\\/\"},{\"@type\":\"ListItem\",\"position\":4,\"name\":\"HW3P-Serie\"}]},{\"@type\":\"WebSite\",\"@id\":\"https:\\\/\\\/www.babcock-wanson.com\\\/de\\\/#website\",\"url\":\"https:\\\/\\\/www.babcock-wanson.com\\\/de\\\/\",\"name\":\"Babcock Wanson\",\"description\":\"\",\"publisher\":{\"@id\":\"https:\\\/\\\/www.babcock-wanson.com\\\/de\\\/#organization\"},\"potentialAction\":[{\"@type\":\"SearchAction\",\"target\":{\"@type\":\"EntryPoint\",\"urlTemplate\":\"https:\\\/\\\/www.babcock-wanson.com\\\/de\\\/?s={search_term_string}\"},\"query-input\":{\"@type\":\"PropertyValueSpecification\",\"valueRequired\":true,\"valueName\":\"search_term_string\"}}],\"inLanguage\":\"de-DE\"},{\"@type\":\"Organization\",\"@id\":\"https:\\\/\\\/www.babcock-wanson.com\\\/de\\\/#organization\",\"name\":\"Babcock Wanson\",\"url\":\"https:\\\/\\\/www.babcock-wanson.com\\\/de\\\/\",\"logo\":{\"@type\":\"ImageObject\",\"inLanguage\":\"de-DE\",\"@id\":\"https:\\\/\\\/www.babcock-wanson.com\\\/de\\\/#\\\/schema\\\/logo\\\/image\\\/\",\"url\":\"https:\\\/\\\/www.babcock-wanson.com\\\/wp-content\\\/uploads\\\/2024\\\/02\\\/Babcock-Wanson-1200x1200-1.png\",\"contentUrl\":\"https:\\\/\\\/www.babcock-wanson.com\\\/wp-content\\\/uploads\\\/2024\\\/02\\\/Babcock-Wanson-1200x1200-1.png\",\"width\":1200,\"height\":1200,\"caption\":\"Babcock Wanson\"},\"image\":{\"@id\":\"https:\\\/\\\/www.babcock-wanson.com\\\/de\\\/#\\\/schema\\\/logo\\\/image\\\/\"},\"sameAs\":[\"https:\\\/\\\/www.linkedin.com\\\/company\\\/babcock-wanson\\\/\",\"https:\\\/\\\/www.youtube.com\\\/channel\\\/UCtxl25VieBBsP2kYmtlyv7A\"]}]}<\/script>\n<!-- \/ Yoast SEO Premium plugin. -->","yoast_head_json":{"title":"Industrielle Hei\u00dfwasserkessel der HW3P-Serie","description":"Der HW3P Hei\u00dfwasserkessel ist ein befeuerter Heizer mit dreifachem Durchlauf, der f\u00fcr den Betrieb mit Erdgas, Fl\u00fcssiggas, leichtem Heiz\u00f6l und einer Vielzahl von speziellen Biokraftstoffen ausgelegt ist.","robots":{"index":"index","follow":"follow","max-snippet":"max-snippet:-1","max-image-preview":"max-image-preview:large","max-video-preview":"max-video-preview:-1"},"canonical":"https:\/\/www.babcock-wanson.com\/de\/products\/heiswasserkessel-fur-den-industriellen-einsatz\/hw3p-serie\/","og_locale":"de_DE","og_type":"article","og_title":"HW3P-Serie","og_description":"Der HW3P Hei\u00dfwasserkessel ist ein befeuerter Heizer mit dreifachem Durchlauf, der f\u00fcr den Betrieb mit Erdgas, Fl\u00fcssiggas, leichtem Heiz\u00f6l und einer Vielzahl von speziellen Biokraftstoffen ausgelegt ist.","og_url":"https:\/\/www.babcock-wanson.com\/de\/products\/heiswasserkessel-fur-den-industriellen-einsatz\/hw3p-serie\/","og_site_name":"Babcock Wanson","article_modified_time":"2025-04-17T10:30:11+00:00","og_image":[{"width":600,"height":400,"url":"https:\/\/www.babcock-wanson.com\/wp-content\/uploads\/2018\/08\/hw3p-1.jpg","type":"image\/jpeg"}],"twitter_card":"summary_large_image","twitter_misc":{"Est. reading time":"2 Minuten"},"schema":{"@context":"https:\/\/schema.org","@graph":[{"@type":"WebPage","@id":"https:\/\/www.babcock-wanson.com\/de\/products\/heiswasserkessel-fur-den-industriellen-einsatz\/hw3p-serie\/","url":"https:\/\/www.babcock-wanson.com\/de\/products\/heiswasserkessel-fur-den-industriellen-einsatz\/hw3p-serie\/","name":"Industrielle Hei\u00dfwasserkessel der HW3P-Serie","isPartOf":{"@id":"https:\/\/www.babcock-wanson.com\/de\/#website"},"primaryImageOfPage":{"@id":"https:\/\/www.babcock-wanson.com\/de\/products\/heiswasserkessel-fur-den-industriellen-einsatz\/hw3p-serie\/#primaryimage"},"image":{"@id":"https:\/\/www.babcock-wanson.com\/de\/products\/heiswasserkessel-fur-den-industriellen-einsatz\/hw3p-serie\/#primaryimage"},"thumbnailUrl":"https:\/\/www.babcock-wanson.com\/wp-content\/uploads\/2018\/08\/hw3p-1.jpg","datePublished":"2025-01-17T09:20:56+00:00","dateModified":"2025-04-17T10:30:11+00:00","description":"Der HW3P Hei\u00dfwasserkessel ist ein befeuerter Heizer mit dreifachem Durchlauf, der f\u00fcr den Betrieb mit Erdgas, Fl\u00fcssiggas, leichtem Heiz\u00f6l und einer Vielzahl von speziellen Biokraftstoffen ausgelegt ist.","breadcrumb":{"@id":"https:\/\/www.babcock-wanson.com\/de\/products\/heiswasserkessel-fur-den-industriellen-einsatz\/hw3p-serie\/#breadcrumb"},"inLanguage":"de-DE","potentialAction":[{"@type":"ReadAction","target":["https:\/\/www.babcock-wanson.com\/de\/products\/heiswasserkessel-fur-den-industriellen-einsatz\/hw3p-serie\/"]}]},{"@type":"ImageObject","inLanguage":"de-DE","@id":"https:\/\/www.babcock-wanson.com\/de\/products\/heiswasserkessel-fur-den-industriellen-einsatz\/hw3p-serie\/#primaryimage","url":"https:\/\/www.babcock-wanson.com\/wp-content\/uploads\/2018\/08\/hw3p-1.jpg","contentUrl":"https:\/\/www.babcock-wanson.com\/wp-content\/uploads\/2018\/08\/hw3p-1.jpg","width":600,"height":400},{"@type":"BreadcrumbList","@id":"https:\/\/www.babcock-wanson.com\/de\/products\/heiswasserkessel-fur-den-industriellen-einsatz\/hw3p-serie\/#breadcrumb","itemListElement":[{"@type":"ListItem","position":1,"name":"Inicio","item":"https:\/\/www.babcock-wanson.com\/de\/"},{"@type":"ListItem","position":2,"name":"Produkte","item":"https:\/\/www.babcock-wanson.com\/de\/shop\/"},{"@type":"ListItem","position":3,"name":"Hei\u00dfwasserkessel f\u00fcr den industriellen Einsatz","item":"https:\/\/www.babcock-wanson.com\/de\/produkt-kategorie\/heiswasserkessel-fur-den-industriellen-einsatz\/"},{"@type":"ListItem","position":4,"name":"HW3P-Serie"}]},{"@type":"WebSite","@id":"https:\/\/www.babcock-wanson.com\/de\/#website","url":"https:\/\/www.babcock-wanson.com\/de\/","name":"Babcock Wanson","description":"","publisher":{"@id":"https:\/\/www.babcock-wanson.com\/de\/#organization"},"potentialAction":[{"@type":"SearchAction","target":{"@type":"EntryPoint","urlTemplate":"https:\/\/www.babcock-wanson.com\/de\/?s={search_term_string}"},"query-input":{"@type":"PropertyValueSpecification","valueRequired":true,"valueName":"search_term_string"}}],"inLanguage":"de-DE"},{"@type":"Organization","@id":"https:\/\/www.babcock-wanson.com\/de\/#organization","name":"Babcock Wanson","url":"https:\/\/www.babcock-wanson.com\/de\/","logo":{"@type":"ImageObject","inLanguage":"de-DE","@id":"https:\/\/www.babcock-wanson.com\/de\/#\/schema\/logo\/image\/","url":"https:\/\/www.babcock-wanson.com\/wp-content\/uploads\/2024\/02\/Babcock-Wanson-1200x1200-1.png","contentUrl":"https:\/\/www.babcock-wanson.com\/wp-content\/uploads\/2024\/02\/Babcock-Wanson-1200x1200-1.png","width":1200,"height":1200,"caption":"Babcock Wanson"},"image":{"@id":"https:\/\/www.babcock-wanson.com\/de\/#\/schema\/logo\/image\/"},"sameAs":["https:\/\/www.linkedin.com\/company\/babcock-wanson\/","https:\/\/www.youtube.com\/channel\/UCtxl25VieBBsP2kYmtlyv7A"]}]}},"jetpack_sharing_enabled":true,"_links":{"self":[{"href":"https:\/\/www.babcock-wanson.com\/de\/wp-json\/wp\/v2\/product\/50050","targetHints":{"allow":["GET"]}}],"collection":[{"href":"https:\/\/www.babcock-wanson.com\/de\/wp-json\/wp\/v2\/product"}],"about":[{"href":"https:\/\/www.babcock-wanson.com\/de\/wp-json\/wp\/v2\/types\/product"}],"replies":[{"embeddable":true,"href":"https:\/\/www.babcock-wanson.com\/de\/wp-json\/wp\/v2\/comments?post=50050"}],"wp:featuredmedia":[{"embeddable":true,"href":"https:\/\/www.babcock-wanson.com\/de\/wp-json\/wp\/v2\/media\/50052"}],"wp:attachment":[{"href":"https:\/\/www.babcock-wanson.com\/de\/wp-json\/wp\/v2\/media?parent=50050"}],"wp:term":[{"taxonomy":"product_brand","embeddable":true,"href":"https:\/\/www.babcock-wanson.com\/de\/wp-json\/wp\/v2\/product_brand?post=50050"},{"taxonomy":"product_cat","embeddable":true,"href":"https:\/\/www.babcock-wanson.com\/de\/wp-json\/wp\/v2\/product_cat?post=50050"},{"taxonomy":"product_tag","embeddable":true,"href":"https:\/\/www.babcock-wanson.com\/de\/wp-json\/wp\/v2\/product_tag?post=50050"}],"curies":[{"name":"wp","href":"https:\/\/api.w.org\/{rel}","templated":true}]}}