{"id":50051,"date":"2018-08-15T11:32:18","date_gmt":"2025-01-17T09:20:56","guid":{"rendered":"https:\/\/www.babcock-wanson.com\/products\/unkategorisiert\/tpc-b-serie\/"},"modified":"2025-04-11T16:03:35","modified_gmt":"2025-04-11T15:03:35","slug":"tpc-b-serie","status":"publish","type":"product","link":"https:\/\/www.babcock-wanson.com\/de\/products\/warmetragerheizer\/tpc-b-serie\/","title":{"rendered":"TPC-B-Serie"},"content":{"rendered":"<div class=\"vgblk-rw-wrapper limit-wrapper\">\r\n<h3>Einfacher, zuverl\u00e4ssiger Betrieb<\/h3>\r\n<ul>\r\n \t<li>TPC-B verf\u00fcgt \u00fcber ein integriertes, luftgek\u00fchltes Au\u00dfengeh\u00e4use, das sowohl als Verbrennungsluftvorw\u00e4rmer\/Vorw\u00e4rmer als auch als konstante Barriere zwischen den hei\u00dfen Verbrennungsgasen und der \u00e4u\u00dferen Struktur dient. Diese Funktion gew\u00e4hrleistet einen sicheren Betrieb und eine lange Lebensdauer des Heizger\u00e4ts.<\/li>\r\n \t<li>Vollst\u00e4ndig integriertes und werkseitig getestetes Steuerungssystem f\u00fcr eine einfache Installation in der Anlage.<\/li>\r\n<\/ul>\r\n<h3>Umweltfreundlich<\/h3>\r\n<ul>\r\n \t<li>Der integrierte Brenner von Babcock Wanson sorgt f\u00fcr eine effiziente Nutzung des Brennstoffs, einfache Wartung und die Einhaltung der Emissionsnormen.<\/li>\r\n \t<li>Ein hocheffizientes W\u00e4rmetr\u00e4gersystem bietet erhebliche Umweltvorteile und niedrige Gesamtemissionen.<\/li>\r\n<\/ul>\r\n<h3>Umfassendes Angebot an Zusatzausr\u00fcstung<\/h3>\r\n<ul>\r\n \t<li>Pumpen f\u00fcr W\u00e4rmetr\u00e4gerfl\u00fcssigkeiten<\/li>\r\n \t<li>Babcock Wanson Kombinierter Entl\u00fcfter und Ausgleichsbeh\u00e4lter<\/li>\r\n \t<li>Ventile und Steuerungen<\/li>\r\n \t<li>Systemzubeh\u00f6r und W\u00e4rmetauscher<\/li>\r\n<\/ul>\r\n<h2>TPC-B-W\u00e4rmetr\u00e4gerheizer<\/h2>\r\n<table>\r\n<tbody>\r\n<tr>\r\n<th>TPC- B<\/th>\r\n<th>modell<\/th>\r\n<th>100 B<\/th>\r\n<th>200 B<\/th>\r\n<th>400 B<\/th>\r\n<th>600 B<\/th>\r\n<th>1000 B<\/th>\r\n<th>1500 B<\/th>\r\n<th>2000 B<\/th>\r\n<th>2500 SC<\/th>\r\n<th>3000 SC<\/th>\r\n<th>3000 B<\/th>\r\n<th>4000 B<\/th>\r\n<th>5000 B<\/th>\r\n<th>6000 B<\/th>\r\n<\/tr>\r\n<tr>\r\n<th rowspan=\"2\">Leistungsausgabe<\/th>\r\n<th>kcal\/h x 1000<\/th>\r\n<td>100<\/td>\r\n<td>200<\/td>\r\n<td>400<\/td>\r\n<td>600<\/td>\r\n<td>1000<\/td>\r\n<td>1500<\/td>\r\n<td>2000<\/td>\r\n<td>2500<\/td>\r\n<td>3000<\/td>\r\n<td>3000<\/td>\r\n<td>4000<\/td>\r\n<td>5000<\/td>\r\n<td>6000<\/td>\r\n<\/tr>\r\n<tr>\r\n<th>kW<\/th>\r\n<td>116<\/td>\r\n<td>232<\/td>\r\n<td>465<\/td>\r\n<td>698<\/td>\r\n<td>1163<\/td>\r\n<td>1745<\/td>\r\n<td>2326<\/td>\r\n<td>2908<\/td>\r\n<td>3489<\/td>\r\n<td>3489<\/td>\r\n<td>4652<\/td>\r\n<td>5815<\/td>\r\n<td>6978<\/td>\r\n<\/tr>\r\n<tr>\r\n<th>Breite A<\/th>\r\n<th>mm<\/th>\r\n<td>650<\/td>\r\n<td>650<\/td>\r\n<td>850<\/td>\r\n<td>1025<\/td>\r\n<td>1255<\/td>\r\n<td>1450<\/td>\r\n<td>1790<\/td>\r\n<td>2300<\/td>\r\n<td>2770<\/td>\r\n<td>2355<\/td>\r\n<td>2355<\/td>\r\n<td>2430<\/td>\r\n<td>2725<\/td>\r\n<\/tr>\r\n<tr>\r\n<th>L\u00e4nge B<\/th>\r\n<th>mm<\/th>\r\n<td>1250<\/td>\r\n<td>1250<\/td>\r\n<td>1380<\/td>\r\n<td>1550<\/td>\r\n<td>2110<\/td>\r\n<td>2400<\/td>\r\n<td>2730<\/td>\r\n<td>3440<\/td>\r\n<td>3905<\/td>\r\n<td>3490<\/td>\r\n<td>3630<\/td>\r\n<td>3660<\/td>\r\n<td>3960<\/td>\r\n<\/tr>\r\n<tr>\r\n<th>H\u00f6he C<\/th>\r\n<th>mm<\/th>\r\n<td>1800<\/td>\r\n<td>1800<\/td>\r\n<td>1900<\/td>\r\n<td>1980<\/td>\r\n<td>2620<\/td>\r\n<td>3240<\/td>\r\n<td>3260<\/td>\r\n<td>3360<\/td>\r\n<td>3330<\/td>\r\n<td>4195<\/td>\r\n<td>5155<\/td>\r\n<td>5870<\/td>\r\n<td>6280<\/td>\r\n<\/tr>\r\n<\/tbody>\r\n<\/table>\r\n<\/div><!-- .vgblk-rw-wrapper -->","protected":false},"excerpt":{"rendered":"<p><strong>Von 100.000 bis 6.000.000 kCal\/h (116 bis 6.978 kW)<\/strong><br \/>\nDer TPC-B W\u00e4rmetr\u00e4gerheizer ist ein vertikaler, mehrg\u00e4ngiger, befeuerter Heizer mit einer langen Tradition in Design und Konstruktion. Die nach unten gerichtete Feuerung gew\u00e4hrleistet eine spannungsfreie und uneingeschr\u00e4nkte Ausdehnung der Heizschlangen w\u00e4hrend des normalen Betriebs. Der Heizer ist f\u00fcr den Einsatz in einer Vielzahl von Industriezweigen und mit einer Vielzahl von W\u00e4rmetr\u00e4gerfl\u00fcssigkeiten ausgelegt. Verschiedene Fl\u00fcssig- oder Gasbrennstoffe k\u00f6nnen eingesetzt werden.<\/p>\n","protected":false},"featured_media":50056,"comment_status":"closed","ping_status":"closed","template":"","meta":{"_acf_changed":false,"_relevanssi_hide_post":"","_relevanssi_hide_content":"","_relevanssi_pin_for_all":"","_relevanssi_pin_keywords":"","_relevanssi_unpin_keywords":"","_relevanssi_related_keywords":"","_relevanssi_related_include_ids":"","_relevanssi_related_exclude_ids":"","_relevanssi_related_no_append":"","_relevanssi_related_not_related":"","_relevanssi_related_posts":"","_relevanssi_noindex_reason":""},"product_brand":[],"product_cat":[6525],"product_tag":[],"class_list":{"0":"post-50051","1":"product","2":"type-product","3":"status-publish","4":"has-post-thumbnail","6":"product_cat-warmetragerheizer","8":"first","9":"instock","10":"shipping-taxable","11":"product-type-simple"},"acf":[],"yoast_head":"<!-- This site is optimized with the Yoast SEO Premium plugin v27.4 (Yoast SEO v27.4) - https:\/\/yoast.com\/product\/yoast-seo-premium-wordpress\/ -->\n<title>TPC-B-Serie W\u00e4rmetr\u00e4gerheizer \u2013 Babcock Wanson<\/title>\n<meta name=\"description\" content=\"Der TPC-B W\u00e4rmetr\u00e4gerheizer ist ein vertikaler, mehrg\u00e4ngiger, befeuerter Heizer mit einer langen Tradition in Design und Konstruktion. Hier klicken, um mehr zu erfahren\" \/>\n<meta name=\"robots\" content=\"index, follow, max-snippet:-1, max-image-preview:large, max-video-preview:-1\" \/>\n<link rel=\"canonical\" href=\"https:\/\/www.babcock-wanson.com\/de\/products\/warmetragerheizer\/tpc-b-serie\/\" \/>\n<meta property=\"og:locale\" content=\"de_DE\" \/>\n<meta property=\"og:type\" content=\"article\" \/>\n<meta property=\"og:title\" content=\"TPC-B-Serie\" \/>\n<meta property=\"og:description\" content=\"Der TPC-B W\u00e4rmetr\u00e4gerheizer ist ein vertikaler, mehrg\u00e4ngiger, befeuerter Heizer mit einer langen Tradition in Design und Konstruktion. Hier klicken, um mehr zu erfahren\" \/>\n<meta property=\"og:url\" content=\"https:\/\/www.babcock-wanson.com\/de\/products\/warmetragerheizer\/tpc-b-serie\/\" \/>\n<meta property=\"og:site_name\" content=\"Babcock Wanson\" \/>\n<meta property=\"article:modified_time\" content=\"2025-04-11T15:03:35+00:00\" \/>\n<meta property=\"og:image\" content=\"https:\/\/www.babcock-wanson.com\/wp-content\/uploads\/2018\/08\/TC-B-Series-side-by-side.jpg\" \/>\n\t<meta property=\"og:image:width\" content=\"600\" \/>\n\t<meta property=\"og:image:height\" content=\"401\" \/>\n\t<meta property=\"og:image:type\" content=\"image\/jpeg\" \/>\n<meta name=\"twitter:card\" content=\"summary_large_image\" \/>\n<meta name=\"twitter:label1\" content=\"Est. reading time\" \/>\n\t<meta name=\"twitter:data1\" content=\"2 Minuten\" \/>\n<script type=\"application\/ld+json\" class=\"yoast-schema-graph\">{\"@context\":\"https:\\\/\\\/schema.org\",\"@graph\":[{\"@type\":\"WebPage\",\"@id\":\"https:\\\/\\\/www.babcock-wanson.com\\\/de\\\/products\\\/warmetragerheizer\\\/tpc-b-serie\\\/\",\"url\":\"https:\\\/\\\/www.babcock-wanson.com\\\/de\\\/products\\\/warmetragerheizer\\\/tpc-b-serie\\\/\",\"name\":\"TPC-B-Serie W\u00e4rmetr\u00e4gerheizer \u2013 Babcock Wanson\",\"isPartOf\":{\"@id\":\"https:\\\/\\\/www.babcock-wanson.com\\\/de\\\/#website\"},\"primaryImageOfPage\":{\"@id\":\"https:\\\/\\\/www.babcock-wanson.com\\\/de\\\/products\\\/warmetragerheizer\\\/tpc-b-serie\\\/#primaryimage\"},\"image\":{\"@id\":\"https:\\\/\\\/www.babcock-wanson.com\\\/de\\\/products\\\/warmetragerheizer\\\/tpc-b-serie\\\/#primaryimage\"},\"thumbnailUrl\":\"https:\\\/\\\/www.babcock-wanson.com\\\/wp-content\\\/uploads\\\/2018\\\/08\\\/TC-B-Series-side-by-side.jpg\",\"datePublished\":\"2025-01-17T09:20:56+00:00\",\"dateModified\":\"2025-04-11T15:03:35+00:00\",\"description\":\"Der TPC-B W\u00e4rmetr\u00e4gerheizer ist ein vertikaler, mehrg\u00e4ngiger, befeuerter Heizer mit einer langen Tradition in Design und Konstruktion. Hier klicken, um mehr zu erfahren\",\"breadcrumb\":{\"@id\":\"https:\\\/\\\/www.babcock-wanson.com\\\/de\\\/products\\\/warmetragerheizer\\\/tpc-b-serie\\\/#breadcrumb\"},\"inLanguage\":\"de-DE\",\"potentialAction\":[{\"@type\":\"ReadAction\",\"target\":[\"https:\\\/\\\/www.babcock-wanson.com\\\/de\\\/products\\\/warmetragerheizer\\\/tpc-b-serie\\\/\"]}]},{\"@type\":\"ImageObject\",\"inLanguage\":\"de-DE\",\"@id\":\"https:\\\/\\\/www.babcock-wanson.com\\\/de\\\/products\\\/warmetragerheizer\\\/tpc-b-serie\\\/#primaryimage\",\"url\":\"https:\\\/\\\/www.babcock-wanson.com\\\/wp-content\\\/uploads\\\/2018\\\/08\\\/TC-B-Series-side-by-side.jpg\",\"contentUrl\":\"https:\\\/\\\/www.babcock-wanson.com\\\/wp-content\\\/uploads\\\/2018\\\/08\\\/TC-B-Series-side-by-side.jpg\",\"width\":600,\"height\":401},{\"@type\":\"BreadcrumbList\",\"@id\":\"https:\\\/\\\/www.babcock-wanson.com\\\/de\\\/products\\\/warmetragerheizer\\\/tpc-b-serie\\\/#breadcrumb\",\"itemListElement\":[{\"@type\":\"ListItem\",\"position\":1,\"name\":\"Inicio\",\"item\":\"https:\\\/\\\/www.babcock-wanson.com\\\/de\\\/\"},{\"@type\":\"ListItem\",\"position\":2,\"name\":\"Produkte\",\"item\":\"https:\\\/\\\/www.babcock-wanson.com\\\/de\\\/shop\\\/\"},{\"@type\":\"ListItem\",\"position\":3,\"name\":\"W\u00e4rmetr\u00e4gerheizer\",\"item\":\"https:\\\/\\\/www.babcock-wanson.com\\\/de\\\/produkt-kategorie\\\/warmetragerheizer\\\/\"},{\"@type\":\"ListItem\",\"position\":4,\"name\":\"TPC-B-Serie\"}]},{\"@type\":\"WebSite\",\"@id\":\"https:\\\/\\\/www.babcock-wanson.com\\\/de\\\/#website\",\"url\":\"https:\\\/\\\/www.babcock-wanson.com\\\/de\\\/\",\"name\":\"Babcock Wanson\",\"description\":\"\",\"publisher\":{\"@id\":\"https:\\\/\\\/www.babcock-wanson.com\\\/de\\\/#organization\"},\"potentialAction\":[{\"@type\":\"SearchAction\",\"target\":{\"@type\":\"EntryPoint\",\"urlTemplate\":\"https:\\\/\\\/www.babcock-wanson.com\\\/de\\\/?s={search_term_string}\"},\"query-input\":{\"@type\":\"PropertyValueSpecification\",\"valueRequired\":true,\"valueName\":\"search_term_string\"}}],\"inLanguage\":\"de-DE\"},{\"@type\":\"Organization\",\"@id\":\"https:\\\/\\\/www.babcock-wanson.com\\\/de\\\/#organization\",\"name\":\"Babcock Wanson\",\"url\":\"https:\\\/\\\/www.babcock-wanson.com\\\/de\\\/\",\"logo\":{\"@type\":\"ImageObject\",\"inLanguage\":\"de-DE\",\"@id\":\"https:\\\/\\\/www.babcock-wanson.com\\\/de\\\/#\\\/schema\\\/logo\\\/image\\\/\",\"url\":\"https:\\\/\\\/www.babcock-wanson.com\\\/wp-content\\\/uploads\\\/2024\\\/02\\\/Babcock-Wanson-1200x1200-1.png\",\"contentUrl\":\"https:\\\/\\\/www.babcock-wanson.com\\\/wp-content\\\/uploads\\\/2024\\\/02\\\/Babcock-Wanson-1200x1200-1.png\",\"width\":1200,\"height\":1200,\"caption\":\"Babcock Wanson\"},\"image\":{\"@id\":\"https:\\\/\\\/www.babcock-wanson.com\\\/de\\\/#\\\/schema\\\/logo\\\/image\\\/\"},\"sameAs\":[\"https:\\\/\\\/www.linkedin.com\\\/company\\\/babcock-wanson\\\/\",\"https:\\\/\\\/www.youtube.com\\\/channel\\\/UCtxl25VieBBsP2kYmtlyv7A\"]}]}<\/script>\n<!-- \/ Yoast SEO Premium plugin. -->","yoast_head_json":{"title":"TPC-B-Serie W\u00e4rmetr\u00e4gerheizer \u2013 Babcock Wanson","description":"Der TPC-B W\u00e4rmetr\u00e4gerheizer ist ein vertikaler, mehrg\u00e4ngiger, befeuerter Heizer mit einer langen Tradition in Design und Konstruktion. Hier klicken, um mehr zu erfahren","robots":{"index":"index","follow":"follow","max-snippet":"max-snippet:-1","max-image-preview":"max-image-preview:large","max-video-preview":"max-video-preview:-1"},"canonical":"https:\/\/www.babcock-wanson.com\/de\/products\/warmetragerheizer\/tpc-b-serie\/","og_locale":"de_DE","og_type":"article","og_title":"TPC-B-Serie","og_description":"Der TPC-B W\u00e4rmetr\u00e4gerheizer ist ein vertikaler, mehrg\u00e4ngiger, befeuerter Heizer mit einer langen Tradition in Design und Konstruktion. Hier klicken, um mehr zu erfahren","og_url":"https:\/\/www.babcock-wanson.com\/de\/products\/warmetragerheizer\/tpc-b-serie\/","og_site_name":"Babcock Wanson","article_modified_time":"2025-04-11T15:03:35+00:00","og_image":[{"width":600,"height":401,"url":"https:\/\/www.babcock-wanson.com\/wp-content\/uploads\/2018\/08\/TC-B-Series-side-by-side.jpg","type":"image\/jpeg"}],"twitter_card":"summary_large_image","twitter_misc":{"Est. reading time":"2 Minuten"},"schema":{"@context":"https:\/\/schema.org","@graph":[{"@type":"WebPage","@id":"https:\/\/www.babcock-wanson.com\/de\/products\/warmetragerheizer\/tpc-b-serie\/","url":"https:\/\/www.babcock-wanson.com\/de\/products\/warmetragerheizer\/tpc-b-serie\/","name":"TPC-B-Serie W\u00e4rmetr\u00e4gerheizer \u2013 Babcock Wanson","isPartOf":{"@id":"https:\/\/www.babcock-wanson.com\/de\/#website"},"primaryImageOfPage":{"@id":"https:\/\/www.babcock-wanson.com\/de\/products\/warmetragerheizer\/tpc-b-serie\/#primaryimage"},"image":{"@id":"https:\/\/www.babcock-wanson.com\/de\/products\/warmetragerheizer\/tpc-b-serie\/#primaryimage"},"thumbnailUrl":"https:\/\/www.babcock-wanson.com\/wp-content\/uploads\/2018\/08\/TC-B-Series-side-by-side.jpg","datePublished":"2025-01-17T09:20:56+00:00","dateModified":"2025-04-11T15:03:35+00:00","description":"Der TPC-B W\u00e4rmetr\u00e4gerheizer ist ein vertikaler, mehrg\u00e4ngiger, befeuerter Heizer mit einer langen Tradition in Design und Konstruktion. Hier klicken, um mehr zu erfahren","breadcrumb":{"@id":"https:\/\/www.babcock-wanson.com\/de\/products\/warmetragerheizer\/tpc-b-serie\/#breadcrumb"},"inLanguage":"de-DE","potentialAction":[{"@type":"ReadAction","target":["https:\/\/www.babcock-wanson.com\/de\/products\/warmetragerheizer\/tpc-b-serie\/"]}]},{"@type":"ImageObject","inLanguage":"de-DE","@id":"https:\/\/www.babcock-wanson.com\/de\/products\/warmetragerheizer\/tpc-b-serie\/#primaryimage","url":"https:\/\/www.babcock-wanson.com\/wp-content\/uploads\/2018\/08\/TC-B-Series-side-by-side.jpg","contentUrl":"https:\/\/www.babcock-wanson.com\/wp-content\/uploads\/2018\/08\/TC-B-Series-side-by-side.jpg","width":600,"height":401},{"@type":"BreadcrumbList","@id":"https:\/\/www.babcock-wanson.com\/de\/products\/warmetragerheizer\/tpc-b-serie\/#breadcrumb","itemListElement":[{"@type":"ListItem","position":1,"name":"Inicio","item":"https:\/\/www.babcock-wanson.com\/de\/"},{"@type":"ListItem","position":2,"name":"Produkte","item":"https:\/\/www.babcock-wanson.com\/de\/shop\/"},{"@type":"ListItem","position":3,"name":"W\u00e4rmetr\u00e4gerheizer","item":"https:\/\/www.babcock-wanson.com\/de\/produkt-kategorie\/warmetragerheizer\/"},{"@type":"ListItem","position":4,"name":"TPC-B-Serie"}]},{"@type":"WebSite","@id":"https:\/\/www.babcock-wanson.com\/de\/#website","url":"https:\/\/www.babcock-wanson.com\/de\/","name":"Babcock Wanson","description":"","publisher":{"@id":"https:\/\/www.babcock-wanson.com\/de\/#organization"},"potentialAction":[{"@type":"SearchAction","target":{"@type":"EntryPoint","urlTemplate":"https:\/\/www.babcock-wanson.com\/de\/?s={search_term_string}"},"query-input":{"@type":"PropertyValueSpecification","valueRequired":true,"valueName":"search_term_string"}}],"inLanguage":"de-DE"},{"@type":"Organization","@id":"https:\/\/www.babcock-wanson.com\/de\/#organization","name":"Babcock Wanson","url":"https:\/\/www.babcock-wanson.com\/de\/","logo":{"@type":"ImageObject","inLanguage":"de-DE","@id":"https:\/\/www.babcock-wanson.com\/de\/#\/schema\/logo\/image\/","url":"https:\/\/www.babcock-wanson.com\/wp-content\/uploads\/2024\/02\/Babcock-Wanson-1200x1200-1.png","contentUrl":"https:\/\/www.babcock-wanson.com\/wp-content\/uploads\/2024\/02\/Babcock-Wanson-1200x1200-1.png","width":1200,"height":1200,"caption":"Babcock Wanson"},"image":{"@id":"https:\/\/www.babcock-wanson.com\/de\/#\/schema\/logo\/image\/"},"sameAs":["https:\/\/www.linkedin.com\/company\/babcock-wanson\/","https:\/\/www.youtube.com\/channel\/UCtxl25VieBBsP2kYmtlyv7A"]}]}},"jetpack_sharing_enabled":true,"_links":{"self":[{"href":"https:\/\/www.babcock-wanson.com\/de\/wp-json\/wp\/v2\/product\/50051","targetHints":{"allow":["GET"]}}],"collection":[{"href":"https:\/\/www.babcock-wanson.com\/de\/wp-json\/wp\/v2\/product"}],"about":[{"href":"https:\/\/www.babcock-wanson.com\/de\/wp-json\/wp\/v2\/types\/product"}],"replies":[{"embeddable":true,"href":"https:\/\/www.babcock-wanson.com\/de\/wp-json\/wp\/v2\/comments?post=50051"}],"wp:featuredmedia":[{"embeddable":true,"href":"https:\/\/www.babcock-wanson.com\/de\/wp-json\/wp\/v2\/media\/50056"}],"wp:attachment":[{"href":"https:\/\/www.babcock-wanson.com\/de\/wp-json\/wp\/v2\/media?parent=50051"}],"wp:term":[{"taxonomy":"product_brand","embeddable":true,"href":"https:\/\/www.babcock-wanson.com\/de\/wp-json\/wp\/v2\/product_brand?post=50051"},{"taxonomy":"product_cat","embeddable":true,"href":"https:\/\/www.babcock-wanson.com\/de\/wp-json\/wp\/v2\/product_cat?post=50051"},{"taxonomy":"product_tag","embeddable":true,"href":"https:\/\/www.babcock-wanson.com\/de\/wp-json\/wp\/v2\/product_tag?post=50051"}],"curies":[{"name":"wp","href":"https:\/\/api.w.org\/{rel}","templated":true}]}}