{"id":50081,"date":"2018-08-15T11:32:12","date_gmt":"2025-01-17T09:21:02","guid":{"rendered":"https:\/\/www.babcock-wanson.com\/products\/unkategorisiert\/epc-es-serie\/"},"modified":"2025-04-11T16:10:55","modified_gmt":"2025-04-11T15:10:55","slug":"epc-es-serie","status":"publish","type":"product","link":"https:\/\/www.babcock-wanson.com\/de\/products\/warmetragerheizer\/epc-es-serie\/","title":{"rendered":"EPC-ES-Serie"},"content":{"rendered":"<div class=\"vgblk-rw-wrapper limit-wrapper\">\r\n<h3>W\u00e4rmetr\u00e4gerheizung mit hohem Wirkungsgrad<\/h3>\r\n<ul>\r\n \t<li>Der integrierte Verbrennungsluft-\/Abgasvorw\u00e4rmer mit Doppeldurchlauf sorgt f\u00fcr eine sehr hohe Betriebseffizienz, ohne dass eine externe W\u00e4rmer\u00fcckgewinnung erforderlich ist \u2013 einfach, sicher und zuverl\u00e4ssig im Betrieb.<\/li>\r\n \t<li>Der auf die Verbrennungskammer abgestimmte Babcock Wanson-Brenner sorgt f\u00fcr einen effizienten Betrieb mit Hochtemperatur-Verbrennungsluft.<\/li>\r\n \t<li>Die hohe Flussgeschwindigkeit des W\u00e4rmetr\u00e4germediums in den Spulen gew\u00e4hrleistet eine lange Lebensdauer der Ausr\u00fcstung und der Fl\u00fcssigkeit.<\/li>\r\n \t<li>Vollst\u00e4ndig integriertes und werkseitig getestetes Steuerungssystem f\u00fcr eine einfache Installation in der Anlage.<\/li>\r\n<\/ul>\r\n<h3>Umweltfreundlich<\/h3>\r\n<ul>\r\n \t<li>Gebaut nach bew\u00e4hrten Entw\u00fcrfen, um einen niedrigen Kraftstoffverbrauch und eine einfache Bedienung zu gew\u00e4hrleisten.<\/li>\r\n \t<li>W\u00e4rmetr\u00e4gersysteme mit hohem Wirkungsgrad und reduziertem Abgasstrom bieten erhebliche Umweltvorteile.<\/li>\r\n<\/ul>\r\n<h3>Umfassendes Angebot an Zusatzausr\u00fcstung und Dienstleistungen<\/h3>\r\n<ul>\r\n \t<li>Pumpen f\u00fcr W\u00e4rmetr\u00e4gerfl\u00fcssigkeiten<\/li>\r\n \t<li>Entl\u00fcfter und Ausgleichsbeh\u00e4lter<\/li>\r\n \t<li>Kombinierter Entl\u00fcfter und Ausgleichsbeh\u00e4lter<\/li>\r\n \t<li>Sekund\u00e4rkreisl\u00e4ufe und Steuerungen f\u00fcr W\u00e4rmenutzer<\/li>\r\n<\/ul>\r\n<h2>W\u00e4rmetr\u00e4gerheizung der EPC-ES-Serie<\/h2>\r\n<table>\r\n<tbody>\r\n<tr>\r\n<th>EPC-ES<\/th>\r\n<th>modell<\/th>\r\n<th>1000 ES<\/th>\r\n<th>1500 ES<\/th>\r\n<th>2000 ES<\/th>\r\n<th>2500 ES<\/th>\r\n<th>3000 ES<\/th>\r\n<th>4000 HRV<\/th>\r\n<th>5000 HRV<\/th>\r\n<th>6000 HRV<\/th>\r\n<\/tr>\r\n<tr>\r\n<th rowspan=\"2\">Leistungsausgabe<\/th>\r\n<th>kcal\/h x 1000<\/th>\r\n<td>1000<\/td>\r\n<td>1500<\/td>\r\n<td>2000<\/td>\r\n<td>2500<\/td>\r\n<td>3000<\/td>\r\n<td>4000<\/td>\r\n<td>5000<\/td>\r\n<td>6000<\/td>\r\n<\/tr>\r\n<tr>\r\n<th>kW<\/th>\r\n<td>1163<\/td>\r\n<td>1745<\/td>\r\n<td>2326<\/td>\r\n<td>2908<\/td>\r\n<td>3489<\/td>\r\n<td>4652<\/td>\r\n<td>5815<\/td>\r\n<td>6978<\/td>\r\n<\/tr>\r\n<tr>\r\n<th>Breite A<\/th>\r\n<th>mm<\/th>\r\n<td>1163<\/td>\r\n<td>1745<\/td>\r\n<td>2326<\/td>\r\n<td>2908<\/td>\r\n<td>3489<\/td>\r\n<td>4652<\/td>\r\n<td>5815<\/td>\r\n<td>6978<\/td>\r\n<\/tr>\r\n<tr>\r\n<th>L\u00e4nge B<\/th>\r\n<th>mm<\/th>\r\n<td>1595<\/td>\r\n<td>1780<\/td>\r\n<td>2130<\/td>\r\n<td>2630<\/td>\r\n<td>2695<\/td>\r\n<td>2600<\/td>\r\n<td>3025<\/td>\r\n<td>3500<\/td>\r\n<\/tr>\r\n<tr>\r\n<th>H\u00f6he C<\/th>\r\n<th>mm<\/th>\r\n<td>2790<\/td>\r\n<td>3185<\/td>\r\n<td>3650<\/td>\r\n<td>4325<\/td>\r\n<td>4630<\/td>\r\n<td>6200<\/td>\r\n<td>6250<\/td>\r\n<td>6500<\/td>\r\n<\/tr>\r\n<\/tbody>\r\n<\/table>\r\n<\/div><!-- .vgblk-rw-wrapper -->","protected":false},"excerpt":{"rendered":"<p><strong>Von 1.000.000 bis 6.000.000 kCal\/h (1.163 bis 6.978 kW)<\/strong><br \/>\nDer Heizer EPC-ES von Babcock Wanson ist ein befeuerter Mehrdurchlaufheizer mit langer Tradition in Design und Konstruktion. Die vertikale Abw\u00e4rtsfeuerung gew\u00e4hrleistet einen spannungsfreien Betrieb und eine einfache Expansion der Heizschlange und des integrierten Vorw\u00e4rmers. Beides sind wichtige Merkmale, um eine lange Lebensdauer der Ausr\u00fcstung zu gew\u00e4hrleisten. Die EPC-ES- und HRV-Serien wurde f\u00fcr den Einsatz in einer Vielzahl von Industriezweigen und mit unterschiedlichen W\u00e4rmetr\u00e4gerfl\u00fcssigkeiten in offenen und druckbeaufschlagten Systemen entwickelt. Alle Arten von fl\u00fcssigen oder gasf\u00f6rmigen Brennstoffen k\u00f6nnen verwendet werden.<\/p>\n","protected":false},"featured_media":50041,"comment_status":"closed","ping_status":"closed","template":"","meta":{"_acf_changed":false,"_relevanssi_hide_post":"","_relevanssi_hide_content":"","_relevanssi_pin_for_all":"","_relevanssi_pin_keywords":"","_relevanssi_unpin_keywords":"","_relevanssi_related_keywords":"","_relevanssi_related_include_ids":"","_relevanssi_related_exclude_ids":"","_relevanssi_related_no_append":"","_relevanssi_related_not_related":"","_relevanssi_related_posts":"","_relevanssi_noindex_reason":""},"product_brand":[],"product_cat":[6525],"product_tag":[],"class_list":{"0":"post-50081","1":"product","2":"type-product","3":"status-publish","4":"has-post-thumbnail","6":"product_cat-warmetragerheizer","8":"first","9":"instock","10":"shipping-taxable","11":"product-type-simple"},"acf":[],"yoast_head":"<!-- This site is optimized with the Yoast SEO Premium plugin v27.4 (Yoast SEO v27.4) - https:\/\/yoast.com\/product\/yoast-seo-premium-wordpress\/ -->\n<title>EPC-ES-Serie W\u00e4rmetr\u00e4gerheizer \u2013 Babcock Wanson<\/title>\n<meta name=\"description\" content=\"Der Heizer EPC-ES von Babcock Wanson ist ein befeuerter Mehrdurchlaufheizer mit langer Tradition in Design und Konstruktion. Hier klicken, um mehr zu erfahren\" \/>\n<meta name=\"robots\" content=\"index, follow, max-snippet:-1, max-image-preview:large, max-video-preview:-1\" \/>\n<link rel=\"canonical\" href=\"https:\/\/www.babcock-wanson.com\/de\/products\/warmetragerheizer\/epc-es-serie\/\" \/>\n<meta property=\"og:locale\" content=\"de_DE\" \/>\n<meta property=\"og:type\" content=\"article\" \/>\n<meta property=\"og:title\" content=\"EPC-ES-Serie\" \/>\n<meta property=\"og:description\" content=\"Der Heizer EPC-ES von Babcock Wanson ist ein befeuerter Mehrdurchlaufheizer mit langer Tradition in Design und Konstruktion. Hier klicken, um mehr zu erfahren\" \/>\n<meta property=\"og:url\" content=\"https:\/\/www.babcock-wanson.com\/de\/products\/warmetragerheizer\/epc-es-serie\/\" \/>\n<meta property=\"og:site_name\" content=\"Babcock Wanson\" \/>\n<meta property=\"article:modified_time\" content=\"2025-04-11T15:10:55+00:00\" \/>\n<meta property=\"og:image\" content=\"https:\/\/www.babcock-wanson.com\/wp-content\/uploads\/2018\/08\/EPC-ES-Thermal-Fluid-Heater-2.png\" \/>\n\t<meta property=\"og:image:width\" content=\"600\" \/>\n\t<meta property=\"og:image:height\" content=\"400\" \/>\n\t<meta property=\"og:image:type\" content=\"image\/png\" \/>\n<meta name=\"twitter:card\" content=\"summary_large_image\" \/>\n<meta name=\"twitter:label1\" content=\"Est. reading time\" \/>\n\t<meta name=\"twitter:data1\" content=\"2 Minuten\" \/>\n<script type=\"application\/ld+json\" class=\"yoast-schema-graph\">{\"@context\":\"https:\\\/\\\/schema.org\",\"@graph\":[{\"@type\":\"WebPage\",\"@id\":\"https:\\\/\\\/www.babcock-wanson.com\\\/de\\\/products\\\/warmetragerheizer\\\/epc-es-serie\\\/\",\"url\":\"https:\\\/\\\/www.babcock-wanson.com\\\/de\\\/products\\\/warmetragerheizer\\\/epc-es-serie\\\/\",\"name\":\"EPC-ES-Serie W\u00e4rmetr\u00e4gerheizer \u2013 Babcock Wanson\",\"isPartOf\":{\"@id\":\"https:\\\/\\\/www.babcock-wanson.com\\\/de\\\/#website\"},\"primaryImageOfPage\":{\"@id\":\"https:\\\/\\\/www.babcock-wanson.com\\\/de\\\/products\\\/warmetragerheizer\\\/epc-es-serie\\\/#primaryimage\"},\"image\":{\"@id\":\"https:\\\/\\\/www.babcock-wanson.com\\\/de\\\/products\\\/warmetragerheizer\\\/epc-es-serie\\\/#primaryimage\"},\"thumbnailUrl\":\"https:\\\/\\\/www.babcock-wanson.com\\\/wp-content\\\/uploads\\\/2018\\\/08\\\/EPC-ES-Thermal-Fluid-Heater-2.png\",\"datePublished\":\"2025-01-17T09:21:02+00:00\",\"dateModified\":\"2025-04-11T15:10:55+00:00\",\"description\":\"Der Heizer EPC-ES von Babcock Wanson ist ein befeuerter Mehrdurchlaufheizer mit langer Tradition in Design und Konstruktion. Hier klicken, um mehr zu erfahren\",\"breadcrumb\":{\"@id\":\"https:\\\/\\\/www.babcock-wanson.com\\\/de\\\/products\\\/warmetragerheizer\\\/epc-es-serie\\\/#breadcrumb\"},\"inLanguage\":\"de-DE\",\"potentialAction\":[{\"@type\":\"ReadAction\",\"target\":[\"https:\\\/\\\/www.babcock-wanson.com\\\/de\\\/products\\\/warmetragerheizer\\\/epc-es-serie\\\/\"]}]},{\"@type\":\"ImageObject\",\"inLanguage\":\"de-DE\",\"@id\":\"https:\\\/\\\/www.babcock-wanson.com\\\/de\\\/products\\\/warmetragerheizer\\\/epc-es-serie\\\/#primaryimage\",\"url\":\"https:\\\/\\\/www.babcock-wanson.com\\\/wp-content\\\/uploads\\\/2018\\\/08\\\/EPC-ES-Thermal-Fluid-Heater-2.png\",\"contentUrl\":\"https:\\\/\\\/www.babcock-wanson.com\\\/wp-content\\\/uploads\\\/2018\\\/08\\\/EPC-ES-Thermal-Fluid-Heater-2.png\",\"width\":600,\"height\":400},{\"@type\":\"BreadcrumbList\",\"@id\":\"https:\\\/\\\/www.babcock-wanson.com\\\/de\\\/products\\\/warmetragerheizer\\\/epc-es-serie\\\/#breadcrumb\",\"itemListElement\":[{\"@type\":\"ListItem\",\"position\":1,\"name\":\"Inicio\",\"item\":\"https:\\\/\\\/www.babcock-wanson.com\\\/de\\\/\"},{\"@type\":\"ListItem\",\"position\":2,\"name\":\"Produkte\",\"item\":\"https:\\\/\\\/www.babcock-wanson.com\\\/de\\\/shop\\\/\"},{\"@type\":\"ListItem\",\"position\":3,\"name\":\"W\u00e4rmetr\u00e4gerheizer\",\"item\":\"https:\\\/\\\/www.babcock-wanson.com\\\/de\\\/produkt-kategorie\\\/warmetragerheizer\\\/\"},{\"@type\":\"ListItem\",\"position\":4,\"name\":\"EPC-ES-Serie\"}]},{\"@type\":\"WebSite\",\"@id\":\"https:\\\/\\\/www.babcock-wanson.com\\\/de\\\/#website\",\"url\":\"https:\\\/\\\/www.babcock-wanson.com\\\/de\\\/\",\"name\":\"Babcock Wanson\",\"description\":\"\",\"publisher\":{\"@id\":\"https:\\\/\\\/www.babcock-wanson.com\\\/de\\\/#organization\"},\"potentialAction\":[{\"@type\":\"SearchAction\",\"target\":{\"@type\":\"EntryPoint\",\"urlTemplate\":\"https:\\\/\\\/www.babcock-wanson.com\\\/de\\\/?s={search_term_string}\"},\"query-input\":{\"@type\":\"PropertyValueSpecification\",\"valueRequired\":true,\"valueName\":\"search_term_string\"}}],\"inLanguage\":\"de-DE\"},{\"@type\":\"Organization\",\"@id\":\"https:\\\/\\\/www.babcock-wanson.com\\\/de\\\/#organization\",\"name\":\"Babcock Wanson\",\"url\":\"https:\\\/\\\/www.babcock-wanson.com\\\/de\\\/\",\"logo\":{\"@type\":\"ImageObject\",\"inLanguage\":\"de-DE\",\"@id\":\"https:\\\/\\\/www.babcock-wanson.com\\\/de\\\/#\\\/schema\\\/logo\\\/image\\\/\",\"url\":\"https:\\\/\\\/www.babcock-wanson.com\\\/wp-content\\\/uploads\\\/2024\\\/02\\\/Babcock-Wanson-1200x1200-1.png\",\"contentUrl\":\"https:\\\/\\\/www.babcock-wanson.com\\\/wp-content\\\/uploads\\\/2024\\\/02\\\/Babcock-Wanson-1200x1200-1.png\",\"width\":1200,\"height\":1200,\"caption\":\"Babcock Wanson\"},\"image\":{\"@id\":\"https:\\\/\\\/www.babcock-wanson.com\\\/de\\\/#\\\/schema\\\/logo\\\/image\\\/\"},\"sameAs\":[\"https:\\\/\\\/www.linkedin.com\\\/company\\\/babcock-wanson\\\/\",\"https:\\\/\\\/www.youtube.com\\\/channel\\\/UCtxl25VieBBsP2kYmtlyv7A\"]}]}<\/script>\n<!-- \/ Yoast SEO Premium plugin. -->","yoast_head_json":{"title":"EPC-ES-Serie W\u00e4rmetr\u00e4gerheizer \u2013 Babcock Wanson","description":"Der Heizer EPC-ES von Babcock Wanson ist ein befeuerter Mehrdurchlaufheizer mit langer Tradition in Design und Konstruktion. Hier klicken, um mehr zu erfahren","robots":{"index":"index","follow":"follow","max-snippet":"max-snippet:-1","max-image-preview":"max-image-preview:large","max-video-preview":"max-video-preview:-1"},"canonical":"https:\/\/www.babcock-wanson.com\/de\/products\/warmetragerheizer\/epc-es-serie\/","og_locale":"de_DE","og_type":"article","og_title":"EPC-ES-Serie","og_description":"Der Heizer EPC-ES von Babcock Wanson ist ein befeuerter Mehrdurchlaufheizer mit langer Tradition in Design und Konstruktion. Hier klicken, um mehr zu erfahren","og_url":"https:\/\/www.babcock-wanson.com\/de\/products\/warmetragerheizer\/epc-es-serie\/","og_site_name":"Babcock Wanson","article_modified_time":"2025-04-11T15:10:55+00:00","og_image":[{"width":600,"height":400,"url":"https:\/\/www.babcock-wanson.com\/wp-content\/uploads\/2018\/08\/EPC-ES-Thermal-Fluid-Heater-2.png","type":"image\/png"}],"twitter_card":"summary_large_image","twitter_misc":{"Est. reading time":"2 Minuten"},"schema":{"@context":"https:\/\/schema.org","@graph":[{"@type":"WebPage","@id":"https:\/\/www.babcock-wanson.com\/de\/products\/warmetragerheizer\/epc-es-serie\/","url":"https:\/\/www.babcock-wanson.com\/de\/products\/warmetragerheizer\/epc-es-serie\/","name":"EPC-ES-Serie W\u00e4rmetr\u00e4gerheizer \u2013 Babcock Wanson","isPartOf":{"@id":"https:\/\/www.babcock-wanson.com\/de\/#website"},"primaryImageOfPage":{"@id":"https:\/\/www.babcock-wanson.com\/de\/products\/warmetragerheizer\/epc-es-serie\/#primaryimage"},"image":{"@id":"https:\/\/www.babcock-wanson.com\/de\/products\/warmetragerheizer\/epc-es-serie\/#primaryimage"},"thumbnailUrl":"https:\/\/www.babcock-wanson.com\/wp-content\/uploads\/2018\/08\/EPC-ES-Thermal-Fluid-Heater-2.png","datePublished":"2025-01-17T09:21:02+00:00","dateModified":"2025-04-11T15:10:55+00:00","description":"Der Heizer EPC-ES von Babcock Wanson ist ein befeuerter Mehrdurchlaufheizer mit langer Tradition in Design und Konstruktion. Hier klicken, um mehr zu erfahren","breadcrumb":{"@id":"https:\/\/www.babcock-wanson.com\/de\/products\/warmetragerheizer\/epc-es-serie\/#breadcrumb"},"inLanguage":"de-DE","potentialAction":[{"@type":"ReadAction","target":["https:\/\/www.babcock-wanson.com\/de\/products\/warmetragerheizer\/epc-es-serie\/"]}]},{"@type":"ImageObject","inLanguage":"de-DE","@id":"https:\/\/www.babcock-wanson.com\/de\/products\/warmetragerheizer\/epc-es-serie\/#primaryimage","url":"https:\/\/www.babcock-wanson.com\/wp-content\/uploads\/2018\/08\/EPC-ES-Thermal-Fluid-Heater-2.png","contentUrl":"https:\/\/www.babcock-wanson.com\/wp-content\/uploads\/2018\/08\/EPC-ES-Thermal-Fluid-Heater-2.png","width":600,"height":400},{"@type":"BreadcrumbList","@id":"https:\/\/www.babcock-wanson.com\/de\/products\/warmetragerheizer\/epc-es-serie\/#breadcrumb","itemListElement":[{"@type":"ListItem","position":1,"name":"Inicio","item":"https:\/\/www.babcock-wanson.com\/de\/"},{"@type":"ListItem","position":2,"name":"Produkte","item":"https:\/\/www.babcock-wanson.com\/de\/shop\/"},{"@type":"ListItem","position":3,"name":"W\u00e4rmetr\u00e4gerheizer","item":"https:\/\/www.babcock-wanson.com\/de\/produkt-kategorie\/warmetragerheizer\/"},{"@type":"ListItem","position":4,"name":"EPC-ES-Serie"}]},{"@type":"WebSite","@id":"https:\/\/www.babcock-wanson.com\/de\/#website","url":"https:\/\/www.babcock-wanson.com\/de\/","name":"Babcock Wanson","description":"","publisher":{"@id":"https:\/\/www.babcock-wanson.com\/de\/#organization"},"potentialAction":[{"@type":"SearchAction","target":{"@type":"EntryPoint","urlTemplate":"https:\/\/www.babcock-wanson.com\/de\/?s={search_term_string}"},"query-input":{"@type":"PropertyValueSpecification","valueRequired":true,"valueName":"search_term_string"}}],"inLanguage":"de-DE"},{"@type":"Organization","@id":"https:\/\/www.babcock-wanson.com\/de\/#organization","name":"Babcock Wanson","url":"https:\/\/www.babcock-wanson.com\/de\/","logo":{"@type":"ImageObject","inLanguage":"de-DE","@id":"https:\/\/www.babcock-wanson.com\/de\/#\/schema\/logo\/image\/","url":"https:\/\/www.babcock-wanson.com\/wp-content\/uploads\/2024\/02\/Babcock-Wanson-1200x1200-1.png","contentUrl":"https:\/\/www.babcock-wanson.com\/wp-content\/uploads\/2024\/02\/Babcock-Wanson-1200x1200-1.png","width":1200,"height":1200,"caption":"Babcock Wanson"},"image":{"@id":"https:\/\/www.babcock-wanson.com\/de\/#\/schema\/logo\/image\/"},"sameAs":["https:\/\/www.linkedin.com\/company\/babcock-wanson\/","https:\/\/www.youtube.com\/channel\/UCtxl25VieBBsP2kYmtlyv7A"]}]}},"jetpack_sharing_enabled":true,"_links":{"self":[{"href":"https:\/\/www.babcock-wanson.com\/de\/wp-json\/wp\/v2\/product\/50081","targetHints":{"allow":["GET"]}}],"collection":[{"href":"https:\/\/www.babcock-wanson.com\/de\/wp-json\/wp\/v2\/product"}],"about":[{"href":"https:\/\/www.babcock-wanson.com\/de\/wp-json\/wp\/v2\/types\/product"}],"replies":[{"embeddable":true,"href":"https:\/\/www.babcock-wanson.com\/de\/wp-json\/wp\/v2\/comments?post=50081"}],"wp:featuredmedia":[{"embeddable":true,"href":"https:\/\/www.babcock-wanson.com\/de\/wp-json\/wp\/v2\/media\/50041"}],"wp:attachment":[{"href":"https:\/\/www.babcock-wanson.com\/de\/wp-json\/wp\/v2\/media?parent=50081"}],"wp:term":[{"taxonomy":"product_brand","embeddable":true,"href":"https:\/\/www.babcock-wanson.com\/de\/wp-json\/wp\/v2\/product_brand?post=50081"},{"taxonomy":"product_cat","embeddable":true,"href":"https:\/\/www.babcock-wanson.com\/de\/wp-json\/wp\/v2\/product_cat?post=50081"},{"taxonomy":"product_tag","embeddable":true,"href":"https:\/\/www.babcock-wanson.com\/de\/wp-json\/wp\/v2\/product_tag?post=50081"}],"curies":[{"name":"wp","href":"https:\/\/api.w.org\/{rel}","templated":true}]}}