{"id":50086,"date":"2018-08-15T11:32:09","date_gmt":"2025-01-17T09:21:05","guid":{"rendered":"https:\/\/www.babcock-wanson.com\/products\/unkategorisiert\/epc-h-serie\/"},"modified":"2025-04-11T16:19:35","modified_gmt":"2025-04-11T15:19:35","slug":"epc-h-serie","status":"publish","type":"product","link":"https:\/\/www.babcock-wanson.com\/de\/products\/warmetragerheizer\/epc-h-serie\/","title":{"rendered":"EPC-H-Serie"},"content":{"rendered":"<div class=\"vgblk-rw-wrapper limit-wrapper\">\r\n<h3>Hoher Wirkungsgrad<\/h3>\r\nDie Verbrennungskammer ist f\u00fcr eine geringe W\u00e4rmelast ausgelegt und verf\u00fcgt \u00fcber eine gro\u00dfe W\u00e4rmetauscherfl\u00e4che, was zu einem hohen thermischen Wirkungsgrad von bis zu 92 % f\u00fchrt. Die Konstruktion des W\u00e4rmetauschers f\u00fchrt au\u00dferdem zu einem optimalen Druckverlust auf der Fl\u00fcssigkeitsseite, wodurch der Leistungsbedarf der Umlaufpumpe reduziert wird, was f\u00fcr die Optimierung von Systemen mit hohem Durchfluss wichtig ist\r\n<h3>Einfacher, zuverl\u00e4ssiger Betrieb<\/h3>\r\n<ul>\r\n \t<li>Der EPC-H wird anschlussfertig f\u00fcr den W\u00e4rmetr\u00e4germedienkreislauf, die Brennstoffversorgung, die Stromversorgung und die Abgassysteme geliefert, was eine einfache und schnelle Installation erm\u00f6glicht.<\/li>\r\n \t<li>Der Babcock Wanson-Brenner ist robust und bew\u00e4hrt und wurde parallel zur Konstruktion der Verbrennungskammer und der Abgaskan\u00e4le entwickelt. Durch die hohe Betriebseffizienz f\u00fchrt diese optimale Konstruktion zu einer verl\u00e4ngerten Lebensdauer.<\/li>\r\n \t<li>Trotz des Hochleistungsbetriebs ist der EPC-H in der Lage, die strengsten Umweltanforderungen f\u00fcr Abgasemissionen zu erf\u00fcllen.<\/li>\r\n \t<li>In den Heizer integrierte Durchfluss\u00fcberwachungssysteme gew\u00e4hrleisten eine st\u00f6rungsfreie und zuverl\u00e4ssige Lebensdauer der Fl\u00fcssigkeit.<\/li>\r\n \t<li>Dank der einfachen Bedienung und Wartung ist der EPC-H die ideale Wahl f\u00fcr Projekte mit hohem Bedarf und sehr niedrigen Emissionsanforderungen.<\/li>\r\n<\/ul>\r\n<h3>Umweltfreundlich<\/h3>\r\n<ul>\r\n \t<li>Gebaut nach bew\u00e4hrten Entw\u00fcrfen, um einen reduzierten Kraftstoffverbrauch und eine einfache Bedienung zu gew\u00e4hrleisten.<\/li>\r\n \t<li>Minimale interne Ausmauerung bedeutet einfache Bedienung und Wartung \u00fcber einen l\u00e4ngeren Zeitraum.<\/li>\r\n \t<li>W\u00e4rmetr\u00e4gersysteme mit hohem Wirkungsgrad und reduziertem Abgasstrom bieten erhebliche Umweltvorteile.<\/li>\r\n<\/ul>\r\n<h3>Umfassendes Angebot an Zusatzausr\u00fcstung und Dienstleistungen<\/h3>\r\n<ul>\r\n \t<li>Vormontierte Konstruktionen \u2013 in Kombination mit einem SOV-Dampferzeuger<\/li>\r\n \t<li>Pumpen f\u00fcr W\u00e4rmetr\u00e4gerfl\u00fcssigkeiten<\/li>\r\n \t<li>Systemventile und -steuerungen<\/li>\r\n \t<li>Zubeh\u00f6r und W\u00e4rmetauscher sowie schl\u00fcsselfertige Projekte auf Anfrage<\/li>\r\n<\/ul>\r\n<h2>W\u00e4rmetr\u00e4gerheizer der EPC-H-Serie<\/h2>\r\n<table>\r\n<tbody>\r\n<tr>\r\n<th>EPC-H<\/th>\r\n<th>Modell<\/th>\r\n<th>2000<\/th>\r\n<th>3000<\/th>\r\n<th>4000<\/th>\r\n<th>5000<\/th>\r\n<th>6000<\/th>\r\n<th>7000<\/th>\r\n<th>8000<\/th>\r\n<th>10000<\/th>\r\n<th>12000<\/th>\r\n<\/tr>\r\n<tr>\r\n<th>Leistungsausgabe<\/th>\r\n<th>kCal\/hx1000<\/th>\r\n<td>2000<\/td>\r\n<td>3000<\/td>\r\n<td>4000<\/td>\r\n<td>5000<\/td>\r\n<td>6000<\/td>\r\n<td>7000<\/td>\r\n<td>8000<\/td>\r\n<td>10000<\/td>\r\n<td>12000<\/td>\r\n<\/tr>\r\n<tr>\r\n<th><\/th>\r\n<th>Kw<\/th>\r\n<td>2326<\/td>\r\n<td>3488<\/td>\r\n<td>4651<\/td>\r\n<td>5814<\/td>\r\n<td>6977<\/td>\r\n<td>8140<\/td>\r\n<td>9302<\/td>\r\n<td>11628<\/td>\r\n<td>13953<\/td>\r\n<\/tr>\r\n<tr>\r\n<th>Breite<\/th>\r\n<th>mm<\/th>\r\n<td>2368<\/td>\r\n<td>2472<\/td>\r\n<td>2668<\/td>\r\n<td>2768<\/td>\r\n<td>3096<\/td>\r\n<td>3268<\/td>\r\n<td>3268<\/td>\r\n<td>3668<\/td>\r\n<td>3668<\/td>\r\n<\/tr>\r\n<tr>\r\n<th>L\u00e4nge<\/th>\r\n<th>mm<\/th>\r\n<td>5744<\/td>\r\n<td>6557<\/td>\r\n<td>6921<\/td>\r\n<td>7191<\/td>\r\n<td>7391<\/td>\r\n<td>8450<\/td>\r\n<td>9058<\/td>\r\n<td>9595<\/td>\r\n<td>9595<\/td>\r\n<\/tr>\r\n<tr>\r\n<th>H\u00f6he<\/th>\r\n<th>mm<\/th>\r\n<td>2413<\/td>\r\n<td>2543<\/td>\r\n<td>2795<\/td>\r\n<td>2901<\/td>\r\n<td>3216<\/td>\r\n<td>3462<\/td>\r\n<td>3512<\/td>\r\n<td>3797<\/td>\r\n<td>4091<\/td>\r\n<\/tr>\r\n<\/tbody>\r\n<\/table>\r\n<\/div><!-- .vgblk-rw-wrapper -->","protected":false},"excerpt":{"rendered":"<p><strong>Leistungen von 2.000.000 bis 12.000.000 kCal\/h (2.326 bis 13.953 kW)<\/strong><br \/>\nDer EPC-H-Heizer von Babcock Wanson ist eine befeuerte horizontale, R\u00f6hrenkonstruktion mit mehrfachem Durchlauf der W\u00e4rmetr\u00e4germedien, und f\u00fcr einen hocheffizienten Betrieb mit Erdgas, Fl\u00fcssiggas, leichtem Heiz\u00f6l und einer Vielzahl von speziellen Biokraftstoffen ausgelegt. Der EPC-H-Heizer wurde f\u00fcr den Einsatz in einer Vielzahl von Prozessindustriezweigen entwickelt und zeichnet sich durch einen effizienten, einfachen, sicheren und zuverl\u00e4ssigen Betrieb aus.<\/p>\n","protected":false},"featured_media":50087,"comment_status":"closed","ping_status":"closed","template":"","meta":{"_acf_changed":false,"_relevanssi_hide_post":"","_relevanssi_hide_content":"","_relevanssi_pin_for_all":"","_relevanssi_pin_keywords":"","_relevanssi_unpin_keywords":"","_relevanssi_related_keywords":"","_relevanssi_related_include_ids":"","_relevanssi_related_exclude_ids":"","_relevanssi_related_no_append":"","_relevanssi_related_not_related":"","_relevanssi_related_posts":"","_relevanssi_noindex_reason":""},"product_brand":[],"product_cat":[6525],"product_tag":[],"class_list":{"0":"post-50086","1":"product","2":"type-product","3":"status-publish","4":"has-post-thumbnail","6":"product_cat-warmetragerheizer","8":"first","9":"instock","10":"shipping-taxable","11":"product-type-simple"},"acf":[],"yoast_head":"<!-- This site is optimized with the Yoast SEO Premium plugin v27.4 (Yoast SEO v27.4) - https:\/\/yoast.com\/product\/yoast-seo-premium-wordpress\/ -->\n<title>EPC-H-Serie W\u00e4rmetr\u00e4gerheizer \u2013 Babcock Wanson<\/title>\n<meta name=\"description\" content=\"Der EPC-H-Heizer wurde f\u00fcr den Einsatz in einer Vielzahl von Prozessindustriezweigen entwickelt und zeichnet sich durch einen effizienten, einfachen, sicheren und zuverl\u00e4ssigen Betrieb aus. Klicken Sie hier, um mehr zu erfahren\" \/>\n<meta name=\"robots\" content=\"index, follow, max-snippet:-1, max-image-preview:large, max-video-preview:-1\" \/>\n<link rel=\"canonical\" href=\"https:\/\/www.babcock-wanson.com\/de\/products\/warmetragerheizer\/epc-h-serie\/\" \/>\n<meta property=\"og:locale\" content=\"de_DE\" \/>\n<meta property=\"og:type\" content=\"article\" \/>\n<meta property=\"og:title\" content=\"EPC-H-Serie\" \/>\n<meta property=\"og:description\" content=\"Der EPC-H-Heizer wurde f\u00fcr den Einsatz in einer Vielzahl von Prozessindustriezweigen entwickelt und zeichnet sich durch einen effizienten, einfachen, sicheren und zuverl\u00e4ssigen Betrieb aus. Klicken Sie hier, um mehr zu erfahren\" \/>\n<meta property=\"og:url\" content=\"https:\/\/www.babcock-wanson.com\/de\/products\/warmetragerheizer\/epc-h-serie\/\" \/>\n<meta property=\"og:site_name\" content=\"Babcock Wanson\" \/>\n<meta property=\"article:modified_time\" content=\"2025-04-11T15:19:35+00:00\" \/>\n<meta property=\"og:image\" content=\"https:\/\/www.babcock-wanson.com\/wp-content\/uploads\/2018\/08\/EPC-H-Thermal-Fluid-Heater-3.jpg\" \/>\n\t<meta property=\"og:image:width\" content=\"600\" \/>\n\t<meta property=\"og:image:height\" content=\"400\" \/>\n\t<meta property=\"og:image:type\" content=\"image\/jpeg\" \/>\n<meta name=\"twitter:card\" content=\"summary_large_image\" \/>\n<meta name=\"twitter:label1\" content=\"Est. reading time\" \/>\n\t<meta name=\"twitter:data1\" content=\"2 Minuten\" \/>\n<script type=\"application\/ld+json\" class=\"yoast-schema-graph\">{\"@context\":\"https:\\\/\\\/schema.org\",\"@graph\":[{\"@type\":\"WebPage\",\"@id\":\"https:\\\/\\\/www.babcock-wanson.com\\\/de\\\/products\\\/warmetragerheizer\\\/epc-h-serie\\\/\",\"url\":\"https:\\\/\\\/www.babcock-wanson.com\\\/de\\\/products\\\/warmetragerheizer\\\/epc-h-serie\\\/\",\"name\":\"EPC-H-Serie W\u00e4rmetr\u00e4gerheizer \u2013 Babcock Wanson\",\"isPartOf\":{\"@id\":\"https:\\\/\\\/www.babcock-wanson.com\\\/de\\\/#website\"},\"primaryImageOfPage\":{\"@id\":\"https:\\\/\\\/www.babcock-wanson.com\\\/de\\\/products\\\/warmetragerheizer\\\/epc-h-serie\\\/#primaryimage\"},\"image\":{\"@id\":\"https:\\\/\\\/www.babcock-wanson.com\\\/de\\\/products\\\/warmetragerheizer\\\/epc-h-serie\\\/#primaryimage\"},\"thumbnailUrl\":\"https:\\\/\\\/www.babcock-wanson.com\\\/wp-content\\\/uploads\\\/2018\\\/08\\\/EPC-H-Thermal-Fluid-Heater-3.jpg\",\"datePublished\":\"2025-01-17T09:21:05+00:00\",\"dateModified\":\"2025-04-11T15:19:35+00:00\",\"description\":\"Der EPC-H-Heizer wurde f\u00fcr den Einsatz in einer Vielzahl von Prozessindustriezweigen entwickelt und zeichnet sich durch einen effizienten, einfachen, sicheren und zuverl\u00e4ssigen Betrieb aus. Klicken Sie hier, um mehr zu erfahren\",\"breadcrumb\":{\"@id\":\"https:\\\/\\\/www.babcock-wanson.com\\\/de\\\/products\\\/warmetragerheizer\\\/epc-h-serie\\\/#breadcrumb\"},\"inLanguage\":\"de-DE\",\"potentialAction\":[{\"@type\":\"ReadAction\",\"target\":[\"https:\\\/\\\/www.babcock-wanson.com\\\/de\\\/products\\\/warmetragerheizer\\\/epc-h-serie\\\/\"]}]},{\"@type\":\"ImageObject\",\"inLanguage\":\"de-DE\",\"@id\":\"https:\\\/\\\/www.babcock-wanson.com\\\/de\\\/products\\\/warmetragerheizer\\\/epc-h-serie\\\/#primaryimage\",\"url\":\"https:\\\/\\\/www.babcock-wanson.com\\\/wp-content\\\/uploads\\\/2018\\\/08\\\/EPC-H-Thermal-Fluid-Heater-3.jpg\",\"contentUrl\":\"https:\\\/\\\/www.babcock-wanson.com\\\/wp-content\\\/uploads\\\/2018\\\/08\\\/EPC-H-Thermal-Fluid-Heater-3.jpg\",\"width\":600,\"height\":400},{\"@type\":\"BreadcrumbList\",\"@id\":\"https:\\\/\\\/www.babcock-wanson.com\\\/de\\\/products\\\/warmetragerheizer\\\/epc-h-serie\\\/#breadcrumb\",\"itemListElement\":[{\"@type\":\"ListItem\",\"position\":1,\"name\":\"Inicio\",\"item\":\"https:\\\/\\\/www.babcock-wanson.com\\\/de\\\/\"},{\"@type\":\"ListItem\",\"position\":2,\"name\":\"Produkte\",\"item\":\"https:\\\/\\\/www.babcock-wanson.com\\\/de\\\/shop\\\/\"},{\"@type\":\"ListItem\",\"position\":3,\"name\":\"W\u00e4rmetr\u00e4gerheizer\",\"item\":\"https:\\\/\\\/www.babcock-wanson.com\\\/de\\\/produkt-kategorie\\\/warmetragerheizer\\\/\"},{\"@type\":\"ListItem\",\"position\":4,\"name\":\"EPC-H-Serie\"}]},{\"@type\":\"WebSite\",\"@id\":\"https:\\\/\\\/www.babcock-wanson.com\\\/de\\\/#website\",\"url\":\"https:\\\/\\\/www.babcock-wanson.com\\\/de\\\/\",\"name\":\"Babcock Wanson\",\"description\":\"\",\"publisher\":{\"@id\":\"https:\\\/\\\/www.babcock-wanson.com\\\/de\\\/#organization\"},\"potentialAction\":[{\"@type\":\"SearchAction\",\"target\":{\"@type\":\"EntryPoint\",\"urlTemplate\":\"https:\\\/\\\/www.babcock-wanson.com\\\/de\\\/?s={search_term_string}\"},\"query-input\":{\"@type\":\"PropertyValueSpecification\",\"valueRequired\":true,\"valueName\":\"search_term_string\"}}],\"inLanguage\":\"de-DE\"},{\"@type\":\"Organization\",\"@id\":\"https:\\\/\\\/www.babcock-wanson.com\\\/de\\\/#organization\",\"name\":\"Babcock Wanson\",\"url\":\"https:\\\/\\\/www.babcock-wanson.com\\\/de\\\/\",\"logo\":{\"@type\":\"ImageObject\",\"inLanguage\":\"de-DE\",\"@id\":\"https:\\\/\\\/www.babcock-wanson.com\\\/de\\\/#\\\/schema\\\/logo\\\/image\\\/\",\"url\":\"https:\\\/\\\/www.babcock-wanson.com\\\/wp-content\\\/uploads\\\/2024\\\/02\\\/Babcock-Wanson-1200x1200-1.png\",\"contentUrl\":\"https:\\\/\\\/www.babcock-wanson.com\\\/wp-content\\\/uploads\\\/2024\\\/02\\\/Babcock-Wanson-1200x1200-1.png\",\"width\":1200,\"height\":1200,\"caption\":\"Babcock Wanson\"},\"image\":{\"@id\":\"https:\\\/\\\/www.babcock-wanson.com\\\/de\\\/#\\\/schema\\\/logo\\\/image\\\/\"},\"sameAs\":[\"https:\\\/\\\/www.linkedin.com\\\/company\\\/babcock-wanson\\\/\",\"https:\\\/\\\/www.youtube.com\\\/channel\\\/UCtxl25VieBBsP2kYmtlyv7A\"]}]}<\/script>\n<!-- \/ Yoast SEO Premium plugin. -->","yoast_head_json":{"title":"EPC-H-Serie W\u00e4rmetr\u00e4gerheizer \u2013 Babcock Wanson","description":"Der EPC-H-Heizer wurde f\u00fcr den Einsatz in einer Vielzahl von Prozessindustriezweigen entwickelt und zeichnet sich durch einen effizienten, einfachen, sicheren und zuverl\u00e4ssigen Betrieb aus. Klicken Sie hier, um mehr zu erfahren","robots":{"index":"index","follow":"follow","max-snippet":"max-snippet:-1","max-image-preview":"max-image-preview:large","max-video-preview":"max-video-preview:-1"},"canonical":"https:\/\/www.babcock-wanson.com\/de\/products\/warmetragerheizer\/epc-h-serie\/","og_locale":"de_DE","og_type":"article","og_title":"EPC-H-Serie","og_description":"Der EPC-H-Heizer wurde f\u00fcr den Einsatz in einer Vielzahl von Prozessindustriezweigen entwickelt und zeichnet sich durch einen effizienten, einfachen, sicheren und zuverl\u00e4ssigen Betrieb aus. Klicken Sie hier, um mehr zu erfahren","og_url":"https:\/\/www.babcock-wanson.com\/de\/products\/warmetragerheizer\/epc-h-serie\/","og_site_name":"Babcock Wanson","article_modified_time":"2025-04-11T15:19:35+00:00","og_image":[{"width":600,"height":400,"url":"https:\/\/www.babcock-wanson.com\/wp-content\/uploads\/2018\/08\/EPC-H-Thermal-Fluid-Heater-3.jpg","type":"image\/jpeg"}],"twitter_card":"summary_large_image","twitter_misc":{"Est. reading time":"2 Minuten"},"schema":{"@context":"https:\/\/schema.org","@graph":[{"@type":"WebPage","@id":"https:\/\/www.babcock-wanson.com\/de\/products\/warmetragerheizer\/epc-h-serie\/","url":"https:\/\/www.babcock-wanson.com\/de\/products\/warmetragerheizer\/epc-h-serie\/","name":"EPC-H-Serie W\u00e4rmetr\u00e4gerheizer \u2013 Babcock Wanson","isPartOf":{"@id":"https:\/\/www.babcock-wanson.com\/de\/#website"},"primaryImageOfPage":{"@id":"https:\/\/www.babcock-wanson.com\/de\/products\/warmetragerheizer\/epc-h-serie\/#primaryimage"},"image":{"@id":"https:\/\/www.babcock-wanson.com\/de\/products\/warmetragerheizer\/epc-h-serie\/#primaryimage"},"thumbnailUrl":"https:\/\/www.babcock-wanson.com\/wp-content\/uploads\/2018\/08\/EPC-H-Thermal-Fluid-Heater-3.jpg","datePublished":"2025-01-17T09:21:05+00:00","dateModified":"2025-04-11T15:19:35+00:00","description":"Der EPC-H-Heizer wurde f\u00fcr den Einsatz in einer Vielzahl von Prozessindustriezweigen entwickelt und zeichnet sich durch einen effizienten, einfachen, sicheren und zuverl\u00e4ssigen Betrieb aus. Klicken Sie hier, um mehr zu erfahren","breadcrumb":{"@id":"https:\/\/www.babcock-wanson.com\/de\/products\/warmetragerheizer\/epc-h-serie\/#breadcrumb"},"inLanguage":"de-DE","potentialAction":[{"@type":"ReadAction","target":["https:\/\/www.babcock-wanson.com\/de\/products\/warmetragerheizer\/epc-h-serie\/"]}]},{"@type":"ImageObject","inLanguage":"de-DE","@id":"https:\/\/www.babcock-wanson.com\/de\/products\/warmetragerheizer\/epc-h-serie\/#primaryimage","url":"https:\/\/www.babcock-wanson.com\/wp-content\/uploads\/2018\/08\/EPC-H-Thermal-Fluid-Heater-3.jpg","contentUrl":"https:\/\/www.babcock-wanson.com\/wp-content\/uploads\/2018\/08\/EPC-H-Thermal-Fluid-Heater-3.jpg","width":600,"height":400},{"@type":"BreadcrumbList","@id":"https:\/\/www.babcock-wanson.com\/de\/products\/warmetragerheizer\/epc-h-serie\/#breadcrumb","itemListElement":[{"@type":"ListItem","position":1,"name":"Inicio","item":"https:\/\/www.babcock-wanson.com\/de\/"},{"@type":"ListItem","position":2,"name":"Produkte","item":"https:\/\/www.babcock-wanson.com\/de\/shop\/"},{"@type":"ListItem","position":3,"name":"W\u00e4rmetr\u00e4gerheizer","item":"https:\/\/www.babcock-wanson.com\/de\/produkt-kategorie\/warmetragerheizer\/"},{"@type":"ListItem","position":4,"name":"EPC-H-Serie"}]},{"@type":"WebSite","@id":"https:\/\/www.babcock-wanson.com\/de\/#website","url":"https:\/\/www.babcock-wanson.com\/de\/","name":"Babcock Wanson","description":"","publisher":{"@id":"https:\/\/www.babcock-wanson.com\/de\/#organization"},"potentialAction":[{"@type":"SearchAction","target":{"@type":"EntryPoint","urlTemplate":"https:\/\/www.babcock-wanson.com\/de\/?s={search_term_string}"},"query-input":{"@type":"PropertyValueSpecification","valueRequired":true,"valueName":"search_term_string"}}],"inLanguage":"de-DE"},{"@type":"Organization","@id":"https:\/\/www.babcock-wanson.com\/de\/#organization","name":"Babcock Wanson","url":"https:\/\/www.babcock-wanson.com\/de\/","logo":{"@type":"ImageObject","inLanguage":"de-DE","@id":"https:\/\/www.babcock-wanson.com\/de\/#\/schema\/logo\/image\/","url":"https:\/\/www.babcock-wanson.com\/wp-content\/uploads\/2024\/02\/Babcock-Wanson-1200x1200-1.png","contentUrl":"https:\/\/www.babcock-wanson.com\/wp-content\/uploads\/2024\/02\/Babcock-Wanson-1200x1200-1.png","width":1200,"height":1200,"caption":"Babcock Wanson"},"image":{"@id":"https:\/\/www.babcock-wanson.com\/de\/#\/schema\/logo\/image\/"},"sameAs":["https:\/\/www.linkedin.com\/company\/babcock-wanson\/","https:\/\/www.youtube.com\/channel\/UCtxl25VieBBsP2kYmtlyv7A"]}]}},"jetpack_sharing_enabled":true,"_links":{"self":[{"href":"https:\/\/www.babcock-wanson.com\/de\/wp-json\/wp\/v2\/product\/50086","targetHints":{"allow":["GET"]}}],"collection":[{"href":"https:\/\/www.babcock-wanson.com\/de\/wp-json\/wp\/v2\/product"}],"about":[{"href":"https:\/\/www.babcock-wanson.com\/de\/wp-json\/wp\/v2\/types\/product"}],"replies":[{"embeddable":true,"href":"https:\/\/www.babcock-wanson.com\/de\/wp-json\/wp\/v2\/comments?post=50086"}],"wp:featuredmedia":[{"embeddable":true,"href":"https:\/\/www.babcock-wanson.com\/de\/wp-json\/wp\/v2\/media\/50087"}],"wp:attachment":[{"href":"https:\/\/www.babcock-wanson.com\/de\/wp-json\/wp\/v2\/media?parent=50086"}],"wp:term":[{"taxonomy":"product_brand","embeddable":true,"href":"https:\/\/www.babcock-wanson.com\/de\/wp-json\/wp\/v2\/product_brand?post=50086"},{"taxonomy":"product_cat","embeddable":true,"href":"https:\/\/www.babcock-wanson.com\/de\/wp-json\/wp\/v2\/product_cat?post=50086"},{"taxonomy":"product_tag","embeddable":true,"href":"https:\/\/www.babcock-wanson.com\/de\/wp-json\/wp\/v2\/product_tag?post=50086"}],"curies":[{"name":"wp","href":"https:\/\/api.w.org\/{rel}","templated":true}]}}