{"id":50141,"date":"2018-05-22T10:06:14","date_gmt":"2025-01-17T09:33:51","guid":{"rendered":"https:\/\/www.babcock-wanson.com\/products\/unkategorisiert\/eurosteam\/"},"modified":"2025-04-08T16:50:19","modified_gmt":"2025-04-08T15:50:19","slug":"eurosteam","status":"publish","type":"product","link":"https:\/\/www.babcock-wanson.com\/de\/products\/rohrschlangendampfkessel\/eurosteam\/","title":{"rendered":"Eurosteam"},"content":{"rendered":"<div class=\"vgblk-rw-wrapper limit-wrapper\">\n<h3>Hoher Wirkungsgrad<\/h3>\n<ul>\n<li>Ein niedriger Wassergehalt bedeutet, dass die Inbetriebnahme schnell erfolgt und die W\u00e4rmeverluste und Betriebskosten niedrig sind.<\/li>\n<li>Die Verbrennungsluftvorw\u00e4rmung ist eine integrierte Funktion der ESM-Reihe. In Kombination mit einer gro\u00dfen W\u00e4rme\u00fcbertragungsfl\u00e4che wird ein thermischer Wirkungsgrad von ca. 90 % erreicht. Bei Ausstattung mit einem <a href=\"https:\/\/www.babcock-wanson.com\/de\/products\/warmeruckgewinnungssysteme\/vorwaermer\/\" target=\"_blank\" rel=\"noopener\">Babcock-Wanson-Rauchgasvorw\u00e4rmer<\/a>, kann der thermische Wirkungsgrad auf bis zu 95 % erh\u00f6ht werden.<\/li>\n<\/ul>\n<h3>Einfacher, zuverl\u00e4ssiger Betrieb:<\/h3>\n<ul>\n<li>Der EUROSTEAM-Dampferzeuger ist standardm\u00e4\u00dfig mit einem vollst\u00e4ndig integrierten und werkseitig getesteten Steuerungssystem ausgestattet und wird als Komplettpaket f\u00fcr eine einfache Installation in der Anlage geliefert.<\/li>\n<li>Der Babcock Wanson-Brenner, der speziell f\u00fcr das ESM entwickelt wurde, ist f\u00fcr den Betrieb mit Erdgas, Fl\u00fcssiggas, leichtem Heiz\u00f6l und einer Vielzahl von speziellen Biokraftstoffen ausgelegt.<\/li>\n<li>Die Verbrennungsluftvorw\u00e4rmung, die innerhalb des doppelten Luftspalts zwischen dem Au\u00dfenmantel und der Verbrennungskammer erreicht wird, hat einen doppelten Zweck. Der Luftmantel reduziert nicht nur den Brennstoffverbrauch, sondern dient auch als W\u00e4rmed\u00e4mmung f\u00fcr den Kessel, was zu geringen Oberfl\u00e4chenverlusten f\u00fchrt.<\/li>\n<li>Der Schnelldampferzeuger EUROSTEAM kann mit der Betriebsmodus Babcock Wanson 72H installiert werden, wenn dies durch l\u00e4nderspezifische Vorschriften erforderlich ist, was eine einfache Einrichtung und geringere Betriebskosten erm\u00f6glicht.<\/li>\n<\/ul>\n<h3>Umweltfreundlich<\/h3>\n<ul>\n<li>Der EUROSTEAM-Schnelldampferzeuger ist \u00e4u\u00dferst effizient und weist in der Standardausf\u00fchrung geringe Emissionen auf.<\/li>\n<li>Ein optionales System zur Abgasr\u00fcckf\u00fchrung (EGR) sorgt f\u00fcr eine weitere Reduzierung der Stickoxidemissionen und gew\u00e4hrleistet die Einhaltung der Verbrennungsanlagen-Richtlinie (MCPD).<\/li>\n<\/ul>\n<h3>Umfassendes Angebot an Zusatzausr\u00fcstung<\/h3>\n<ul>\n<li>Wasseraufbereitung einschlie\u00dflich Wasserenth\u00e4rtern, RO-Anlage und Chemikalien-Dosierausr\u00fcstung<\/li>\n<li>Speisewasserbeh\u00e4lter und atmosph\u00e4rische und druckbeaufschlagte thermische Entgaser von Babcock Wanson<\/li>\n<li>Druckminderungsstationen &amp; Dampfregelventile<\/li>\n<li>Dampfabscheider, Abschl\u00e4mmgef\u00e4\u00dfe und W\u00e4rmetauscher<\/li>\n<\/ul>\n<h2>EUROSTEAM-Dampferzeuger<\/h2>\n<div class=\"table-responsive\">\n<table>\n<tbody>\n<tr>\n<th class=\"bg-primary text-white\">Eurosteam<\/th>\n<th class=\"bg-primary text-white\">Modell<\/th>\n<th>1000<\/th>\n<th>1250<\/th>\n<th>1500<\/th>\n<th>1750<\/th>\n<th>2000<\/th>\n<th>2500<\/th>\n<th>3000<\/th>\n<th>3500<\/th>\n<th>4000<\/th>\n<th>5000<\/th>\n<th>6000<\/th>\n<th>7000<\/th>\n<th>8000<\/th>\n<th>10000<\/th>\n<\/tr>\n<tr>\n<th>Kapazit\u00e4t<\/th>\n<th>Kcal\/h x 1000<\/th>\n<td>600<\/td>\n<td>750<\/td>\n<td>900<\/td>\n<td>1050<\/td>\n<td>1200<\/td>\n<td>1500<\/td>\n<td>1800<\/td>\n<td>2100<\/td>\n<td>2400<\/td>\n<td>3000<\/td>\n<td>3600<\/td>\n<td>4200<\/td>\n<td>4800<\/td>\n<td>6000<\/td>\n<\/tr>\n<tr>\n<th>Leistungsausgabe<\/th>\n<th>kW<\/th>\n<td>697<\/td>\n<td>872<\/td>\n<td>1046<\/td>\n<td>1220<\/td>\n<td>1395<\/td>\n<td>1744<\/td>\n<td>2093<\/td>\n<td>2441<\/td>\n<td>2790<\/td>\n<td>3488<\/td>\n<td>4186<\/td>\n<td>4883<\/td>\n<td>5581<\/td>\n<td>6976<\/td>\n<\/tr>\n<tr class=\"table-secondary\">\n<th class=\"bg-secondary text-white\">Breite A<\/th>\n<th class=\"bg-secondary text-white\">mm<\/th>\n<td>1760<\/td>\n<td>1760<\/td>\n<td>1820<\/td>\n<td>1820<\/td>\n<td>1850<\/td>\n<td>2250<\/td>\n<td>2250<\/td>\n<td>2270<\/td>\n<td>2270<\/td>\n<td>3020<\/td>\n<td>3020<\/td>\n<td>3480<\/td>\n<td>3780<\/td>\n<td>4050<\/td>\n<\/tr>\n<tr class=\"table-dark\">\n<th class=\"bg-dark text-white\">H\u00f6he B<\/th>\n<th class=\"bg-dark text-white\">mm<\/th>\n<td>1821<\/td>\n<td>1821<\/td>\n<td>1830<\/td>\n<td>1830<\/td>\n<td>1850<\/td>\n<td>2300<\/td>\n<td>2300<\/td>\n<td>2300<\/td>\n<td>2300<\/td>\n<td>2300<\/td>\n<td>2700<\/td>\n<td>2700<\/td>\n<td>3090<\/td>\n<td>3250<\/td>\n<\/tr>\n<tr class=\"table-primary\">\n<th class=\"bg-primary text-white\">L\u00e4nge C<\/th>\n<th class=\"bg-primary text-white\">mm<\/th>\n<td>2856<\/td>\n<td>2870<\/td>\n<td>2870<\/td>\n<td>2890<\/td>\n<td>2890<\/td>\n<td>4300<\/td>\n<td>4300<\/td>\n<td>4300<\/td>\n<td>4300<\/td>\n<td>5710<\/td>\n<td>5710<\/td>\n<td>6480<\/td>\n<td>6480<\/td>\n<td>7630<\/td>\n<\/tr>\n<\/tbody>\n<\/table>\n<\/div>\n<\/div>\n<p><!-- .vgblk-rw-wrapper --><\/p>\n","protected":false},"excerpt":{"rendered":"<p><strong>Von 600.000 bis 6.000.000 kCal\/h (697 bis 6.976 kW)<\/strong><br \/>\nDer EUROSTEAM (ESM) von Babcock Wanson ist ein horizontaler, hocheffizienter Schnelldampferzeuger. Basierend auf unserem bew\u00e4hrten Heizspulendesign, das einen robusten, energiesparenden und umweltfreundlichen Kessel bietet, kann die ESM-Einheit in nur drei Minuten ab Kaltstart Dampf erzeugen.<\/p>\n<p>EUROSTEAM-Spiraldampferzeuger weisen einen geringen Wassergehalt auf, was selbst bei hohen Dr\u00fccken eine au\u00dfergew\u00f6hnliche Sicherheit gew\u00e4hrleistet. Die regul\u00e4re Produktpalette der ESM-Einheiten produziert bis zu 10.000 kg\/h ges\u00e4ttigten Dampf mit einem Betriebsdruck von bis zu 29 bar in Standardform. H\u00f6here Dr\u00fccke sind auf Anfrage erh\u00e4ltlich, wobei einige Modelle mit bis zu 100 bar arbeiten.<\/p>\n","protected":false},"featured_media":50142,"comment_status":"open","ping_status":"closed","template":"","meta":{"_acf_changed":false,"_relevanssi_hide_post":"","_relevanssi_hide_content":"","_relevanssi_pin_for_all":"","_relevanssi_pin_keywords":"","_relevanssi_unpin_keywords":"","_relevanssi_related_keywords":"","_relevanssi_related_include_ids":"","_relevanssi_related_exclude_ids":"","_relevanssi_related_no_append":"","_relevanssi_related_not_related":"","_relevanssi_related_posts":"","_relevanssi_noindex_reason":""},"product_brand":[],"product_cat":[6519,6522],"product_tag":[],"class_list":{"0":"post-50141","1":"product","2":"type-product","3":"status-publish","4":"has-post-thumbnail","6":"product_cat-dampfkessel","7":"product_cat-rohrschlangendampfkessel","9":"first","10":"instock","11":"shipping-taxable","12":"product-type-simple"},"acf":[],"yoast_head":"<!-- This site is optimized with the Yoast SEO Premium plugin v27.4 (Yoast SEO v27.4) - https:\/\/yoast.com\/product\/yoast-seo-premium-wordpress\/ -->\n<title>Eurosteam - Babcock Wanson<\/title>\n<meta name=\"description\" content=\"Der EUROSTEAM (ESM) von Babcock Wanson ist ein horizontaler, hocheffizienter Schnelldampferzeuger. Klicken Sie hier, um mehr \u00fcber unseren EUROSTEAM-Kessel zu erfahren\" \/>\n<meta name=\"robots\" content=\"index, follow, max-snippet:-1, max-image-preview:large, max-video-preview:-1\" \/>\n<link rel=\"canonical\" href=\"https:\/\/www.babcock-wanson.com\/de\/products\/rohrschlangendampfkessel\/eurosteam\/\" \/>\n<meta property=\"og:locale\" content=\"de_DE\" \/>\n<meta property=\"og:type\" content=\"article\" \/>\n<meta property=\"og:title\" content=\"Eurosteam\" \/>\n<meta property=\"og:description\" content=\"Der EUROSTEAM (ESM) von Babcock Wanson ist ein horizontaler, hocheffizienter Schnelldampferzeuger. Klicken Sie hier, um mehr \u00fcber unseren EUROSTEAM-Kessel zu erfahren\" \/>\n<meta property=\"og:url\" content=\"https:\/\/www.babcock-wanson.com\/de\/products\/rohrschlangendampfkessel\/eurosteam\/\" \/>\n<meta property=\"og:site_name\" content=\"Babcock Wanson\" \/>\n<meta property=\"article:modified_time\" content=\"2025-04-08T15:50:19+00:00\" \/>\n<meta property=\"og:image\" content=\"https:\/\/www.babcock-wanson.com\/wp-content\/uploads\/2018\/05\/Eurosteam-1.png\" \/>\n\t<meta property=\"og:image:width\" content=\"600\" \/>\n\t<meta property=\"og:image:height\" content=\"400\" \/>\n\t<meta property=\"og:image:type\" content=\"image\/png\" \/>\n<meta name=\"twitter:card\" content=\"summary_large_image\" \/>\n<meta name=\"twitter:label1\" content=\"Est. reading time\" \/>\n\t<meta name=\"twitter:data1\" content=\"2 Minuten\" \/>\n<script type=\"application\/ld+json\" class=\"yoast-schema-graph\">{\"@context\":\"https:\\\/\\\/schema.org\",\"@graph\":[{\"@type\":\"WebPage\",\"@id\":\"https:\\\/\\\/www.babcock-wanson.com\\\/de\\\/products\\\/rohrschlangendampfkessel\\\/eurosteam\\\/\",\"url\":\"https:\\\/\\\/www.babcock-wanson.com\\\/de\\\/products\\\/rohrschlangendampfkessel\\\/eurosteam\\\/\",\"name\":\"Eurosteam - Babcock Wanson\",\"isPartOf\":{\"@id\":\"https:\\\/\\\/www.babcock-wanson.com\\\/de\\\/#website\"},\"primaryImageOfPage\":{\"@id\":\"https:\\\/\\\/www.babcock-wanson.com\\\/de\\\/products\\\/rohrschlangendampfkessel\\\/eurosteam\\\/#primaryimage\"},\"image\":{\"@id\":\"https:\\\/\\\/www.babcock-wanson.com\\\/de\\\/products\\\/rohrschlangendampfkessel\\\/eurosteam\\\/#primaryimage\"},\"thumbnailUrl\":\"https:\\\/\\\/www.babcock-wanson.com\\\/wp-content\\\/uploads\\\/2018\\\/05\\\/Eurosteam-1.png\",\"datePublished\":\"2025-01-17T09:33:51+00:00\",\"dateModified\":\"2025-04-08T15:50:19+00:00\",\"description\":\"Der EUROSTEAM (ESM) von Babcock Wanson ist ein horizontaler, hocheffizienter Schnelldampferzeuger. Klicken Sie hier, um mehr \u00fcber unseren EUROSTEAM-Kessel zu erfahren\",\"breadcrumb\":{\"@id\":\"https:\\\/\\\/www.babcock-wanson.com\\\/de\\\/products\\\/rohrschlangendampfkessel\\\/eurosteam\\\/#breadcrumb\"},\"inLanguage\":\"de-DE\",\"potentialAction\":[{\"@type\":\"ReadAction\",\"target\":[\"https:\\\/\\\/www.babcock-wanson.com\\\/de\\\/products\\\/rohrschlangendampfkessel\\\/eurosteam\\\/\"]}]},{\"@type\":\"ImageObject\",\"inLanguage\":\"de-DE\",\"@id\":\"https:\\\/\\\/www.babcock-wanson.com\\\/de\\\/products\\\/rohrschlangendampfkessel\\\/eurosteam\\\/#primaryimage\",\"url\":\"https:\\\/\\\/www.babcock-wanson.com\\\/wp-content\\\/uploads\\\/2018\\\/05\\\/Eurosteam-1.png\",\"contentUrl\":\"https:\\\/\\\/www.babcock-wanson.com\\\/wp-content\\\/uploads\\\/2018\\\/05\\\/Eurosteam-1.png\",\"width\":600,\"height\":400},{\"@type\":\"BreadcrumbList\",\"@id\":\"https:\\\/\\\/www.babcock-wanson.com\\\/de\\\/products\\\/rohrschlangendampfkessel\\\/eurosteam\\\/#breadcrumb\",\"itemListElement\":[{\"@type\":\"ListItem\",\"position\":1,\"name\":\"Inicio\",\"item\":\"https:\\\/\\\/www.babcock-wanson.com\\\/de\\\/\"},{\"@type\":\"ListItem\",\"position\":2,\"name\":\"Produkte\",\"item\":\"https:\\\/\\\/www.babcock-wanson.com\\\/de\\\/shop\\\/\"},{\"@type\":\"ListItem\",\"position\":3,\"name\":\"Rohrschlangendampfkessel\",\"item\":\"https:\\\/\\\/www.babcock-wanson.com\\\/de\\\/produkt-kategorie\\\/rohrschlangendampfkessel\\\/\"},{\"@type\":\"ListItem\",\"position\":4,\"name\":\"Eurosteam\"}]},{\"@type\":\"WebSite\",\"@id\":\"https:\\\/\\\/www.babcock-wanson.com\\\/de\\\/#website\",\"url\":\"https:\\\/\\\/www.babcock-wanson.com\\\/de\\\/\",\"name\":\"Babcock Wanson\",\"description\":\"\",\"publisher\":{\"@id\":\"https:\\\/\\\/www.babcock-wanson.com\\\/de\\\/#organization\"},\"potentialAction\":[{\"@type\":\"SearchAction\",\"target\":{\"@type\":\"EntryPoint\",\"urlTemplate\":\"https:\\\/\\\/www.babcock-wanson.com\\\/de\\\/?s={search_term_string}\"},\"query-input\":{\"@type\":\"PropertyValueSpecification\",\"valueRequired\":true,\"valueName\":\"search_term_string\"}}],\"inLanguage\":\"de-DE\"},{\"@type\":\"Organization\",\"@id\":\"https:\\\/\\\/www.babcock-wanson.com\\\/de\\\/#organization\",\"name\":\"Babcock Wanson\",\"url\":\"https:\\\/\\\/www.babcock-wanson.com\\\/de\\\/\",\"logo\":{\"@type\":\"ImageObject\",\"inLanguage\":\"de-DE\",\"@id\":\"https:\\\/\\\/www.babcock-wanson.com\\\/de\\\/#\\\/schema\\\/logo\\\/image\\\/\",\"url\":\"https:\\\/\\\/www.babcock-wanson.com\\\/wp-content\\\/uploads\\\/2024\\\/02\\\/Babcock-Wanson-1200x1200-1.png\",\"contentUrl\":\"https:\\\/\\\/www.babcock-wanson.com\\\/wp-content\\\/uploads\\\/2024\\\/02\\\/Babcock-Wanson-1200x1200-1.png\",\"width\":1200,\"height\":1200,\"caption\":\"Babcock Wanson\"},\"image\":{\"@id\":\"https:\\\/\\\/www.babcock-wanson.com\\\/de\\\/#\\\/schema\\\/logo\\\/image\\\/\"},\"sameAs\":[\"https:\\\/\\\/www.linkedin.com\\\/company\\\/babcock-wanson\\\/\",\"https:\\\/\\\/www.youtube.com\\\/channel\\\/UCtxl25VieBBsP2kYmtlyv7A\"]}]}<\/script>\n<!-- \/ Yoast SEO Premium plugin. -->","yoast_head_json":{"title":"Eurosteam - Babcock Wanson","description":"Der EUROSTEAM (ESM) von Babcock Wanson ist ein horizontaler, hocheffizienter Schnelldampferzeuger. Klicken Sie hier, um mehr \u00fcber unseren EUROSTEAM-Kessel zu erfahren","robots":{"index":"index","follow":"follow","max-snippet":"max-snippet:-1","max-image-preview":"max-image-preview:large","max-video-preview":"max-video-preview:-1"},"canonical":"https:\/\/www.babcock-wanson.com\/de\/products\/rohrschlangendampfkessel\/eurosteam\/","og_locale":"de_DE","og_type":"article","og_title":"Eurosteam","og_description":"Der EUROSTEAM (ESM) von Babcock Wanson ist ein horizontaler, hocheffizienter Schnelldampferzeuger. Klicken Sie hier, um mehr \u00fcber unseren EUROSTEAM-Kessel zu erfahren","og_url":"https:\/\/www.babcock-wanson.com\/de\/products\/rohrschlangendampfkessel\/eurosteam\/","og_site_name":"Babcock Wanson","article_modified_time":"2025-04-08T15:50:19+00:00","og_image":[{"width":600,"height":400,"url":"https:\/\/www.babcock-wanson.com\/wp-content\/uploads\/2018\/05\/Eurosteam-1.png","type":"image\/png"}],"twitter_card":"summary_large_image","twitter_misc":{"Est. reading time":"2 Minuten"},"schema":{"@context":"https:\/\/schema.org","@graph":[{"@type":"WebPage","@id":"https:\/\/www.babcock-wanson.com\/de\/products\/rohrschlangendampfkessel\/eurosteam\/","url":"https:\/\/www.babcock-wanson.com\/de\/products\/rohrschlangendampfkessel\/eurosteam\/","name":"Eurosteam - Babcock Wanson","isPartOf":{"@id":"https:\/\/www.babcock-wanson.com\/de\/#website"},"primaryImageOfPage":{"@id":"https:\/\/www.babcock-wanson.com\/de\/products\/rohrschlangendampfkessel\/eurosteam\/#primaryimage"},"image":{"@id":"https:\/\/www.babcock-wanson.com\/de\/products\/rohrschlangendampfkessel\/eurosteam\/#primaryimage"},"thumbnailUrl":"https:\/\/www.babcock-wanson.com\/wp-content\/uploads\/2018\/05\/Eurosteam-1.png","datePublished":"2025-01-17T09:33:51+00:00","dateModified":"2025-04-08T15:50:19+00:00","description":"Der EUROSTEAM (ESM) von Babcock Wanson ist ein horizontaler, hocheffizienter Schnelldampferzeuger. Klicken Sie hier, um mehr \u00fcber unseren EUROSTEAM-Kessel zu erfahren","breadcrumb":{"@id":"https:\/\/www.babcock-wanson.com\/de\/products\/rohrschlangendampfkessel\/eurosteam\/#breadcrumb"},"inLanguage":"de-DE","potentialAction":[{"@type":"ReadAction","target":["https:\/\/www.babcock-wanson.com\/de\/products\/rohrschlangendampfkessel\/eurosteam\/"]}]},{"@type":"ImageObject","inLanguage":"de-DE","@id":"https:\/\/www.babcock-wanson.com\/de\/products\/rohrschlangendampfkessel\/eurosteam\/#primaryimage","url":"https:\/\/www.babcock-wanson.com\/wp-content\/uploads\/2018\/05\/Eurosteam-1.png","contentUrl":"https:\/\/www.babcock-wanson.com\/wp-content\/uploads\/2018\/05\/Eurosteam-1.png","width":600,"height":400},{"@type":"BreadcrumbList","@id":"https:\/\/www.babcock-wanson.com\/de\/products\/rohrschlangendampfkessel\/eurosteam\/#breadcrumb","itemListElement":[{"@type":"ListItem","position":1,"name":"Inicio","item":"https:\/\/www.babcock-wanson.com\/de\/"},{"@type":"ListItem","position":2,"name":"Produkte","item":"https:\/\/www.babcock-wanson.com\/de\/shop\/"},{"@type":"ListItem","position":3,"name":"Rohrschlangendampfkessel","item":"https:\/\/www.babcock-wanson.com\/de\/produkt-kategorie\/rohrschlangendampfkessel\/"},{"@type":"ListItem","position":4,"name":"Eurosteam"}]},{"@type":"WebSite","@id":"https:\/\/www.babcock-wanson.com\/de\/#website","url":"https:\/\/www.babcock-wanson.com\/de\/","name":"Babcock Wanson","description":"","publisher":{"@id":"https:\/\/www.babcock-wanson.com\/de\/#organization"},"potentialAction":[{"@type":"SearchAction","target":{"@type":"EntryPoint","urlTemplate":"https:\/\/www.babcock-wanson.com\/de\/?s={search_term_string}"},"query-input":{"@type":"PropertyValueSpecification","valueRequired":true,"valueName":"search_term_string"}}],"inLanguage":"de-DE"},{"@type":"Organization","@id":"https:\/\/www.babcock-wanson.com\/de\/#organization","name":"Babcock Wanson","url":"https:\/\/www.babcock-wanson.com\/de\/","logo":{"@type":"ImageObject","inLanguage":"de-DE","@id":"https:\/\/www.babcock-wanson.com\/de\/#\/schema\/logo\/image\/","url":"https:\/\/www.babcock-wanson.com\/wp-content\/uploads\/2024\/02\/Babcock-Wanson-1200x1200-1.png","contentUrl":"https:\/\/www.babcock-wanson.com\/wp-content\/uploads\/2024\/02\/Babcock-Wanson-1200x1200-1.png","width":1200,"height":1200,"caption":"Babcock Wanson"},"image":{"@id":"https:\/\/www.babcock-wanson.com\/de\/#\/schema\/logo\/image\/"},"sameAs":["https:\/\/www.linkedin.com\/company\/babcock-wanson\/","https:\/\/www.youtube.com\/channel\/UCtxl25VieBBsP2kYmtlyv7A"]}]}},"jetpack_sharing_enabled":true,"_links":{"self":[{"href":"https:\/\/www.babcock-wanson.com\/de\/wp-json\/wp\/v2\/product\/50141","targetHints":{"allow":["GET"]}}],"collection":[{"href":"https:\/\/www.babcock-wanson.com\/de\/wp-json\/wp\/v2\/product"}],"about":[{"href":"https:\/\/www.babcock-wanson.com\/de\/wp-json\/wp\/v2\/types\/product"}],"replies":[{"embeddable":true,"href":"https:\/\/www.babcock-wanson.com\/de\/wp-json\/wp\/v2\/comments?post=50141"}],"wp:featuredmedia":[{"embeddable":true,"href":"https:\/\/www.babcock-wanson.com\/de\/wp-json\/wp\/v2\/media\/50142"}],"wp:attachment":[{"href":"https:\/\/www.babcock-wanson.com\/de\/wp-json\/wp\/v2\/media?parent=50141"}],"wp:term":[{"taxonomy":"product_brand","embeddable":true,"href":"https:\/\/www.babcock-wanson.com\/de\/wp-json\/wp\/v2\/product_brand?post=50141"},{"taxonomy":"product_cat","embeddable":true,"href":"https:\/\/www.babcock-wanson.com\/de\/wp-json\/wp\/v2\/product_cat?post=50141"},{"taxonomy":"product_tag","embeddable":true,"href":"https:\/\/www.babcock-wanson.com\/de\/wp-json\/wp\/v2\/product_tag?post=50141"}],"curies":[{"name":"wp","href":"https:\/\/api.w.org\/{rel}","templated":true}]}}