{"id":50150,"date":"2018-05-24T15:09:39","date_gmt":"2025-01-17T09:33:54","guid":{"rendered":"https:\/\/www.babcock-wanson.com\/products\/unkategorisiert\/vap-serie\/"},"modified":"2025-04-08T16:22:59","modified_gmt":"2025-04-08T15:22:59","slug":"vap-serie","status":"publish","type":"product","link":"https:\/\/www.babcock-wanson.com\/de\/products\/rohrschlangendampfkessel\/vap-serie\/","title":{"rendered":"VAP-Serie"},"content":{"rendered":"<div class=\"vgblk-rw-wrapper limit-wrapper\">\r\n<h2>VAP Premium Dampfkessel<\/h2>\r\n<div class=\"table-responsive\">\r\n<table>\r\n<tbody>\r\n<tr>\r\n<th class=\"bg-primary text-white\">VAP Premium<\/th>\r\n<th class=\"bg-primary text-white\">Modell<\/th>\r\n<th>250 RR<\/th>\r\n<th>400 RR<\/th>\r\n<th>600 RR<\/th>\r\n<th>900 RR<\/th>\r\n<th>1200 RR<\/th>\r\n<th>1500 RR<\/th>\r\n<\/tr>\r\n<tr>\r\n<th>Dampfleistung (1)<\/th>\r\n<th>Kg\/h<\/th>\r\n<td>250<\/td>\r\n<td>400<\/td>\r\n<td>600<\/td>\r\n<td>900<\/td>\r\n<td>1200<\/td>\r\n<td>1500<\/td>\r\n<\/tr>\r\n<tr>\r\n<th>Leistungsausgabe (1)<\/th>\r\n<th>kW<\/th>\r\n<td>175<\/td>\r\n<td>280<\/td>\r\n<td>419<\/td>\r\n<td>628<\/td>\r\n<td>838<\/td>\r\n<td>1047<\/td>\r\n<\/tr>\r\n<tr class=\"table-secondary\">\r\n<th class=\"bg-secondary text-white\">Breite A (2)<\/th>\r\n<th class=\"bg-secondary text-white\">mm<\/th>\r\n<td>1150<\/td>\r\n<td>1400<\/td>\r\n<td>1400<\/td>\r\n<td>1600<\/td>\r\n<td>1750<\/td>\r\n<td>2000<\/td>\r\n<\/tr>\r\n<tr class=\"table-dark\">\r\n<th class=\"bg-dark text-white\">L\u00e4nge B (2)<\/th>\r\n<th class=\"bg-dark text-white\">mm<\/th>\r\n<td>1150<\/td>\r\n<td>1400<\/td>\r\n<td>1400<\/td>\r\n<td>1600<\/td>\r\n<td>2000<\/td>\r\n<td>2200<\/td>\r\n<\/tr>\r\n<tr class=\"table-primary\">\r\n<th class=\"bg-primary text-white\">H\u00f6he C (2)th&gt;<\/th>\r\n<th class=\"bg-primary text-white\">mm<\/th>\r\n<td>1800<\/td>\r\n<td>2100<\/td>\r\n<td>2100<\/td>\r\n<td>2300<\/td>\r\n<td>2400<\/td>\r\n<td>2700<\/td>\r\n<\/tr>\r\n<tr>\r\n<th>Gewicht \u2013 volle Spule<\/th>\r\n<th>Kg<\/th>\r\n<td>350<\/td>\r\n<td>600<\/td>\r\n<td>700<\/td>\r\n<td>950<\/td>\r\n<td>1350<\/td>\r\n<td>1700<\/td>\r\n<\/tr>\r\n<\/tbody>\r\n<\/table>\r\n<\/div>\r\n<p>(1) Alle Dampfleistungen beziehen sich auf Speisewasser mit 80 \u00b0C (2) Maximaler Betriebsdruck von 12 barg (\u00dcberdruck) (h\u00f6here Dr\u00fccke durch spezielle Konstruktion)<\/p>\r\n<div class=\"tab_productH\">\r\n<h2 class=\"device5\"><span class=\"more_product\">VAP Standard <\/span><\/h2>\r\n<div class=\"device5\">\r\n<div class=\"table-responsive\">\r\n<table width=\"669\" cellspacing=\"0\" cellpadding=\"3\">\r\n<tbody>\r\n<tr>\r\n<th class=\"bg-primary text-white\">Typen<\/th>\r\n<th>150<\/th>\r\n<th>250<\/th>\r\n<th>400<\/th>\r\n<th>600<\/th>\r\n<th>900<\/th>\r\n<th>1200<\/th>\r\n<th>1500<\/th>\r\n<th>2000<\/th>\r\n<th>2500<\/th>\r\n<th>3500<\/th>\r\n<th>4250<\/th>\r\n<th>5000<\/th>\r\n<th>7000<\/th>\r\n<\/tr>\r\n<tr>\r\n<th>Dampfleistung (kg\/h) (1)<\/th>\r\n<td>150<\/td>\r\n<td>250<\/td>\r\n<td>400<\/td>\r\n<td>600<\/td>\r\n<td>900<\/td>\r\n<td>1200<\/td>\r\n<td>1500<\/td>\r\n<td>2000<\/td>\r\n<td>2500<\/td>\r\n<td>3500<\/td>\r\n<td>4250<\/td>\r\n<td>5000<\/td>\r\n<td>7000<\/td>\r\n<\/tr>\r\n<tr>\r\n<th>Leistungsausgabe (kW) (1)<\/th>\r\n<td>106<\/td>\r\n<td>176<\/td>\r\n<td>281<\/td>\r\n<td>423<\/td>\r\n<td>635<\/td>\r\n<td>846<\/td>\r\n<td>1055<\/td>\r\n<td>1410<\/td>\r\n<td>1760<\/td>\r\n<td>2468<\/td>\r\n<td>2996<\/td>\r\n<td>3520<\/td>\r\n<td>\u00a0<\/td>\r\n<\/tr>\r\n<\/tbody>\r\n<\/table>\r\n<\/div>\r\n<\/div>\r\n<\/div>\r\n<p>(1) Alle Dampfleistungen beziehen sich auf Speisewasser mit 80 \u00b0C<\/p>\r\n<h2>VAP RR Dampfkessel<\/h2>\r\n<div class=\"table-responsive\">\r\n<table>\r\n<tbody>\r\n<tr>\r\n<th class=\"bg-primary text-white\">VAP RR<\/th>\r\n<th class=\"bg-primary text-white\">Modell<\/th>\r\n<th>1500 RR<\/th>\r\n<th>2000 RR<\/th>\r\n<th>2500 RR<\/th>\r\n<th>3500 RR<\/th>\r\n<th>4250 RR<\/th>\r\n<th>5000 RR<\/th>\r\n<th>7000 RR<\/th>\r\n<\/tr>\r\n<tr>\r\n<th>Dampfleistung<\/th>\r\n<th>Kg\/h<\/th>\r\n<td>1500<\/td>\r\n<td>2000<\/td>\r\n<td>2500<\/td>\r\n<td>3500<\/td>\r\n<td>4250<\/td>\r\n<td>5000<\/td>\r\n<td>7000<\/td>\r\n<\/tr>\r\n<tr>\r\n<th>Leistungsausgabe<\/th>\r\n<th>kW<\/th>\r\n<td>1047<\/td>\r\n<td>1396<\/td>\r\n<td>1745<\/td>\r\n<td>2443<\/td>\r\n<td>2966<\/td>\r\n<td>3490<\/td>\r\n<td>4886<\/td>\r\n<\/tr>\r\n<tr>\r\n<th class=\"bg-secondary text-white\">Breite A<\/th>\r\n<th class=\"bg-secondary text-white\">mm<\/th>\r\n<td>1700<\/td>\r\n<td>1900<\/td>\r\n<td>2000<\/td>\r\n<td>2300<\/td>\r\n<td>2400<\/td>\r\n<td>2600<\/td>\r\n<td>2850<\/td>\r\n<\/tr>\r\n<tr class=\"table-dark\">\r\n<th class=\"bg-dark text-white\">L\u00e4nge B (Standard)<\/th>\r\n<th class=\"bg-dark text-white\">mm<\/th>\r\n<td>2100<\/td>\r\n<td>2450<\/td>\r\n<td>2450<\/td>\r\n<td>2900<\/td>\r\n<td>2900<\/td>\r\n<td>3150<\/td>\r\n<td>3850<\/td>\r\n<\/tr>\r\n<tr class=\"table-dark\">\r\n<th class=\"bg-dark text-white\">L\u00e4nge C <span style=\"font-size: 14px;\">(mit optionalem<\/span><span style=\"font-size: 14px;\">Vorw\u00e4rmer)<\/span><\/th>\r\n<th class=\"bg-dark text-white\">mm<\/th>\r\n<td>2800<\/td>\r\n<td>3580<\/td>\r\n<td>3650<\/td>\r\n<td>4200<\/td>\r\n<td>3900<\/td>\r\n<td>4200<\/td>\r\n<td>5100<\/td>\r\n<\/tr>\r\n<tr class=\"table-primary\">\r\n<th class=\"bg-primary text-white\">H\u00f6he D<\/th>\r\n<th class=\"bg-primary text-white\">mm<\/th>\r\n<td>2900<\/td>\r\n<td>3280<\/td>\r\n<td>3702<\/td>\r\n<td>3800<\/td>\r\n<td>4200<\/td>\r\n<td>4800<\/td>\r\n<td>4530<\/td>\r\n<\/tr>\r\n<tr>\r\n<th>Gewicht \u2013 volle Spule<\/th>\r\n<th>Kg<\/th>\r\n<td>2600<\/td>\r\n<td>3000<\/td>\r\n<td>3500<\/td>\r\n<td>5200<\/td>\r\n<td>6900<\/td>\r\n<td>7700<\/td>\r\n<td>10500<\/td>\r\n<\/tr>\r\n<\/tbody>\r\n<\/table>\r\n(1) Alle Dampfleistungen beziehen sich auf Speisewasser mit 80 \u00b0C.<\/div>\r\n<div>\u00a0<\/div>\r\n<div class=\"table-responsive\">(2) Abmessungen gelten f\u00fcr Standard-Betriebsdruck von 12 barg (h\u00f6here Dr\u00fccke durch Sonderausf\u00fchrung) <\/div><\/div><!-- .vgblk-rw-wrapper -->","protected":false},"excerpt":{"rendered":"<p>VAP-Rohrschlangendampfkessel verf\u00fcgen \u00fcber drei vollst\u00e4ndige Gasdurchg\u00e4nge sowie einen eingebauten Verbrennungsluftvorw\u00e4rmer, um eine hohe Betriebseffizienz zu gew\u00e4hrleisten. Mit einer Dampfverf\u00fcgbarkeit ab Kaltstart in nur drei Minuten und einem geringen Volumen an unter Druck stehendem Wasser verbinden VAP-Kessel Effizienz mit Sicherheit, selbst bei sehr hohem Betriebsdruck.<\/p>\n<h3>Merkmale der VAP-Serie<\/h3>\n<ul>\n<li>Emissionen gem\u00e4\u00df europ\u00e4ischen Vorschriften<\/li>\n<li>Robuste Bauweise ohne gro\u00dfen Druckbeh\u00e4lter<\/li>\n<li>Dampfverf\u00fcgbarkeit ab Kaltstart in nur drei Minuten<\/li>\n<li>Geringes Volumen an unter Druck stehendem Wasser, f\u00fcr die Sicherheit auch bei sehr hohem Druck<\/li>\n<li>Einfache Installation vor Ort f\u00fcr den Dampfverbraucher, was zu geringeren Kosten f\u00fcr die Rohrleitungen f\u00fchrt<\/li>\n<li>Sehr kompakt<\/li>\n<li>Komplettpaket mit Babcock Wanson-Brenner, Speisewasserpumpe und Steuerpult, wobei alle Komponenten in unserem Werk verkabelt und getestet werden<\/li>\n<\/ul>\n","protected":false},"featured_media":50153,"comment_status":"closed","ping_status":"closed","template":"","meta":{"_acf_changed":false,"_relevanssi_hide_post":"","_relevanssi_hide_content":"","_relevanssi_pin_for_all":"","_relevanssi_pin_keywords":"","_relevanssi_unpin_keywords":"","_relevanssi_related_keywords":"","_relevanssi_related_include_ids":"","_relevanssi_related_exclude_ids":"","_relevanssi_related_no_append":"","_relevanssi_related_not_related":"","_relevanssi_related_posts":"","_relevanssi_noindex_reason":""},"product_brand":[],"product_cat":[6519,6522],"product_tag":[],"class_list":{"0":"post-50150","1":"product","2":"type-product","3":"status-publish","4":"has-post-thumbnail","6":"product_cat-dampfkessel","7":"product_cat-rohrschlangendampfkessel","9":"first","10":"instock","11":"shipping-taxable","12":"product-type-simple"},"acf":[],"yoast_head":"<!-- This site is optimized with the Yoast SEO Premium plugin v27.1 (Yoast SEO v27.1.1) - https:\/\/yoast.com\/product\/yoast-seo-premium-wordpress\/ -->\n<title>Rohrschlangendampfkessel der VAP-Serie \u2013 Babcock Wanson<\/title>\n<meta name=\"description\" content=\"VAP-Rohrschlangendampfkessel verf\u00fcgen \u00fcber drei vollst\u00e4ndige Gasdurchg\u00e4nge sowie einen eingebauten Verbrennungsluftvorw\u00e4rmer, um eine hohe Betriebseffizienz zu gew\u00e4hrleisten.\" \/>\n<meta name=\"robots\" content=\"index, follow, max-snippet:-1, max-image-preview:large, max-video-preview:-1\" \/>\n<link rel=\"canonical\" href=\"https:\/\/www.babcock-wanson.com\/de\/products\/rohrschlangendampfkessel\/vap-serie\/\" \/>\n<meta property=\"og:locale\" content=\"de_DE\" \/>\n<meta property=\"og:type\" content=\"article\" \/>\n<meta property=\"og:title\" content=\"VAP-Serie\" \/>\n<meta property=\"og:description\" content=\"VAP-Rohrschlangendampfkessel verf\u00fcgen \u00fcber drei vollst\u00e4ndige Gasdurchg\u00e4nge sowie einen eingebauten Verbrennungsluftvorw\u00e4rmer, um eine hohe Betriebseffizienz zu gew\u00e4hrleisten.\" \/>\n<meta property=\"og:url\" content=\"https:\/\/www.babcock-wanson.com\/de\/products\/rohrschlangendampfkessel\/vap-serie\/\" \/>\n<meta property=\"og:site_name\" content=\"Babcock Wanson\" \/>\n<meta property=\"article:modified_time\" content=\"2025-04-08T15:22:59+00:00\" \/>\n<meta property=\"og:image\" content=\"https:\/\/www.babcock-wanson.com\/wp-content\/uploads\/2018\/05\/VAP-Series-Product-Image.jpg\" \/>\n\t<meta property=\"og:image:width\" content=\"600\" \/>\n\t<meta property=\"og:image:height\" content=\"400\" \/>\n\t<meta property=\"og:image:type\" content=\"image\/jpeg\" \/>\n<meta name=\"twitter:card\" content=\"summary_large_image\" \/>\n<meta name=\"twitter:label1\" content=\"Est. reading time\" \/>\n\t<meta name=\"twitter:data1\" content=\"2 Minuten\" \/>\n<script type=\"application\/ld+json\" class=\"yoast-schema-graph\">{\"@context\":\"https:\/\/schema.org\",\"@graph\":[{\"@type\":\"WebPage\",\"@id\":\"https:\/\/www.babcock-wanson.com\/de\/products\/rohrschlangendampfkessel\/vap-serie\/\",\"url\":\"https:\/\/www.babcock-wanson.com\/de\/products\/rohrschlangendampfkessel\/vap-serie\/\",\"name\":\"Rohrschlangendampfkessel der VAP-Serie \u2013 Babcock Wanson\",\"isPartOf\":{\"@id\":\"https:\/\/www.babcock-wanson.com\/de\/#website\"},\"primaryImageOfPage\":{\"@id\":\"https:\/\/www.babcock-wanson.com\/de\/products\/rohrschlangendampfkessel\/vap-serie\/#primaryimage\"},\"image\":{\"@id\":\"https:\/\/www.babcock-wanson.com\/de\/products\/rohrschlangendampfkessel\/vap-serie\/#primaryimage\"},\"thumbnailUrl\":\"https:\/\/www.babcock-wanson.com\/wp-content\/uploads\/2018\/05\/VAP-Series-Product-Image.jpg\",\"datePublished\":\"2025-01-17T09:33:54+00:00\",\"dateModified\":\"2025-04-08T15:22:59+00:00\",\"description\":\"VAP-Rohrschlangendampfkessel verf\u00fcgen \u00fcber drei vollst\u00e4ndige Gasdurchg\u00e4nge sowie einen eingebauten Verbrennungsluftvorw\u00e4rmer, um eine hohe Betriebseffizienz zu gew\u00e4hrleisten.\",\"breadcrumb\":{\"@id\":\"https:\/\/www.babcock-wanson.com\/de\/products\/rohrschlangendampfkessel\/vap-serie\/#breadcrumb\"},\"inLanguage\":\"de-DE\",\"potentialAction\":[{\"@type\":\"ReadAction\",\"target\":[\"https:\/\/www.babcock-wanson.com\/de\/products\/rohrschlangendampfkessel\/vap-serie\/\"]}]},{\"@type\":\"ImageObject\",\"inLanguage\":\"de-DE\",\"@id\":\"https:\/\/www.babcock-wanson.com\/de\/products\/rohrschlangendampfkessel\/vap-serie\/#primaryimage\",\"url\":\"https:\/\/www.babcock-wanson.com\/wp-content\/uploads\/2018\/05\/VAP-Series-Product-Image.jpg\",\"contentUrl\":\"https:\/\/www.babcock-wanson.com\/wp-content\/uploads\/2018\/05\/VAP-Series-Product-Image.jpg\",\"width\":600,\"height\":400,\"caption\":\"VAP Series Product Image\"},{\"@type\":\"BreadcrumbList\",\"@id\":\"https:\/\/www.babcock-wanson.com\/de\/products\/rohrschlangendampfkessel\/vap-serie\/#breadcrumb\",\"itemListElement\":[{\"@type\":\"ListItem\",\"position\":1,\"name\":\"Inicio\",\"item\":\"https:\/\/www.babcock-wanson.com\/de\/\"},{\"@type\":\"ListItem\",\"position\":2,\"name\":\"Produkte\",\"item\":\"https:\/\/www.babcock-wanson.com\/de\/shop\/\"},{\"@type\":\"ListItem\",\"position\":3,\"name\":\"Rohrschlangendampfkessel\",\"item\":\"https:\/\/www.babcock-wanson.com\/de\/produkt-kategorie\/rohrschlangendampfkessel\/\"},{\"@type\":\"ListItem\",\"position\":4,\"name\":\"VAP-Serie\"}]},{\"@type\":\"WebSite\",\"@id\":\"https:\/\/www.babcock-wanson.com\/de\/#website\",\"url\":\"https:\/\/www.babcock-wanson.com\/de\/\",\"name\":\"Babcock Wanson\",\"description\":\"\",\"publisher\":{\"@id\":\"https:\/\/www.babcock-wanson.com\/de\/#organization\"},\"potentialAction\":[{\"@type\":\"SearchAction\",\"target\":{\"@type\":\"EntryPoint\",\"urlTemplate\":\"https:\/\/www.babcock-wanson.com\/de\/?s={search_term_string}\"},\"query-input\":{\"@type\":\"PropertyValueSpecification\",\"valueRequired\":true,\"valueName\":\"search_term_string\"}}],\"inLanguage\":\"de-DE\"},{\"@type\":\"Organization\",\"@id\":\"https:\/\/www.babcock-wanson.com\/de\/#organization\",\"name\":\"Babcock Wanson\",\"url\":\"https:\/\/www.babcock-wanson.com\/de\/\",\"logo\":{\"@type\":\"ImageObject\",\"inLanguage\":\"de-DE\",\"@id\":\"https:\/\/www.babcock-wanson.com\/de\/#\/schema\/logo\/image\/\",\"url\":\"https:\/\/www.babcock-wanson.com\/wp-content\/uploads\/2024\/02\/Babcock-Wanson-1200x1200-1.png\",\"contentUrl\":\"https:\/\/www.babcock-wanson.com\/wp-content\/uploads\/2024\/02\/Babcock-Wanson-1200x1200-1.png\",\"width\":1200,\"height\":1200,\"caption\":\"Babcock Wanson\"},\"image\":{\"@id\":\"https:\/\/www.babcock-wanson.com\/de\/#\/schema\/logo\/image\/\"},\"sameAs\":[\"https:\/\/www.linkedin.com\/company\/babcock-wanson\/\",\"https:\/\/www.youtube.com\/channel\/UCtxl25VieBBsP2kYmtlyv7A\"]}]}<\/script>\n<!-- \/ Yoast SEO Premium plugin. -->","yoast_head_json":{"title":"Rohrschlangendampfkessel der VAP-Serie \u2013 Babcock Wanson","description":"VAP-Rohrschlangendampfkessel verf\u00fcgen \u00fcber drei vollst\u00e4ndige Gasdurchg\u00e4nge sowie einen eingebauten Verbrennungsluftvorw\u00e4rmer, um eine hohe Betriebseffizienz zu gew\u00e4hrleisten.","robots":{"index":"index","follow":"follow","max-snippet":"max-snippet:-1","max-image-preview":"max-image-preview:large","max-video-preview":"max-video-preview:-1"},"canonical":"https:\/\/www.babcock-wanson.com\/de\/products\/rohrschlangendampfkessel\/vap-serie\/","og_locale":"de_DE","og_type":"article","og_title":"VAP-Serie","og_description":"VAP-Rohrschlangendampfkessel verf\u00fcgen \u00fcber drei vollst\u00e4ndige Gasdurchg\u00e4nge sowie einen eingebauten Verbrennungsluftvorw\u00e4rmer, um eine hohe Betriebseffizienz zu gew\u00e4hrleisten.","og_url":"https:\/\/www.babcock-wanson.com\/de\/products\/rohrschlangendampfkessel\/vap-serie\/","og_site_name":"Babcock Wanson","article_modified_time":"2025-04-08T15:22:59+00:00","og_image":[{"width":600,"height":400,"url":"https:\/\/www.babcock-wanson.com\/wp-content\/uploads\/2018\/05\/VAP-Series-Product-Image.jpg","type":"image\/jpeg"}],"twitter_card":"summary_large_image","twitter_misc":{"Est. reading time":"2 Minuten"},"schema":{"@context":"https:\/\/schema.org","@graph":[{"@type":"WebPage","@id":"https:\/\/www.babcock-wanson.com\/de\/products\/rohrschlangendampfkessel\/vap-serie\/","url":"https:\/\/www.babcock-wanson.com\/de\/products\/rohrschlangendampfkessel\/vap-serie\/","name":"Rohrschlangendampfkessel der VAP-Serie \u2013 Babcock Wanson","isPartOf":{"@id":"https:\/\/www.babcock-wanson.com\/de\/#website"},"primaryImageOfPage":{"@id":"https:\/\/www.babcock-wanson.com\/de\/products\/rohrschlangendampfkessel\/vap-serie\/#primaryimage"},"image":{"@id":"https:\/\/www.babcock-wanson.com\/de\/products\/rohrschlangendampfkessel\/vap-serie\/#primaryimage"},"thumbnailUrl":"https:\/\/www.babcock-wanson.com\/wp-content\/uploads\/2018\/05\/VAP-Series-Product-Image.jpg","datePublished":"2025-01-17T09:33:54+00:00","dateModified":"2025-04-08T15:22:59+00:00","description":"VAP-Rohrschlangendampfkessel verf\u00fcgen \u00fcber drei vollst\u00e4ndige Gasdurchg\u00e4nge sowie einen eingebauten Verbrennungsluftvorw\u00e4rmer, um eine hohe Betriebseffizienz zu gew\u00e4hrleisten.","breadcrumb":{"@id":"https:\/\/www.babcock-wanson.com\/de\/products\/rohrschlangendampfkessel\/vap-serie\/#breadcrumb"},"inLanguage":"de-DE","potentialAction":[{"@type":"ReadAction","target":["https:\/\/www.babcock-wanson.com\/de\/products\/rohrschlangendampfkessel\/vap-serie\/"]}]},{"@type":"ImageObject","inLanguage":"de-DE","@id":"https:\/\/www.babcock-wanson.com\/de\/products\/rohrschlangendampfkessel\/vap-serie\/#primaryimage","url":"https:\/\/www.babcock-wanson.com\/wp-content\/uploads\/2018\/05\/VAP-Series-Product-Image.jpg","contentUrl":"https:\/\/www.babcock-wanson.com\/wp-content\/uploads\/2018\/05\/VAP-Series-Product-Image.jpg","width":600,"height":400,"caption":"VAP Series Product Image"},{"@type":"BreadcrumbList","@id":"https:\/\/www.babcock-wanson.com\/de\/products\/rohrschlangendampfkessel\/vap-serie\/#breadcrumb","itemListElement":[{"@type":"ListItem","position":1,"name":"Inicio","item":"https:\/\/www.babcock-wanson.com\/de\/"},{"@type":"ListItem","position":2,"name":"Produkte","item":"https:\/\/www.babcock-wanson.com\/de\/shop\/"},{"@type":"ListItem","position":3,"name":"Rohrschlangendampfkessel","item":"https:\/\/www.babcock-wanson.com\/de\/produkt-kategorie\/rohrschlangendampfkessel\/"},{"@type":"ListItem","position":4,"name":"VAP-Serie"}]},{"@type":"WebSite","@id":"https:\/\/www.babcock-wanson.com\/de\/#website","url":"https:\/\/www.babcock-wanson.com\/de\/","name":"Babcock Wanson","description":"","publisher":{"@id":"https:\/\/www.babcock-wanson.com\/de\/#organization"},"potentialAction":[{"@type":"SearchAction","target":{"@type":"EntryPoint","urlTemplate":"https:\/\/www.babcock-wanson.com\/de\/?s={search_term_string}"},"query-input":{"@type":"PropertyValueSpecification","valueRequired":true,"valueName":"search_term_string"}}],"inLanguage":"de-DE"},{"@type":"Organization","@id":"https:\/\/www.babcock-wanson.com\/de\/#organization","name":"Babcock Wanson","url":"https:\/\/www.babcock-wanson.com\/de\/","logo":{"@type":"ImageObject","inLanguage":"de-DE","@id":"https:\/\/www.babcock-wanson.com\/de\/#\/schema\/logo\/image\/","url":"https:\/\/www.babcock-wanson.com\/wp-content\/uploads\/2024\/02\/Babcock-Wanson-1200x1200-1.png","contentUrl":"https:\/\/www.babcock-wanson.com\/wp-content\/uploads\/2024\/02\/Babcock-Wanson-1200x1200-1.png","width":1200,"height":1200,"caption":"Babcock Wanson"},"image":{"@id":"https:\/\/www.babcock-wanson.com\/de\/#\/schema\/logo\/image\/"},"sameAs":["https:\/\/www.linkedin.com\/company\/babcock-wanson\/","https:\/\/www.youtube.com\/channel\/UCtxl25VieBBsP2kYmtlyv7A"]}]}},"jetpack_sharing_enabled":true,"_links":{"self":[{"href":"https:\/\/www.babcock-wanson.com\/de\/wp-json\/wp\/v2\/product\/50150","targetHints":{"allow":["GET"]}}],"collection":[{"href":"https:\/\/www.babcock-wanson.com\/de\/wp-json\/wp\/v2\/product"}],"about":[{"href":"https:\/\/www.babcock-wanson.com\/de\/wp-json\/wp\/v2\/types\/product"}],"replies":[{"embeddable":true,"href":"https:\/\/www.babcock-wanson.com\/de\/wp-json\/wp\/v2\/comments?post=50150"}],"wp:featuredmedia":[{"embeddable":true,"href":"https:\/\/www.babcock-wanson.com\/de\/wp-json\/wp\/v2\/media\/50153"}],"wp:attachment":[{"href":"https:\/\/www.babcock-wanson.com\/de\/wp-json\/wp\/v2\/media?parent=50150"}],"wp:term":[{"taxonomy":"product_brand","embeddable":true,"href":"https:\/\/www.babcock-wanson.com\/de\/wp-json\/wp\/v2\/product_brand?post=50150"},{"taxonomy":"product_cat","embeddable":true,"href":"https:\/\/www.babcock-wanson.com\/de\/wp-json\/wp\/v2\/product_cat?post=50150"},{"taxonomy":"product_tag","embeddable":true,"href":"https:\/\/www.babcock-wanson.com\/de\/wp-json\/wp\/v2\/product_tag?post=50150"}],"curies":[{"name":"wp","href":"https:\/\/api.w.org\/{rel}","templated":true}]}}