{"id":50170,"date":"2018-09-19T12:36:12","date_gmt":"2025-01-17T09:33:57","guid":{"rendered":"https:\/\/www.babcock-wanson.com\/products\/unkategorisiert\/regenerative-oxidationsmittel\/"},"modified":"2025-04-14T15:57:09","modified_gmt":"2025-04-14T14:57:09","slug":"regenerative-oxidationsmittel","status":"publish","type":"product","link":"https:\/\/www.babcock-wanson.com\/de\/products\/thermische-oxidatoren\/regenerative-oxidationsmittel\/","title":{"rendered":"Regenerative Oxidationsmittel"},"content":{"rendered":"<div class=\"vgblk-rw-wrapper limit-wrapper\">\r\n<h3>Funktionsprinzip<\/h3>\r\nDie mit fl\u00fcchtigen organischen Verbindungen (VOC) beladene Luft aus dem Prozess wird mit Hilfe eines drehzahlgeregelten Ventilators in den Oxidator gesaugt, der die Abw\u00e4sser transportiert.\r\nDas Abgas wird im Eingangsturm erhitzt, durch die Verbrennungskammer geleitet und im Ausgangsturm. Beide T\u00fcrme sind jeweils mit einem speziellen Keramikmaterial gef\u00fcllt.\r\n\r\nUm die beste thermische Oxidation der VOCs zu erreichen, m\u00fcssen folgende Bedingungen erf\u00fcllt sein:\r\n<ul>\r\n \t<li>Temperatur zwischen 750 und 950 \u00b0C<\/li>\r\n \t<li>Verweilzeit des Abgases in der Verbrennungskammer zwischen 0,6 und 1 Sekunde<\/li>\r\n \t<li>Gute Verwirbelung f\u00fcr eine effiziente Mischung der Abgase und des Sauerstoffs<\/li>\r\n<\/ul>\r\nEin regenerativer Thermischer Oxidator umfasst in der Regel:\r\n<ul>\r\n \t<li>Abgas-Transfergebl\u00e4se mit automatischem Steuerungssystem<\/li>\r\n \t<li>W\u00e4rmespeichert\u00fcrme, die mit Keramikmaterial gef\u00fcllt sind (2, 3 oder 5 T\u00fcrme je nach Betriebskriterien)<\/li>\r\n \t<li>Ein System automatischer Ventile zur Verteilung der Abgase durch die T\u00fcrme (entworfen und hergestellt von Babcock Wanson)<\/li>\r\n \t<li>Verbrennungskammer mit einem oder mehreren modulierenden automatischen Gas-\/Brennstoffbrennern.<\/li>\r\n \t<li>Steuerpult SPS und Bedienerschnittstellenpult (HMI)<\/li>\r\n<\/ul>\r\n<h3>Vorteile regenerativer Oxidatoranlagen<\/h3>\r\n<ul>\r\n \t<li>Genauso effektiv wie <a href=\"https:\/\/www.babcock-wanson.com\/de\/products\/thermische-oxidatoren\/rekuperative-oxidatoren\/\" target=\"_blank\" rel=\"noopener\">Thermische Rekuperativ-Oxidatoren<\/a>, weisen jedoch geringere Stickoxidemissionen<\/li>\r\n \t<li>Geeignet f\u00fcr Abluftstr\u00f6me mit hohem Durchfluss und niedrigem VOC-Gehalt<\/li>\r\n \t<li>Kontinuierliche Kontrolle der Emissionen<\/li>\r\n \t<li>Einfaches Betriebsmanagement<\/li>\r\n \t<li>Weniger Wartung<\/li>\r\n \t<li>Geringerer Gas-\/Brennstoffverbrauch: Der regenerative Oxidator kann autothermische Bedingungen mit sehr niedrigen VOC-Konzentrationen erreichen<\/li>\r\n \t<li>Autarke Anlage, die keine Abf\u00e4lle oder W\u00e4rme erzeugt, die einer anschlie\u00dfenden R\u00fcckgewinnung bed\u00fcrfen<\/li>\r\n \t<li>Bereich von 1.000 bis 150.000 Nm\u00b3\/h<\/li>\r\n<\/ul>\r\n<\/div><!-- .vgblk-rw-wrapper -->","protected":false},"excerpt":{"rendered":"<p>Regenerative Oxidatoren werden eingesetzt, wenn keine <a href=\"https:\/\/www.babcock-wanson.com\/de\/produkt-kategorie\/warmeruckgewinnungssysteme\/\" target=\"_blank\" rel=\"noopener\">W\u00e4rmer\u00fcckgewinnung<\/a> erforderlich ist oder die Menge der r\u00fcckgewinnbaren W\u00e4rme zu gering ist, um einen thermischen Oxidator zu rechtfertigen. Sie eignen sich ebenfalls f\u00fcr Prozesse, bei denen gro\u00dfe Abgasmengen mit relativ geringem VOC-Gehalt ausgesto\u00dfen werden.<\/p>\n","protected":false},"featured_media":50189,"comment_status":"closed","ping_status":"closed","template":"","meta":{"_acf_changed":false,"_relevanssi_hide_post":"","_relevanssi_hide_content":"","_relevanssi_pin_for_all":"","_relevanssi_pin_keywords":"","_relevanssi_unpin_keywords":"","_relevanssi_related_keywords":"","_relevanssi_related_include_ids":"","_relevanssi_related_exclude_ids":"","_relevanssi_related_no_append":"","_relevanssi_related_not_related":"","_relevanssi_related_posts":"","_relevanssi_noindex_reason":""},"product_brand":[],"product_cat":[6527],"product_tag":[],"class_list":{"0":"post-50170","1":"product","2":"type-product","3":"status-publish","4":"has-post-thumbnail","6":"product_cat-thermische-oxidatoren","8":"first","9":"instock","10":"shipping-taxable","11":"product-type-simple"},"acf":[],"yoast_head":"<!-- This site is optimized with the Yoast SEO Premium plugin v27.4 (Yoast SEO v27.4) - https:\/\/yoast.com\/product\/yoast-seo-premium-wordpress\/ -->\n<title>Regenerative Oxidationsmittel - Babcock Wanson<\/title>\n<meta name=\"description\" content=\"Regenerative Oxidatoren werden eingesetzt, wenn keine W\u00e4rmer\u00fcckgewinnung erforderlich ist. Klicken Sie hier, um mehr zu erfahren\" \/>\n<meta name=\"robots\" content=\"index, follow, max-snippet:-1, max-image-preview:large, max-video-preview:-1\" \/>\n<link rel=\"canonical\" href=\"https:\/\/www.babcock-wanson.com\/de\/products\/thermische-oxidatoren\/regenerative-oxidationsmittel\/\" \/>\n<meta property=\"og:locale\" content=\"de_DE\" \/>\n<meta property=\"og:type\" content=\"article\" \/>\n<meta property=\"og:title\" content=\"Regenerative Oxidationsmittel\" \/>\n<meta property=\"og:description\" content=\"Regenerative Oxidatoren werden eingesetzt, wenn keine W\u00e4rmer\u00fcckgewinnung erforderlich ist. Klicken Sie hier, um mehr zu erfahren\" \/>\n<meta property=\"og:url\" content=\"https:\/\/www.babcock-wanson.com\/de\/products\/thermische-oxidatoren\/regenerative-oxidationsmittel\/\" \/>\n<meta property=\"og:site_name\" content=\"Babcock Wanson\" \/>\n<meta property=\"article:modified_time\" content=\"2025-04-14T14:57:09+00:00\" \/>\n<meta property=\"og:image\" content=\"https:\/\/www.babcock-wanson.com\/wp-content\/uploads\/2018\/09\/Regenerative-Oxidisers-12.jpg\" \/>\n\t<meta property=\"og:image:width\" content=\"600\" \/>\n\t<meta property=\"og:image:height\" content=\"400\" \/>\n\t<meta property=\"og:image:type\" content=\"image\/jpeg\" \/>\n<meta name=\"twitter:card\" content=\"summary_large_image\" \/>\n<meta name=\"twitter:label1\" content=\"Est. reading time\" \/>\n\t<meta name=\"twitter:data1\" content=\"2 Minuten\" \/>\n<script type=\"application\/ld+json\" class=\"yoast-schema-graph\">{\"@context\":\"https:\\\/\\\/schema.org\",\"@graph\":[{\"@type\":\"WebPage\",\"@id\":\"https:\\\/\\\/www.babcock-wanson.com\\\/de\\\/products\\\/thermische-oxidatoren\\\/regenerative-oxidationsmittel\\\/\",\"url\":\"https:\\\/\\\/www.babcock-wanson.com\\\/de\\\/products\\\/thermische-oxidatoren\\\/regenerative-oxidationsmittel\\\/\",\"name\":\"Regenerative Oxidationsmittel - Babcock Wanson\",\"isPartOf\":{\"@id\":\"https:\\\/\\\/www.babcock-wanson.com\\\/de\\\/#website\"},\"primaryImageOfPage\":{\"@id\":\"https:\\\/\\\/www.babcock-wanson.com\\\/de\\\/products\\\/thermische-oxidatoren\\\/regenerative-oxidationsmittel\\\/#primaryimage\"},\"image\":{\"@id\":\"https:\\\/\\\/www.babcock-wanson.com\\\/de\\\/products\\\/thermische-oxidatoren\\\/regenerative-oxidationsmittel\\\/#primaryimage\"},\"thumbnailUrl\":\"https:\\\/\\\/www.babcock-wanson.com\\\/wp-content\\\/uploads\\\/2018\\\/09\\\/Regenerative-Oxidisers-12.jpg\",\"datePublished\":\"2025-01-17T09:33:57+00:00\",\"dateModified\":\"2025-04-14T14:57:09+00:00\",\"description\":\"Regenerative Oxidatoren werden eingesetzt, wenn keine W\u00e4rmer\u00fcckgewinnung erforderlich ist. Klicken Sie hier, um mehr zu erfahren\",\"breadcrumb\":{\"@id\":\"https:\\\/\\\/www.babcock-wanson.com\\\/de\\\/products\\\/thermische-oxidatoren\\\/regenerative-oxidationsmittel\\\/#breadcrumb\"},\"inLanguage\":\"de-DE\",\"potentialAction\":[{\"@type\":\"ReadAction\",\"target\":[\"https:\\\/\\\/www.babcock-wanson.com\\\/de\\\/products\\\/thermische-oxidatoren\\\/regenerative-oxidationsmittel\\\/\"]}]},{\"@type\":\"ImageObject\",\"inLanguage\":\"de-DE\",\"@id\":\"https:\\\/\\\/www.babcock-wanson.com\\\/de\\\/products\\\/thermische-oxidatoren\\\/regenerative-oxidationsmittel\\\/#primaryimage\",\"url\":\"https:\\\/\\\/www.babcock-wanson.com\\\/wp-content\\\/uploads\\\/2018\\\/09\\\/Regenerative-Oxidisers-12.jpg\",\"contentUrl\":\"https:\\\/\\\/www.babcock-wanson.com\\\/wp-content\\\/uploads\\\/2018\\\/09\\\/Regenerative-Oxidisers-12.jpg\",\"width\":600,\"height\":400},{\"@type\":\"BreadcrumbList\",\"@id\":\"https:\\\/\\\/www.babcock-wanson.com\\\/de\\\/products\\\/thermische-oxidatoren\\\/regenerative-oxidationsmittel\\\/#breadcrumb\",\"itemListElement\":[{\"@type\":\"ListItem\",\"position\":1,\"name\":\"Inicio\",\"item\":\"https:\\\/\\\/www.babcock-wanson.com\\\/de\\\/\"},{\"@type\":\"ListItem\",\"position\":2,\"name\":\"Produkte\",\"item\":\"https:\\\/\\\/www.babcock-wanson.com\\\/de\\\/shop\\\/\"},{\"@type\":\"ListItem\",\"position\":3,\"name\":\"Thermische Oxidatoren\",\"item\":\"https:\\\/\\\/www.babcock-wanson.com\\\/de\\\/produkt-kategorie\\\/thermische-oxidatoren\\\/\"},{\"@type\":\"ListItem\",\"position\":4,\"name\":\"Regenerative Oxidationsmittel\"}]},{\"@type\":\"WebSite\",\"@id\":\"https:\\\/\\\/www.babcock-wanson.com\\\/de\\\/#website\",\"url\":\"https:\\\/\\\/www.babcock-wanson.com\\\/de\\\/\",\"name\":\"Babcock Wanson\",\"description\":\"\",\"publisher\":{\"@id\":\"https:\\\/\\\/www.babcock-wanson.com\\\/de\\\/#organization\"},\"potentialAction\":[{\"@type\":\"SearchAction\",\"target\":{\"@type\":\"EntryPoint\",\"urlTemplate\":\"https:\\\/\\\/www.babcock-wanson.com\\\/de\\\/?s={search_term_string}\"},\"query-input\":{\"@type\":\"PropertyValueSpecification\",\"valueRequired\":true,\"valueName\":\"search_term_string\"}}],\"inLanguage\":\"de-DE\"},{\"@type\":\"Organization\",\"@id\":\"https:\\\/\\\/www.babcock-wanson.com\\\/de\\\/#organization\",\"name\":\"Babcock Wanson\",\"url\":\"https:\\\/\\\/www.babcock-wanson.com\\\/de\\\/\",\"logo\":{\"@type\":\"ImageObject\",\"inLanguage\":\"de-DE\",\"@id\":\"https:\\\/\\\/www.babcock-wanson.com\\\/de\\\/#\\\/schema\\\/logo\\\/image\\\/\",\"url\":\"https:\\\/\\\/www.babcock-wanson.com\\\/wp-content\\\/uploads\\\/2024\\\/02\\\/Babcock-Wanson-1200x1200-1.png\",\"contentUrl\":\"https:\\\/\\\/www.babcock-wanson.com\\\/wp-content\\\/uploads\\\/2024\\\/02\\\/Babcock-Wanson-1200x1200-1.png\",\"width\":1200,\"height\":1200,\"caption\":\"Babcock Wanson\"},\"image\":{\"@id\":\"https:\\\/\\\/www.babcock-wanson.com\\\/de\\\/#\\\/schema\\\/logo\\\/image\\\/\"},\"sameAs\":[\"https:\\\/\\\/www.linkedin.com\\\/company\\\/babcock-wanson\\\/\",\"https:\\\/\\\/www.youtube.com\\\/channel\\\/UCtxl25VieBBsP2kYmtlyv7A\"]}]}<\/script>\n<!-- \/ Yoast SEO Premium plugin. -->","yoast_head_json":{"title":"Regenerative Oxidationsmittel - Babcock Wanson","description":"Regenerative Oxidatoren werden eingesetzt, wenn keine W\u00e4rmer\u00fcckgewinnung erforderlich ist. Klicken Sie hier, um mehr zu erfahren","robots":{"index":"index","follow":"follow","max-snippet":"max-snippet:-1","max-image-preview":"max-image-preview:large","max-video-preview":"max-video-preview:-1"},"canonical":"https:\/\/www.babcock-wanson.com\/de\/products\/thermische-oxidatoren\/regenerative-oxidationsmittel\/","og_locale":"de_DE","og_type":"article","og_title":"Regenerative Oxidationsmittel","og_description":"Regenerative Oxidatoren werden eingesetzt, wenn keine W\u00e4rmer\u00fcckgewinnung erforderlich ist. Klicken Sie hier, um mehr zu erfahren","og_url":"https:\/\/www.babcock-wanson.com\/de\/products\/thermische-oxidatoren\/regenerative-oxidationsmittel\/","og_site_name":"Babcock Wanson","article_modified_time":"2025-04-14T14:57:09+00:00","og_image":[{"width":600,"height":400,"url":"https:\/\/www.babcock-wanson.com\/wp-content\/uploads\/2018\/09\/Regenerative-Oxidisers-12.jpg","type":"image\/jpeg"}],"twitter_card":"summary_large_image","twitter_misc":{"Est. reading time":"2 Minuten"},"schema":{"@context":"https:\/\/schema.org","@graph":[{"@type":"WebPage","@id":"https:\/\/www.babcock-wanson.com\/de\/products\/thermische-oxidatoren\/regenerative-oxidationsmittel\/","url":"https:\/\/www.babcock-wanson.com\/de\/products\/thermische-oxidatoren\/regenerative-oxidationsmittel\/","name":"Regenerative Oxidationsmittel - Babcock Wanson","isPartOf":{"@id":"https:\/\/www.babcock-wanson.com\/de\/#website"},"primaryImageOfPage":{"@id":"https:\/\/www.babcock-wanson.com\/de\/products\/thermische-oxidatoren\/regenerative-oxidationsmittel\/#primaryimage"},"image":{"@id":"https:\/\/www.babcock-wanson.com\/de\/products\/thermische-oxidatoren\/regenerative-oxidationsmittel\/#primaryimage"},"thumbnailUrl":"https:\/\/www.babcock-wanson.com\/wp-content\/uploads\/2018\/09\/Regenerative-Oxidisers-12.jpg","datePublished":"2025-01-17T09:33:57+00:00","dateModified":"2025-04-14T14:57:09+00:00","description":"Regenerative Oxidatoren werden eingesetzt, wenn keine W\u00e4rmer\u00fcckgewinnung erforderlich ist. Klicken Sie hier, um mehr zu erfahren","breadcrumb":{"@id":"https:\/\/www.babcock-wanson.com\/de\/products\/thermische-oxidatoren\/regenerative-oxidationsmittel\/#breadcrumb"},"inLanguage":"de-DE","potentialAction":[{"@type":"ReadAction","target":["https:\/\/www.babcock-wanson.com\/de\/products\/thermische-oxidatoren\/regenerative-oxidationsmittel\/"]}]},{"@type":"ImageObject","inLanguage":"de-DE","@id":"https:\/\/www.babcock-wanson.com\/de\/products\/thermische-oxidatoren\/regenerative-oxidationsmittel\/#primaryimage","url":"https:\/\/www.babcock-wanson.com\/wp-content\/uploads\/2018\/09\/Regenerative-Oxidisers-12.jpg","contentUrl":"https:\/\/www.babcock-wanson.com\/wp-content\/uploads\/2018\/09\/Regenerative-Oxidisers-12.jpg","width":600,"height":400},{"@type":"BreadcrumbList","@id":"https:\/\/www.babcock-wanson.com\/de\/products\/thermische-oxidatoren\/regenerative-oxidationsmittel\/#breadcrumb","itemListElement":[{"@type":"ListItem","position":1,"name":"Inicio","item":"https:\/\/www.babcock-wanson.com\/de\/"},{"@type":"ListItem","position":2,"name":"Produkte","item":"https:\/\/www.babcock-wanson.com\/de\/shop\/"},{"@type":"ListItem","position":3,"name":"Thermische Oxidatoren","item":"https:\/\/www.babcock-wanson.com\/de\/produkt-kategorie\/thermische-oxidatoren\/"},{"@type":"ListItem","position":4,"name":"Regenerative Oxidationsmittel"}]},{"@type":"WebSite","@id":"https:\/\/www.babcock-wanson.com\/de\/#website","url":"https:\/\/www.babcock-wanson.com\/de\/","name":"Babcock Wanson","description":"","publisher":{"@id":"https:\/\/www.babcock-wanson.com\/de\/#organization"},"potentialAction":[{"@type":"SearchAction","target":{"@type":"EntryPoint","urlTemplate":"https:\/\/www.babcock-wanson.com\/de\/?s={search_term_string}"},"query-input":{"@type":"PropertyValueSpecification","valueRequired":true,"valueName":"search_term_string"}}],"inLanguage":"de-DE"},{"@type":"Organization","@id":"https:\/\/www.babcock-wanson.com\/de\/#organization","name":"Babcock Wanson","url":"https:\/\/www.babcock-wanson.com\/de\/","logo":{"@type":"ImageObject","inLanguage":"de-DE","@id":"https:\/\/www.babcock-wanson.com\/de\/#\/schema\/logo\/image\/","url":"https:\/\/www.babcock-wanson.com\/wp-content\/uploads\/2024\/02\/Babcock-Wanson-1200x1200-1.png","contentUrl":"https:\/\/www.babcock-wanson.com\/wp-content\/uploads\/2024\/02\/Babcock-Wanson-1200x1200-1.png","width":1200,"height":1200,"caption":"Babcock Wanson"},"image":{"@id":"https:\/\/www.babcock-wanson.com\/de\/#\/schema\/logo\/image\/"},"sameAs":["https:\/\/www.linkedin.com\/company\/babcock-wanson\/","https:\/\/www.youtube.com\/channel\/UCtxl25VieBBsP2kYmtlyv7A"]}]}},"jetpack_sharing_enabled":true,"_links":{"self":[{"href":"https:\/\/www.babcock-wanson.com\/de\/wp-json\/wp\/v2\/product\/50170","targetHints":{"allow":["GET"]}}],"collection":[{"href":"https:\/\/www.babcock-wanson.com\/de\/wp-json\/wp\/v2\/product"}],"about":[{"href":"https:\/\/www.babcock-wanson.com\/de\/wp-json\/wp\/v2\/types\/product"}],"replies":[{"embeddable":true,"href":"https:\/\/www.babcock-wanson.com\/de\/wp-json\/wp\/v2\/comments?post=50170"}],"wp:featuredmedia":[{"embeddable":true,"href":"https:\/\/www.babcock-wanson.com\/de\/wp-json\/wp\/v2\/media\/50189"}],"wp:attachment":[{"href":"https:\/\/www.babcock-wanson.com\/de\/wp-json\/wp\/v2\/media?parent=50170"}],"wp:term":[{"taxonomy":"product_brand","embeddable":true,"href":"https:\/\/www.babcock-wanson.com\/de\/wp-json\/wp\/v2\/product_brand?post=50170"},{"taxonomy":"product_cat","embeddable":true,"href":"https:\/\/www.babcock-wanson.com\/de\/wp-json\/wp\/v2\/product_cat?post=50170"},{"taxonomy":"product_tag","embeddable":true,"href":"https:\/\/www.babcock-wanson.com\/de\/wp-json\/wp\/v2\/product_tag?post=50170"}],"curies":[{"name":"wp","href":"https:\/\/api.w.org\/{rel}","templated":true}]}}