{"id":50179,"date":"2018-09-19T13:42:04","date_gmt":"2025-01-17T09:33:57","guid":{"rendered":"https:\/\/www.babcock-wanson.com\/products\/unkategorisiert\/waermeentgasung\/"},"modified":"2025-01-17T09:34:14","modified_gmt":"2025-01-17T09:34:14","slug":"waermeentgasung","status":"publish","type":"product","link":"https:\/\/www.babcock-wanson.com\/de\/products\/industrielle-wasseraufbereitung\/waermeentgasung\/","title":{"rendered":"W\u00e4rmeentgasung"},"content":{"rendered":"<div class=\"vgblk-rw-wrapper limit-wrapper\">\n<div class=\"grid-1-2\">\n<h3>Druckw\u00e4rmeentgaser<\/h3>\n<p>Ein Druckw\u00e4rmeentgaser, der mit ca. 0,3 barg arbeitet, erm\u00f6glicht es, die Temperatur des Wassers auf ca. 105\u00b0C zu erh\u00f6hen und so Wasser von hervorragender Qualit\u00e4t mit sehr niedrigem Sauerstoffgehalt (unter 0,01 mg\/l) zu erhalten. Er wird f\u00fcr Installationen verwendet, die mit hoher Leistung und hohem Druck arbeiten.<\/p>\n<p>Das Design von Babcock Wanson optimiert die Eliminierung gel\u00f6ster Gase. Eine Entl\u00fcftungskolonne ist \u00fcber einem Speicherbeh\u00e4lter angebracht. Dampf wird in den Speicherbeh\u00e4lter eingespeist, um den Druck und die Temperatur des Wassers aufrechtzuerhalten, und steigt durch die Entl\u00fcftungss\u00e4ule nach oben, wo die gro\u00dfe Oberfl\u00e4che den erforderlichen Kontakt zwischen dem einstr\u00f6menden Wasser und dem Dampf erm\u00f6glicht, um die gel\u00f6sten Gase aus dem Wasser zu treiben. Die entstehenden Gase werden zusammen mit einer kleinen Menge Tr\u00e4gerdampf oben aus der S\u00e4ule abgelassen. Das gewonnene Speisewasser ist von sehr hoher Qualit\u00e4t und f\u00fcr die meisten Anwendungen geeignet.<\/p>\n<p>Dieses Produkt wird nach Ihren Prozessanforderungen auf Bestellung gefertigt. Nehmen Sie Kontakt mit uns auf, um weiterf\u00fchrende Informationen zu erhalten.<\/p>\n<h3>Atmosph\u00e4rischer Entl\u00fcfter<\/h3>\n<p>Diese alternative Konstruktion, die eine Leistung \u00e4hnlich eines W\u00e4rmeentgasers (0,1 mg\/l) bietet, jedoch ohne die technischen Anforderungen eines Druckbeh\u00e4lters, eignet sich f\u00fcr Kessel mit mittlerer Leistung und mittlerem Druck und stellt eine sehr wirtschaftliche Alternative zur alleinigen Verwendung chemischer Verfahren zur Sauerstoffentfernung dar.<\/p>\n<p>Die Betriebsbedingungen sind \u00e4hnlich wie beim W\u00e4rmeentgaser, aber der Entgasungsturm und seine Armaturen werden durch eine einfachere Kuppel ersetzt, die auf dem Speisewasserbeh\u00e4lter installiert ist, sowie durch ein speziell konstruiertes Tauchrohr im Beh\u00e4lter.<\/p>\n<\/div>\n<div class=\"grid-1-2 last\">\n<h3>Anwendung der W\u00e4rmeentgasung in verschiedenen Industriezweigen<\/h3>\n<p>Die Wasserqualit\u00e4t ist ein wichtiger Faktor f\u00fcr die Langlebigkeit von Prozessausr\u00fcstung, insbesondere bei Dampfkesseln. Unbehandeltes Wasser enth\u00e4lt gel\u00f6sten Sauerstoff und Kohlendioxid, die aktive Korrosionsmittel sind und Kohlenstoffstahl besch\u00e4digen k\u00f6nnen. Daher ist es wichtig, die Menge dieser Bestandteile zu begrenzen, um Sch\u00e4den vorzubeugen.<\/p>\n<p>Die Ausr\u00fcstung f\u00fcr die W\u00e4rmeentgasung von Babcock Wanson entfernt gel\u00f6sten Sauerstoff und andere Gase aus dem Wasser und hilft so, das Korrosionsrisiko zu beseitigen. Babcock Wanson bietet Fachwissen im Bereich der Wasseraufbereitung f\u00fcr Kessel und stellt sein Wissen f\u00fcr eine genaue Berechnung der Kapitalrendite (ROI) zur Verf\u00fcgung.<\/p>\n<h3>Einfache Installation<\/h3>\n<p>Die W\u00e4rmeentgasung kann am Standort installiert oder als integrierte, auf einem Gleitlager montierte Baugruppe bereitgestellt werden, was eine einfache und schnelle Installation erm\u00f6glicht.<\/p>\n<h3>Umweltfreundlich<\/h3>\n<p>Die W\u00e4rmeentgasung ist eine physikalische Alternative zur chemischen Wasseraubereitung, um gel\u00f6ste Gase zu entfernen. Sie kann den Prozessbedarf an Chemikalien drastisch reduzieren und hilft, den Chemikalienumsatz der Anlage sowie den Entsorgungsbedarf zu reduzieren.<\/p>\n<h3>Zuverl\u00e4ssigkeit und Sicherheit<\/h3>\n<ul>\n<li>Die W\u00e4rmeentgasung tr\u00e4gt dazu bei, die Betriebskosten insgesamt und die Umweltauswirkungen der chemischen Aufbereitung des Speisewassers zu reduzieren.<\/li>\n<li>Sehr geringer Sauerstoffgehalt von weniger als 0,05 mg\/l oder 0,01 mg\/l, je nach eingesetzter Technologie.<\/li>\n<li>Die W\u00e4rmeentgasung reduziert das Risiko von Sauerstoffkorrosion und minimiert gleichzeitig die Betriebskosten.<\/li>\n<li>Wenn die Temperatur des Speisewassers m\u00f6glichst hoch gehalten wird, verbessert sich die Leistung der Kesselanlage, da der Energiebedarf des Kessels sinkt.<\/li>\n<\/ul>\n<\/div>\n<\/div><!-- .vgblk-rw-wrapper -->","protected":false},"excerpt":{"rendered":"<p><strong>Standard: Aufbereiteter Wasserdurchfluss von 2 bis 30 m3\/h <\/strong><br \/><strong>Spezifisch: Auf Ihre Anforderungen zugeschnitten<\/strong><\/p>\n<p>Die W\u00e4rmeentgasung ist eine Technologie f\u00fcr die <a href=\"https:\/\/www.babcock-wanson.com\/product-category\/industrial-water-treatment\/\" target=\"_blank\" rel=\"noopener\">Wasseraufbereitung<\/a>, die auf dem Henry-Gesetz basiert. Das Henry-Gesetz besagt, dass die Menge an gel\u00f6stem Gas in einer Fl\u00fcssigkeit proportional zum Partialdruck des Gases in der Gasphase ist. Gel\u00f6ster Sauerstoff und andere gel\u00f6ste Gase k\u00f6nnen durch Erh\u00f6hung der Wassertemperatur und des Wasserdrucks aus dem Wasser entfernt werden. Dies wird in unserem W\u00e4rmeentgaser durch Dampfinjektion erreicht.<\/p>\n<p>Babcock Wanson entwirft und fertigt ma\u00dfgeschneiderte W\u00e4rmeentgasungsausr\u00fcstungen, die Ihre Installation perfekt erg\u00e4nzen. Durch die W\u00e4rmeentgasung werden alle Arten von gel\u00f6sten Gasen aus dem Wasser entfernt, wodurch der Bedarf an chemischer Aufbereitung reduziert wird. Dadurch wird die Langlebigkeit der Ausr\u00fcstung sichergestellt, die Dampfqualit\u00e4t erhalten und die Betriebskosten gesenkt.<\/p>\n","protected":false},"featured_media":50198,"comment_status":"closed","ping_status":"closed","template":"","meta":{"_acf_changed":false,"_relevanssi_hide_post":"","_relevanssi_hide_content":"","_relevanssi_pin_for_all":"","_relevanssi_pin_keywords":"","_relevanssi_unpin_keywords":"","_relevanssi_related_keywords":"","_relevanssi_related_include_ids":"","_relevanssi_related_exclude_ids":"","_relevanssi_related_no_append":"","_relevanssi_related_not_related":"","_relevanssi_related_posts":"","_relevanssi_noindex_reason":""},"product_brand":[],"product_cat":[6528],"product_tag":[],"class_list":{"0":"post-50179","1":"product","2":"type-product","3":"status-publish","4":"has-post-thumbnail","6":"product_cat-industrielle-wasseraufbereitung","8":"first","9":"instock","10":"shipping-taxable","11":"product-type-simple"},"acf":[],"yoast_head":"<!-- This site is optimized with the Yoast SEO Premium plugin v27.4 (Yoast SEO v27.4) - https:\/\/yoast.com\/product\/yoast-seo-premium-wordpress\/ -->\n<title>W\u00e4rmeentgasung - Babcock Wanson<\/title>\n<meta name=\"description\" content=\"Die W\u00e4rmeentgasung ist eine Technologie f\u00fcr die Wasseraufbereitung, die auf dem Henry-Gesetz basiert. Besuchen Sie uns, um mehr \u00fcber unsere Produkte zu erfahren\" \/>\n<meta name=\"robots\" content=\"index, follow, max-snippet:-1, max-image-preview:large, max-video-preview:-1\" \/>\n<link rel=\"canonical\" href=\"https:\/\/www.babcock-wanson.com\/de\/products\/industrielle-wasseraufbereitung\/waermeentgasung\/\" \/>\n<meta property=\"og:locale\" content=\"de_DE\" \/>\n<meta property=\"og:type\" content=\"article\" \/>\n<meta property=\"og:title\" content=\"W\u00e4rmeentgasung\" \/>\n<meta property=\"og:description\" content=\"Die W\u00e4rmeentgasung ist eine Technologie f\u00fcr die Wasseraufbereitung, die auf dem Henry-Gesetz basiert. Besuchen Sie uns, um mehr \u00fcber unsere Produkte zu erfahren\" \/>\n<meta property=\"og:url\" content=\"https:\/\/www.babcock-wanson.com\/de\/products\/industrielle-wasseraufbereitung\/waermeentgasung\/\" \/>\n<meta property=\"og:site_name\" content=\"Babcock Wanson\" \/>\n<meta property=\"article:modified_time\" content=\"2025-01-17T09:34:14+00:00\" \/>\n<meta property=\"og:image\" content=\"https:\/\/www.babcock-wanson.com\/wp-content\/uploads\/2018\/09\/Thermal-Deaeration-3.jpg\" \/>\n\t<meta property=\"og:image:width\" content=\"600\" \/>\n\t<meta property=\"og:image:height\" content=\"400\" \/>\n\t<meta property=\"og:image:type\" content=\"image\/jpeg\" \/>\n<meta name=\"twitter:card\" content=\"summary_large_image\" \/>\n<meta name=\"twitter:label1\" content=\"Est. reading time\" \/>\n\t<meta name=\"twitter:data1\" content=\"3 Minuten\" \/>\n<script type=\"application\/ld+json\" class=\"yoast-schema-graph\">{\"@context\":\"https:\\\/\\\/schema.org\",\"@graph\":[{\"@type\":\"WebPage\",\"@id\":\"https:\\\/\\\/www.babcock-wanson.com\\\/de\\\/products\\\/industrielle-wasseraufbereitung\\\/waermeentgasung\\\/\",\"url\":\"https:\\\/\\\/www.babcock-wanson.com\\\/de\\\/products\\\/industrielle-wasseraufbereitung\\\/waermeentgasung\\\/\",\"name\":\"W\u00e4rmeentgasung - Babcock Wanson\",\"isPartOf\":{\"@id\":\"https:\\\/\\\/www.babcock-wanson.com\\\/de\\\/#website\"},\"primaryImageOfPage\":{\"@id\":\"https:\\\/\\\/www.babcock-wanson.com\\\/de\\\/products\\\/industrielle-wasseraufbereitung\\\/waermeentgasung\\\/#primaryimage\"},\"image\":{\"@id\":\"https:\\\/\\\/www.babcock-wanson.com\\\/de\\\/products\\\/industrielle-wasseraufbereitung\\\/waermeentgasung\\\/#primaryimage\"},\"thumbnailUrl\":\"https:\\\/\\\/www.babcock-wanson.com\\\/wp-content\\\/uploads\\\/2018\\\/09\\\/Thermal-Deaeration-3.jpg\",\"datePublished\":\"2025-01-17T09:33:57+00:00\",\"dateModified\":\"2025-01-17T09:34:14+00:00\",\"description\":\"Die W\u00e4rmeentgasung ist eine Technologie f\u00fcr die Wasseraufbereitung, die auf dem Henry-Gesetz basiert. Besuchen Sie uns, um mehr \u00fcber unsere Produkte zu erfahren\",\"breadcrumb\":{\"@id\":\"https:\\\/\\\/www.babcock-wanson.com\\\/de\\\/products\\\/industrielle-wasseraufbereitung\\\/waermeentgasung\\\/#breadcrumb\"},\"inLanguage\":\"de-DE\",\"potentialAction\":[{\"@type\":\"ReadAction\",\"target\":[\"https:\\\/\\\/www.babcock-wanson.com\\\/de\\\/products\\\/industrielle-wasseraufbereitung\\\/waermeentgasung\\\/\"]}]},{\"@type\":\"ImageObject\",\"inLanguage\":\"de-DE\",\"@id\":\"https:\\\/\\\/www.babcock-wanson.com\\\/de\\\/products\\\/industrielle-wasseraufbereitung\\\/waermeentgasung\\\/#primaryimage\",\"url\":\"https:\\\/\\\/www.babcock-wanson.com\\\/wp-content\\\/uploads\\\/2018\\\/09\\\/Thermal-Deaeration-3.jpg\",\"contentUrl\":\"https:\\\/\\\/www.babcock-wanson.com\\\/wp-content\\\/uploads\\\/2018\\\/09\\\/Thermal-Deaeration-3.jpg\",\"width\":600,\"height\":400},{\"@type\":\"BreadcrumbList\",\"@id\":\"https:\\\/\\\/www.babcock-wanson.com\\\/de\\\/products\\\/industrielle-wasseraufbereitung\\\/waermeentgasung\\\/#breadcrumb\",\"itemListElement\":[{\"@type\":\"ListItem\",\"position\":1,\"name\":\"Inicio\",\"item\":\"https:\\\/\\\/www.babcock-wanson.com\\\/de\\\/\"},{\"@type\":\"ListItem\",\"position\":2,\"name\":\"Produkte\",\"item\":\"https:\\\/\\\/www.babcock-wanson.com\\\/de\\\/shop\\\/\"},{\"@type\":\"ListItem\",\"position\":3,\"name\":\"W\u00e4rmeentgasung\"}]},{\"@type\":\"WebSite\",\"@id\":\"https:\\\/\\\/www.babcock-wanson.com\\\/de\\\/#website\",\"url\":\"https:\\\/\\\/www.babcock-wanson.com\\\/de\\\/\",\"name\":\"Babcock Wanson\",\"description\":\"\",\"publisher\":{\"@id\":\"https:\\\/\\\/www.babcock-wanson.com\\\/de\\\/#organization\"},\"potentialAction\":[{\"@type\":\"SearchAction\",\"target\":{\"@type\":\"EntryPoint\",\"urlTemplate\":\"https:\\\/\\\/www.babcock-wanson.com\\\/de\\\/?s={search_term_string}\"},\"query-input\":{\"@type\":\"PropertyValueSpecification\",\"valueRequired\":true,\"valueName\":\"search_term_string\"}}],\"inLanguage\":\"de-DE\"},{\"@type\":\"Organization\",\"@id\":\"https:\\\/\\\/www.babcock-wanson.com\\\/de\\\/#organization\",\"name\":\"Babcock Wanson\",\"url\":\"https:\\\/\\\/www.babcock-wanson.com\\\/de\\\/\",\"logo\":{\"@type\":\"ImageObject\",\"inLanguage\":\"de-DE\",\"@id\":\"https:\\\/\\\/www.babcock-wanson.com\\\/de\\\/#\\\/schema\\\/logo\\\/image\\\/\",\"url\":\"https:\\\/\\\/www.babcock-wanson.com\\\/wp-content\\\/uploads\\\/2024\\\/02\\\/Babcock-Wanson-1200x1200-1.png\",\"contentUrl\":\"https:\\\/\\\/www.babcock-wanson.com\\\/wp-content\\\/uploads\\\/2024\\\/02\\\/Babcock-Wanson-1200x1200-1.png\",\"width\":1200,\"height\":1200,\"caption\":\"Babcock Wanson\"},\"image\":{\"@id\":\"https:\\\/\\\/www.babcock-wanson.com\\\/de\\\/#\\\/schema\\\/logo\\\/image\\\/\"},\"sameAs\":[\"https:\\\/\\\/www.linkedin.com\\\/company\\\/babcock-wanson\\\/\",\"https:\\\/\\\/www.youtube.com\\\/channel\\\/UCtxl25VieBBsP2kYmtlyv7A\"]}]}<\/script>\n<!-- \/ Yoast SEO Premium plugin. -->","yoast_head_json":{"title":"W\u00e4rmeentgasung - Babcock Wanson","description":"Die W\u00e4rmeentgasung ist eine Technologie f\u00fcr die Wasseraufbereitung, die auf dem Henry-Gesetz basiert. Besuchen Sie uns, um mehr \u00fcber unsere Produkte zu erfahren","robots":{"index":"index","follow":"follow","max-snippet":"max-snippet:-1","max-image-preview":"max-image-preview:large","max-video-preview":"max-video-preview:-1"},"canonical":"https:\/\/www.babcock-wanson.com\/de\/products\/industrielle-wasseraufbereitung\/waermeentgasung\/","og_locale":"de_DE","og_type":"article","og_title":"W\u00e4rmeentgasung","og_description":"Die W\u00e4rmeentgasung ist eine Technologie f\u00fcr die Wasseraufbereitung, die auf dem Henry-Gesetz basiert. Besuchen Sie uns, um mehr \u00fcber unsere Produkte zu erfahren","og_url":"https:\/\/www.babcock-wanson.com\/de\/products\/industrielle-wasseraufbereitung\/waermeentgasung\/","og_site_name":"Babcock Wanson","article_modified_time":"2025-01-17T09:34:14+00:00","og_image":[{"width":600,"height":400,"url":"https:\/\/www.babcock-wanson.com\/wp-content\/uploads\/2018\/09\/Thermal-Deaeration-3.jpg","type":"image\/jpeg"}],"twitter_card":"summary_large_image","twitter_misc":{"Est. reading time":"3 Minuten"},"schema":{"@context":"https:\/\/schema.org","@graph":[{"@type":"WebPage","@id":"https:\/\/www.babcock-wanson.com\/de\/products\/industrielle-wasseraufbereitung\/waermeentgasung\/","url":"https:\/\/www.babcock-wanson.com\/de\/products\/industrielle-wasseraufbereitung\/waermeentgasung\/","name":"W\u00e4rmeentgasung - Babcock Wanson","isPartOf":{"@id":"https:\/\/www.babcock-wanson.com\/de\/#website"},"primaryImageOfPage":{"@id":"https:\/\/www.babcock-wanson.com\/de\/products\/industrielle-wasseraufbereitung\/waermeentgasung\/#primaryimage"},"image":{"@id":"https:\/\/www.babcock-wanson.com\/de\/products\/industrielle-wasseraufbereitung\/waermeentgasung\/#primaryimage"},"thumbnailUrl":"https:\/\/www.babcock-wanson.com\/wp-content\/uploads\/2018\/09\/Thermal-Deaeration-3.jpg","datePublished":"2025-01-17T09:33:57+00:00","dateModified":"2025-01-17T09:34:14+00:00","description":"Die W\u00e4rmeentgasung ist eine Technologie f\u00fcr die Wasseraufbereitung, die auf dem Henry-Gesetz basiert. Besuchen Sie uns, um mehr \u00fcber unsere Produkte zu erfahren","breadcrumb":{"@id":"https:\/\/www.babcock-wanson.com\/de\/products\/industrielle-wasseraufbereitung\/waermeentgasung\/#breadcrumb"},"inLanguage":"de-DE","potentialAction":[{"@type":"ReadAction","target":["https:\/\/www.babcock-wanson.com\/de\/products\/industrielle-wasseraufbereitung\/waermeentgasung\/"]}]},{"@type":"ImageObject","inLanguage":"de-DE","@id":"https:\/\/www.babcock-wanson.com\/de\/products\/industrielle-wasseraufbereitung\/waermeentgasung\/#primaryimage","url":"https:\/\/www.babcock-wanson.com\/wp-content\/uploads\/2018\/09\/Thermal-Deaeration-3.jpg","contentUrl":"https:\/\/www.babcock-wanson.com\/wp-content\/uploads\/2018\/09\/Thermal-Deaeration-3.jpg","width":600,"height":400},{"@type":"BreadcrumbList","@id":"https:\/\/www.babcock-wanson.com\/de\/products\/industrielle-wasseraufbereitung\/waermeentgasung\/#breadcrumb","itemListElement":[{"@type":"ListItem","position":1,"name":"Inicio","item":"https:\/\/www.babcock-wanson.com\/de\/"},{"@type":"ListItem","position":2,"name":"Produkte","item":"https:\/\/www.babcock-wanson.com\/de\/shop\/"},{"@type":"ListItem","position":3,"name":"W\u00e4rmeentgasung"}]},{"@type":"WebSite","@id":"https:\/\/www.babcock-wanson.com\/de\/#website","url":"https:\/\/www.babcock-wanson.com\/de\/","name":"Babcock Wanson","description":"","publisher":{"@id":"https:\/\/www.babcock-wanson.com\/de\/#organization"},"potentialAction":[{"@type":"SearchAction","target":{"@type":"EntryPoint","urlTemplate":"https:\/\/www.babcock-wanson.com\/de\/?s={search_term_string}"},"query-input":{"@type":"PropertyValueSpecification","valueRequired":true,"valueName":"search_term_string"}}],"inLanguage":"de-DE"},{"@type":"Organization","@id":"https:\/\/www.babcock-wanson.com\/de\/#organization","name":"Babcock Wanson","url":"https:\/\/www.babcock-wanson.com\/de\/","logo":{"@type":"ImageObject","inLanguage":"de-DE","@id":"https:\/\/www.babcock-wanson.com\/de\/#\/schema\/logo\/image\/","url":"https:\/\/www.babcock-wanson.com\/wp-content\/uploads\/2024\/02\/Babcock-Wanson-1200x1200-1.png","contentUrl":"https:\/\/www.babcock-wanson.com\/wp-content\/uploads\/2024\/02\/Babcock-Wanson-1200x1200-1.png","width":1200,"height":1200,"caption":"Babcock Wanson"},"image":{"@id":"https:\/\/www.babcock-wanson.com\/de\/#\/schema\/logo\/image\/"},"sameAs":["https:\/\/www.linkedin.com\/company\/babcock-wanson\/","https:\/\/www.youtube.com\/channel\/UCtxl25VieBBsP2kYmtlyv7A"]}]}},"jetpack_sharing_enabled":true,"_links":{"self":[{"href":"https:\/\/www.babcock-wanson.com\/de\/wp-json\/wp\/v2\/product\/50179","targetHints":{"allow":["GET"]}}],"collection":[{"href":"https:\/\/www.babcock-wanson.com\/de\/wp-json\/wp\/v2\/product"}],"about":[{"href":"https:\/\/www.babcock-wanson.com\/de\/wp-json\/wp\/v2\/types\/product"}],"replies":[{"embeddable":true,"href":"https:\/\/www.babcock-wanson.com\/de\/wp-json\/wp\/v2\/comments?post=50179"}],"wp:featuredmedia":[{"embeddable":true,"href":"https:\/\/www.babcock-wanson.com\/de\/wp-json\/wp\/v2\/media\/50198"}],"wp:attachment":[{"href":"https:\/\/www.babcock-wanson.com\/de\/wp-json\/wp\/v2\/media?parent=50179"}],"wp:term":[{"taxonomy":"product_brand","embeddable":true,"href":"https:\/\/www.babcock-wanson.com\/de\/wp-json\/wp\/v2\/product_brand?post=50179"},{"taxonomy":"product_cat","embeddable":true,"href":"https:\/\/www.babcock-wanson.com\/de\/wp-json\/wp\/v2\/product_cat?post=50179"},{"taxonomy":"product_tag","embeddable":true,"href":"https:\/\/www.babcock-wanson.com\/de\/wp-json\/wp\/v2\/product_tag?post=50179"}],"curies":[{"name":"wp","href":"https:\/\/api.w.org\/{rel}","templated":true}]}}