{"id":50206,"date":"2018-10-23T14:57:28","date_gmt":"2025-01-17T09:33:59","guid":{"rendered":"https:\/\/www.babcock-wanson.com\/products\/unkategorisiert\/gasairbloc\/"},"modified":"2025-04-17T15:14:36","modified_gmt":"2025-04-17T14:14:36","slug":"gasairbloc","status":"publish","type":"product","link":"https:\/\/www.babcock-wanson.com\/de\/products\/industrielle-prozessluftheizer\/gasairbloc\/","title":{"rendered":"GASAIRBLOC"},"content":{"rendered":"<div class=\"vgblk-rw-wrapper limit-wrapper\">\r\n<h3>Direktprozessluftheizer GASAIRBLOC Merkmale<\/h3>\r\n<ul>\r\n \t<li>Robuste Konstruktion f\u00fcr anspruchsvolle Umgebungen<\/li>\r\n \t<li>Hohe Luftaustrittstemperatur<\/li>\r\n \t<li>Gro\u00dfz\u00fcgig bemessene Verbrennungskammer f\u00fcr den Betrieb mit Schwer\u00f6len<\/li>\r\n \t<li>Mit Erdgas oder Fl\u00fcssigbrennstoff befeuert<\/li>\r\n \t<li>F\u00fcr den Einsatz mit Schwer\u00f6len geeignet<\/li>\r\n<\/ul>\r\n<\/div><!-- .vgblk-rw-wrapper -->","protected":false},"excerpt":{"rendered":"<p><strong>Prozesslufttemperaturen bis zu 900\u00a0\u00b0C<\/strong><\/p>\n<p>Der Direktprozessluftheizer Gasairbloc von Babcock Wanson eignet sich f\u00fcr die rauesten industriellen Umgebungen, einschlie\u00dflich der Schwerindustrie und staubiger Standorte, wo eine lange Lebensdauer und einfache Bedienung der Schl\u00fcssel zum Erfolg sind.<\/p>\n<p>Er wird direkt mit Gas oder Fl\u00fcssigbrennstoffen befeuert und verwendet ein unabh\u00e4ngiges Verbrennungsluftgebl\u00e4se, das Luftaustrittstemperaturen von bis zu 1.200\u00a0\u00b0C erm\u00f6glicht.<\/p>\n","protected":false},"featured_media":50209,"comment_status":"closed","ping_status":"closed","template":"","meta":{"_acf_changed":false,"_relevanssi_hide_post":"","_relevanssi_hide_content":"","_relevanssi_pin_for_all":"","_relevanssi_pin_keywords":"","_relevanssi_unpin_keywords":"","_relevanssi_related_keywords":"","_relevanssi_related_include_ids":"","_relevanssi_related_exclude_ids":"","_relevanssi_related_no_append":"","_relevanssi_related_not_related":"","_relevanssi_related_posts":"","_relevanssi_noindex_reason":""},"product_brand":[],"product_cat":[6529],"product_tag":[],"class_list":{"0":"post-50206","1":"product","2":"type-product","3":"status-publish","4":"has-post-thumbnail","6":"product_cat-industrielle-prozessluftheizer","8":"first","9":"instock","10":"shipping-taxable","11":"product-type-simple"},"acf":[],"yoast_head":"<!-- This site is optimized with the Yoast SEO Premium plugin v27.4 (Yoast SEO v27.4) - https:\/\/yoast.com\/product\/yoast-seo-premium-wordpress\/ -->\n<title>GASAIRBLOC \u2013 Industrieller Heizer f\u00fcr raue Umgebungen - Babcock Wanson<\/title>\n<meta name=\"description\" content=\"Der Direktprozessluftheizer Gasairbloc von Babcock Wanson eignet sich f\u00fcr die rauesten industriellen Umgebungen, inklusive der Schwerindustrie und staubiger Standorte.\" \/>\n<meta name=\"robots\" content=\"index, follow, max-snippet:-1, max-image-preview:large, max-video-preview:-1\" \/>\n<link rel=\"canonical\" href=\"https:\/\/www.babcock-wanson.com\/de\/products\/industrielle-prozessluftheizer\/gasairbloc\/\" \/>\n<meta property=\"og:locale\" content=\"de_DE\" \/>\n<meta property=\"og:type\" content=\"article\" \/>\n<meta property=\"og:title\" content=\"GASAIRBLOC\" \/>\n<meta property=\"og:description\" content=\"Der Direktprozessluftheizer Gasairbloc von Babcock Wanson eignet sich f\u00fcr die rauesten industriellen Umgebungen, inklusive der Schwerindustrie und staubiger Standorte.\" \/>\n<meta property=\"og:url\" content=\"https:\/\/www.babcock-wanson.com\/de\/products\/industrielle-prozessluftheizer\/gasairbloc\/\" \/>\n<meta property=\"og:site_name\" content=\"Babcock Wanson\" \/>\n<meta property=\"article:modified_time\" content=\"2025-04-17T14:14:36+00:00\" \/>\n<meta property=\"og:image\" content=\"https:\/\/www.babcock-wanson.com\/wp-content\/uploads\/2018\/10\/GASAIRBLOC-Direct-Fired-Process-Air-Heaters.png\" \/>\n\t<meta property=\"og:image:width\" content=\"600\" \/>\n\t<meta property=\"og:image:height\" content=\"400\" \/>\n\t<meta property=\"og:image:type\" content=\"image\/png\" \/>\n<meta name=\"twitter:card\" content=\"summary_large_image\" \/>\n<meta name=\"twitter:label1\" content=\"Est. reading time\" \/>\n\t<meta name=\"twitter:data1\" content=\"1 Minute\" \/>\n<script type=\"application\/ld+json\" class=\"yoast-schema-graph\">{\"@context\":\"https:\\\/\\\/schema.org\",\"@graph\":[{\"@type\":\"WebPage\",\"@id\":\"https:\\\/\\\/www.babcock-wanson.com\\\/de\\\/products\\\/industrielle-prozessluftheizer\\\/gasairbloc\\\/\",\"url\":\"https:\\\/\\\/www.babcock-wanson.com\\\/de\\\/products\\\/industrielle-prozessluftheizer\\\/gasairbloc\\\/\",\"name\":\"GASAIRBLOC \u2013 Industrieller Heizer f\u00fcr raue Umgebungen - Babcock Wanson\",\"isPartOf\":{\"@id\":\"https:\\\/\\\/www.babcock-wanson.com\\\/de\\\/#website\"},\"primaryImageOfPage\":{\"@id\":\"https:\\\/\\\/www.babcock-wanson.com\\\/de\\\/products\\\/industrielle-prozessluftheizer\\\/gasairbloc\\\/#primaryimage\"},\"image\":{\"@id\":\"https:\\\/\\\/www.babcock-wanson.com\\\/de\\\/products\\\/industrielle-prozessluftheizer\\\/gasairbloc\\\/#primaryimage\"},\"thumbnailUrl\":\"https:\\\/\\\/www.babcock-wanson.com\\\/wp-content\\\/uploads\\\/2018\\\/10\\\/GASAIRBLOC-Direct-Fired-Process-Air-Heaters.png\",\"datePublished\":\"2025-01-17T09:33:59+00:00\",\"dateModified\":\"2025-04-17T14:14:36+00:00\",\"description\":\"Der Direktprozessluftheizer Gasairbloc von Babcock Wanson eignet sich f\u00fcr die rauesten industriellen Umgebungen, inklusive der Schwerindustrie und staubiger Standorte.\",\"breadcrumb\":{\"@id\":\"https:\\\/\\\/www.babcock-wanson.com\\\/de\\\/products\\\/industrielle-prozessluftheizer\\\/gasairbloc\\\/#breadcrumb\"},\"inLanguage\":\"de-DE\",\"potentialAction\":[{\"@type\":\"ReadAction\",\"target\":[\"https:\\\/\\\/www.babcock-wanson.com\\\/de\\\/products\\\/industrielle-prozessluftheizer\\\/gasairbloc\\\/\"]}]},{\"@type\":\"ImageObject\",\"inLanguage\":\"de-DE\",\"@id\":\"https:\\\/\\\/www.babcock-wanson.com\\\/de\\\/products\\\/industrielle-prozessluftheizer\\\/gasairbloc\\\/#primaryimage\",\"url\":\"https:\\\/\\\/www.babcock-wanson.com\\\/wp-content\\\/uploads\\\/2018\\\/10\\\/GASAIRBLOC-Direct-Fired-Process-Air-Heaters.png\",\"contentUrl\":\"https:\\\/\\\/www.babcock-wanson.com\\\/wp-content\\\/uploads\\\/2018\\\/10\\\/GASAIRBLOC-Direct-Fired-Process-Air-Heaters.png\",\"width\":600,\"height\":400},{\"@type\":\"BreadcrumbList\",\"@id\":\"https:\\\/\\\/www.babcock-wanson.com\\\/de\\\/products\\\/industrielle-prozessluftheizer\\\/gasairbloc\\\/#breadcrumb\",\"itemListElement\":[{\"@type\":\"ListItem\",\"position\":1,\"name\":\"Inicio\",\"item\":\"https:\\\/\\\/www.babcock-wanson.com\\\/de\\\/\"},{\"@type\":\"ListItem\",\"position\":2,\"name\":\"Produkte\",\"item\":\"https:\\\/\\\/www.babcock-wanson.com\\\/de\\\/shop\\\/\"},{\"@type\":\"ListItem\",\"position\":3,\"name\":\"Industrielle Prozessluftheizer\",\"item\":\"https:\\\/\\\/www.babcock-wanson.com\\\/de\\\/produkt-kategorie\\\/industrielle-prozessluftheizer\\\/\"},{\"@type\":\"ListItem\",\"position\":4,\"name\":\"GASAIRBLOC\"}]},{\"@type\":\"WebSite\",\"@id\":\"https:\\\/\\\/www.babcock-wanson.com\\\/de\\\/#website\",\"url\":\"https:\\\/\\\/www.babcock-wanson.com\\\/de\\\/\",\"name\":\"Babcock Wanson\",\"description\":\"\",\"publisher\":{\"@id\":\"https:\\\/\\\/www.babcock-wanson.com\\\/de\\\/#organization\"},\"potentialAction\":[{\"@type\":\"SearchAction\",\"target\":{\"@type\":\"EntryPoint\",\"urlTemplate\":\"https:\\\/\\\/www.babcock-wanson.com\\\/de\\\/?s={search_term_string}\"},\"query-input\":{\"@type\":\"PropertyValueSpecification\",\"valueRequired\":true,\"valueName\":\"search_term_string\"}}],\"inLanguage\":\"de-DE\"},{\"@type\":\"Organization\",\"@id\":\"https:\\\/\\\/www.babcock-wanson.com\\\/de\\\/#organization\",\"name\":\"Babcock Wanson\",\"url\":\"https:\\\/\\\/www.babcock-wanson.com\\\/de\\\/\",\"logo\":{\"@type\":\"ImageObject\",\"inLanguage\":\"de-DE\",\"@id\":\"https:\\\/\\\/www.babcock-wanson.com\\\/de\\\/#\\\/schema\\\/logo\\\/image\\\/\",\"url\":\"https:\\\/\\\/www.babcock-wanson.com\\\/wp-content\\\/uploads\\\/2024\\\/02\\\/Babcock-Wanson-1200x1200-1.png\",\"contentUrl\":\"https:\\\/\\\/www.babcock-wanson.com\\\/wp-content\\\/uploads\\\/2024\\\/02\\\/Babcock-Wanson-1200x1200-1.png\",\"width\":1200,\"height\":1200,\"caption\":\"Babcock Wanson\"},\"image\":{\"@id\":\"https:\\\/\\\/www.babcock-wanson.com\\\/de\\\/#\\\/schema\\\/logo\\\/image\\\/\"},\"sameAs\":[\"https:\\\/\\\/www.linkedin.com\\\/company\\\/babcock-wanson\\\/\",\"https:\\\/\\\/www.youtube.com\\\/channel\\\/UCtxl25VieBBsP2kYmtlyv7A\"]}]}<\/script>\n<!-- \/ Yoast SEO Premium plugin. -->","yoast_head_json":{"title":"GASAIRBLOC \u2013 Industrieller Heizer f\u00fcr raue Umgebungen - Babcock Wanson","description":"Der Direktprozessluftheizer Gasairbloc von Babcock Wanson eignet sich f\u00fcr die rauesten industriellen Umgebungen, inklusive der Schwerindustrie und staubiger Standorte.","robots":{"index":"index","follow":"follow","max-snippet":"max-snippet:-1","max-image-preview":"max-image-preview:large","max-video-preview":"max-video-preview:-1"},"canonical":"https:\/\/www.babcock-wanson.com\/de\/products\/industrielle-prozessluftheizer\/gasairbloc\/","og_locale":"de_DE","og_type":"article","og_title":"GASAIRBLOC","og_description":"Der Direktprozessluftheizer Gasairbloc von Babcock Wanson eignet sich f\u00fcr die rauesten industriellen Umgebungen, inklusive der Schwerindustrie und staubiger Standorte.","og_url":"https:\/\/www.babcock-wanson.com\/de\/products\/industrielle-prozessluftheizer\/gasairbloc\/","og_site_name":"Babcock Wanson","article_modified_time":"2025-04-17T14:14:36+00:00","og_image":[{"width":600,"height":400,"url":"https:\/\/www.babcock-wanson.com\/wp-content\/uploads\/2018\/10\/GASAIRBLOC-Direct-Fired-Process-Air-Heaters.png","type":"image\/png"}],"twitter_card":"summary_large_image","twitter_misc":{"Est. reading time":"1 Minute"},"schema":{"@context":"https:\/\/schema.org","@graph":[{"@type":"WebPage","@id":"https:\/\/www.babcock-wanson.com\/de\/products\/industrielle-prozessluftheizer\/gasairbloc\/","url":"https:\/\/www.babcock-wanson.com\/de\/products\/industrielle-prozessluftheizer\/gasairbloc\/","name":"GASAIRBLOC \u2013 Industrieller Heizer f\u00fcr raue Umgebungen - Babcock Wanson","isPartOf":{"@id":"https:\/\/www.babcock-wanson.com\/de\/#website"},"primaryImageOfPage":{"@id":"https:\/\/www.babcock-wanson.com\/de\/products\/industrielle-prozessluftheizer\/gasairbloc\/#primaryimage"},"image":{"@id":"https:\/\/www.babcock-wanson.com\/de\/products\/industrielle-prozessluftheizer\/gasairbloc\/#primaryimage"},"thumbnailUrl":"https:\/\/www.babcock-wanson.com\/wp-content\/uploads\/2018\/10\/GASAIRBLOC-Direct-Fired-Process-Air-Heaters.png","datePublished":"2025-01-17T09:33:59+00:00","dateModified":"2025-04-17T14:14:36+00:00","description":"Der Direktprozessluftheizer Gasairbloc von Babcock Wanson eignet sich f\u00fcr die rauesten industriellen Umgebungen, inklusive der Schwerindustrie und staubiger Standorte.","breadcrumb":{"@id":"https:\/\/www.babcock-wanson.com\/de\/products\/industrielle-prozessluftheizer\/gasairbloc\/#breadcrumb"},"inLanguage":"de-DE","potentialAction":[{"@type":"ReadAction","target":["https:\/\/www.babcock-wanson.com\/de\/products\/industrielle-prozessluftheizer\/gasairbloc\/"]}]},{"@type":"ImageObject","inLanguage":"de-DE","@id":"https:\/\/www.babcock-wanson.com\/de\/products\/industrielle-prozessluftheizer\/gasairbloc\/#primaryimage","url":"https:\/\/www.babcock-wanson.com\/wp-content\/uploads\/2018\/10\/GASAIRBLOC-Direct-Fired-Process-Air-Heaters.png","contentUrl":"https:\/\/www.babcock-wanson.com\/wp-content\/uploads\/2018\/10\/GASAIRBLOC-Direct-Fired-Process-Air-Heaters.png","width":600,"height":400},{"@type":"BreadcrumbList","@id":"https:\/\/www.babcock-wanson.com\/de\/products\/industrielle-prozessluftheizer\/gasairbloc\/#breadcrumb","itemListElement":[{"@type":"ListItem","position":1,"name":"Inicio","item":"https:\/\/www.babcock-wanson.com\/de\/"},{"@type":"ListItem","position":2,"name":"Produkte","item":"https:\/\/www.babcock-wanson.com\/de\/shop\/"},{"@type":"ListItem","position":3,"name":"Industrielle Prozessluftheizer","item":"https:\/\/www.babcock-wanson.com\/de\/produkt-kategorie\/industrielle-prozessluftheizer\/"},{"@type":"ListItem","position":4,"name":"GASAIRBLOC"}]},{"@type":"WebSite","@id":"https:\/\/www.babcock-wanson.com\/de\/#website","url":"https:\/\/www.babcock-wanson.com\/de\/","name":"Babcock Wanson","description":"","publisher":{"@id":"https:\/\/www.babcock-wanson.com\/de\/#organization"},"potentialAction":[{"@type":"SearchAction","target":{"@type":"EntryPoint","urlTemplate":"https:\/\/www.babcock-wanson.com\/de\/?s={search_term_string}"},"query-input":{"@type":"PropertyValueSpecification","valueRequired":true,"valueName":"search_term_string"}}],"inLanguage":"de-DE"},{"@type":"Organization","@id":"https:\/\/www.babcock-wanson.com\/de\/#organization","name":"Babcock Wanson","url":"https:\/\/www.babcock-wanson.com\/de\/","logo":{"@type":"ImageObject","inLanguage":"de-DE","@id":"https:\/\/www.babcock-wanson.com\/de\/#\/schema\/logo\/image\/","url":"https:\/\/www.babcock-wanson.com\/wp-content\/uploads\/2024\/02\/Babcock-Wanson-1200x1200-1.png","contentUrl":"https:\/\/www.babcock-wanson.com\/wp-content\/uploads\/2024\/02\/Babcock-Wanson-1200x1200-1.png","width":1200,"height":1200,"caption":"Babcock Wanson"},"image":{"@id":"https:\/\/www.babcock-wanson.com\/de\/#\/schema\/logo\/image\/"},"sameAs":["https:\/\/www.linkedin.com\/company\/babcock-wanson\/","https:\/\/www.youtube.com\/channel\/UCtxl25VieBBsP2kYmtlyv7A"]}]}},"jetpack_sharing_enabled":true,"_links":{"self":[{"href":"https:\/\/www.babcock-wanson.com\/de\/wp-json\/wp\/v2\/product\/50206","targetHints":{"allow":["GET"]}}],"collection":[{"href":"https:\/\/www.babcock-wanson.com\/de\/wp-json\/wp\/v2\/product"}],"about":[{"href":"https:\/\/www.babcock-wanson.com\/de\/wp-json\/wp\/v2\/types\/product"}],"replies":[{"embeddable":true,"href":"https:\/\/www.babcock-wanson.com\/de\/wp-json\/wp\/v2\/comments?post=50206"}],"wp:featuredmedia":[{"embeddable":true,"href":"https:\/\/www.babcock-wanson.com\/de\/wp-json\/wp\/v2\/media\/50209"}],"wp:attachment":[{"href":"https:\/\/www.babcock-wanson.com\/de\/wp-json\/wp\/v2\/media?parent=50206"}],"wp:term":[{"taxonomy":"product_brand","embeddable":true,"href":"https:\/\/www.babcock-wanson.com\/de\/wp-json\/wp\/v2\/product_brand?post=50206"},{"taxonomy":"product_cat","embeddable":true,"href":"https:\/\/www.babcock-wanson.com\/de\/wp-json\/wp\/v2\/product_cat?post=50206"},{"taxonomy":"product_tag","embeddable":true,"href":"https:\/\/www.babcock-wanson.com\/de\/wp-json\/wp\/v2\/product_tag?post=50206"}],"curies":[{"name":"wp","href":"https:\/\/api.w.org\/{rel}","templated":true}]}}