{"id":50207,"date":"2018-08-15T11:34:35","date_gmt":"2025-01-17T09:33:59","guid":{"rendered":"https:\/\/www.babcock-wanson.com\/products\/unkategorisiert\/tpc-as-serie\/"},"modified":"2025-04-11T16:48:11","modified_gmt":"2025-04-11T15:48:11","slug":"tpc-as-serie","status":"publish","type":"product","link":"https:\/\/www.babcock-wanson.com\/de\/products\/heiswasserkessel-fur-den-industriellen-einsatz\/tpc-as-serie\/","title":{"rendered":"TPC-AS-Serie"},"content":{"rendered":"<div class=\"vgblk-rw-wrapper limit-wrapper\">\r\n<h3>Hocheffizienter Spulen-Hei\u00dfwasserkessel<\/h3>\r\n<ul>\r\n \t<li>Die TPC-AS-Konfiguration mit gro\u00dfer W\u00e4rmeaustauschfl\u00e4che und integriertem Verbrennungsluftvorw\u00e4rmer gew\u00e4hrleistet einen thermischen Wirkungsgrad von bis zu 90 % in Standardform.<\/li>\r\n \t<li>Der TPC-AS verf\u00fcgt \u00fcber ein integriertes, luftgek\u00fchltes Au\u00dfengeh\u00e4use, das als Verbrennungsluftvorw\u00e4rmer\/Vorw\u00e4rmer dient. Diese Konstruktion erm\u00f6glicht auch eine effiziente Isolierung des Kesselk\u00f6rpers.<\/li>\r\n<\/ul>\r\n<h3>Robuste Ausr\u00fcstung<\/h3>\r\n<ul>\r\n \t<li>Der TPC-AS Hei\u00dfwasserkessel ist robust konstruiert und zeichnet sich durch eine lange Lebensdauer und einen zuverl\u00e4ssigen Betrieb aus.<\/li>\r\n \t<li>Pr\u00fcfdruck bis zu 25 barg und Wassertemperatur bis zu 220 \u00b0C.<\/li>\r\n \t<li>Die TPC-AS-Konfiguration gew\u00e4hrleistet einen sicheren und einfachen Betrieb in den anspruchsvollsten Umgebungen.<\/li>\r\n<\/ul>\r\n<h3>Einfacher, zuverl\u00e4ssiger Betrieb<\/h3>\r\n<ul>\r\n \t<li>Der TPC-AS umfasst einen integrierten Monoblock-Brenner, Verbrennungs- und Systemsteuerungen sowie eine Standardsicherheitsausr\u00fcstung, die alle montiert und vorverkabelt sind.<\/li>\r\n \t<li>Der TPC-AS Hei\u00dfwasserkessel wird anschlussfertig f\u00fcr das Brennstoffsystem, die Stromversorgung, den Schornstein und das Wassersystem geliefert, um eine schnelle Installation in der Anlage zu erm\u00f6glichen.<\/li>\r\n \t<li>Die Ausmauerung in der Verbrennungskammer wurde auf ein Minimum reduziert, um eine lange Lebensdauer und einfache Wartung zu gew\u00e4hrleisten.<\/li>\r\n<\/ul>\r\n<h3>Umweltfreundlich<\/h3>\r\n<ul>\r\n \t<li>Babcock Wanson-Brenner sind so konzipiert, dass sie alle normalen Umweltstandards erf\u00fcllen. Sie optimieren den Brennstoffverbrauch und sind wartungsfreundlich.<\/li>\r\n \t<li>Die Rauchgasemissionen entsprechen den europ\u00e4ischen Vorschriften.<\/li>\r\n<\/ul>\r\n<h3>Umfassendes Angebot an Zusatzausr\u00fcstung<\/h3>\r\n<ul>\r\n \t<li>Systemdesign und Projektmanagement<\/li>\r\n \t<li>Systemzubeh\u00f6r und W\u00e4rmetauscher<\/li>\r\n \t<li>Installations- und Rohrleitungsdienstleistungen<\/li>\r\n \t<li>Lieferung und Inbetriebnahme<\/li>\r\n<\/ul>\r\n<h2>Industrieller Hei\u00dfwasserkessel der TPC-AS-Serie<\/h2>\r\n<table>\r\n<tbody>\r\n<tr>\r\n<th>TPC-AS<\/th>\r\n<th>Modell<\/th>\r\n<th>500<\/th>\r\n<th>1000<\/th>\r\n<th>1250<\/th>\r\n<th>1500<\/th>\r\n<th>2000<\/th>\r\n<\/tr>\r\n<tr>\r\n<th>Nettoleistung<\/th>\r\n<th>kW<\/th>\r\n<td>581<\/td>\r\n<td>1,163<\/td>\r\n<td>1,453<\/td>\r\n<td>1,744<\/td>\r\n<td>2,326<\/td>\r\n<\/tr>\r\n<tr>\r\n<th>Wassergehalt<\/th>\r\n<th>Liter<\/th>\r\n<td>135<\/td>\r\n<td>248<\/td>\r\n<td>298<\/td>\r\n<td>298<\/td>\r\n<td>353<\/td>\r\n<\/tr>\r\n<\/tbody>\r\n<\/table>\r\n<\/div><!-- .vgblk-rw-wrapper -->","protected":false},"excerpt":{"rendered":"<p><strong>Die Leistung liegt zwischen 500.000 und 2.000.000 kCal\/h (581 bis 2.326 kW).<\/strong><br \/>\nDer TPC-AS ist ein vertikal befeuerter Spulen-Hei\u00dfwasserkessel, der f\u00fcr den Betrieb mit Wasser bei hohem Druck und hoher Temperatur konzipiert ist. Die konzentrischen Spulen, die Verbrennungskammer mit Flammenumkehr und die Konfiguration mit drei vollst\u00e4ndigen Gasdurchl\u00e4ufen gew\u00e4hrleisten einen hohen Wirkungsgrad und einen sehr sicheren und einfachen Betrieb.<\/p>\n<p>Der TPC-AS ist mit einem speziell f\u00fcr diesen Zweck entwickelten Brenner von Babcock Wanson ausgestattet, der perfekt auf die Verbrennungskammer abgestimmt ist und einen hocheffizienten, emissionsarmen Betrieb erm\u00f6glicht. Die Brennersteuerung kann je nach Prozessanforderungen eine einfache zweistufige oder eine vollst\u00e4ndig modulierende Steuerung sein.<\/p>\n","protected":false},"featured_media":50211,"comment_status":"closed","ping_status":"closed","template":"","meta":{"_acf_changed":false,"_relevanssi_hide_post":"","_relevanssi_hide_content":"","_relevanssi_pin_for_all":"","_relevanssi_pin_keywords":"","_relevanssi_unpin_keywords":"","_relevanssi_related_keywords":"","_relevanssi_related_include_ids":"","_relevanssi_related_exclude_ids":"","_relevanssi_related_no_append":"","_relevanssi_related_not_related":"","_relevanssi_related_posts":"","_relevanssi_noindex_reason":""},"product_brand":[],"product_cat":[6521],"product_tag":[],"class_list":{"0":"post-50207","1":"product","2":"type-product","3":"status-publish","4":"has-post-thumbnail","6":"product_cat-heiswasserkessel-fur-den-industriellen-einsatz","8":"first","9":"instock","10":"shipping-taxable","11":"product-type-simple"},"acf":[],"yoast_head":"<!-- This site is optimized with the Yoast SEO Premium plugin v27.4 (Yoast SEO v27.4) - https:\/\/yoast.com\/product\/yoast-seo-premium-wordpress\/ -->\n<title>Industrielle Hei\u00dfwasserkessel TPC-AS-Serie \u2013 Babcock Wanson<\/title>\n<meta name=\"description\" content=\"Der TPC-AS ist ein vertikal befeuerter Spulen-Hei\u00dfwasserkessel, der f\u00fcr den Betrieb mit Wasser bei hohem Druck und hoher Temperatur konzipiert ist. Klicken Sie hier, um mehr zu erfahren\" \/>\n<meta name=\"robots\" content=\"index, follow, max-snippet:-1, max-image-preview:large, max-video-preview:-1\" \/>\n<link rel=\"canonical\" href=\"https:\/\/www.babcock-wanson.com\/de\/products\/heiswasserkessel-fur-den-industriellen-einsatz\/tpc-as-serie\/\" \/>\n<meta property=\"og:locale\" content=\"de_DE\" \/>\n<meta property=\"og:type\" content=\"article\" \/>\n<meta property=\"og:title\" content=\"TPC-AS-Serie\" \/>\n<meta property=\"og:description\" content=\"Der TPC-AS ist ein vertikal befeuerter Spulen-Hei\u00dfwasserkessel, der f\u00fcr den Betrieb mit Wasser bei hohem Druck und hoher Temperatur konzipiert ist. Klicken Sie hier, um mehr zu erfahren\" \/>\n<meta property=\"og:url\" content=\"https:\/\/www.babcock-wanson.com\/de\/products\/heiswasserkessel-fur-den-industriellen-einsatz\/tpc-as-serie\/\" \/>\n<meta property=\"og:site_name\" content=\"Babcock Wanson\" \/>\n<meta property=\"article:modified_time\" content=\"2025-04-11T15:48:11+00:00\" \/>\n<meta property=\"og:image\" content=\"https:\/\/www.babcock-wanson.com\/wp-content\/uploads\/2018\/08\/TPC-AS-Industrial-Hot-Water-Boiler.jpg\" \/>\n\t<meta property=\"og:image:width\" content=\"400\" \/>\n\t<meta property=\"og:image:height\" content=\"600\" \/>\n\t<meta property=\"og:image:type\" content=\"image\/jpeg\" \/>\n<meta name=\"twitter:card\" content=\"summary_large_image\" \/>\n<meta name=\"twitter:label1\" content=\"Est. reading time\" \/>\n\t<meta name=\"twitter:data1\" content=\"2 Minuten\" \/>\n<script type=\"application\/ld+json\" class=\"yoast-schema-graph\">{\"@context\":\"https:\\\/\\\/schema.org\",\"@graph\":[{\"@type\":\"WebPage\",\"@id\":\"https:\\\/\\\/www.babcock-wanson.com\\\/de\\\/products\\\/heiswasserkessel-fur-den-industriellen-einsatz\\\/tpc-as-serie\\\/\",\"url\":\"https:\\\/\\\/www.babcock-wanson.com\\\/de\\\/products\\\/heiswasserkessel-fur-den-industriellen-einsatz\\\/tpc-as-serie\\\/\",\"name\":\"Industrielle Hei\u00dfwasserkessel TPC-AS-Serie \u2013 Babcock Wanson\",\"isPartOf\":{\"@id\":\"https:\\\/\\\/www.babcock-wanson.com\\\/de\\\/#website\"},\"primaryImageOfPage\":{\"@id\":\"https:\\\/\\\/www.babcock-wanson.com\\\/de\\\/products\\\/heiswasserkessel-fur-den-industriellen-einsatz\\\/tpc-as-serie\\\/#primaryimage\"},\"image\":{\"@id\":\"https:\\\/\\\/www.babcock-wanson.com\\\/de\\\/products\\\/heiswasserkessel-fur-den-industriellen-einsatz\\\/tpc-as-serie\\\/#primaryimage\"},\"thumbnailUrl\":\"https:\\\/\\\/www.babcock-wanson.com\\\/wp-content\\\/uploads\\\/2018\\\/08\\\/TPC-AS-Industrial-Hot-Water-Boiler.jpg\",\"datePublished\":\"2025-01-17T09:33:59+00:00\",\"dateModified\":\"2025-04-11T15:48:11+00:00\",\"description\":\"Der TPC-AS ist ein vertikal befeuerter Spulen-Hei\u00dfwasserkessel, der f\u00fcr den Betrieb mit Wasser bei hohem Druck und hoher Temperatur konzipiert ist. Klicken Sie hier, um mehr zu erfahren\",\"breadcrumb\":{\"@id\":\"https:\\\/\\\/www.babcock-wanson.com\\\/de\\\/products\\\/heiswasserkessel-fur-den-industriellen-einsatz\\\/tpc-as-serie\\\/#breadcrumb\"},\"inLanguage\":\"de-DE\",\"potentialAction\":[{\"@type\":\"ReadAction\",\"target\":[\"https:\\\/\\\/www.babcock-wanson.com\\\/de\\\/products\\\/heiswasserkessel-fur-den-industriellen-einsatz\\\/tpc-as-serie\\\/\"]}]},{\"@type\":\"ImageObject\",\"inLanguage\":\"de-DE\",\"@id\":\"https:\\\/\\\/www.babcock-wanson.com\\\/de\\\/products\\\/heiswasserkessel-fur-den-industriellen-einsatz\\\/tpc-as-serie\\\/#primaryimage\",\"url\":\"https:\\\/\\\/www.babcock-wanson.com\\\/wp-content\\\/uploads\\\/2018\\\/08\\\/TPC-AS-Industrial-Hot-Water-Boiler.jpg\",\"contentUrl\":\"https:\\\/\\\/www.babcock-wanson.com\\\/wp-content\\\/uploads\\\/2018\\\/08\\\/TPC-AS-Industrial-Hot-Water-Boiler.jpg\",\"width\":400,\"height\":600},{\"@type\":\"BreadcrumbList\",\"@id\":\"https:\\\/\\\/www.babcock-wanson.com\\\/de\\\/products\\\/heiswasserkessel-fur-den-industriellen-einsatz\\\/tpc-as-serie\\\/#breadcrumb\",\"itemListElement\":[{\"@type\":\"ListItem\",\"position\":1,\"name\":\"Inicio\",\"item\":\"https:\\\/\\\/www.babcock-wanson.com\\\/de\\\/\"},{\"@type\":\"ListItem\",\"position\":2,\"name\":\"Produkte\",\"item\":\"https:\\\/\\\/www.babcock-wanson.com\\\/de\\\/shop\\\/\"},{\"@type\":\"ListItem\",\"position\":3,\"name\":\"Hei\u00dfwasserkessel f\u00fcr den industriellen Einsatz\",\"item\":\"https:\\\/\\\/www.babcock-wanson.com\\\/de\\\/produkt-kategorie\\\/heiswasserkessel-fur-den-industriellen-einsatz\\\/\"},{\"@type\":\"ListItem\",\"position\":4,\"name\":\"TPC-AS-Serie\"}]},{\"@type\":\"WebSite\",\"@id\":\"https:\\\/\\\/www.babcock-wanson.com\\\/de\\\/#website\",\"url\":\"https:\\\/\\\/www.babcock-wanson.com\\\/de\\\/\",\"name\":\"Babcock Wanson\",\"description\":\"\",\"publisher\":{\"@id\":\"https:\\\/\\\/www.babcock-wanson.com\\\/de\\\/#organization\"},\"potentialAction\":[{\"@type\":\"SearchAction\",\"target\":{\"@type\":\"EntryPoint\",\"urlTemplate\":\"https:\\\/\\\/www.babcock-wanson.com\\\/de\\\/?s={search_term_string}\"},\"query-input\":{\"@type\":\"PropertyValueSpecification\",\"valueRequired\":true,\"valueName\":\"search_term_string\"}}],\"inLanguage\":\"de-DE\"},{\"@type\":\"Organization\",\"@id\":\"https:\\\/\\\/www.babcock-wanson.com\\\/de\\\/#organization\",\"name\":\"Babcock Wanson\",\"url\":\"https:\\\/\\\/www.babcock-wanson.com\\\/de\\\/\",\"logo\":{\"@type\":\"ImageObject\",\"inLanguage\":\"de-DE\",\"@id\":\"https:\\\/\\\/www.babcock-wanson.com\\\/de\\\/#\\\/schema\\\/logo\\\/image\\\/\",\"url\":\"https:\\\/\\\/www.babcock-wanson.com\\\/wp-content\\\/uploads\\\/2024\\\/02\\\/Babcock-Wanson-1200x1200-1.png\",\"contentUrl\":\"https:\\\/\\\/www.babcock-wanson.com\\\/wp-content\\\/uploads\\\/2024\\\/02\\\/Babcock-Wanson-1200x1200-1.png\",\"width\":1200,\"height\":1200,\"caption\":\"Babcock Wanson\"},\"image\":{\"@id\":\"https:\\\/\\\/www.babcock-wanson.com\\\/de\\\/#\\\/schema\\\/logo\\\/image\\\/\"},\"sameAs\":[\"https:\\\/\\\/www.linkedin.com\\\/company\\\/babcock-wanson\\\/\",\"https:\\\/\\\/www.youtube.com\\\/channel\\\/UCtxl25VieBBsP2kYmtlyv7A\"]}]}<\/script>\n<!-- \/ Yoast SEO Premium plugin. -->","yoast_head_json":{"title":"Industrielle Hei\u00dfwasserkessel TPC-AS-Serie \u2013 Babcock Wanson","description":"Der TPC-AS ist ein vertikal befeuerter Spulen-Hei\u00dfwasserkessel, der f\u00fcr den Betrieb mit Wasser bei hohem Druck und hoher Temperatur konzipiert ist. Klicken Sie hier, um mehr zu erfahren","robots":{"index":"index","follow":"follow","max-snippet":"max-snippet:-1","max-image-preview":"max-image-preview:large","max-video-preview":"max-video-preview:-1"},"canonical":"https:\/\/www.babcock-wanson.com\/de\/products\/heiswasserkessel-fur-den-industriellen-einsatz\/tpc-as-serie\/","og_locale":"de_DE","og_type":"article","og_title":"TPC-AS-Serie","og_description":"Der TPC-AS ist ein vertikal befeuerter Spulen-Hei\u00dfwasserkessel, der f\u00fcr den Betrieb mit Wasser bei hohem Druck und hoher Temperatur konzipiert ist. Klicken Sie hier, um mehr zu erfahren","og_url":"https:\/\/www.babcock-wanson.com\/de\/products\/heiswasserkessel-fur-den-industriellen-einsatz\/tpc-as-serie\/","og_site_name":"Babcock Wanson","article_modified_time":"2025-04-11T15:48:11+00:00","og_image":[{"width":400,"height":600,"url":"https:\/\/www.babcock-wanson.com\/wp-content\/uploads\/2018\/08\/TPC-AS-Industrial-Hot-Water-Boiler.jpg","type":"image\/jpeg"}],"twitter_card":"summary_large_image","twitter_misc":{"Est. reading time":"2 Minuten"},"schema":{"@context":"https:\/\/schema.org","@graph":[{"@type":"WebPage","@id":"https:\/\/www.babcock-wanson.com\/de\/products\/heiswasserkessel-fur-den-industriellen-einsatz\/tpc-as-serie\/","url":"https:\/\/www.babcock-wanson.com\/de\/products\/heiswasserkessel-fur-den-industriellen-einsatz\/tpc-as-serie\/","name":"Industrielle Hei\u00dfwasserkessel TPC-AS-Serie \u2013 Babcock Wanson","isPartOf":{"@id":"https:\/\/www.babcock-wanson.com\/de\/#website"},"primaryImageOfPage":{"@id":"https:\/\/www.babcock-wanson.com\/de\/products\/heiswasserkessel-fur-den-industriellen-einsatz\/tpc-as-serie\/#primaryimage"},"image":{"@id":"https:\/\/www.babcock-wanson.com\/de\/products\/heiswasserkessel-fur-den-industriellen-einsatz\/tpc-as-serie\/#primaryimage"},"thumbnailUrl":"https:\/\/www.babcock-wanson.com\/wp-content\/uploads\/2018\/08\/TPC-AS-Industrial-Hot-Water-Boiler.jpg","datePublished":"2025-01-17T09:33:59+00:00","dateModified":"2025-04-11T15:48:11+00:00","description":"Der TPC-AS ist ein vertikal befeuerter Spulen-Hei\u00dfwasserkessel, der f\u00fcr den Betrieb mit Wasser bei hohem Druck und hoher Temperatur konzipiert ist. Klicken Sie hier, um mehr zu erfahren","breadcrumb":{"@id":"https:\/\/www.babcock-wanson.com\/de\/products\/heiswasserkessel-fur-den-industriellen-einsatz\/tpc-as-serie\/#breadcrumb"},"inLanguage":"de-DE","potentialAction":[{"@type":"ReadAction","target":["https:\/\/www.babcock-wanson.com\/de\/products\/heiswasserkessel-fur-den-industriellen-einsatz\/tpc-as-serie\/"]}]},{"@type":"ImageObject","inLanguage":"de-DE","@id":"https:\/\/www.babcock-wanson.com\/de\/products\/heiswasserkessel-fur-den-industriellen-einsatz\/tpc-as-serie\/#primaryimage","url":"https:\/\/www.babcock-wanson.com\/wp-content\/uploads\/2018\/08\/TPC-AS-Industrial-Hot-Water-Boiler.jpg","contentUrl":"https:\/\/www.babcock-wanson.com\/wp-content\/uploads\/2018\/08\/TPC-AS-Industrial-Hot-Water-Boiler.jpg","width":400,"height":600},{"@type":"BreadcrumbList","@id":"https:\/\/www.babcock-wanson.com\/de\/products\/heiswasserkessel-fur-den-industriellen-einsatz\/tpc-as-serie\/#breadcrumb","itemListElement":[{"@type":"ListItem","position":1,"name":"Inicio","item":"https:\/\/www.babcock-wanson.com\/de\/"},{"@type":"ListItem","position":2,"name":"Produkte","item":"https:\/\/www.babcock-wanson.com\/de\/shop\/"},{"@type":"ListItem","position":3,"name":"Hei\u00dfwasserkessel f\u00fcr den industriellen Einsatz","item":"https:\/\/www.babcock-wanson.com\/de\/produkt-kategorie\/heiswasserkessel-fur-den-industriellen-einsatz\/"},{"@type":"ListItem","position":4,"name":"TPC-AS-Serie"}]},{"@type":"WebSite","@id":"https:\/\/www.babcock-wanson.com\/de\/#website","url":"https:\/\/www.babcock-wanson.com\/de\/","name":"Babcock Wanson","description":"","publisher":{"@id":"https:\/\/www.babcock-wanson.com\/de\/#organization"},"potentialAction":[{"@type":"SearchAction","target":{"@type":"EntryPoint","urlTemplate":"https:\/\/www.babcock-wanson.com\/de\/?s={search_term_string}"},"query-input":{"@type":"PropertyValueSpecification","valueRequired":true,"valueName":"search_term_string"}}],"inLanguage":"de-DE"},{"@type":"Organization","@id":"https:\/\/www.babcock-wanson.com\/de\/#organization","name":"Babcock Wanson","url":"https:\/\/www.babcock-wanson.com\/de\/","logo":{"@type":"ImageObject","inLanguage":"de-DE","@id":"https:\/\/www.babcock-wanson.com\/de\/#\/schema\/logo\/image\/","url":"https:\/\/www.babcock-wanson.com\/wp-content\/uploads\/2024\/02\/Babcock-Wanson-1200x1200-1.png","contentUrl":"https:\/\/www.babcock-wanson.com\/wp-content\/uploads\/2024\/02\/Babcock-Wanson-1200x1200-1.png","width":1200,"height":1200,"caption":"Babcock Wanson"},"image":{"@id":"https:\/\/www.babcock-wanson.com\/de\/#\/schema\/logo\/image\/"},"sameAs":["https:\/\/www.linkedin.com\/company\/babcock-wanson\/","https:\/\/www.youtube.com\/channel\/UCtxl25VieBBsP2kYmtlyv7A"]}]}},"jetpack_sharing_enabled":true,"_links":{"self":[{"href":"https:\/\/www.babcock-wanson.com\/de\/wp-json\/wp\/v2\/product\/50207","targetHints":{"allow":["GET"]}}],"collection":[{"href":"https:\/\/www.babcock-wanson.com\/de\/wp-json\/wp\/v2\/product"}],"about":[{"href":"https:\/\/www.babcock-wanson.com\/de\/wp-json\/wp\/v2\/types\/product"}],"replies":[{"embeddable":true,"href":"https:\/\/www.babcock-wanson.com\/de\/wp-json\/wp\/v2\/comments?post=50207"}],"wp:featuredmedia":[{"embeddable":true,"href":"https:\/\/www.babcock-wanson.com\/de\/wp-json\/wp\/v2\/media\/50211"}],"wp:attachment":[{"href":"https:\/\/www.babcock-wanson.com\/de\/wp-json\/wp\/v2\/media?parent=50207"}],"wp:term":[{"taxonomy":"product_brand","embeddable":true,"href":"https:\/\/www.babcock-wanson.com\/de\/wp-json\/wp\/v2\/product_brand?post=50207"},{"taxonomy":"product_cat","embeddable":true,"href":"https:\/\/www.babcock-wanson.com\/de\/wp-json\/wp\/v2\/product_cat?post=50207"},{"taxonomy":"product_tag","embeddable":true,"href":"https:\/\/www.babcock-wanson.com\/de\/wp-json\/wp\/v2\/product_tag?post=50207"}],"curies":[{"name":"wp","href":"https:\/\/api.w.org\/{rel}","templated":true}]}}