{"id":50214,"date":"2019-02-11T15:39:40","date_gmt":"2025-01-17T09:34:02","guid":{"rendered":"https:\/\/www.babcock-wanson.com\/products\/unkategorisiert\/optimo\/"},"modified":"2025-04-14T11:33:22","modified_gmt":"2025-04-14T10:33:22","slug":"optimo","status":"publish","type":"product","link":"https:\/\/www.babcock-wanson.com\/de\/products\/industriebrenner\/optimo\/","title":{"rendered":"OPTIMO"},"content":{"rendered":"<div class=\"vgblk-rw-wrapper limit-wrapper\">\r\n<h3>Gebl\u00e4sebrenner OPTIMO<\/h3>\r\n<ul>\r\n \t<li>Verf\u00fcgbare Brennstoffe: Erdgas, Fl\u00fcssiggas, Schwer\u00f6l, mittlere und schwere Heiz\u00f6le und andere spezifische Brennstoffe auf Anfrage<\/li>\r\n \t<li>OPTIMO 1, 2, 3 &amp; 4 decken einen gro\u00dfen Leistungsbereich ab: von 700 kW bis 12,5 MW<\/li>\r\n \t<li>Integrierte Steuerung einschlie\u00dflich eines Verbrennungsluftgebl\u00e4ses mit variabler Geschwindigkeit.<\/li>\r\n \t<li>Robuste geschwei\u00dfte Stahlgeh\u00e4usekonstruktion.<\/li>\r\n \t<li>Austauschbares Gebl\u00e4se, perfekt optimiert und skalierbar f\u00fcr die Brennerreihe.<\/li>\r\n \t<li>Ger\u00e4uscharmer Betrieb.<\/li>\r\n \t<li>Hochleistungsverbrennungskopf f\u00fcr NOx &lt;100 mg\/Nm\u00b3 (Erdgas \u2013 trockenes Rauchgas und 3 % O2).<\/li>\r\n \t<li>Gro\u00dfe Sicht\u00f6ffnung f\u00fcr die Flamme zur einfachen Einrichtung und Wartung des Brenners.<\/li>\r\n \t<li>Vollst\u00e4ndig digitale Verbrennungssteuerung f\u00fcr effizienten Betrieb.<\/li>\r\n<\/ul>\r\n<\/div><!-- .vgblk-rw-wrapper -->","protected":false},"excerpt":{"rendered":"<p>Die Brenner der OPTIMO-Serie sind Gebl\u00e4sebrenner. Sie bilden das Herzst\u00fcck der Produktpalette von Babcock Wanson und decken eine breite Palette von Leistungsausgaben und Brennstoffen ab, w\u00e4hrend sie gleichzeitig eine sehr hohe Energie- und Umweltleistung aufweisen:<\/p>\n","protected":false},"featured_media":50221,"comment_status":"closed","ping_status":"closed","template":"","meta":{"_acf_changed":false,"_relevanssi_hide_post":"","_relevanssi_hide_content":"","_relevanssi_pin_for_all":"","_relevanssi_pin_keywords":"","_relevanssi_unpin_keywords":"","_relevanssi_related_keywords":"","_relevanssi_related_include_ids":"","_relevanssi_related_exclude_ids":"","_relevanssi_related_no_append":"","_relevanssi_related_not_related":"","_relevanssi_related_posts":"","_relevanssi_noindex_reason":""},"product_brand":[],"product_cat":[6530],"product_tag":[],"class_list":{"0":"post-50214","1":"product","2":"type-product","3":"status-publish","4":"has-post-thumbnail","6":"product_cat-industriebrenner","8":"first","9":"instock","10":"shipping-taxable","11":"product-type-simple"},"acf":[],"yoast_head":"<!-- This site is optimized with the Yoast SEO Premium plugin v27.4 (Yoast SEO v27.4) - https:\/\/yoast.com\/product\/yoast-seo-premium-wordpress\/ -->\n<title>OPTIMO - Babcock Wanson<\/title>\n<meta name=\"description\" content=\"Die Brenner der OPTIMO-Serie sind Gebl\u00e4sebrenner. Sie bilden das Herzst\u00fcck der Produktpalette von Babcock Wanson und decken eine breite Palette von Leistungsausgaben und Brennstoffen ab\" \/>\n<meta name=\"robots\" content=\"index, follow, max-snippet:-1, max-image-preview:large, max-video-preview:-1\" \/>\n<link rel=\"canonical\" href=\"https:\/\/www.babcock-wanson.com\/de\/products\/industriebrenner\/optimo\/\" \/>\n<meta property=\"og:locale\" content=\"de_DE\" \/>\n<meta property=\"og:type\" content=\"article\" \/>\n<meta property=\"og:title\" content=\"OPTIMO\" \/>\n<meta property=\"og:description\" content=\"Die Brenner der OPTIMO-Serie sind Gebl\u00e4sebrenner. Sie bilden das Herzst\u00fcck der Produktpalette von Babcock Wanson und decken eine breite Palette von Leistungsausgaben und Brennstoffen ab\" \/>\n<meta property=\"og:url\" content=\"https:\/\/www.babcock-wanson.com\/de\/products\/industriebrenner\/optimo\/\" \/>\n<meta property=\"og:site_name\" content=\"Babcock Wanson\" \/>\n<meta property=\"article:modified_time\" content=\"2025-04-14T10:33:22+00:00\" \/>\n<meta property=\"og:image\" content=\"https:\/\/www.babcock-wanson.com\/wp-content\/uploads\/2019\/02\/optimo-1.jpg\" \/>\n\t<meta property=\"og:image:width\" content=\"600\" \/>\n\t<meta property=\"og:image:height\" content=\"400\" \/>\n\t<meta property=\"og:image:type\" content=\"image\/jpeg\" \/>\n<meta name=\"twitter:card\" content=\"summary_large_image\" \/>\n<meta name=\"twitter:label1\" content=\"Est. reading time\" \/>\n\t<meta name=\"twitter:data1\" content=\"1 Minute\" \/>\n<script type=\"application\/ld+json\" class=\"yoast-schema-graph\">{\"@context\":\"https:\\\/\\\/schema.org\",\"@graph\":[{\"@type\":\"WebPage\",\"@id\":\"https:\\\/\\\/www.babcock-wanson.com\\\/de\\\/products\\\/industriebrenner\\\/optimo\\\/\",\"url\":\"https:\\\/\\\/www.babcock-wanson.com\\\/de\\\/products\\\/industriebrenner\\\/optimo\\\/\",\"name\":\"OPTIMO - Babcock Wanson\",\"isPartOf\":{\"@id\":\"https:\\\/\\\/www.babcock-wanson.com\\\/de\\\/#website\"},\"primaryImageOfPage\":{\"@id\":\"https:\\\/\\\/www.babcock-wanson.com\\\/de\\\/products\\\/industriebrenner\\\/optimo\\\/#primaryimage\"},\"image\":{\"@id\":\"https:\\\/\\\/www.babcock-wanson.com\\\/de\\\/products\\\/industriebrenner\\\/optimo\\\/#primaryimage\"},\"thumbnailUrl\":\"https:\\\/\\\/www.babcock-wanson.com\\\/wp-content\\\/uploads\\\/2019\\\/02\\\/optimo-1.jpg\",\"datePublished\":\"2025-01-17T09:34:02+00:00\",\"dateModified\":\"2025-04-14T10:33:22+00:00\",\"description\":\"Die Brenner der OPTIMO-Serie sind Gebl\u00e4sebrenner. Sie bilden das Herzst\u00fcck der Produktpalette von Babcock Wanson und decken eine breite Palette von Leistungsausgaben und Brennstoffen ab\",\"breadcrumb\":{\"@id\":\"https:\\\/\\\/www.babcock-wanson.com\\\/de\\\/products\\\/industriebrenner\\\/optimo\\\/#breadcrumb\"},\"inLanguage\":\"de-DE\",\"potentialAction\":[{\"@type\":\"ReadAction\",\"target\":[\"https:\\\/\\\/www.babcock-wanson.com\\\/de\\\/products\\\/industriebrenner\\\/optimo\\\/\"]}]},{\"@type\":\"ImageObject\",\"inLanguage\":\"de-DE\",\"@id\":\"https:\\\/\\\/www.babcock-wanson.com\\\/de\\\/products\\\/industriebrenner\\\/optimo\\\/#primaryimage\",\"url\":\"https:\\\/\\\/www.babcock-wanson.com\\\/wp-content\\\/uploads\\\/2019\\\/02\\\/optimo-1.jpg\",\"contentUrl\":\"https:\\\/\\\/www.babcock-wanson.com\\\/wp-content\\\/uploads\\\/2019\\\/02\\\/optimo-1.jpg\",\"width\":600,\"height\":400},{\"@type\":\"BreadcrumbList\",\"@id\":\"https:\\\/\\\/www.babcock-wanson.com\\\/de\\\/products\\\/industriebrenner\\\/optimo\\\/#breadcrumb\",\"itemListElement\":[{\"@type\":\"ListItem\",\"position\":1,\"name\":\"Inicio\",\"item\":\"https:\\\/\\\/www.babcock-wanson.com\\\/de\\\/\"},{\"@type\":\"ListItem\",\"position\":2,\"name\":\"Produkte\",\"item\":\"https:\\\/\\\/www.babcock-wanson.com\\\/de\\\/shop\\\/\"},{\"@type\":\"ListItem\",\"position\":3,\"name\":\"Industriebrenner\",\"item\":\"https:\\\/\\\/www.babcock-wanson.com\\\/de\\\/produkt-kategorie\\\/industriebrenner\\\/\"},{\"@type\":\"ListItem\",\"position\":4,\"name\":\"OPTIMO\"}]},{\"@type\":\"WebSite\",\"@id\":\"https:\\\/\\\/www.babcock-wanson.com\\\/de\\\/#website\",\"url\":\"https:\\\/\\\/www.babcock-wanson.com\\\/de\\\/\",\"name\":\"Babcock Wanson\",\"description\":\"\",\"publisher\":{\"@id\":\"https:\\\/\\\/www.babcock-wanson.com\\\/de\\\/#organization\"},\"potentialAction\":[{\"@type\":\"SearchAction\",\"target\":{\"@type\":\"EntryPoint\",\"urlTemplate\":\"https:\\\/\\\/www.babcock-wanson.com\\\/de\\\/?s={search_term_string}\"},\"query-input\":{\"@type\":\"PropertyValueSpecification\",\"valueRequired\":true,\"valueName\":\"search_term_string\"}}],\"inLanguage\":\"de-DE\"},{\"@type\":\"Organization\",\"@id\":\"https:\\\/\\\/www.babcock-wanson.com\\\/de\\\/#organization\",\"name\":\"Babcock Wanson\",\"url\":\"https:\\\/\\\/www.babcock-wanson.com\\\/de\\\/\",\"logo\":{\"@type\":\"ImageObject\",\"inLanguage\":\"de-DE\",\"@id\":\"https:\\\/\\\/www.babcock-wanson.com\\\/de\\\/#\\\/schema\\\/logo\\\/image\\\/\",\"url\":\"https:\\\/\\\/www.babcock-wanson.com\\\/wp-content\\\/uploads\\\/2024\\\/02\\\/Babcock-Wanson-1200x1200-1.png\",\"contentUrl\":\"https:\\\/\\\/www.babcock-wanson.com\\\/wp-content\\\/uploads\\\/2024\\\/02\\\/Babcock-Wanson-1200x1200-1.png\",\"width\":1200,\"height\":1200,\"caption\":\"Babcock Wanson\"},\"image\":{\"@id\":\"https:\\\/\\\/www.babcock-wanson.com\\\/de\\\/#\\\/schema\\\/logo\\\/image\\\/\"},\"sameAs\":[\"https:\\\/\\\/www.linkedin.com\\\/company\\\/babcock-wanson\\\/\",\"https:\\\/\\\/www.youtube.com\\\/channel\\\/UCtxl25VieBBsP2kYmtlyv7A\"]}]}<\/script>\n<!-- \/ Yoast SEO Premium plugin. -->","yoast_head_json":{"title":"OPTIMO - Babcock Wanson","description":"Die Brenner der OPTIMO-Serie sind Gebl\u00e4sebrenner. Sie bilden das Herzst\u00fcck der Produktpalette von Babcock Wanson und decken eine breite Palette von Leistungsausgaben und Brennstoffen ab","robots":{"index":"index","follow":"follow","max-snippet":"max-snippet:-1","max-image-preview":"max-image-preview:large","max-video-preview":"max-video-preview:-1"},"canonical":"https:\/\/www.babcock-wanson.com\/de\/products\/industriebrenner\/optimo\/","og_locale":"de_DE","og_type":"article","og_title":"OPTIMO","og_description":"Die Brenner der OPTIMO-Serie sind Gebl\u00e4sebrenner. Sie bilden das Herzst\u00fcck der Produktpalette von Babcock Wanson und decken eine breite Palette von Leistungsausgaben und Brennstoffen ab","og_url":"https:\/\/www.babcock-wanson.com\/de\/products\/industriebrenner\/optimo\/","og_site_name":"Babcock Wanson","article_modified_time":"2025-04-14T10:33:22+00:00","og_image":[{"width":600,"height":400,"url":"https:\/\/www.babcock-wanson.com\/wp-content\/uploads\/2019\/02\/optimo-1.jpg","type":"image\/jpeg"}],"twitter_card":"summary_large_image","twitter_misc":{"Est. reading time":"1 Minute"},"schema":{"@context":"https:\/\/schema.org","@graph":[{"@type":"WebPage","@id":"https:\/\/www.babcock-wanson.com\/de\/products\/industriebrenner\/optimo\/","url":"https:\/\/www.babcock-wanson.com\/de\/products\/industriebrenner\/optimo\/","name":"OPTIMO - Babcock Wanson","isPartOf":{"@id":"https:\/\/www.babcock-wanson.com\/de\/#website"},"primaryImageOfPage":{"@id":"https:\/\/www.babcock-wanson.com\/de\/products\/industriebrenner\/optimo\/#primaryimage"},"image":{"@id":"https:\/\/www.babcock-wanson.com\/de\/products\/industriebrenner\/optimo\/#primaryimage"},"thumbnailUrl":"https:\/\/www.babcock-wanson.com\/wp-content\/uploads\/2019\/02\/optimo-1.jpg","datePublished":"2025-01-17T09:34:02+00:00","dateModified":"2025-04-14T10:33:22+00:00","description":"Die Brenner der OPTIMO-Serie sind Gebl\u00e4sebrenner. Sie bilden das Herzst\u00fcck der Produktpalette von Babcock Wanson und decken eine breite Palette von Leistungsausgaben und Brennstoffen ab","breadcrumb":{"@id":"https:\/\/www.babcock-wanson.com\/de\/products\/industriebrenner\/optimo\/#breadcrumb"},"inLanguage":"de-DE","potentialAction":[{"@type":"ReadAction","target":["https:\/\/www.babcock-wanson.com\/de\/products\/industriebrenner\/optimo\/"]}]},{"@type":"ImageObject","inLanguage":"de-DE","@id":"https:\/\/www.babcock-wanson.com\/de\/products\/industriebrenner\/optimo\/#primaryimage","url":"https:\/\/www.babcock-wanson.com\/wp-content\/uploads\/2019\/02\/optimo-1.jpg","contentUrl":"https:\/\/www.babcock-wanson.com\/wp-content\/uploads\/2019\/02\/optimo-1.jpg","width":600,"height":400},{"@type":"BreadcrumbList","@id":"https:\/\/www.babcock-wanson.com\/de\/products\/industriebrenner\/optimo\/#breadcrumb","itemListElement":[{"@type":"ListItem","position":1,"name":"Inicio","item":"https:\/\/www.babcock-wanson.com\/de\/"},{"@type":"ListItem","position":2,"name":"Produkte","item":"https:\/\/www.babcock-wanson.com\/de\/shop\/"},{"@type":"ListItem","position":3,"name":"Industriebrenner","item":"https:\/\/www.babcock-wanson.com\/de\/produkt-kategorie\/industriebrenner\/"},{"@type":"ListItem","position":4,"name":"OPTIMO"}]},{"@type":"WebSite","@id":"https:\/\/www.babcock-wanson.com\/de\/#website","url":"https:\/\/www.babcock-wanson.com\/de\/","name":"Babcock Wanson","description":"","publisher":{"@id":"https:\/\/www.babcock-wanson.com\/de\/#organization"},"potentialAction":[{"@type":"SearchAction","target":{"@type":"EntryPoint","urlTemplate":"https:\/\/www.babcock-wanson.com\/de\/?s={search_term_string}"},"query-input":{"@type":"PropertyValueSpecification","valueRequired":true,"valueName":"search_term_string"}}],"inLanguage":"de-DE"},{"@type":"Organization","@id":"https:\/\/www.babcock-wanson.com\/de\/#organization","name":"Babcock Wanson","url":"https:\/\/www.babcock-wanson.com\/de\/","logo":{"@type":"ImageObject","inLanguage":"de-DE","@id":"https:\/\/www.babcock-wanson.com\/de\/#\/schema\/logo\/image\/","url":"https:\/\/www.babcock-wanson.com\/wp-content\/uploads\/2024\/02\/Babcock-Wanson-1200x1200-1.png","contentUrl":"https:\/\/www.babcock-wanson.com\/wp-content\/uploads\/2024\/02\/Babcock-Wanson-1200x1200-1.png","width":1200,"height":1200,"caption":"Babcock Wanson"},"image":{"@id":"https:\/\/www.babcock-wanson.com\/de\/#\/schema\/logo\/image\/"},"sameAs":["https:\/\/www.linkedin.com\/company\/babcock-wanson\/","https:\/\/www.youtube.com\/channel\/UCtxl25VieBBsP2kYmtlyv7A"]}]}},"jetpack_sharing_enabled":true,"_links":{"self":[{"href":"https:\/\/www.babcock-wanson.com\/de\/wp-json\/wp\/v2\/product\/50214","targetHints":{"allow":["GET"]}}],"collection":[{"href":"https:\/\/www.babcock-wanson.com\/de\/wp-json\/wp\/v2\/product"}],"about":[{"href":"https:\/\/www.babcock-wanson.com\/de\/wp-json\/wp\/v2\/types\/product"}],"replies":[{"embeddable":true,"href":"https:\/\/www.babcock-wanson.com\/de\/wp-json\/wp\/v2\/comments?post=50214"}],"wp:featuredmedia":[{"embeddable":true,"href":"https:\/\/www.babcock-wanson.com\/de\/wp-json\/wp\/v2\/media\/50221"}],"wp:attachment":[{"href":"https:\/\/www.babcock-wanson.com\/de\/wp-json\/wp\/v2\/media?parent=50214"}],"wp:term":[{"taxonomy":"product_brand","embeddable":true,"href":"https:\/\/www.babcock-wanson.com\/de\/wp-json\/wp\/v2\/product_brand?post=50214"},{"taxonomy":"product_cat","embeddable":true,"href":"https:\/\/www.babcock-wanson.com\/de\/wp-json\/wp\/v2\/product_cat?post=50214"},{"taxonomy":"product_tag","embeddable":true,"href":"https:\/\/www.babcock-wanson.com\/de\/wp-json\/wp\/v2\/product_tag?post=50214"}],"curies":[{"name":"wp","href":"https:\/\/api.w.org\/{rel}","templated":true}]}}