{"id":50216,"date":"2018-09-19T12:36:14","date_gmt":"2025-01-17T09:34:02","guid":{"rendered":"https:\/\/www.babcock-wanson.com\/products\/unkategorisiert\/rekuperative-oxidatoren\/"},"modified":"2025-04-14T16:01:40","modified_gmt":"2025-04-14T15:01:40","slug":"rekuperative-oxidatoren","status":"publish","type":"product","link":"https:\/\/www.babcock-wanson.com\/de\/products\/thermische-oxidatoren\/rekuperative-oxidatoren\/","title":{"rendered":"Rekuperative Oxidatoren"},"content":{"rendered":"<div class=\"vgblk-rw-wrapper limit-wrapper\">\r\n<h3>Funktionsprinzip<\/h3>\r\nSchadstoffgase werden in einer Verbrennungskammer f\u00fcr 0,6 bis 2,0 Sekunden auf eine hohe Temperatur \u2013 in der Regel \u00fcber 800 \u00b0C \u2013 erhitzt, um sie vollst\u00e4ndig zu oxidieren, bevor sie in die Atmosph\u00e4re abgegeben werden.\r\nDurch die Verwendung von W\u00e4rmer\u00fcckgewinnungseinheiten wird Energie aus dem Abgasstrom zur\u00fcckgewonnen und im Prozess oder anderweitig wiederverwendet, was die Gesamtbetriebskosten senkt.\r\n<ul>\r\n \t<li>Rekuperative Oxidationsanlagen umfassen in der Regel:<\/li>\r\n \t<li>Ein invertergesteuertes Abluftgebl\u00e4se<\/li>\r\n \t<li>Einen Vorw\u00e4rmer f\u00fcr die Abluft<\/li>\r\n \t<li>Den Oxidator<\/li>\r\n \t<li>Steuerpult f\u00fcr die Systemregelung mit SPS und Bedienerschnittstelle (HMI)<\/li>\r\n \t<li>W\u00e4rmer\u00fcckgewinnungseinheiten, die W\u00e4rme in W\u00e4rmetr\u00e4germedien, Dampf, Hei\u00dfwasser oder unter hohem Druck stehendes Wasser und\/oder Luft umwandeln k\u00f6nnen<\/li>\r\n<\/ul>\r\n<h3>Vorteile rekuperativer Oxidatoranlagen<\/h3>\r\n<ul>\r\n \t<li>Ein invertergesteuertes Abluftgebl\u00e4se<\/li>\r\n \t<li>Einen Vorw\u00e4rmer f\u00fcr die Abluft<\/li>\r\n \t<li>Den Oxidator<\/li>\r\n \t<li>Steuerpult f\u00fcr die Systemregelung mit SPS und Bedienerschnittstelle (HMI)<\/li>\r\n \t<li>W\u00e4rmer\u00fcckgewinnungseinheiten, die W\u00e4rme in W\u00e4rmetr\u00e4germedien, Dampf, Hei\u00dfwasser oder unter hohem Druck stehendes Wasser und\/oder Luft umwandeln k\u00f6nnen<\/li>\r\n<\/ul>\r\n<\/div><!-- .vgblk-rw-wrapper -->","protected":false},"excerpt":{"rendered":"<p>Rekuperative Oxidatoren sind f\u00fcr Industrieprozesse ausgelegt, bei denen eine Kombination aus Energiebedarf und Oxidation von Abgasen besteht. Diese Arten von <a href=\"https:\/\/www.babcock-wanson.com\/de\/produkt-kategorie\/thermische-oxidatoren\/\" target=\"_blank\" rel=\"noopener\">Thermischer Oxidatoren<\/a> eignen sich haupts\u00e4chlich f\u00fcr h\u00f6here VOC-Konzentrationen und niedrigere Emissionsraten.<\/p>\n","protected":false},"featured_media":50227,"comment_status":"closed","ping_status":"closed","template":"","meta":{"_acf_changed":false,"_relevanssi_hide_post":"","_relevanssi_hide_content":"","_relevanssi_pin_for_all":"","_relevanssi_pin_keywords":"","_relevanssi_unpin_keywords":"","_relevanssi_related_keywords":"","_relevanssi_related_include_ids":"","_relevanssi_related_exclude_ids":"","_relevanssi_related_no_append":"","_relevanssi_related_not_related":"","_relevanssi_related_posts":"","_relevanssi_noindex_reason":""},"product_brand":[],"product_cat":[6527],"product_tag":[],"class_list":{"0":"post-50216","1":"product","2":"type-product","3":"status-publish","4":"has-post-thumbnail","6":"product_cat-thermische-oxidatoren","8":"first","9":"instock","10":"shipping-taxable","11":"product-type-simple"},"acf":[],"yoast_head":"<!-- This site is optimized with the Yoast SEO Premium plugin v27.4 (Yoast SEO v27.4) - https:\/\/yoast.com\/product\/yoast-seo-premium-wordpress\/ -->\n<title>Rekuperative Oxidatoren - Babcock Wanson<\/title>\n<meta name=\"description\" content=\"Rekuperative Oxidatoren sind f\u00fcr Industrieprozesse ausgelegt, bei denen eine Kombination aus Energiebedarf und Oxidation von Abgasen besteht. Klicken Sie hier, um mehr zu erfahren\" \/>\n<meta name=\"robots\" content=\"index, follow, max-snippet:-1, max-image-preview:large, max-video-preview:-1\" \/>\n<link rel=\"canonical\" href=\"https:\/\/www.babcock-wanson.com\/de\/products\/thermische-oxidatoren\/rekuperative-oxidatoren\/\" \/>\n<meta property=\"og:locale\" content=\"de_DE\" \/>\n<meta property=\"og:type\" content=\"article\" \/>\n<meta property=\"og:title\" content=\"Rekuperative Oxidatoren\" \/>\n<meta property=\"og:description\" content=\"Rekuperative Oxidatoren sind f\u00fcr Industrieprozesse ausgelegt, bei denen eine Kombination aus Energiebedarf und Oxidation von Abgasen besteht. Klicken Sie hier, um mehr zu erfahren\" \/>\n<meta property=\"og:url\" content=\"https:\/\/www.babcock-wanson.com\/de\/products\/thermische-oxidatoren\/rekuperative-oxidatoren\/\" \/>\n<meta property=\"og:site_name\" content=\"Babcock Wanson\" \/>\n<meta property=\"article:modified_time\" content=\"2025-04-14T15:01:40+00:00\" \/>\n<meta property=\"og:image\" content=\"https:\/\/www.babcock-wanson.com\/wp-content\/uploads\/2018\/09\/Recuperative-Oxidisers-2.jpg\" \/>\n\t<meta property=\"og:image:width\" content=\"600\" \/>\n\t<meta property=\"og:image:height\" content=\"400\" \/>\n\t<meta property=\"og:image:type\" content=\"image\/jpeg\" \/>\n<meta name=\"twitter:card\" content=\"summary_large_image\" \/>\n<meta name=\"twitter:label1\" content=\"Est. reading time\" \/>\n\t<meta name=\"twitter:data1\" content=\"1 Minute\" \/>\n<script type=\"application\/ld+json\" class=\"yoast-schema-graph\">{\"@context\":\"https:\\\/\\\/schema.org\",\"@graph\":[{\"@type\":\"WebPage\",\"@id\":\"https:\\\/\\\/www.babcock-wanson.com\\\/de\\\/products\\\/thermische-oxidatoren\\\/rekuperative-oxidatoren\\\/\",\"url\":\"https:\\\/\\\/www.babcock-wanson.com\\\/de\\\/products\\\/thermische-oxidatoren\\\/rekuperative-oxidatoren\\\/\",\"name\":\"Rekuperative Oxidatoren - Babcock Wanson\",\"isPartOf\":{\"@id\":\"https:\\\/\\\/www.babcock-wanson.com\\\/de\\\/#website\"},\"primaryImageOfPage\":{\"@id\":\"https:\\\/\\\/www.babcock-wanson.com\\\/de\\\/products\\\/thermische-oxidatoren\\\/rekuperative-oxidatoren\\\/#primaryimage\"},\"image\":{\"@id\":\"https:\\\/\\\/www.babcock-wanson.com\\\/de\\\/products\\\/thermische-oxidatoren\\\/rekuperative-oxidatoren\\\/#primaryimage\"},\"thumbnailUrl\":\"https:\\\/\\\/www.babcock-wanson.com\\\/wp-content\\\/uploads\\\/2018\\\/09\\\/Recuperative-Oxidisers-2.jpg\",\"datePublished\":\"2025-01-17T09:34:02+00:00\",\"dateModified\":\"2025-04-14T15:01:40+00:00\",\"description\":\"Rekuperative Oxidatoren sind f\u00fcr Industrieprozesse ausgelegt, bei denen eine Kombination aus Energiebedarf und Oxidation von Abgasen besteht. Klicken Sie hier, um mehr zu erfahren\",\"breadcrumb\":{\"@id\":\"https:\\\/\\\/www.babcock-wanson.com\\\/de\\\/products\\\/thermische-oxidatoren\\\/rekuperative-oxidatoren\\\/#breadcrumb\"},\"inLanguage\":\"de-DE\",\"potentialAction\":[{\"@type\":\"ReadAction\",\"target\":[\"https:\\\/\\\/www.babcock-wanson.com\\\/de\\\/products\\\/thermische-oxidatoren\\\/rekuperative-oxidatoren\\\/\"]}]},{\"@type\":\"ImageObject\",\"inLanguage\":\"de-DE\",\"@id\":\"https:\\\/\\\/www.babcock-wanson.com\\\/de\\\/products\\\/thermische-oxidatoren\\\/rekuperative-oxidatoren\\\/#primaryimage\",\"url\":\"https:\\\/\\\/www.babcock-wanson.com\\\/wp-content\\\/uploads\\\/2018\\\/09\\\/Recuperative-Oxidisers-2.jpg\",\"contentUrl\":\"https:\\\/\\\/www.babcock-wanson.com\\\/wp-content\\\/uploads\\\/2018\\\/09\\\/Recuperative-Oxidisers-2.jpg\",\"width\":600,\"height\":400},{\"@type\":\"BreadcrumbList\",\"@id\":\"https:\\\/\\\/www.babcock-wanson.com\\\/de\\\/products\\\/thermische-oxidatoren\\\/rekuperative-oxidatoren\\\/#breadcrumb\",\"itemListElement\":[{\"@type\":\"ListItem\",\"position\":1,\"name\":\"Inicio\",\"item\":\"https:\\\/\\\/www.babcock-wanson.com\\\/de\\\/\"},{\"@type\":\"ListItem\",\"position\":2,\"name\":\"Produkte\",\"item\":\"https:\\\/\\\/www.babcock-wanson.com\\\/de\\\/shop\\\/\"},{\"@type\":\"ListItem\",\"position\":3,\"name\":\"Thermische Oxidatoren\",\"item\":\"https:\\\/\\\/www.babcock-wanson.com\\\/de\\\/produkt-kategorie\\\/thermische-oxidatoren\\\/\"},{\"@type\":\"ListItem\",\"position\":4,\"name\":\"Rekuperative Oxidatoren\"}]},{\"@type\":\"WebSite\",\"@id\":\"https:\\\/\\\/www.babcock-wanson.com\\\/de\\\/#website\",\"url\":\"https:\\\/\\\/www.babcock-wanson.com\\\/de\\\/\",\"name\":\"Babcock Wanson\",\"description\":\"\",\"publisher\":{\"@id\":\"https:\\\/\\\/www.babcock-wanson.com\\\/de\\\/#organization\"},\"potentialAction\":[{\"@type\":\"SearchAction\",\"target\":{\"@type\":\"EntryPoint\",\"urlTemplate\":\"https:\\\/\\\/www.babcock-wanson.com\\\/de\\\/?s={search_term_string}\"},\"query-input\":{\"@type\":\"PropertyValueSpecification\",\"valueRequired\":true,\"valueName\":\"search_term_string\"}}],\"inLanguage\":\"de-DE\"},{\"@type\":\"Organization\",\"@id\":\"https:\\\/\\\/www.babcock-wanson.com\\\/de\\\/#organization\",\"name\":\"Babcock Wanson\",\"url\":\"https:\\\/\\\/www.babcock-wanson.com\\\/de\\\/\",\"logo\":{\"@type\":\"ImageObject\",\"inLanguage\":\"de-DE\",\"@id\":\"https:\\\/\\\/www.babcock-wanson.com\\\/de\\\/#\\\/schema\\\/logo\\\/image\\\/\",\"url\":\"https:\\\/\\\/www.babcock-wanson.com\\\/wp-content\\\/uploads\\\/2024\\\/02\\\/Babcock-Wanson-1200x1200-1.png\",\"contentUrl\":\"https:\\\/\\\/www.babcock-wanson.com\\\/wp-content\\\/uploads\\\/2024\\\/02\\\/Babcock-Wanson-1200x1200-1.png\",\"width\":1200,\"height\":1200,\"caption\":\"Babcock Wanson\"},\"image\":{\"@id\":\"https:\\\/\\\/www.babcock-wanson.com\\\/de\\\/#\\\/schema\\\/logo\\\/image\\\/\"},\"sameAs\":[\"https:\\\/\\\/www.linkedin.com\\\/company\\\/babcock-wanson\\\/\",\"https:\\\/\\\/www.youtube.com\\\/channel\\\/UCtxl25VieBBsP2kYmtlyv7A\"]}]}<\/script>\n<!-- \/ Yoast SEO Premium plugin. -->","yoast_head_json":{"title":"Rekuperative Oxidatoren - Babcock Wanson","description":"Rekuperative Oxidatoren sind f\u00fcr Industrieprozesse ausgelegt, bei denen eine Kombination aus Energiebedarf und Oxidation von Abgasen besteht. Klicken Sie hier, um mehr zu erfahren","robots":{"index":"index","follow":"follow","max-snippet":"max-snippet:-1","max-image-preview":"max-image-preview:large","max-video-preview":"max-video-preview:-1"},"canonical":"https:\/\/www.babcock-wanson.com\/de\/products\/thermische-oxidatoren\/rekuperative-oxidatoren\/","og_locale":"de_DE","og_type":"article","og_title":"Rekuperative Oxidatoren","og_description":"Rekuperative Oxidatoren sind f\u00fcr Industrieprozesse ausgelegt, bei denen eine Kombination aus Energiebedarf und Oxidation von Abgasen besteht. Klicken Sie hier, um mehr zu erfahren","og_url":"https:\/\/www.babcock-wanson.com\/de\/products\/thermische-oxidatoren\/rekuperative-oxidatoren\/","og_site_name":"Babcock Wanson","article_modified_time":"2025-04-14T15:01:40+00:00","og_image":[{"width":600,"height":400,"url":"https:\/\/www.babcock-wanson.com\/wp-content\/uploads\/2018\/09\/Recuperative-Oxidisers-2.jpg","type":"image\/jpeg"}],"twitter_card":"summary_large_image","twitter_misc":{"Est. reading time":"1 Minute"},"schema":{"@context":"https:\/\/schema.org","@graph":[{"@type":"WebPage","@id":"https:\/\/www.babcock-wanson.com\/de\/products\/thermische-oxidatoren\/rekuperative-oxidatoren\/","url":"https:\/\/www.babcock-wanson.com\/de\/products\/thermische-oxidatoren\/rekuperative-oxidatoren\/","name":"Rekuperative Oxidatoren - Babcock Wanson","isPartOf":{"@id":"https:\/\/www.babcock-wanson.com\/de\/#website"},"primaryImageOfPage":{"@id":"https:\/\/www.babcock-wanson.com\/de\/products\/thermische-oxidatoren\/rekuperative-oxidatoren\/#primaryimage"},"image":{"@id":"https:\/\/www.babcock-wanson.com\/de\/products\/thermische-oxidatoren\/rekuperative-oxidatoren\/#primaryimage"},"thumbnailUrl":"https:\/\/www.babcock-wanson.com\/wp-content\/uploads\/2018\/09\/Recuperative-Oxidisers-2.jpg","datePublished":"2025-01-17T09:34:02+00:00","dateModified":"2025-04-14T15:01:40+00:00","description":"Rekuperative Oxidatoren sind f\u00fcr Industrieprozesse ausgelegt, bei denen eine Kombination aus Energiebedarf und Oxidation von Abgasen besteht. Klicken Sie hier, um mehr zu erfahren","breadcrumb":{"@id":"https:\/\/www.babcock-wanson.com\/de\/products\/thermische-oxidatoren\/rekuperative-oxidatoren\/#breadcrumb"},"inLanguage":"de-DE","potentialAction":[{"@type":"ReadAction","target":["https:\/\/www.babcock-wanson.com\/de\/products\/thermische-oxidatoren\/rekuperative-oxidatoren\/"]}]},{"@type":"ImageObject","inLanguage":"de-DE","@id":"https:\/\/www.babcock-wanson.com\/de\/products\/thermische-oxidatoren\/rekuperative-oxidatoren\/#primaryimage","url":"https:\/\/www.babcock-wanson.com\/wp-content\/uploads\/2018\/09\/Recuperative-Oxidisers-2.jpg","contentUrl":"https:\/\/www.babcock-wanson.com\/wp-content\/uploads\/2018\/09\/Recuperative-Oxidisers-2.jpg","width":600,"height":400},{"@type":"BreadcrumbList","@id":"https:\/\/www.babcock-wanson.com\/de\/products\/thermische-oxidatoren\/rekuperative-oxidatoren\/#breadcrumb","itemListElement":[{"@type":"ListItem","position":1,"name":"Inicio","item":"https:\/\/www.babcock-wanson.com\/de\/"},{"@type":"ListItem","position":2,"name":"Produkte","item":"https:\/\/www.babcock-wanson.com\/de\/shop\/"},{"@type":"ListItem","position":3,"name":"Thermische Oxidatoren","item":"https:\/\/www.babcock-wanson.com\/de\/produkt-kategorie\/thermische-oxidatoren\/"},{"@type":"ListItem","position":4,"name":"Rekuperative Oxidatoren"}]},{"@type":"WebSite","@id":"https:\/\/www.babcock-wanson.com\/de\/#website","url":"https:\/\/www.babcock-wanson.com\/de\/","name":"Babcock Wanson","description":"","publisher":{"@id":"https:\/\/www.babcock-wanson.com\/de\/#organization"},"potentialAction":[{"@type":"SearchAction","target":{"@type":"EntryPoint","urlTemplate":"https:\/\/www.babcock-wanson.com\/de\/?s={search_term_string}"},"query-input":{"@type":"PropertyValueSpecification","valueRequired":true,"valueName":"search_term_string"}}],"inLanguage":"de-DE"},{"@type":"Organization","@id":"https:\/\/www.babcock-wanson.com\/de\/#organization","name":"Babcock Wanson","url":"https:\/\/www.babcock-wanson.com\/de\/","logo":{"@type":"ImageObject","inLanguage":"de-DE","@id":"https:\/\/www.babcock-wanson.com\/de\/#\/schema\/logo\/image\/","url":"https:\/\/www.babcock-wanson.com\/wp-content\/uploads\/2024\/02\/Babcock-Wanson-1200x1200-1.png","contentUrl":"https:\/\/www.babcock-wanson.com\/wp-content\/uploads\/2024\/02\/Babcock-Wanson-1200x1200-1.png","width":1200,"height":1200,"caption":"Babcock Wanson"},"image":{"@id":"https:\/\/www.babcock-wanson.com\/de\/#\/schema\/logo\/image\/"},"sameAs":["https:\/\/www.linkedin.com\/company\/babcock-wanson\/","https:\/\/www.youtube.com\/channel\/UCtxl25VieBBsP2kYmtlyv7A"]}]}},"jetpack_sharing_enabled":true,"_links":{"self":[{"href":"https:\/\/www.babcock-wanson.com\/de\/wp-json\/wp\/v2\/product\/50216","targetHints":{"allow":["GET"]}}],"collection":[{"href":"https:\/\/www.babcock-wanson.com\/de\/wp-json\/wp\/v2\/product"}],"about":[{"href":"https:\/\/www.babcock-wanson.com\/de\/wp-json\/wp\/v2\/types\/product"}],"replies":[{"embeddable":true,"href":"https:\/\/www.babcock-wanson.com\/de\/wp-json\/wp\/v2\/comments?post=50216"}],"wp:featuredmedia":[{"embeddable":true,"href":"https:\/\/www.babcock-wanson.com\/de\/wp-json\/wp\/v2\/media\/50227"}],"wp:attachment":[{"href":"https:\/\/www.babcock-wanson.com\/de\/wp-json\/wp\/v2\/media?parent=50216"}],"wp:term":[{"taxonomy":"product_brand","embeddable":true,"href":"https:\/\/www.babcock-wanson.com\/de\/wp-json\/wp\/v2\/product_brand?post=50216"},{"taxonomy":"product_cat","embeddable":true,"href":"https:\/\/www.babcock-wanson.com\/de\/wp-json\/wp\/v2\/product_cat?post=50216"},{"taxonomy":"product_tag","embeddable":true,"href":"https:\/\/www.babcock-wanson.com\/de\/wp-json\/wp\/v2\/product_tag?post=50216"}],"curies":[{"name":"wp","href":"https:\/\/api.w.org\/{rel}","templated":true}]}}