{"id":50231,"date":"2018-10-23T15:00:15","date_gmt":"2025-01-17T09:34:03","guid":{"rendered":"https:\/\/www.babcock-wanson.com\/products\/unkategorisiert\/mixbloc\/"},"modified":"2025-04-14T14:44:04","modified_gmt":"2025-04-14T13:44:04","slug":"mixbloc","status":"publish","type":"product","link":"https:\/\/www.babcock-wanson.com\/de\/products\/industrielle-prozessluftheizer\/mixbloc\/","title":{"rendered":"MIXBLOC"},"content":{"rendered":"<div class=\"vgblk-rw-wrapper limit-wrapper\">\r\n<h3>Direktprozessluftheizer MIXBLOC Merkmale<\/h3>\r\n<ul>\r\n \t<li>Mit Erdgas oder Fl\u00fcssiggas befeuert<\/li>\r\n \t<li>Kann auf kleinem Raum und passend zu einer vorhandenen Kanalkonfiguration installiert werden<\/li>\r\n \t<li>Der Luftstrom kann zwischen 50 und 100 % variieren, mit einem speziellen Verbrennungsluftgebl\u00e4se um bis zu 90 %<\/li>\r\n \t<li>Die modulierende Steuerung erm\u00f6glicht ein Regelverh\u00e4ltnis von bis zu 20:1<\/li>\r\n \t<li>F\u00fcr horizontalen oder vertikalen Betrieb ausgelegt<\/li>\r\n \t<li>Kann vor oder nach dem Gebl\u00e4se f\u00fcr Prozessluft unter \u00dcber- oder Unterdruck arbeiten.<\/li>\r\n<\/ul>\r\n<\/div><!-- .vgblk-rw-wrapper -->","protected":false},"excerpt":{"rendered":"<p><strong>Von 50\u00a0kW bis 20\u00a0MW<\/strong><\/p>\n<p>Der Direktprozessluftheizer MIXBLOC ist f\u00fcr die Erzeugung von Hochtemperaturluft \u2013 in Standardausf\u00fchrung bis zu 800\u00a0\u00b0C \u2013 ohne Abgasverluste ausgelegt. MIXBLOC kann mit dem Prozessluftstrom als Verbrennungsluftquelle oder einem unabh\u00e4ngigen Verbrennungsluftgebl\u00e4se betrieben werden. Die Brenner bestehen aus mehreren \u201eV\u201c-Elementen, die in unterschiedlichen Konfigurationen zusammengebaut werden, um dem erforderlichen W\u00e4rmeeinsatz und der Auslegung der Prozesskan\u00e4le gerecht zu werden.<\/p>\n","protected":false},"featured_media":50235,"comment_status":"closed","ping_status":"closed","template":"","meta":{"_acf_changed":false,"_relevanssi_hide_post":"","_relevanssi_hide_content":"","_relevanssi_pin_for_all":"","_relevanssi_pin_keywords":"","_relevanssi_unpin_keywords":"","_relevanssi_related_keywords":"","_relevanssi_related_include_ids":"","_relevanssi_related_exclude_ids":"","_relevanssi_related_no_append":"","_relevanssi_related_not_related":"","_relevanssi_related_posts":"","_relevanssi_noindex_reason":""},"product_brand":[],"product_cat":[6530,6529],"product_tag":[],"class_list":{"0":"post-50231","1":"product","2":"type-product","3":"status-publish","4":"has-post-thumbnail","6":"product_cat-industriebrenner","7":"product_cat-industrielle-prozessluftheizer","9":"first","10":"instock","11":"shipping-taxable","12":"product-type-simple"},"acf":[],"yoast_head":"<!-- This site is optimized with the Yoast SEO Premium plugin v27.4 (Yoast SEO v27.4) - https:\/\/yoast.com\/product\/yoast-seo-premium-wordpress\/ -->\n<title>MIXBLOC Direkt befeuerter Luftstromheizer - Babcock Wanson<\/title>\n<meta name=\"description\" content=\"Der Direktprozessluftheizer MIXBLOC ist f\u00fcr die Erzeugung von Hochtemperaturluft \u2013 in Standardausf\u00fchrung bis zu 800\u00a0\u00b0C \u2013 ohne Abgasverluste ausgelegt.\" \/>\n<meta name=\"robots\" content=\"index, follow, max-snippet:-1, max-image-preview:large, max-video-preview:-1\" \/>\n<link rel=\"canonical\" href=\"https:\/\/www.babcock-wanson.com\/de\/products\/industrielle-prozessluftheizer\/mixbloc\/\" \/>\n<meta property=\"og:locale\" content=\"de_DE\" \/>\n<meta property=\"og:type\" content=\"article\" \/>\n<meta property=\"og:title\" content=\"MIXBLOC\" \/>\n<meta property=\"og:description\" content=\"Der Direktprozessluftheizer MIXBLOC ist f\u00fcr die Erzeugung von Hochtemperaturluft \u2013 in Standardausf\u00fchrung bis zu 800\u00a0\u00b0C \u2013 ohne Abgasverluste ausgelegt.\" \/>\n<meta property=\"og:url\" content=\"https:\/\/www.babcock-wanson.com\/de\/products\/industrielle-prozessluftheizer\/mixbloc\/\" \/>\n<meta property=\"og:site_name\" content=\"Babcock Wanson\" \/>\n<meta property=\"article:modified_time\" content=\"2025-04-14T13:44:04+00:00\" \/>\n<meta property=\"og:image\" content=\"https:\/\/www.babcock-wanson.com\/wp-content\/uploads\/2018\/10\/Mlxbloc-1.png\" \/>\n\t<meta property=\"og:image:width\" content=\"600\" \/>\n\t<meta property=\"og:image:height\" content=\"400\" \/>\n\t<meta property=\"og:image:type\" content=\"image\/png\" \/>\n<meta name=\"twitter:card\" content=\"summary_large_image\" \/>\n<meta name=\"twitter:label1\" content=\"Est. reading time\" \/>\n\t<meta name=\"twitter:data1\" content=\"1 Minute\" \/>\n<script type=\"application\/ld+json\" class=\"yoast-schema-graph\">{\"@context\":\"https:\\\/\\\/schema.org\",\"@graph\":[{\"@type\":\"WebPage\",\"@id\":\"https:\\\/\\\/www.babcock-wanson.com\\\/de\\\/products\\\/industrielle-prozessluftheizer\\\/mixbloc\\\/\",\"url\":\"https:\\\/\\\/www.babcock-wanson.com\\\/de\\\/products\\\/industrielle-prozessluftheizer\\\/mixbloc\\\/\",\"name\":\"MIXBLOC Direkt befeuerter Luftstromheizer - Babcock Wanson\",\"isPartOf\":{\"@id\":\"https:\\\/\\\/www.babcock-wanson.com\\\/de\\\/#website\"},\"primaryImageOfPage\":{\"@id\":\"https:\\\/\\\/www.babcock-wanson.com\\\/de\\\/products\\\/industrielle-prozessluftheizer\\\/mixbloc\\\/#primaryimage\"},\"image\":{\"@id\":\"https:\\\/\\\/www.babcock-wanson.com\\\/de\\\/products\\\/industrielle-prozessluftheizer\\\/mixbloc\\\/#primaryimage\"},\"thumbnailUrl\":\"https:\\\/\\\/www.babcock-wanson.com\\\/wp-content\\\/uploads\\\/2018\\\/10\\\/Mlxbloc-1.png\",\"datePublished\":\"2025-01-17T09:34:03+00:00\",\"dateModified\":\"2025-04-14T13:44:04+00:00\",\"description\":\"Der Direktprozessluftheizer MIXBLOC ist f\u00fcr die Erzeugung von Hochtemperaturluft \u2013 in Standardausf\u00fchrung bis zu 800\u00a0\u00b0C \u2013 ohne Abgasverluste ausgelegt.\",\"breadcrumb\":{\"@id\":\"https:\\\/\\\/www.babcock-wanson.com\\\/de\\\/products\\\/industrielle-prozessluftheizer\\\/mixbloc\\\/#breadcrumb\"},\"inLanguage\":\"de-DE\",\"potentialAction\":[{\"@type\":\"ReadAction\",\"target\":[\"https:\\\/\\\/www.babcock-wanson.com\\\/de\\\/products\\\/industrielle-prozessluftheizer\\\/mixbloc\\\/\"]}]},{\"@type\":\"ImageObject\",\"inLanguage\":\"de-DE\",\"@id\":\"https:\\\/\\\/www.babcock-wanson.com\\\/de\\\/products\\\/industrielle-prozessluftheizer\\\/mixbloc\\\/#primaryimage\",\"url\":\"https:\\\/\\\/www.babcock-wanson.com\\\/wp-content\\\/uploads\\\/2018\\\/10\\\/Mlxbloc-1.png\",\"contentUrl\":\"https:\\\/\\\/www.babcock-wanson.com\\\/wp-content\\\/uploads\\\/2018\\\/10\\\/Mlxbloc-1.png\",\"width\":600,\"height\":400},{\"@type\":\"BreadcrumbList\",\"@id\":\"https:\\\/\\\/www.babcock-wanson.com\\\/de\\\/products\\\/industrielle-prozessluftheizer\\\/mixbloc\\\/#breadcrumb\",\"itemListElement\":[{\"@type\":\"ListItem\",\"position\":1,\"name\":\"Inicio\",\"item\":\"https:\\\/\\\/www.babcock-wanson.com\\\/de\\\/\"},{\"@type\":\"ListItem\",\"position\":2,\"name\":\"Produkte\",\"item\":\"https:\\\/\\\/www.babcock-wanson.com\\\/de\\\/shop\\\/\"},{\"@type\":\"ListItem\",\"position\":3,\"name\":\"Industrielle Prozessluftheizer\",\"item\":\"https:\\\/\\\/www.babcock-wanson.com\\\/de\\\/produkt-kategorie\\\/industrielle-prozessluftheizer\\\/\"},{\"@type\":\"ListItem\",\"position\":4,\"name\":\"MIXBLOC\"}]},{\"@type\":\"WebSite\",\"@id\":\"https:\\\/\\\/www.babcock-wanson.com\\\/de\\\/#website\",\"url\":\"https:\\\/\\\/www.babcock-wanson.com\\\/de\\\/\",\"name\":\"Babcock Wanson\",\"description\":\"\",\"publisher\":{\"@id\":\"https:\\\/\\\/www.babcock-wanson.com\\\/de\\\/#organization\"},\"potentialAction\":[{\"@type\":\"SearchAction\",\"target\":{\"@type\":\"EntryPoint\",\"urlTemplate\":\"https:\\\/\\\/www.babcock-wanson.com\\\/de\\\/?s={search_term_string}\"},\"query-input\":{\"@type\":\"PropertyValueSpecification\",\"valueRequired\":true,\"valueName\":\"search_term_string\"}}],\"inLanguage\":\"de-DE\"},{\"@type\":\"Organization\",\"@id\":\"https:\\\/\\\/www.babcock-wanson.com\\\/de\\\/#organization\",\"name\":\"Babcock Wanson\",\"url\":\"https:\\\/\\\/www.babcock-wanson.com\\\/de\\\/\",\"logo\":{\"@type\":\"ImageObject\",\"inLanguage\":\"de-DE\",\"@id\":\"https:\\\/\\\/www.babcock-wanson.com\\\/de\\\/#\\\/schema\\\/logo\\\/image\\\/\",\"url\":\"https:\\\/\\\/www.babcock-wanson.com\\\/wp-content\\\/uploads\\\/2024\\\/02\\\/Babcock-Wanson-1200x1200-1.png\",\"contentUrl\":\"https:\\\/\\\/www.babcock-wanson.com\\\/wp-content\\\/uploads\\\/2024\\\/02\\\/Babcock-Wanson-1200x1200-1.png\",\"width\":1200,\"height\":1200,\"caption\":\"Babcock Wanson\"},\"image\":{\"@id\":\"https:\\\/\\\/www.babcock-wanson.com\\\/de\\\/#\\\/schema\\\/logo\\\/image\\\/\"},\"sameAs\":[\"https:\\\/\\\/www.linkedin.com\\\/company\\\/babcock-wanson\\\/\",\"https:\\\/\\\/www.youtube.com\\\/channel\\\/UCtxl25VieBBsP2kYmtlyv7A\"]}]}<\/script>\n<!-- \/ Yoast SEO Premium plugin. -->","yoast_head_json":{"title":"MIXBLOC Direkt befeuerter Luftstromheizer - Babcock Wanson","description":"Der Direktprozessluftheizer MIXBLOC ist f\u00fcr die Erzeugung von Hochtemperaturluft \u2013 in Standardausf\u00fchrung bis zu 800\u00a0\u00b0C \u2013 ohne Abgasverluste ausgelegt.","robots":{"index":"index","follow":"follow","max-snippet":"max-snippet:-1","max-image-preview":"max-image-preview:large","max-video-preview":"max-video-preview:-1"},"canonical":"https:\/\/www.babcock-wanson.com\/de\/products\/industrielle-prozessluftheizer\/mixbloc\/","og_locale":"de_DE","og_type":"article","og_title":"MIXBLOC","og_description":"Der Direktprozessluftheizer MIXBLOC ist f\u00fcr die Erzeugung von Hochtemperaturluft \u2013 in Standardausf\u00fchrung bis zu 800\u00a0\u00b0C \u2013 ohne Abgasverluste ausgelegt.","og_url":"https:\/\/www.babcock-wanson.com\/de\/products\/industrielle-prozessluftheizer\/mixbloc\/","og_site_name":"Babcock Wanson","article_modified_time":"2025-04-14T13:44:04+00:00","og_image":[{"width":600,"height":400,"url":"https:\/\/www.babcock-wanson.com\/wp-content\/uploads\/2018\/10\/Mlxbloc-1.png","type":"image\/png"}],"twitter_card":"summary_large_image","twitter_misc":{"Est. reading time":"1 Minute"},"schema":{"@context":"https:\/\/schema.org","@graph":[{"@type":"WebPage","@id":"https:\/\/www.babcock-wanson.com\/de\/products\/industrielle-prozessluftheizer\/mixbloc\/","url":"https:\/\/www.babcock-wanson.com\/de\/products\/industrielle-prozessluftheizer\/mixbloc\/","name":"MIXBLOC Direkt befeuerter Luftstromheizer - Babcock Wanson","isPartOf":{"@id":"https:\/\/www.babcock-wanson.com\/de\/#website"},"primaryImageOfPage":{"@id":"https:\/\/www.babcock-wanson.com\/de\/products\/industrielle-prozessluftheizer\/mixbloc\/#primaryimage"},"image":{"@id":"https:\/\/www.babcock-wanson.com\/de\/products\/industrielle-prozessluftheizer\/mixbloc\/#primaryimage"},"thumbnailUrl":"https:\/\/www.babcock-wanson.com\/wp-content\/uploads\/2018\/10\/Mlxbloc-1.png","datePublished":"2025-01-17T09:34:03+00:00","dateModified":"2025-04-14T13:44:04+00:00","description":"Der Direktprozessluftheizer MIXBLOC ist f\u00fcr die Erzeugung von Hochtemperaturluft \u2013 in Standardausf\u00fchrung bis zu 800\u00a0\u00b0C \u2013 ohne Abgasverluste ausgelegt.","breadcrumb":{"@id":"https:\/\/www.babcock-wanson.com\/de\/products\/industrielle-prozessluftheizer\/mixbloc\/#breadcrumb"},"inLanguage":"de-DE","potentialAction":[{"@type":"ReadAction","target":["https:\/\/www.babcock-wanson.com\/de\/products\/industrielle-prozessluftheizer\/mixbloc\/"]}]},{"@type":"ImageObject","inLanguage":"de-DE","@id":"https:\/\/www.babcock-wanson.com\/de\/products\/industrielle-prozessluftheizer\/mixbloc\/#primaryimage","url":"https:\/\/www.babcock-wanson.com\/wp-content\/uploads\/2018\/10\/Mlxbloc-1.png","contentUrl":"https:\/\/www.babcock-wanson.com\/wp-content\/uploads\/2018\/10\/Mlxbloc-1.png","width":600,"height":400},{"@type":"BreadcrumbList","@id":"https:\/\/www.babcock-wanson.com\/de\/products\/industrielle-prozessluftheizer\/mixbloc\/#breadcrumb","itemListElement":[{"@type":"ListItem","position":1,"name":"Inicio","item":"https:\/\/www.babcock-wanson.com\/de\/"},{"@type":"ListItem","position":2,"name":"Produkte","item":"https:\/\/www.babcock-wanson.com\/de\/shop\/"},{"@type":"ListItem","position":3,"name":"Industrielle Prozessluftheizer","item":"https:\/\/www.babcock-wanson.com\/de\/produkt-kategorie\/industrielle-prozessluftheizer\/"},{"@type":"ListItem","position":4,"name":"MIXBLOC"}]},{"@type":"WebSite","@id":"https:\/\/www.babcock-wanson.com\/de\/#website","url":"https:\/\/www.babcock-wanson.com\/de\/","name":"Babcock Wanson","description":"","publisher":{"@id":"https:\/\/www.babcock-wanson.com\/de\/#organization"},"potentialAction":[{"@type":"SearchAction","target":{"@type":"EntryPoint","urlTemplate":"https:\/\/www.babcock-wanson.com\/de\/?s={search_term_string}"},"query-input":{"@type":"PropertyValueSpecification","valueRequired":true,"valueName":"search_term_string"}}],"inLanguage":"de-DE"},{"@type":"Organization","@id":"https:\/\/www.babcock-wanson.com\/de\/#organization","name":"Babcock Wanson","url":"https:\/\/www.babcock-wanson.com\/de\/","logo":{"@type":"ImageObject","inLanguage":"de-DE","@id":"https:\/\/www.babcock-wanson.com\/de\/#\/schema\/logo\/image\/","url":"https:\/\/www.babcock-wanson.com\/wp-content\/uploads\/2024\/02\/Babcock-Wanson-1200x1200-1.png","contentUrl":"https:\/\/www.babcock-wanson.com\/wp-content\/uploads\/2024\/02\/Babcock-Wanson-1200x1200-1.png","width":1200,"height":1200,"caption":"Babcock Wanson"},"image":{"@id":"https:\/\/www.babcock-wanson.com\/de\/#\/schema\/logo\/image\/"},"sameAs":["https:\/\/www.linkedin.com\/company\/babcock-wanson\/","https:\/\/www.youtube.com\/channel\/UCtxl25VieBBsP2kYmtlyv7A"]}]}},"jetpack_sharing_enabled":true,"_links":{"self":[{"href":"https:\/\/www.babcock-wanson.com\/de\/wp-json\/wp\/v2\/product\/50231","targetHints":{"allow":["GET"]}}],"collection":[{"href":"https:\/\/www.babcock-wanson.com\/de\/wp-json\/wp\/v2\/product"}],"about":[{"href":"https:\/\/www.babcock-wanson.com\/de\/wp-json\/wp\/v2\/types\/product"}],"replies":[{"embeddable":true,"href":"https:\/\/www.babcock-wanson.com\/de\/wp-json\/wp\/v2\/comments?post=50231"}],"wp:featuredmedia":[{"embeddable":true,"href":"https:\/\/www.babcock-wanson.com\/de\/wp-json\/wp\/v2\/media\/50235"}],"wp:attachment":[{"href":"https:\/\/www.babcock-wanson.com\/de\/wp-json\/wp\/v2\/media?parent=50231"}],"wp:term":[{"taxonomy":"product_brand","embeddable":true,"href":"https:\/\/www.babcock-wanson.com\/de\/wp-json\/wp\/v2\/product_brand?post=50231"},{"taxonomy":"product_cat","embeddable":true,"href":"https:\/\/www.babcock-wanson.com\/de\/wp-json\/wp\/v2\/product_cat?post=50231"},{"taxonomy":"product_tag","embeddable":true,"href":"https:\/\/www.babcock-wanson.com\/de\/wp-json\/wp\/v2\/product_tag?post=50231"}],"curies":[{"name":"wp","href":"https:\/\/api.w.org\/{rel}","templated":true}]}}