{"id":50232,"date":"2018-08-15T11:40:28","date_gmt":"2025-01-17T09:34:03","guid":{"rendered":"https:\/\/www.babcock-wanson.com\/products\/unkategorisiert\/indirekt-prozessluftheizer-htv-n\/"},"modified":"2025-04-17T15:10:11","modified_gmt":"2025-04-17T14:10:11","slug":"indirekt-prozessluftheizer-htv-n","status":"publish","type":"product","link":"https:\/\/www.babcock-wanson.com\/de\/products\/industrielle-prozessluftheizer\/indirekt-prozessluftheizer-htv-n\/","title":{"rendered":"Indirekt-Prozessluftheizer HTV-N"},"content":{"rendered":"<div class=\"vgblk-rw-wrapper limit-wrapper\">\r\n<h3>Typische Prozessaufgaben<\/h3>\r\n<ul>\r\n<li>Tabaktrocknung<\/li>\r\n<li>Milchtrocknung<\/li>\r\n<li>Salztrocknung<\/li>\r\n<li>Chemischer Prozess<\/li>\r\n<li>Lebensmittelprozess<\/li>\r\n<li>D\u00fcngemittelherstellung<\/li>\r\n<li>Papierherstellung<\/li>\r\n<li>St\u00e4rkeproduktion<\/li>\r\n<li>Gummi Arabicum-Produktion<\/li>\r\n<\/ul>\r\n<h3>Wesentliche Merkmale<\/h3>\r\n<p>Der HTV-N ist die perfekte L\u00f6sung, wenn f\u00fcr Verarbeitungsprozesse Hei\u00dfluft ben\u00f6tigt wird. Bei Verwendung des HTV-N gibt es keinen direkten Kontakt zwischen der Prozessluft und den Verbrennungsprodukten. Diese L\u00f6sung eignet sich besonders f\u00fcr Anwendungen, bei denen f\u00fcr den Prozess ein stabiler Strom sauberer, erw\u00e4rmter Luft erforderlich ist. Ein vollmodulierender Brenner erm\u00f6glicht eine pr\u00e4zise Steuerung der Austrittstemperatur der Prozessluft. Der HTV-N kann mit einem hohen Anteil an Prozessluft-Rezirkulation spezifiziert werden. Diese Option kann den gesamten Energieverbrauch drastisch reduzieren. Der HTV-N kann auch f\u00fcr Prozessluftstr\u00f6me mit sehr hohem Feuchtigkeitsgehalt oder mitgerissenem Wasserdampf spezifiziert werden. Diese speziell entwickelten Heizer sind mit zus\u00e4tzlichen Inspektions- und Reinigungst\u00fcren, Kondensatabl\u00e4ufen und wasserfesten Dichtungen ausgestattet und verwenden spezielle Schwei\u00dfverfahren, um das Risiko von Partikelablagerungen auf der Heizfl\u00e4che zu reduzieren.<\/p>\r\n<h3>Flexibilit\u00e4t<\/h3>\r\n<ul>\r\n<li>Luft-Bypass-Optionen sind verf\u00fcgbar<\/li>\r\n<li>Konstruktionen f\u00fcr horizontalen und vertikalen Betrieb<\/li>\r\n<\/ul>\r\n<h3>Vorteile des HTV-N<\/h3>\r\n<ul>\r\n<li>Einfacher, hocheffizienter Betrieb<\/li>\r\n<li>Vertikale oder horizontale Konfiguration<\/li>\r\n<li>Keine Zwischenfl\u00fcssigkeit<\/li>\r\n<li>Keine Drucksystemanforderungen<\/li>\r\n<li>Keine Anforderungen an <a href=\"https:\/\/www.babcock-wanson.com\/de\/produkt-kategorie\/industrielle-wasseraufbereitung\/\" target=\"_blank\" rel=\"noopener\">Wasseraufbereitung<\/a> oder Abwasser<\/li>\r\n<li>Minimale Inspektions- und Wartungsanforderungen<\/li>\r\n<li>Hergestellt aus Kohlenstoff- oder Edelstahl nach h\u00f6chsten Spezifikationen<\/li>\r\n<\/ul>\r\n<h3>Hoher Wirkungsgrad<\/h3>\r\n<ul>\r\n<li>Einfacher, hocheffizienter Betrieb<\/li>\r\n<li>Vertikale oder horizontale Konfiguration<\/li>\r\n<li>Keine Zwischenfl\u00fcssigkeit<\/li>\r\n<li>Keine Drucksystemanforderungen<\/li>\r\n<li>Keine Anforderungen an Wasseraufbereitung oder Abwasser<\/li>\r\n<li>Minimale Inspektions- und Wartungsanforderungen<\/li>\r\n<li>Hergestellt aus Kohlenstoff- oder Edelstahl nach h\u00f6chsten Spezifikationen<\/li>\r\n<\/ul>\r\n<\/div><!-- .vgblk-rw-wrapper -->","protected":false},"excerpt":{"rendered":"<p><strong>Von 90 kW bis 7 MW<\/strong> Die aus Kohlenstoffstahl oder Edelstahl nach h\u00f6chsten Spezifikationen gefertigten HTV-N <a href=\"https:\/\/www.babcock-wanson.com\/de\/produkt-kategorie\/industrielle-prozessluftheizer\/\" target=\"_blank\" rel=\"noopener\">Indirekt-Prozessluftheizer<\/a> liefern saubere Hei\u00dfluft mit bis zu 350\u00a0\u00b0C. Die Heizger\u00e4te k\u00f6nnen mit Inspektions- und Reinigungst\u00fcren, Kondensatabl\u00e4ufen und wasserfesten Dichtungen ausgestattet werden, wenn der Prozessbedarf dies erfordert, dabei werden spezielle Schwei\u00dfverfahren eingesetzt, um das Risiko von Partikelablagerungen auf der Heizfl\u00e4che zu reduzieren. Der HTV-N wird komplett mit einem vollst\u00e4ndig abgestimmten Brenner f\u00fcr Gas- oder \u00d6lfeuerung und einem optionalen <a href=\"https:\/\/www.babcock-wanson.com\/de\/products\/warmeruckgewinnungssysteme\/vorwaermer\/\" target=\"_blank\" rel=\"noopener\">Vorw\u00e4rmer<\/a> f\u00fcr einen Betrieb mit sehr hohem Wirkungsgrad geliefert. Der modulierende Brenner erm\u00f6glicht eine exakte Steuerung der Austrittstemperatur der Prozessluft. Alle HTV-N-Indirekt-Prozessluftheizer werden kundenspezifisch f\u00fcr die jeweiligen Anforderungen jeder Installation entworfen. Der Prozessluftstrom liegt zwischen 1.000 und 100.000 kg\/h mit einer Luftaustrittstemperatur von bis zu 350\u00a0\u00b0C. HTV-N-Heizer vereinfachen und reduzieren die Gesamtkosten f\u00fcr Installation und Betrieb im Vergleich zu herk\u00f6mmlichen indirekten Erhitzungsmethoden. Insbesondere bei der Planung neuer Installationen k\u00f6nnen durch den geringeren Platzbedarf und die einfache Bedienung die Gesamtkosten und der normale Wartungsbedarf im Betrieb erheblich gesenkt werden.<\/p>\n","protected":false},"featured_media":50237,"comment_status":"closed","ping_status":"closed","template":"","meta":{"_acf_changed":false,"_relevanssi_hide_post":"","_relevanssi_hide_content":"","_relevanssi_pin_for_all":"","_relevanssi_pin_keywords":"","_relevanssi_unpin_keywords":"","_relevanssi_related_keywords":"","_relevanssi_related_include_ids":"","_relevanssi_related_exclude_ids":"","_relevanssi_related_no_append":"","_relevanssi_related_not_related":"","_relevanssi_related_posts":"","_relevanssi_noindex_reason":""},"product_brand":[],"product_cat":[6529],"product_tag":[],"class_list":{"0":"post-50232","1":"product","2":"type-product","3":"status-publish","4":"has-post-thumbnail","6":"product_cat-industrielle-prozessluftheizer","8":"first","9":"instock","10":"shipping-taxable","11":"product-type-simple"},"acf":[],"yoast_head":"<!-- This site is optimized with the Yoast SEO Premium plugin v27.1 (Yoast SEO v27.1.1) - https:\/\/yoast.com\/product\/yoast-seo-premium-wordpress\/ -->\n<title>Indirekter Prozessluftheizer HTV-N \u2013 Babcock Wanson<\/title>\n<meta name=\"description\" content=\"Die aus Kohlenstoffstahl oder Edelstahl nach h\u00f6chsten Spezifikationen gefertigten HTV-N Indirekt-Prozessluftheizer liefern saubere Hei\u00dfluft mit bis zu 350\u00a0\u00b0C.\" \/>\n<meta name=\"robots\" content=\"index, follow, max-snippet:-1, max-image-preview:large, max-video-preview:-1\" \/>\n<link rel=\"canonical\" href=\"https:\/\/www.babcock-wanson.com\/de\/products\/industrielle-prozessluftheizer\/indirekt-prozessluftheizer-htv-n\/\" \/>\n<meta property=\"og:locale\" content=\"de_DE\" \/>\n<meta property=\"og:type\" content=\"article\" \/>\n<meta property=\"og:title\" content=\"Indirekt-Prozessluftheizer HTV-N\" \/>\n<meta property=\"og:description\" content=\"Die aus Kohlenstoffstahl oder Edelstahl nach h\u00f6chsten Spezifikationen gefertigten HTV-N Indirekt-Prozessluftheizer liefern saubere Hei\u00dfluft mit bis zu 350\u00a0\u00b0C.\" \/>\n<meta property=\"og:url\" content=\"https:\/\/www.babcock-wanson.com\/de\/products\/industrielle-prozessluftheizer\/indirekt-prozessluftheizer-htv-n\/\" \/>\n<meta property=\"og:site_name\" content=\"Babcock Wanson\" \/>\n<meta property=\"article:modified_time\" content=\"2025-04-17T14:10:11+00:00\" \/>\n<meta property=\"og:image\" content=\"https:\/\/www.babcock-wanson.com\/wp-content\/uploads\/2018\/08\/HTV-Indirect-Process-Air-Heaters-3.jpg\" \/>\n\t<meta property=\"og:image:width\" content=\"600\" \/>\n\t<meta property=\"og:image:height\" content=\"400\" \/>\n\t<meta property=\"og:image:type\" content=\"image\/jpeg\" \/>\n<meta name=\"twitter:card\" content=\"summary_large_image\" \/>\n<meta name=\"twitter:label1\" content=\"Est. reading time\" \/>\n\t<meta name=\"twitter:data1\" content=\"3 Minuten\" \/>\n<script type=\"application\/ld+json\" class=\"yoast-schema-graph\">{\"@context\":\"https:\/\/schema.org\",\"@graph\":[{\"@type\":\"WebPage\",\"@id\":\"https:\/\/www.babcock-wanson.com\/de\/products\/industrielle-prozessluftheizer\/indirekt-prozessluftheizer-htv-n\/\",\"url\":\"https:\/\/www.babcock-wanson.com\/de\/products\/industrielle-prozessluftheizer\/indirekt-prozessluftheizer-htv-n\/\",\"name\":\"Indirekter Prozessluftheizer HTV-N \u2013 Babcock Wanson\",\"isPartOf\":{\"@id\":\"https:\/\/www.babcock-wanson.com\/de\/#website\"},\"primaryImageOfPage\":{\"@id\":\"https:\/\/www.babcock-wanson.com\/de\/products\/industrielle-prozessluftheizer\/indirekt-prozessluftheizer-htv-n\/#primaryimage\"},\"image\":{\"@id\":\"https:\/\/www.babcock-wanson.com\/de\/products\/industrielle-prozessluftheizer\/indirekt-prozessluftheizer-htv-n\/#primaryimage\"},\"thumbnailUrl\":\"https:\/\/www.babcock-wanson.com\/wp-content\/uploads\/2018\/08\/HTV-Indirect-Process-Air-Heaters-3.jpg\",\"datePublished\":\"2025-01-17T09:34:03+00:00\",\"dateModified\":\"2025-04-17T14:10:11+00:00\",\"description\":\"Die aus Kohlenstoffstahl oder Edelstahl nach h\u00f6chsten Spezifikationen gefertigten HTV-N Indirekt-Prozessluftheizer liefern saubere Hei\u00dfluft mit bis zu 350\u00a0\u00b0C.\",\"breadcrumb\":{\"@id\":\"https:\/\/www.babcock-wanson.com\/de\/products\/industrielle-prozessluftheizer\/indirekt-prozessluftheizer-htv-n\/#breadcrumb\"},\"inLanguage\":\"de-DE\",\"potentialAction\":[{\"@type\":\"ReadAction\",\"target\":[\"https:\/\/www.babcock-wanson.com\/de\/products\/industrielle-prozessluftheizer\/indirekt-prozessluftheizer-htv-n\/\"]}]},{\"@type\":\"ImageObject\",\"inLanguage\":\"de-DE\",\"@id\":\"https:\/\/www.babcock-wanson.com\/de\/products\/industrielle-prozessluftheizer\/indirekt-prozessluftheizer-htv-n\/#primaryimage\",\"url\":\"https:\/\/www.babcock-wanson.com\/wp-content\/uploads\/2018\/08\/HTV-Indirect-Process-Air-Heaters-3.jpg\",\"contentUrl\":\"https:\/\/www.babcock-wanson.com\/wp-content\/uploads\/2018\/08\/HTV-Indirect-Process-Air-Heaters-3.jpg\",\"width\":600,\"height\":400},{\"@type\":\"BreadcrumbList\",\"@id\":\"https:\/\/www.babcock-wanson.com\/de\/products\/industrielle-prozessluftheizer\/indirekt-prozessluftheizer-htv-n\/#breadcrumb\",\"itemListElement\":[{\"@type\":\"ListItem\",\"position\":1,\"name\":\"Inicio\",\"item\":\"https:\/\/www.babcock-wanson.com\/de\/\"},{\"@type\":\"ListItem\",\"position\":2,\"name\":\"Produkte\",\"item\":\"https:\/\/www.babcock-wanson.com\/de\/shop\/\"},{\"@type\":\"ListItem\",\"position\":3,\"name\":\"Industrielle Prozessluftheizer\",\"item\":\"https:\/\/www.babcock-wanson.com\/de\/produkt-kategorie\/industrielle-prozessluftheizer\/\"},{\"@type\":\"ListItem\",\"position\":4,\"name\":\"Indirekt-Prozessluftheizer HTV-N\"}]},{\"@type\":\"WebSite\",\"@id\":\"https:\/\/www.babcock-wanson.com\/de\/#website\",\"url\":\"https:\/\/www.babcock-wanson.com\/de\/\",\"name\":\"Babcock Wanson\",\"description\":\"\",\"publisher\":{\"@id\":\"https:\/\/www.babcock-wanson.com\/de\/#organization\"},\"potentialAction\":[{\"@type\":\"SearchAction\",\"target\":{\"@type\":\"EntryPoint\",\"urlTemplate\":\"https:\/\/www.babcock-wanson.com\/de\/?s={search_term_string}\"},\"query-input\":{\"@type\":\"PropertyValueSpecification\",\"valueRequired\":true,\"valueName\":\"search_term_string\"}}],\"inLanguage\":\"de-DE\"},{\"@type\":\"Organization\",\"@id\":\"https:\/\/www.babcock-wanson.com\/de\/#organization\",\"name\":\"Babcock Wanson\",\"url\":\"https:\/\/www.babcock-wanson.com\/de\/\",\"logo\":{\"@type\":\"ImageObject\",\"inLanguage\":\"de-DE\",\"@id\":\"https:\/\/www.babcock-wanson.com\/de\/#\/schema\/logo\/image\/\",\"url\":\"https:\/\/www.babcock-wanson.com\/wp-content\/uploads\/2024\/02\/Babcock-Wanson-1200x1200-1.png\",\"contentUrl\":\"https:\/\/www.babcock-wanson.com\/wp-content\/uploads\/2024\/02\/Babcock-Wanson-1200x1200-1.png\",\"width\":1200,\"height\":1200,\"caption\":\"Babcock Wanson\"},\"image\":{\"@id\":\"https:\/\/www.babcock-wanson.com\/de\/#\/schema\/logo\/image\/\"},\"sameAs\":[\"https:\/\/www.linkedin.com\/company\/babcock-wanson\/\",\"https:\/\/www.youtube.com\/channel\/UCtxl25VieBBsP2kYmtlyv7A\"]}]}<\/script>\n<!-- \/ Yoast SEO Premium plugin. -->","yoast_head_json":{"title":"Indirekter Prozessluftheizer HTV-N \u2013 Babcock Wanson","description":"Die aus Kohlenstoffstahl oder Edelstahl nach h\u00f6chsten Spezifikationen gefertigten HTV-N Indirekt-Prozessluftheizer liefern saubere Hei\u00dfluft mit bis zu 350\u00a0\u00b0C.","robots":{"index":"index","follow":"follow","max-snippet":"max-snippet:-1","max-image-preview":"max-image-preview:large","max-video-preview":"max-video-preview:-1"},"canonical":"https:\/\/www.babcock-wanson.com\/de\/products\/industrielle-prozessluftheizer\/indirekt-prozessluftheizer-htv-n\/","og_locale":"de_DE","og_type":"article","og_title":"Indirekt-Prozessluftheizer HTV-N","og_description":"Die aus Kohlenstoffstahl oder Edelstahl nach h\u00f6chsten Spezifikationen gefertigten HTV-N Indirekt-Prozessluftheizer liefern saubere Hei\u00dfluft mit bis zu 350\u00a0\u00b0C.","og_url":"https:\/\/www.babcock-wanson.com\/de\/products\/industrielle-prozessluftheizer\/indirekt-prozessluftheizer-htv-n\/","og_site_name":"Babcock Wanson","article_modified_time":"2025-04-17T14:10:11+00:00","og_image":[{"width":600,"height":400,"url":"https:\/\/www.babcock-wanson.com\/wp-content\/uploads\/2018\/08\/HTV-Indirect-Process-Air-Heaters-3.jpg","type":"image\/jpeg"}],"twitter_card":"summary_large_image","twitter_misc":{"Est. reading time":"3 Minuten"},"schema":{"@context":"https:\/\/schema.org","@graph":[{"@type":"WebPage","@id":"https:\/\/www.babcock-wanson.com\/de\/products\/industrielle-prozessluftheizer\/indirekt-prozessluftheizer-htv-n\/","url":"https:\/\/www.babcock-wanson.com\/de\/products\/industrielle-prozessluftheizer\/indirekt-prozessluftheizer-htv-n\/","name":"Indirekter Prozessluftheizer HTV-N \u2013 Babcock Wanson","isPartOf":{"@id":"https:\/\/www.babcock-wanson.com\/de\/#website"},"primaryImageOfPage":{"@id":"https:\/\/www.babcock-wanson.com\/de\/products\/industrielle-prozessluftheizer\/indirekt-prozessluftheizer-htv-n\/#primaryimage"},"image":{"@id":"https:\/\/www.babcock-wanson.com\/de\/products\/industrielle-prozessluftheizer\/indirekt-prozessluftheizer-htv-n\/#primaryimage"},"thumbnailUrl":"https:\/\/www.babcock-wanson.com\/wp-content\/uploads\/2018\/08\/HTV-Indirect-Process-Air-Heaters-3.jpg","datePublished":"2025-01-17T09:34:03+00:00","dateModified":"2025-04-17T14:10:11+00:00","description":"Die aus Kohlenstoffstahl oder Edelstahl nach h\u00f6chsten Spezifikationen gefertigten HTV-N Indirekt-Prozessluftheizer liefern saubere Hei\u00dfluft mit bis zu 350\u00a0\u00b0C.","breadcrumb":{"@id":"https:\/\/www.babcock-wanson.com\/de\/products\/industrielle-prozessluftheizer\/indirekt-prozessluftheizer-htv-n\/#breadcrumb"},"inLanguage":"de-DE","potentialAction":[{"@type":"ReadAction","target":["https:\/\/www.babcock-wanson.com\/de\/products\/industrielle-prozessluftheizer\/indirekt-prozessluftheizer-htv-n\/"]}]},{"@type":"ImageObject","inLanguage":"de-DE","@id":"https:\/\/www.babcock-wanson.com\/de\/products\/industrielle-prozessluftheizer\/indirekt-prozessluftheizer-htv-n\/#primaryimage","url":"https:\/\/www.babcock-wanson.com\/wp-content\/uploads\/2018\/08\/HTV-Indirect-Process-Air-Heaters-3.jpg","contentUrl":"https:\/\/www.babcock-wanson.com\/wp-content\/uploads\/2018\/08\/HTV-Indirect-Process-Air-Heaters-3.jpg","width":600,"height":400},{"@type":"BreadcrumbList","@id":"https:\/\/www.babcock-wanson.com\/de\/products\/industrielle-prozessluftheizer\/indirekt-prozessluftheizer-htv-n\/#breadcrumb","itemListElement":[{"@type":"ListItem","position":1,"name":"Inicio","item":"https:\/\/www.babcock-wanson.com\/de\/"},{"@type":"ListItem","position":2,"name":"Produkte","item":"https:\/\/www.babcock-wanson.com\/de\/shop\/"},{"@type":"ListItem","position":3,"name":"Industrielle Prozessluftheizer","item":"https:\/\/www.babcock-wanson.com\/de\/produkt-kategorie\/industrielle-prozessluftheizer\/"},{"@type":"ListItem","position":4,"name":"Indirekt-Prozessluftheizer HTV-N"}]},{"@type":"WebSite","@id":"https:\/\/www.babcock-wanson.com\/de\/#website","url":"https:\/\/www.babcock-wanson.com\/de\/","name":"Babcock Wanson","description":"","publisher":{"@id":"https:\/\/www.babcock-wanson.com\/de\/#organization"},"potentialAction":[{"@type":"SearchAction","target":{"@type":"EntryPoint","urlTemplate":"https:\/\/www.babcock-wanson.com\/de\/?s={search_term_string}"},"query-input":{"@type":"PropertyValueSpecification","valueRequired":true,"valueName":"search_term_string"}}],"inLanguage":"de-DE"},{"@type":"Organization","@id":"https:\/\/www.babcock-wanson.com\/de\/#organization","name":"Babcock Wanson","url":"https:\/\/www.babcock-wanson.com\/de\/","logo":{"@type":"ImageObject","inLanguage":"de-DE","@id":"https:\/\/www.babcock-wanson.com\/de\/#\/schema\/logo\/image\/","url":"https:\/\/www.babcock-wanson.com\/wp-content\/uploads\/2024\/02\/Babcock-Wanson-1200x1200-1.png","contentUrl":"https:\/\/www.babcock-wanson.com\/wp-content\/uploads\/2024\/02\/Babcock-Wanson-1200x1200-1.png","width":1200,"height":1200,"caption":"Babcock Wanson"},"image":{"@id":"https:\/\/www.babcock-wanson.com\/de\/#\/schema\/logo\/image\/"},"sameAs":["https:\/\/www.linkedin.com\/company\/babcock-wanson\/","https:\/\/www.youtube.com\/channel\/UCtxl25VieBBsP2kYmtlyv7A"]}]}},"jetpack_sharing_enabled":true,"_links":{"self":[{"href":"https:\/\/www.babcock-wanson.com\/de\/wp-json\/wp\/v2\/product\/50232","targetHints":{"allow":["GET"]}}],"collection":[{"href":"https:\/\/www.babcock-wanson.com\/de\/wp-json\/wp\/v2\/product"}],"about":[{"href":"https:\/\/www.babcock-wanson.com\/de\/wp-json\/wp\/v2\/types\/product"}],"replies":[{"embeddable":true,"href":"https:\/\/www.babcock-wanson.com\/de\/wp-json\/wp\/v2\/comments?post=50232"}],"wp:featuredmedia":[{"embeddable":true,"href":"https:\/\/www.babcock-wanson.com\/de\/wp-json\/wp\/v2\/media\/50237"}],"wp:attachment":[{"href":"https:\/\/www.babcock-wanson.com\/de\/wp-json\/wp\/v2\/media?parent=50232"}],"wp:term":[{"taxonomy":"product_brand","embeddable":true,"href":"https:\/\/www.babcock-wanson.com\/de\/wp-json\/wp\/v2\/product_brand?post=50232"},{"taxonomy":"product_cat","embeddable":true,"href":"https:\/\/www.babcock-wanson.com\/de\/wp-json\/wp\/v2\/product_cat?post=50232"},{"taxonomy":"product_tag","embeddable":true,"href":"https:\/\/www.babcock-wanson.com\/de\/wp-json\/wp\/v2\/product_tag?post=50232"}],"curies":[{"name":"wp","href":"https:\/\/api.w.org\/{rel}","templated":true}]}}