{"id":50256,"date":"2018-09-19T13:42:00","date_gmt":"2025-01-17T09:34:05","guid":{"rendered":"https:\/\/www.babcock-wanson.com\/products\/unkategorisiert\/sonstige-materialien\/"},"modified":"2025-04-15T14:30:39","modified_gmt":"2025-04-15T13:30:39","slug":"sonstige-materialien","status":"publish","type":"product","link":"https:\/\/www.babcock-wanson.com\/de\/products\/industrielle-wasseraufbereitung\/sonstige-materialien\/","title":{"rendered":"Sonstige Materialien"},"content":{"rendered":"<div class=\"vgblk-rw-wrapper limit-wrapper\">\r\n<h3>UF (Ultrafiltration)<\/h3>\r\n<p>Ultrafiltration ist eine Art der Wasservorbehandlung, bei der Membranen verwendet werden, um feine Partikel aus dem Wasser zu trennen. Die CLARIFILTER-Serie von Babcock Wanson verwendet speziell entwickelte Ultrafiltrationsmembranen und kann sehr feine Partikel zwischen 0,1 \u00b5m und 0,001 \u00b5m entfernen. CLARIFILTER ist auf einem Gleitlager montiert und enth\u00e4lt:<\/p>\r\n<ul>\r\n<li>Ultrafiltrationsmodule<\/li>\r\n<li>Umw\u00e4lzpumpe<\/li>\r\n<li>Automatische Membranreinigungsausr\u00fcstung<\/li>\r\n<li>Einstellungs-, Steuerungs- und Sicherheitsausr\u00fcstung<\/li>\r\n<li>Schaltschrank<\/li>\r\n<\/ul>\r\n<p>Die Ausr\u00fcstung sorgt f\u00fcr einen kontinuierlichen und konstanten Fluss von gefiltertem Wasser.<\/p>\r\n<h3>EDI (Elektrodeionisation)<\/h3>\r\n<p>EDI ist eine Kombination aus harzbasiertem Ionenaustausch, selektiver Membrantechnologie und elektrischem Strom, die Wasser auf eine einzigartige und effiziente Weise demineralisiert. Die vor\u00fcbergehend von den Harzen zur\u00fcckgehaltenen Ionen werden mithilfe einer elektrischen Ladung in einen R\u00fcckweisungsstrom \u00fcberf\u00fchrt. Der EDI-Prozess erzeugt hochwertiges demineralisiertes Wasser ohne Verwendung chemischer Produkte. Das EDI-System von Babcock Wanson wurde f\u00fcr eine schnelle Installation und einfache Wartung konzipiert. Die wesentlichen Vorteile dieser Ausr\u00fcstung sind:<\/p>\r\n<ul>\r\n<li>Kontinuierliche Produktion von Wasser hoher Qualit\u00e4t.<\/li>\r\n<li>Es sind keine chemischen Produkte, keine Wartung der Dosierausr\u00fcstung und keine Aufbereitung von Abf\u00e4llen erforderlich, daher ist es umweltfreundlich.<\/li>\r\n<li>Aufgrund der Art und Weise, wie die Ionen in den R\u00fcckweisungsstrom \u00fcbertragen werden, ist keine Regenerationsphase f\u00fcr die Harze erforderlich, was einen kontinuierlichen Betrieb erm\u00f6glicht.<\/li>\r\n<li>Die Ausr\u00fcstung ist auf einem Gleitlager montiert, kompakt und bereit f\u00fcr eine einfache Installation in der Anlage.<\/li>\r\n<li>Sie ist einfach zu bedienen und verbraucht nur 0,5 kW\/m\u00b3 Reinwasser.<\/li>\r\n<\/ul>\r\n<h3>Kalkentfernung durch Reaktionsharzaustausch<\/h3>\r\n<p>Auf Ihre Anforderungen zugeschnitten.<\/p>\r\n<p>Die Kalkentfernung ist eine Reinigungstechnologie, die dazu dient, Alkaliionen aus dem Wasser zu entfernen. Die Alkalit\u00e4t des Wassers ist ein wichtiger Faktor bei der Dampferzeugung und in vielen Verarbeitungssystemen wie Textilien, Lebensmittel und Getr\u00e4nke usw. und muss kontrolliert werden, um die Abschl\u00e4mm- und Betriebskosten zu senken.<\/p>\r\n<p>Babcock Wanson hat eine breite Palette von Ablagerungsentfernungsausr\u00fcstung entwickelt, um sowohl Kessel- als auch Prozesswasser aufzubereiten, die auf die spezifischen Bed\u00fcrfnisse unserer Kunden zugeschnitten sind. Ablagerungsentfernungsausr\u00fcstungen enthalten schwach basisches Kationenaustauscherharz, das einen Teil des Wasserstoffs (H+) gegen Kalzium (Ca2+) und Magnesium (Mg2+) austauscht, um eine extrem niedrige Alkalit\u00e4t im Wasser zu erreichen.<\/p>\r\n<p>Unsere Experten f\u00fcr die <a href=\"https:\/\/www.babcock-wanson.com\/de\/produkt-kategorie\/industrielle-wasseraufbereitung\/\" target=\"_blank\" rel=\"noopener\">Wasseraufbereitung<\/a> sind in der Lage, die Rohwasserqualit\u00e4t und die Betriebsparameter f\u00fcr Kessel- und Prozesswasser zu analysieren und die am besten geeignete Ausr\u00fcstung f\u00fcr Ihre Installation vorzuschlagen.<\/p>\r\n<h3>Kalkentfernungsanwendungen in verschiedenen Industriezweigen<\/h3>\r\n<ul>\r\n<li><strong>Prozesswasseraufbereitung<\/strong> &#8211; Die Kalkentfernung erzeugt hochwertiges Wasser, das als Prozesswasser verwendet werden kann, beispielsweise in der Lebensmittel- und Getr\u00e4nkeindustrie.<\/li>\r\n<li><strong>Aufbereitung von Kesselspeisewasser<\/strong> &#8211; Das gereinigte Wasser aus dem Kalkentfernungsprozess weist eine geringe Konzentration an Bicarbonaten, Calcium- und Magnesiumsalzen auf und kann daher als Kesselspeisewasser verwendet werden. Die Austauschreaktion auf dem Karboxylharz erzeugt Kohlendioxid (CO2), das w\u00e4hrend der Behandlung durch Abscheidung in einem <a href=\"https:\/\/www.babcock-wanson.com\/de\/products\/industrielle-wasseraufbereitung\/waermeentgasung\/\" target=\"_blank\" rel=\"noopener\">atmosph\u00e4rischen Entl\u00fcfter<\/a> entfernt oder f\u00fcr die Verwendung in einem anderen Prozess gesammelt werden kann.<\/li>\r\n<\/ul>\r\n<p>Einfache Wartung \u2013 Wenn die S\u00e4ttigung erreicht ist, werden die Entkalkungsaustauscher durch aufeinanderfolgende Durchl\u00e4ufe einer Salzs\u00e4urel\u00f6sung regeneriert. Die Regeneration der Austauscher erfolgt automatisch. Kompaktheit \u2013 Die kompakte Bauweise der Ablagerungsentfernungsausr\u00fcstung erm\u00f6glicht eine einfache Installation und reduziert den Platzbedarf.<\/p>\r\n<\/div><!-- .vgblk-rw-wrapper -->","protected":false},"excerpt":{"rendered":"<p>Babcock Wanson bietet eine gro\u00dfe Auswahl an Wasseraufbereitungsausr\u00fcstung f\u00fcr alle Anwendungen an.<\/p>\n","protected":false},"featured_media":50260,"comment_status":"closed","ping_status":"closed","template":"","meta":{"_acf_changed":false,"_relevanssi_hide_post":"","_relevanssi_hide_content":"","_relevanssi_pin_for_all":"","_relevanssi_pin_keywords":"","_relevanssi_unpin_keywords":"","_relevanssi_related_keywords":"","_relevanssi_related_include_ids":"","_relevanssi_related_exclude_ids":"","_relevanssi_related_no_append":"","_relevanssi_related_not_related":"","_relevanssi_related_posts":"","_relevanssi_noindex_reason":""},"product_brand":[],"product_cat":[6528],"product_tag":[],"class_list":{"0":"post-50256","1":"product","2":"type-product","3":"status-publish","4":"has-post-thumbnail","6":"product_cat-industrielle-wasseraufbereitung","8":"first","9":"instock","10":"shipping-taxable","11":"product-type-simple"},"acf":[],"yoast_head":"<!-- This site is optimized with the Yoast SEO Premium plugin v27.4 (Yoast SEO v27.4) - https:\/\/yoast.com\/product\/yoast-seo-premium-wordpress\/ -->\n<title>Sonstige Materialien - Babcock Wanson<\/title>\n<meta name=\"description\" content=\"Babcock Wanson bietet eine gro\u00dfe Auswahl an Wasseraufbereitungsausr\u00fcstung f\u00fcr alle Anwendungen an. Klicken Sie hier, um unsere anderen Materialien f\u00fcr die industrielle Wasseraufbereitung zu sehen\" \/>\n<meta name=\"robots\" content=\"index, follow, max-snippet:-1, max-image-preview:large, max-video-preview:-1\" \/>\n<link rel=\"canonical\" href=\"https:\/\/www.babcock-wanson.com\/de\/products\/industrielle-wasseraufbereitung\/sonstige-materialien\/\" \/>\n<meta property=\"og:locale\" content=\"de_DE\" \/>\n<meta property=\"og:type\" content=\"article\" \/>\n<meta property=\"og:title\" content=\"Sonstige Materialien\" \/>\n<meta property=\"og:description\" content=\"Babcock Wanson bietet eine gro\u00dfe Auswahl an Wasseraufbereitungsausr\u00fcstung f\u00fcr alle Anwendungen an. Klicken Sie hier, um unsere anderen Materialien f\u00fcr die industrielle Wasseraufbereitung zu sehen\" \/>\n<meta property=\"og:url\" content=\"https:\/\/www.babcock-wanson.com\/de\/products\/industrielle-wasseraufbereitung\/sonstige-materialien\/\" \/>\n<meta property=\"og:site_name\" content=\"Babcock Wanson\" \/>\n<meta property=\"article:modified_time\" content=\"2025-04-15T13:30:39+00:00\" \/>\n<meta property=\"og:image\" content=\"https:\/\/www.babcock-wanson.com\/wp-content\/uploads\/2018\/09\/other-industrial-water-treatment-materials-5.jpg\" \/>\n\t<meta property=\"og:image:width\" content=\"600\" \/>\n\t<meta property=\"og:image:height\" content=\"400\" \/>\n\t<meta property=\"og:image:type\" content=\"image\/jpeg\" \/>\n<meta name=\"twitter:card\" content=\"summary_large_image\" \/>\n<meta name=\"twitter:label1\" content=\"Est. reading time\" \/>\n\t<meta name=\"twitter:data1\" content=\"4 Minuten\" \/>\n<script type=\"application\/ld+json\" class=\"yoast-schema-graph\">{\"@context\":\"https:\\\/\\\/schema.org\",\"@graph\":[{\"@type\":\"WebPage\",\"@id\":\"https:\\\/\\\/www.babcock-wanson.com\\\/de\\\/products\\\/industrielle-wasseraufbereitung\\\/sonstige-materialien\\\/\",\"url\":\"https:\\\/\\\/www.babcock-wanson.com\\\/de\\\/products\\\/industrielle-wasseraufbereitung\\\/sonstige-materialien\\\/\",\"name\":\"Sonstige Materialien - Babcock Wanson\",\"isPartOf\":{\"@id\":\"https:\\\/\\\/www.babcock-wanson.com\\\/de\\\/#website\"},\"primaryImageOfPage\":{\"@id\":\"https:\\\/\\\/www.babcock-wanson.com\\\/de\\\/products\\\/industrielle-wasseraufbereitung\\\/sonstige-materialien\\\/#primaryimage\"},\"image\":{\"@id\":\"https:\\\/\\\/www.babcock-wanson.com\\\/de\\\/products\\\/industrielle-wasseraufbereitung\\\/sonstige-materialien\\\/#primaryimage\"},\"thumbnailUrl\":\"https:\\\/\\\/www.babcock-wanson.com\\\/wp-content\\\/uploads\\\/2018\\\/09\\\/other-industrial-water-treatment-materials-5.jpg\",\"datePublished\":\"2025-01-17T09:34:05+00:00\",\"dateModified\":\"2025-04-15T13:30:39+00:00\",\"description\":\"Babcock Wanson bietet eine gro\u00dfe Auswahl an Wasseraufbereitungsausr\u00fcstung f\u00fcr alle Anwendungen an. Klicken Sie hier, um unsere anderen Materialien f\u00fcr die industrielle Wasseraufbereitung zu sehen\",\"breadcrumb\":{\"@id\":\"https:\\\/\\\/www.babcock-wanson.com\\\/de\\\/products\\\/industrielle-wasseraufbereitung\\\/sonstige-materialien\\\/#breadcrumb\"},\"inLanguage\":\"de-DE\",\"potentialAction\":[{\"@type\":\"ReadAction\",\"target\":[\"https:\\\/\\\/www.babcock-wanson.com\\\/de\\\/products\\\/industrielle-wasseraufbereitung\\\/sonstige-materialien\\\/\"]}]},{\"@type\":\"ImageObject\",\"inLanguage\":\"de-DE\",\"@id\":\"https:\\\/\\\/www.babcock-wanson.com\\\/de\\\/products\\\/industrielle-wasseraufbereitung\\\/sonstige-materialien\\\/#primaryimage\",\"url\":\"https:\\\/\\\/www.babcock-wanson.com\\\/wp-content\\\/uploads\\\/2018\\\/09\\\/other-industrial-water-treatment-materials-5.jpg\",\"contentUrl\":\"https:\\\/\\\/www.babcock-wanson.com\\\/wp-content\\\/uploads\\\/2018\\\/09\\\/other-industrial-water-treatment-materials-5.jpg\",\"width\":600,\"height\":400},{\"@type\":\"BreadcrumbList\",\"@id\":\"https:\\\/\\\/www.babcock-wanson.com\\\/de\\\/products\\\/industrielle-wasseraufbereitung\\\/sonstige-materialien\\\/#breadcrumb\",\"itemListElement\":[{\"@type\":\"ListItem\",\"position\":1,\"name\":\"Inicio\",\"item\":\"https:\\\/\\\/www.babcock-wanson.com\\\/de\\\/\"},{\"@type\":\"ListItem\",\"position\":2,\"name\":\"Produkte\",\"item\":\"https:\\\/\\\/www.babcock-wanson.com\\\/de\\\/shop\\\/\"},{\"@type\":\"ListItem\",\"position\":3,\"name\":\"Industrielle Wasseraufbereitung\",\"item\":\"https:\\\/\\\/www.babcock-wanson.com\\\/de\\\/produkt-kategorie\\\/industrielle-wasseraufbereitung\\\/\"},{\"@type\":\"ListItem\",\"position\":4,\"name\":\"Sonstige Materialien\"}]},{\"@type\":\"WebSite\",\"@id\":\"https:\\\/\\\/www.babcock-wanson.com\\\/de\\\/#website\",\"url\":\"https:\\\/\\\/www.babcock-wanson.com\\\/de\\\/\",\"name\":\"Babcock Wanson\",\"description\":\"\",\"publisher\":{\"@id\":\"https:\\\/\\\/www.babcock-wanson.com\\\/de\\\/#organization\"},\"potentialAction\":[{\"@type\":\"SearchAction\",\"target\":{\"@type\":\"EntryPoint\",\"urlTemplate\":\"https:\\\/\\\/www.babcock-wanson.com\\\/de\\\/?s={search_term_string}\"},\"query-input\":{\"@type\":\"PropertyValueSpecification\",\"valueRequired\":true,\"valueName\":\"search_term_string\"}}],\"inLanguage\":\"de-DE\"},{\"@type\":\"Organization\",\"@id\":\"https:\\\/\\\/www.babcock-wanson.com\\\/de\\\/#organization\",\"name\":\"Babcock Wanson\",\"url\":\"https:\\\/\\\/www.babcock-wanson.com\\\/de\\\/\",\"logo\":{\"@type\":\"ImageObject\",\"inLanguage\":\"de-DE\",\"@id\":\"https:\\\/\\\/www.babcock-wanson.com\\\/de\\\/#\\\/schema\\\/logo\\\/image\\\/\",\"url\":\"https:\\\/\\\/www.babcock-wanson.com\\\/wp-content\\\/uploads\\\/2024\\\/02\\\/Babcock-Wanson-1200x1200-1.png\",\"contentUrl\":\"https:\\\/\\\/www.babcock-wanson.com\\\/wp-content\\\/uploads\\\/2024\\\/02\\\/Babcock-Wanson-1200x1200-1.png\",\"width\":1200,\"height\":1200,\"caption\":\"Babcock Wanson\"},\"image\":{\"@id\":\"https:\\\/\\\/www.babcock-wanson.com\\\/de\\\/#\\\/schema\\\/logo\\\/image\\\/\"},\"sameAs\":[\"https:\\\/\\\/www.linkedin.com\\\/company\\\/babcock-wanson\\\/\",\"https:\\\/\\\/www.youtube.com\\\/channel\\\/UCtxl25VieBBsP2kYmtlyv7A\"]}]}<\/script>\n<!-- \/ Yoast SEO Premium plugin. -->","yoast_head_json":{"title":"Sonstige Materialien - Babcock Wanson","description":"Babcock Wanson bietet eine gro\u00dfe Auswahl an Wasseraufbereitungsausr\u00fcstung f\u00fcr alle Anwendungen an. Klicken Sie hier, um unsere anderen Materialien f\u00fcr die industrielle Wasseraufbereitung zu sehen","robots":{"index":"index","follow":"follow","max-snippet":"max-snippet:-1","max-image-preview":"max-image-preview:large","max-video-preview":"max-video-preview:-1"},"canonical":"https:\/\/www.babcock-wanson.com\/de\/products\/industrielle-wasseraufbereitung\/sonstige-materialien\/","og_locale":"de_DE","og_type":"article","og_title":"Sonstige Materialien","og_description":"Babcock Wanson bietet eine gro\u00dfe Auswahl an Wasseraufbereitungsausr\u00fcstung f\u00fcr alle Anwendungen an. Klicken Sie hier, um unsere anderen Materialien f\u00fcr die industrielle Wasseraufbereitung zu sehen","og_url":"https:\/\/www.babcock-wanson.com\/de\/products\/industrielle-wasseraufbereitung\/sonstige-materialien\/","og_site_name":"Babcock Wanson","article_modified_time":"2025-04-15T13:30:39+00:00","og_image":[{"width":600,"height":400,"url":"https:\/\/www.babcock-wanson.com\/wp-content\/uploads\/2018\/09\/other-industrial-water-treatment-materials-5.jpg","type":"image\/jpeg"}],"twitter_card":"summary_large_image","twitter_misc":{"Est. reading time":"4 Minuten"},"schema":{"@context":"https:\/\/schema.org","@graph":[{"@type":"WebPage","@id":"https:\/\/www.babcock-wanson.com\/de\/products\/industrielle-wasseraufbereitung\/sonstige-materialien\/","url":"https:\/\/www.babcock-wanson.com\/de\/products\/industrielle-wasseraufbereitung\/sonstige-materialien\/","name":"Sonstige Materialien - Babcock Wanson","isPartOf":{"@id":"https:\/\/www.babcock-wanson.com\/de\/#website"},"primaryImageOfPage":{"@id":"https:\/\/www.babcock-wanson.com\/de\/products\/industrielle-wasseraufbereitung\/sonstige-materialien\/#primaryimage"},"image":{"@id":"https:\/\/www.babcock-wanson.com\/de\/products\/industrielle-wasseraufbereitung\/sonstige-materialien\/#primaryimage"},"thumbnailUrl":"https:\/\/www.babcock-wanson.com\/wp-content\/uploads\/2018\/09\/other-industrial-water-treatment-materials-5.jpg","datePublished":"2025-01-17T09:34:05+00:00","dateModified":"2025-04-15T13:30:39+00:00","description":"Babcock Wanson bietet eine gro\u00dfe Auswahl an Wasseraufbereitungsausr\u00fcstung f\u00fcr alle Anwendungen an. Klicken Sie hier, um unsere anderen Materialien f\u00fcr die industrielle Wasseraufbereitung zu sehen","breadcrumb":{"@id":"https:\/\/www.babcock-wanson.com\/de\/products\/industrielle-wasseraufbereitung\/sonstige-materialien\/#breadcrumb"},"inLanguage":"de-DE","potentialAction":[{"@type":"ReadAction","target":["https:\/\/www.babcock-wanson.com\/de\/products\/industrielle-wasseraufbereitung\/sonstige-materialien\/"]}]},{"@type":"ImageObject","inLanguage":"de-DE","@id":"https:\/\/www.babcock-wanson.com\/de\/products\/industrielle-wasseraufbereitung\/sonstige-materialien\/#primaryimage","url":"https:\/\/www.babcock-wanson.com\/wp-content\/uploads\/2018\/09\/other-industrial-water-treatment-materials-5.jpg","contentUrl":"https:\/\/www.babcock-wanson.com\/wp-content\/uploads\/2018\/09\/other-industrial-water-treatment-materials-5.jpg","width":600,"height":400},{"@type":"BreadcrumbList","@id":"https:\/\/www.babcock-wanson.com\/de\/products\/industrielle-wasseraufbereitung\/sonstige-materialien\/#breadcrumb","itemListElement":[{"@type":"ListItem","position":1,"name":"Inicio","item":"https:\/\/www.babcock-wanson.com\/de\/"},{"@type":"ListItem","position":2,"name":"Produkte","item":"https:\/\/www.babcock-wanson.com\/de\/shop\/"},{"@type":"ListItem","position":3,"name":"Industrielle Wasseraufbereitung","item":"https:\/\/www.babcock-wanson.com\/de\/produkt-kategorie\/industrielle-wasseraufbereitung\/"},{"@type":"ListItem","position":4,"name":"Sonstige Materialien"}]},{"@type":"WebSite","@id":"https:\/\/www.babcock-wanson.com\/de\/#website","url":"https:\/\/www.babcock-wanson.com\/de\/","name":"Babcock Wanson","description":"","publisher":{"@id":"https:\/\/www.babcock-wanson.com\/de\/#organization"},"potentialAction":[{"@type":"SearchAction","target":{"@type":"EntryPoint","urlTemplate":"https:\/\/www.babcock-wanson.com\/de\/?s={search_term_string}"},"query-input":{"@type":"PropertyValueSpecification","valueRequired":true,"valueName":"search_term_string"}}],"inLanguage":"de-DE"},{"@type":"Organization","@id":"https:\/\/www.babcock-wanson.com\/de\/#organization","name":"Babcock Wanson","url":"https:\/\/www.babcock-wanson.com\/de\/","logo":{"@type":"ImageObject","inLanguage":"de-DE","@id":"https:\/\/www.babcock-wanson.com\/de\/#\/schema\/logo\/image\/","url":"https:\/\/www.babcock-wanson.com\/wp-content\/uploads\/2024\/02\/Babcock-Wanson-1200x1200-1.png","contentUrl":"https:\/\/www.babcock-wanson.com\/wp-content\/uploads\/2024\/02\/Babcock-Wanson-1200x1200-1.png","width":1200,"height":1200,"caption":"Babcock Wanson"},"image":{"@id":"https:\/\/www.babcock-wanson.com\/de\/#\/schema\/logo\/image\/"},"sameAs":["https:\/\/www.linkedin.com\/company\/babcock-wanson\/","https:\/\/www.youtube.com\/channel\/UCtxl25VieBBsP2kYmtlyv7A"]}]}},"jetpack_sharing_enabled":true,"_links":{"self":[{"href":"https:\/\/www.babcock-wanson.com\/de\/wp-json\/wp\/v2\/product\/50256","targetHints":{"allow":["GET"]}}],"collection":[{"href":"https:\/\/www.babcock-wanson.com\/de\/wp-json\/wp\/v2\/product"}],"about":[{"href":"https:\/\/www.babcock-wanson.com\/de\/wp-json\/wp\/v2\/types\/product"}],"replies":[{"embeddable":true,"href":"https:\/\/www.babcock-wanson.com\/de\/wp-json\/wp\/v2\/comments?post=50256"}],"wp:featuredmedia":[{"embeddable":true,"href":"https:\/\/www.babcock-wanson.com\/de\/wp-json\/wp\/v2\/media\/50260"}],"wp:attachment":[{"href":"https:\/\/www.babcock-wanson.com\/de\/wp-json\/wp\/v2\/media?parent=50256"}],"wp:term":[{"taxonomy":"product_brand","embeddable":true,"href":"https:\/\/www.babcock-wanson.com\/de\/wp-json\/wp\/v2\/product_brand?post=50256"},{"taxonomy":"product_cat","embeddable":true,"href":"https:\/\/www.babcock-wanson.com\/de\/wp-json\/wp\/v2\/product_cat?post=50256"},{"taxonomy":"product_tag","embeddable":true,"href":"https:\/\/www.babcock-wanson.com\/de\/wp-json\/wp\/v2\/product_tag?post=50256"}],"curies":[{"name":"wp","href":"https:\/\/api.w.org\/{rel}","templated":true}]}}