{"id":50257,"date":"2018-09-19T13:42:13","date_gmt":"2025-01-17T09:34:05","guid":{"rendered":"https:\/\/www.babcock-wanson.com\/products\/unkategorisiert\/demineralisierung-durch-umkehrosmose\/"},"modified":"2025-04-14T15:24:12","modified_gmt":"2025-04-14T14:24:12","slug":"demineralisierung-durch-umkehrosmose","status":"publish","type":"product","link":"https:\/\/www.babcock-wanson.com\/de\/products\/industrielle-wasseraufbereitung\/demineralisierung-durch-umkehrosmose\/","title":{"rendered":"Demineralisierung durch Umkehrosmose"},"content":{"rendered":"<div class=\"vgblk-rw-wrapper limit-wrapper\">\r\n<h3>BWO-Anwendung in verschiedenen Industriezweigen<\/h3>\r\n<ul>\r\n<li><strong>Prozesswasseraufbereitung{<\/strong> \u2013 BWO kann zur Reinigung von Prozesswasser eingesetzt werden, wie es beispielsweise f\u00fcr die Oberfl\u00e4chenbehandlung oder in Kosmetiklabors usw. ben\u00f6tigt wird.<\/li>\r\n<li><strong>Reinigung von Kesselspeisewasser<\/strong> \u2013 BWO kann auch zur Aufbereitung von Kesselspeisewasser eingesetzt werden. Das von BWO produzierte gereinigte Wasser erm\u00f6glicht es, das Volumen der Abschl\u00e4mmung aus dem Kessel auf ca. 1 % zu reduzieren, wodurch ein guter Betrieb der Dampferzeugungsanlage gew\u00e4hrleistet und der Energieverlust aus dem Prozess minimiert wird.<\/li>\r\n<\/ul>\r\n<h3>Flexible und vollst\u00e4ndige Produktpalette<\/h3>\r\n<ul>\r\n<li>Die BWO-Demineralisierung durch Umkehrosmose ist je nach Permeatdurchfluss sowohl als vertikale als auch als horizontale Baugruppe auf Gleitlagern erh\u00e4ltlich. Diese Eigenschaft gew\u00e4hrleistet eine einfache und schnelle Installation in der Anlage.<\/li>\r\n<li>Standardm\u00e4\u00dfig von 600 l\/h bis 10.000 l\/h, auf Anfrage auch f\u00fcr spezifische Permeatflussanforderungen.<\/li>\r\n<li>Eine Permeatleitf\u00e4higkeit von weniger als 1 \u03bcS\/cm erreicht werden.<\/li>\r\n<li>Die spezifische Produktpalette wird auf Ihre Anforderungen zugeschnitten und ist f\u00fcr minimale Anforderungen an die Stellfl\u00e4che ausgelegt.<\/li>\r\n<\/ul>\r\n<h3>Sichere und zuverl\u00e4ssige Ausr\u00fcstung<\/h3>\r\n<ul>\r\n<li>Die automatische Bypass-Option der Osmoseeinheit gew\u00e4hrleistet den sichersten Betrieb f\u00fcr Ihren Prozess und Ihre Dampferzeugung.<\/li>\r\n<li>BWO erm\u00f6glicht es, eine ma\u00dfgeschneiderte Wasserqualit\u00e4t zu gew\u00e4hrleisten und Ihre spezifischen Anforderungen zu erf\u00fcllen.<\/li>\r\n<li>Die Gesamtenergieeffizienz wird deutlich verbessert<\/li>\r\n<li>Die Kapitalrendite ist sehr hoch.<\/li>\r\n<\/ul>\r\n<h3>Einfache Wartung<\/h3>\r\n<ul>\r\n<li>BWO enth\u00e4lt einen Membranschutzmechanismus ohne zus\u00e4tzliche Kosten f\u00fcr die Installation.<\/li>\r\n<li>BWO-Mischventile sorgen f\u00fcr Einsparungen bei der <a href=\"https:\/\/www.babcock-wanson.com\/de\/produkt-kategorie\/industrielle-wasseraufbereitung\/\" target=\"_blank\" rel=\"noopener\">Wasseraufbereitung<\/a>.<\/li>\r\n<\/ul>\r\n<h3>Umweltfreundlich<\/h3>\r\n<ul>\r\n<li>Die BWO-Demineralisierung durch Umkehrosmose gew\u00e4hrleistet eine effiziente Nutzung der Ressourcen, eine einfache Wartung und die Einhaltung von Umweltstandards.<\/li>\r\n<li>BWO hat aufgrund des Verzichts auf chemische Reagenzien geringe Umweltauswirkungen.<\/li>\r\n<\/ul>\r\n<h2>Demineralisierung durch Umkehrosmose<\/h2>\r\n<h3>Vertikales Modell<\/h3>\r\n<table>\r\n<tbody>\r\n<tr>\r\n<th>Modell<\/th>\r\n<th>Modell<\/th>\r\n<th>BWOV 600<\/th>\r\n<th>BWOV 900<\/th>\r\n<th>BWOV 1500<\/th>\r\n<th>BWOV 2100<\/th>\r\n<th>BWOV 3000<\/th>\r\n<th>BWOV 4500<\/th>\r\n<th>BWOV 5500<\/th>\r\n<\/tr>\r\n<tr>\r\n<th>Permeatrate bei 15 \u00b0C<\/th>\r\n<th>l\/h<\/th>\r\n<td>600<\/td>\r\n<td>900<\/td>\r\n<td>1500<\/td>\r\n<td>2100<\/td>\r\n<td>3000<\/td>\r\n<td>4500<\/td>\r\n<td>5500<\/td>\r\n<\/tr>\r\n<tr>\r\n<th>Zufuhrrate<\/th>\r\n<th>l\/h<\/th>\r\n<td>800<\/td>\r\n<td>1200<\/td>\r\n<td>2000<\/td>\r\n<td>2800<\/td>\r\n<td>4000<\/td>\r\n<td>6000<\/td>\r\n<td>7333<\/td>\r\n<\/tr>\r\n<tr>\r\n<th>Breite<\/th>\r\n<th>mm<\/th>\r\n<td>900<\/td>\r\n<td>900<\/td>\r\n<td>1700<\/td>\r\n<td>1700<\/td>\r\n<td>1500<\/td>\r\n<td>1500<\/td>\r\n<td>1500<\/td>\r\n<\/tr>\r\n<tr>\r\n<th>L\u00e4nge<\/th>\r\n<th>mm<\/th>\r\n<td>560<\/td>\r\n<td>560<\/td>\r\n<td>560<\/td>\r\n<td>560<\/td>\r\n<td>1100<\/td>\r\n<td>1100<\/td>\r\n<td>1100<\/td>\r\n<\/tr>\r\n<tr>\r\n<th>H\u00f6he<\/th>\r\n<th>mm<\/th>\r\n<td>1500<\/td>\r\n<td>1500<\/td>\r\n<td>1700<\/td>\r\n<td>1700<\/td>\r\n<td>2100<\/td>\r\n<td>2100<\/td>\r\n<td>2100<\/td>\r\n<\/tr>\r\n<\/tbody>\r\n<\/table>\r\n<h3>Horizontales Modell<\/h3>\r\n<table>\r\n<tbody>\r\n<tr>\r\n<th>Modell<\/th>\r\n<th>\u00a0<\/th>\r\n<th>BWOH 3000<\/th>\r\n<th>BWOH 3500<\/th>\r\n<th>BWOH 4500<\/th>\r\n<th>BWOH 5500<\/th>\r\n<th>BWOH 7500<\/th>\r\n<th>BWOH 10000<\/th>\r\n<\/tr>\r\n<tr>\r\n<th>Permeatrate bei 15 \u00b0C<\/th>\r\n<th>l\/h<\/th>\r\n<td>3000<\/td>\r\n<td>3500<\/td>\r\n<td>4500<\/td>\r\n<td>5500<\/td>\r\n<td>7500<\/td>\r\n<td>10000<\/td>\r\n<\/tr>\r\n<tr>\r\n<th>Zufuhrrate<\/th>\r\n<th>l\/h<\/th>\r\n<td>4000<\/td>\r\n<td>4667<\/td>\r\n<td>6000<\/td>\r\n<td>7333<\/td>\r\n<td>10000<\/td>\r\n<td>13333<\/td>\r\n<\/tr>\r\n<tr>\r\n<th>Breite<\/th>\r\n<th>mm<\/th>\r\n<td>2600<\/td>\r\n<td>3600<\/td>\r\n<td>3600<\/td>\r\n<td>3000<\/td>\r\n<td>3000<\/td>\r\n<td>3000<\/td>\r\n<\/tr>\r\n<tr>\r\n<th>L\u00e4nge<\/th>\r\n<th>mm<\/th>\r\n<td>600<\/td>\r\n<td>600<\/td>\r\n<td>600<\/td>\r\n<td>1000<\/td>\r\n<td>1000<\/td>\r\n<td>1000<\/td>\r\n<\/tr>\r\n<tr>\r\n<th>H\u00f6he<\/th>\r\n<th>mm<\/th>\r\n<td>1600<\/td>\r\n<td>1600<\/td>\r\n<td>1600<\/td>\r\n<td>2100<\/td>\r\n<td>2100<\/td>\r\n<td>2100<\/td>\r\n<\/tr>\r\n<\/tbody>\r\n<\/table>\r\n<\/div><!-- .vgblk-rw-wrapper -->","protected":false},"excerpt":{"rendered":"<p><strong>Standard: Permeatdurchfluss von 600 bis 10.000 Liter pro Stunde <\/strong> <strong>Spezifisch: Auf Ihre Anforderungen zugeschnitten<\/strong> Die BWO-Demineralisierung durch Umkehrosmose ist eine Wasseraufbereitungstechnologie, bei der semi-selektive Membranen und ein externer Druck verwendet werden, um den nat\u00fcrlichen Fluss des reinen L\u00f6sungsmittels umzukehren. BWO wurde entwickelt, um viele Arten von gel\u00f6sten und suspendierten Stoffen wie Ionen, Molek\u00fcle, Bakterien oder gr\u00f6\u00dfere Partikel effektiv aus dem Wasser zu entfernen. Es verwendet Membranen mit geringem Energieverbrauch und umfasst vollautomatische Ausr\u00fcstung und eine konfigurierbare SPS (Speicherprogrammierbare Steuerung) f\u00fcr das Sicherheits- und Warnmanagement. Babcock Wanson hat eine breite Palette von Umkehrosmose-Ausr\u00fcstungen entwickelt, die es erm\u00f6glichen, die Anforderungen verschiedener Industriezweige zu erf\u00fcllen und zu optimieren. Die Standardreihe bietet einen Permeatdurchfluss von 600 bis 10.000 Litern pro Stunde. Unser spezifisches Sortiment ist auf Ihre Anforderungen zugeschnitten.<\/p>\n","protected":false},"featured_media":50264,"comment_status":"closed","ping_status":"closed","template":"","meta":{"_acf_changed":false,"_relevanssi_hide_post":"","_relevanssi_hide_content":"","_relevanssi_pin_for_all":"","_relevanssi_pin_keywords":"","_relevanssi_unpin_keywords":"","_relevanssi_related_keywords":"","_relevanssi_related_include_ids":"","_relevanssi_related_exclude_ids":"","_relevanssi_related_no_append":"","_relevanssi_related_not_related":"","_relevanssi_related_posts":"","_relevanssi_noindex_reason":""},"product_brand":[],"product_cat":[6528],"product_tag":[],"class_list":{"0":"post-50257","1":"product","2":"type-product","3":"status-publish","4":"has-post-thumbnail","6":"product_cat-industrielle-wasseraufbereitung","8":"first","9":"instock","10":"shipping-taxable","11":"product-type-simple"},"acf":[],"yoast_head":"<!-- This site is optimized with the Yoast SEO Premium plugin v27.4 (Yoast SEO v27.4) - https:\/\/yoast.com\/product\/yoast-seo-premium-wordpress\/ -->\n<title>Demineralisierung durch Umkehrosmose - Babcock Wanson<\/title>\n<meta name=\"description\" content=\"Die Demineralisierung durch Umkehrosmose ist eine Wasseraufbereitungstechnologie, bei der halbselektive Membranen und ein externer Druck verwendet werden. Klicken Sie hier zur Ansicht\" \/>\n<meta name=\"robots\" content=\"index, follow, max-snippet:-1, max-image-preview:large, max-video-preview:-1\" \/>\n<link rel=\"canonical\" href=\"https:\/\/www.babcock-wanson.com\/de\/products\/industrielle-wasseraufbereitung\/demineralisierung-durch-umkehrosmose\/\" \/>\n<meta property=\"og:locale\" content=\"de_DE\" \/>\n<meta property=\"og:type\" content=\"article\" \/>\n<meta property=\"og:title\" content=\"Demineralisierung durch Umkehrosmose\" \/>\n<meta property=\"og:description\" content=\"Die Demineralisierung durch Umkehrosmose ist eine Wasseraufbereitungstechnologie, bei der halbselektive Membranen und ein externer Druck verwendet werden. Klicken Sie hier zur Ansicht\" \/>\n<meta property=\"og:url\" content=\"https:\/\/www.babcock-wanson.com\/de\/products\/industrielle-wasseraufbereitung\/demineralisierung-durch-umkehrosmose\/\" \/>\n<meta property=\"og:site_name\" content=\"Babcock Wanson\" \/>\n<meta property=\"article:modified_time\" content=\"2025-04-14T14:24:12+00:00\" \/>\n<meta property=\"og:image\" content=\"https:\/\/www.babcock-wanson.com\/wp-content\/uploads\/2018\/09\/demineralisation-by-reverse-osmosis-2.jpg\" \/>\n\t<meta property=\"og:image:width\" content=\"600\" \/>\n\t<meta property=\"og:image:height\" content=\"400\" \/>\n\t<meta property=\"og:image:type\" content=\"image\/jpeg\" \/>\n<meta name=\"twitter:card\" content=\"summary_large_image\" \/>\n<meta name=\"twitter:label1\" content=\"Est. reading time\" \/>\n\t<meta name=\"twitter:data1\" content=\"3 Minuten\" \/>\n<script type=\"application\/ld+json\" class=\"yoast-schema-graph\">{\"@context\":\"https:\\\/\\\/schema.org\",\"@graph\":[{\"@type\":\"WebPage\",\"@id\":\"https:\\\/\\\/www.babcock-wanson.com\\\/de\\\/products\\\/industrielle-wasseraufbereitung\\\/demineralisierung-durch-umkehrosmose\\\/\",\"url\":\"https:\\\/\\\/www.babcock-wanson.com\\\/de\\\/products\\\/industrielle-wasseraufbereitung\\\/demineralisierung-durch-umkehrosmose\\\/\",\"name\":\"Demineralisierung durch Umkehrosmose - Babcock Wanson\",\"isPartOf\":{\"@id\":\"https:\\\/\\\/www.babcock-wanson.com\\\/de\\\/#website\"},\"primaryImageOfPage\":{\"@id\":\"https:\\\/\\\/www.babcock-wanson.com\\\/de\\\/products\\\/industrielle-wasseraufbereitung\\\/demineralisierung-durch-umkehrosmose\\\/#primaryimage\"},\"image\":{\"@id\":\"https:\\\/\\\/www.babcock-wanson.com\\\/de\\\/products\\\/industrielle-wasseraufbereitung\\\/demineralisierung-durch-umkehrosmose\\\/#primaryimage\"},\"thumbnailUrl\":\"https:\\\/\\\/www.babcock-wanson.com\\\/wp-content\\\/uploads\\\/2018\\\/09\\\/demineralisation-by-reverse-osmosis-2.jpg\",\"datePublished\":\"2025-01-17T09:34:05+00:00\",\"dateModified\":\"2025-04-14T14:24:12+00:00\",\"description\":\"Die Demineralisierung durch Umkehrosmose ist eine Wasseraufbereitungstechnologie, bei der halbselektive Membranen und ein externer Druck verwendet werden. Klicken Sie hier zur Ansicht\",\"breadcrumb\":{\"@id\":\"https:\\\/\\\/www.babcock-wanson.com\\\/de\\\/products\\\/industrielle-wasseraufbereitung\\\/demineralisierung-durch-umkehrosmose\\\/#breadcrumb\"},\"inLanguage\":\"de-DE\",\"potentialAction\":[{\"@type\":\"ReadAction\",\"target\":[\"https:\\\/\\\/www.babcock-wanson.com\\\/de\\\/products\\\/industrielle-wasseraufbereitung\\\/demineralisierung-durch-umkehrosmose\\\/\"]}]},{\"@type\":\"ImageObject\",\"inLanguage\":\"de-DE\",\"@id\":\"https:\\\/\\\/www.babcock-wanson.com\\\/de\\\/products\\\/industrielle-wasseraufbereitung\\\/demineralisierung-durch-umkehrosmose\\\/#primaryimage\",\"url\":\"https:\\\/\\\/www.babcock-wanson.com\\\/wp-content\\\/uploads\\\/2018\\\/09\\\/demineralisation-by-reverse-osmosis-2.jpg\",\"contentUrl\":\"https:\\\/\\\/www.babcock-wanson.com\\\/wp-content\\\/uploads\\\/2018\\\/09\\\/demineralisation-by-reverse-osmosis-2.jpg\",\"width\":600,\"height\":400},{\"@type\":\"BreadcrumbList\",\"@id\":\"https:\\\/\\\/www.babcock-wanson.com\\\/de\\\/products\\\/industrielle-wasseraufbereitung\\\/demineralisierung-durch-umkehrosmose\\\/#breadcrumb\",\"itemListElement\":[{\"@type\":\"ListItem\",\"position\":1,\"name\":\"Inicio\",\"item\":\"https:\\\/\\\/www.babcock-wanson.com\\\/de\\\/\"},{\"@type\":\"ListItem\",\"position\":2,\"name\":\"Produkte\",\"item\":\"https:\\\/\\\/www.babcock-wanson.com\\\/de\\\/shop\\\/\"},{\"@type\":\"ListItem\",\"position\":3,\"name\":\"Industrielle Wasseraufbereitung\",\"item\":\"https:\\\/\\\/www.babcock-wanson.com\\\/de\\\/produkt-kategorie\\\/industrielle-wasseraufbereitung\\\/\"},{\"@type\":\"ListItem\",\"position\":4,\"name\":\"Demineralisierung durch Umkehrosmose\"}]},{\"@type\":\"WebSite\",\"@id\":\"https:\\\/\\\/www.babcock-wanson.com\\\/de\\\/#website\",\"url\":\"https:\\\/\\\/www.babcock-wanson.com\\\/de\\\/\",\"name\":\"Babcock Wanson\",\"description\":\"\",\"publisher\":{\"@id\":\"https:\\\/\\\/www.babcock-wanson.com\\\/de\\\/#organization\"},\"potentialAction\":[{\"@type\":\"SearchAction\",\"target\":{\"@type\":\"EntryPoint\",\"urlTemplate\":\"https:\\\/\\\/www.babcock-wanson.com\\\/de\\\/?s={search_term_string}\"},\"query-input\":{\"@type\":\"PropertyValueSpecification\",\"valueRequired\":true,\"valueName\":\"search_term_string\"}}],\"inLanguage\":\"de-DE\"},{\"@type\":\"Organization\",\"@id\":\"https:\\\/\\\/www.babcock-wanson.com\\\/de\\\/#organization\",\"name\":\"Babcock Wanson\",\"url\":\"https:\\\/\\\/www.babcock-wanson.com\\\/de\\\/\",\"logo\":{\"@type\":\"ImageObject\",\"inLanguage\":\"de-DE\",\"@id\":\"https:\\\/\\\/www.babcock-wanson.com\\\/de\\\/#\\\/schema\\\/logo\\\/image\\\/\",\"url\":\"https:\\\/\\\/www.babcock-wanson.com\\\/wp-content\\\/uploads\\\/2024\\\/02\\\/Babcock-Wanson-1200x1200-1.png\",\"contentUrl\":\"https:\\\/\\\/www.babcock-wanson.com\\\/wp-content\\\/uploads\\\/2024\\\/02\\\/Babcock-Wanson-1200x1200-1.png\",\"width\":1200,\"height\":1200,\"caption\":\"Babcock Wanson\"},\"image\":{\"@id\":\"https:\\\/\\\/www.babcock-wanson.com\\\/de\\\/#\\\/schema\\\/logo\\\/image\\\/\"},\"sameAs\":[\"https:\\\/\\\/www.linkedin.com\\\/company\\\/babcock-wanson\\\/\",\"https:\\\/\\\/www.youtube.com\\\/channel\\\/UCtxl25VieBBsP2kYmtlyv7A\"]}]}<\/script>\n<!-- \/ Yoast SEO Premium plugin. -->","yoast_head_json":{"title":"Demineralisierung durch Umkehrosmose - Babcock Wanson","description":"Die Demineralisierung durch Umkehrosmose ist eine Wasseraufbereitungstechnologie, bei der halbselektive Membranen und ein externer Druck verwendet werden. Klicken Sie hier zur Ansicht","robots":{"index":"index","follow":"follow","max-snippet":"max-snippet:-1","max-image-preview":"max-image-preview:large","max-video-preview":"max-video-preview:-1"},"canonical":"https:\/\/www.babcock-wanson.com\/de\/products\/industrielle-wasseraufbereitung\/demineralisierung-durch-umkehrosmose\/","og_locale":"de_DE","og_type":"article","og_title":"Demineralisierung durch Umkehrosmose","og_description":"Die Demineralisierung durch Umkehrosmose ist eine Wasseraufbereitungstechnologie, bei der halbselektive Membranen und ein externer Druck verwendet werden. Klicken Sie hier zur Ansicht","og_url":"https:\/\/www.babcock-wanson.com\/de\/products\/industrielle-wasseraufbereitung\/demineralisierung-durch-umkehrosmose\/","og_site_name":"Babcock Wanson","article_modified_time":"2025-04-14T14:24:12+00:00","og_image":[{"width":600,"height":400,"url":"https:\/\/www.babcock-wanson.com\/wp-content\/uploads\/2018\/09\/demineralisation-by-reverse-osmosis-2.jpg","type":"image\/jpeg"}],"twitter_card":"summary_large_image","twitter_misc":{"Est. reading time":"3 Minuten"},"schema":{"@context":"https:\/\/schema.org","@graph":[{"@type":"WebPage","@id":"https:\/\/www.babcock-wanson.com\/de\/products\/industrielle-wasseraufbereitung\/demineralisierung-durch-umkehrosmose\/","url":"https:\/\/www.babcock-wanson.com\/de\/products\/industrielle-wasseraufbereitung\/demineralisierung-durch-umkehrosmose\/","name":"Demineralisierung durch Umkehrosmose - Babcock Wanson","isPartOf":{"@id":"https:\/\/www.babcock-wanson.com\/de\/#website"},"primaryImageOfPage":{"@id":"https:\/\/www.babcock-wanson.com\/de\/products\/industrielle-wasseraufbereitung\/demineralisierung-durch-umkehrosmose\/#primaryimage"},"image":{"@id":"https:\/\/www.babcock-wanson.com\/de\/products\/industrielle-wasseraufbereitung\/demineralisierung-durch-umkehrosmose\/#primaryimage"},"thumbnailUrl":"https:\/\/www.babcock-wanson.com\/wp-content\/uploads\/2018\/09\/demineralisation-by-reverse-osmosis-2.jpg","datePublished":"2025-01-17T09:34:05+00:00","dateModified":"2025-04-14T14:24:12+00:00","description":"Die Demineralisierung durch Umkehrosmose ist eine Wasseraufbereitungstechnologie, bei der halbselektive Membranen und ein externer Druck verwendet werden. Klicken Sie hier zur Ansicht","breadcrumb":{"@id":"https:\/\/www.babcock-wanson.com\/de\/products\/industrielle-wasseraufbereitung\/demineralisierung-durch-umkehrosmose\/#breadcrumb"},"inLanguage":"de-DE","potentialAction":[{"@type":"ReadAction","target":["https:\/\/www.babcock-wanson.com\/de\/products\/industrielle-wasseraufbereitung\/demineralisierung-durch-umkehrosmose\/"]}]},{"@type":"ImageObject","inLanguage":"de-DE","@id":"https:\/\/www.babcock-wanson.com\/de\/products\/industrielle-wasseraufbereitung\/demineralisierung-durch-umkehrosmose\/#primaryimage","url":"https:\/\/www.babcock-wanson.com\/wp-content\/uploads\/2018\/09\/demineralisation-by-reverse-osmosis-2.jpg","contentUrl":"https:\/\/www.babcock-wanson.com\/wp-content\/uploads\/2018\/09\/demineralisation-by-reverse-osmosis-2.jpg","width":600,"height":400},{"@type":"BreadcrumbList","@id":"https:\/\/www.babcock-wanson.com\/de\/products\/industrielle-wasseraufbereitung\/demineralisierung-durch-umkehrosmose\/#breadcrumb","itemListElement":[{"@type":"ListItem","position":1,"name":"Inicio","item":"https:\/\/www.babcock-wanson.com\/de\/"},{"@type":"ListItem","position":2,"name":"Produkte","item":"https:\/\/www.babcock-wanson.com\/de\/shop\/"},{"@type":"ListItem","position":3,"name":"Industrielle Wasseraufbereitung","item":"https:\/\/www.babcock-wanson.com\/de\/produkt-kategorie\/industrielle-wasseraufbereitung\/"},{"@type":"ListItem","position":4,"name":"Demineralisierung durch Umkehrosmose"}]},{"@type":"WebSite","@id":"https:\/\/www.babcock-wanson.com\/de\/#website","url":"https:\/\/www.babcock-wanson.com\/de\/","name":"Babcock Wanson","description":"","publisher":{"@id":"https:\/\/www.babcock-wanson.com\/de\/#organization"},"potentialAction":[{"@type":"SearchAction","target":{"@type":"EntryPoint","urlTemplate":"https:\/\/www.babcock-wanson.com\/de\/?s={search_term_string}"},"query-input":{"@type":"PropertyValueSpecification","valueRequired":true,"valueName":"search_term_string"}}],"inLanguage":"de-DE"},{"@type":"Organization","@id":"https:\/\/www.babcock-wanson.com\/de\/#organization","name":"Babcock Wanson","url":"https:\/\/www.babcock-wanson.com\/de\/","logo":{"@type":"ImageObject","inLanguage":"de-DE","@id":"https:\/\/www.babcock-wanson.com\/de\/#\/schema\/logo\/image\/","url":"https:\/\/www.babcock-wanson.com\/wp-content\/uploads\/2024\/02\/Babcock-Wanson-1200x1200-1.png","contentUrl":"https:\/\/www.babcock-wanson.com\/wp-content\/uploads\/2024\/02\/Babcock-Wanson-1200x1200-1.png","width":1200,"height":1200,"caption":"Babcock Wanson"},"image":{"@id":"https:\/\/www.babcock-wanson.com\/de\/#\/schema\/logo\/image\/"},"sameAs":["https:\/\/www.linkedin.com\/company\/babcock-wanson\/","https:\/\/www.youtube.com\/channel\/UCtxl25VieBBsP2kYmtlyv7A"]}]}},"jetpack_sharing_enabled":true,"_links":{"self":[{"href":"https:\/\/www.babcock-wanson.com\/de\/wp-json\/wp\/v2\/product\/50257","targetHints":{"allow":["GET"]}}],"collection":[{"href":"https:\/\/www.babcock-wanson.com\/de\/wp-json\/wp\/v2\/product"}],"about":[{"href":"https:\/\/www.babcock-wanson.com\/de\/wp-json\/wp\/v2\/types\/product"}],"replies":[{"embeddable":true,"href":"https:\/\/www.babcock-wanson.com\/de\/wp-json\/wp\/v2\/comments?post=50257"}],"wp:featuredmedia":[{"embeddable":true,"href":"https:\/\/www.babcock-wanson.com\/de\/wp-json\/wp\/v2\/media\/50264"}],"wp:attachment":[{"href":"https:\/\/www.babcock-wanson.com\/de\/wp-json\/wp\/v2\/media?parent=50257"}],"wp:term":[{"taxonomy":"product_brand","embeddable":true,"href":"https:\/\/www.babcock-wanson.com\/de\/wp-json\/wp\/v2\/product_brand?post=50257"},{"taxonomy":"product_cat","embeddable":true,"href":"https:\/\/www.babcock-wanson.com\/de\/wp-json\/wp\/v2\/product_cat?post=50257"},{"taxonomy":"product_tag","embeddable":true,"href":"https:\/\/www.babcock-wanson.com\/de\/wp-json\/wp\/v2\/product_tag?post=50257"}],"curies":[{"name":"wp","href":"https:\/\/api.w.org\/{rel}","templated":true}]}}