{"id":50258,"date":"2019-02-11T15:39:42","date_gmt":"2025-01-17T09:34:05","guid":{"rendered":"https:\/\/www.babcock-wanson.com\/products\/unkategorisiert\/lnta-ta\/"},"modified":"2025-04-14T11:36:50","modified_gmt":"2025-04-14T10:36:50","slug":"lnta-ta","status":"publish","type":"product","link":"https:\/\/www.babcock-wanson.com\/de\/products\/industriebrenner\/lnta-ta\/","title":{"rendered":"LNTA &amp; TA"},"content":{"rendered":"<div class=\"vgblk-rw-wrapper limit-wrapper\">\r\n<h3>Industriebrenner LNTA &amp; TA<\/h3>\r\n<ul>\r\n<li>Verf\u00fcgbare Brennstoffe: Erdgas, Fl\u00fcssiggas, Schwer\u00f6l, mittlere und schwere Heiz\u00f6le und andere spezifische Brennstoffe auf Anfrage.<\/li>\r\n<li>LNTA: Von 3,5 bis 10,5 MW.<\/li>\r\n<li>TA: von 9 bis 22 MW.<\/li>\r\n<li>LNTA: Vollst\u00e4ndig integriertes Verbrennungsluftgebl\u00e4se und Brennermotor.<\/li>\r\n<li>TA: Unabh\u00e4ngige Verbrennungsluftgebl\u00e4se-Baugruppe bietet flexible Optionen f\u00fcr die Installation in der Anlage.<\/li>\r\n<li>Formgepresstes Aluminiumgeh\u00e4use f\u00fcr geringeres Gewicht.<\/li>\r\n<li>Einfacher Zugang zu allen Brennerkomponenten durch klappbares Brenner\u00f6ffnungssystem.<\/li>\r\n<li>Z\u00fcndung durch Gasz\u00fcnder (Pilot).<\/li>\r\n<li>Flammenausfallkontrolle zur Anpassung an die Anforderungen\/Vorschriften f\u00fcr die Brennstoffauswahl und -kontrolle.<\/li>\r\n<li>Vollst\u00e4ndig digitale Verbrennungsregelung f\u00fcr eine pr\u00e4zise Leistungsanpassung und einen effizienten Betrieb.<\/li>\r\n<li>Digitale Steuerung der Brennerkopfposition f\u00fcr verbesserten Betrieb und geringere Emissionen.<\/li>\r\n<li>Mehrstrahlige Gasverteilung mit integrierter Abgasr\u00fcckf\u00fchrung zur Reduzierung der Stickoxidemissionen.<\/li>\r\n<\/ul>\r\n<\/div><!-- .vgblk-rw-wrapper -->","protected":false},"excerpt":{"rendered":"<p>Die <a href=\"https:\/\/www.babcock-wanson.com\/de\/produkt-kategorie\/industriebrenner\/\" target=\"_blank\" rel=\"noopener\">Gebl\u00e4sebrenner<\/a> der Baureihen LNTA und TA sind Teil der Erfolgsgeschichte von Babcock Wanson auf dem Gebiet der Industriekessel. Dank der kontinuierlichen Verbesserung dieser Baureihen werden sie weiterhin f\u00fcr industrielle Anwendungen (sowohl in Kesseln als auch in Prozessausr\u00fcstungen) gesch\u00e4tzt.<\/p>\n","protected":false},"featured_media":50271,"comment_status":"closed","ping_status":"closed","template":"","meta":{"_acf_changed":false,"_relevanssi_hide_post":"","_relevanssi_hide_content":"","_relevanssi_pin_for_all":"","_relevanssi_pin_keywords":"","_relevanssi_unpin_keywords":"","_relevanssi_related_keywords":"","_relevanssi_related_include_ids":"","_relevanssi_related_exclude_ids":"","_relevanssi_related_no_append":"","_relevanssi_related_not_related":"","_relevanssi_related_posts":"","_relevanssi_noindex_reason":""},"product_brand":[],"product_cat":[6530],"product_tag":[],"class_list":{"0":"post-50258","1":"product","2":"type-product","3":"status-publish","4":"has-post-thumbnail","6":"product_cat-industriebrenner","8":"first","9":"instock","10":"shipping-taxable","11":"product-type-simple"},"acf":[],"yoast_head":"<!-- This site is optimized with the Yoast SEO Premium plugin v27.4 (Yoast SEO v27.4) - https:\/\/yoast.com\/product\/yoast-seo-premium-wordpress\/ -->\n<title>LNTA &amp; TA - Babcock Wanson<\/title>\n<meta name=\"description\" content=\"Die Gebl\u00e4sebrenner der Baureihen LNTA und TA sind Teil der Erfolgsgeschichte von Babcock Wanson auf dem Gebiet der Industriekessel. Besuchen Sie uns, um mehr zu erfahren\" \/>\n<meta name=\"robots\" content=\"index, follow, max-snippet:-1, max-image-preview:large, max-video-preview:-1\" \/>\n<link rel=\"canonical\" href=\"https:\/\/www.babcock-wanson.com\/de\/products\/industriebrenner\/lnta-ta\/\" \/>\n<meta property=\"og:locale\" content=\"de_DE\" \/>\n<meta property=\"og:type\" content=\"article\" \/>\n<meta property=\"og:title\" content=\"LNTA &amp; TA\" \/>\n<meta property=\"og:description\" content=\"Die Gebl\u00e4sebrenner der Baureihen LNTA und TA sind Teil der Erfolgsgeschichte von Babcock Wanson auf dem Gebiet der Industriekessel. Besuchen Sie uns, um mehr zu erfahren\" \/>\n<meta property=\"og:url\" content=\"https:\/\/www.babcock-wanson.com\/de\/products\/industriebrenner\/lnta-ta\/\" \/>\n<meta property=\"og:site_name\" content=\"Babcock Wanson\" \/>\n<meta property=\"article:modified_time\" content=\"2025-04-14T10:36:50+00:00\" \/>\n<meta property=\"og:image\" content=\"https:\/\/www.babcock-wanson.com\/wp-content\/uploads\/2019\/02\/LNTA-TA-5.jpg\" \/>\n\t<meta property=\"og:image:width\" content=\"600\" \/>\n\t<meta property=\"og:image:height\" content=\"400\" \/>\n\t<meta property=\"og:image:type\" content=\"image\/jpeg\" \/>\n<meta name=\"twitter:card\" content=\"summary_large_image\" \/>\n<meta name=\"twitter:label1\" content=\"Est. reading time\" \/>\n\t<meta name=\"twitter:data1\" content=\"2 Minuten\" \/>\n<script type=\"application\/ld+json\" class=\"yoast-schema-graph\">{\"@context\":\"https:\\\/\\\/schema.org\",\"@graph\":[{\"@type\":\"WebPage\",\"@id\":\"https:\\\/\\\/www.babcock-wanson.com\\\/de\\\/products\\\/industriebrenner\\\/lnta-ta\\\/\",\"url\":\"https:\\\/\\\/www.babcock-wanson.com\\\/de\\\/products\\\/industriebrenner\\\/lnta-ta\\\/\",\"name\":\"LNTA &amp; TA - Babcock Wanson\",\"isPartOf\":{\"@id\":\"https:\\\/\\\/www.babcock-wanson.com\\\/de\\\/#website\"},\"primaryImageOfPage\":{\"@id\":\"https:\\\/\\\/www.babcock-wanson.com\\\/de\\\/products\\\/industriebrenner\\\/lnta-ta\\\/#primaryimage\"},\"image\":{\"@id\":\"https:\\\/\\\/www.babcock-wanson.com\\\/de\\\/products\\\/industriebrenner\\\/lnta-ta\\\/#primaryimage\"},\"thumbnailUrl\":\"https:\\\/\\\/www.babcock-wanson.com\\\/wp-content\\\/uploads\\\/2019\\\/02\\\/LNTA-TA-5.jpg\",\"datePublished\":\"2025-01-17T09:34:05+00:00\",\"dateModified\":\"2025-04-14T10:36:50+00:00\",\"description\":\"Die Gebl\u00e4sebrenner der Baureihen LNTA und TA sind Teil der Erfolgsgeschichte von Babcock Wanson auf dem Gebiet der Industriekessel. Besuchen Sie uns, um mehr zu erfahren\",\"breadcrumb\":{\"@id\":\"https:\\\/\\\/www.babcock-wanson.com\\\/de\\\/products\\\/industriebrenner\\\/lnta-ta\\\/#breadcrumb\"},\"inLanguage\":\"de-DE\",\"potentialAction\":[{\"@type\":\"ReadAction\",\"target\":[\"https:\\\/\\\/www.babcock-wanson.com\\\/de\\\/products\\\/industriebrenner\\\/lnta-ta\\\/\"]}]},{\"@type\":\"ImageObject\",\"inLanguage\":\"de-DE\",\"@id\":\"https:\\\/\\\/www.babcock-wanson.com\\\/de\\\/products\\\/industriebrenner\\\/lnta-ta\\\/#primaryimage\",\"url\":\"https:\\\/\\\/www.babcock-wanson.com\\\/wp-content\\\/uploads\\\/2019\\\/02\\\/LNTA-TA-5.jpg\",\"contentUrl\":\"https:\\\/\\\/www.babcock-wanson.com\\\/wp-content\\\/uploads\\\/2019\\\/02\\\/LNTA-TA-5.jpg\",\"width\":600,\"height\":400},{\"@type\":\"BreadcrumbList\",\"@id\":\"https:\\\/\\\/www.babcock-wanson.com\\\/de\\\/products\\\/industriebrenner\\\/lnta-ta\\\/#breadcrumb\",\"itemListElement\":[{\"@type\":\"ListItem\",\"position\":1,\"name\":\"Inicio\",\"item\":\"https:\\\/\\\/www.babcock-wanson.com\\\/de\\\/\"},{\"@type\":\"ListItem\",\"position\":2,\"name\":\"Produkte\",\"item\":\"https:\\\/\\\/www.babcock-wanson.com\\\/de\\\/shop\\\/\"},{\"@type\":\"ListItem\",\"position\":3,\"name\":\"Industriebrenner\",\"item\":\"https:\\\/\\\/www.babcock-wanson.com\\\/de\\\/produkt-kategorie\\\/industriebrenner\\\/\"},{\"@type\":\"ListItem\",\"position\":4,\"name\":\"LNTA &amp; TA\"}]},{\"@type\":\"WebSite\",\"@id\":\"https:\\\/\\\/www.babcock-wanson.com\\\/de\\\/#website\",\"url\":\"https:\\\/\\\/www.babcock-wanson.com\\\/de\\\/\",\"name\":\"Babcock Wanson\",\"description\":\"\",\"publisher\":{\"@id\":\"https:\\\/\\\/www.babcock-wanson.com\\\/de\\\/#organization\"},\"potentialAction\":[{\"@type\":\"SearchAction\",\"target\":{\"@type\":\"EntryPoint\",\"urlTemplate\":\"https:\\\/\\\/www.babcock-wanson.com\\\/de\\\/?s={search_term_string}\"},\"query-input\":{\"@type\":\"PropertyValueSpecification\",\"valueRequired\":true,\"valueName\":\"search_term_string\"}}],\"inLanguage\":\"de-DE\"},{\"@type\":\"Organization\",\"@id\":\"https:\\\/\\\/www.babcock-wanson.com\\\/de\\\/#organization\",\"name\":\"Babcock Wanson\",\"url\":\"https:\\\/\\\/www.babcock-wanson.com\\\/de\\\/\",\"logo\":{\"@type\":\"ImageObject\",\"inLanguage\":\"de-DE\",\"@id\":\"https:\\\/\\\/www.babcock-wanson.com\\\/de\\\/#\\\/schema\\\/logo\\\/image\\\/\",\"url\":\"https:\\\/\\\/www.babcock-wanson.com\\\/wp-content\\\/uploads\\\/2024\\\/02\\\/Babcock-Wanson-1200x1200-1.png\",\"contentUrl\":\"https:\\\/\\\/www.babcock-wanson.com\\\/wp-content\\\/uploads\\\/2024\\\/02\\\/Babcock-Wanson-1200x1200-1.png\",\"width\":1200,\"height\":1200,\"caption\":\"Babcock Wanson\"},\"image\":{\"@id\":\"https:\\\/\\\/www.babcock-wanson.com\\\/de\\\/#\\\/schema\\\/logo\\\/image\\\/\"},\"sameAs\":[\"https:\\\/\\\/www.linkedin.com\\\/company\\\/babcock-wanson\\\/\",\"https:\\\/\\\/www.youtube.com\\\/channel\\\/UCtxl25VieBBsP2kYmtlyv7A\"]}]}<\/script>\n<!-- \/ Yoast SEO Premium plugin. -->","yoast_head_json":{"title":"LNTA &amp; TA - Babcock Wanson","description":"Die Gebl\u00e4sebrenner der Baureihen LNTA und TA sind Teil der Erfolgsgeschichte von Babcock Wanson auf dem Gebiet der Industriekessel. Besuchen Sie uns, um mehr zu erfahren","robots":{"index":"index","follow":"follow","max-snippet":"max-snippet:-1","max-image-preview":"max-image-preview:large","max-video-preview":"max-video-preview:-1"},"canonical":"https:\/\/www.babcock-wanson.com\/de\/products\/industriebrenner\/lnta-ta\/","og_locale":"de_DE","og_type":"article","og_title":"LNTA &amp; TA","og_description":"Die Gebl\u00e4sebrenner der Baureihen LNTA und TA sind Teil der Erfolgsgeschichte von Babcock Wanson auf dem Gebiet der Industriekessel. Besuchen Sie uns, um mehr zu erfahren","og_url":"https:\/\/www.babcock-wanson.com\/de\/products\/industriebrenner\/lnta-ta\/","og_site_name":"Babcock Wanson","article_modified_time":"2025-04-14T10:36:50+00:00","og_image":[{"width":600,"height":400,"url":"https:\/\/www.babcock-wanson.com\/wp-content\/uploads\/2019\/02\/LNTA-TA-5.jpg","type":"image\/jpeg"}],"twitter_card":"summary_large_image","twitter_misc":{"Est. reading time":"2 Minuten"},"schema":{"@context":"https:\/\/schema.org","@graph":[{"@type":"WebPage","@id":"https:\/\/www.babcock-wanson.com\/de\/products\/industriebrenner\/lnta-ta\/","url":"https:\/\/www.babcock-wanson.com\/de\/products\/industriebrenner\/lnta-ta\/","name":"LNTA &amp; TA - Babcock Wanson","isPartOf":{"@id":"https:\/\/www.babcock-wanson.com\/de\/#website"},"primaryImageOfPage":{"@id":"https:\/\/www.babcock-wanson.com\/de\/products\/industriebrenner\/lnta-ta\/#primaryimage"},"image":{"@id":"https:\/\/www.babcock-wanson.com\/de\/products\/industriebrenner\/lnta-ta\/#primaryimage"},"thumbnailUrl":"https:\/\/www.babcock-wanson.com\/wp-content\/uploads\/2019\/02\/LNTA-TA-5.jpg","datePublished":"2025-01-17T09:34:05+00:00","dateModified":"2025-04-14T10:36:50+00:00","description":"Die Gebl\u00e4sebrenner der Baureihen LNTA und TA sind Teil der Erfolgsgeschichte von Babcock Wanson auf dem Gebiet der Industriekessel. Besuchen Sie uns, um mehr zu erfahren","breadcrumb":{"@id":"https:\/\/www.babcock-wanson.com\/de\/products\/industriebrenner\/lnta-ta\/#breadcrumb"},"inLanguage":"de-DE","potentialAction":[{"@type":"ReadAction","target":["https:\/\/www.babcock-wanson.com\/de\/products\/industriebrenner\/lnta-ta\/"]}]},{"@type":"ImageObject","inLanguage":"de-DE","@id":"https:\/\/www.babcock-wanson.com\/de\/products\/industriebrenner\/lnta-ta\/#primaryimage","url":"https:\/\/www.babcock-wanson.com\/wp-content\/uploads\/2019\/02\/LNTA-TA-5.jpg","contentUrl":"https:\/\/www.babcock-wanson.com\/wp-content\/uploads\/2019\/02\/LNTA-TA-5.jpg","width":600,"height":400},{"@type":"BreadcrumbList","@id":"https:\/\/www.babcock-wanson.com\/de\/products\/industriebrenner\/lnta-ta\/#breadcrumb","itemListElement":[{"@type":"ListItem","position":1,"name":"Inicio","item":"https:\/\/www.babcock-wanson.com\/de\/"},{"@type":"ListItem","position":2,"name":"Produkte","item":"https:\/\/www.babcock-wanson.com\/de\/shop\/"},{"@type":"ListItem","position":3,"name":"Industriebrenner","item":"https:\/\/www.babcock-wanson.com\/de\/produkt-kategorie\/industriebrenner\/"},{"@type":"ListItem","position":4,"name":"LNTA &amp; TA"}]},{"@type":"WebSite","@id":"https:\/\/www.babcock-wanson.com\/de\/#website","url":"https:\/\/www.babcock-wanson.com\/de\/","name":"Babcock Wanson","description":"","publisher":{"@id":"https:\/\/www.babcock-wanson.com\/de\/#organization"},"potentialAction":[{"@type":"SearchAction","target":{"@type":"EntryPoint","urlTemplate":"https:\/\/www.babcock-wanson.com\/de\/?s={search_term_string}"},"query-input":{"@type":"PropertyValueSpecification","valueRequired":true,"valueName":"search_term_string"}}],"inLanguage":"de-DE"},{"@type":"Organization","@id":"https:\/\/www.babcock-wanson.com\/de\/#organization","name":"Babcock Wanson","url":"https:\/\/www.babcock-wanson.com\/de\/","logo":{"@type":"ImageObject","inLanguage":"de-DE","@id":"https:\/\/www.babcock-wanson.com\/de\/#\/schema\/logo\/image\/","url":"https:\/\/www.babcock-wanson.com\/wp-content\/uploads\/2024\/02\/Babcock-Wanson-1200x1200-1.png","contentUrl":"https:\/\/www.babcock-wanson.com\/wp-content\/uploads\/2024\/02\/Babcock-Wanson-1200x1200-1.png","width":1200,"height":1200,"caption":"Babcock Wanson"},"image":{"@id":"https:\/\/www.babcock-wanson.com\/de\/#\/schema\/logo\/image\/"},"sameAs":["https:\/\/www.linkedin.com\/company\/babcock-wanson\/","https:\/\/www.youtube.com\/channel\/UCtxl25VieBBsP2kYmtlyv7A"]}]}},"jetpack_sharing_enabled":true,"_links":{"self":[{"href":"https:\/\/www.babcock-wanson.com\/de\/wp-json\/wp\/v2\/product\/50258","targetHints":{"allow":["GET"]}}],"collection":[{"href":"https:\/\/www.babcock-wanson.com\/de\/wp-json\/wp\/v2\/product"}],"about":[{"href":"https:\/\/www.babcock-wanson.com\/de\/wp-json\/wp\/v2\/types\/product"}],"replies":[{"embeddable":true,"href":"https:\/\/www.babcock-wanson.com\/de\/wp-json\/wp\/v2\/comments?post=50258"}],"wp:featuredmedia":[{"embeddable":true,"href":"https:\/\/www.babcock-wanson.com\/de\/wp-json\/wp\/v2\/media\/50271"}],"wp:attachment":[{"href":"https:\/\/www.babcock-wanson.com\/de\/wp-json\/wp\/v2\/media?parent=50258"}],"wp:term":[{"taxonomy":"product_brand","embeddable":true,"href":"https:\/\/www.babcock-wanson.com\/de\/wp-json\/wp\/v2\/product_brand?post=50258"},{"taxonomy":"product_cat","embeddable":true,"href":"https:\/\/www.babcock-wanson.com\/de\/wp-json\/wp\/v2\/product_cat?post=50258"},{"taxonomy":"product_tag","embeddable":true,"href":"https:\/\/www.babcock-wanson.com\/de\/wp-json\/wp\/v2\/product_tag?post=50258"}],"curies":[{"name":"wp","href":"https:\/\/api.w.org\/{rel}","templated":true}]}}