{"id":50278,"date":"2018-09-19T12:36:05","date_gmt":"2025-01-17T09:34:07","guid":{"rendered":"https:\/\/www.babcock-wanson.com\/products\/unkategorisiert\/roto-konzentrator\/"},"modified":"2025-04-14T16:12:54","modified_gmt":"2025-04-14T15:12:54","slug":"roto-konzentrator","status":"publish","type":"product","link":"https:\/\/www.babcock-wanson.com\/de\/products\/thermische-oxidatoren\/roto-konzentrator\/","title":{"rendered":"ROTO-Konzentrator"},"content":{"rendered":"<div class=\"vgblk-rw-wrapper limit-wrapper\">\r\n<h3>Konzeption &amp; Betrieb<\/h3>\r\n<p>Das rotierende Rad verf\u00fcgt \u00fcber eine Wabenstruktur, die aus einer Zeolith-Matrix besteht. Zeolithe sind mikropor\u00f6se Aluminosilikatmaterialien, die eine sehr gro\u00dfe Oberfl\u00e4che f\u00fcr die Adsorption von VOC-Arten bieten. Der Roto-Konzentrator rotiert mit variabler Geschwindigkeit, in Abh\u00e4ngigkeit von den Prozessbedingungen typischerweise mit 1 bis 3 Umdrehungen\/Stunde. 90 bis 95 % der Prozessemissionen flie\u00dfen durch das Roto-Konzentratorrad und weiter zum Kamin, wobei die VOCs vor\u00fcbergehend von den Zeolithen adsorbiert werden. Die restlichen 5-10 % des Emissionsstroms werden erhitzt und durch einen Abschnitt des Roto-Konzentrator-Rads geleitet, wo die W\u00e4rme bewirkt, dass die VOCs aus der Zeolithmatrix desorbieren und nach einer anschlie\u00dfenden Abk\u00fchlphase wieder den erforderlichen Zustand erreichen, um den Zyklus fortzusetzen. Dieser h\u00f6her konzentrierte Strom wird dann mit einem Oxidationsmittel (in der Regel in einem regenerativen Oxidationsmittel, das oft im Auto-Thermal-Betrieb arbeiten kann) behandelt, das dem Rotationskonzentrator nachgeschaltet ist. Dadurch wird der zur Behandlung des gesamten Prozessstroms erforderliche St\u00fctzbrennstoff stark reduziert oder gar eliminiert.<\/p>\r\n<h3>Vorteile<\/h3>\r\n<ul>\r\n<li>Kann ein hohes Volumen an Abluft mit einer Vielzahl von VOCs auf sehr kosteng\u00fcnstige Weise bew\u00e4ltigen<\/li>\r\n<li>Abscheidegrad 98 %<\/li>\r\n<li>Durch die Gl\u00e4ttung von VOC-Konzentrationsspitzen werden sehr zuverl\u00e4ssige Emissionen erzielt<\/li>\r\n<li>Niedriger Energieverbrauch<\/li>\r\n<li>Die Gr\u00f6\u00dfe des regenerativen Oxidationsmittels f\u00fcr den erforderlichen Prozessfluss wird um das Zehnfache oder mehr reduziert<\/li>\r\n<li>Langlebige Radkonstruktion (kein regelm\u00e4\u00dfiger Austausch erforderlich)<\/li>\r\n<li>Benutzerfreundliches Betriebssystem<\/li>\r\n<li>Niedrige Wartungskosten<\/li>\r\n<li>Geringerer Platzbedarf im Vergleich zu anderen Technologien zur Behandlung desselben Prozessflusses<\/li>\r\n<\/ul>\r\n<\/div><!-- .vgblk-rw-wrapper -->","protected":false},"excerpt":{"rendered":"<p>Typische Aufgabe ist die Behandlung von Prozessstr\u00f6men zwischen 25.000 und 300.000 Nm3\/h mit geringem VOC-Gehalt. Ein Roto-Konzentrator ist ein mit Zeolith beladenes rotierendes Rad, das fl\u00fcchtige organische Verbindungen vor\u00fcbergehend an der Matrix adsorbiert und sie so aus dem Abfluss entfernt. Dadurch entsteht ein VOC-reicher Strom mit viel geringerer Durchflussrate, der mit herk\u00f6mmlichen Oxidationstechniken behandelt werden kann. Er ist einfach zu bedienen, sehr effektiv bei der Reduzierung von VOC-Emissionen, sicher und im Vergleich zu anderen Technologien wie der Aktivkohlefiltration \u00e4u\u00dferst kosteng\u00fcnstig.<\/p>\n","protected":false},"featured_media":50279,"comment_status":"closed","ping_status":"closed","template":"","meta":{"_acf_changed":false,"_relevanssi_hide_post":"","_relevanssi_hide_content":"","_relevanssi_pin_for_all":"","_relevanssi_pin_keywords":"","_relevanssi_unpin_keywords":"","_relevanssi_related_keywords":"","_relevanssi_related_include_ids":"","_relevanssi_related_exclude_ids":"","_relevanssi_related_no_append":"","_relevanssi_related_not_related":"","_relevanssi_related_posts":"","_relevanssi_noindex_reason":""},"product_brand":[],"product_cat":[6527],"product_tag":[],"class_list":{"0":"post-50278","1":"product","2":"type-product","3":"status-publish","4":"has-post-thumbnail","6":"product_cat-thermische-oxidatoren","8":"first","9":"instock","10":"shipping-taxable","11":"product-type-simple"},"acf":[],"yoast_head":"<!-- This site is optimized with the Yoast SEO Premium plugin v27.4 (Yoast SEO v27.4) - https:\/\/yoast.com\/product\/yoast-seo-premium-wordpress\/ -->\n<title>ROTO-Konzentrator - Babcock Wanson<\/title>\n<meta name=\"description\" content=\"Ein Roto-Konzentrator ist einfach zu bedienen, sehr effektiv bei der Reduzierung von VOC-Emissionen, sicher und im Vergleich zu anderen Technologien \u00e4u\u00dferst kosteng\u00fcnstig.\" \/>\n<meta name=\"robots\" content=\"index, follow, max-snippet:-1, max-image-preview:large, max-video-preview:-1\" \/>\n<link rel=\"canonical\" href=\"https:\/\/www.babcock-wanson.com\/de\/products\/thermische-oxidatoren\/roto-konzentrator\/\" \/>\n<meta property=\"og:locale\" content=\"de_DE\" \/>\n<meta property=\"og:type\" content=\"article\" \/>\n<meta property=\"og:title\" content=\"ROTO-Konzentrator\" \/>\n<meta property=\"og:description\" content=\"Ein Roto-Konzentrator ist einfach zu bedienen, sehr effektiv bei der Reduzierung von VOC-Emissionen, sicher und im Vergleich zu anderen Technologien \u00e4u\u00dferst kosteng\u00fcnstig.\" \/>\n<meta property=\"og:url\" content=\"https:\/\/www.babcock-wanson.com\/de\/products\/thermische-oxidatoren\/roto-konzentrator\/\" \/>\n<meta property=\"og:site_name\" content=\"Babcock Wanson\" \/>\n<meta property=\"article:modified_time\" content=\"2025-04-14T15:12:54+00:00\" \/>\n<meta property=\"og:image\" content=\"https:\/\/www.babcock-wanson.com\/wp-content\/uploads\/2018\/09\/roto-concentrator-2.png\" \/>\n\t<meta property=\"og:image:width\" content=\"600\" \/>\n\t<meta property=\"og:image:height\" content=\"400\" \/>\n\t<meta property=\"og:image:type\" content=\"image\/png\" \/>\n<meta name=\"twitter:card\" content=\"summary_large_image\" \/>\n<meta name=\"twitter:label1\" content=\"Est. reading time\" \/>\n\t<meta name=\"twitter:data1\" content=\"2 Minuten\" \/>\n<script type=\"application\/ld+json\" class=\"yoast-schema-graph\">{\"@context\":\"https:\\\/\\\/schema.org\",\"@graph\":[{\"@type\":\"WebPage\",\"@id\":\"https:\\\/\\\/www.babcock-wanson.com\\\/de\\\/products\\\/thermische-oxidatoren\\\/roto-konzentrator\\\/\",\"url\":\"https:\\\/\\\/www.babcock-wanson.com\\\/de\\\/products\\\/thermische-oxidatoren\\\/roto-konzentrator\\\/\",\"name\":\"ROTO-Konzentrator - Babcock Wanson\",\"isPartOf\":{\"@id\":\"https:\\\/\\\/www.babcock-wanson.com\\\/de\\\/#website\"},\"primaryImageOfPage\":{\"@id\":\"https:\\\/\\\/www.babcock-wanson.com\\\/de\\\/products\\\/thermische-oxidatoren\\\/roto-konzentrator\\\/#primaryimage\"},\"image\":{\"@id\":\"https:\\\/\\\/www.babcock-wanson.com\\\/de\\\/products\\\/thermische-oxidatoren\\\/roto-konzentrator\\\/#primaryimage\"},\"thumbnailUrl\":\"https:\\\/\\\/www.babcock-wanson.com\\\/wp-content\\\/uploads\\\/2018\\\/09\\\/roto-concentrator-2.png\",\"datePublished\":\"2025-01-17T09:34:07+00:00\",\"dateModified\":\"2025-04-14T15:12:54+00:00\",\"description\":\"Ein Roto-Konzentrator ist einfach zu bedienen, sehr effektiv bei der Reduzierung von VOC-Emissionen, sicher und im Vergleich zu anderen Technologien \u00e4u\u00dferst kosteng\u00fcnstig.\",\"breadcrumb\":{\"@id\":\"https:\\\/\\\/www.babcock-wanson.com\\\/de\\\/products\\\/thermische-oxidatoren\\\/roto-konzentrator\\\/#breadcrumb\"},\"inLanguage\":\"de-DE\",\"potentialAction\":[{\"@type\":\"ReadAction\",\"target\":[\"https:\\\/\\\/www.babcock-wanson.com\\\/de\\\/products\\\/thermische-oxidatoren\\\/roto-konzentrator\\\/\"]}]},{\"@type\":\"ImageObject\",\"inLanguage\":\"de-DE\",\"@id\":\"https:\\\/\\\/www.babcock-wanson.com\\\/de\\\/products\\\/thermische-oxidatoren\\\/roto-konzentrator\\\/#primaryimage\",\"url\":\"https:\\\/\\\/www.babcock-wanson.com\\\/wp-content\\\/uploads\\\/2018\\\/09\\\/roto-concentrator-2.png\",\"contentUrl\":\"https:\\\/\\\/www.babcock-wanson.com\\\/wp-content\\\/uploads\\\/2018\\\/09\\\/roto-concentrator-2.png\",\"width\":600,\"height\":400},{\"@type\":\"BreadcrumbList\",\"@id\":\"https:\\\/\\\/www.babcock-wanson.com\\\/de\\\/products\\\/thermische-oxidatoren\\\/roto-konzentrator\\\/#breadcrumb\",\"itemListElement\":[{\"@type\":\"ListItem\",\"position\":1,\"name\":\"Inicio\",\"item\":\"https:\\\/\\\/www.babcock-wanson.com\\\/de\\\/\"},{\"@type\":\"ListItem\",\"position\":2,\"name\":\"Produkte\",\"item\":\"https:\\\/\\\/www.babcock-wanson.com\\\/de\\\/shop\\\/\"},{\"@type\":\"ListItem\",\"position\":3,\"name\":\"Thermische Oxidatoren\",\"item\":\"https:\\\/\\\/www.babcock-wanson.com\\\/de\\\/produkt-kategorie\\\/thermische-oxidatoren\\\/\"},{\"@type\":\"ListItem\",\"position\":4,\"name\":\"ROTO-Konzentrator\"}]},{\"@type\":\"WebSite\",\"@id\":\"https:\\\/\\\/www.babcock-wanson.com\\\/de\\\/#website\",\"url\":\"https:\\\/\\\/www.babcock-wanson.com\\\/de\\\/\",\"name\":\"Babcock Wanson\",\"description\":\"\",\"publisher\":{\"@id\":\"https:\\\/\\\/www.babcock-wanson.com\\\/de\\\/#organization\"},\"potentialAction\":[{\"@type\":\"SearchAction\",\"target\":{\"@type\":\"EntryPoint\",\"urlTemplate\":\"https:\\\/\\\/www.babcock-wanson.com\\\/de\\\/?s={search_term_string}\"},\"query-input\":{\"@type\":\"PropertyValueSpecification\",\"valueRequired\":true,\"valueName\":\"search_term_string\"}}],\"inLanguage\":\"de-DE\"},{\"@type\":\"Organization\",\"@id\":\"https:\\\/\\\/www.babcock-wanson.com\\\/de\\\/#organization\",\"name\":\"Babcock Wanson\",\"url\":\"https:\\\/\\\/www.babcock-wanson.com\\\/de\\\/\",\"logo\":{\"@type\":\"ImageObject\",\"inLanguage\":\"de-DE\",\"@id\":\"https:\\\/\\\/www.babcock-wanson.com\\\/de\\\/#\\\/schema\\\/logo\\\/image\\\/\",\"url\":\"https:\\\/\\\/www.babcock-wanson.com\\\/wp-content\\\/uploads\\\/2024\\\/02\\\/Babcock-Wanson-1200x1200-1.png\",\"contentUrl\":\"https:\\\/\\\/www.babcock-wanson.com\\\/wp-content\\\/uploads\\\/2024\\\/02\\\/Babcock-Wanson-1200x1200-1.png\",\"width\":1200,\"height\":1200,\"caption\":\"Babcock Wanson\"},\"image\":{\"@id\":\"https:\\\/\\\/www.babcock-wanson.com\\\/de\\\/#\\\/schema\\\/logo\\\/image\\\/\"},\"sameAs\":[\"https:\\\/\\\/www.linkedin.com\\\/company\\\/babcock-wanson\\\/\",\"https:\\\/\\\/www.youtube.com\\\/channel\\\/UCtxl25VieBBsP2kYmtlyv7A\"]}]}<\/script>\n<!-- \/ Yoast SEO Premium plugin. -->","yoast_head_json":{"title":"ROTO-Konzentrator - Babcock Wanson","description":"Ein Roto-Konzentrator ist einfach zu bedienen, sehr effektiv bei der Reduzierung von VOC-Emissionen, sicher und im Vergleich zu anderen Technologien \u00e4u\u00dferst kosteng\u00fcnstig.","robots":{"index":"index","follow":"follow","max-snippet":"max-snippet:-1","max-image-preview":"max-image-preview:large","max-video-preview":"max-video-preview:-1"},"canonical":"https:\/\/www.babcock-wanson.com\/de\/products\/thermische-oxidatoren\/roto-konzentrator\/","og_locale":"de_DE","og_type":"article","og_title":"ROTO-Konzentrator","og_description":"Ein Roto-Konzentrator ist einfach zu bedienen, sehr effektiv bei der Reduzierung von VOC-Emissionen, sicher und im Vergleich zu anderen Technologien \u00e4u\u00dferst kosteng\u00fcnstig.","og_url":"https:\/\/www.babcock-wanson.com\/de\/products\/thermische-oxidatoren\/roto-konzentrator\/","og_site_name":"Babcock Wanson","article_modified_time":"2025-04-14T15:12:54+00:00","og_image":[{"width":600,"height":400,"url":"https:\/\/www.babcock-wanson.com\/wp-content\/uploads\/2018\/09\/roto-concentrator-2.png","type":"image\/png"}],"twitter_card":"summary_large_image","twitter_misc":{"Est. reading time":"2 Minuten"},"schema":{"@context":"https:\/\/schema.org","@graph":[{"@type":"WebPage","@id":"https:\/\/www.babcock-wanson.com\/de\/products\/thermische-oxidatoren\/roto-konzentrator\/","url":"https:\/\/www.babcock-wanson.com\/de\/products\/thermische-oxidatoren\/roto-konzentrator\/","name":"ROTO-Konzentrator - Babcock Wanson","isPartOf":{"@id":"https:\/\/www.babcock-wanson.com\/de\/#website"},"primaryImageOfPage":{"@id":"https:\/\/www.babcock-wanson.com\/de\/products\/thermische-oxidatoren\/roto-konzentrator\/#primaryimage"},"image":{"@id":"https:\/\/www.babcock-wanson.com\/de\/products\/thermische-oxidatoren\/roto-konzentrator\/#primaryimage"},"thumbnailUrl":"https:\/\/www.babcock-wanson.com\/wp-content\/uploads\/2018\/09\/roto-concentrator-2.png","datePublished":"2025-01-17T09:34:07+00:00","dateModified":"2025-04-14T15:12:54+00:00","description":"Ein Roto-Konzentrator ist einfach zu bedienen, sehr effektiv bei der Reduzierung von VOC-Emissionen, sicher und im Vergleich zu anderen Technologien \u00e4u\u00dferst kosteng\u00fcnstig.","breadcrumb":{"@id":"https:\/\/www.babcock-wanson.com\/de\/products\/thermische-oxidatoren\/roto-konzentrator\/#breadcrumb"},"inLanguage":"de-DE","potentialAction":[{"@type":"ReadAction","target":["https:\/\/www.babcock-wanson.com\/de\/products\/thermische-oxidatoren\/roto-konzentrator\/"]}]},{"@type":"ImageObject","inLanguage":"de-DE","@id":"https:\/\/www.babcock-wanson.com\/de\/products\/thermische-oxidatoren\/roto-konzentrator\/#primaryimage","url":"https:\/\/www.babcock-wanson.com\/wp-content\/uploads\/2018\/09\/roto-concentrator-2.png","contentUrl":"https:\/\/www.babcock-wanson.com\/wp-content\/uploads\/2018\/09\/roto-concentrator-2.png","width":600,"height":400},{"@type":"BreadcrumbList","@id":"https:\/\/www.babcock-wanson.com\/de\/products\/thermische-oxidatoren\/roto-konzentrator\/#breadcrumb","itemListElement":[{"@type":"ListItem","position":1,"name":"Inicio","item":"https:\/\/www.babcock-wanson.com\/de\/"},{"@type":"ListItem","position":2,"name":"Produkte","item":"https:\/\/www.babcock-wanson.com\/de\/shop\/"},{"@type":"ListItem","position":3,"name":"Thermische Oxidatoren","item":"https:\/\/www.babcock-wanson.com\/de\/produkt-kategorie\/thermische-oxidatoren\/"},{"@type":"ListItem","position":4,"name":"ROTO-Konzentrator"}]},{"@type":"WebSite","@id":"https:\/\/www.babcock-wanson.com\/de\/#website","url":"https:\/\/www.babcock-wanson.com\/de\/","name":"Babcock Wanson","description":"","publisher":{"@id":"https:\/\/www.babcock-wanson.com\/de\/#organization"},"potentialAction":[{"@type":"SearchAction","target":{"@type":"EntryPoint","urlTemplate":"https:\/\/www.babcock-wanson.com\/de\/?s={search_term_string}"},"query-input":{"@type":"PropertyValueSpecification","valueRequired":true,"valueName":"search_term_string"}}],"inLanguage":"de-DE"},{"@type":"Organization","@id":"https:\/\/www.babcock-wanson.com\/de\/#organization","name":"Babcock Wanson","url":"https:\/\/www.babcock-wanson.com\/de\/","logo":{"@type":"ImageObject","inLanguage":"de-DE","@id":"https:\/\/www.babcock-wanson.com\/de\/#\/schema\/logo\/image\/","url":"https:\/\/www.babcock-wanson.com\/wp-content\/uploads\/2024\/02\/Babcock-Wanson-1200x1200-1.png","contentUrl":"https:\/\/www.babcock-wanson.com\/wp-content\/uploads\/2024\/02\/Babcock-Wanson-1200x1200-1.png","width":1200,"height":1200,"caption":"Babcock Wanson"},"image":{"@id":"https:\/\/www.babcock-wanson.com\/de\/#\/schema\/logo\/image\/"},"sameAs":["https:\/\/www.linkedin.com\/company\/babcock-wanson\/","https:\/\/www.youtube.com\/channel\/UCtxl25VieBBsP2kYmtlyv7A"]}]}},"jetpack_sharing_enabled":true,"_links":{"self":[{"href":"https:\/\/www.babcock-wanson.com\/de\/wp-json\/wp\/v2\/product\/50278","targetHints":{"allow":["GET"]}}],"collection":[{"href":"https:\/\/www.babcock-wanson.com\/de\/wp-json\/wp\/v2\/product"}],"about":[{"href":"https:\/\/www.babcock-wanson.com\/de\/wp-json\/wp\/v2\/types\/product"}],"replies":[{"embeddable":true,"href":"https:\/\/www.babcock-wanson.com\/de\/wp-json\/wp\/v2\/comments?post=50278"}],"wp:featuredmedia":[{"embeddable":true,"href":"https:\/\/www.babcock-wanson.com\/de\/wp-json\/wp\/v2\/media\/50279"}],"wp:attachment":[{"href":"https:\/\/www.babcock-wanson.com\/de\/wp-json\/wp\/v2\/media?parent=50278"}],"wp:term":[{"taxonomy":"product_brand","embeddable":true,"href":"https:\/\/www.babcock-wanson.com\/de\/wp-json\/wp\/v2\/product_brand?post=50278"},{"taxonomy":"product_cat","embeddable":true,"href":"https:\/\/www.babcock-wanson.com\/de\/wp-json\/wp\/v2\/product_cat?post=50278"},{"taxonomy":"product_tag","embeddable":true,"href":"https:\/\/www.babcock-wanson.com\/de\/wp-json\/wp\/v2\/product_tag?post=50278"}],"curies":[{"name":"wp","href":"https:\/\/api.w.org\/{rel}","templated":true}]}}