{"id":50285,"date":"2018-09-19T13:42:09","date_gmt":"2025-01-17T09:34:09","guid":{"rendered":"https:\/\/www.babcock-wanson.com\/products\/unkategorisiert\/filtration\/"},"modified":"2025-04-14T15:43:47","modified_gmt":"2025-04-14T14:43:47","slug":"filtration","status":"publish","type":"product","link":"https:\/\/www.babcock-wanson.com\/de\/products\/industrielle-wasseraufbereitung\/filtration\/","title":{"rendered":"Filtration"},"content":{"rendered":"<div class=\"vgblk-rw-wrapper limit-wrapper\">\r\n<h3>Filteranwendung in verschiedenen Industriezweigen<\/h3>\r\n<ul>\r\n<li>Wasser f\u00fcr Industrieprozesse<\/li>\r\n<li>Durch Filtration k\u00f6nnen \u00d6le, Feststoffe und andere Verunreinigungen entfernt werden, um Wasser von hoher Qualit\u00e4t zu erhalten.<\/li>\r\n<li>Trinkwasser<\/li>\r\n<li>Kesselspeisewasser<\/li>\r\n<li>Dampfkessel ben\u00f6tigen qualitativ hochwertiges Speisewasser, um das Korrosionsrisiko vollst\u00e4ndig zu kontrollieren und Kalkablagerungen auf den benetzten Oberfl\u00e4chen des Kessels zu verhindern. Eine Filtration ist auch als Vorbehandlung vor der Ultrafiltration oder Umkehrosmose erforderlich<\/li>\r\n<li>Vorbehandlung von Ionenaustauschsystemen in K\u00fchlkreisl\u00e4ufen.<\/li>\r\n<\/ul>\r\n<h3>Flexible und vollst\u00e4ndige Produktpalette<\/h3>\r\n<ul>\r\n<li>Unser breites Sortiment an Filtersystemen erm\u00f6glicht es uns, uns an die Anforderungen der Anlage anzupassen und gleichzeitig die Betriebs- und Wartungskosten zu optimieren.<\/li>\r\n<li>Auf Gleitlagern montierte und kompakte Konstruktionen ben\u00f6tigen oft eine kleinere Grundfl\u00e4che als herk\u00f6mmliche, in der Anlage gebaute Installationen.<\/li>\r\n<\/ul>\r\n<h3>Einfache Installation und Wartung<\/h3>\r\n<ul>\r\n<li>Vollst\u00e4ndig integriertes und werkseitig getestetes Steuerungssystem f\u00fcr eine einfache Installation in der Anlage.<\/li>\r\n<li>Das Filtersystem kann an Wasser mit variabler Einlasskonzentration angepasst werden.<\/li>\r\n<li>Der Waschprozess kann je nach Zeit, Volumen oder Druckdifferenz angepasst werden.<\/li>\r\n<li>Das Waschen kann mit Rohwasser oder gefiltertem Wasser im Gegenstrom erfolgen.<\/li>\r\n<\/ul>\r\n<h3>Zuverl\u00e4ssige und sichere Ausr\u00fcstung<\/h3>\r\n<ul>\r\n<li>Babcock Wanson ber\u00fccksichtigt die Eigenschaften des Rohwassers, die Kesselart, die Prozesswasserqualit\u00e4t, den Kondensatr\u00fccklauf, die zu erzeugende Dampfqualit\u00e4t und andere Parameter der Installation, um das Aufbereitungssystem entsprechend anzupassen.<\/li>\r\n<li>Unsere Wartungsvertr\u00e4ge erm\u00f6glichen eine j\u00e4hrliche \u00dcberpr\u00fcfung der Qualit\u00e4tsverbesserungen und eine detaillierte Kostenkontrolle.<\/li>\r\n<\/ul>\r\n<h2>Filtration<\/h2>\r\n<h3>Duplex &#8211; 2750\/2850\/3150 &#8211; FMC &#8211; S\/D<\/h3>\r\n<table>\r\n<tbody>\r\n<tr>\r\n<th>Duplex-Modell<\/th>\r\n<th>\u00a0<\/th>\r\n<th>1450<\/th>\r\n<th>1665<\/th>\r\n<th>1865<\/th>\r\n<th>2160<\/th>\r\n<th>2469<\/th>\r\n<th>3072<\/th>\r\n<th>3672<\/th>\r\n<th>4272<\/th>\r\n<\/tr>\r\n<tr>\r\n<th>Maximale Durchflussrate*v<\/th>\r\n<th>(m\u00b3\/h)<\/th>\r\n<td>1.5<\/td>\r\n<td>2.0<\/td>\r\n<td>2.8<\/td>\r\n<td>3.6<\/td>\r\n<td>4.6<\/td>\r\n<td>7.2<\/td>\r\n<td>10.4<\/td>\r\n<td>14.0<\/td>\r\n<\/tr>\r\n<tr>\r\n<th>Durchmesser (A)<\/th>\r\n<th>mm<\/th>\r\n<td>268<\/td>\r\n<td>406<\/td>\r\n<td>469<\/td>\r\n<td>552<\/td>\r\n<td>610<\/td>\r\n<td>770<\/td>\r\n<td>927<\/td>\r\n<td>1074<\/td>\r\n<\/tr>\r\n<tr>\r\n<th>H\u00f6he (B)<\/th>\r\n<th>mm<\/th>\r\n<td>1815<\/td>\r\n<td>1802<\/td>\r\n<td>1896<\/td>\r\n<td>1795<\/td>\r\n<td>2040<\/td>\r\n<td>2502<\/td>\r\n<td>2559<\/td>\r\n<td>2669<\/td>\r\n<\/tr>\r\n<\/tbody>\r\n<\/table>\r\n<h3>Triplex &#8211; F &#8211; ECO &#8211; MV &#8211; T &#8211; S<\/h3>\r\n<table>\r\n<tbody>\r\n<tr>\r\n<th>Triplex-Modell<\/th>\r\n<th>\u00a0<\/th>\r\n<th>18<\/th>\r\n<th>21<\/th>\r\n<th>24<\/th>\r\n<th>30<\/th>\r\n<th>36<\/th>\r\n<th>42<\/th>\r\n<th>48<\/th>\r\n<th>63<\/th>\r\n<\/tr>\r\n<tr>\r\n<th>Maximale Durchflussrate*<\/th>\r\n<th>(m\u00b3\/h)<\/th>\r\n<td>7.77<\/td>\r\n<td>10.77<\/td>\r\n<td>13.14<\/td>\r\n<td>20.94<\/td>\r\n<td>30.36<\/td>\r\n<td>40.74<\/td>\r\n<td>52.59<\/td>\r\n<td>93.06<\/td>\r\n<\/tr>\r\n<tr>\r\n<th>Durchmesser (A)<\/th>\r\n<th>mm<\/th>\r\n<td>469<\/td>\r\n<td>552<\/td>\r\n<td>610<\/td>\r\n<td>770<\/td>\r\n<td>927<\/td>\r\n<td>1074<\/td>\r\n<td>1220<\/td>\r\n<td>1623<\/td>\r\n<\/tr>\r\n<tr>\r\n<th>H\u00f6he (B)<\/th>\r\n<th>mm<\/th>\r\n<td>2300<\/td>\r\n<td>2300<\/td>\r\n<td>2400<\/td>\r\n<td>2500<\/td>\r\n<td>2500<\/td>\r\n<td>2600<\/td>\r\n<td>2700<\/td>\r\n<td>2800<\/td>\r\n<\/tr>\r\n<\/tbody>\r\n<\/table>\r\n<p>*Maximaler Durchfluss bei einer Filtrationsrate von 15 m3\/h<\/p>\r\n<\/div><!-- .vgblk-rw-wrapper -->","protected":false},"excerpt":{"rendered":"<p><strong>Standard: Duplex oder Triplex. Wasserdurchfluss von 1 bis 93 m3\/h Spezifisch: Auf die Anforderungen des Standorts zugeschnitten<\/strong><\/p>\n<p>Babcock Wanson, Spezialist f\u00fcr Kesselh\u00e4user und <a href=\"http:\/\/www.babcock-wanson.com\/de\/produkt-kategorie\/industrielle-wasseraufbereitung\/\" target=\"_blank\" rel=\"noopener\">Wasseraufbereitungsl\u00f6sungen<\/a>, bietet eine breite Palette an Wasserfiltersystemen f\u00fcr die Industrie. Unser Team steht bereit, um die effizienteste und kosteng\u00fcnstigste Ausr\u00fcstung f\u00fcr jede spezifische Anwendung zu entwerfen und zu installieren. Jedes Filtersystem ist einzigartig und wird speziell f\u00fcr die jeweiligen Prozessanforderungen angefertigt. Je nach den physikalisch-chemischen und mikrobiologischen Eigenschaften des Rohwassers und der gew\u00fcnschten Endwasserqualit\u00e4t werden unterschiedliche Filtermedien verwendet. Sand-\/Silexfiltration wird in der Regel eingesetzt, um gro\u00dfe Partikel bis zu 25 \u00b5m aus dem Wasser zu entfernen. Ein Hydro-Anthrazit-\/Silex-Doppelbett erm\u00f6glicht eine bessere R\u00fcckhaltung von Schwebstoffen. Aktivkohlefiltration wird haupts\u00e4chlich zur Entfernung von organischen Stoffen, Schwermetallen, halogenierten Substanzen wie Chlor, Pestiziden und Verbindungen eingesetzt, die zu Geschmacksbeeintr\u00e4chtigungen oder unangenehmen Ger\u00fcchen f\u00fchren k\u00f6nnen. Babcock Wanson hat Simplex-Mehrventilfilter entwickelt, die in Duplex-, Triplex- und Multiplex-Anordnungen betrieben werden k\u00f6nnen. Elektronische Steuereinheiten mit Drehverteilern, die \u00fcber Kommunikationskabel mit jedem Abschnitt verbunden sind. Die Programmierung dieser Steuereinheit erm\u00f6glicht einen abwechselnden oder parallelen Betrieb.<\/p>\n","protected":false},"featured_media":50293,"comment_status":"closed","ping_status":"closed","template":"","meta":{"_acf_changed":false,"_relevanssi_hide_post":"","_relevanssi_hide_content":"","_relevanssi_pin_for_all":"","_relevanssi_pin_keywords":"","_relevanssi_unpin_keywords":"","_relevanssi_related_keywords":"","_relevanssi_related_include_ids":"","_relevanssi_related_exclude_ids":"","_relevanssi_related_no_append":"","_relevanssi_related_not_related":"","_relevanssi_related_posts":"","_relevanssi_noindex_reason":""},"product_brand":[],"product_cat":[6528],"product_tag":[],"class_list":{"0":"post-50285","1":"product","2":"type-product","3":"status-publish","4":"has-post-thumbnail","6":"product_cat-industrielle-wasseraufbereitung","8":"first","9":"instock","10":"shipping-taxable","11":"product-type-simple"},"acf":[],"yoast_head":"<!-- This site is optimized with the Yoast SEO Premium plugin v27.4 (Yoast SEO v27.4) - https:\/\/yoast.com\/product\/yoast-seo-premium-wordpress\/ -->\n<title>Filtration - Babcock Wanson<\/title>\n<meta name=\"description\" content=\"Wir bieten eine breite Palette an Wasserfiltersystemen f\u00fcr die Industrie. Jedes Filtersystem ist einzigartig und wird speziell f\u00fcr die jeweiligen Prozessanforderungen angefertigt.\" \/>\n<meta name=\"robots\" content=\"index, follow, max-snippet:-1, max-image-preview:large, max-video-preview:-1\" \/>\n<link rel=\"canonical\" href=\"https:\/\/www.babcock-wanson.com\/de\/products\/industrielle-wasseraufbereitung\/filtration\/\" \/>\n<meta property=\"og:locale\" content=\"de_DE\" \/>\n<meta property=\"og:type\" content=\"article\" \/>\n<meta property=\"og:title\" content=\"Filtration\" \/>\n<meta property=\"og:description\" content=\"Wir bieten eine breite Palette an Wasserfiltersystemen f\u00fcr die Industrie. Jedes Filtersystem ist einzigartig und wird speziell f\u00fcr die jeweiligen Prozessanforderungen angefertigt.\" \/>\n<meta property=\"og:url\" content=\"https:\/\/www.babcock-wanson.com\/de\/products\/industrielle-wasseraufbereitung\/filtration\/\" \/>\n<meta property=\"og:site_name\" content=\"Babcock Wanson\" \/>\n<meta property=\"article:modified_time\" content=\"2025-04-14T14:43:47+00:00\" \/>\n<meta property=\"og:image\" content=\"https:\/\/www.babcock-wanson.com\/wp-content\/uploads\/2018\/09\/Filtration-2.jpg\" \/>\n\t<meta property=\"og:image:width\" content=\"600\" \/>\n\t<meta property=\"og:image:height\" content=\"400\" \/>\n\t<meta property=\"og:image:type\" content=\"image\/jpeg\" \/>\n<meta name=\"twitter:card\" content=\"summary_large_image\" \/>\n<meta name=\"twitter:label1\" content=\"Est. reading time\" \/>\n\t<meta name=\"twitter:data1\" content=\"2 Minuten\" \/>\n<script type=\"application\/ld+json\" class=\"yoast-schema-graph\">{\"@context\":\"https:\\\/\\\/schema.org\",\"@graph\":[{\"@type\":\"WebPage\",\"@id\":\"https:\\\/\\\/www.babcock-wanson.com\\\/de\\\/products\\\/industrielle-wasseraufbereitung\\\/filtration\\\/\",\"url\":\"https:\\\/\\\/www.babcock-wanson.com\\\/de\\\/products\\\/industrielle-wasseraufbereitung\\\/filtration\\\/\",\"name\":\"Filtration - Babcock Wanson\",\"isPartOf\":{\"@id\":\"https:\\\/\\\/www.babcock-wanson.com\\\/de\\\/#website\"},\"primaryImageOfPage\":{\"@id\":\"https:\\\/\\\/www.babcock-wanson.com\\\/de\\\/products\\\/industrielle-wasseraufbereitung\\\/filtration\\\/#primaryimage\"},\"image\":{\"@id\":\"https:\\\/\\\/www.babcock-wanson.com\\\/de\\\/products\\\/industrielle-wasseraufbereitung\\\/filtration\\\/#primaryimage\"},\"thumbnailUrl\":\"https:\\\/\\\/www.babcock-wanson.com\\\/wp-content\\\/uploads\\\/2018\\\/09\\\/Filtration-2.jpg\",\"datePublished\":\"2025-01-17T09:34:09+00:00\",\"dateModified\":\"2025-04-14T14:43:47+00:00\",\"description\":\"Wir bieten eine breite Palette an Wasserfiltersystemen f\u00fcr die Industrie. Jedes Filtersystem ist einzigartig und wird speziell f\u00fcr die jeweiligen Prozessanforderungen angefertigt.\",\"breadcrumb\":{\"@id\":\"https:\\\/\\\/www.babcock-wanson.com\\\/de\\\/products\\\/industrielle-wasseraufbereitung\\\/filtration\\\/#breadcrumb\"},\"inLanguage\":\"de-DE\",\"potentialAction\":[{\"@type\":\"ReadAction\",\"target\":[\"https:\\\/\\\/www.babcock-wanson.com\\\/de\\\/products\\\/industrielle-wasseraufbereitung\\\/filtration\\\/\"]}]},{\"@type\":\"ImageObject\",\"inLanguage\":\"de-DE\",\"@id\":\"https:\\\/\\\/www.babcock-wanson.com\\\/de\\\/products\\\/industrielle-wasseraufbereitung\\\/filtration\\\/#primaryimage\",\"url\":\"https:\\\/\\\/www.babcock-wanson.com\\\/wp-content\\\/uploads\\\/2018\\\/09\\\/Filtration-2.jpg\",\"contentUrl\":\"https:\\\/\\\/www.babcock-wanson.com\\\/wp-content\\\/uploads\\\/2018\\\/09\\\/Filtration-2.jpg\",\"width\":600,\"height\":400},{\"@type\":\"BreadcrumbList\",\"@id\":\"https:\\\/\\\/www.babcock-wanson.com\\\/de\\\/products\\\/industrielle-wasseraufbereitung\\\/filtration\\\/#breadcrumb\",\"itemListElement\":[{\"@type\":\"ListItem\",\"position\":1,\"name\":\"Inicio\",\"item\":\"https:\\\/\\\/www.babcock-wanson.com\\\/de\\\/\"},{\"@type\":\"ListItem\",\"position\":2,\"name\":\"Produkte\",\"item\":\"https:\\\/\\\/www.babcock-wanson.com\\\/de\\\/shop\\\/\"},{\"@type\":\"ListItem\",\"position\":3,\"name\":\"Industrielle Wasseraufbereitung\",\"item\":\"https:\\\/\\\/www.babcock-wanson.com\\\/de\\\/produkt-kategorie\\\/industrielle-wasseraufbereitung\\\/\"},{\"@type\":\"ListItem\",\"position\":4,\"name\":\"Filtration\"}]},{\"@type\":\"WebSite\",\"@id\":\"https:\\\/\\\/www.babcock-wanson.com\\\/de\\\/#website\",\"url\":\"https:\\\/\\\/www.babcock-wanson.com\\\/de\\\/\",\"name\":\"Babcock Wanson\",\"description\":\"\",\"publisher\":{\"@id\":\"https:\\\/\\\/www.babcock-wanson.com\\\/de\\\/#organization\"},\"potentialAction\":[{\"@type\":\"SearchAction\",\"target\":{\"@type\":\"EntryPoint\",\"urlTemplate\":\"https:\\\/\\\/www.babcock-wanson.com\\\/de\\\/?s={search_term_string}\"},\"query-input\":{\"@type\":\"PropertyValueSpecification\",\"valueRequired\":true,\"valueName\":\"search_term_string\"}}],\"inLanguage\":\"de-DE\"},{\"@type\":\"Organization\",\"@id\":\"https:\\\/\\\/www.babcock-wanson.com\\\/de\\\/#organization\",\"name\":\"Babcock Wanson\",\"url\":\"https:\\\/\\\/www.babcock-wanson.com\\\/de\\\/\",\"logo\":{\"@type\":\"ImageObject\",\"inLanguage\":\"de-DE\",\"@id\":\"https:\\\/\\\/www.babcock-wanson.com\\\/de\\\/#\\\/schema\\\/logo\\\/image\\\/\",\"url\":\"https:\\\/\\\/www.babcock-wanson.com\\\/wp-content\\\/uploads\\\/2024\\\/02\\\/Babcock-Wanson-1200x1200-1.png\",\"contentUrl\":\"https:\\\/\\\/www.babcock-wanson.com\\\/wp-content\\\/uploads\\\/2024\\\/02\\\/Babcock-Wanson-1200x1200-1.png\",\"width\":1200,\"height\":1200,\"caption\":\"Babcock Wanson\"},\"image\":{\"@id\":\"https:\\\/\\\/www.babcock-wanson.com\\\/de\\\/#\\\/schema\\\/logo\\\/image\\\/\"},\"sameAs\":[\"https:\\\/\\\/www.linkedin.com\\\/company\\\/babcock-wanson\\\/\",\"https:\\\/\\\/www.youtube.com\\\/channel\\\/UCtxl25VieBBsP2kYmtlyv7A\"]}]}<\/script>\n<!-- \/ Yoast SEO Premium plugin. -->","yoast_head_json":{"title":"Filtration - Babcock Wanson","description":"Wir bieten eine breite Palette an Wasserfiltersystemen f\u00fcr die Industrie. Jedes Filtersystem ist einzigartig und wird speziell f\u00fcr die jeweiligen Prozessanforderungen angefertigt.","robots":{"index":"index","follow":"follow","max-snippet":"max-snippet:-1","max-image-preview":"max-image-preview:large","max-video-preview":"max-video-preview:-1"},"canonical":"https:\/\/www.babcock-wanson.com\/de\/products\/industrielle-wasseraufbereitung\/filtration\/","og_locale":"de_DE","og_type":"article","og_title":"Filtration","og_description":"Wir bieten eine breite Palette an Wasserfiltersystemen f\u00fcr die Industrie. Jedes Filtersystem ist einzigartig und wird speziell f\u00fcr die jeweiligen Prozessanforderungen angefertigt.","og_url":"https:\/\/www.babcock-wanson.com\/de\/products\/industrielle-wasseraufbereitung\/filtration\/","og_site_name":"Babcock Wanson","article_modified_time":"2025-04-14T14:43:47+00:00","og_image":[{"width":600,"height":400,"url":"https:\/\/www.babcock-wanson.com\/wp-content\/uploads\/2018\/09\/Filtration-2.jpg","type":"image\/jpeg"}],"twitter_card":"summary_large_image","twitter_misc":{"Est. reading time":"2 Minuten"},"schema":{"@context":"https:\/\/schema.org","@graph":[{"@type":"WebPage","@id":"https:\/\/www.babcock-wanson.com\/de\/products\/industrielle-wasseraufbereitung\/filtration\/","url":"https:\/\/www.babcock-wanson.com\/de\/products\/industrielle-wasseraufbereitung\/filtration\/","name":"Filtration - Babcock Wanson","isPartOf":{"@id":"https:\/\/www.babcock-wanson.com\/de\/#website"},"primaryImageOfPage":{"@id":"https:\/\/www.babcock-wanson.com\/de\/products\/industrielle-wasseraufbereitung\/filtration\/#primaryimage"},"image":{"@id":"https:\/\/www.babcock-wanson.com\/de\/products\/industrielle-wasseraufbereitung\/filtration\/#primaryimage"},"thumbnailUrl":"https:\/\/www.babcock-wanson.com\/wp-content\/uploads\/2018\/09\/Filtration-2.jpg","datePublished":"2025-01-17T09:34:09+00:00","dateModified":"2025-04-14T14:43:47+00:00","description":"Wir bieten eine breite Palette an Wasserfiltersystemen f\u00fcr die Industrie. Jedes Filtersystem ist einzigartig und wird speziell f\u00fcr die jeweiligen Prozessanforderungen angefertigt.","breadcrumb":{"@id":"https:\/\/www.babcock-wanson.com\/de\/products\/industrielle-wasseraufbereitung\/filtration\/#breadcrumb"},"inLanguage":"de-DE","potentialAction":[{"@type":"ReadAction","target":["https:\/\/www.babcock-wanson.com\/de\/products\/industrielle-wasseraufbereitung\/filtration\/"]}]},{"@type":"ImageObject","inLanguage":"de-DE","@id":"https:\/\/www.babcock-wanson.com\/de\/products\/industrielle-wasseraufbereitung\/filtration\/#primaryimage","url":"https:\/\/www.babcock-wanson.com\/wp-content\/uploads\/2018\/09\/Filtration-2.jpg","contentUrl":"https:\/\/www.babcock-wanson.com\/wp-content\/uploads\/2018\/09\/Filtration-2.jpg","width":600,"height":400},{"@type":"BreadcrumbList","@id":"https:\/\/www.babcock-wanson.com\/de\/products\/industrielle-wasseraufbereitung\/filtration\/#breadcrumb","itemListElement":[{"@type":"ListItem","position":1,"name":"Inicio","item":"https:\/\/www.babcock-wanson.com\/de\/"},{"@type":"ListItem","position":2,"name":"Produkte","item":"https:\/\/www.babcock-wanson.com\/de\/shop\/"},{"@type":"ListItem","position":3,"name":"Industrielle Wasseraufbereitung","item":"https:\/\/www.babcock-wanson.com\/de\/produkt-kategorie\/industrielle-wasseraufbereitung\/"},{"@type":"ListItem","position":4,"name":"Filtration"}]},{"@type":"WebSite","@id":"https:\/\/www.babcock-wanson.com\/de\/#website","url":"https:\/\/www.babcock-wanson.com\/de\/","name":"Babcock Wanson","description":"","publisher":{"@id":"https:\/\/www.babcock-wanson.com\/de\/#organization"},"potentialAction":[{"@type":"SearchAction","target":{"@type":"EntryPoint","urlTemplate":"https:\/\/www.babcock-wanson.com\/de\/?s={search_term_string}"},"query-input":{"@type":"PropertyValueSpecification","valueRequired":true,"valueName":"search_term_string"}}],"inLanguage":"de-DE"},{"@type":"Organization","@id":"https:\/\/www.babcock-wanson.com\/de\/#organization","name":"Babcock Wanson","url":"https:\/\/www.babcock-wanson.com\/de\/","logo":{"@type":"ImageObject","inLanguage":"de-DE","@id":"https:\/\/www.babcock-wanson.com\/de\/#\/schema\/logo\/image\/","url":"https:\/\/www.babcock-wanson.com\/wp-content\/uploads\/2024\/02\/Babcock-Wanson-1200x1200-1.png","contentUrl":"https:\/\/www.babcock-wanson.com\/wp-content\/uploads\/2024\/02\/Babcock-Wanson-1200x1200-1.png","width":1200,"height":1200,"caption":"Babcock Wanson"},"image":{"@id":"https:\/\/www.babcock-wanson.com\/de\/#\/schema\/logo\/image\/"},"sameAs":["https:\/\/www.linkedin.com\/company\/babcock-wanson\/","https:\/\/www.youtube.com\/channel\/UCtxl25VieBBsP2kYmtlyv7A"]}]}},"jetpack_sharing_enabled":true,"_links":{"self":[{"href":"https:\/\/www.babcock-wanson.com\/de\/wp-json\/wp\/v2\/product\/50285","targetHints":{"allow":["GET"]}}],"collection":[{"href":"https:\/\/www.babcock-wanson.com\/de\/wp-json\/wp\/v2\/product"}],"about":[{"href":"https:\/\/www.babcock-wanson.com\/de\/wp-json\/wp\/v2\/types\/product"}],"replies":[{"embeddable":true,"href":"https:\/\/www.babcock-wanson.com\/de\/wp-json\/wp\/v2\/comments?post=50285"}],"wp:featuredmedia":[{"embeddable":true,"href":"https:\/\/www.babcock-wanson.com\/de\/wp-json\/wp\/v2\/media\/50293"}],"wp:attachment":[{"href":"https:\/\/www.babcock-wanson.com\/de\/wp-json\/wp\/v2\/media?parent=50285"}],"wp:term":[{"taxonomy":"product_brand","embeddable":true,"href":"https:\/\/www.babcock-wanson.com\/de\/wp-json\/wp\/v2\/product_brand?post=50285"},{"taxonomy":"product_cat","embeddable":true,"href":"https:\/\/www.babcock-wanson.com\/de\/wp-json\/wp\/v2\/product_cat?post=50285"},{"taxonomy":"product_tag","embeddable":true,"href":"https:\/\/www.babcock-wanson.com\/de\/wp-json\/wp\/v2\/product_tag?post=50285"}],"curies":[{"name":"wp","href":"https:\/\/api.w.org\/{rel}","templated":true}]}}