{"id":50287,"date":"2018-09-19T14:07:29","date_gmt":"2025-01-17T09:34:09","guid":{"rendered":"https:\/\/www.babcock-wanson.com\/products\/unkategorisiert\/luftvorwaermung-r-eco\/"},"modified":"2025-04-14T11:27:18","modified_gmt":"2025-04-14T10:27:18","slug":"luftvorwaermung-r-eco","status":"publish","type":"product","link":"https:\/\/www.babcock-wanson.com\/de\/products\/warmeruckgewinnungssysteme\/luftvorwaermung-r-eco\/","title":{"rendered":"Luftvorw\u00e4rmung R-Eco"},"content":{"rendered":"<div class=\"vgblk-rw-wrapper limit-wrapper\">\r\n<h3>Funktionsprinzip: Abgasvorw\u00e4rmer f\u00fcr die Verbrennungsluft<\/h3>\r\nDie Vorteile der Installation von \u201eR-ECO\u201c sind am offensichtlichsten, wenn der Kondensatr\u00fccklauf mehr als 90 % betr\u00e4gt. Da das zur\u00fcckflie\u00dfende Kondensat bereits eine hohe Temperatur hat, ist es f\u00fcr die Verwendung mit klassischen Speisewasservorw\u00e4rmern ungeeignet. Weitere Betriebsbedingungen, die f\u00fcr einen erfolgreichen R-ECO-Betrieb erforderlich sind, sind eine Abgaseintrittstemperatur von \u00fcber 130 \u00b0C, eine Abgasaustrittstemperatur von \u2248 100 \u00b0C und der Brennstoff Erdgas.\r\n<ul>\r\n \t<li>Konstruktion: W\u00e4rmetauscherplatte aus Aluminium<\/li>\r\n \t<li>Geh\u00e4use: Verzinkter Stahl<\/li>\r\n<\/ul>\r\n<h3>Betriebsbedingungen<\/h3>\r\n<ul>\r\n \t<li>Keine andere W\u00e4rmer\u00fcckgewinnung au\u00dfer f\u00fcr die Verbrennungsluft (z. B. bei einem Kondensatr\u00fccklauf von \u226590 %)<\/li>\r\n \t<li>Abgaseintrittstemperatur \u2265 130 \u00b0C<\/li>\r\n \t<li>Abgasaustrittstemperatur \u2248 70 \u00b0C<\/li>\r\n \t<li>Brennstoff \u2013 Erdgas<\/li>\r\n<\/ul>\r\n<ol>\r\n \t<li>Bei einer Temperatur des Kesselspeisewassers von \u2265 110 \u00b0C ergibt sich ein ungef\u00e4hrer Effizienzgewinn von 2,5 %*<\/li>\r\n \t<li>Bei einer Temperatur des Kesselspeisewassers von \u2265 105 \u00b0C ergibt sich ein ungef\u00e4hrer Effizienzgewinn von 3 %*<\/li>\r\n<\/ol>\r\n* Dieser Wert h\u00e4ngt ausschlie\u00dflich von den Betriebsbedingungen ab\r\n\r\n<\/div><!-- .vgblk-rw-wrapper -->","protected":false},"excerpt":{"rendered":"<p>Energieeinsparung und Effizienz sind Schl\u00fcsselfaktoren f\u00fcr die moderne Industrie. Einer der gr\u00f6\u00dften Energieverbraucher in einer typischen Produktionsanlage ist der Kessel. Babcock Wanson hat dies erkannt und bietet die R-ECO-L\u00f6sung an, die eine Verbesserung des Kesselwirkungsgrads um bis zu 98\u00a0%* erm\u00f6glicht. Der R-ECO ist eine Kombination von zwei Technologien:<\/p>\n<ol>\n<li>Vorw\u00e4rmung der Verbrennungsluft: Diese Technologie allein erh\u00f6ht die Leistung des Kessels, kann aber auch die Stickoxidemissionen erh\u00f6hen.<\/li>\n<li>Rauchgasr\u00fcckf\u00fchrung (Flue Gas Recirculation &#8211; FGR): FGR tr\u00e4gt dazu bei, die Bildung von Stickoxidemissionen im Rauchgas zu reduzieren, um die Einhaltung der Umweltvorschriften zu gew\u00e4hrleisten.<\/li>\n<\/ol>\n","protected":false},"featured_media":50295,"comment_status":"closed","ping_status":"closed","template":"","meta":{"_acf_changed":false,"_relevanssi_hide_post":"","_relevanssi_hide_content":"","_relevanssi_pin_for_all":"","_relevanssi_pin_keywords":"","_relevanssi_unpin_keywords":"","_relevanssi_related_keywords":"","_relevanssi_related_include_ids":"","_relevanssi_related_exclude_ids":"","_relevanssi_related_no_append":"","_relevanssi_related_not_related":"","_relevanssi_related_posts":"","_relevanssi_noindex_reason":""},"product_brand":[],"product_cat":[6532],"product_tag":[],"class_list":{"0":"post-50287","1":"product","2":"type-product","3":"status-publish","4":"has-post-thumbnail","6":"product_cat-warmeruckgewinnungssysteme","8":"first","9":"instock","10":"shipping-taxable","11":"product-type-simple"},"acf":[],"yoast_head":"<!-- This site is optimized with the Yoast SEO Premium plugin v27.4 (Yoast SEO v27.4) - https:\/\/yoast.com\/product\/yoast-seo-premium-wordpress\/ -->\n<title>Luftvorw\u00e4rmung R-Eco - Babcock Wanson<\/title>\n<meta name=\"description\" content=\"Einer der gr\u00f6\u00dften Energieverbraucher in einer Produktionsanlage ist der Kessel, aber die Luftvorw\u00e4rmung R-Eco bietet eine Effizienzsteigerung von bis zu 98\u00a0%\" \/>\n<meta name=\"robots\" content=\"index, follow, max-snippet:-1, max-image-preview:large, max-video-preview:-1\" \/>\n<link rel=\"canonical\" href=\"https:\/\/www.babcock-wanson.com\/de\/products\/warmeruckgewinnungssysteme\/luftvorwaermung-r-eco\/\" \/>\n<meta property=\"og:locale\" content=\"de_DE\" \/>\n<meta property=\"og:type\" content=\"article\" \/>\n<meta property=\"og:title\" content=\"Luftvorw\u00e4rmung R-Eco\" \/>\n<meta property=\"og:description\" content=\"Einer der gr\u00f6\u00dften Energieverbraucher in einer Produktionsanlage ist der Kessel, aber die Luftvorw\u00e4rmung R-Eco bietet eine Effizienzsteigerung von bis zu 98\u00a0%\" \/>\n<meta property=\"og:url\" content=\"https:\/\/www.babcock-wanson.com\/de\/products\/warmeruckgewinnungssysteme\/luftvorwaermung-r-eco\/\" \/>\n<meta property=\"og:site_name\" content=\"Babcock Wanson\" \/>\n<meta property=\"article:modified_time\" content=\"2025-04-14T10:27:18+00:00\" \/>\n<meta property=\"og:image\" content=\"https:\/\/www.babcock-wanson.com\/wp-content\/uploads\/2018\/09\/Air-Heating-R-Eco.png\" \/>\n\t<meta property=\"og:image:width\" content=\"600\" \/>\n\t<meta property=\"og:image:height\" content=\"400\" \/>\n\t<meta property=\"og:image:type\" content=\"image\/png\" \/>\n<meta name=\"twitter:card\" content=\"summary_large_image\" \/>\n<meta name=\"twitter:label1\" content=\"Est. reading time\" \/>\n\t<meta name=\"twitter:data1\" content=\"1 Minute\" \/>\n<script type=\"application\/ld+json\" class=\"yoast-schema-graph\">{\"@context\":\"https:\\\/\\\/schema.org\",\"@graph\":[{\"@type\":\"WebPage\",\"@id\":\"https:\\\/\\\/www.babcock-wanson.com\\\/de\\\/products\\\/warmeruckgewinnungssysteme\\\/luftvorwaermung-r-eco\\\/\",\"url\":\"https:\\\/\\\/www.babcock-wanson.com\\\/de\\\/products\\\/warmeruckgewinnungssysteme\\\/luftvorwaermung-r-eco\\\/\",\"name\":\"Luftvorw\u00e4rmung R-Eco - Babcock Wanson\",\"isPartOf\":{\"@id\":\"https:\\\/\\\/www.babcock-wanson.com\\\/de\\\/#website\"},\"primaryImageOfPage\":{\"@id\":\"https:\\\/\\\/www.babcock-wanson.com\\\/de\\\/products\\\/warmeruckgewinnungssysteme\\\/luftvorwaermung-r-eco\\\/#primaryimage\"},\"image\":{\"@id\":\"https:\\\/\\\/www.babcock-wanson.com\\\/de\\\/products\\\/warmeruckgewinnungssysteme\\\/luftvorwaermung-r-eco\\\/#primaryimage\"},\"thumbnailUrl\":\"https:\\\/\\\/www.babcock-wanson.com\\\/wp-content\\\/uploads\\\/2018\\\/09\\\/Air-Heating-R-Eco.png\",\"datePublished\":\"2025-01-17T09:34:09+00:00\",\"dateModified\":\"2025-04-14T10:27:18+00:00\",\"description\":\"Einer der gr\u00f6\u00dften Energieverbraucher in einer Produktionsanlage ist der Kessel, aber die Luftvorw\u00e4rmung R-Eco bietet eine Effizienzsteigerung von bis zu 98\u00a0%\",\"breadcrumb\":{\"@id\":\"https:\\\/\\\/www.babcock-wanson.com\\\/de\\\/products\\\/warmeruckgewinnungssysteme\\\/luftvorwaermung-r-eco\\\/#breadcrumb\"},\"inLanguage\":\"de-DE\",\"potentialAction\":[{\"@type\":\"ReadAction\",\"target\":[\"https:\\\/\\\/www.babcock-wanson.com\\\/de\\\/products\\\/warmeruckgewinnungssysteme\\\/luftvorwaermung-r-eco\\\/\"]}]},{\"@type\":\"ImageObject\",\"inLanguage\":\"de-DE\",\"@id\":\"https:\\\/\\\/www.babcock-wanson.com\\\/de\\\/products\\\/warmeruckgewinnungssysteme\\\/luftvorwaermung-r-eco\\\/#primaryimage\",\"url\":\"https:\\\/\\\/www.babcock-wanson.com\\\/wp-content\\\/uploads\\\/2018\\\/09\\\/Air-Heating-R-Eco.png\",\"contentUrl\":\"https:\\\/\\\/www.babcock-wanson.com\\\/wp-content\\\/uploads\\\/2018\\\/09\\\/Air-Heating-R-Eco.png\",\"width\":600,\"height\":400},{\"@type\":\"BreadcrumbList\",\"@id\":\"https:\\\/\\\/www.babcock-wanson.com\\\/de\\\/products\\\/warmeruckgewinnungssysteme\\\/luftvorwaermung-r-eco\\\/#breadcrumb\",\"itemListElement\":[{\"@type\":\"ListItem\",\"position\":1,\"name\":\"Inicio\",\"item\":\"https:\\\/\\\/www.babcock-wanson.com\\\/de\\\/\"},{\"@type\":\"ListItem\",\"position\":2,\"name\":\"Produkte\",\"item\":\"https:\\\/\\\/www.babcock-wanson.com\\\/de\\\/shop\\\/\"},{\"@type\":\"ListItem\",\"position\":3,\"name\":\"W\u00e4rmer\u00fcckgewinnungssysteme\",\"item\":\"https:\\\/\\\/www.babcock-wanson.com\\\/de\\\/produkt-kategorie\\\/warmeruckgewinnungssysteme\\\/\"},{\"@type\":\"ListItem\",\"position\":4,\"name\":\"Luftvorw\u00e4rmung R-Eco\"}]},{\"@type\":\"WebSite\",\"@id\":\"https:\\\/\\\/www.babcock-wanson.com\\\/de\\\/#website\",\"url\":\"https:\\\/\\\/www.babcock-wanson.com\\\/de\\\/\",\"name\":\"Babcock Wanson\",\"description\":\"\",\"publisher\":{\"@id\":\"https:\\\/\\\/www.babcock-wanson.com\\\/de\\\/#organization\"},\"potentialAction\":[{\"@type\":\"SearchAction\",\"target\":{\"@type\":\"EntryPoint\",\"urlTemplate\":\"https:\\\/\\\/www.babcock-wanson.com\\\/de\\\/?s={search_term_string}\"},\"query-input\":{\"@type\":\"PropertyValueSpecification\",\"valueRequired\":true,\"valueName\":\"search_term_string\"}}],\"inLanguage\":\"de-DE\"},{\"@type\":\"Organization\",\"@id\":\"https:\\\/\\\/www.babcock-wanson.com\\\/de\\\/#organization\",\"name\":\"Babcock Wanson\",\"url\":\"https:\\\/\\\/www.babcock-wanson.com\\\/de\\\/\",\"logo\":{\"@type\":\"ImageObject\",\"inLanguage\":\"de-DE\",\"@id\":\"https:\\\/\\\/www.babcock-wanson.com\\\/de\\\/#\\\/schema\\\/logo\\\/image\\\/\",\"url\":\"https:\\\/\\\/www.babcock-wanson.com\\\/wp-content\\\/uploads\\\/2024\\\/02\\\/Babcock-Wanson-1200x1200-1.png\",\"contentUrl\":\"https:\\\/\\\/www.babcock-wanson.com\\\/wp-content\\\/uploads\\\/2024\\\/02\\\/Babcock-Wanson-1200x1200-1.png\",\"width\":1200,\"height\":1200,\"caption\":\"Babcock Wanson\"},\"image\":{\"@id\":\"https:\\\/\\\/www.babcock-wanson.com\\\/de\\\/#\\\/schema\\\/logo\\\/image\\\/\"},\"sameAs\":[\"https:\\\/\\\/www.linkedin.com\\\/company\\\/babcock-wanson\\\/\",\"https:\\\/\\\/www.youtube.com\\\/channel\\\/UCtxl25VieBBsP2kYmtlyv7A\"]}]}<\/script>\n<!-- \/ Yoast SEO Premium plugin. -->","yoast_head_json":{"title":"Luftvorw\u00e4rmung R-Eco - Babcock Wanson","description":"Einer der gr\u00f6\u00dften Energieverbraucher in einer Produktionsanlage ist der Kessel, aber die Luftvorw\u00e4rmung R-Eco bietet eine Effizienzsteigerung von bis zu 98\u00a0%","robots":{"index":"index","follow":"follow","max-snippet":"max-snippet:-1","max-image-preview":"max-image-preview:large","max-video-preview":"max-video-preview:-1"},"canonical":"https:\/\/www.babcock-wanson.com\/de\/products\/warmeruckgewinnungssysteme\/luftvorwaermung-r-eco\/","og_locale":"de_DE","og_type":"article","og_title":"Luftvorw\u00e4rmung R-Eco","og_description":"Einer der gr\u00f6\u00dften Energieverbraucher in einer Produktionsanlage ist der Kessel, aber die Luftvorw\u00e4rmung R-Eco bietet eine Effizienzsteigerung von bis zu 98\u00a0%","og_url":"https:\/\/www.babcock-wanson.com\/de\/products\/warmeruckgewinnungssysteme\/luftvorwaermung-r-eco\/","og_site_name":"Babcock Wanson","article_modified_time":"2025-04-14T10:27:18+00:00","og_image":[{"width":600,"height":400,"url":"https:\/\/www.babcock-wanson.com\/wp-content\/uploads\/2018\/09\/Air-Heating-R-Eco.png","type":"image\/png"}],"twitter_card":"summary_large_image","twitter_misc":{"Est. reading time":"1 Minute"},"schema":{"@context":"https:\/\/schema.org","@graph":[{"@type":"WebPage","@id":"https:\/\/www.babcock-wanson.com\/de\/products\/warmeruckgewinnungssysteme\/luftvorwaermung-r-eco\/","url":"https:\/\/www.babcock-wanson.com\/de\/products\/warmeruckgewinnungssysteme\/luftvorwaermung-r-eco\/","name":"Luftvorw\u00e4rmung R-Eco - Babcock Wanson","isPartOf":{"@id":"https:\/\/www.babcock-wanson.com\/de\/#website"},"primaryImageOfPage":{"@id":"https:\/\/www.babcock-wanson.com\/de\/products\/warmeruckgewinnungssysteme\/luftvorwaermung-r-eco\/#primaryimage"},"image":{"@id":"https:\/\/www.babcock-wanson.com\/de\/products\/warmeruckgewinnungssysteme\/luftvorwaermung-r-eco\/#primaryimage"},"thumbnailUrl":"https:\/\/www.babcock-wanson.com\/wp-content\/uploads\/2018\/09\/Air-Heating-R-Eco.png","datePublished":"2025-01-17T09:34:09+00:00","dateModified":"2025-04-14T10:27:18+00:00","description":"Einer der gr\u00f6\u00dften Energieverbraucher in einer Produktionsanlage ist der Kessel, aber die Luftvorw\u00e4rmung R-Eco bietet eine Effizienzsteigerung von bis zu 98\u00a0%","breadcrumb":{"@id":"https:\/\/www.babcock-wanson.com\/de\/products\/warmeruckgewinnungssysteme\/luftvorwaermung-r-eco\/#breadcrumb"},"inLanguage":"de-DE","potentialAction":[{"@type":"ReadAction","target":["https:\/\/www.babcock-wanson.com\/de\/products\/warmeruckgewinnungssysteme\/luftvorwaermung-r-eco\/"]}]},{"@type":"ImageObject","inLanguage":"de-DE","@id":"https:\/\/www.babcock-wanson.com\/de\/products\/warmeruckgewinnungssysteme\/luftvorwaermung-r-eco\/#primaryimage","url":"https:\/\/www.babcock-wanson.com\/wp-content\/uploads\/2018\/09\/Air-Heating-R-Eco.png","contentUrl":"https:\/\/www.babcock-wanson.com\/wp-content\/uploads\/2018\/09\/Air-Heating-R-Eco.png","width":600,"height":400},{"@type":"BreadcrumbList","@id":"https:\/\/www.babcock-wanson.com\/de\/products\/warmeruckgewinnungssysteme\/luftvorwaermung-r-eco\/#breadcrumb","itemListElement":[{"@type":"ListItem","position":1,"name":"Inicio","item":"https:\/\/www.babcock-wanson.com\/de\/"},{"@type":"ListItem","position":2,"name":"Produkte","item":"https:\/\/www.babcock-wanson.com\/de\/shop\/"},{"@type":"ListItem","position":3,"name":"W\u00e4rmer\u00fcckgewinnungssysteme","item":"https:\/\/www.babcock-wanson.com\/de\/produkt-kategorie\/warmeruckgewinnungssysteme\/"},{"@type":"ListItem","position":4,"name":"Luftvorw\u00e4rmung R-Eco"}]},{"@type":"WebSite","@id":"https:\/\/www.babcock-wanson.com\/de\/#website","url":"https:\/\/www.babcock-wanson.com\/de\/","name":"Babcock Wanson","description":"","publisher":{"@id":"https:\/\/www.babcock-wanson.com\/de\/#organization"},"potentialAction":[{"@type":"SearchAction","target":{"@type":"EntryPoint","urlTemplate":"https:\/\/www.babcock-wanson.com\/de\/?s={search_term_string}"},"query-input":{"@type":"PropertyValueSpecification","valueRequired":true,"valueName":"search_term_string"}}],"inLanguage":"de-DE"},{"@type":"Organization","@id":"https:\/\/www.babcock-wanson.com\/de\/#organization","name":"Babcock Wanson","url":"https:\/\/www.babcock-wanson.com\/de\/","logo":{"@type":"ImageObject","inLanguage":"de-DE","@id":"https:\/\/www.babcock-wanson.com\/de\/#\/schema\/logo\/image\/","url":"https:\/\/www.babcock-wanson.com\/wp-content\/uploads\/2024\/02\/Babcock-Wanson-1200x1200-1.png","contentUrl":"https:\/\/www.babcock-wanson.com\/wp-content\/uploads\/2024\/02\/Babcock-Wanson-1200x1200-1.png","width":1200,"height":1200,"caption":"Babcock Wanson"},"image":{"@id":"https:\/\/www.babcock-wanson.com\/de\/#\/schema\/logo\/image\/"},"sameAs":["https:\/\/www.linkedin.com\/company\/babcock-wanson\/","https:\/\/www.youtube.com\/channel\/UCtxl25VieBBsP2kYmtlyv7A"]}]}},"jetpack_sharing_enabled":true,"_links":{"self":[{"href":"https:\/\/www.babcock-wanson.com\/de\/wp-json\/wp\/v2\/product\/50287","targetHints":{"allow":["GET"]}}],"collection":[{"href":"https:\/\/www.babcock-wanson.com\/de\/wp-json\/wp\/v2\/product"}],"about":[{"href":"https:\/\/www.babcock-wanson.com\/de\/wp-json\/wp\/v2\/types\/product"}],"replies":[{"embeddable":true,"href":"https:\/\/www.babcock-wanson.com\/de\/wp-json\/wp\/v2\/comments?post=50287"}],"wp:featuredmedia":[{"embeddable":true,"href":"https:\/\/www.babcock-wanson.com\/de\/wp-json\/wp\/v2\/media\/50295"}],"wp:attachment":[{"href":"https:\/\/www.babcock-wanson.com\/de\/wp-json\/wp\/v2\/media?parent=50287"}],"wp:term":[{"taxonomy":"product_brand","embeddable":true,"href":"https:\/\/www.babcock-wanson.com\/de\/wp-json\/wp\/v2\/product_brand?post=50287"},{"taxonomy":"product_cat","embeddable":true,"href":"https:\/\/www.babcock-wanson.com\/de\/wp-json\/wp\/v2\/product_cat?post=50287"},{"taxonomy":"product_tag","embeddable":true,"href":"https:\/\/www.babcock-wanson.com\/de\/wp-json\/wp\/v2\/product_tag?post=50287"}],"curies":[{"name":"wp","href":"https:\/\/api.w.org\/{rel}","templated":true}]}}