{"id":50300,"date":"2018-09-19T12:36:08","date_gmt":"2025-01-17T09:34:10","guid":{"rendered":"https:\/\/www.babcock-wanson.com\/products\/unkategorisiert\/desodorierende-oxidationsmittel\/"},"modified":"2025-04-14T16:06:16","modified_gmt":"2025-04-14T15:06:16","slug":"desodorierende-oxidationsmittel","status":"publish","type":"product","link":"https:\/\/www.babcock-wanson.com\/de\/products\/thermische-oxidatoren\/desodorierende-oxidationsmittel\/","title":{"rendered":"Desodorierende Oxidationsmittel"},"content":{"rendered":"<div class=\"vgblk-rw-wrapper limit-wrapper\">\r\n<h3>Funktionsprinzip<\/h3>\r\nGer\u00fcche werden in der Regel bei Temperaturen von bis zu 950 \u00b0C und einer Verweilzeit von etwa 0,8 Sekunden behandelt. Ein W\u00e4rmer\u00fcckgewinnungskessel gewinnt Energie aus dem Rauchgasstrom zur\u00fcck und speist sie unter Verwendung von Dampf oder W\u00e4rmetr\u00e4germedien als W\u00e4rme\u00fcbertragungsmedium wieder in den Prozess ein. Die Verweilzeiten werden an den Prozess und die \u00f6rtlichen Vorschriften angepasst.\r\n<h3>Wof\u00fcr sind Desodorierungs-Oxidatoranlagen am besten geeignet?<\/h3>\r\nEs gibt vielf\u00e4ltige industrielle Anwendungen. Dazu geh\u00f6ren:\r\n<ul>\r\n \t<li>Industrielle Frittierprozesse<\/li>\r\n \t<li>Fleischverarbeitung<\/li>\r\n \t<li>Tierk\u00f6rperverwertung<\/li>\r\n \t<li>Kaffee- und Gerstenr\u00f6stung<\/li>\r\n \t<li>Vulkanisierung und Formung von Elastomeren<\/li>\r\n<\/ul>\r\n<h3>Vorteile von desodorierenden Oxidationsmitteln<\/h3>\r\n<ul>\r\n \t<li>Gesamteffizienz des Systems \u00fcber 99 %<\/li>\r\n \t<li>Ausgezeichnete Effizienz bei der Geruchsbek\u00e4mpfung<\/li>\r\n \t<li>M\u00f6gliche Verwendung von Tierfett als Hauptbrennstoff, mit Heiz\u00f6l oder Erdgas als Reservebrennstoff<\/li>\r\n \t<li>Optimierte Investitions- und Betriebskosten<\/li>\r\n<\/ul>\r\n<\/div><!-- .vgblk-rw-wrapper -->","protected":false},"excerpt":{"rendered":"<p>Babcock Wanson Desodorierungsoxidator sind weltweit als die beste verf\u00fcgbare Technologie zur Geruchsbek\u00e4mpfung bekannt, die bei verschiedenen Produktionsprozessen entsteht. Sie sind speziell auf die jeweiligen Anwendungen zugeschnitten und auf die besonderen Anforderungen jedes Industrieprozesses abgestimmt.<\/p>\n","protected":false},"featured_media":50302,"comment_status":"closed","ping_status":"closed","template":"","meta":{"_acf_changed":false,"_relevanssi_hide_post":"","_relevanssi_hide_content":"","_relevanssi_pin_for_all":"","_relevanssi_pin_keywords":"","_relevanssi_unpin_keywords":"","_relevanssi_related_keywords":"","_relevanssi_related_include_ids":"","_relevanssi_related_exclude_ids":"","_relevanssi_related_no_append":"","_relevanssi_related_not_related":"","_relevanssi_related_posts":"","_relevanssi_noindex_reason":""},"product_brand":[],"product_cat":[6527],"product_tag":[],"class_list":{"0":"post-50300","1":"product","2":"type-product","3":"status-publish","4":"has-post-thumbnail","6":"product_cat-thermische-oxidatoren","8":"first","9":"instock","10":"shipping-taxable","11":"product-type-simple"},"acf":[],"yoast_head":"<!-- This site is optimized with the Yoast SEO Premium plugin v27.1 (Yoast SEO v27.1.1) - https:\/\/yoast.com\/product\/yoast-seo-premium-wordpress\/ -->\n<title>Desodorierende Oxidationsmittel - Babcock Wanson<\/title>\n<meta name=\"description\" content=\"Babcock Wanson Desodorierungsoxidator sind weltweit als die beste verf\u00fcgbare Technologie zur Geruchsbek\u00e4mpfung bekannt. Klicken Sie hier, um mehr zu erfahren\" \/>\n<meta name=\"robots\" content=\"index, follow, max-snippet:-1, max-image-preview:large, max-video-preview:-1\" \/>\n<link rel=\"canonical\" href=\"https:\/\/www.babcock-wanson.com\/de\/products\/thermische-oxidatoren\/desodorierende-oxidationsmittel\/\" \/>\n<meta property=\"og:locale\" content=\"de_DE\" \/>\n<meta property=\"og:type\" content=\"article\" \/>\n<meta property=\"og:title\" content=\"Desodorierende Oxidationsmittel\" \/>\n<meta property=\"og:description\" content=\"Babcock Wanson Desodorierungsoxidator sind weltweit als die beste verf\u00fcgbare Technologie zur Geruchsbek\u00e4mpfung bekannt. Klicken Sie hier, um mehr zu erfahren\" \/>\n<meta property=\"og:url\" content=\"https:\/\/www.babcock-wanson.com\/de\/products\/thermische-oxidatoren\/desodorierende-oxidationsmittel\/\" \/>\n<meta property=\"og:site_name\" content=\"Babcock Wanson\" \/>\n<meta property=\"article:modified_time\" content=\"2025-04-14T15:06:16+00:00\" \/>\n<meta property=\"og:image\" content=\"https:\/\/www.babcock-wanson.com\/wp-content\/uploads\/2018\/09\/Deodorising-Oxidisers-5.jpg\" \/>\n\t<meta property=\"og:image:width\" content=\"600\" \/>\n\t<meta property=\"og:image:height\" content=\"400\" \/>\n\t<meta property=\"og:image:type\" content=\"image\/jpeg\" \/>\n<meta name=\"twitter:card\" content=\"summary_large_image\" \/>\n<meta name=\"twitter:label1\" content=\"Est. reading time\" \/>\n\t<meta name=\"twitter:data1\" content=\"1 Minute\" \/>\n<script type=\"application\/ld+json\" class=\"yoast-schema-graph\">{\"@context\":\"https:\/\/schema.org\",\"@graph\":[{\"@type\":\"WebPage\",\"@id\":\"https:\/\/www.babcock-wanson.com\/de\/products\/thermische-oxidatoren\/desodorierende-oxidationsmittel\/\",\"url\":\"https:\/\/www.babcock-wanson.com\/de\/products\/thermische-oxidatoren\/desodorierende-oxidationsmittel\/\",\"name\":\"Desodorierende Oxidationsmittel - Babcock Wanson\",\"isPartOf\":{\"@id\":\"https:\/\/www.babcock-wanson.com\/de\/#website\"},\"primaryImageOfPage\":{\"@id\":\"https:\/\/www.babcock-wanson.com\/de\/products\/thermische-oxidatoren\/desodorierende-oxidationsmittel\/#primaryimage\"},\"image\":{\"@id\":\"https:\/\/www.babcock-wanson.com\/de\/products\/thermische-oxidatoren\/desodorierende-oxidationsmittel\/#primaryimage\"},\"thumbnailUrl\":\"https:\/\/www.babcock-wanson.com\/wp-content\/uploads\/2018\/09\/Deodorising-Oxidisers-5.jpg\",\"datePublished\":\"2025-01-17T09:34:10+00:00\",\"dateModified\":\"2025-04-14T15:06:16+00:00\",\"description\":\"Babcock Wanson Desodorierungsoxidator sind weltweit als die beste verf\u00fcgbare Technologie zur Geruchsbek\u00e4mpfung bekannt. Klicken Sie hier, um mehr zu erfahren\",\"breadcrumb\":{\"@id\":\"https:\/\/www.babcock-wanson.com\/de\/products\/thermische-oxidatoren\/desodorierende-oxidationsmittel\/#breadcrumb\"},\"inLanguage\":\"de-DE\",\"potentialAction\":[{\"@type\":\"ReadAction\",\"target\":[\"https:\/\/www.babcock-wanson.com\/de\/products\/thermische-oxidatoren\/desodorierende-oxidationsmittel\/\"]}]},{\"@type\":\"ImageObject\",\"inLanguage\":\"de-DE\",\"@id\":\"https:\/\/www.babcock-wanson.com\/de\/products\/thermische-oxidatoren\/desodorierende-oxidationsmittel\/#primaryimage\",\"url\":\"https:\/\/www.babcock-wanson.com\/wp-content\/uploads\/2018\/09\/Deodorising-Oxidisers-5.jpg\",\"contentUrl\":\"https:\/\/www.babcock-wanson.com\/wp-content\/uploads\/2018\/09\/Deodorising-Oxidisers-5.jpg\",\"width\":600,\"height\":400},{\"@type\":\"BreadcrumbList\",\"@id\":\"https:\/\/www.babcock-wanson.com\/de\/products\/thermische-oxidatoren\/desodorierende-oxidationsmittel\/#breadcrumb\",\"itemListElement\":[{\"@type\":\"ListItem\",\"position\":1,\"name\":\"Inicio\",\"item\":\"https:\/\/www.babcock-wanson.com\/de\/\"},{\"@type\":\"ListItem\",\"position\":2,\"name\":\"Produkte\",\"item\":\"https:\/\/www.babcock-wanson.com\/de\/shop\/\"},{\"@type\":\"ListItem\",\"position\":3,\"name\":\"Thermische Oxidatoren\",\"item\":\"https:\/\/www.babcock-wanson.com\/de\/produkt-kategorie\/thermische-oxidatoren\/\"},{\"@type\":\"ListItem\",\"position\":4,\"name\":\"Desodorierende Oxidationsmittel\"}]},{\"@type\":\"WebSite\",\"@id\":\"https:\/\/www.babcock-wanson.com\/de\/#website\",\"url\":\"https:\/\/www.babcock-wanson.com\/de\/\",\"name\":\"Babcock Wanson\",\"description\":\"\",\"publisher\":{\"@id\":\"https:\/\/www.babcock-wanson.com\/de\/#organization\"},\"potentialAction\":[{\"@type\":\"SearchAction\",\"target\":{\"@type\":\"EntryPoint\",\"urlTemplate\":\"https:\/\/www.babcock-wanson.com\/de\/?s={search_term_string}\"},\"query-input\":{\"@type\":\"PropertyValueSpecification\",\"valueRequired\":true,\"valueName\":\"search_term_string\"}}],\"inLanguage\":\"de-DE\"},{\"@type\":\"Organization\",\"@id\":\"https:\/\/www.babcock-wanson.com\/de\/#organization\",\"name\":\"Babcock Wanson\",\"url\":\"https:\/\/www.babcock-wanson.com\/de\/\",\"logo\":{\"@type\":\"ImageObject\",\"inLanguage\":\"de-DE\",\"@id\":\"https:\/\/www.babcock-wanson.com\/de\/#\/schema\/logo\/image\/\",\"url\":\"https:\/\/www.babcock-wanson.com\/wp-content\/uploads\/2024\/02\/Babcock-Wanson-1200x1200-1.png\",\"contentUrl\":\"https:\/\/www.babcock-wanson.com\/wp-content\/uploads\/2024\/02\/Babcock-Wanson-1200x1200-1.png\",\"width\":1200,\"height\":1200,\"caption\":\"Babcock Wanson\"},\"image\":{\"@id\":\"https:\/\/www.babcock-wanson.com\/de\/#\/schema\/logo\/image\/\"},\"sameAs\":[\"https:\/\/www.linkedin.com\/company\/babcock-wanson\/\",\"https:\/\/www.youtube.com\/channel\/UCtxl25VieBBsP2kYmtlyv7A\"]}]}<\/script>\n<!-- \/ Yoast SEO Premium plugin. -->","yoast_head_json":{"title":"Desodorierende Oxidationsmittel - Babcock Wanson","description":"Babcock Wanson Desodorierungsoxidator sind weltweit als die beste verf\u00fcgbare Technologie zur Geruchsbek\u00e4mpfung bekannt. Klicken Sie hier, um mehr zu erfahren","robots":{"index":"index","follow":"follow","max-snippet":"max-snippet:-1","max-image-preview":"max-image-preview:large","max-video-preview":"max-video-preview:-1"},"canonical":"https:\/\/www.babcock-wanson.com\/de\/products\/thermische-oxidatoren\/desodorierende-oxidationsmittel\/","og_locale":"de_DE","og_type":"article","og_title":"Desodorierende Oxidationsmittel","og_description":"Babcock Wanson Desodorierungsoxidator sind weltweit als die beste verf\u00fcgbare Technologie zur Geruchsbek\u00e4mpfung bekannt. Klicken Sie hier, um mehr zu erfahren","og_url":"https:\/\/www.babcock-wanson.com\/de\/products\/thermische-oxidatoren\/desodorierende-oxidationsmittel\/","og_site_name":"Babcock Wanson","article_modified_time":"2025-04-14T15:06:16+00:00","og_image":[{"width":600,"height":400,"url":"https:\/\/www.babcock-wanson.com\/wp-content\/uploads\/2018\/09\/Deodorising-Oxidisers-5.jpg","type":"image\/jpeg"}],"twitter_card":"summary_large_image","twitter_misc":{"Est. reading time":"1 Minute"},"schema":{"@context":"https:\/\/schema.org","@graph":[{"@type":"WebPage","@id":"https:\/\/www.babcock-wanson.com\/de\/products\/thermische-oxidatoren\/desodorierende-oxidationsmittel\/","url":"https:\/\/www.babcock-wanson.com\/de\/products\/thermische-oxidatoren\/desodorierende-oxidationsmittel\/","name":"Desodorierende Oxidationsmittel - Babcock Wanson","isPartOf":{"@id":"https:\/\/www.babcock-wanson.com\/de\/#website"},"primaryImageOfPage":{"@id":"https:\/\/www.babcock-wanson.com\/de\/products\/thermische-oxidatoren\/desodorierende-oxidationsmittel\/#primaryimage"},"image":{"@id":"https:\/\/www.babcock-wanson.com\/de\/products\/thermische-oxidatoren\/desodorierende-oxidationsmittel\/#primaryimage"},"thumbnailUrl":"https:\/\/www.babcock-wanson.com\/wp-content\/uploads\/2018\/09\/Deodorising-Oxidisers-5.jpg","datePublished":"2025-01-17T09:34:10+00:00","dateModified":"2025-04-14T15:06:16+00:00","description":"Babcock Wanson Desodorierungsoxidator sind weltweit als die beste verf\u00fcgbare Technologie zur Geruchsbek\u00e4mpfung bekannt. Klicken Sie hier, um mehr zu erfahren","breadcrumb":{"@id":"https:\/\/www.babcock-wanson.com\/de\/products\/thermische-oxidatoren\/desodorierende-oxidationsmittel\/#breadcrumb"},"inLanguage":"de-DE","potentialAction":[{"@type":"ReadAction","target":["https:\/\/www.babcock-wanson.com\/de\/products\/thermische-oxidatoren\/desodorierende-oxidationsmittel\/"]}]},{"@type":"ImageObject","inLanguage":"de-DE","@id":"https:\/\/www.babcock-wanson.com\/de\/products\/thermische-oxidatoren\/desodorierende-oxidationsmittel\/#primaryimage","url":"https:\/\/www.babcock-wanson.com\/wp-content\/uploads\/2018\/09\/Deodorising-Oxidisers-5.jpg","contentUrl":"https:\/\/www.babcock-wanson.com\/wp-content\/uploads\/2018\/09\/Deodorising-Oxidisers-5.jpg","width":600,"height":400},{"@type":"BreadcrumbList","@id":"https:\/\/www.babcock-wanson.com\/de\/products\/thermische-oxidatoren\/desodorierende-oxidationsmittel\/#breadcrumb","itemListElement":[{"@type":"ListItem","position":1,"name":"Inicio","item":"https:\/\/www.babcock-wanson.com\/de\/"},{"@type":"ListItem","position":2,"name":"Produkte","item":"https:\/\/www.babcock-wanson.com\/de\/shop\/"},{"@type":"ListItem","position":3,"name":"Thermische Oxidatoren","item":"https:\/\/www.babcock-wanson.com\/de\/produkt-kategorie\/thermische-oxidatoren\/"},{"@type":"ListItem","position":4,"name":"Desodorierende Oxidationsmittel"}]},{"@type":"WebSite","@id":"https:\/\/www.babcock-wanson.com\/de\/#website","url":"https:\/\/www.babcock-wanson.com\/de\/","name":"Babcock Wanson","description":"","publisher":{"@id":"https:\/\/www.babcock-wanson.com\/de\/#organization"},"potentialAction":[{"@type":"SearchAction","target":{"@type":"EntryPoint","urlTemplate":"https:\/\/www.babcock-wanson.com\/de\/?s={search_term_string}"},"query-input":{"@type":"PropertyValueSpecification","valueRequired":true,"valueName":"search_term_string"}}],"inLanguage":"de-DE"},{"@type":"Organization","@id":"https:\/\/www.babcock-wanson.com\/de\/#organization","name":"Babcock Wanson","url":"https:\/\/www.babcock-wanson.com\/de\/","logo":{"@type":"ImageObject","inLanguage":"de-DE","@id":"https:\/\/www.babcock-wanson.com\/de\/#\/schema\/logo\/image\/","url":"https:\/\/www.babcock-wanson.com\/wp-content\/uploads\/2024\/02\/Babcock-Wanson-1200x1200-1.png","contentUrl":"https:\/\/www.babcock-wanson.com\/wp-content\/uploads\/2024\/02\/Babcock-Wanson-1200x1200-1.png","width":1200,"height":1200,"caption":"Babcock Wanson"},"image":{"@id":"https:\/\/www.babcock-wanson.com\/de\/#\/schema\/logo\/image\/"},"sameAs":["https:\/\/www.linkedin.com\/company\/babcock-wanson\/","https:\/\/www.youtube.com\/channel\/UCtxl25VieBBsP2kYmtlyv7A"]}]}},"jetpack_sharing_enabled":true,"_links":{"self":[{"href":"https:\/\/www.babcock-wanson.com\/de\/wp-json\/wp\/v2\/product\/50300","targetHints":{"allow":["GET"]}}],"collection":[{"href":"https:\/\/www.babcock-wanson.com\/de\/wp-json\/wp\/v2\/product"}],"about":[{"href":"https:\/\/www.babcock-wanson.com\/de\/wp-json\/wp\/v2\/types\/product"}],"replies":[{"embeddable":true,"href":"https:\/\/www.babcock-wanson.com\/de\/wp-json\/wp\/v2\/comments?post=50300"}],"wp:featuredmedia":[{"embeddable":true,"href":"https:\/\/www.babcock-wanson.com\/de\/wp-json\/wp\/v2\/media\/50302"}],"wp:attachment":[{"href":"https:\/\/www.babcock-wanson.com\/de\/wp-json\/wp\/v2\/media?parent=50300"}],"wp:term":[{"taxonomy":"product_brand","embeddable":true,"href":"https:\/\/www.babcock-wanson.com\/de\/wp-json\/wp\/v2\/product_brand?post=50300"},{"taxonomy":"product_cat","embeddable":true,"href":"https:\/\/www.babcock-wanson.com\/de\/wp-json\/wp\/v2\/product_cat?post=50300"},{"taxonomy":"product_tag","embeddable":true,"href":"https:\/\/www.babcock-wanson.com\/de\/wp-json\/wp\/v2\/product_tag?post=50300"}],"curies":[{"name":"wp","href":"https:\/\/api.w.org\/{rel}","templated":true}]}}