{"id":50323,"date":"2019-02-05T12:46:01","date_gmt":"2025-01-17T09:34:13","guid":{"rendered":"https:\/\/www.babcock-wanson.com\/products\/unkategorisiert\/vap-hp\/"},"modified":"2025-04-09T17:46:11","modified_gmt":"2025-04-09T16:46:11","slug":"vap-hp","status":"publish","type":"product","link":"https:\/\/www.babcock-wanson.com\/de\/products\/rohrschlangendampfkessel\/vap-hp\/","title":{"rendered":"VAP-HP"},"content":{"rendered":"<div class=\"vgblk-rw-wrapper limit-wrapper\">\r\n<h3>Einfache Installation und Wartung<\/h3>\r\n<ul>\r\n<li>Ein integrierter Brenner und ein integriertes Steuerungssystem sorgen f\u00fcr einen vollautomatischen Betrieb \u2013 alles vormontiert und verkabelt f\u00fcr eine einfache Installation am Standort<\/li>\r\n<li>Wird anschlussfertig f\u00fcr die Wasser-, Dampf-, Strom- und Brennstoffversorgung geliefert<\/li>\r\n<li>Vertikale Konfiguration sorgt f\u00fcr minimalen Platzbedarf<\/li>\r\n<li>Keine externen Kondensattank oder -beh\u00e4lter erforderlich \u2013 die Systemverrohrung bietet alle erforderlichen Kondensatspeicher<\/li>\r\n<li>Keine Ventile, Armaturen oder Ableiter im Kreislauf. Keine Speise- oder Umlaufpumpen<\/li>\r\n<li>Der Wassergehalt wird kontinuierlich durch elektronische, ausfallsichere Duplexger\u00e4te \u00fcberwacht. Bei Bedarf kann eine zus\u00e4tzliche Fr\u00fchwarneinheit eingebaut werden<\/li>\r\n<\/ul>\r\n<h3>Zuverl\u00e4ssiger Betrieb<\/h3>\r\n<ul>\r\n<li>Die VAP-HP-Design umfasst eine umfassende Anordnung von Sicherheitsvorrichtungen, nicht nur zum Schutz der Anlage und zur allgemeinen Sicherheit, sondern auch zur Gew\u00e4hrleistung einer maximalen Verf\u00fcgbarkeit der Anlage<\/li>\r\n<li>Dampfdruckbegrenzungsventile sind in der Regel mit einem Berstscheibenschutz ausgestattet, um die vollst\u00e4ndige Dichtheit des Systems zu gew\u00e4hrleisten<\/li>\r\n<li>Sehr hohe Gesamteffizienz der Anlage. Keine Systemverluste<\/li>\r\n<li>Hoher Feuerungswirkungsgrad<\/li>\r\n<\/ul>\r\n<h3>Umweltfreundlich<\/h3>\r\n<ul>\r\n<li>Der integrierte Babcock Wanson-Brenner sorgt f\u00fcr minimalen Stromverbrauch, einfache Wartung und die Einhaltung der Emissionsstandards<\/li>\r\n<li>Keine regelm\u00e4\u00dfige <a href=\"https:\/\/www.babcock-wanson.com\/de\/produkt-kategorie\/industrielle-wasseraufbereitung\/\" target=\"_blank\" rel=\"noopener\">Wasseraufbereitung<\/a>, kein Chemikalienverbrauch oder Abschl\u00e4mmen erforderlich<\/li>\r\n<\/ul>\r\n<h2>VAP HP Hochdruck-Dampferzeuger<\/h2>\r\n<table>\r\n<tbody>\r\n<tr>\r\n<th>VAP HP<\/th>\r\n<th>Modell<\/th>\r\n<th>200<\/th>\r\n<th>400<\/th>\r\n<th>600<\/th>\r\n<th>1000<\/th>\r\n<th>1500<\/th>\r\n<th>2000<\/th>\r\n<\/tr>\r\n<tr>\r\n<th>Dampferzeugung<\/th>\r\n<td>kg\/h<\/td>\r\n<td>608<\/td>\r\n<td>1216<\/td>\r\n<td>1824<\/td>\r\n<td>3040<\/td>\r\n<td>4560<\/td>\r\n<td>6080<\/td>\r\n<\/tr>\r\n<tr>\r\n<th>Nettokapazit\u00e4t<\/th>\r\n<td>kW<\/td>\r\n<td>232<\/td>\r\n<td>465<\/td>\r\n<td>698<\/td>\r\n<td>1163<\/td>\r\n<td>1745<\/td>\r\n<td>2325<\/td>\r\n<\/tr>\r\n<\/tbody>\r\n<\/table>\r\n<p>Hinweis \u2013 Die Dampferzeugung erfolgt trocken ges\u00e4ttigt bei 90 barg<\/p><\/div><!-- .vgblk-rw-wrapper -->","protected":false},"excerpt":{"rendered":"<p><strong>Von 232 bis 2.325 kW \u2013 Betriebsdruck bis zu 100 barg<br \/><\/strong>VAP-HP ist ein Hochdruck-Dampferzeuger mit nat\u00fcrlicher Zirkulation, der f\u00fcr den Betrieb in einem geschlossenen Dampf- und Kondensatsystem ausgelegt ist. Diese Art von geschlossener Regelkreis-Konfiguration bietet eine sehr hohe Gesamteffizienz und minimale Systemverluste im gesamten Betriebsbereich. Da kein Abschl\u00e4mmen, kein enth\u00e4rtetes Zusatzwasser und keine fortlaufende Chemikaliendosierung erforderlich ist, handelt es sich hierbei um die kosteng\u00fcnstigste und umweltfreundlichste Konstruktion von Ausr\u00fcstungen f\u00fcr die Dampferzeugung.<\/p>\n<p>In der einfachsten Anwendung wird die VAP-HP-Einheit in Verbindung mit einem einzelnen Verbraucher betrieben. Der vom Kessel erzeugte Dampf kondensiert an der W\u00e4rmeaustauschfl\u00e4che des Verbrauchers und erzeugt Kondensat, das durch die Schwerkraft zum Kessel zur\u00fcckflie\u00dft und dort erneut erhitzt wird. VAP-HP erfordert nur minimalen Verbrauch von Versorgungsleistungen oder Nutzung von Raum.<\/p>\n<p>Der VAP-HP-Dampferzeuger wurde f\u00fcr den Einsatz in einer Vielzahl von Industriezweigen entwickelt und ist in der Lage, alle Chargen-, kontinuierlichen oder halbkontinuierlichen Prozesse zu bedienen.<\/p>\n","protected":false},"featured_media":50333,"comment_status":"closed","ping_status":"closed","template":"","meta":{"_acf_changed":false,"_relevanssi_hide_post":"","_relevanssi_hide_content":"","_relevanssi_pin_for_all":"","_relevanssi_pin_keywords":"","_relevanssi_unpin_keywords":"","_relevanssi_related_keywords":"","_relevanssi_related_include_ids":"","_relevanssi_related_exclude_ids":"","_relevanssi_related_no_append":"","_relevanssi_related_not_related":"","_relevanssi_related_posts":"","_relevanssi_noindex_reason":""},"product_brand":[],"product_cat":[6519,6522],"product_tag":[],"class_list":{"0":"post-50323","1":"product","2":"type-product","3":"status-publish","4":"has-post-thumbnail","6":"product_cat-dampfkessel","7":"product_cat-rohrschlangendampfkessel","9":"first","10":"instock","11":"shipping-taxable","12":"product-type-simple"},"acf":[],"yoast_head":"<!-- This site is optimized with the Yoast SEO Premium plugin v27.4 (Yoast SEO v27.4) - https:\/\/yoast.com\/product\/yoast-seo-premium-wordpress\/ -->\n<title>VAP-HP - Babcock Wanson<\/title>\n<meta name=\"description\" content=\"VAP-HP ist ein Hochdruck-Dampferzeuger mit nat\u00fcrlicher Zirkulation, der f\u00fcr den Betrieb in einem geschlossenen Dampf- und Kondensatsystem ausgelegt ist. Zur \u00dcberpr\u00fcfung hier klicken\" \/>\n<meta name=\"robots\" content=\"index, follow, max-snippet:-1, max-image-preview:large, max-video-preview:-1\" \/>\n<link rel=\"canonical\" href=\"https:\/\/www.babcock-wanson.com\/de\/products\/rohrschlangendampfkessel\/vap-hp\/\" \/>\n<meta property=\"og:locale\" content=\"de_DE\" \/>\n<meta property=\"og:type\" content=\"article\" \/>\n<meta property=\"og:title\" content=\"VAP-HP\" \/>\n<meta property=\"og:description\" content=\"VAP-HP ist ein Hochdruck-Dampferzeuger mit nat\u00fcrlicher Zirkulation, der f\u00fcr den Betrieb in einem geschlossenen Dampf- und Kondensatsystem ausgelegt ist. Zur \u00dcberpr\u00fcfung hier klicken\" \/>\n<meta property=\"og:url\" content=\"https:\/\/www.babcock-wanson.com\/de\/products\/rohrschlangendampfkessel\/vap-hp\/\" \/>\n<meta property=\"og:site_name\" content=\"Babcock Wanson\" \/>\n<meta property=\"article:modified_time\" content=\"2025-04-09T16:46:11+00:00\" \/>\n<meta property=\"og:image\" content=\"https:\/\/www.babcock-wanson.com\/wp-content\/uploads\/2019\/02\/VAP-HP-steam-generator-5.jpg\" \/>\n\t<meta property=\"og:image:width\" content=\"600\" \/>\n\t<meta property=\"og:image:height\" content=\"400\" \/>\n\t<meta property=\"og:image:type\" content=\"image\/jpeg\" \/>\n<meta name=\"twitter:card\" content=\"summary_large_image\" \/>\n<meta name=\"twitter:label1\" content=\"Est. reading time\" \/>\n\t<meta name=\"twitter:data1\" content=\"2 Minuten\" \/>\n<script type=\"application\/ld+json\" class=\"yoast-schema-graph\">{\"@context\":\"https:\\\/\\\/schema.org\",\"@graph\":[{\"@type\":\"WebPage\",\"@id\":\"https:\\\/\\\/www.babcock-wanson.com\\\/de\\\/products\\\/rohrschlangendampfkessel\\\/vap-hp\\\/\",\"url\":\"https:\\\/\\\/www.babcock-wanson.com\\\/de\\\/products\\\/rohrschlangendampfkessel\\\/vap-hp\\\/\",\"name\":\"VAP-HP - Babcock Wanson\",\"isPartOf\":{\"@id\":\"https:\\\/\\\/www.babcock-wanson.com\\\/de\\\/#website\"},\"primaryImageOfPage\":{\"@id\":\"https:\\\/\\\/www.babcock-wanson.com\\\/de\\\/products\\\/rohrschlangendampfkessel\\\/vap-hp\\\/#primaryimage\"},\"image\":{\"@id\":\"https:\\\/\\\/www.babcock-wanson.com\\\/de\\\/products\\\/rohrschlangendampfkessel\\\/vap-hp\\\/#primaryimage\"},\"thumbnailUrl\":\"https:\\\/\\\/www.babcock-wanson.com\\\/wp-content\\\/uploads\\\/2019\\\/02\\\/VAP-HP-steam-generator-5.jpg\",\"datePublished\":\"2025-01-17T09:34:13+00:00\",\"dateModified\":\"2025-04-09T16:46:11+00:00\",\"description\":\"VAP-HP ist ein Hochdruck-Dampferzeuger mit nat\u00fcrlicher Zirkulation, der f\u00fcr den Betrieb in einem geschlossenen Dampf- und Kondensatsystem ausgelegt ist. Zur \u00dcberpr\u00fcfung hier klicken\",\"breadcrumb\":{\"@id\":\"https:\\\/\\\/www.babcock-wanson.com\\\/de\\\/products\\\/rohrschlangendampfkessel\\\/vap-hp\\\/#breadcrumb\"},\"inLanguage\":\"de-DE\",\"potentialAction\":[{\"@type\":\"ReadAction\",\"target\":[\"https:\\\/\\\/www.babcock-wanson.com\\\/de\\\/products\\\/rohrschlangendampfkessel\\\/vap-hp\\\/\"]}]},{\"@type\":\"ImageObject\",\"inLanguage\":\"de-DE\",\"@id\":\"https:\\\/\\\/www.babcock-wanson.com\\\/de\\\/products\\\/rohrschlangendampfkessel\\\/vap-hp\\\/#primaryimage\",\"url\":\"https:\\\/\\\/www.babcock-wanson.com\\\/wp-content\\\/uploads\\\/2019\\\/02\\\/VAP-HP-steam-generator-5.jpg\",\"contentUrl\":\"https:\\\/\\\/www.babcock-wanson.com\\\/wp-content\\\/uploads\\\/2019\\\/02\\\/VAP-HP-steam-generator-5.jpg\",\"width\":600,\"height\":400},{\"@type\":\"BreadcrumbList\",\"@id\":\"https:\\\/\\\/www.babcock-wanson.com\\\/de\\\/products\\\/rohrschlangendampfkessel\\\/vap-hp\\\/#breadcrumb\",\"itemListElement\":[{\"@type\":\"ListItem\",\"position\":1,\"name\":\"Inicio\",\"item\":\"https:\\\/\\\/www.babcock-wanson.com\\\/de\\\/\"},{\"@type\":\"ListItem\",\"position\":2,\"name\":\"Produkte\",\"item\":\"https:\\\/\\\/www.babcock-wanson.com\\\/de\\\/shop\\\/\"},{\"@type\":\"ListItem\",\"position\":3,\"name\":\"Rohrschlangendampfkessel\",\"item\":\"https:\\\/\\\/www.babcock-wanson.com\\\/de\\\/produkt-kategorie\\\/rohrschlangendampfkessel\\\/\"},{\"@type\":\"ListItem\",\"position\":4,\"name\":\"VAP-HP\"}]},{\"@type\":\"WebSite\",\"@id\":\"https:\\\/\\\/www.babcock-wanson.com\\\/de\\\/#website\",\"url\":\"https:\\\/\\\/www.babcock-wanson.com\\\/de\\\/\",\"name\":\"Babcock Wanson\",\"description\":\"\",\"publisher\":{\"@id\":\"https:\\\/\\\/www.babcock-wanson.com\\\/de\\\/#organization\"},\"potentialAction\":[{\"@type\":\"SearchAction\",\"target\":{\"@type\":\"EntryPoint\",\"urlTemplate\":\"https:\\\/\\\/www.babcock-wanson.com\\\/de\\\/?s={search_term_string}\"},\"query-input\":{\"@type\":\"PropertyValueSpecification\",\"valueRequired\":true,\"valueName\":\"search_term_string\"}}],\"inLanguage\":\"de-DE\"},{\"@type\":\"Organization\",\"@id\":\"https:\\\/\\\/www.babcock-wanson.com\\\/de\\\/#organization\",\"name\":\"Babcock Wanson\",\"url\":\"https:\\\/\\\/www.babcock-wanson.com\\\/de\\\/\",\"logo\":{\"@type\":\"ImageObject\",\"inLanguage\":\"de-DE\",\"@id\":\"https:\\\/\\\/www.babcock-wanson.com\\\/de\\\/#\\\/schema\\\/logo\\\/image\\\/\",\"url\":\"https:\\\/\\\/www.babcock-wanson.com\\\/wp-content\\\/uploads\\\/2024\\\/02\\\/Babcock-Wanson-1200x1200-1.png\",\"contentUrl\":\"https:\\\/\\\/www.babcock-wanson.com\\\/wp-content\\\/uploads\\\/2024\\\/02\\\/Babcock-Wanson-1200x1200-1.png\",\"width\":1200,\"height\":1200,\"caption\":\"Babcock Wanson\"},\"image\":{\"@id\":\"https:\\\/\\\/www.babcock-wanson.com\\\/de\\\/#\\\/schema\\\/logo\\\/image\\\/\"},\"sameAs\":[\"https:\\\/\\\/www.linkedin.com\\\/company\\\/babcock-wanson\\\/\",\"https:\\\/\\\/www.youtube.com\\\/channel\\\/UCtxl25VieBBsP2kYmtlyv7A\"]}]}<\/script>\n<!-- \/ Yoast SEO Premium plugin. -->","yoast_head_json":{"title":"VAP-HP - Babcock Wanson","description":"VAP-HP ist ein Hochdruck-Dampferzeuger mit nat\u00fcrlicher Zirkulation, der f\u00fcr den Betrieb in einem geschlossenen Dampf- und Kondensatsystem ausgelegt ist. Zur \u00dcberpr\u00fcfung hier klicken","robots":{"index":"index","follow":"follow","max-snippet":"max-snippet:-1","max-image-preview":"max-image-preview:large","max-video-preview":"max-video-preview:-1"},"canonical":"https:\/\/www.babcock-wanson.com\/de\/products\/rohrschlangendampfkessel\/vap-hp\/","og_locale":"de_DE","og_type":"article","og_title":"VAP-HP","og_description":"VAP-HP ist ein Hochdruck-Dampferzeuger mit nat\u00fcrlicher Zirkulation, der f\u00fcr den Betrieb in einem geschlossenen Dampf- und Kondensatsystem ausgelegt ist. Zur \u00dcberpr\u00fcfung hier klicken","og_url":"https:\/\/www.babcock-wanson.com\/de\/products\/rohrschlangendampfkessel\/vap-hp\/","og_site_name":"Babcock Wanson","article_modified_time":"2025-04-09T16:46:11+00:00","og_image":[{"width":600,"height":400,"url":"https:\/\/www.babcock-wanson.com\/wp-content\/uploads\/2019\/02\/VAP-HP-steam-generator-5.jpg","type":"image\/jpeg"}],"twitter_card":"summary_large_image","twitter_misc":{"Est. reading time":"2 Minuten"},"schema":{"@context":"https:\/\/schema.org","@graph":[{"@type":"WebPage","@id":"https:\/\/www.babcock-wanson.com\/de\/products\/rohrschlangendampfkessel\/vap-hp\/","url":"https:\/\/www.babcock-wanson.com\/de\/products\/rohrschlangendampfkessel\/vap-hp\/","name":"VAP-HP - Babcock Wanson","isPartOf":{"@id":"https:\/\/www.babcock-wanson.com\/de\/#website"},"primaryImageOfPage":{"@id":"https:\/\/www.babcock-wanson.com\/de\/products\/rohrschlangendampfkessel\/vap-hp\/#primaryimage"},"image":{"@id":"https:\/\/www.babcock-wanson.com\/de\/products\/rohrschlangendampfkessel\/vap-hp\/#primaryimage"},"thumbnailUrl":"https:\/\/www.babcock-wanson.com\/wp-content\/uploads\/2019\/02\/VAP-HP-steam-generator-5.jpg","datePublished":"2025-01-17T09:34:13+00:00","dateModified":"2025-04-09T16:46:11+00:00","description":"VAP-HP ist ein Hochdruck-Dampferzeuger mit nat\u00fcrlicher Zirkulation, der f\u00fcr den Betrieb in einem geschlossenen Dampf- und Kondensatsystem ausgelegt ist. Zur \u00dcberpr\u00fcfung hier klicken","breadcrumb":{"@id":"https:\/\/www.babcock-wanson.com\/de\/products\/rohrschlangendampfkessel\/vap-hp\/#breadcrumb"},"inLanguage":"de-DE","potentialAction":[{"@type":"ReadAction","target":["https:\/\/www.babcock-wanson.com\/de\/products\/rohrschlangendampfkessel\/vap-hp\/"]}]},{"@type":"ImageObject","inLanguage":"de-DE","@id":"https:\/\/www.babcock-wanson.com\/de\/products\/rohrschlangendampfkessel\/vap-hp\/#primaryimage","url":"https:\/\/www.babcock-wanson.com\/wp-content\/uploads\/2019\/02\/VAP-HP-steam-generator-5.jpg","contentUrl":"https:\/\/www.babcock-wanson.com\/wp-content\/uploads\/2019\/02\/VAP-HP-steam-generator-5.jpg","width":600,"height":400},{"@type":"BreadcrumbList","@id":"https:\/\/www.babcock-wanson.com\/de\/products\/rohrschlangendampfkessel\/vap-hp\/#breadcrumb","itemListElement":[{"@type":"ListItem","position":1,"name":"Inicio","item":"https:\/\/www.babcock-wanson.com\/de\/"},{"@type":"ListItem","position":2,"name":"Produkte","item":"https:\/\/www.babcock-wanson.com\/de\/shop\/"},{"@type":"ListItem","position":3,"name":"Rohrschlangendampfkessel","item":"https:\/\/www.babcock-wanson.com\/de\/produkt-kategorie\/rohrschlangendampfkessel\/"},{"@type":"ListItem","position":4,"name":"VAP-HP"}]},{"@type":"WebSite","@id":"https:\/\/www.babcock-wanson.com\/de\/#website","url":"https:\/\/www.babcock-wanson.com\/de\/","name":"Babcock Wanson","description":"","publisher":{"@id":"https:\/\/www.babcock-wanson.com\/de\/#organization"},"potentialAction":[{"@type":"SearchAction","target":{"@type":"EntryPoint","urlTemplate":"https:\/\/www.babcock-wanson.com\/de\/?s={search_term_string}"},"query-input":{"@type":"PropertyValueSpecification","valueRequired":true,"valueName":"search_term_string"}}],"inLanguage":"de-DE"},{"@type":"Organization","@id":"https:\/\/www.babcock-wanson.com\/de\/#organization","name":"Babcock Wanson","url":"https:\/\/www.babcock-wanson.com\/de\/","logo":{"@type":"ImageObject","inLanguage":"de-DE","@id":"https:\/\/www.babcock-wanson.com\/de\/#\/schema\/logo\/image\/","url":"https:\/\/www.babcock-wanson.com\/wp-content\/uploads\/2024\/02\/Babcock-Wanson-1200x1200-1.png","contentUrl":"https:\/\/www.babcock-wanson.com\/wp-content\/uploads\/2024\/02\/Babcock-Wanson-1200x1200-1.png","width":1200,"height":1200,"caption":"Babcock Wanson"},"image":{"@id":"https:\/\/www.babcock-wanson.com\/de\/#\/schema\/logo\/image\/"},"sameAs":["https:\/\/www.linkedin.com\/company\/babcock-wanson\/","https:\/\/www.youtube.com\/channel\/UCtxl25VieBBsP2kYmtlyv7A"]}]}},"jetpack_sharing_enabled":true,"_links":{"self":[{"href":"https:\/\/www.babcock-wanson.com\/de\/wp-json\/wp\/v2\/product\/50323","targetHints":{"allow":["GET"]}}],"collection":[{"href":"https:\/\/www.babcock-wanson.com\/de\/wp-json\/wp\/v2\/product"}],"about":[{"href":"https:\/\/www.babcock-wanson.com\/de\/wp-json\/wp\/v2\/types\/product"}],"replies":[{"embeddable":true,"href":"https:\/\/www.babcock-wanson.com\/de\/wp-json\/wp\/v2\/comments?post=50323"}],"wp:featuredmedia":[{"embeddable":true,"href":"https:\/\/www.babcock-wanson.com\/de\/wp-json\/wp\/v2\/media\/50333"}],"wp:attachment":[{"href":"https:\/\/www.babcock-wanson.com\/de\/wp-json\/wp\/v2\/media?parent=50323"}],"wp:term":[{"taxonomy":"product_brand","embeddable":true,"href":"https:\/\/www.babcock-wanson.com\/de\/wp-json\/wp\/v2\/product_brand?post=50323"},{"taxonomy":"product_cat","embeddable":true,"href":"https:\/\/www.babcock-wanson.com\/de\/wp-json\/wp\/v2\/product_cat?post=50323"},{"taxonomy":"product_tag","embeddable":true,"href":"https:\/\/www.babcock-wanson.com\/de\/wp-json\/wp\/v2\/product_tag?post=50323"}],"curies":[{"name":"wp","href":"https:\/\/api.w.org\/{rel}","templated":true}]}}