{"id":50339,"date":"2019-02-12T11:14:04","date_gmt":"2025-01-17T09:34:15","guid":{"rendered":"https:\/\/www.babcock-wanson.com\/products\/unkategorisiert\/vap-bp\/"},"modified":"2025-04-09T16:50:17","modified_gmt":"2025-04-09T15:50:17","slug":"vap-bp","status":"publish","type":"product","link":"https:\/\/www.babcock-wanson.com\/de\/products\/flammrohrdampfkessel\/vap-bp\/","title":{"rendered":"VAP-BP"},"content":{"rendered":"<div class=\"vgblk-rw-wrapper limit-wrapper\">\r\n<h3>Erzeugung von Niederdruckdampf<\/h3>\r\nVAP BP ist f\u00fcr die Erzeugung von Niederdruckdampf ([1]0,5 barg) ausgelegt, um eine Vielzahl von Industrieprozessen zu bedienen, die keinen hohen Druck erfordern. VAP BP vermeidet unn\u00f6tigen Energieverbrauch, indem es Dampf mit dem gew\u00fcnschten Betriebsdruck bereitstellt, ohne dass teure Ausr\u00fcstung zur Reduzierung des Dampfdrucks erforderlich ist.\r\n\r\nDer VAP BP ist ein Zweizugkessel mit einer gro\u00dfen Verbrennungskammer und einem gro\u00dfen Gesamtwassergehalt, der ihm hilft, schnell wechselnde Dampflasten und hohe Bedarfsspitzen zu bew\u00e4ltigen. Aufgrund der niedrigen Dampfbetriebstemperatur und der gro\u00dfz\u00fcgigen Heizfl\u00e4che kann, basierend auf dem Nettoheizwert des Brennstoffs, eine hohe Betriebseffizienz von bis zu 92 % erreicht werden.\r\n\r\nDie VAP BP-Serie ist mit der neuesten Brennertechnologie ausgestattet, die sicherstellt, dass alle Emissionsvorschriften eingehalten werden.\r\n<h3>VAP BP Merkmale<\/h3>\r\n<ul>\r\n \t<li>Betriebsdruck\/Temperatur\u00a0 &lt;0.5 bar \/ 110 \u00b0C<\/li>\r\n \t<li>Sehr geringe W\u00e4rmeverluste<\/li>\r\n \t<li>Gro\u00dfes Wasservolumen f\u00fcr kontinuierliche und intermittierende Dampflasten<\/li>\r\n \t<li>Einfache Installation und Verwendung aufgrund des Niederdruckbetriebs<\/li>\r\n \t<li>In vielen europ\u00e4ischen L\u00e4ndern von der Dampfregulierung ausgenommen<\/li>\r\n \t<li>Gro\u00dfer Feuerraum f\u00fcr stressfreien Betrieb<\/li>\r\n \t<li>F\u00fcr den Betrieb mit gasf\u00f6rmigen Brennstoffen und leichtem Heiz\u00f6l ausgelegt<\/li>\r\n \t<li>Geringe Stickoxid- und Kohlenmonoxidemissionen<\/li>\r\n \t<li>Kann ohne Pumpe direkt mit dem Wasserdruck der Hauptwasserleitung betrieben werden<\/li>\r\n \t<li>Vereinfachte Wartungsanforderungen<\/li>\r\n<\/ul>\r\nVAP BP eignet sich perfekt f\u00fcr Prozesse wie industrielle W\u00e4schereien, bestimmte Lebensmittelprozesse oder jeden anderen Dampfbedarf an Niederdruckdampf.\r\n<h2>Dampfkessel VAP BP<\/h2>\r\n<table>\r\n<tbody>\r\n<tr>\r\n<th>Modell<\/th>\r\n<th><\/th>\r\n<th>140<\/th>\r\n<th>200<\/th>\r\n<th>300<\/th>\r\n<th>400<\/th>\r\n<th>500<\/th>\r\n<th>700<\/th>\r\n<th>800<\/th>\r\n<th>1000<\/th>\r\n<\/tr>\r\n<tr>\r\n<th>Dampfleistung (1)<\/th>\r\n<th>Kg\/h<\/th>\r\n<td>140<\/td>\r\n<td>200<\/td>\r\n<td>300<\/td>\r\n<td>400<\/td>\r\n<td>500<\/td>\r\n<td>700<\/td>\r\n<td>800<\/td>\r\n<td>1000<\/td>\r\n<\/tr>\r\n<tr>\r\n<th>Leistungsausgabe<\/th>\r\n<th>kW<\/th>\r\n<td>94<\/td>\r\n<td>134<\/td>\r\n<td>201<\/td>\r\n<td>268<\/td>\r\n<td>335<\/td>\r\n<td>469<\/td>\r\n<td>536<\/td>\r\n<td>670<\/td>\r\n<\/tr>\r\n<tr>\r\n<th>Breite A<\/th>\r\n<th>mm<\/th>\r\n<td>1658<\/td>\r\n<td>1658<\/td>\r\n<td>1743<\/td>\r\n<td>1743<\/td>\r\n<td>1865<\/td>\r\n<td>1865<\/td>\r\n<td>2050<\/td>\r\n<td>2050<\/td>\r\n<\/tr>\r\n<tr>\r\n<th>L\u00e4nge B (2)<\/th>\r\n<th>mm<\/th>\r\n<td>1739<\/td>\r\n<td>1809<\/td>\r\n<td>2057<\/td>\r\n<td>2057<\/td>\r\n<td>2061<\/td>\r\n<td>2361<\/td>\r\n<td>2359<\/td>\r\n<td>2559<\/td>\r\n<\/tr>\r\n<tr>\r\n<th>H\u00f6he C<\/th>\r\n<th>mm<\/th>\r\n<td>1794<\/td>\r\n<td>1794<\/td>\r\n<td>1886<\/td>\r\n<td>1886<\/td>\r\n<td>2030<\/td>\r\n<td>2060<\/td>\r\n<td>2333<\/td>\r\n<td>2333<\/td>\r\n<\/tr>\r\n<tr>\r\n<th>Nettogewicht (2)<\/th>\r\n<th>kg<\/th>\r\n<td>850<\/td>\r\n<td>850<\/td>\r\n<td>1220<\/td>\r\n<td>1220<\/td>\r\n<td>1470<\/td>\r\n<td>1650<\/td>\r\n<td>1820<\/td>\r\n<td>1970<\/td>\r\n<\/tr>\r\n<\/tbody>\r\n<\/table>\r\n(1) Alle Dampfleistungen beziehen sich auf Speisewasser mit 70 \u00b0C\r\n\r\n(2) Ohne Brenner\r\n<h2>Dampfkessel VAP BP+<\/h2>\r\n<table>\r\n<tbody>\r\n<tr>\r\n<th>Modell<\/th>\r\n<th><\/th>\r\n<th>1250<\/th>\r\n<th>1500<\/th>\r\n<th>1750<\/th>\r\n<th>2000<\/th>\r\n<th>2500<\/th>\r\n<th>3000<\/th>\r\n<th>3500<\/th>\r\n<th>4000<\/th>\r\n<\/tr>\r\n<tr>\r\n<th>Dampfleistung (1)<\/th>\r\n<th>Kg\/h<\/th>\r\n<td>1250<\/td>\r\n<td>1500<\/td>\r\n<td>1750<\/td>\r\n<td>2000<\/td>\r\n<td>2500<\/td>\r\n<td>3000<\/td>\r\n<td>3500<\/td>\r\n<td>4000<\/td>\r\n<\/tr>\r\n<tr>\r\n<th>Leistungsausgabe<\/th>\r\n<th>kW<\/th>\r\n<td>837<\/td>\r\n<td>1005<\/td>\r\n<td>1172<\/td>\r\n<td>1339<\/td>\r\n<td>1674<\/td>\r\n<td>2009<\/td>\r\n<td>2343<\/td>\r\n<td>2678<\/td>\r\n<\/tr>\r\n<tr>\r\n<th>Breite A<\/th>\r\n<th>mm<\/th>\r\n<td>2195<\/td>\r\n<td>2195<\/td>\r\n<td>2195<\/td>\r\n<td>2305<\/td>\r\n<td>2520<\/td>\r\n<td>2600<\/td>\r\n<td>2600<\/td>\r\n<td>2768<\/td>\r\n<\/tr>\r\n<tr>\r\n<th>L\u00e4nge B (2)<\/th>\r\n<th>mm<\/th>\r\n<td>2560<\/td>\r\n<td>2810<\/td>\r\n<td>3060<\/td>\r\n<td>3060<\/td>\r\n<td>3370<\/td>\r\n<td>3367<\/td>\r\n<td>3567<\/td>\r\n<td>3861<\/td>\r\n<\/tr>\r\n<tr>\r\n<th>H\u00f6he C<\/th>\r\n<th>mm<\/th>\r\n<td>2614<\/td>\r\n<td>2614<\/td>\r\n<td>2614<\/td>\r\n<td>2843<\/td>\r\n<td>2884<\/td>\r\n<td>3004<\/td>\r\n<td>3004<\/td>\r\n<td>3230<\/td>\r\n<\/tr>\r\n<tr>\r\n<th>Nettogewicht (2)<\/th>\r\n<th>kg<\/th>\r\n<td>2230<\/td>\r\n<td>2530<\/td>\r\n<td>3150<\/td>\r\n<td>3470<\/td>\r\n<td>4650<\/td>\r\n<td>5150<\/td>\r\n<td>5150<\/td>\r\n<td>7190<\/td>\r\n<\/tr>\r\n<\/tbody>\r\n<\/table>\r\n(1) Alle Dampfleistungen beziehen sich auf Speisewasser mit 70 \u00b0C\r\n\r\n(2) Ohne Brenner\r\n\r\n<\/div><!-- .vgblk-rw-wrapper -->","protected":false},"excerpt":{"rendered":"<p><strong>Dampfleistung von 140&nbsp;kg\/h bis 4.000&nbsp;kg\/h<\/strong> <br \/>Die VAP BP-Serie wurde speziell f\u00fcr die wirtschaftliche und sichere Produktion von Niederdruckdampf entwickelt und ist so konzipiert, dass sie au\u00dferhalb der in vielen europ\u00e4ischen L\u00e4ndern geltenden Vorschriften f\u00fcr Normaldrucksysteme arbeitet. Dies vereinfacht sowohl die Installation als auch die Betriebsanforderungen und senkt die Installations- und Betriebskosten f\u00fcr Prozesse, die keinen hohen Dampfdruck oder keine hohe Dampftemperatur erfordern.<\/p>\n","protected":false},"featured_media":50343,"comment_status":"closed","ping_status":"closed","template":"","meta":{"_acf_changed":false,"_relevanssi_hide_post":"","_relevanssi_hide_content":"","_relevanssi_pin_for_all":"","_relevanssi_pin_keywords":"","_relevanssi_unpin_keywords":"","_relevanssi_related_keywords":"","_relevanssi_related_include_ids":"","_relevanssi_related_exclude_ids":"","_relevanssi_related_no_append":"","_relevanssi_related_not_related":"","_relevanssi_related_posts":"","_relevanssi_noindex_reason":""},"product_brand":[],"product_cat":[6519,6520],"product_tag":[],"class_list":{"0":"post-50339","1":"product","2":"type-product","3":"status-publish","4":"has-post-thumbnail","6":"product_cat-dampfkessel","7":"product_cat-flammrohrdampfkessel","9":"first","10":"instock","11":"shipping-taxable","12":"product-type-simple"},"acf":[],"yoast_head":"<!-- This site is optimized with the Yoast SEO Premium plugin v27.4 (Yoast SEO v27.4) - https:\/\/yoast.com\/product\/yoast-seo-premium-wordpress\/ -->\n<title>VAP-BP - Babcock Wanson<\/title>\n<meta name=\"description\" content=\"Die VAP BP-Serie wurde speziell f\u00fcr die wirtschaftliche und sichere Produktion von Niederdruckdampf entwickelt. Besuchen Sie uns, um mehr \u00fcber VAP-BP-Kessel zu erfahren\" \/>\n<meta name=\"robots\" content=\"index, follow, max-snippet:-1, max-image-preview:large, max-video-preview:-1\" \/>\n<link rel=\"canonical\" href=\"https:\/\/www.babcock-wanson.com\/de\/products\/flammrohrdampfkessel\/vap-bp\/\" \/>\n<meta property=\"og:locale\" content=\"de_DE\" \/>\n<meta property=\"og:type\" content=\"article\" \/>\n<meta property=\"og:title\" content=\"VAP-BP\" \/>\n<meta property=\"og:description\" content=\"Die VAP BP-Serie wurde speziell f\u00fcr die wirtschaftliche und sichere Produktion von Niederdruckdampf entwickelt. Besuchen Sie uns, um mehr \u00fcber VAP-BP-Kessel zu erfahren\" \/>\n<meta property=\"og:url\" content=\"https:\/\/www.babcock-wanson.com\/de\/products\/flammrohrdampfkessel\/vap-bp\/\" \/>\n<meta property=\"og:site_name\" content=\"Babcock Wanson\" \/>\n<meta property=\"article:modified_time\" content=\"2025-04-09T15:50:17+00:00\" \/>\n<meta property=\"og:image\" content=\"https:\/\/www.babcock-wanson.com\/wp-content\/uploads\/2019\/02\/Vap_BP_new_1.jpg\" \/>\n\t<meta property=\"og:image:width\" content=\"600\" \/>\n\t<meta property=\"og:image:height\" content=\"400\" \/>\n\t<meta property=\"og:image:type\" content=\"image\/jpeg\" \/>\n<meta name=\"twitter:card\" content=\"summary_large_image\" \/>\n<meta name=\"twitter:label1\" content=\"Est. reading time\" \/>\n\t<meta name=\"twitter:data1\" content=\"2 Minuten\" \/>\n<script type=\"application\/ld+json\" class=\"yoast-schema-graph\">{\"@context\":\"https:\\\/\\\/schema.org\",\"@graph\":[{\"@type\":\"WebPage\",\"@id\":\"https:\\\/\\\/www.babcock-wanson.com\\\/de\\\/products\\\/flammrohrdampfkessel\\\/vap-bp\\\/\",\"url\":\"https:\\\/\\\/www.babcock-wanson.com\\\/de\\\/products\\\/flammrohrdampfkessel\\\/vap-bp\\\/\",\"name\":\"VAP-BP - Babcock Wanson\",\"isPartOf\":{\"@id\":\"https:\\\/\\\/www.babcock-wanson.com\\\/de\\\/#website\"},\"primaryImageOfPage\":{\"@id\":\"https:\\\/\\\/www.babcock-wanson.com\\\/de\\\/products\\\/flammrohrdampfkessel\\\/vap-bp\\\/#primaryimage\"},\"image\":{\"@id\":\"https:\\\/\\\/www.babcock-wanson.com\\\/de\\\/products\\\/flammrohrdampfkessel\\\/vap-bp\\\/#primaryimage\"},\"thumbnailUrl\":\"https:\\\/\\\/www.babcock-wanson.com\\\/wp-content\\\/uploads\\\/2019\\\/02\\\/Vap_BP_new_1.jpg\",\"datePublished\":\"2025-01-17T09:34:15+00:00\",\"dateModified\":\"2025-04-09T15:50:17+00:00\",\"description\":\"Die VAP BP-Serie wurde speziell f\u00fcr die wirtschaftliche und sichere Produktion von Niederdruckdampf entwickelt. Besuchen Sie uns, um mehr \u00fcber VAP-BP-Kessel zu erfahren\",\"breadcrumb\":{\"@id\":\"https:\\\/\\\/www.babcock-wanson.com\\\/de\\\/products\\\/flammrohrdampfkessel\\\/vap-bp\\\/#breadcrumb\"},\"inLanguage\":\"de-DE\",\"potentialAction\":[{\"@type\":\"ReadAction\",\"target\":[\"https:\\\/\\\/www.babcock-wanson.com\\\/de\\\/products\\\/flammrohrdampfkessel\\\/vap-bp\\\/\"]}]},{\"@type\":\"ImageObject\",\"inLanguage\":\"de-DE\",\"@id\":\"https:\\\/\\\/www.babcock-wanson.com\\\/de\\\/products\\\/flammrohrdampfkessel\\\/vap-bp\\\/#primaryimage\",\"url\":\"https:\\\/\\\/www.babcock-wanson.com\\\/wp-content\\\/uploads\\\/2019\\\/02\\\/Vap_BP_new_1.jpg\",\"contentUrl\":\"https:\\\/\\\/www.babcock-wanson.com\\\/wp-content\\\/uploads\\\/2019\\\/02\\\/Vap_BP_new_1.jpg\",\"width\":600,\"height\":400},{\"@type\":\"BreadcrumbList\",\"@id\":\"https:\\\/\\\/www.babcock-wanson.com\\\/de\\\/products\\\/flammrohrdampfkessel\\\/vap-bp\\\/#breadcrumb\",\"itemListElement\":[{\"@type\":\"ListItem\",\"position\":1,\"name\":\"Inicio\",\"item\":\"https:\\\/\\\/www.babcock-wanson.com\\\/de\\\/\"},{\"@type\":\"ListItem\",\"position\":2,\"name\":\"Produkte\",\"item\":\"https:\\\/\\\/www.babcock-wanson.com\\\/de\\\/shop\\\/\"},{\"@type\":\"ListItem\",\"position\":3,\"name\":\"Flammrohrdampfkessel\",\"item\":\"https:\\\/\\\/www.babcock-wanson.com\\\/de\\\/produkt-kategorie\\\/flammrohrdampfkessel\\\/\"},{\"@type\":\"ListItem\",\"position\":4,\"name\":\"VAP-BP\"}]},{\"@type\":\"WebSite\",\"@id\":\"https:\\\/\\\/www.babcock-wanson.com\\\/de\\\/#website\",\"url\":\"https:\\\/\\\/www.babcock-wanson.com\\\/de\\\/\",\"name\":\"Babcock Wanson\",\"description\":\"\",\"publisher\":{\"@id\":\"https:\\\/\\\/www.babcock-wanson.com\\\/de\\\/#organization\"},\"potentialAction\":[{\"@type\":\"SearchAction\",\"target\":{\"@type\":\"EntryPoint\",\"urlTemplate\":\"https:\\\/\\\/www.babcock-wanson.com\\\/de\\\/?s={search_term_string}\"},\"query-input\":{\"@type\":\"PropertyValueSpecification\",\"valueRequired\":true,\"valueName\":\"search_term_string\"}}],\"inLanguage\":\"de-DE\"},{\"@type\":\"Organization\",\"@id\":\"https:\\\/\\\/www.babcock-wanson.com\\\/de\\\/#organization\",\"name\":\"Babcock Wanson\",\"url\":\"https:\\\/\\\/www.babcock-wanson.com\\\/de\\\/\",\"logo\":{\"@type\":\"ImageObject\",\"inLanguage\":\"de-DE\",\"@id\":\"https:\\\/\\\/www.babcock-wanson.com\\\/de\\\/#\\\/schema\\\/logo\\\/image\\\/\",\"url\":\"https:\\\/\\\/www.babcock-wanson.com\\\/wp-content\\\/uploads\\\/2024\\\/02\\\/Babcock-Wanson-1200x1200-1.png\",\"contentUrl\":\"https:\\\/\\\/www.babcock-wanson.com\\\/wp-content\\\/uploads\\\/2024\\\/02\\\/Babcock-Wanson-1200x1200-1.png\",\"width\":1200,\"height\":1200,\"caption\":\"Babcock Wanson\"},\"image\":{\"@id\":\"https:\\\/\\\/www.babcock-wanson.com\\\/de\\\/#\\\/schema\\\/logo\\\/image\\\/\"},\"sameAs\":[\"https:\\\/\\\/www.linkedin.com\\\/company\\\/babcock-wanson\\\/\",\"https:\\\/\\\/www.youtube.com\\\/channel\\\/UCtxl25VieBBsP2kYmtlyv7A\"]}]}<\/script>\n<!-- \/ Yoast SEO Premium plugin. -->","yoast_head_json":{"title":"VAP-BP - Babcock Wanson","description":"Die VAP BP-Serie wurde speziell f\u00fcr die wirtschaftliche und sichere Produktion von Niederdruckdampf entwickelt. Besuchen Sie uns, um mehr \u00fcber VAP-BP-Kessel zu erfahren","robots":{"index":"index","follow":"follow","max-snippet":"max-snippet:-1","max-image-preview":"max-image-preview:large","max-video-preview":"max-video-preview:-1"},"canonical":"https:\/\/www.babcock-wanson.com\/de\/products\/flammrohrdampfkessel\/vap-bp\/","og_locale":"de_DE","og_type":"article","og_title":"VAP-BP","og_description":"Die VAP BP-Serie wurde speziell f\u00fcr die wirtschaftliche und sichere Produktion von Niederdruckdampf entwickelt. Besuchen Sie uns, um mehr \u00fcber VAP-BP-Kessel zu erfahren","og_url":"https:\/\/www.babcock-wanson.com\/de\/products\/flammrohrdampfkessel\/vap-bp\/","og_site_name":"Babcock Wanson","article_modified_time":"2025-04-09T15:50:17+00:00","og_image":[{"width":600,"height":400,"url":"https:\/\/www.babcock-wanson.com\/wp-content\/uploads\/2019\/02\/Vap_BP_new_1.jpg","type":"image\/jpeg"}],"twitter_card":"summary_large_image","twitter_misc":{"Est. reading time":"2 Minuten"},"schema":{"@context":"https:\/\/schema.org","@graph":[{"@type":"WebPage","@id":"https:\/\/www.babcock-wanson.com\/de\/products\/flammrohrdampfkessel\/vap-bp\/","url":"https:\/\/www.babcock-wanson.com\/de\/products\/flammrohrdampfkessel\/vap-bp\/","name":"VAP-BP - Babcock Wanson","isPartOf":{"@id":"https:\/\/www.babcock-wanson.com\/de\/#website"},"primaryImageOfPage":{"@id":"https:\/\/www.babcock-wanson.com\/de\/products\/flammrohrdampfkessel\/vap-bp\/#primaryimage"},"image":{"@id":"https:\/\/www.babcock-wanson.com\/de\/products\/flammrohrdampfkessel\/vap-bp\/#primaryimage"},"thumbnailUrl":"https:\/\/www.babcock-wanson.com\/wp-content\/uploads\/2019\/02\/Vap_BP_new_1.jpg","datePublished":"2025-01-17T09:34:15+00:00","dateModified":"2025-04-09T15:50:17+00:00","description":"Die VAP BP-Serie wurde speziell f\u00fcr die wirtschaftliche und sichere Produktion von Niederdruckdampf entwickelt. Besuchen Sie uns, um mehr \u00fcber VAP-BP-Kessel zu erfahren","breadcrumb":{"@id":"https:\/\/www.babcock-wanson.com\/de\/products\/flammrohrdampfkessel\/vap-bp\/#breadcrumb"},"inLanguage":"de-DE","potentialAction":[{"@type":"ReadAction","target":["https:\/\/www.babcock-wanson.com\/de\/products\/flammrohrdampfkessel\/vap-bp\/"]}]},{"@type":"ImageObject","inLanguage":"de-DE","@id":"https:\/\/www.babcock-wanson.com\/de\/products\/flammrohrdampfkessel\/vap-bp\/#primaryimage","url":"https:\/\/www.babcock-wanson.com\/wp-content\/uploads\/2019\/02\/Vap_BP_new_1.jpg","contentUrl":"https:\/\/www.babcock-wanson.com\/wp-content\/uploads\/2019\/02\/Vap_BP_new_1.jpg","width":600,"height":400},{"@type":"BreadcrumbList","@id":"https:\/\/www.babcock-wanson.com\/de\/products\/flammrohrdampfkessel\/vap-bp\/#breadcrumb","itemListElement":[{"@type":"ListItem","position":1,"name":"Inicio","item":"https:\/\/www.babcock-wanson.com\/de\/"},{"@type":"ListItem","position":2,"name":"Produkte","item":"https:\/\/www.babcock-wanson.com\/de\/shop\/"},{"@type":"ListItem","position":3,"name":"Flammrohrdampfkessel","item":"https:\/\/www.babcock-wanson.com\/de\/produkt-kategorie\/flammrohrdampfkessel\/"},{"@type":"ListItem","position":4,"name":"VAP-BP"}]},{"@type":"WebSite","@id":"https:\/\/www.babcock-wanson.com\/de\/#website","url":"https:\/\/www.babcock-wanson.com\/de\/","name":"Babcock Wanson","description":"","publisher":{"@id":"https:\/\/www.babcock-wanson.com\/de\/#organization"},"potentialAction":[{"@type":"SearchAction","target":{"@type":"EntryPoint","urlTemplate":"https:\/\/www.babcock-wanson.com\/de\/?s={search_term_string}"},"query-input":{"@type":"PropertyValueSpecification","valueRequired":true,"valueName":"search_term_string"}}],"inLanguage":"de-DE"},{"@type":"Organization","@id":"https:\/\/www.babcock-wanson.com\/de\/#organization","name":"Babcock Wanson","url":"https:\/\/www.babcock-wanson.com\/de\/","logo":{"@type":"ImageObject","inLanguage":"de-DE","@id":"https:\/\/www.babcock-wanson.com\/de\/#\/schema\/logo\/image\/","url":"https:\/\/www.babcock-wanson.com\/wp-content\/uploads\/2024\/02\/Babcock-Wanson-1200x1200-1.png","contentUrl":"https:\/\/www.babcock-wanson.com\/wp-content\/uploads\/2024\/02\/Babcock-Wanson-1200x1200-1.png","width":1200,"height":1200,"caption":"Babcock Wanson"},"image":{"@id":"https:\/\/www.babcock-wanson.com\/de\/#\/schema\/logo\/image\/"},"sameAs":["https:\/\/www.linkedin.com\/company\/babcock-wanson\/","https:\/\/www.youtube.com\/channel\/UCtxl25VieBBsP2kYmtlyv7A"]}]}},"jetpack_sharing_enabled":true,"_links":{"self":[{"href":"https:\/\/www.babcock-wanson.com\/de\/wp-json\/wp\/v2\/product\/50339","targetHints":{"allow":["GET"]}}],"collection":[{"href":"https:\/\/www.babcock-wanson.com\/de\/wp-json\/wp\/v2\/product"}],"about":[{"href":"https:\/\/www.babcock-wanson.com\/de\/wp-json\/wp\/v2\/types\/product"}],"replies":[{"embeddable":true,"href":"https:\/\/www.babcock-wanson.com\/de\/wp-json\/wp\/v2\/comments?post=50339"}],"wp:featuredmedia":[{"embeddable":true,"href":"https:\/\/www.babcock-wanson.com\/de\/wp-json\/wp\/v2\/media\/50343"}],"wp:attachment":[{"href":"https:\/\/www.babcock-wanson.com\/de\/wp-json\/wp\/v2\/media?parent=50339"}],"wp:term":[{"taxonomy":"product_brand","embeddable":true,"href":"https:\/\/www.babcock-wanson.com\/de\/wp-json\/wp\/v2\/product_brand?post=50339"},{"taxonomy":"product_cat","embeddable":true,"href":"https:\/\/www.babcock-wanson.com\/de\/wp-json\/wp\/v2\/product_cat?post=50339"},{"taxonomy":"product_tag","embeddable":true,"href":"https:\/\/www.babcock-wanson.com\/de\/wp-json\/wp\/v2\/product_tag?post=50339"}],"curies":[{"name":"wp","href":"https:\/\/api.w.org\/{rel}","templated":true}]}}