{"id":50345,"date":"2019-02-11T15:04:13","date_gmt":"2025-01-17T09:34:17","guid":{"rendered":"https:\/\/www.babcock-wanson.com\/products\/unkategorisiert\/sov-soas-saoc-serie\/"},"modified":"2025-04-14T11:30:27","modified_gmt":"2025-04-14T10:30:27","slug":"sov-soas-saoc-serie","status":"publish","type":"product","link":"https:\/\/www.babcock-wanson.com\/de\/products\/warmeruckgewinnungssysteme\/sov-soas-saoc-serie\/","title":{"rendered":"SOV-SOAS-SAOC-Serie"},"content":{"rendered":"","protected":false},"excerpt":{"rendered":"<p>Neben der Nutzung von W\u00e4rmetr\u00e4germedien, die in einer EXT-<a href=\"https:\/\/www.babcock-wanson.com\/de\/produkt-kategorie\/warmeruckgewinnungssysteme\/\" target=\"_blank\" rel=\"noopener\">W\u00e4rmer\u00fcckgewinnungseinheit<\/a> erhitzt werden, k\u00f6nnen Prozesse, die mit W\u00e4rmetr\u00e4germedien beheizt werden, auch einen Bedarf an Dampf, Hei\u00dfwasser oder \u00fcberhitztem Wasser haben. Babcock Wanson liefert spezielle W\u00e4rmetauscher, die an die Anforderungen von Industrieprozessen angepasst sind und f\u00fcr den Betrieb mit unterschiedlichen Fl\u00fcssigkeiten ausgelegt sind. Je nach Prozessanforderungen sind vollst\u00e4ndig modulierende oder einfachere Ein-\/Aus-Steuerungen f\u00fcr die kleineren Einheiten integriert.<\/p>\n<ul>\n<li>Die SOV-Serie ist f\u00fcr die Dampferzeugung mit bis zu 65\u00a0barg ausgelegt.<\/li>\n<li>Der SOAS erzeugt \u00fcberhitztes Wasser.<\/li>\n<li>Der SOAC erzeugt Hei\u00dfwasser.<\/li>\n<\/ul>\n<p>Babcock Wanson kann die f\u00fcr die unterschiedlichen Anforderungen Ihres Industrieprozesses erforderlichen thermischen L\u00f6sungen umsetzen.<\/p>\n","protected":false},"featured_media":50351,"comment_status":"closed","ping_status":"closed","template":"","meta":{"_acf_changed":false,"_relevanssi_hide_post":"","_relevanssi_hide_content":"","_relevanssi_pin_for_all":"","_relevanssi_pin_keywords":"","_relevanssi_unpin_keywords":"","_relevanssi_related_keywords":"","_relevanssi_related_include_ids":"","_relevanssi_related_exclude_ids":"","_relevanssi_related_no_append":"","_relevanssi_related_not_related":"","_relevanssi_related_posts":"","_relevanssi_noindex_reason":""},"product_brand":[],"product_cat":[6532],"product_tag":[],"class_list":{"0":"post-50345","1":"product","2":"type-product","3":"status-publish","4":"has-post-thumbnail","6":"product_cat-warmeruckgewinnungssysteme","8":"first","9":"instock","10":"shipping-taxable","11":"product-type-simple"},"acf":[],"yoast_head":"<!-- This site is optimized with the Yoast SEO Premium plugin v27.4 (Yoast SEO v27.4) - https:\/\/yoast.com\/product\/yoast-seo-premium-wordpress\/ -->\n<title>SOV-SOAS-SAOC-Serie - Babcock Wanson<\/title>\n<meta name=\"description\" content=\"Neben der Nutzung von W\u00e4rmetr\u00e4germedien, die in einer EXT-W\u00e4rmer\u00fcckgewinnungseinheit erhitzt werden, k\u00f6nnen Prozesse, die mit W\u00e4rmetr\u00e4germedien beheizt werden, auch einen Bedarf an Dampf, Hei\u00dfwasser oder \u00fcberhitztem Wasser haben.\" \/>\n<meta name=\"robots\" content=\"index, follow, max-snippet:-1, max-image-preview:large, max-video-preview:-1\" \/>\n<link rel=\"canonical\" href=\"https:\/\/www.babcock-wanson.com\/de\/products\/warmeruckgewinnungssysteme\/sov-soas-saoc-serie\/\" \/>\n<meta property=\"og:locale\" content=\"de_DE\" \/>\n<meta property=\"og:type\" content=\"article\" \/>\n<meta property=\"og:title\" content=\"SOV-SOAS-SAOC-Serie\" \/>\n<meta property=\"og:description\" content=\"Neben der Nutzung von W\u00e4rmetr\u00e4germedien, die in einer EXT-W\u00e4rmer\u00fcckgewinnungseinheit erhitzt werden, k\u00f6nnen Prozesse, die mit W\u00e4rmetr\u00e4germedien beheizt werden, auch einen Bedarf an Dampf, Hei\u00dfwasser oder \u00fcberhitztem Wasser haben.\" \/>\n<meta property=\"og:url\" content=\"https:\/\/www.babcock-wanson.com\/de\/products\/warmeruckgewinnungssysteme\/sov-soas-saoc-serie\/\" \/>\n<meta property=\"og:site_name\" content=\"Babcock Wanson\" \/>\n<meta property=\"article:modified_time\" content=\"2025-04-14T10:30:27+00:00\" \/>\n<meta property=\"og:image\" content=\"https:\/\/www.babcock-wanson.com\/wp-content\/uploads\/2019\/02\/SOV-SOAS-SAOC-Series-Thermal-Fluid-Heat-Exchanger-1.jgp_.jpg\" \/>\n\t<meta property=\"og:image:width\" content=\"600\" \/>\n\t<meta property=\"og:image:height\" content=\"400\" \/>\n\t<meta property=\"og:image:type\" content=\"image\/jpeg\" \/>\n<meta name=\"twitter:card\" content=\"summary_large_image\" \/>\n<meta name=\"twitter:label1\" content=\"Est. reading time\" \/>\n\t<meta name=\"twitter:data1\" content=\"1 Minute\" \/>\n<script type=\"application\/ld+json\" class=\"yoast-schema-graph\">{\"@context\":\"https:\\\/\\\/schema.org\",\"@graph\":[{\"@type\":\"WebPage\",\"@id\":\"https:\\\/\\\/www.babcock-wanson.com\\\/de\\\/products\\\/warmeruckgewinnungssysteme\\\/sov-soas-saoc-serie\\\/\",\"url\":\"https:\\\/\\\/www.babcock-wanson.com\\\/de\\\/products\\\/warmeruckgewinnungssysteme\\\/sov-soas-saoc-serie\\\/\",\"name\":\"SOV-SOAS-SAOC-Serie - Babcock Wanson\",\"isPartOf\":{\"@id\":\"https:\\\/\\\/www.babcock-wanson.com\\\/de\\\/#website\"},\"primaryImageOfPage\":{\"@id\":\"https:\\\/\\\/www.babcock-wanson.com\\\/de\\\/products\\\/warmeruckgewinnungssysteme\\\/sov-soas-saoc-serie\\\/#primaryimage\"},\"image\":{\"@id\":\"https:\\\/\\\/www.babcock-wanson.com\\\/de\\\/products\\\/warmeruckgewinnungssysteme\\\/sov-soas-saoc-serie\\\/#primaryimage\"},\"thumbnailUrl\":\"https:\\\/\\\/www.babcock-wanson.com\\\/wp-content\\\/uploads\\\/2019\\\/02\\\/SOV-SOAS-SAOC-Series-Thermal-Fluid-Heat-Exchanger-1.jgp_.jpg\",\"datePublished\":\"2025-01-17T09:34:17+00:00\",\"dateModified\":\"2025-04-14T10:30:27+00:00\",\"description\":\"Neben der Nutzung von W\u00e4rmetr\u00e4germedien, die in einer EXT-W\u00e4rmer\u00fcckgewinnungseinheit erhitzt werden, k\u00f6nnen Prozesse, die mit W\u00e4rmetr\u00e4germedien beheizt werden, auch einen Bedarf an Dampf, Hei\u00dfwasser oder \u00fcberhitztem Wasser haben.\",\"breadcrumb\":{\"@id\":\"https:\\\/\\\/www.babcock-wanson.com\\\/de\\\/products\\\/warmeruckgewinnungssysteme\\\/sov-soas-saoc-serie\\\/#breadcrumb\"},\"inLanguage\":\"de-DE\",\"potentialAction\":[{\"@type\":\"ReadAction\",\"target\":[\"https:\\\/\\\/www.babcock-wanson.com\\\/de\\\/products\\\/warmeruckgewinnungssysteme\\\/sov-soas-saoc-serie\\\/\"]}]},{\"@type\":\"ImageObject\",\"inLanguage\":\"de-DE\",\"@id\":\"https:\\\/\\\/www.babcock-wanson.com\\\/de\\\/products\\\/warmeruckgewinnungssysteme\\\/sov-soas-saoc-serie\\\/#primaryimage\",\"url\":\"https:\\\/\\\/www.babcock-wanson.com\\\/wp-content\\\/uploads\\\/2019\\\/02\\\/SOV-SOAS-SAOC-Series-Thermal-Fluid-Heat-Exchanger-1.jgp_.jpg\",\"contentUrl\":\"https:\\\/\\\/www.babcock-wanson.com\\\/wp-content\\\/uploads\\\/2019\\\/02\\\/SOV-SOAS-SAOC-Series-Thermal-Fluid-Heat-Exchanger-1.jgp_.jpg\",\"width\":600,\"height\":400},{\"@type\":\"BreadcrumbList\",\"@id\":\"https:\\\/\\\/www.babcock-wanson.com\\\/de\\\/products\\\/warmeruckgewinnungssysteme\\\/sov-soas-saoc-serie\\\/#breadcrumb\",\"itemListElement\":[{\"@type\":\"ListItem\",\"position\":1,\"name\":\"Inicio\",\"item\":\"https:\\\/\\\/www.babcock-wanson.com\\\/de\\\/\"},{\"@type\":\"ListItem\",\"position\":2,\"name\":\"Produkte\",\"item\":\"https:\\\/\\\/www.babcock-wanson.com\\\/de\\\/shop\\\/\"},{\"@type\":\"ListItem\",\"position\":3,\"name\":\"W\u00e4rmer\u00fcckgewinnungssysteme\",\"item\":\"https:\\\/\\\/www.babcock-wanson.com\\\/de\\\/produkt-kategorie\\\/warmeruckgewinnungssysteme\\\/\"},{\"@type\":\"ListItem\",\"position\":4,\"name\":\"SOV-SOAS-SAOC-Serie\"}]},{\"@type\":\"WebSite\",\"@id\":\"https:\\\/\\\/www.babcock-wanson.com\\\/de\\\/#website\",\"url\":\"https:\\\/\\\/www.babcock-wanson.com\\\/de\\\/\",\"name\":\"Babcock Wanson\",\"description\":\"\",\"publisher\":{\"@id\":\"https:\\\/\\\/www.babcock-wanson.com\\\/de\\\/#organization\"},\"potentialAction\":[{\"@type\":\"SearchAction\",\"target\":{\"@type\":\"EntryPoint\",\"urlTemplate\":\"https:\\\/\\\/www.babcock-wanson.com\\\/de\\\/?s={search_term_string}\"},\"query-input\":{\"@type\":\"PropertyValueSpecification\",\"valueRequired\":true,\"valueName\":\"search_term_string\"}}],\"inLanguage\":\"de-DE\"},{\"@type\":\"Organization\",\"@id\":\"https:\\\/\\\/www.babcock-wanson.com\\\/de\\\/#organization\",\"name\":\"Babcock Wanson\",\"url\":\"https:\\\/\\\/www.babcock-wanson.com\\\/de\\\/\",\"logo\":{\"@type\":\"ImageObject\",\"inLanguage\":\"de-DE\",\"@id\":\"https:\\\/\\\/www.babcock-wanson.com\\\/de\\\/#\\\/schema\\\/logo\\\/image\\\/\",\"url\":\"https:\\\/\\\/www.babcock-wanson.com\\\/wp-content\\\/uploads\\\/2024\\\/02\\\/Babcock-Wanson-1200x1200-1.png\",\"contentUrl\":\"https:\\\/\\\/www.babcock-wanson.com\\\/wp-content\\\/uploads\\\/2024\\\/02\\\/Babcock-Wanson-1200x1200-1.png\",\"width\":1200,\"height\":1200,\"caption\":\"Babcock Wanson\"},\"image\":{\"@id\":\"https:\\\/\\\/www.babcock-wanson.com\\\/de\\\/#\\\/schema\\\/logo\\\/image\\\/\"},\"sameAs\":[\"https:\\\/\\\/www.linkedin.com\\\/company\\\/babcock-wanson\\\/\",\"https:\\\/\\\/www.youtube.com\\\/channel\\\/UCtxl25VieBBsP2kYmtlyv7A\"]}]}<\/script>\n<!-- \/ Yoast SEO Premium plugin. -->","yoast_head_json":{"title":"SOV-SOAS-SAOC-Serie - Babcock Wanson","description":"Neben der Nutzung von W\u00e4rmetr\u00e4germedien, die in einer EXT-W\u00e4rmer\u00fcckgewinnungseinheit erhitzt werden, k\u00f6nnen Prozesse, die mit W\u00e4rmetr\u00e4germedien beheizt werden, auch einen Bedarf an Dampf, Hei\u00dfwasser oder \u00fcberhitztem Wasser haben.","robots":{"index":"index","follow":"follow","max-snippet":"max-snippet:-1","max-image-preview":"max-image-preview:large","max-video-preview":"max-video-preview:-1"},"canonical":"https:\/\/www.babcock-wanson.com\/de\/products\/warmeruckgewinnungssysteme\/sov-soas-saoc-serie\/","og_locale":"de_DE","og_type":"article","og_title":"SOV-SOAS-SAOC-Serie","og_description":"Neben der Nutzung von W\u00e4rmetr\u00e4germedien, die in einer EXT-W\u00e4rmer\u00fcckgewinnungseinheit erhitzt werden, k\u00f6nnen Prozesse, die mit W\u00e4rmetr\u00e4germedien beheizt werden, auch einen Bedarf an Dampf, Hei\u00dfwasser oder \u00fcberhitztem Wasser haben.","og_url":"https:\/\/www.babcock-wanson.com\/de\/products\/warmeruckgewinnungssysteme\/sov-soas-saoc-serie\/","og_site_name":"Babcock Wanson","article_modified_time":"2025-04-14T10:30:27+00:00","og_image":[{"width":600,"height":400,"url":"https:\/\/www.babcock-wanson.com\/wp-content\/uploads\/2019\/02\/SOV-SOAS-SAOC-Series-Thermal-Fluid-Heat-Exchanger-1.jgp_.jpg","type":"image\/jpeg"}],"twitter_card":"summary_large_image","twitter_misc":{"Est. reading time":"1 Minute"},"schema":{"@context":"https:\/\/schema.org","@graph":[{"@type":"WebPage","@id":"https:\/\/www.babcock-wanson.com\/de\/products\/warmeruckgewinnungssysteme\/sov-soas-saoc-serie\/","url":"https:\/\/www.babcock-wanson.com\/de\/products\/warmeruckgewinnungssysteme\/sov-soas-saoc-serie\/","name":"SOV-SOAS-SAOC-Serie - Babcock Wanson","isPartOf":{"@id":"https:\/\/www.babcock-wanson.com\/de\/#website"},"primaryImageOfPage":{"@id":"https:\/\/www.babcock-wanson.com\/de\/products\/warmeruckgewinnungssysteme\/sov-soas-saoc-serie\/#primaryimage"},"image":{"@id":"https:\/\/www.babcock-wanson.com\/de\/products\/warmeruckgewinnungssysteme\/sov-soas-saoc-serie\/#primaryimage"},"thumbnailUrl":"https:\/\/www.babcock-wanson.com\/wp-content\/uploads\/2019\/02\/SOV-SOAS-SAOC-Series-Thermal-Fluid-Heat-Exchanger-1.jgp_.jpg","datePublished":"2025-01-17T09:34:17+00:00","dateModified":"2025-04-14T10:30:27+00:00","description":"Neben der Nutzung von W\u00e4rmetr\u00e4germedien, die in einer EXT-W\u00e4rmer\u00fcckgewinnungseinheit erhitzt werden, k\u00f6nnen Prozesse, die mit W\u00e4rmetr\u00e4germedien beheizt werden, auch einen Bedarf an Dampf, Hei\u00dfwasser oder \u00fcberhitztem Wasser haben.","breadcrumb":{"@id":"https:\/\/www.babcock-wanson.com\/de\/products\/warmeruckgewinnungssysteme\/sov-soas-saoc-serie\/#breadcrumb"},"inLanguage":"de-DE","potentialAction":[{"@type":"ReadAction","target":["https:\/\/www.babcock-wanson.com\/de\/products\/warmeruckgewinnungssysteme\/sov-soas-saoc-serie\/"]}]},{"@type":"ImageObject","inLanguage":"de-DE","@id":"https:\/\/www.babcock-wanson.com\/de\/products\/warmeruckgewinnungssysteme\/sov-soas-saoc-serie\/#primaryimage","url":"https:\/\/www.babcock-wanson.com\/wp-content\/uploads\/2019\/02\/SOV-SOAS-SAOC-Series-Thermal-Fluid-Heat-Exchanger-1.jgp_.jpg","contentUrl":"https:\/\/www.babcock-wanson.com\/wp-content\/uploads\/2019\/02\/SOV-SOAS-SAOC-Series-Thermal-Fluid-Heat-Exchanger-1.jgp_.jpg","width":600,"height":400},{"@type":"BreadcrumbList","@id":"https:\/\/www.babcock-wanson.com\/de\/products\/warmeruckgewinnungssysteme\/sov-soas-saoc-serie\/#breadcrumb","itemListElement":[{"@type":"ListItem","position":1,"name":"Inicio","item":"https:\/\/www.babcock-wanson.com\/de\/"},{"@type":"ListItem","position":2,"name":"Produkte","item":"https:\/\/www.babcock-wanson.com\/de\/shop\/"},{"@type":"ListItem","position":3,"name":"W\u00e4rmer\u00fcckgewinnungssysteme","item":"https:\/\/www.babcock-wanson.com\/de\/produkt-kategorie\/warmeruckgewinnungssysteme\/"},{"@type":"ListItem","position":4,"name":"SOV-SOAS-SAOC-Serie"}]},{"@type":"WebSite","@id":"https:\/\/www.babcock-wanson.com\/de\/#website","url":"https:\/\/www.babcock-wanson.com\/de\/","name":"Babcock Wanson","description":"","publisher":{"@id":"https:\/\/www.babcock-wanson.com\/de\/#organization"},"potentialAction":[{"@type":"SearchAction","target":{"@type":"EntryPoint","urlTemplate":"https:\/\/www.babcock-wanson.com\/de\/?s={search_term_string}"},"query-input":{"@type":"PropertyValueSpecification","valueRequired":true,"valueName":"search_term_string"}}],"inLanguage":"de-DE"},{"@type":"Organization","@id":"https:\/\/www.babcock-wanson.com\/de\/#organization","name":"Babcock Wanson","url":"https:\/\/www.babcock-wanson.com\/de\/","logo":{"@type":"ImageObject","inLanguage":"de-DE","@id":"https:\/\/www.babcock-wanson.com\/de\/#\/schema\/logo\/image\/","url":"https:\/\/www.babcock-wanson.com\/wp-content\/uploads\/2024\/02\/Babcock-Wanson-1200x1200-1.png","contentUrl":"https:\/\/www.babcock-wanson.com\/wp-content\/uploads\/2024\/02\/Babcock-Wanson-1200x1200-1.png","width":1200,"height":1200,"caption":"Babcock Wanson"},"image":{"@id":"https:\/\/www.babcock-wanson.com\/de\/#\/schema\/logo\/image\/"},"sameAs":["https:\/\/www.linkedin.com\/company\/babcock-wanson\/","https:\/\/www.youtube.com\/channel\/UCtxl25VieBBsP2kYmtlyv7A"]}]}},"jetpack_sharing_enabled":true,"_links":{"self":[{"href":"https:\/\/www.babcock-wanson.com\/de\/wp-json\/wp\/v2\/product\/50345","targetHints":{"allow":["GET"]}}],"collection":[{"href":"https:\/\/www.babcock-wanson.com\/de\/wp-json\/wp\/v2\/product"}],"about":[{"href":"https:\/\/www.babcock-wanson.com\/de\/wp-json\/wp\/v2\/types\/product"}],"replies":[{"embeddable":true,"href":"https:\/\/www.babcock-wanson.com\/de\/wp-json\/wp\/v2\/comments?post=50345"}],"wp:featuredmedia":[{"embeddable":true,"href":"https:\/\/www.babcock-wanson.com\/de\/wp-json\/wp\/v2\/media\/50351"}],"wp:attachment":[{"href":"https:\/\/www.babcock-wanson.com\/de\/wp-json\/wp\/v2\/media?parent=50345"}],"wp:term":[{"taxonomy":"product_brand","embeddable":true,"href":"https:\/\/www.babcock-wanson.com\/de\/wp-json\/wp\/v2\/product_brand?post=50345"},{"taxonomy":"product_cat","embeddable":true,"href":"https:\/\/www.babcock-wanson.com\/de\/wp-json\/wp\/v2\/product_cat?post=50345"},{"taxonomy":"product_tag","embeddable":true,"href":"https:\/\/www.babcock-wanson.com\/de\/wp-json\/wp\/v2\/product_tag?post=50345"}],"curies":[{"name":"wp","href":"https:\/\/api.w.org\/{rel}","templated":true}]}}