{"id":50348,"date":"2023-10-06T16:39:37","date_gmt":"2025-01-17T09:34:19","guid":{"rendered":"https:\/\/www.babcock-wanson.com\/products\/unkategorisiert\/powerpack\/"},"modified":"2025-01-17T09:34:19","modified_gmt":"2025-01-17T09:34:19","slug":"powerpack","status":"publish","type":"product","link":"https:\/\/www.babcock-wanson.com\/de\/products\/flammrohrdampfkessel\/powerpack\/","title":{"rendered":"PowerPack"},"content":{"rendered":"<div class=\"vgblk-rw-wrapper limit-wrapper\">\n<h2>Geringer Verbrauch<\/h2>\n<p><strong>Perfekte Kombination aus Kessel und Brenner<\/strong><br \/>\nDie perfekte Kombination aus Kesselk\u00f6rper und Brenner gew\u00e4hrleistet einen zuverl\u00e4ssigen und effizienten Betrieb. Mit einem passenden Vorw\u00e4rmer und einem W\u00e4rmer\u00fcckgewinnungssystem von Babcock Wanson k\u00f6nnen Wirkungsgrade von \u00fcber 98&nbsp;% (R-Eco) und 105&nbsp;% (Kondensationsbetrieb) erreicht werden.<br \/>\n<strong>Hohe Leistung \u00fcber den gesamten Leistungsbereich<\/strong><br \/>\nEine gleichbleibende Leistung ist ein wesentliches Merkmal der Ausr\u00fcstung von Babcock Wanson. Die spezielle Konstruktion des Verbrennungskopfes des Brenners in Verbindung mit sehr hohen Regelverh\u00e4ltnissen erm\u00f6glicht eine genaue Kontrolle des Luft\u00fcberschusses und minimale Start-\/Stopp-Zyklen. Dies gew\u00e4hrleistet die bestm\u00f6gliche Leistung \u00fcber einen breiten Betriebsbereich.<br \/>\n<strong>Geringer Stromverbrauch<\/strong><br \/>\nDer sehr geringe Druckverlust auf der Gasseite reduziert den Stromverbrauch der Gebl\u00e4se erheblich, was durch die Verbrennungsluft- und Speisewasserantriebe mit variabler Drehzahl noch verst\u00e4rkt wird.<\/p>\n<h2>Hohe Leistung<\/h2>\n<p><strong>Robuste Konstruktion f\u00fcr lange Lebensdauer<\/strong><br \/>\nPowerPack-Kessel sind als Dreifach-Durchlaufkessel mit einer Rauchgas-Rohrumkehrkammer konzipiert, die einen hohen Wirkungsgrad und eine bemerkenswerte Zuverl\u00e4ssigkeit bieten. Diese bew\u00e4hrte Vorrichtung ist au\u00dferhalb des Druckk\u00f6rperteils angeschwei\u00dft und erfordert keine Zuganker oder Verst\u00e4rkungen der Umkehrkammer. Sie verleiht dem Mantel und der Ofenausdehnung eine au\u00dfergew\u00f6hnliche Flexibilit\u00e4t und erm\u00f6glicht gro\u00dfe Dampflast\u00e4nderungen bei minimaler Betriebsbelastung. Die Rauchgas-Umkehrkammer wird durch einen Wasserkreislauf kontinuierlich gek\u00fchlt und ist daher sehr wartungsarm und ben\u00f6tigt keine Ausmauerung.<br \/>\n<strong>Einfacher Zugang<\/strong><br \/>\nDie PowerPack-Konstruktion erm\u00f6glicht den vollst\u00e4ndigen Zugang zu den vorderen Rauch- und Feuerungsrohren \u00fcber gro\u00dfe, leicht zu bedienende T\u00fcren. Der Zugang zur hinteren Rohrplatte und zum Feuerungsrohr ist dank der einzigartigen Rohrumkehrkammer, die die Anforderungen an feuerfeste Materialien und komplexe Zugstangen minimiert, einfach und vollst\u00e4ndig. Die Standardkonstruktion von SteamPack umfasst eine integrierte Zugangsplattform auf hoher Ebene f\u00fcr einfachen, sicheren Zugang und einfache Wartung und Bedienung.<br \/>\n<strong>Geringere Betriebskosten<\/strong><br \/>\nDie Powerpack-Serie bietet einen hohen Standard an Instrumentierung und Steuerung, die einen \u00fcberwachten oder bedienerlosen Betrieb gem\u00e4\u00df den exklusiven Betriebsmodi von Babcock Wanson erm\u00f6glichen und die Anforderungen aller Industrieprozesse gem\u00e4\u00df den CE-Vorschriften und der europ\u00e4ischen Norm EN12953 erf\u00fcllen. Unabh\u00e4ngig vom Betriebsmodus, von BW Dauerpr\u00e4senz, BW3 Tage, BW7 Tage bis BW720 Stunden, arbeiten die Kessel kontinuierlich innerhalb der zul\u00e4ssigen Grenzwerte und stoppen und verriegeln automatisch, wenn die Grenzwerte \u00fcberschritten werden.<\/p>\n<h3>Warum sollten Sie sich f\u00fcr den Powerpack-Kessel von Babcock Wanson entscheiden?<\/h3>\n<ul>\n<li>Sehr hoher Wirkungsgrad und geringe Emissionen<\/li>\n<li>Hohes Brenner-Regelverh\u00e4ltnis<\/li>\n<li>Mikromodulation als Standard<\/li>\n<li>Einfache und leichte Wartung<\/li>\n<li>Robuste Bauweise f\u00fcr sehr lange Lebensdauer<\/li>\n<li>Vorw\u00e4rmer<\/li>\n<li>Kondensationsvorw\u00e4rmer als Option<\/li>\n<li>Konnektivit\u00e4t mit unserem System<\/li>\n<li>Verbrennungsluftvorw\u00e4rmer<\/li>\n<li>Optionen f\u00fcr Zweistoff- und Mischfeuerung<\/li>\n<li>O2- und CO-Regelungsoptionen<\/li>\n<li>Eine vollst\u00e4ndig integrierte Dampfl\u00f6sung<\/li>\n<\/ul>\n<p>&nbsp;<\/p>\n<p>&nbsp;<\/p>\n<h2>PowerPack \u2013 Flammrohrkessel<\/h2>\n<div class=\"table-responsive\">\n<table style=\"height: 372px;\" width=\"975\">\n<tbody>\n<tr>\n<th class=\"bg-primary text-white\">PowerPack<\/th>\n<th class=\"bg-primary text-white\">Modell<\/th>\n<th>10.0<\/th>\n<th>12.0<\/th>\n<th>15.0<\/th>\n<th>17.0<\/th>\n<th>21.0<\/th>\n<th>25.0<\/th>\n<th>27.0<\/th>\n<th>30.0<\/th>\n<th>34.0<\/th>\n<\/tr>\n<tr>\n<th>Dampfleistung (1)<\/th>\n<th>Kg\/h<\/th>\n<td>10000<\/td>\n<td>12000<\/td>\n<td>15000<\/td>\n<td>17000<\/td>\n<td>21000<\/td>\n<td>25000<\/td>\n<td>27000<\/td>\n<td>30000<\/td>\n<td>34000<\/td>\n<\/tr>\n<tr>\n<th>Leistungsausgabe (1)<\/th>\n<th>kW<\/th>\n<td>7340<\/td>\n<td>8875<\/td>\n<td>11122<\/td>\n<td>12465<\/td>\n<td>15365<\/td>\n<td>18282<\/td>\n<td>19702<\/td>\n<td>22117<\/td>\n<td>24905<\/td>\n<\/tr>\n<tr class=\"table-secondary\">\n<th class=\"bg-secondary text-white\">Breite A (2)<\/th>\n<th class=\"bg-secondary text-white\">mm<\/th>\n<td>3410<\/td>\n<td>3485<\/td>\n<td>3605<\/td>\n<td>3865<\/td>\n<td>3940<\/td>\n<td>4030<\/td>\n<td>4290<\/td>\n<td>4480<\/td>\n<td>4795<\/td>\n<\/tr>\n<tr class=\"table-dark\">\n<th class=\"bg-dark text-white\">L\u00e4nge B (2)<\/th>\n<th class=\"bg-dark text-white\">mm<\/th>\n<td>8770<\/td>\n<td>10460<\/td>\n<td>10600<\/td>\n<td>11300<\/td>\n<td>12430<\/td>\n<td>13880<\/td>\n<td>14130<\/td>\n<td>14000<\/td>\n<td>16100<\/td>\n<\/tr>\n<tr class=\"table-primary\">\n<th class=\"bg-primary text-white\">H\u00f6he C (einschlie\u00dflich Vorw\u00e4rmer) (2)<\/th>\n<th class=\"bg-primary text-white\">mm<\/th>\n<td>3940<\/td>\n<td>4050<\/td>\n<td>4250<\/td>\n<td>4330<\/td>\n<td>4530<\/td>\n<td>4900<\/td>\n<td>5100<\/td>\n<td>5560<\/td>\n<td>6060<\/td>\n<\/tr>\n<tr>\n<th>Gewicht voll geflutet<\/th>\n<th>Kg<\/th>\n<td>42000<\/td>\n<td>41500<\/td>\n<td>46500<\/td>\n<td>51500<\/td>\n<td>75000<\/td>\n<td>80500<\/td>\n<td>91200<\/td>\n<td>100800<\/td>\n<td>108200<\/td>\n<\/tr>\n<\/tbody>\n<\/table>\n<\/div>\n<p>(1) Bei 15 barg und Speisewasser mit 105&nbsp;\u00b0C.<\/p>\n<p>(2) Gesamtabmessungen umfassen montierten Brenner und Kesselhalterungen.<\/p><\/div>\n<p><!-- .vgblk-rw-wrapper --><\/p>\n","protected":false},"excerpt":{"rendered":"<p><strong>Dampfleistung von 10.000&nbsp;kg\/h bis 34.000&nbsp;kg\/h<\/strong><br \/>\nDie PowerPack-Flammrohrkessel sind als Dreifach-Durchlaufkessel mit einer Rauchgas-Rohrumkehrkammer konzipiert. Diese exklusive Technologie von Babcock Wanson bietet eine hohe Betriebsflexibilit\u00e4t und sorgt f\u00fcr eine un\u00fcbertroffene Effizienz und Zuverl\u00e4ssigkeit auf lange Sicht.<\/p>\n<h2>Umweltfreundlich<\/h2>\n<p>Der PowerPack-Kessel von Babcock Wanson vereint die beste verf\u00fcgbare Technologie f\u00fcr Kesselkonstruktionen mit einem sehr hohen Wirkungsgrad, was zu niedrigen Betriebskosten und reduzierten Emissionen f\u00fchrt. Der PowerPack-Kessel wurde so konzipiert, dass er die neuesten europ\u00e4ischen Umweltvorschriften in Bezug auf Schadstoffemissionen erf\u00fcllt und sogar die Anforderungen der Vorschriften \u00fcbertreffen kann, wenn er mit der Verbrennungsausr\u00fcstung von Babcock Wanson ausgestattet wird.<\/p>\n","protected":false},"featured_media":50362,"comment_status":"closed","ping_status":"closed","template":"","meta":{"_acf_changed":false,"_relevanssi_hide_post":"","_relevanssi_hide_content":"","_relevanssi_pin_for_all":"","_relevanssi_pin_keywords":"","_relevanssi_unpin_keywords":"","_relevanssi_related_keywords":"","_relevanssi_related_include_ids":"","_relevanssi_related_exclude_ids":"","_relevanssi_related_no_append":"","_relevanssi_related_not_related":"","_relevanssi_related_posts":"","_relevanssi_noindex_reason":""},"product_brand":[],"product_cat":[6519,6520],"product_tag":[],"class_list":{"0":"post-50348","1":"product","2":"type-product","3":"status-publish","4":"has-post-thumbnail","6":"product_cat-dampfkessel","7":"product_cat-flammrohrdampfkessel","9":"first","10":"instock","11":"shipping-taxable","12":"product-type-simple"},"acf":[],"yoast_head":"<!-- This site is optimized with the Yoast SEO Premium plugin v27.4 (Yoast SEO v27.4) - https:\/\/yoast.com\/product\/yoast-seo-premium-wordpress\/ -->\n<title>PowerPack - Babcock Wanson<\/title>\n<meta name=\"description\" content=\"Die PowerPack-Flammrohrkessel sind als Dreifach-Durchlaufkessel mit einer Rauchgas-Rohrumkehrkammer konzipiert.\" \/>\n<meta name=\"robots\" content=\"index, follow, max-snippet:-1, max-image-preview:large, max-video-preview:-1\" \/>\n<link rel=\"canonical\" href=\"https:\/\/www.babcock-wanson.com\/de\/products\/flammrohrdampfkessel\/powerpack\/\" \/>\n<meta property=\"og:locale\" content=\"de_DE\" \/>\n<meta property=\"og:type\" content=\"article\" \/>\n<meta property=\"og:title\" content=\"PowerPack\" \/>\n<meta property=\"og:description\" content=\"Die PowerPack-Flammrohrkessel sind als Dreifach-Durchlaufkessel mit einer Rauchgas-Rohrumkehrkammer konzipiert.\" \/>\n<meta property=\"og:url\" content=\"https:\/\/www.babcock-wanson.com\/de\/products\/flammrohrdampfkessel\/powerpack\/\" \/>\n<meta property=\"og:site_name\" content=\"Babcock Wanson\" \/>\n<meta property=\"og:image\" content=\"https:\/\/www.babcock-wanson.com\/wp-content\/uploads\/2023\/10\/POWERPACK-1.jpg\" \/>\n\t<meta property=\"og:image:width\" content=\"800\" \/>\n\t<meta property=\"og:image:height\" content=\"600\" \/>\n\t<meta property=\"og:image:type\" content=\"image\/jpeg\" \/>\n<meta name=\"twitter:card\" content=\"summary_large_image\" \/>\n<meta name=\"twitter:label1\" content=\"Est. reading time\" \/>\n\t<meta name=\"twitter:data1\" content=\"2 Minuten\" \/>\n<script type=\"application\/ld+json\" class=\"yoast-schema-graph\">{\"@context\":\"https:\\\/\\\/schema.org\",\"@graph\":[{\"@type\":\"WebPage\",\"@id\":\"https:\\\/\\\/www.babcock-wanson.com\\\/de\\\/products\\\/flammrohrdampfkessel\\\/powerpack\\\/\",\"url\":\"https:\\\/\\\/www.babcock-wanson.com\\\/de\\\/products\\\/flammrohrdampfkessel\\\/powerpack\\\/\",\"name\":\"PowerPack - Babcock Wanson\",\"isPartOf\":{\"@id\":\"https:\\\/\\\/www.babcock-wanson.com\\\/de\\\/#website\"},\"primaryImageOfPage\":{\"@id\":\"https:\\\/\\\/www.babcock-wanson.com\\\/de\\\/products\\\/flammrohrdampfkessel\\\/powerpack\\\/#primaryimage\"},\"image\":{\"@id\":\"https:\\\/\\\/www.babcock-wanson.com\\\/de\\\/products\\\/flammrohrdampfkessel\\\/powerpack\\\/#primaryimage\"},\"thumbnailUrl\":\"https:\\\/\\\/www.babcock-wanson.com\\\/wp-content\\\/uploads\\\/2023\\\/10\\\/POWERPACK-1.jpg\",\"datePublished\":\"2025-01-17T09:34:19+00:00\",\"description\":\"Die PowerPack-Flammrohrkessel sind als Dreifach-Durchlaufkessel mit einer Rauchgas-Rohrumkehrkammer konzipiert.\",\"breadcrumb\":{\"@id\":\"https:\\\/\\\/www.babcock-wanson.com\\\/de\\\/products\\\/flammrohrdampfkessel\\\/powerpack\\\/#breadcrumb\"},\"inLanguage\":\"de-DE\",\"potentialAction\":[{\"@type\":\"ReadAction\",\"target\":[\"https:\\\/\\\/www.babcock-wanson.com\\\/de\\\/products\\\/flammrohrdampfkessel\\\/powerpack\\\/\"]}]},{\"@type\":\"ImageObject\",\"inLanguage\":\"de-DE\",\"@id\":\"https:\\\/\\\/www.babcock-wanson.com\\\/de\\\/products\\\/flammrohrdampfkessel\\\/powerpack\\\/#primaryimage\",\"url\":\"https:\\\/\\\/www.babcock-wanson.com\\\/wp-content\\\/uploads\\\/2023\\\/10\\\/POWERPACK-1.jpg\",\"contentUrl\":\"https:\\\/\\\/www.babcock-wanson.com\\\/wp-content\\\/uploads\\\/2023\\\/10\\\/POWERPACK-1.jpg\",\"width\":800,\"height\":600,\"caption\":\"Chaudi\u00e8res \u00e0 tubes de fum\u00e9es\"},{\"@type\":\"BreadcrumbList\",\"@id\":\"https:\\\/\\\/www.babcock-wanson.com\\\/de\\\/products\\\/flammrohrdampfkessel\\\/powerpack\\\/#breadcrumb\",\"itemListElement\":[{\"@type\":\"ListItem\",\"position\":1,\"name\":\"Inicio\",\"item\":\"https:\\\/\\\/www.babcock-wanson.com\\\/de\\\/\"},{\"@type\":\"ListItem\",\"position\":2,\"name\":\"Produkte\",\"item\":\"https:\\\/\\\/www.babcock-wanson.com\\\/de\\\/shop\\\/\"},{\"@type\":\"ListItem\",\"position\":3,\"name\":\"PowerPack\"}]},{\"@type\":\"WebSite\",\"@id\":\"https:\\\/\\\/www.babcock-wanson.com\\\/de\\\/#website\",\"url\":\"https:\\\/\\\/www.babcock-wanson.com\\\/de\\\/\",\"name\":\"Babcock Wanson\",\"description\":\"\",\"publisher\":{\"@id\":\"https:\\\/\\\/www.babcock-wanson.com\\\/de\\\/#organization\"},\"potentialAction\":[{\"@type\":\"SearchAction\",\"target\":{\"@type\":\"EntryPoint\",\"urlTemplate\":\"https:\\\/\\\/www.babcock-wanson.com\\\/de\\\/?s={search_term_string}\"},\"query-input\":{\"@type\":\"PropertyValueSpecification\",\"valueRequired\":true,\"valueName\":\"search_term_string\"}}],\"inLanguage\":\"de-DE\"},{\"@type\":\"Organization\",\"@id\":\"https:\\\/\\\/www.babcock-wanson.com\\\/de\\\/#organization\",\"name\":\"Babcock Wanson\",\"url\":\"https:\\\/\\\/www.babcock-wanson.com\\\/de\\\/\",\"logo\":{\"@type\":\"ImageObject\",\"inLanguage\":\"de-DE\",\"@id\":\"https:\\\/\\\/www.babcock-wanson.com\\\/de\\\/#\\\/schema\\\/logo\\\/image\\\/\",\"url\":\"https:\\\/\\\/www.babcock-wanson.com\\\/wp-content\\\/uploads\\\/2024\\\/02\\\/Babcock-Wanson-1200x1200-1.png\",\"contentUrl\":\"https:\\\/\\\/www.babcock-wanson.com\\\/wp-content\\\/uploads\\\/2024\\\/02\\\/Babcock-Wanson-1200x1200-1.png\",\"width\":1200,\"height\":1200,\"caption\":\"Babcock Wanson\"},\"image\":{\"@id\":\"https:\\\/\\\/www.babcock-wanson.com\\\/de\\\/#\\\/schema\\\/logo\\\/image\\\/\"},\"sameAs\":[\"https:\\\/\\\/www.linkedin.com\\\/company\\\/babcock-wanson\\\/\",\"https:\\\/\\\/www.youtube.com\\\/channel\\\/UCtxl25VieBBsP2kYmtlyv7A\"]}]}<\/script>\n<!-- \/ Yoast SEO Premium plugin. -->","yoast_head_json":{"title":"PowerPack - Babcock Wanson","description":"Die PowerPack-Flammrohrkessel sind als Dreifach-Durchlaufkessel mit einer Rauchgas-Rohrumkehrkammer konzipiert.","robots":{"index":"index","follow":"follow","max-snippet":"max-snippet:-1","max-image-preview":"max-image-preview:large","max-video-preview":"max-video-preview:-1"},"canonical":"https:\/\/www.babcock-wanson.com\/de\/products\/flammrohrdampfkessel\/powerpack\/","og_locale":"de_DE","og_type":"article","og_title":"PowerPack","og_description":"Die PowerPack-Flammrohrkessel sind als Dreifach-Durchlaufkessel mit einer Rauchgas-Rohrumkehrkammer konzipiert.","og_url":"https:\/\/www.babcock-wanson.com\/de\/products\/flammrohrdampfkessel\/powerpack\/","og_site_name":"Babcock Wanson","og_image":[{"width":800,"height":600,"url":"https:\/\/www.babcock-wanson.com\/wp-content\/uploads\/2023\/10\/POWERPACK-1.jpg","type":"image\/jpeg"}],"twitter_card":"summary_large_image","twitter_misc":{"Est. reading time":"2 Minuten"},"schema":{"@context":"https:\/\/schema.org","@graph":[{"@type":"WebPage","@id":"https:\/\/www.babcock-wanson.com\/de\/products\/flammrohrdampfkessel\/powerpack\/","url":"https:\/\/www.babcock-wanson.com\/de\/products\/flammrohrdampfkessel\/powerpack\/","name":"PowerPack - Babcock Wanson","isPartOf":{"@id":"https:\/\/www.babcock-wanson.com\/de\/#website"},"primaryImageOfPage":{"@id":"https:\/\/www.babcock-wanson.com\/de\/products\/flammrohrdampfkessel\/powerpack\/#primaryimage"},"image":{"@id":"https:\/\/www.babcock-wanson.com\/de\/products\/flammrohrdampfkessel\/powerpack\/#primaryimage"},"thumbnailUrl":"https:\/\/www.babcock-wanson.com\/wp-content\/uploads\/2023\/10\/POWERPACK-1.jpg","datePublished":"2025-01-17T09:34:19+00:00","description":"Die PowerPack-Flammrohrkessel sind als Dreifach-Durchlaufkessel mit einer Rauchgas-Rohrumkehrkammer konzipiert.","breadcrumb":{"@id":"https:\/\/www.babcock-wanson.com\/de\/products\/flammrohrdampfkessel\/powerpack\/#breadcrumb"},"inLanguage":"de-DE","potentialAction":[{"@type":"ReadAction","target":["https:\/\/www.babcock-wanson.com\/de\/products\/flammrohrdampfkessel\/powerpack\/"]}]},{"@type":"ImageObject","inLanguage":"de-DE","@id":"https:\/\/www.babcock-wanson.com\/de\/products\/flammrohrdampfkessel\/powerpack\/#primaryimage","url":"https:\/\/www.babcock-wanson.com\/wp-content\/uploads\/2023\/10\/POWERPACK-1.jpg","contentUrl":"https:\/\/www.babcock-wanson.com\/wp-content\/uploads\/2023\/10\/POWERPACK-1.jpg","width":800,"height":600,"caption":"Chaudi\u00e8res \u00e0 tubes de fum\u00e9es"},{"@type":"BreadcrumbList","@id":"https:\/\/www.babcock-wanson.com\/de\/products\/flammrohrdampfkessel\/powerpack\/#breadcrumb","itemListElement":[{"@type":"ListItem","position":1,"name":"Inicio","item":"https:\/\/www.babcock-wanson.com\/de\/"},{"@type":"ListItem","position":2,"name":"Produkte","item":"https:\/\/www.babcock-wanson.com\/de\/shop\/"},{"@type":"ListItem","position":3,"name":"PowerPack"}]},{"@type":"WebSite","@id":"https:\/\/www.babcock-wanson.com\/de\/#website","url":"https:\/\/www.babcock-wanson.com\/de\/","name":"Babcock Wanson","description":"","publisher":{"@id":"https:\/\/www.babcock-wanson.com\/de\/#organization"},"potentialAction":[{"@type":"SearchAction","target":{"@type":"EntryPoint","urlTemplate":"https:\/\/www.babcock-wanson.com\/de\/?s={search_term_string}"},"query-input":{"@type":"PropertyValueSpecification","valueRequired":true,"valueName":"search_term_string"}}],"inLanguage":"de-DE"},{"@type":"Organization","@id":"https:\/\/www.babcock-wanson.com\/de\/#organization","name":"Babcock Wanson","url":"https:\/\/www.babcock-wanson.com\/de\/","logo":{"@type":"ImageObject","inLanguage":"de-DE","@id":"https:\/\/www.babcock-wanson.com\/de\/#\/schema\/logo\/image\/","url":"https:\/\/www.babcock-wanson.com\/wp-content\/uploads\/2024\/02\/Babcock-Wanson-1200x1200-1.png","contentUrl":"https:\/\/www.babcock-wanson.com\/wp-content\/uploads\/2024\/02\/Babcock-Wanson-1200x1200-1.png","width":1200,"height":1200,"caption":"Babcock Wanson"},"image":{"@id":"https:\/\/www.babcock-wanson.com\/de\/#\/schema\/logo\/image\/"},"sameAs":["https:\/\/www.linkedin.com\/company\/babcock-wanson\/","https:\/\/www.youtube.com\/channel\/UCtxl25VieBBsP2kYmtlyv7A"]}]}},"jetpack_sharing_enabled":true,"_links":{"self":[{"href":"https:\/\/www.babcock-wanson.com\/de\/wp-json\/wp\/v2\/product\/50348","targetHints":{"allow":["GET"]}}],"collection":[{"href":"https:\/\/www.babcock-wanson.com\/de\/wp-json\/wp\/v2\/product"}],"about":[{"href":"https:\/\/www.babcock-wanson.com\/de\/wp-json\/wp\/v2\/types\/product"}],"replies":[{"embeddable":true,"href":"https:\/\/www.babcock-wanson.com\/de\/wp-json\/wp\/v2\/comments?post=50348"}],"wp:featuredmedia":[{"embeddable":true,"href":"https:\/\/www.babcock-wanson.com\/de\/wp-json\/wp\/v2\/media\/50362"}],"wp:attachment":[{"href":"https:\/\/www.babcock-wanson.com\/de\/wp-json\/wp\/v2\/media?parent=50348"}],"wp:term":[{"taxonomy":"product_brand","embeddable":true,"href":"https:\/\/www.babcock-wanson.com\/de\/wp-json\/wp\/v2\/product_brand?post=50348"},{"taxonomy":"product_cat","embeddable":true,"href":"https:\/\/www.babcock-wanson.com\/de\/wp-json\/wp\/v2\/product_cat?post=50348"},{"taxonomy":"product_tag","embeddable":true,"href":"https:\/\/www.babcock-wanson.com\/de\/wp-json\/wp\/v2\/product_tag?post=50348"}],"curies":[{"name":"wp","href":"https:\/\/api.w.org\/{rel}","templated":true}]}}