{"id":50366,"date":"2019-02-12T11:35:38","date_gmt":"2025-01-17T09:34:21","guid":{"rendered":"https:\/\/www.babcock-wanson.com\/products\/unkategorisiert\/beheizte-dampfueberhitzer\/"},"modified":"2025-04-11T15:57:05","modified_gmt":"2025-04-11T14:57:05","slug":"beheizte-dampfueberhitzer","status":"publish","type":"product","link":"https:\/\/www.babcock-wanson.com\/de\/products\/dampfkessel\/beheizte-dampfueberhitzer\/","title":{"rendered":"Beheizte Dampf\u00fcberhitzer"},"content":{"rendered":"<div class=\"vgblk-rw-wrapper limit-wrapper\">\r\n<h3>Vorteile der Verwendung eines befeuerten Dampf\u00fcberhitzers<\/h3>\r\n<ul>\r\n \t<li>Die Effizienz des Prozessheizsystems wird optimiert.<\/li>\r\n \t<li>Die Kondensatbildung im Dampfverteilungssystem wird reduziert.<\/li>\r\n \t<li>Das Risiko von Wasserschl\u00e4gen oder mechanischen Sch\u00e4den wird reduziert.<\/li>\r\n \t<li>Die Rohrleitungsdimensionierung wird optimiert.<\/li>\r\n \t<li>Die Lebensdauer der Ausr\u00fcstung des Heizsystems wird verl\u00e4ngert.<\/li>\r\n \t<li>Der Brennstoffverbrauch wird optimiert.<\/li>\r\n<\/ul>\r\n<h3>Sicher und effizient<\/h3>\r\n<ul>\r\n \t<li>Die Dampf\u00fcberhitzer von Babcock Wanson verf\u00fcgen \u00fcber integrierte \u00dcberwachungs- und Regelsysteme, um die Betriebssicherheit und eine lange Lebensdauer des Heizger\u00e4ts zu gew\u00e4hrleisten.<\/li>\r\n \t<li>Der optimale Betriebsdruck wird durch ein vollst\u00e4ndig integriertes und werkseitig getestetes Steuerungssystem sichergestellt.<\/li>\r\n<\/ul>\r\n<h3>Umweltfreundlich<\/h3>\r\n<ul>\r\n \t<li>Die \u00dcberhitzer von Babcock Wanson bieten einen reduzierten Gesamtbrennstoffverbrauch und tragen somit zu geringen Emissionen und weiteren damit verbundenen Vorteilen bei.<\/li>\r\n \t<li>Durch die Platzierung eines unabh\u00e4ngigen, befeuerten \u00dcberhitzers nach der Hauptdampferzeugungsanlage wird nur der Teil der Dampfleistung auf diese Weise behandelt, der \u00fcberhitzt werden muss. Dies bedeutet geringere Anforderungen an die Temperierung und eine allgemeine Verbesserung der Prozesseffizienz.<\/li>\r\n<\/ul>\r\n<\/div><!-- .vgblk-rw-wrapper -->","protected":false},"excerpt":{"rendered":"<p>Der Dampf\u00fcberhitzer von Babcock Wanson ist ein unabh\u00e4ngig befeuertes Heizsystem der Spulenart, das ges\u00e4ttigten Dampf in \u00fcberhitzten Dampf umwandelt. Die h\u00e4ufigsten Gr\u00fcnde f\u00fcr die Verwendung von \u00fcberhitztem Dampf sind entweder die Reduzierung des Kondensationsrisikos des Dampfes bei der \u00dcbertragung zum Einsatzort oder die Maximierung der Energie im Dampf und die Vermeidung von Kondensation, wenn die kinetische Energie im Hochdruckdampf genutzt werden soll.<\/p>\n<p>\u00dcberhitzter Dampf wird seit vielen Jahren in verschiedenen Industriezweigen zur Steigerung der thermischen Gesamteffizienz eingesetzt. Kondensation an der falschen Stelle des Prozesses kann auch die Ausr\u00fcstung des Benutzers besch\u00e4digen, daher ist es wichtig, die Dampftemperatur \u00fcber dem Punkt zu halten, an dem dies auftritt.<\/p>\n<p>Der \u00dcberhitzer von Babcock Wanson bietet viele Vorteile gegen\u00fcber einem herk\u00f6mmlichen, nicht befeuerten Ger\u00e4t oder einem eingebauten \u00dcberhitzer f\u00fcr Kessel, nicht zuletzt die genaue Steuerung des Energieeinsatzes durch Trennung der \u00dcberhitzung des Dampfes von der Feuerrate des Kessels und damit eine konstante Endtemperatur des Dampfes im gesamten Betriebsbereich des Prozesses.<\/p>\n","protected":false},"featured_media":50376,"comment_status":"closed","ping_status":"closed","template":"","meta":{"_acf_changed":false,"_relevanssi_hide_post":"","_relevanssi_hide_content":"","_relevanssi_pin_for_all":"","_relevanssi_pin_keywords":"","_relevanssi_unpin_keywords":"","_relevanssi_related_keywords":"","_relevanssi_related_include_ids":"","_relevanssi_related_exclude_ids":"","_relevanssi_related_no_append":"","_relevanssi_related_not_related":"","_relevanssi_related_posts":"","_relevanssi_noindex_reason":""},"product_brand":[],"product_cat":[6519],"product_tag":[],"class_list":{"0":"post-50366","1":"product","2":"type-product","3":"status-publish","4":"has-post-thumbnail","6":"product_cat-dampfkessel","8":"first","9":"instock","10":"shipping-taxable","11":"product-type-simple"},"acf":[],"yoast_head":"<!-- This site is optimized with the Yoast SEO Premium plugin v27.4 (Yoast SEO v27.4) - https:\/\/yoast.com\/product\/yoast-seo-premium-wordpress\/ -->\n<title>Beheizte Dampf\u00fcberhitzer - Babcock Wanson<\/title>\n<meta name=\"description\" content=\"Der Dampf\u00fcberhitzer von Babcock Wanson ist ein unabh\u00e4ngig befeuertes Heizsystem der Spulenart, das ges\u00e4ttigten Dampf in \u00fcberhitzten Dampf umwandelt.\" \/>\n<meta name=\"robots\" content=\"index, follow, max-snippet:-1, max-image-preview:large, max-video-preview:-1\" \/>\n<link rel=\"canonical\" href=\"https:\/\/www.babcock-wanson.com\/de\/products\/dampfkessel\/beheizte-dampfueberhitzer\/\" \/>\n<meta property=\"og:locale\" content=\"de_DE\" \/>\n<meta property=\"og:type\" content=\"article\" \/>\n<meta property=\"og:title\" content=\"Beheizte Dampf\u00fcberhitzer\" \/>\n<meta property=\"og:description\" content=\"Der Dampf\u00fcberhitzer von Babcock Wanson ist ein unabh\u00e4ngig befeuertes Heizsystem der Spulenart, das ges\u00e4ttigten Dampf in \u00fcberhitzten Dampf umwandelt.\" \/>\n<meta property=\"og:url\" content=\"https:\/\/www.babcock-wanson.com\/de\/products\/dampfkessel\/beheizte-dampfueberhitzer\/\" \/>\n<meta property=\"og:site_name\" content=\"Babcock Wanson\" \/>\n<meta property=\"article:modified_time\" content=\"2025-04-11T14:57:05+00:00\" \/>\n<meta property=\"og:image\" content=\"https:\/\/www.babcock-wanson.com\/wp-content\/uploads\/2019\/02\/superheaters-2.jpg\" \/>\n\t<meta property=\"og:image:width\" content=\"600\" \/>\n\t<meta property=\"og:image:height\" content=\"400\" \/>\n\t<meta property=\"og:image:type\" content=\"image\/jpeg\" \/>\n<meta name=\"twitter:card\" content=\"summary_large_image\" \/>\n<meta name=\"twitter:label1\" content=\"Est. reading time\" \/>\n\t<meta name=\"twitter:data1\" content=\"1 Minute\" \/>\n<script type=\"application\/ld+json\" class=\"yoast-schema-graph\">{\"@context\":\"https:\\\/\\\/schema.org\",\"@graph\":[{\"@type\":\"WebPage\",\"@id\":\"https:\\\/\\\/www.babcock-wanson.com\\\/de\\\/products\\\/dampfkessel\\\/beheizte-dampfueberhitzer\\\/\",\"url\":\"https:\\\/\\\/www.babcock-wanson.com\\\/de\\\/products\\\/dampfkessel\\\/beheizte-dampfueberhitzer\\\/\",\"name\":\"Beheizte Dampf\u00fcberhitzer - Babcock Wanson\",\"isPartOf\":{\"@id\":\"https:\\\/\\\/www.babcock-wanson.com\\\/de\\\/#website\"},\"primaryImageOfPage\":{\"@id\":\"https:\\\/\\\/www.babcock-wanson.com\\\/de\\\/products\\\/dampfkessel\\\/beheizte-dampfueberhitzer\\\/#primaryimage\"},\"image\":{\"@id\":\"https:\\\/\\\/www.babcock-wanson.com\\\/de\\\/products\\\/dampfkessel\\\/beheizte-dampfueberhitzer\\\/#primaryimage\"},\"thumbnailUrl\":\"https:\\\/\\\/www.babcock-wanson.com\\\/wp-content\\\/uploads\\\/2019\\\/02\\\/superheaters-2.jpg\",\"datePublished\":\"2025-01-17T09:34:21+00:00\",\"dateModified\":\"2025-04-11T14:57:05+00:00\",\"description\":\"Der Dampf\u00fcberhitzer von Babcock Wanson ist ein unabh\u00e4ngig befeuertes Heizsystem der Spulenart, das ges\u00e4ttigten Dampf in \u00fcberhitzten Dampf umwandelt.\",\"breadcrumb\":{\"@id\":\"https:\\\/\\\/www.babcock-wanson.com\\\/de\\\/products\\\/dampfkessel\\\/beheizte-dampfueberhitzer\\\/#breadcrumb\"},\"inLanguage\":\"de-DE\",\"potentialAction\":[{\"@type\":\"ReadAction\",\"target\":[\"https:\\\/\\\/www.babcock-wanson.com\\\/de\\\/products\\\/dampfkessel\\\/beheizte-dampfueberhitzer\\\/\"]}]},{\"@type\":\"ImageObject\",\"inLanguage\":\"de-DE\",\"@id\":\"https:\\\/\\\/www.babcock-wanson.com\\\/de\\\/products\\\/dampfkessel\\\/beheizte-dampfueberhitzer\\\/#primaryimage\",\"url\":\"https:\\\/\\\/www.babcock-wanson.com\\\/wp-content\\\/uploads\\\/2019\\\/02\\\/superheaters-2.jpg\",\"contentUrl\":\"https:\\\/\\\/www.babcock-wanson.com\\\/wp-content\\\/uploads\\\/2019\\\/02\\\/superheaters-2.jpg\",\"width\":600,\"height\":400},{\"@type\":\"BreadcrumbList\",\"@id\":\"https:\\\/\\\/www.babcock-wanson.com\\\/de\\\/products\\\/dampfkessel\\\/beheizte-dampfueberhitzer\\\/#breadcrumb\",\"itemListElement\":[{\"@type\":\"ListItem\",\"position\":1,\"name\":\"Inicio\",\"item\":\"https:\\\/\\\/www.babcock-wanson.com\\\/de\\\/\"},{\"@type\":\"ListItem\",\"position\":2,\"name\":\"Produkte\",\"item\":\"https:\\\/\\\/www.babcock-wanson.com\\\/de\\\/shop\\\/\"},{\"@type\":\"ListItem\",\"position\":3,\"name\":\"Dampfkessel\",\"item\":\"https:\\\/\\\/www.babcock-wanson.com\\\/de\\\/produkt-kategorie\\\/dampfkessel\\\/\"},{\"@type\":\"ListItem\",\"position\":4,\"name\":\"Beheizte Dampf\u00fcberhitzer\"}]},{\"@type\":\"WebSite\",\"@id\":\"https:\\\/\\\/www.babcock-wanson.com\\\/de\\\/#website\",\"url\":\"https:\\\/\\\/www.babcock-wanson.com\\\/de\\\/\",\"name\":\"Babcock Wanson\",\"description\":\"\",\"publisher\":{\"@id\":\"https:\\\/\\\/www.babcock-wanson.com\\\/de\\\/#organization\"},\"potentialAction\":[{\"@type\":\"SearchAction\",\"target\":{\"@type\":\"EntryPoint\",\"urlTemplate\":\"https:\\\/\\\/www.babcock-wanson.com\\\/de\\\/?s={search_term_string}\"},\"query-input\":{\"@type\":\"PropertyValueSpecification\",\"valueRequired\":true,\"valueName\":\"search_term_string\"}}],\"inLanguage\":\"de-DE\"},{\"@type\":\"Organization\",\"@id\":\"https:\\\/\\\/www.babcock-wanson.com\\\/de\\\/#organization\",\"name\":\"Babcock Wanson\",\"url\":\"https:\\\/\\\/www.babcock-wanson.com\\\/de\\\/\",\"logo\":{\"@type\":\"ImageObject\",\"inLanguage\":\"de-DE\",\"@id\":\"https:\\\/\\\/www.babcock-wanson.com\\\/de\\\/#\\\/schema\\\/logo\\\/image\\\/\",\"url\":\"https:\\\/\\\/www.babcock-wanson.com\\\/wp-content\\\/uploads\\\/2024\\\/02\\\/Babcock-Wanson-1200x1200-1.png\",\"contentUrl\":\"https:\\\/\\\/www.babcock-wanson.com\\\/wp-content\\\/uploads\\\/2024\\\/02\\\/Babcock-Wanson-1200x1200-1.png\",\"width\":1200,\"height\":1200,\"caption\":\"Babcock Wanson\"},\"image\":{\"@id\":\"https:\\\/\\\/www.babcock-wanson.com\\\/de\\\/#\\\/schema\\\/logo\\\/image\\\/\"},\"sameAs\":[\"https:\\\/\\\/www.linkedin.com\\\/company\\\/babcock-wanson\\\/\",\"https:\\\/\\\/www.youtube.com\\\/channel\\\/UCtxl25VieBBsP2kYmtlyv7A\"]}]}<\/script>\n<!-- \/ Yoast SEO Premium plugin. -->","yoast_head_json":{"title":"Beheizte Dampf\u00fcberhitzer - Babcock Wanson","description":"Der Dampf\u00fcberhitzer von Babcock Wanson ist ein unabh\u00e4ngig befeuertes Heizsystem der Spulenart, das ges\u00e4ttigten Dampf in \u00fcberhitzten Dampf umwandelt.","robots":{"index":"index","follow":"follow","max-snippet":"max-snippet:-1","max-image-preview":"max-image-preview:large","max-video-preview":"max-video-preview:-1"},"canonical":"https:\/\/www.babcock-wanson.com\/de\/products\/dampfkessel\/beheizte-dampfueberhitzer\/","og_locale":"de_DE","og_type":"article","og_title":"Beheizte Dampf\u00fcberhitzer","og_description":"Der Dampf\u00fcberhitzer von Babcock Wanson ist ein unabh\u00e4ngig befeuertes Heizsystem der Spulenart, das ges\u00e4ttigten Dampf in \u00fcberhitzten Dampf umwandelt.","og_url":"https:\/\/www.babcock-wanson.com\/de\/products\/dampfkessel\/beheizte-dampfueberhitzer\/","og_site_name":"Babcock Wanson","article_modified_time":"2025-04-11T14:57:05+00:00","og_image":[{"width":600,"height":400,"url":"https:\/\/www.babcock-wanson.com\/wp-content\/uploads\/2019\/02\/superheaters-2.jpg","type":"image\/jpeg"}],"twitter_card":"summary_large_image","twitter_misc":{"Est. reading time":"1 Minute"},"schema":{"@context":"https:\/\/schema.org","@graph":[{"@type":"WebPage","@id":"https:\/\/www.babcock-wanson.com\/de\/products\/dampfkessel\/beheizte-dampfueberhitzer\/","url":"https:\/\/www.babcock-wanson.com\/de\/products\/dampfkessel\/beheizte-dampfueberhitzer\/","name":"Beheizte Dampf\u00fcberhitzer - Babcock Wanson","isPartOf":{"@id":"https:\/\/www.babcock-wanson.com\/de\/#website"},"primaryImageOfPage":{"@id":"https:\/\/www.babcock-wanson.com\/de\/products\/dampfkessel\/beheizte-dampfueberhitzer\/#primaryimage"},"image":{"@id":"https:\/\/www.babcock-wanson.com\/de\/products\/dampfkessel\/beheizte-dampfueberhitzer\/#primaryimage"},"thumbnailUrl":"https:\/\/www.babcock-wanson.com\/wp-content\/uploads\/2019\/02\/superheaters-2.jpg","datePublished":"2025-01-17T09:34:21+00:00","dateModified":"2025-04-11T14:57:05+00:00","description":"Der Dampf\u00fcberhitzer von Babcock Wanson ist ein unabh\u00e4ngig befeuertes Heizsystem der Spulenart, das ges\u00e4ttigten Dampf in \u00fcberhitzten Dampf umwandelt.","breadcrumb":{"@id":"https:\/\/www.babcock-wanson.com\/de\/products\/dampfkessel\/beheizte-dampfueberhitzer\/#breadcrumb"},"inLanguage":"de-DE","potentialAction":[{"@type":"ReadAction","target":["https:\/\/www.babcock-wanson.com\/de\/products\/dampfkessel\/beheizte-dampfueberhitzer\/"]}]},{"@type":"ImageObject","inLanguage":"de-DE","@id":"https:\/\/www.babcock-wanson.com\/de\/products\/dampfkessel\/beheizte-dampfueberhitzer\/#primaryimage","url":"https:\/\/www.babcock-wanson.com\/wp-content\/uploads\/2019\/02\/superheaters-2.jpg","contentUrl":"https:\/\/www.babcock-wanson.com\/wp-content\/uploads\/2019\/02\/superheaters-2.jpg","width":600,"height":400},{"@type":"BreadcrumbList","@id":"https:\/\/www.babcock-wanson.com\/de\/products\/dampfkessel\/beheizte-dampfueberhitzer\/#breadcrumb","itemListElement":[{"@type":"ListItem","position":1,"name":"Inicio","item":"https:\/\/www.babcock-wanson.com\/de\/"},{"@type":"ListItem","position":2,"name":"Produkte","item":"https:\/\/www.babcock-wanson.com\/de\/shop\/"},{"@type":"ListItem","position":3,"name":"Dampfkessel","item":"https:\/\/www.babcock-wanson.com\/de\/produkt-kategorie\/dampfkessel\/"},{"@type":"ListItem","position":4,"name":"Beheizte Dampf\u00fcberhitzer"}]},{"@type":"WebSite","@id":"https:\/\/www.babcock-wanson.com\/de\/#website","url":"https:\/\/www.babcock-wanson.com\/de\/","name":"Babcock Wanson","description":"","publisher":{"@id":"https:\/\/www.babcock-wanson.com\/de\/#organization"},"potentialAction":[{"@type":"SearchAction","target":{"@type":"EntryPoint","urlTemplate":"https:\/\/www.babcock-wanson.com\/de\/?s={search_term_string}"},"query-input":{"@type":"PropertyValueSpecification","valueRequired":true,"valueName":"search_term_string"}}],"inLanguage":"de-DE"},{"@type":"Organization","@id":"https:\/\/www.babcock-wanson.com\/de\/#organization","name":"Babcock Wanson","url":"https:\/\/www.babcock-wanson.com\/de\/","logo":{"@type":"ImageObject","inLanguage":"de-DE","@id":"https:\/\/www.babcock-wanson.com\/de\/#\/schema\/logo\/image\/","url":"https:\/\/www.babcock-wanson.com\/wp-content\/uploads\/2024\/02\/Babcock-Wanson-1200x1200-1.png","contentUrl":"https:\/\/www.babcock-wanson.com\/wp-content\/uploads\/2024\/02\/Babcock-Wanson-1200x1200-1.png","width":1200,"height":1200,"caption":"Babcock Wanson"},"image":{"@id":"https:\/\/www.babcock-wanson.com\/de\/#\/schema\/logo\/image\/"},"sameAs":["https:\/\/www.linkedin.com\/company\/babcock-wanson\/","https:\/\/www.youtube.com\/channel\/UCtxl25VieBBsP2kYmtlyv7A"]}]}},"jetpack_sharing_enabled":true,"_links":{"self":[{"href":"https:\/\/www.babcock-wanson.com\/de\/wp-json\/wp\/v2\/product\/50366","targetHints":{"allow":["GET"]}}],"collection":[{"href":"https:\/\/www.babcock-wanson.com\/de\/wp-json\/wp\/v2\/product"}],"about":[{"href":"https:\/\/www.babcock-wanson.com\/de\/wp-json\/wp\/v2\/types\/product"}],"replies":[{"embeddable":true,"href":"https:\/\/www.babcock-wanson.com\/de\/wp-json\/wp\/v2\/comments?post=50366"}],"wp:featuredmedia":[{"embeddable":true,"href":"https:\/\/www.babcock-wanson.com\/de\/wp-json\/wp\/v2\/media\/50376"}],"wp:attachment":[{"href":"https:\/\/www.babcock-wanson.com\/de\/wp-json\/wp\/v2\/media?parent=50366"}],"wp:term":[{"taxonomy":"product_brand","embeddable":true,"href":"https:\/\/www.babcock-wanson.com\/de\/wp-json\/wp\/v2\/product_brand?post=50366"},{"taxonomy":"product_cat","embeddable":true,"href":"https:\/\/www.babcock-wanson.com\/de\/wp-json\/wp\/v2\/product_cat?post=50366"},{"taxonomy":"product_tag","embeddable":true,"href":"https:\/\/www.babcock-wanson.com\/de\/wp-json\/wp\/v2\/product_tag?post=50366"}],"curies":[{"name":"wp","href":"https:\/\/api.w.org\/{rel}","templated":true}]}}