{"id":50400,"date":"2019-02-12T16:21:00","date_gmt":"2025-01-17T09:34:25","guid":{"rendered":"https:\/\/www.babcock-wanson.com\/products\/unkategorisiert\/ext-serie\/"},"modified":"2025-01-17T09:34:36","modified_gmt":"2025-01-17T09:34:36","slug":"ext-serie","status":"publish","type":"product","link":"https:\/\/www.babcock-wanson.com\/de\/products\/warmeruckgewinnungssysteme\/ext-serie\/","title":{"rendered":"EXT-Serie"},"content":{"rendered":"<div class=\"vgblk-rw-wrapper limit-wrapper\">\n<h3>Spezifikationen f\u00fcr Rohrschlangenkessel mit W\u00e4rmer\u00fcckgewinnung der Serie EXT<\/h3>\n<p><strong>Konfiguration<\/strong> &#8211; Horizontal oder vertikal (mit aufw\u00e4rts- oder abw\u00e4rtsgerichteter Str\u00f6mung)<br><strong>Leistung<\/strong> &#8211; Hei\u00dfwasser, \u00fcberhitztes Wasser, Nieder- oder Hochdruckdampf, W\u00e4rmetr\u00e4germedien<br><strong>Druckbereich<\/strong> \u2013 25 bar<\/p>\n<h3>Merkmale<\/h3>\n<ul>\n<li>Horizontale oder vertikale Konfiguration.<\/li>\n<li>Korrosionsbest\u00e4ndig.<\/li>\n<li>Ger\u00e4uscharm &#8211; macht einen Auspuffschalld\u00e4mpfer h\u00e4ufig \u00fcberfl\u00fcssig.<\/li>\n<li>Robustes Design.<\/li>\n<li>Geringer Druckabfall.<\/li>\n<li>Selbstreinigende hohe Gasgeschwindigkeit.<\/li>\n<li>Geeignet f\u00fcr den Einsatz in Schmelz\u00f6fen, Gl\u00fch\u00f6fen, Verbrennungs\u00f6fen, <a href=\"https:\/\/www.babcock-wanson.com\/de\/produkt-kategorie\/thermische-oxidatoren\/\" target=\"_blank\" rel=\"noopener\">Thermischen Oxidatoren<\/a>, Dieselmotoren, Gasturbinen und mehr.<\/li>\n<\/ul>\n<\/div><!-- .vgblk-rw-wrapper -->","protected":false},"excerpt":{"rendered":"<p>Die EXT-Serie besteht aus mehreren konzentrischen Rohrschlangen mit Gasstromkan\u00e4len zwischen den konzentrischen Rohrschlangenreihen, die einen geringen Druckabfall und eine selbstreinigende hohe Gasgeschwindigkeit gew\u00e4hrleisten.<\/p>\n<p>Sie k\u00f6nnen in vertikalen oder horizontalen Konfigurationen verwendet werden und die Abgas-Bypass-Funktion kann konzentrisch, intern oder extern integriert werden, um maximale Flexibilit\u00e4t zu gew\u00e4hrleisten.<\/p>\n<p>Wir verf\u00fcgen \u00fcber eine umfangreiche Referenzliste von Kunden und verschiedenen Anwendungen, von denen viele eine Einheit f\u00fcr unbefeuerten Dampf (SOV) oder einen Wasserkessel f\u00fcr hei\u00dfes\/\u00fcberhitztes Wasser (SOAC\/S) \u2013 ebenfalls ein von Babcock Wanson entworfenes und hergestelltes Produkt \u2013 als Teil des Gesamtpakets enthalten.<\/p>\n","protected":false},"featured_media":50412,"comment_status":"closed","ping_status":"closed","template":"","meta":{"_acf_changed":false,"_relevanssi_hide_post":"","_relevanssi_hide_content":"","_relevanssi_pin_for_all":"","_relevanssi_pin_keywords":"","_relevanssi_unpin_keywords":"","_relevanssi_related_keywords":"","_relevanssi_related_include_ids":"","_relevanssi_related_exclude_ids":"","_relevanssi_related_no_append":"","_relevanssi_related_not_related":"","_relevanssi_related_posts":"","_relevanssi_noindex_reason":""},"product_brand":[],"product_cat":[6532],"product_tag":[],"class_list":{"0":"post-50400","1":"product","2":"type-product","3":"status-publish","4":"has-post-thumbnail","6":"product_cat-warmeruckgewinnungssysteme","8":"first","9":"instock","10":"shipping-taxable","11":"product-type-simple"},"acf":[],"yoast_head":"<!-- This site is optimized with the Yoast SEO Premium plugin v27.4 (Yoast SEO v27.4) - https:\/\/yoast.com\/product\/yoast-seo-premium-wordpress\/ -->\n<title>W\u00e4rmer\u00fcckgewinnungskessel der Serie EXT \u2013 Babcock Wanson<\/title>\n<meta name=\"description\" content=\"Die EXT-Serie besteht aus mehreren konzentrischen Rohrschlangen mit Gasstromkan\u00e4len zwischen den konzentrischen Rohrschlangenreihen, die einen geringen Druckabfall und eine selbstreinigende hohe Gasgeschwindigkeit gew\u00e4hrleisten.\" \/>\n<meta name=\"robots\" content=\"index, follow, max-snippet:-1, max-image-preview:large, max-video-preview:-1\" \/>\n<link rel=\"canonical\" href=\"https:\/\/www.babcock-wanson.com\/de\/products\/warmeruckgewinnungssysteme\/ext-serie\/\" \/>\n<meta property=\"og:locale\" content=\"de_DE\" \/>\n<meta property=\"og:type\" content=\"article\" \/>\n<meta property=\"og:title\" content=\"EXT-Serie\" \/>\n<meta property=\"og:description\" content=\"Die EXT-Serie besteht aus mehreren konzentrischen Rohrschlangen mit Gasstromkan\u00e4len zwischen den konzentrischen Rohrschlangenreihen, die einen geringen Druckabfall und eine selbstreinigende hohe Gasgeschwindigkeit gew\u00e4hrleisten.\" \/>\n<meta property=\"og:url\" content=\"https:\/\/www.babcock-wanson.com\/de\/products\/warmeruckgewinnungssysteme\/ext-serie\/\" \/>\n<meta property=\"og:site_name\" content=\"Babcock Wanson\" \/>\n<meta property=\"article:modified_time\" content=\"2025-01-17T09:34:36+00:00\" \/>\n<meta property=\"og:image\" content=\"https:\/\/www.babcock-wanson.com\/wp-content\/uploads\/2019\/02\/EXT-3.jpg\" \/>\n\t<meta property=\"og:image:width\" content=\"600\" \/>\n\t<meta property=\"og:image:height\" content=\"400\" \/>\n\t<meta property=\"og:image:type\" content=\"image\/jpeg\" \/>\n<meta name=\"twitter:card\" content=\"summary_large_image\" \/>\n<script type=\"application\/ld+json\" class=\"yoast-schema-graph\">{\"@context\":\"https:\\\/\\\/schema.org\",\"@graph\":[{\"@type\":\"WebPage\",\"@id\":\"https:\\\/\\\/www.babcock-wanson.com\\\/de\\\/products\\\/warmeruckgewinnungssysteme\\\/ext-serie\\\/\",\"url\":\"https:\\\/\\\/www.babcock-wanson.com\\\/de\\\/products\\\/warmeruckgewinnungssysteme\\\/ext-serie\\\/\",\"name\":\"W\u00e4rmer\u00fcckgewinnungskessel der Serie EXT \u2013 Babcock Wanson\",\"isPartOf\":{\"@id\":\"https:\\\/\\\/www.babcock-wanson.com\\\/de\\\/#website\"},\"primaryImageOfPage\":{\"@id\":\"https:\\\/\\\/www.babcock-wanson.com\\\/de\\\/products\\\/warmeruckgewinnungssysteme\\\/ext-serie\\\/#primaryimage\"},\"image\":{\"@id\":\"https:\\\/\\\/www.babcock-wanson.com\\\/de\\\/products\\\/warmeruckgewinnungssysteme\\\/ext-serie\\\/#primaryimage\"},\"thumbnailUrl\":\"https:\\\/\\\/www.babcock-wanson.com\\\/wp-content\\\/uploads\\\/2019\\\/02\\\/EXT-3.jpg\",\"datePublished\":\"2025-01-17T09:34:25+00:00\",\"dateModified\":\"2025-01-17T09:34:36+00:00\",\"description\":\"Die EXT-Serie besteht aus mehreren konzentrischen Rohrschlangen mit Gasstromkan\u00e4len zwischen den konzentrischen Rohrschlangenreihen, die einen geringen Druckabfall und eine selbstreinigende hohe Gasgeschwindigkeit gew\u00e4hrleisten.\",\"breadcrumb\":{\"@id\":\"https:\\\/\\\/www.babcock-wanson.com\\\/de\\\/products\\\/warmeruckgewinnungssysteme\\\/ext-serie\\\/#breadcrumb\"},\"inLanguage\":\"de-DE\",\"potentialAction\":[{\"@type\":\"ReadAction\",\"target\":[\"https:\\\/\\\/www.babcock-wanson.com\\\/de\\\/products\\\/warmeruckgewinnungssysteme\\\/ext-serie\\\/\"]}]},{\"@type\":\"ImageObject\",\"inLanguage\":\"de-DE\",\"@id\":\"https:\\\/\\\/www.babcock-wanson.com\\\/de\\\/products\\\/warmeruckgewinnungssysteme\\\/ext-serie\\\/#primaryimage\",\"url\":\"https:\\\/\\\/www.babcock-wanson.com\\\/wp-content\\\/uploads\\\/2019\\\/02\\\/EXT-3.jpg\",\"contentUrl\":\"https:\\\/\\\/www.babcock-wanson.com\\\/wp-content\\\/uploads\\\/2019\\\/02\\\/EXT-3.jpg\",\"width\":600,\"height\":400},{\"@type\":\"BreadcrumbList\",\"@id\":\"https:\\\/\\\/www.babcock-wanson.com\\\/de\\\/products\\\/warmeruckgewinnungssysteme\\\/ext-serie\\\/#breadcrumb\",\"itemListElement\":[{\"@type\":\"ListItem\",\"position\":1,\"name\":\"Inicio\",\"item\":\"https:\\\/\\\/www.babcock-wanson.com\\\/de\\\/\"},{\"@type\":\"ListItem\",\"position\":2,\"name\":\"Produkte\",\"item\":\"https:\\\/\\\/www.babcock-wanson.com\\\/de\\\/shop\\\/\"},{\"@type\":\"ListItem\",\"position\":3,\"name\":\"EXT-Serie\"}]},{\"@type\":\"WebSite\",\"@id\":\"https:\\\/\\\/www.babcock-wanson.com\\\/de\\\/#website\",\"url\":\"https:\\\/\\\/www.babcock-wanson.com\\\/de\\\/\",\"name\":\"Babcock Wanson\",\"description\":\"\",\"publisher\":{\"@id\":\"https:\\\/\\\/www.babcock-wanson.com\\\/de\\\/#organization\"},\"potentialAction\":[{\"@type\":\"SearchAction\",\"target\":{\"@type\":\"EntryPoint\",\"urlTemplate\":\"https:\\\/\\\/www.babcock-wanson.com\\\/de\\\/?s={search_term_string}\"},\"query-input\":{\"@type\":\"PropertyValueSpecification\",\"valueRequired\":true,\"valueName\":\"search_term_string\"}}],\"inLanguage\":\"de-DE\"},{\"@type\":\"Organization\",\"@id\":\"https:\\\/\\\/www.babcock-wanson.com\\\/de\\\/#organization\",\"name\":\"Babcock Wanson\",\"url\":\"https:\\\/\\\/www.babcock-wanson.com\\\/de\\\/\",\"logo\":{\"@type\":\"ImageObject\",\"inLanguage\":\"de-DE\",\"@id\":\"https:\\\/\\\/www.babcock-wanson.com\\\/de\\\/#\\\/schema\\\/logo\\\/image\\\/\",\"url\":\"https:\\\/\\\/www.babcock-wanson.com\\\/wp-content\\\/uploads\\\/2024\\\/02\\\/Babcock-Wanson-1200x1200-1.png\",\"contentUrl\":\"https:\\\/\\\/www.babcock-wanson.com\\\/wp-content\\\/uploads\\\/2024\\\/02\\\/Babcock-Wanson-1200x1200-1.png\",\"width\":1200,\"height\":1200,\"caption\":\"Babcock Wanson\"},\"image\":{\"@id\":\"https:\\\/\\\/www.babcock-wanson.com\\\/de\\\/#\\\/schema\\\/logo\\\/image\\\/\"},\"sameAs\":[\"https:\\\/\\\/www.linkedin.com\\\/company\\\/babcock-wanson\\\/\",\"https:\\\/\\\/www.youtube.com\\\/channel\\\/UCtxl25VieBBsP2kYmtlyv7A\"]}]}<\/script>\n<!-- \/ Yoast SEO Premium plugin. -->","yoast_head_json":{"title":"W\u00e4rmer\u00fcckgewinnungskessel der Serie EXT \u2013 Babcock Wanson","description":"Die EXT-Serie besteht aus mehreren konzentrischen Rohrschlangen mit Gasstromkan\u00e4len zwischen den konzentrischen Rohrschlangenreihen, die einen geringen Druckabfall und eine selbstreinigende hohe Gasgeschwindigkeit gew\u00e4hrleisten.","robots":{"index":"index","follow":"follow","max-snippet":"max-snippet:-1","max-image-preview":"max-image-preview:large","max-video-preview":"max-video-preview:-1"},"canonical":"https:\/\/www.babcock-wanson.com\/de\/products\/warmeruckgewinnungssysteme\/ext-serie\/","og_locale":"de_DE","og_type":"article","og_title":"EXT-Serie","og_description":"Die EXT-Serie besteht aus mehreren konzentrischen Rohrschlangen mit Gasstromkan\u00e4len zwischen den konzentrischen Rohrschlangenreihen, die einen geringen Druckabfall und eine selbstreinigende hohe Gasgeschwindigkeit gew\u00e4hrleisten.","og_url":"https:\/\/www.babcock-wanson.com\/de\/products\/warmeruckgewinnungssysteme\/ext-serie\/","og_site_name":"Babcock Wanson","article_modified_time":"2025-01-17T09:34:36+00:00","og_image":[{"width":600,"height":400,"url":"https:\/\/www.babcock-wanson.com\/wp-content\/uploads\/2019\/02\/EXT-3.jpg","type":"image\/jpeg"}],"twitter_card":"summary_large_image","schema":{"@context":"https:\/\/schema.org","@graph":[{"@type":"WebPage","@id":"https:\/\/www.babcock-wanson.com\/de\/products\/warmeruckgewinnungssysteme\/ext-serie\/","url":"https:\/\/www.babcock-wanson.com\/de\/products\/warmeruckgewinnungssysteme\/ext-serie\/","name":"W\u00e4rmer\u00fcckgewinnungskessel der Serie EXT \u2013 Babcock Wanson","isPartOf":{"@id":"https:\/\/www.babcock-wanson.com\/de\/#website"},"primaryImageOfPage":{"@id":"https:\/\/www.babcock-wanson.com\/de\/products\/warmeruckgewinnungssysteme\/ext-serie\/#primaryimage"},"image":{"@id":"https:\/\/www.babcock-wanson.com\/de\/products\/warmeruckgewinnungssysteme\/ext-serie\/#primaryimage"},"thumbnailUrl":"https:\/\/www.babcock-wanson.com\/wp-content\/uploads\/2019\/02\/EXT-3.jpg","datePublished":"2025-01-17T09:34:25+00:00","dateModified":"2025-01-17T09:34:36+00:00","description":"Die EXT-Serie besteht aus mehreren konzentrischen Rohrschlangen mit Gasstromkan\u00e4len zwischen den konzentrischen Rohrschlangenreihen, die einen geringen Druckabfall und eine selbstreinigende hohe Gasgeschwindigkeit gew\u00e4hrleisten.","breadcrumb":{"@id":"https:\/\/www.babcock-wanson.com\/de\/products\/warmeruckgewinnungssysteme\/ext-serie\/#breadcrumb"},"inLanguage":"de-DE","potentialAction":[{"@type":"ReadAction","target":["https:\/\/www.babcock-wanson.com\/de\/products\/warmeruckgewinnungssysteme\/ext-serie\/"]}]},{"@type":"ImageObject","inLanguage":"de-DE","@id":"https:\/\/www.babcock-wanson.com\/de\/products\/warmeruckgewinnungssysteme\/ext-serie\/#primaryimage","url":"https:\/\/www.babcock-wanson.com\/wp-content\/uploads\/2019\/02\/EXT-3.jpg","contentUrl":"https:\/\/www.babcock-wanson.com\/wp-content\/uploads\/2019\/02\/EXT-3.jpg","width":600,"height":400},{"@type":"BreadcrumbList","@id":"https:\/\/www.babcock-wanson.com\/de\/products\/warmeruckgewinnungssysteme\/ext-serie\/#breadcrumb","itemListElement":[{"@type":"ListItem","position":1,"name":"Inicio","item":"https:\/\/www.babcock-wanson.com\/de\/"},{"@type":"ListItem","position":2,"name":"Produkte","item":"https:\/\/www.babcock-wanson.com\/de\/shop\/"},{"@type":"ListItem","position":3,"name":"EXT-Serie"}]},{"@type":"WebSite","@id":"https:\/\/www.babcock-wanson.com\/de\/#website","url":"https:\/\/www.babcock-wanson.com\/de\/","name":"Babcock Wanson","description":"","publisher":{"@id":"https:\/\/www.babcock-wanson.com\/de\/#organization"},"potentialAction":[{"@type":"SearchAction","target":{"@type":"EntryPoint","urlTemplate":"https:\/\/www.babcock-wanson.com\/de\/?s={search_term_string}"},"query-input":{"@type":"PropertyValueSpecification","valueRequired":true,"valueName":"search_term_string"}}],"inLanguage":"de-DE"},{"@type":"Organization","@id":"https:\/\/www.babcock-wanson.com\/de\/#organization","name":"Babcock Wanson","url":"https:\/\/www.babcock-wanson.com\/de\/","logo":{"@type":"ImageObject","inLanguage":"de-DE","@id":"https:\/\/www.babcock-wanson.com\/de\/#\/schema\/logo\/image\/","url":"https:\/\/www.babcock-wanson.com\/wp-content\/uploads\/2024\/02\/Babcock-Wanson-1200x1200-1.png","contentUrl":"https:\/\/www.babcock-wanson.com\/wp-content\/uploads\/2024\/02\/Babcock-Wanson-1200x1200-1.png","width":1200,"height":1200,"caption":"Babcock Wanson"},"image":{"@id":"https:\/\/www.babcock-wanson.com\/de\/#\/schema\/logo\/image\/"},"sameAs":["https:\/\/www.linkedin.com\/company\/babcock-wanson\/","https:\/\/www.youtube.com\/channel\/UCtxl25VieBBsP2kYmtlyv7A"]}]}},"jetpack_sharing_enabled":true,"_links":{"self":[{"href":"https:\/\/www.babcock-wanson.com\/de\/wp-json\/wp\/v2\/product\/50400","targetHints":{"allow":["GET"]}}],"collection":[{"href":"https:\/\/www.babcock-wanson.com\/de\/wp-json\/wp\/v2\/product"}],"about":[{"href":"https:\/\/www.babcock-wanson.com\/de\/wp-json\/wp\/v2\/types\/product"}],"replies":[{"embeddable":true,"href":"https:\/\/www.babcock-wanson.com\/de\/wp-json\/wp\/v2\/comments?post=50400"}],"wp:featuredmedia":[{"embeddable":true,"href":"https:\/\/www.babcock-wanson.com\/de\/wp-json\/wp\/v2\/media\/50412"}],"wp:attachment":[{"href":"https:\/\/www.babcock-wanson.com\/de\/wp-json\/wp\/v2\/media?parent=50400"}],"wp:term":[{"taxonomy":"product_brand","embeddable":true,"href":"https:\/\/www.babcock-wanson.com\/de\/wp-json\/wp\/v2\/product_brand?post=50400"},{"taxonomy":"product_cat","embeddable":true,"href":"https:\/\/www.babcock-wanson.com\/de\/wp-json\/wp\/v2\/product_cat?post=50400"},{"taxonomy":"product_tag","embeddable":true,"href":"https:\/\/www.babcock-wanson.com\/de\/wp-json\/wp\/v2\/product_tag?post=50400"}],"curies":[{"name":"wp","href":"https:\/\/api.w.org\/{rel}","templated":true}]}}