{"id":50419,"date":"2020-07-15T14:34:32","date_gmt":"2025-01-17T09:34:27","guid":{"rendered":"https:\/\/www.babcock-wanson.com\/products\/unkategorisiert\/steampack\/"},"modified":"2025-01-17T09:34:27","modified_gmt":"2025-01-17T09:34:27","slug":"steampack","status":"publish","type":"product","link":"https:\/\/www.babcock-wanson.com\/de\/products\/flammrohrdampfkessel\/steampack\/","title":{"rendered":"SteamPack"},"content":{"rendered":"<div class=\"vgblk-rw-wrapper limit-wrapper\">\n<h2>Umweltfreundlich<\/h2>\n<p>Der SteamPack-Kessel von Babcock Wanson vereint die beste verf\u00fcgbare Technologie der Kesselkonstruktion mit einem sehr hohen Wirkungsgrad, was zu niedrigen Betriebskosten und reduzierten Emissionen f\u00fchrt. Der Kessel ist so konzipiert, dass er die aktuellsten europ\u00e4ischen Umweltvorschriften in Bezug auf Schadstoffemissionen erf\u00fcllt und sogar die gesetzlichen Anforderungen \u00fcbertreffen kann, wenn er mit einer Verbrennungsausr\u00fcstung von Babcock Wanson ausgestattet wird.<\/p>\n<h2>Geringer Verbrauch<\/h2>\n<p><strong>Optimale Effizienz<\/strong><br \/>\nDie perfekte Kombination aus Kesselk\u00f6rper und Brenner gew\u00e4hrleistet einen zuverl\u00e4ssigen und effizienten Betrieb. In Kombination mit einem an den Prozess angepassten <a href=\"https:\/\/www.babcock-wanson.com\/de\/produkt-kategorie\/warmeruckgewinnungssysteme\/\" target=\"_blank\" rel=\"noopener\">Abgas-W\u00e4rmer\u00fcckgewinnungssystems<\/a> (<a href=\"https:\/\/www.babcock-wanson.com\/products\/heat-recovery-systems\/economiser\/\" target=\"_blank\" rel=\"noopener\">Vorw\u00e4rmer<\/a>, Verbrennungsluftvorw\u00e4rmer usw.) erreichen SteamPack-Kessel eine optimale Prozesseffizienz \u00fcber den gesamten Feuerbereich.<br \/>\n<strong>Hohe Leistung \u00fcber den gesamten Leistungsbereich<\/strong><br \/>\nEine gleichbleibende Leistung ist ein wesentliches Merkmal der Ausr\u00fcstung von Babcock Wanson. Die spezielle Konstruktion des Verbrennungskopfes des Brenners in Verbindung mit sehr hohen Regelverh\u00e4ltnissen erm\u00f6glicht eine genaue Kontrolle des Luft\u00fcberschusses und minimale Start-\/Stopp-Zyklen. Dies gew\u00e4hrleistet die bestm\u00f6gliche Leistung \u00fcber einen breiten Betriebsbereich.<br \/>\n<strong>Geringer Stromverbrauch <\/strong><br \/>\nDer sehr geringe gasseitige Druckverlust senkt erheblich den Stromverbrauch der Gebl\u00e4se. Dar\u00fcber hinaus reduzieren Optionen f\u00fcr Verbrennungsluft- und Speisewasserpumpen mit variabler Drehzahl den Strombedarf der Anlage weiter und verbessern somit die Gesamteffizienz.<\/p>\n<h2>Robuste Konstruktion f\u00fcr lange Lebensdauer<\/h2>\n<p>Aufbauend auf dem BWR-Kesselprogramm, das f\u00fcr robuste Konstruktionen und hohe Lebensdauer bekannt ist, sind SteamPack-Kessel mit dreifachem Durchlauf ausgef\u00fchrt und verf\u00fcgen \u00fcber eine Wasserrohr-Rauchgasumkehrkammer. Diese bew\u00e4hrte Vorrichtung ist au\u00dferhalb des Druckk\u00f6rperteils angeschwei\u00dft und erfordert keine Zuganker oder Verst\u00e4rkungen der Umkehrkammer. Sie verleiht dem Mantel und der Ofenausdehnung eine au\u00dfergew\u00f6hnliche Flexibilit\u00e4t und erm\u00f6glicht gro\u00dfe Dampflast\u00e4nderungen bei minimaler Betriebsbelastung. Dies verleiht dem Kessel eine erh\u00f6hte Kaltstartfestigkeit und eine gro\u00dfe strukturelle Festigkeit f\u00fcr eine sehr hohe Lebensdauer. Die Rauchgasumkehrkammer wird durch einen Wasserkreislauf kontinuierlich gek\u00fchlt und ben\u00f6tigt daher keine feuerfesten Materialien.<\/p>\n<h2>Einfacher, zuverl\u00e4ssiger Betrieb<\/h2>\n<p><strong>Einfacher Zugang<\/strong><br \/>\nDie SteamPack-Konstruktion erm\u00f6glicht den vollst\u00e4ndigen Zugang zu den vorderen Rauch- und Feuerungsrohren \u00fcber gro\u00dfe, leicht zu bedienende T\u00fcren. Der Zugang zur hinteren Rohrplatte und zum Feuerungsrohr ist aufgrund der einzigartigen Wasserrohr-Umkehrkammer, die die Anforderungen an feuerfeste Materialien und komplexe Zuganker minimiert, einfach und vollst\u00e4ndig.<br \/>\nDie Standardkonstruktion von SteamPack umfasst eine integrierte Zugangsplattform auf hoher Ebene f\u00fcr einfachen, sicheren Zugang und einfache Wartung und Bedienung.<br \/>\n<strong>Geringere Betriebskosten<\/strong><br \/>\nDer SteamPack-Kessel verf\u00fcgt standardm\u00e4\u00dfig \u00fcber eine umfassende Instrumentierung und Steuerung, einschlie\u00dflich der exklusiven, unbeaufsichtigten Betriebsmodi von Babcock Wanson.<br \/>\n<strong>Fernsteuerung<\/strong><br \/>\nSteamPack ist mit dem Navinergy-System von Babcock Wanson kompatibel, das eine einfache Fern\u00fcberwachung und Wartungsplanung erm\u00f6glicht.<\/p>\n<h3>Warum sollten Sie sich f\u00fcr den Flammrohrdampfkessel SteamPack entscheiden?<\/h3>\n<ul>\n<li>Hoher Wirkungsgrad<\/li>\n<li>NOx-arme Brenner<\/li>\n<li>Hohes Brenner-Regelverh\u00e4ltnis<\/li>\n<li>Elektronische Modulationssteuerung als Standard<\/li>\n<li>Leichter Zugang f\u00fcr einfache Wartung<\/li>\n<li>Robuste Bauweise f\u00fcr sehr lange Lebensdauer<\/li>\n<li>W\u00e4rmer\u00fcckgewinnung aus Rauchgas<\/li>\n<li>Kondensationsvorw\u00e4rmer als Option<\/li>\n<li>Konnektivit\u00e4t mit unserem Navinergy-System<\/li>\n<li>Verbrennungsluftvorw\u00e4rmer-Optionen<\/li>\n<li>Optionen f\u00fcr Zweistoff- und Mischfeuerung<\/li>\n<li>O2- und CO-Regelungsoptionen<\/li>\n<li>Einfacher unbeaufsichtigter Betrieb \u00fcber 3 und 7 Tage<\/li>\n<li>Komplette Dampfsysteml\u00f6sungen<\/li>\n<\/ul>\n<p>&nbsp;<\/p>\n<h2>Flammrohrdampfkessel der SteamPack-Serie<\/h2>\n<div class=\"table-responsive\">\n<table style=\"height: 368px\" width=\"1071\">\n<tbody>\n<tr>\n<th class=\"bg-primary text-white\">SteamPack<\/th>\n<th class=\"bg-primary text-white\">Modell<\/th>\n<th>3.5<\/th>\n<th>4.0<\/th>\n<th>5.0<\/th>\n<th>6.0<\/th>\n<th>7.0<\/th>\n<th>8.0<\/th>\n<\/tr>\n<tr>\n<th>Dampfleistung (1)<\/th>\n<th>Kg\/h<\/th>\n<td>3500<\/td>\n<td>4000<\/td>\n<td>5000<\/td>\n<td>6000<\/td>\n<td>7000<\/td>\n<td>8000<\/td>\n<\/tr>\n<tr>\n<th>Leistungsausgabe (1)<\/th>\n<th>kW<\/th>\n<td>2675<\/td>\n<td>3067<\/td>\n<td>3808<\/td>\n<td>4592<\/td>\n<td>5340<\/td>\n<td>6139<\/td>\n<\/tr>\n<tr class=\"table-secondary\">\n<th class=\"bg-secondary text-white\">Breite A (2)<\/th>\n<th class=\"bg-secondary text-white\">mm<\/th>\n<td>2450<\/td>\n<td>2450<\/td>\n<td>2650<\/td>\n<td>2650<\/td>\n<td>2950<\/td>\n<td>2950<\/td>\n<\/tr>\n<tr class=\"table-dark\">\n<th class=\"bg-dark text-white\">L\u00e4nge B (2)<\/th>\n<th class=\"bg-dark text-white\">mm<\/th>\n<td>6300<\/td>\n<td>6300<\/td>\n<td>6850<\/td>\n<td>7000<\/td>\n<td>7520<\/td>\n<td>7520<\/td>\n<\/tr>\n<tr class=\"table-primary\">\n<th class=\"bg-primary text-white\">H\u00f6he C (2)<\/th>\n<th class=\"bg-primary text-white\">mm<\/th>\n<td>3400<\/td>\n<td>3400<\/td>\n<td>3550<\/td>\n<td>3550<\/td>\n<td>3850<\/td>\n<td>3850<\/td>\n<\/tr>\n<tr>\n<th>Gewicht \u2013 voll geflutet<\/th>\n<th>Kg<\/th>\n<td>17000<\/td>\n<td>17000<\/td>\n<td>24500<\/td>\n<td>25800<\/td>\n<td>31200<\/td>\n<td>32000<\/td>\n<\/tr>\n<\/tbody>\n<\/table>\n<\/div>\n<p>(1) Dampfleistung bei bis zu 15 barg basierend auf Speisewasser bei 80&nbsp;\u00b0C.<\/p>\n<p>(2) Gesamtabmessungen umfassen montierten Brenner und Kesselhalterungen.<\/p><\/div>\n<p><!-- .vgblk-rw-wrapper --><\/p>\n","protected":false},"excerpt":{"rendered":"<p><strong>Dampfleistung von 3.500&nbsp;kg\/h bis 8.000&nbsp;kg\/h<\/strong><br \/>\nSteamPack-Kessel sind als Dreifach-Durchlaufkessel konzipiert und verf\u00fcgen \u00fcber eine Wasserrohr-Rauchgasumkehrkammer. Diese einzigartige Babcock Wanson-Technologie bietet betriebliche Flexibilit\u00e4t und damit eine un\u00fcbertroffene langfristige Effizienz und Zuverl\u00e4ssigkeit.<\/p>\n","protected":false},"featured_media":50424,"comment_status":"closed","ping_status":"closed","template":"","meta":{"_acf_changed":false,"_relevanssi_hide_post":"","_relevanssi_hide_content":"","_relevanssi_pin_for_all":"","_relevanssi_pin_keywords":"","_relevanssi_unpin_keywords":"","_relevanssi_related_keywords":"","_relevanssi_related_include_ids":"","_relevanssi_related_exclude_ids":"","_relevanssi_related_no_append":"","_relevanssi_related_not_related":"","_relevanssi_related_posts":"","_relevanssi_noindex_reason":""},"product_brand":[],"product_cat":[6519,6520],"product_tag":[],"class_list":{"0":"post-50419","1":"product","2":"type-product","3":"status-publish","4":"has-post-thumbnail","6":"product_cat-dampfkessel","7":"product_cat-flammrohrdampfkessel","9":"first","10":"instock","11":"shipping-taxable","12":"product-type-simple"},"acf":[],"yoast_head":"<!-- This site is optimized with the Yoast SEO Premium plugin v27.4 (Yoast SEO v27.4) - https:\/\/yoast.com\/product\/yoast-seo-premium-wordpress\/ -->\n<title>SteamPack - Babcock Wanson<\/title>\n<meta name=\"description\" content=\"Der SteamPack-Rauchrohrkessel ist ein Kessel mit Dreifachdurchlauf mit einer Wasserrohrumkehrkammer f\u00fcr die Verbrennungsgase.\" \/>\n<meta name=\"robots\" content=\"index, follow, max-snippet:-1, max-image-preview:large, max-video-preview:-1\" \/>\n<link rel=\"canonical\" href=\"https:\/\/www.babcock-wanson.com\/de\/products\/flammrohrdampfkessel\/steampack\/\" \/>\n<meta property=\"og:locale\" content=\"de_DE\" \/>\n<meta property=\"og:type\" content=\"article\" \/>\n<meta property=\"og:title\" content=\"SteamPack\" \/>\n<meta property=\"og:description\" content=\"Der SteamPack-Rauchrohrkessel ist ein Kessel mit Dreifachdurchlauf mit einer Wasserrohrumkehrkammer f\u00fcr die Verbrennungsgase.\" \/>\n<meta property=\"og:url\" content=\"https:\/\/www.babcock-wanson.com\/de\/products\/flammrohrdampfkessel\/steampack\/\" \/>\n<meta property=\"og:site_name\" content=\"Babcock Wanson\" \/>\n<meta property=\"og:image\" content=\"https:\/\/www.babcock-wanson.com\/wp-content\/uploads\/2020\/07\/SteamPack_productpage_0.jpg\" \/>\n\t<meta property=\"og:image:width\" content=\"600\" \/>\n\t<meta property=\"og:image:height\" content=\"400\" \/>\n\t<meta property=\"og:image:type\" content=\"image\/jpeg\" \/>\n<meta name=\"twitter:card\" content=\"summary_large_image\" \/>\n<meta name=\"twitter:label1\" content=\"Est. reading time\" \/>\n\t<meta name=\"twitter:data1\" content=\"3 Minuten\" \/>\n<script type=\"application\/ld+json\" class=\"yoast-schema-graph\">{\"@context\":\"https:\\\/\\\/schema.org\",\"@graph\":[{\"@type\":\"WebPage\",\"@id\":\"https:\\\/\\\/www.babcock-wanson.com\\\/de\\\/products\\\/flammrohrdampfkessel\\\/steampack\\\/\",\"url\":\"https:\\\/\\\/www.babcock-wanson.com\\\/de\\\/products\\\/flammrohrdampfkessel\\\/steampack\\\/\",\"name\":\"SteamPack - Babcock Wanson\",\"isPartOf\":{\"@id\":\"https:\\\/\\\/www.babcock-wanson.com\\\/de\\\/#website\"},\"primaryImageOfPage\":{\"@id\":\"https:\\\/\\\/www.babcock-wanson.com\\\/de\\\/products\\\/flammrohrdampfkessel\\\/steampack\\\/#primaryimage\"},\"image\":{\"@id\":\"https:\\\/\\\/www.babcock-wanson.com\\\/de\\\/products\\\/flammrohrdampfkessel\\\/steampack\\\/#primaryimage\"},\"thumbnailUrl\":\"https:\\\/\\\/www.babcock-wanson.com\\\/wp-content\\\/uploads\\\/2020\\\/07\\\/SteamPack_productpage_0.jpg\",\"datePublished\":\"2025-01-17T09:34:27+00:00\",\"description\":\"Der SteamPack-Rauchrohrkessel ist ein Kessel mit Dreifachdurchlauf mit einer Wasserrohrumkehrkammer f\u00fcr die Verbrennungsgase.\",\"breadcrumb\":{\"@id\":\"https:\\\/\\\/www.babcock-wanson.com\\\/de\\\/products\\\/flammrohrdampfkessel\\\/steampack\\\/#breadcrumb\"},\"inLanguage\":\"de-DE\",\"potentialAction\":[{\"@type\":\"ReadAction\",\"target\":[\"https:\\\/\\\/www.babcock-wanson.com\\\/de\\\/products\\\/flammrohrdampfkessel\\\/steampack\\\/\"]}]},{\"@type\":\"ImageObject\",\"inLanguage\":\"de-DE\",\"@id\":\"https:\\\/\\\/www.babcock-wanson.com\\\/de\\\/products\\\/flammrohrdampfkessel\\\/steampack\\\/#primaryimage\",\"url\":\"https:\\\/\\\/www.babcock-wanson.com\\\/wp-content\\\/uploads\\\/2020\\\/07\\\/SteamPack_productpage_0.jpg\",\"contentUrl\":\"https:\\\/\\\/www.babcock-wanson.com\\\/wp-content\\\/uploads\\\/2020\\\/07\\\/SteamPack_productpage_0.jpg\",\"width\":600,\"height\":400,\"caption\":\"SteamPack - Chaudi\u00e8re Vapeur\"},{\"@type\":\"BreadcrumbList\",\"@id\":\"https:\\\/\\\/www.babcock-wanson.com\\\/de\\\/products\\\/flammrohrdampfkessel\\\/steampack\\\/#breadcrumb\",\"itemListElement\":[{\"@type\":\"ListItem\",\"position\":1,\"name\":\"Inicio\",\"item\":\"https:\\\/\\\/www.babcock-wanson.com\\\/de\\\/\"},{\"@type\":\"ListItem\",\"position\":2,\"name\":\"Produkte\",\"item\":\"https:\\\/\\\/www.babcock-wanson.com\\\/de\\\/shop\\\/\"},{\"@type\":\"ListItem\",\"position\":3,\"name\":\"SteamPack\"}]},{\"@type\":\"WebSite\",\"@id\":\"https:\\\/\\\/www.babcock-wanson.com\\\/de\\\/#website\",\"url\":\"https:\\\/\\\/www.babcock-wanson.com\\\/de\\\/\",\"name\":\"Babcock Wanson\",\"description\":\"\",\"publisher\":{\"@id\":\"https:\\\/\\\/www.babcock-wanson.com\\\/de\\\/#organization\"},\"potentialAction\":[{\"@type\":\"SearchAction\",\"target\":{\"@type\":\"EntryPoint\",\"urlTemplate\":\"https:\\\/\\\/www.babcock-wanson.com\\\/de\\\/?s={search_term_string}\"},\"query-input\":{\"@type\":\"PropertyValueSpecification\",\"valueRequired\":true,\"valueName\":\"search_term_string\"}}],\"inLanguage\":\"de-DE\"},{\"@type\":\"Organization\",\"@id\":\"https:\\\/\\\/www.babcock-wanson.com\\\/de\\\/#organization\",\"name\":\"Babcock Wanson\",\"url\":\"https:\\\/\\\/www.babcock-wanson.com\\\/de\\\/\",\"logo\":{\"@type\":\"ImageObject\",\"inLanguage\":\"de-DE\",\"@id\":\"https:\\\/\\\/www.babcock-wanson.com\\\/de\\\/#\\\/schema\\\/logo\\\/image\\\/\",\"url\":\"https:\\\/\\\/www.babcock-wanson.com\\\/wp-content\\\/uploads\\\/2024\\\/02\\\/Babcock-Wanson-1200x1200-1.png\",\"contentUrl\":\"https:\\\/\\\/www.babcock-wanson.com\\\/wp-content\\\/uploads\\\/2024\\\/02\\\/Babcock-Wanson-1200x1200-1.png\",\"width\":1200,\"height\":1200,\"caption\":\"Babcock Wanson\"},\"image\":{\"@id\":\"https:\\\/\\\/www.babcock-wanson.com\\\/de\\\/#\\\/schema\\\/logo\\\/image\\\/\"},\"sameAs\":[\"https:\\\/\\\/www.linkedin.com\\\/company\\\/babcock-wanson\\\/\",\"https:\\\/\\\/www.youtube.com\\\/channel\\\/UCtxl25VieBBsP2kYmtlyv7A\"]}]}<\/script>\n<!-- \/ Yoast SEO Premium plugin. -->","yoast_head_json":{"title":"SteamPack - Babcock Wanson","description":"Der SteamPack-Rauchrohrkessel ist ein Kessel mit Dreifachdurchlauf mit einer Wasserrohrumkehrkammer f\u00fcr die Verbrennungsgase.","robots":{"index":"index","follow":"follow","max-snippet":"max-snippet:-1","max-image-preview":"max-image-preview:large","max-video-preview":"max-video-preview:-1"},"canonical":"https:\/\/www.babcock-wanson.com\/de\/products\/flammrohrdampfkessel\/steampack\/","og_locale":"de_DE","og_type":"article","og_title":"SteamPack","og_description":"Der SteamPack-Rauchrohrkessel ist ein Kessel mit Dreifachdurchlauf mit einer Wasserrohrumkehrkammer f\u00fcr die Verbrennungsgase.","og_url":"https:\/\/www.babcock-wanson.com\/de\/products\/flammrohrdampfkessel\/steampack\/","og_site_name":"Babcock Wanson","og_image":[{"width":600,"height":400,"url":"https:\/\/www.babcock-wanson.com\/wp-content\/uploads\/2020\/07\/SteamPack_productpage_0.jpg","type":"image\/jpeg"}],"twitter_card":"summary_large_image","twitter_misc":{"Est. reading time":"3 Minuten"},"schema":{"@context":"https:\/\/schema.org","@graph":[{"@type":"WebPage","@id":"https:\/\/www.babcock-wanson.com\/de\/products\/flammrohrdampfkessel\/steampack\/","url":"https:\/\/www.babcock-wanson.com\/de\/products\/flammrohrdampfkessel\/steampack\/","name":"SteamPack - Babcock Wanson","isPartOf":{"@id":"https:\/\/www.babcock-wanson.com\/de\/#website"},"primaryImageOfPage":{"@id":"https:\/\/www.babcock-wanson.com\/de\/products\/flammrohrdampfkessel\/steampack\/#primaryimage"},"image":{"@id":"https:\/\/www.babcock-wanson.com\/de\/products\/flammrohrdampfkessel\/steampack\/#primaryimage"},"thumbnailUrl":"https:\/\/www.babcock-wanson.com\/wp-content\/uploads\/2020\/07\/SteamPack_productpage_0.jpg","datePublished":"2025-01-17T09:34:27+00:00","description":"Der SteamPack-Rauchrohrkessel ist ein Kessel mit Dreifachdurchlauf mit einer Wasserrohrumkehrkammer f\u00fcr die Verbrennungsgase.","breadcrumb":{"@id":"https:\/\/www.babcock-wanson.com\/de\/products\/flammrohrdampfkessel\/steampack\/#breadcrumb"},"inLanguage":"de-DE","potentialAction":[{"@type":"ReadAction","target":["https:\/\/www.babcock-wanson.com\/de\/products\/flammrohrdampfkessel\/steampack\/"]}]},{"@type":"ImageObject","inLanguage":"de-DE","@id":"https:\/\/www.babcock-wanson.com\/de\/products\/flammrohrdampfkessel\/steampack\/#primaryimage","url":"https:\/\/www.babcock-wanson.com\/wp-content\/uploads\/2020\/07\/SteamPack_productpage_0.jpg","contentUrl":"https:\/\/www.babcock-wanson.com\/wp-content\/uploads\/2020\/07\/SteamPack_productpage_0.jpg","width":600,"height":400,"caption":"SteamPack - Chaudi\u00e8re Vapeur"},{"@type":"BreadcrumbList","@id":"https:\/\/www.babcock-wanson.com\/de\/products\/flammrohrdampfkessel\/steampack\/#breadcrumb","itemListElement":[{"@type":"ListItem","position":1,"name":"Inicio","item":"https:\/\/www.babcock-wanson.com\/de\/"},{"@type":"ListItem","position":2,"name":"Produkte","item":"https:\/\/www.babcock-wanson.com\/de\/shop\/"},{"@type":"ListItem","position":3,"name":"SteamPack"}]},{"@type":"WebSite","@id":"https:\/\/www.babcock-wanson.com\/de\/#website","url":"https:\/\/www.babcock-wanson.com\/de\/","name":"Babcock Wanson","description":"","publisher":{"@id":"https:\/\/www.babcock-wanson.com\/de\/#organization"},"potentialAction":[{"@type":"SearchAction","target":{"@type":"EntryPoint","urlTemplate":"https:\/\/www.babcock-wanson.com\/de\/?s={search_term_string}"},"query-input":{"@type":"PropertyValueSpecification","valueRequired":true,"valueName":"search_term_string"}}],"inLanguage":"de-DE"},{"@type":"Organization","@id":"https:\/\/www.babcock-wanson.com\/de\/#organization","name":"Babcock Wanson","url":"https:\/\/www.babcock-wanson.com\/de\/","logo":{"@type":"ImageObject","inLanguage":"de-DE","@id":"https:\/\/www.babcock-wanson.com\/de\/#\/schema\/logo\/image\/","url":"https:\/\/www.babcock-wanson.com\/wp-content\/uploads\/2024\/02\/Babcock-Wanson-1200x1200-1.png","contentUrl":"https:\/\/www.babcock-wanson.com\/wp-content\/uploads\/2024\/02\/Babcock-Wanson-1200x1200-1.png","width":1200,"height":1200,"caption":"Babcock Wanson"},"image":{"@id":"https:\/\/www.babcock-wanson.com\/de\/#\/schema\/logo\/image\/"},"sameAs":["https:\/\/www.linkedin.com\/company\/babcock-wanson\/","https:\/\/www.youtube.com\/channel\/UCtxl25VieBBsP2kYmtlyv7A"]}]}},"jetpack_sharing_enabled":true,"_links":{"self":[{"href":"https:\/\/www.babcock-wanson.com\/de\/wp-json\/wp\/v2\/product\/50419","targetHints":{"allow":["GET"]}}],"collection":[{"href":"https:\/\/www.babcock-wanson.com\/de\/wp-json\/wp\/v2\/product"}],"about":[{"href":"https:\/\/www.babcock-wanson.com\/de\/wp-json\/wp\/v2\/types\/product"}],"replies":[{"embeddable":true,"href":"https:\/\/www.babcock-wanson.com\/de\/wp-json\/wp\/v2\/comments?post=50419"}],"wp:featuredmedia":[{"embeddable":true,"href":"https:\/\/www.babcock-wanson.com\/de\/wp-json\/wp\/v2\/media\/50424"}],"wp:attachment":[{"href":"https:\/\/www.babcock-wanson.com\/de\/wp-json\/wp\/v2\/media?parent=50419"}],"wp:term":[{"taxonomy":"product_brand","embeddable":true,"href":"https:\/\/www.babcock-wanson.com\/de\/wp-json\/wp\/v2\/product_brand?post=50419"},{"taxonomy":"product_cat","embeddable":true,"href":"https:\/\/www.babcock-wanson.com\/de\/wp-json\/wp\/v2\/product_cat?post=50419"},{"taxonomy":"product_tag","embeddable":true,"href":"https:\/\/www.babcock-wanson.com\/de\/wp-json\/wp\/v2\/product_tag?post=50419"}],"curies":[{"name":"wp","href":"https:\/\/api.w.org\/{rel}","templated":true}]}}