{"id":50435,"date":"2019-02-12T16:18:52","date_gmt":"2025-01-17T09:34:30","guid":{"rendered":"https:\/\/www.babcock-wanson.com\/products\/unkategorisiert\/rec-serie\/"},"modified":"2025-01-17T09:34:36","modified_gmt":"2025-01-17T09:34:36","slug":"rec-serie","status":"publish","type":"product","link":"https:\/\/www.babcock-wanson.com\/de\/products\/warmeruckgewinnungssysteme\/rec-serie\/","title":{"rendered":"REC-Serie"},"content":{"rendered":"<div class=\"vgblk-rw-wrapper limit-wrapper\">\n<h3>Merkmale der REC-Serie<\/h3>\n<ul>\n<li>Horizontale Konfiguration.<\/li>\n<li>Flexibler Betrieb \u2013 unterschiedliche Abgasvolumen und -temperaturen k\u00f6nnen ber\u00fccksichtigt werden.<\/li>\n<li>Robustes Design<\/li>\n<li>Einfache Reinigung \u2013 staubtolerant.<\/li>\n<li>Geeignet f\u00fcr den Einsatz in Schmelz\u00f6fen, Gl\u00fch\u00f6fen, Verbrennungs\u00f6fen, <a href=\"https:\/\/www.babcock-wanson.com\/de\/produkt-kategorie\/thermische-oxidatoren\/\" target=\"_blank\" rel=\"noopener\">Thermischen Oxidatoren<\/a>, Dieselmotoren, Gasturbinen und mehr.<\/li>\n<\/ul>\n<\/div><!-- .vgblk-rw-wrapper -->","protected":false},"excerpt":{"rendered":"<p>Die REC-Serie ist ideal f\u00fcr die Erzeugung von Dampf oder Wasser mit hoher Hochtemperaturwasser und nutzt Verbrennungsgas aus Dieselmotoren, Gasturbinen (Kraft-W\u00e4rme-Kopplung), Industrie\u00f6fen, Verbrennungsanlagen oder anderen thermischen Ausr\u00fcstungen.<\/p>\n<p>Diese horizontalen Kessel sind so konzipiert, dass sie die W\u00e4rmer\u00fcckgewinnung mit einem begrenzten Druckabfall auf der Gasseite ausgleichen, um die W\u00e4rme\u00fcbertragung zu optimieren. Zudem sind sie so konzipiert, dass sie die erforderliche Qualit\u00e4t und Quantit\u00e4t der zur\u00fcckgewonnenen W\u00e4rme liefern.<\/p>\n<p><strong>Konfiguration<\/strong> \u2013 Horizontal <strong>Leistung<\/strong> \u2013 Dampf oder Hei\u00dfwasser <strong>Kapazit\u00e4t<\/strong> \u2013 Bis zu 30&nbsp;t\/h Dampf <strong>Druckbereich<\/strong> \u2013 25 bar <strong>Einlasstemperatur<\/strong> \u2013 Bis zu 1000 \u00b0C<\/p>\n","protected":false},"featured_media":50439,"comment_status":"closed","ping_status":"closed","template":"","meta":{"_acf_changed":false,"_relevanssi_hide_post":"","_relevanssi_hide_content":"","_relevanssi_pin_for_all":"","_relevanssi_pin_keywords":"","_relevanssi_unpin_keywords":"","_relevanssi_related_keywords":"","_relevanssi_related_include_ids":"","_relevanssi_related_exclude_ids":"","_relevanssi_related_no_append":"","_relevanssi_related_not_related":"","_relevanssi_related_posts":"","_relevanssi_noindex_reason":""},"product_brand":[],"product_cat":[6532],"product_tag":[],"class_list":{"0":"post-50435","1":"product","2":"type-product","3":"status-publish","4":"has-post-thumbnail","6":"product_cat-warmeruckgewinnungssysteme","8":"first","9":"instock","10":"shipping-taxable","11":"product-type-simple"},"acf":[],"yoast_head":"<!-- This site is optimized with the Yoast SEO Premium plugin v27.4 (Yoast SEO v27.4) - https:\/\/yoast.com\/product\/yoast-seo-premium-wordpress\/ -->\n<title>REC-Serie<\/title>\n<meta name=\"description\" content=\"Die REC-Serie nutzt Verbrennungsgas und ist ideal f\u00fcr die Erzeugung von Dampf oder Hochtemperaturwasser. Besuchen Sie uns noch heute, um mehr \u00fcber dieses Produkt zu erfahren\" \/>\n<meta name=\"robots\" content=\"index, follow, max-snippet:-1, max-image-preview:large, max-video-preview:-1\" \/>\n<link rel=\"canonical\" href=\"https:\/\/www.babcock-wanson.com\/de\/products\/warmeruckgewinnungssysteme\/rec-serie\/\" \/>\n<meta property=\"og:locale\" content=\"de_DE\" \/>\n<meta property=\"og:type\" content=\"article\" \/>\n<meta property=\"og:title\" content=\"REC-Serie\" \/>\n<meta property=\"og:description\" content=\"Die REC-Serie nutzt Verbrennungsgas und ist ideal f\u00fcr die Erzeugung von Dampf oder Hochtemperaturwasser. Besuchen Sie uns noch heute, um mehr \u00fcber dieses Produkt zu erfahren\" \/>\n<meta property=\"og:url\" content=\"https:\/\/www.babcock-wanson.com\/de\/products\/warmeruckgewinnungssysteme\/rec-serie\/\" \/>\n<meta property=\"og:site_name\" content=\"Babcock Wanson\" \/>\n<meta property=\"article:modified_time\" content=\"2025-01-17T09:34:36+00:00\" \/>\n<meta property=\"og:image\" content=\"https:\/\/www.babcock-wanson.com\/wp-content\/uploads\/2018\/08\/Rec-Series-2.jpg\" \/>\n\t<meta property=\"og:image:width\" content=\"600\" \/>\n\t<meta property=\"og:image:height\" content=\"400\" \/>\n\t<meta property=\"og:image:type\" content=\"image\/jpeg\" \/>\n<meta name=\"twitter:card\" content=\"summary_large_image\" \/>\n<script type=\"application\/ld+json\" class=\"yoast-schema-graph\">{\"@context\":\"https:\\\/\\\/schema.org\",\"@graph\":[{\"@type\":\"WebPage\",\"@id\":\"https:\\\/\\\/www.babcock-wanson.com\\\/de\\\/products\\\/warmeruckgewinnungssysteme\\\/rec-serie\\\/\",\"url\":\"https:\\\/\\\/www.babcock-wanson.com\\\/de\\\/products\\\/warmeruckgewinnungssysteme\\\/rec-serie\\\/\",\"name\":\"REC-Serie\",\"isPartOf\":{\"@id\":\"https:\\\/\\\/www.babcock-wanson.com\\\/de\\\/#website\"},\"primaryImageOfPage\":{\"@id\":\"https:\\\/\\\/www.babcock-wanson.com\\\/de\\\/products\\\/warmeruckgewinnungssysteme\\\/rec-serie\\\/#primaryimage\"},\"image\":{\"@id\":\"https:\\\/\\\/www.babcock-wanson.com\\\/de\\\/products\\\/warmeruckgewinnungssysteme\\\/rec-serie\\\/#primaryimage\"},\"thumbnailUrl\":\"https:\\\/\\\/www.babcock-wanson.com\\\/wp-content\\\/uploads\\\/2018\\\/08\\\/Rec-Series-2.jpg\",\"datePublished\":\"2025-01-17T09:34:30+00:00\",\"dateModified\":\"2025-01-17T09:34:36+00:00\",\"description\":\"Die REC-Serie nutzt Verbrennungsgas und ist ideal f\u00fcr die Erzeugung von Dampf oder Hochtemperaturwasser. Besuchen Sie uns noch heute, um mehr \u00fcber dieses Produkt zu erfahren\",\"breadcrumb\":{\"@id\":\"https:\\\/\\\/www.babcock-wanson.com\\\/de\\\/products\\\/warmeruckgewinnungssysteme\\\/rec-serie\\\/#breadcrumb\"},\"inLanguage\":\"de-DE\",\"potentialAction\":[{\"@type\":\"ReadAction\",\"target\":[\"https:\\\/\\\/www.babcock-wanson.com\\\/de\\\/products\\\/warmeruckgewinnungssysteme\\\/rec-serie\\\/\"]}]},{\"@type\":\"ImageObject\",\"inLanguage\":\"de-DE\",\"@id\":\"https:\\\/\\\/www.babcock-wanson.com\\\/de\\\/products\\\/warmeruckgewinnungssysteme\\\/rec-serie\\\/#primaryimage\",\"url\":\"https:\\\/\\\/www.babcock-wanson.com\\\/wp-content\\\/uploads\\\/2018\\\/08\\\/Rec-Series-2.jpg\",\"contentUrl\":\"https:\\\/\\\/www.babcock-wanson.com\\\/wp-content\\\/uploads\\\/2018\\\/08\\\/Rec-Series-2.jpg\",\"width\":600,\"height\":400},{\"@type\":\"BreadcrumbList\",\"@id\":\"https:\\\/\\\/www.babcock-wanson.com\\\/de\\\/products\\\/warmeruckgewinnungssysteme\\\/rec-serie\\\/#breadcrumb\",\"itemListElement\":[{\"@type\":\"ListItem\",\"position\":1,\"name\":\"Inicio\",\"item\":\"https:\\\/\\\/www.babcock-wanson.com\\\/de\\\/\"},{\"@type\":\"ListItem\",\"position\":2,\"name\":\"Produkte\",\"item\":\"https:\\\/\\\/www.babcock-wanson.com\\\/de\\\/shop\\\/\"},{\"@type\":\"ListItem\",\"position\":3,\"name\":\"REC-Serie\"}]},{\"@type\":\"WebSite\",\"@id\":\"https:\\\/\\\/www.babcock-wanson.com\\\/de\\\/#website\",\"url\":\"https:\\\/\\\/www.babcock-wanson.com\\\/de\\\/\",\"name\":\"Babcock Wanson\",\"description\":\"\",\"publisher\":{\"@id\":\"https:\\\/\\\/www.babcock-wanson.com\\\/de\\\/#organization\"},\"potentialAction\":[{\"@type\":\"SearchAction\",\"target\":{\"@type\":\"EntryPoint\",\"urlTemplate\":\"https:\\\/\\\/www.babcock-wanson.com\\\/de\\\/?s={search_term_string}\"},\"query-input\":{\"@type\":\"PropertyValueSpecification\",\"valueRequired\":true,\"valueName\":\"search_term_string\"}}],\"inLanguage\":\"de-DE\"},{\"@type\":\"Organization\",\"@id\":\"https:\\\/\\\/www.babcock-wanson.com\\\/de\\\/#organization\",\"name\":\"Babcock Wanson\",\"url\":\"https:\\\/\\\/www.babcock-wanson.com\\\/de\\\/\",\"logo\":{\"@type\":\"ImageObject\",\"inLanguage\":\"de-DE\",\"@id\":\"https:\\\/\\\/www.babcock-wanson.com\\\/de\\\/#\\\/schema\\\/logo\\\/image\\\/\",\"url\":\"https:\\\/\\\/www.babcock-wanson.com\\\/wp-content\\\/uploads\\\/2024\\\/02\\\/Babcock-Wanson-1200x1200-1.png\",\"contentUrl\":\"https:\\\/\\\/www.babcock-wanson.com\\\/wp-content\\\/uploads\\\/2024\\\/02\\\/Babcock-Wanson-1200x1200-1.png\",\"width\":1200,\"height\":1200,\"caption\":\"Babcock Wanson\"},\"image\":{\"@id\":\"https:\\\/\\\/www.babcock-wanson.com\\\/de\\\/#\\\/schema\\\/logo\\\/image\\\/\"},\"sameAs\":[\"https:\\\/\\\/www.linkedin.com\\\/company\\\/babcock-wanson\\\/\",\"https:\\\/\\\/www.youtube.com\\\/channel\\\/UCtxl25VieBBsP2kYmtlyv7A\"]}]}<\/script>\n<!-- \/ Yoast SEO Premium plugin. -->","yoast_head_json":{"title":"REC-Serie","description":"Die REC-Serie nutzt Verbrennungsgas und ist ideal f\u00fcr die Erzeugung von Dampf oder Hochtemperaturwasser. Besuchen Sie uns noch heute, um mehr \u00fcber dieses Produkt zu erfahren","robots":{"index":"index","follow":"follow","max-snippet":"max-snippet:-1","max-image-preview":"max-image-preview:large","max-video-preview":"max-video-preview:-1"},"canonical":"https:\/\/www.babcock-wanson.com\/de\/products\/warmeruckgewinnungssysteme\/rec-serie\/","og_locale":"de_DE","og_type":"article","og_title":"REC-Serie","og_description":"Die REC-Serie nutzt Verbrennungsgas und ist ideal f\u00fcr die Erzeugung von Dampf oder Hochtemperaturwasser. Besuchen Sie uns noch heute, um mehr \u00fcber dieses Produkt zu erfahren","og_url":"https:\/\/www.babcock-wanson.com\/de\/products\/warmeruckgewinnungssysteme\/rec-serie\/","og_site_name":"Babcock Wanson","article_modified_time":"2025-01-17T09:34:36+00:00","og_image":[{"width":600,"height":400,"url":"https:\/\/www.babcock-wanson.com\/wp-content\/uploads\/2018\/08\/Rec-Series-2.jpg","type":"image\/jpeg"}],"twitter_card":"summary_large_image","schema":{"@context":"https:\/\/schema.org","@graph":[{"@type":"WebPage","@id":"https:\/\/www.babcock-wanson.com\/de\/products\/warmeruckgewinnungssysteme\/rec-serie\/","url":"https:\/\/www.babcock-wanson.com\/de\/products\/warmeruckgewinnungssysteme\/rec-serie\/","name":"REC-Serie","isPartOf":{"@id":"https:\/\/www.babcock-wanson.com\/de\/#website"},"primaryImageOfPage":{"@id":"https:\/\/www.babcock-wanson.com\/de\/products\/warmeruckgewinnungssysteme\/rec-serie\/#primaryimage"},"image":{"@id":"https:\/\/www.babcock-wanson.com\/de\/products\/warmeruckgewinnungssysteme\/rec-serie\/#primaryimage"},"thumbnailUrl":"https:\/\/www.babcock-wanson.com\/wp-content\/uploads\/2018\/08\/Rec-Series-2.jpg","datePublished":"2025-01-17T09:34:30+00:00","dateModified":"2025-01-17T09:34:36+00:00","description":"Die REC-Serie nutzt Verbrennungsgas und ist ideal f\u00fcr die Erzeugung von Dampf oder Hochtemperaturwasser. Besuchen Sie uns noch heute, um mehr \u00fcber dieses Produkt zu erfahren","breadcrumb":{"@id":"https:\/\/www.babcock-wanson.com\/de\/products\/warmeruckgewinnungssysteme\/rec-serie\/#breadcrumb"},"inLanguage":"de-DE","potentialAction":[{"@type":"ReadAction","target":["https:\/\/www.babcock-wanson.com\/de\/products\/warmeruckgewinnungssysteme\/rec-serie\/"]}]},{"@type":"ImageObject","inLanguage":"de-DE","@id":"https:\/\/www.babcock-wanson.com\/de\/products\/warmeruckgewinnungssysteme\/rec-serie\/#primaryimage","url":"https:\/\/www.babcock-wanson.com\/wp-content\/uploads\/2018\/08\/Rec-Series-2.jpg","contentUrl":"https:\/\/www.babcock-wanson.com\/wp-content\/uploads\/2018\/08\/Rec-Series-2.jpg","width":600,"height":400},{"@type":"BreadcrumbList","@id":"https:\/\/www.babcock-wanson.com\/de\/products\/warmeruckgewinnungssysteme\/rec-serie\/#breadcrumb","itemListElement":[{"@type":"ListItem","position":1,"name":"Inicio","item":"https:\/\/www.babcock-wanson.com\/de\/"},{"@type":"ListItem","position":2,"name":"Produkte","item":"https:\/\/www.babcock-wanson.com\/de\/shop\/"},{"@type":"ListItem","position":3,"name":"REC-Serie"}]},{"@type":"WebSite","@id":"https:\/\/www.babcock-wanson.com\/de\/#website","url":"https:\/\/www.babcock-wanson.com\/de\/","name":"Babcock Wanson","description":"","publisher":{"@id":"https:\/\/www.babcock-wanson.com\/de\/#organization"},"potentialAction":[{"@type":"SearchAction","target":{"@type":"EntryPoint","urlTemplate":"https:\/\/www.babcock-wanson.com\/de\/?s={search_term_string}"},"query-input":{"@type":"PropertyValueSpecification","valueRequired":true,"valueName":"search_term_string"}}],"inLanguage":"de-DE"},{"@type":"Organization","@id":"https:\/\/www.babcock-wanson.com\/de\/#organization","name":"Babcock Wanson","url":"https:\/\/www.babcock-wanson.com\/de\/","logo":{"@type":"ImageObject","inLanguage":"de-DE","@id":"https:\/\/www.babcock-wanson.com\/de\/#\/schema\/logo\/image\/","url":"https:\/\/www.babcock-wanson.com\/wp-content\/uploads\/2024\/02\/Babcock-Wanson-1200x1200-1.png","contentUrl":"https:\/\/www.babcock-wanson.com\/wp-content\/uploads\/2024\/02\/Babcock-Wanson-1200x1200-1.png","width":1200,"height":1200,"caption":"Babcock Wanson"},"image":{"@id":"https:\/\/www.babcock-wanson.com\/de\/#\/schema\/logo\/image\/"},"sameAs":["https:\/\/www.linkedin.com\/company\/babcock-wanson\/","https:\/\/www.youtube.com\/channel\/UCtxl25VieBBsP2kYmtlyv7A"]}]}},"jetpack_sharing_enabled":true,"_links":{"self":[{"href":"https:\/\/www.babcock-wanson.com\/de\/wp-json\/wp\/v2\/product\/50435","targetHints":{"allow":["GET"]}}],"collection":[{"href":"https:\/\/www.babcock-wanson.com\/de\/wp-json\/wp\/v2\/product"}],"about":[{"href":"https:\/\/www.babcock-wanson.com\/de\/wp-json\/wp\/v2\/types\/product"}],"replies":[{"embeddable":true,"href":"https:\/\/www.babcock-wanson.com\/de\/wp-json\/wp\/v2\/comments?post=50435"}],"wp:featuredmedia":[{"embeddable":true,"href":"https:\/\/www.babcock-wanson.com\/de\/wp-json\/wp\/v2\/media\/50439"}],"wp:attachment":[{"href":"https:\/\/www.babcock-wanson.com\/de\/wp-json\/wp\/v2\/media?parent=50435"}],"wp:term":[{"taxonomy":"product_brand","embeddable":true,"href":"https:\/\/www.babcock-wanson.com\/de\/wp-json\/wp\/v2\/product_brand?post=50435"},{"taxonomy":"product_cat","embeddable":true,"href":"https:\/\/www.babcock-wanson.com\/de\/wp-json\/wp\/v2\/product_cat?post=50435"},{"taxonomy":"product_tag","embeddable":true,"href":"https:\/\/www.babcock-wanson.com\/de\/wp-json\/wp\/v2\/product_tag?post=50435"}],"curies":[{"name":"wp","href":"https:\/\/api.w.org\/{rel}","templated":true}]}}