{"id":50438,"date":"2021-11-18T16:02:43","date_gmt":"2025-01-17T09:34:31","guid":{"rendered":"https:\/\/www.babcock-wanson.com\/products\/unkategorisiert\/e-pack\/"},"modified":"2025-04-17T11:37:25","modified_gmt":"2025-04-17T10:37:25","slug":"e-pack","status":"publish","type":"product","link":"https:\/\/www.babcock-wanson.com\/de\/products\/industrielle-elektrokessel\/e-pack\/","title":{"rendered":"e-Pack"},"content":{"rendered":"<div class=\"vgblk-rw-wrapper limit-wrapper\">\n<h2>https:\/\/www.babcock-wanson.com\/de\/produkt-kategorie\/industrielle-elektrokessel\/Umweltfreundlich<\/h2>\n<p><strong>Der industrielle Elektrokessel e-Pack bietet viele \u00f6kologische und betriebliche Vorteile:<\/strong><br \/>\nEr verbraucht keine fossilen Brennstoffe und setzt daher keine gasf\u00f6rmigen Abgase in die Atmosph\u00e4re frei. Unter diesem Gesichtspunkt ist die Installation sehr einfach: Es sind keine Schornsteine, Brennstoffversorgungsnetze oder Lagertanks erforderlich. Dar\u00fcber hinaus ist keine regelm\u00e4\u00dfige \u00dcberwachung der Abgasemissionen erforderlich.<\/p>\n<p>Wirkungsgrade von nahezu 100\u00a0% k\u00f6nnen erreicht werden, da die gesamte zugef\u00fchrte elektrische Energie in W\u00e4rmeenergie umgewandelt wird (lediglich geringf\u00fcgige W\u00e4rmeverluste durch die Oberfl\u00e4chen sind abzuziehen).<\/p>\n<p>Durch eine pr\u00e4zise Druckregelung mit mehreren Leistungsstufen kann der Kessel schnell auf Last\u00e4nderungen reagieren. Dies erm\u00f6glicht einen schnellen Start, um bei Bedarf verf\u00fcgbare Netzleistung zu absorbieren.<\/p>\n<h2>Robuste Konstruktion f\u00fcr eine l\u00e4ngere Lebensdauer<\/h2>\n<p>Die e-Pack-Kessel bestehen aus einem Stahlk\u00f6rper mit Tauchheizern aus Edelstahl, die zahlreiche Vorteile in Bezug auf Leistung, Implementierung und auch f\u00fcr regelm\u00e4\u00dfige Wartungsarbeiten bieten. Sie sind so konzipiert, dass sie sowohl eine schnelle Inbetriebnahme als auch eine schnelle Dampferzeugung erm\u00f6glichen und gleichzeitig die Tauchheizer vor \u00fcberm\u00e4\u00dfiger Beanspruchung sch\u00fctzen.<\/p>\n<h2>Wirtschaftliche Nutzung<\/h2>\n<p>Die Steuerung und Instrumentierung erm\u00f6glicht exklusive <a href=\"https:\/\/www.babcock-wanson.com\/resources\/regulations\/operating-mode\/\" target=\"_blank\" rel=\"noopener\">Betriebsmodi von Babcock Wanson<\/a>, die sich an die Einschr\u00e4nkungen aller Industrieprozesse anpassen. Der Kessel ist mit der <a href=\"https:\/\/www.babcock-wanson.com\/2023\/02\/09\/navinergy-the-connected-boiler-room\/\" target=\"_blank\" rel=\"noopener\">Navinergy<\/a>-\u00dcberwachungsschnittstelle ausgestattet, die sowohl eine \u00dcberwachung der Betriebsparameter am Standort als auch per Fern\u00fcberwachung erm\u00f6glicht.<\/p>\n<h2>Einfache Installation und Inbetriebnahme<\/h2>\n<p>Der Kessel wird betriebsbereit geliefert. Er muss lediglich an die Strom-, Speisewasser- und Dampfverbraucher angeschlossen werden. Die Inbetriebnahme ist kontrolliert und wiederholbar und vermeidet die Schwierigkeiten, die die Inbetriebnahme eines befeuerten Kessels mit Brenner von einem Standort zum anderen erschweren k\u00f6nnen.<\/p>\n<h3>Warum sollten Sie sich f\u00fcr den Elektrokessel e-Pack entscheiden?<\/h3>\n<ul>\n<li>Keine Standortemissionen (CO2 \u2013 NOx \u2013 SOx)<\/li>\n<li>Wirkungsgrad nahe 100\u00a0%<\/li>\n<li>Hohe Regelverh\u00e4ltnisse<\/li>\n<li>Einfache Wartung<\/li>\n<li>Robuste Konstruktion f\u00fcr lange Lebensdauer<\/li>\n<li>Konnektivit\u00e4t mit unserem Navinergy-System<\/li>\n<li>Einfacher und flexibler Betriebsmodus<\/li>\n<li>Hohe Verf\u00fcgbarkeit<\/li>\n<li>Einfache Installation<\/li>\n<li>Reduzierte Betriebskosten<\/li>\n<\/ul>\n<p>&nbsp;<\/p>\n<h2>Elektrokessel e-Pack<\/h2>\n<p>&nbsp;<\/p>\n<table style=\"height: 340px;\" width=\"1139\">\n<tbody>\n<tr>\n<th class=\"bg-primary text-white\">e-Pack<\/th>\n<th class=\"bg-primary text-white\" style=\"text-align: center;\">Modell<\/th>\n<th class=\"bg-primary text-white\" style=\"text-align: center;\">300<\/th>\n<th class=\"bg-primary text-white\" style=\"text-align: center;\">600<\/th>\n<th class=\"bg-primary text-white\" style=\"text-align: center;\">900<\/th>\n<th class=\"bg-primary text-white\" style=\"text-align: center;\">1200<\/th>\n<th class=\"bg-primary text-white\" style=\"text-align: center;\">1500<\/th>\n<th class=\"bg-primary text-white\" style=\"text-align: center;\">1800<\/th>\n<th class=\"bg-primary text-white\" style=\"text-align: center;\">2250<\/th>\n<th class=\"bg-primary text-white\" style=\"text-align: center;\">3000<\/th>\n<th class=\"bg-primary text-white\" style=\"text-align: center;\">3600<\/th>\n<th class=\"bg-primary text-white\" style=\"text-align: center;\">4200<\/th>\n<\/tr>\n<tr>\n<th>Dampfleistung (1)<\/th>\n<th style=\"text-align: center;\">kg\/h<\/th>\n<td style=\"text-align: center;\">300<\/td>\n<td style=\"text-align: center;\">600<\/td>\n<td style=\"text-align: center;\">900<\/td>\n<td style=\"text-align: center;\">1200<\/td>\n<td style=\"text-align: center;\">1500<\/td>\n<td style=\"text-align: center;\">1800<\/td>\n<td style=\"text-align: center;\">2250<\/td>\n<td style=\"text-align: center;\">3000<\/td>\n<td style=\"text-align: center;\">3600<\/td>\n<td style=\"text-align: center;\">4200<\/td>\n<\/tr>\n<tr>\n<th>Leistungsausgabe (1)<\/th>\n<th style=\"text-align: center;\">kW<\/th>\n<td style=\"text-align: center;\">167<\/td>\n<td style=\"text-align: center;\">400<\/td>\n<td style=\"text-align: center;\">600<\/td>\n<td style=\"text-align: center;\">800<\/td>\n<td style=\"text-align: center;\">1000<\/td>\n<td style=\"text-align: center;\">1200<\/td>\n<td style=\"text-align: center;\">1500<\/td>\n<td style=\"text-align: center;\">2000<\/td>\n<td style=\"text-align: center;\">2400<\/td>\n<td style=\"text-align: center;\">2800<\/td>\n<\/tr>\n<tr class=\"table-secondary\">\n<th class=\"bg-secondary text-white\">Breite A (2)<\/th>\n<th class=\"bg-secondary text-white\" style=\"text-align: center;\">mm<\/th>\n<td style=\"text-align: center;\">1400<\/td>\n<td style=\"text-align: center;\">1700<\/td>\n<td style=\"text-align: center;\">1700<\/td>\n<td style=\"text-align: center;\">1700<\/td>\n<td style=\"text-align: center;\">2000<\/td>\n<td style=\"text-align: center;\">2000<\/td>\n<td style=\"text-align: center;\">2000<\/td>\n<td style=\"text-align: center;\">2400<\/td>\n<td style=\"text-align: center;\">2700<\/td>\n<td style=\"text-align: center;\">2700<\/td>\n<\/tr>\n<tr class=\"table-dark\">\n<th class=\"bg-dark text-white\">L\u00e4nge B (2)<\/th>\n<th class=\"bg-dark text-white\" style=\"text-align: center;\">mm<\/th>\n<td style=\"text-align: center;\">3700<\/td>\n<td style=\"text-align: center;\">4400<\/td>\n<td style=\"text-align: center;\">4400<\/td>\n<td style=\"text-align: center;\">4400<\/td>\n<td style=\"text-align: center;\">4500<\/td>\n<td style=\"text-align: center;\">4500<\/td>\n<td style=\"text-align: center;\">4500<\/td>\n<td style=\"text-align: center;\">5100<\/td>\n<td style=\"text-align: center;\">5100<\/td>\n<td style=\"text-align: center;\">4900<\/td>\n<\/tr>\n<tr class=\"table-primary\">\n<th class=\"bg-primary text-white\">H\u00f6he C (2)<\/th>\n<th class=\"bg-primary text-white\" style=\"text-align: center;\">mm<\/th>\n<td style=\"text-align: center;\">1800<\/td>\n<td style=\"text-align: center;\">2000<\/td>\n<td style=\"text-align: center;\">2000<\/td>\n<td style=\"text-align: center;\">2000<\/td>\n<td style=\"text-align: center;\">2300<\/td>\n<td style=\"text-align: center;\">2300<\/td>\n<td style=\"text-align: center;\">2300<\/td>\n<td style=\"text-align: center;\">2700<\/td>\n<td style=\"text-align: center;\">2700<\/td>\n<td style=\"text-align: center;\">3000<\/td>\n<\/tr>\n<tr>\n<th>Gewicht \u2013 voll geflutet<\/th>\n<th style=\"text-align: center;\">kg<\/th>\n<td style=\"text-align: center;\">2300<\/td>\n<td style=\"text-align: center;\">3800<\/td>\n<td style=\"text-align: center;\">3900<\/td>\n<td style=\"text-align: center;\">3900<\/td>\n<td style=\"text-align: center;\">5700<\/td>\n<td style=\"text-align: center;\">5700<\/td>\n<td style=\"text-align: center;\">5800<\/td>\n<td style=\"text-align: center;\">10000<\/td>\n<td style=\"text-align: center;\">10100<\/td>\n<td style=\"text-align: center;\">13500<\/td>\n<\/tr>\n<\/tbody>\n<\/table>\n<p>(1) Leistungsausgabe bei bis zu 8 barg basierend auf Speisewasser bei 95\u00a0\u00b0C.<\/p>\n<p>(2) Gesamtabmessungen umfassen Tauchheizer und Kesselhalterungen.<\/p>\n<p>Elektroschrank nicht in den Ma\u00dfen enthalten<\/p>\n<p>&nbsp;<\/p>\n<table style=\"height: 340px;\" width=\"1139\">\n<tbody>\n<tr>\n<th class=\"bg-primary text-white\">e-Pack<\/th>\n<th class=\"bg-primary text-white\" style=\"text-align: center;\">Modell<\/th>\n<th class=\"bg-primary text-white\" style=\"text-align: center;\">4800<\/th>\n<th class=\"bg-primary text-white\" style=\"text-align: center;\">5400<\/th>\n<th class=\"bg-primary text-white\" style=\"text-align: center;\">6000<\/th>\n<th class=\"bg-primary text-white\" style=\"text-align: center;\">6600<\/th>\n<th class=\"bg-primary text-white\" style=\"text-align: center;\">7200<\/th>\n<th class=\"bg-primary text-white\" style=\"text-align: center;\">7800<\/th>\n<th class=\"bg-primary text-white\" style=\"text-align: center;\">8400<\/th>\n<th class=\"bg-primary text-white\" style=\"text-align: center;\">9600<\/th>\n<th class=\"bg-primary text-white\" style=\"text-align: center;\">10800<\/th>\n<th class=\"bg-primary text-white\" style=\"text-align: center;\">12000<\/th>\n<\/tr>\n<tr>\n<th>Dampfleistung (1)<\/th>\n<th style=\"text-align: center;\">kg\/h<\/th>\n<td style=\"text-align: center;\">4800<\/td>\n<td style=\"text-align: center;\">5400<\/td>\n<td style=\"text-align: center;\">6000<\/td>\n<td style=\"text-align: center;\">6600<\/td>\n<td style=\"text-align: center;\">7200<\/td>\n<td style=\"text-align: center;\">7800<\/td>\n<td style=\"text-align: center;\">8400<\/td>\n<td style=\"text-align: center;\">9600<\/td>\n<td style=\"text-align: center;\">10800<\/td>\n<td style=\"text-align: center;\">12000<\/td>\n<\/tr>\n<tr>\n<th>Leistungsausgabe (1)<\/th>\n<th style=\"text-align: center;\">kW<\/th>\n<td style=\"text-align: center;\">3200<\/td>\n<td style=\"text-align: center;\">3600<\/td>\n<td style=\"text-align: center;\">4000<\/td>\n<td style=\"text-align: center;\">4400<\/td>\n<td style=\"text-align: center;\">4800<\/td>\n<td style=\"text-align: center;\">5200<\/td>\n<td style=\"text-align: center;\">5600<\/td>\n<td style=\"text-align: center;\">6400<\/td>\n<td style=\"text-align: center;\">7200<\/td>\n<td style=\"text-align: center;\">8000<\/td>\n<\/tr>\n<tr class=\"table-secondary\">\n<th class=\"bg-secondary text-white\">Breite A (2)<\/th>\n<th class=\"bg-secondary text-white\" style=\"text-align: center;\">mm<\/th>\n<td style=\"text-align: center;\">2700<\/td>\n<td style=\"text-align: center;\">2900<\/td>\n<td style=\"text-align: center;\">2900<\/td>\n<td style=\"text-align: center;\">2400<\/td>\n<td style=\"text-align: center;\">2400<\/td>\n<td style=\"text-align: center;\">2700<\/td>\n<td style=\"text-align: center;\">2700<\/td>\n<td style=\"text-align: center;\">2700<\/td>\n<td style=\"text-align: center;\">2900<\/td>\n<td style=\"text-align: center;\">2900<\/td>\n<\/tr>\n<tr class=\"table-dark\">\n<th class=\"bg-dark text-white\">L\u00e4nge B (2)<\/th>\n<th class=\"bg-dark text-white\" style=\"text-align: center;\">mm<\/th>\n<td style=\"text-align: center;\">4900<\/td>\n<td style=\"text-align: center;\">5000<\/td>\n<td style=\"text-align: center;\">5000<\/td>\n<td style=\"text-align: center;\">7200<\/td>\n<td style=\"text-align: center;\">7200<\/td>\n<td style=\"text-align: center;\">7400<\/td>\n<td style=\"text-align: center;\">7400<\/td>\n<td style=\"text-align: center;\">7400<\/td>\n<td style=\"text-align: center;\">7500<\/td>\n<td style=\"text-align: center;\">7500<\/td>\n<\/tr>\n<tr class=\"table-primary\">\n<th class=\"bg-primary text-white\">H\u00f6he C (2)<\/th>\n<th class=\"bg-primary text-white\" style=\"text-align: center;\">mm<\/th>\n<td style=\"text-align: center;\">3000<\/td>\n<td style=\"text-align: center;\">3200<\/td>\n<td style=\"text-align: center;\">3200<\/td>\n<td style=\"text-align: center;\">2700<\/td>\n<td style=\"text-align: center;\">2700<\/td>\n<td style=\"text-align: center;\">3000<\/td>\n<td style=\"text-align: center;\">3000<\/td>\n<td style=\"text-align: center;\">3000<\/td>\n<td style=\"text-align: center;\">3200<\/td>\n<td style=\"text-align: center;\">3200<\/td>\n<\/tr>\n<tr>\n<th>Gewicht \u2013 voll geflutet<\/th>\n<th style=\"text-align: center;\">kg<\/th>\n<td style=\"text-align: center;\">13600<\/td>\n<td style=\"text-align: center;\">16000<\/td>\n<td style=\"text-align: center;\">16100<\/td>\n<td style=\"text-align: center;\">15600<\/td>\n<td style=\"text-align: center;\">15600<\/td>\n<td style=\"text-align: center;\">21500<\/td>\n<td style=\"text-align: center;\">21600<\/td>\n<td style=\"text-align: center;\">21700<\/td>\n<td style=\"text-align: center;\">25600<\/td>\n<td style=\"text-align: center;\">25800<\/td>\n<\/tr>\n<\/tbody>\n<\/table>\n<p>(1) Leistungsausgabe bei bis zu 8 barg basierend auf Speisewasser bei 95\u00a0\u00b0C.<\/p>\n<p>(2) Gesamtabmessungen umfassen Tauchheizer und Kesselhalterungen.<\/p>\n<p>Elektroschrank nicht in den Ma\u00dfen enthalten<\/p><\/div>\n<p><!-- .vgblk-rw-wrapper --><\/p>\n","protected":false},"excerpt":{"rendered":"<p><strong>Dampfleistung von 300 kg\/h bis 12.000\u00a0kg\/h<\/strong><br \/>\nBabcock Wanson verf\u00fcgt \u00fcber mehr als 50 Jahre Erfahrung in der Entwicklung und Herstellung von <a href=\"https:\/\/www.babcock-wanson.com\/de\/produkt-kategorie\/industrielle-elektrokessel\/\" target=\"_blank\" rel=\"noopener\">Elektrokesseln<\/a>. Diese Kessel wurden entwickelt, um den aktuellen Herausforderungen der Energieoptimierung und Dekarbonisierung unserer Industriekunden gerecht zu werden. Die Regierungen verschiedener L\u00e4nder ergreifen sehr ehrgeizige Ma\u00dfnahmen, um eine massive Reduzierung der Treibhausgase zu erreichen.<\/p>\n<p>Der e-Pack-Kessel wurde durch die Kombination der besten verf\u00fcgbaren Technologien entwickelt, um ein H\u00f6chstma\u00df an Effizienz, Zuverl\u00e4ssigkeit und Flexibilit\u00e4t ohne Emissionen am Produktionsort zu erreichen.<\/p>\n","protected":false},"featured_media":50314,"comment_status":"closed","ping_status":"closed","template":"","meta":{"_acf_changed":false,"_relevanssi_hide_post":"","_relevanssi_hide_content":"","_relevanssi_pin_for_all":"","_relevanssi_pin_keywords":"","_relevanssi_unpin_keywords":"","_relevanssi_related_keywords":"","_relevanssi_related_include_ids":"","_relevanssi_related_exclude_ids":"","_relevanssi_related_no_append":"","_relevanssi_related_not_related":"","_relevanssi_related_posts":"","_relevanssi_noindex_reason":""},"product_brand":[],"product_cat":[6531],"product_tag":[],"class_list":{"0":"post-50438","1":"product","2":"type-product","3":"status-publish","4":"has-post-thumbnail","6":"product_cat-industrielle-elektrokessel","8":"first","9":"instock","10":"shipping-taxable","11":"product-type-simple"},"acf":[],"yoast_head":"<!-- This site is optimized with the Yoast SEO Premium plugin v27.4 (Yoast SEO v27.4) - https:\/\/yoast.com\/product\/yoast-seo-premium-wordpress\/ -->\n<title>e-Pack - Babcock Wanson<\/title>\n<meta name=\"description\" content=\"Der Industrie-Elektrokessel e-Pack wurde entwickelt, um die h\u00f6chste Effizienz mit ohne Emissionen am Produktionsort zu erreichen.\" \/>\n<meta name=\"robots\" content=\"index, follow, max-snippet:-1, max-image-preview:large, max-video-preview:-1\" \/>\n<link rel=\"canonical\" href=\"https:\/\/www.babcock-wanson.com\/de\/products\/industrielle-elektrokessel\/e-pack\/\" \/>\n<meta property=\"og:locale\" content=\"de_DE\" \/>\n<meta property=\"og:type\" content=\"article\" \/>\n<meta property=\"og:title\" content=\"e-Pack\" \/>\n<meta property=\"og:description\" content=\"Der Industrie-Elektrokessel e-Pack wurde entwickelt, um die h\u00f6chste Effizienz mit ohne Emissionen am Produktionsort zu erreichen.\" \/>\n<meta property=\"og:url\" content=\"https:\/\/www.babcock-wanson.com\/de\/products\/industrielle-elektrokessel\/e-pack\/\" \/>\n<meta property=\"og:site_name\" content=\"Babcock Wanson\" \/>\n<meta property=\"article:modified_time\" content=\"2025-04-17T10:37:25+00:00\" \/>\n<meta property=\"og:image\" content=\"https:\/\/www.babcock-wanson.com\/wp-content\/uploads\/2018\/11\/VAP-EL-Electric-Boiler-3.jpg\" \/>\n\t<meta property=\"og:image:width\" content=\"600\" \/>\n\t<meta property=\"og:image:height\" content=\"400\" \/>\n\t<meta property=\"og:image:type\" content=\"image\/jpeg\" \/>\n<meta name=\"twitter:card\" content=\"summary_large_image\" \/>\n<meta name=\"twitter:label1\" content=\"Est. reading time\" \/>\n\t<meta name=\"twitter:data1\" content=\"3 Minuten\" \/>\n<script type=\"application\/ld+json\" class=\"yoast-schema-graph\">{\"@context\":\"https:\\\/\\\/schema.org\",\"@graph\":[{\"@type\":\"WebPage\",\"@id\":\"https:\\\/\\\/www.babcock-wanson.com\\\/de\\\/products\\\/industrielle-elektrokessel\\\/e-pack\\\/\",\"url\":\"https:\\\/\\\/www.babcock-wanson.com\\\/de\\\/products\\\/industrielle-elektrokessel\\\/e-pack\\\/\",\"name\":\"e-Pack - Babcock Wanson\",\"isPartOf\":{\"@id\":\"https:\\\/\\\/www.babcock-wanson.com\\\/de\\\/#website\"},\"primaryImageOfPage\":{\"@id\":\"https:\\\/\\\/www.babcock-wanson.com\\\/de\\\/products\\\/industrielle-elektrokessel\\\/e-pack\\\/#primaryimage\"},\"image\":{\"@id\":\"https:\\\/\\\/www.babcock-wanson.com\\\/de\\\/products\\\/industrielle-elektrokessel\\\/e-pack\\\/#primaryimage\"},\"thumbnailUrl\":\"https:\\\/\\\/www.babcock-wanson.com\\\/wp-content\\\/uploads\\\/2018\\\/11\\\/VAP-EL-Electric-Boiler-3.jpg\",\"datePublished\":\"2025-01-17T09:34:31+00:00\",\"dateModified\":\"2025-04-17T10:37:25+00:00\",\"description\":\"Der Industrie-Elektrokessel e-Pack wurde entwickelt, um die h\u00f6chste Effizienz mit ohne Emissionen am Produktionsort zu erreichen.\",\"breadcrumb\":{\"@id\":\"https:\\\/\\\/www.babcock-wanson.com\\\/de\\\/products\\\/industrielle-elektrokessel\\\/e-pack\\\/#breadcrumb\"},\"inLanguage\":\"de-DE\",\"potentialAction\":[{\"@type\":\"ReadAction\",\"target\":[\"https:\\\/\\\/www.babcock-wanson.com\\\/de\\\/products\\\/industrielle-elektrokessel\\\/e-pack\\\/\"]}]},{\"@type\":\"ImageObject\",\"inLanguage\":\"de-DE\",\"@id\":\"https:\\\/\\\/www.babcock-wanson.com\\\/de\\\/products\\\/industrielle-elektrokessel\\\/e-pack\\\/#primaryimage\",\"url\":\"https:\\\/\\\/www.babcock-wanson.com\\\/wp-content\\\/uploads\\\/2018\\\/11\\\/VAP-EL-Electric-Boiler-3.jpg\",\"contentUrl\":\"https:\\\/\\\/www.babcock-wanson.com\\\/wp-content\\\/uploads\\\/2018\\\/11\\\/VAP-EL-Electric-Boiler-3.jpg\",\"width\":600,\"height\":400},{\"@type\":\"BreadcrumbList\",\"@id\":\"https:\\\/\\\/www.babcock-wanson.com\\\/de\\\/products\\\/industrielle-elektrokessel\\\/e-pack\\\/#breadcrumb\",\"itemListElement\":[{\"@type\":\"ListItem\",\"position\":1,\"name\":\"Inicio\",\"item\":\"https:\\\/\\\/www.babcock-wanson.com\\\/de\\\/\"},{\"@type\":\"ListItem\",\"position\":2,\"name\":\"Produkte\",\"item\":\"https:\\\/\\\/www.babcock-wanson.com\\\/de\\\/shop\\\/\"},{\"@type\":\"ListItem\",\"position\":3,\"name\":\"Industrielle Elektrokessel\",\"item\":\"https:\\\/\\\/www.babcock-wanson.com\\\/de\\\/produkt-kategorie\\\/industrielle-elektrokessel\\\/\"},{\"@type\":\"ListItem\",\"position\":4,\"name\":\"e-Pack\"}]},{\"@type\":\"WebSite\",\"@id\":\"https:\\\/\\\/www.babcock-wanson.com\\\/de\\\/#website\",\"url\":\"https:\\\/\\\/www.babcock-wanson.com\\\/de\\\/\",\"name\":\"Babcock Wanson\",\"description\":\"\",\"publisher\":{\"@id\":\"https:\\\/\\\/www.babcock-wanson.com\\\/de\\\/#organization\"},\"potentialAction\":[{\"@type\":\"SearchAction\",\"target\":{\"@type\":\"EntryPoint\",\"urlTemplate\":\"https:\\\/\\\/www.babcock-wanson.com\\\/de\\\/?s={search_term_string}\"},\"query-input\":{\"@type\":\"PropertyValueSpecification\",\"valueRequired\":true,\"valueName\":\"search_term_string\"}}],\"inLanguage\":\"de-DE\"},{\"@type\":\"Organization\",\"@id\":\"https:\\\/\\\/www.babcock-wanson.com\\\/de\\\/#organization\",\"name\":\"Babcock Wanson\",\"url\":\"https:\\\/\\\/www.babcock-wanson.com\\\/de\\\/\",\"logo\":{\"@type\":\"ImageObject\",\"inLanguage\":\"de-DE\",\"@id\":\"https:\\\/\\\/www.babcock-wanson.com\\\/de\\\/#\\\/schema\\\/logo\\\/image\\\/\",\"url\":\"https:\\\/\\\/www.babcock-wanson.com\\\/wp-content\\\/uploads\\\/2024\\\/02\\\/Babcock-Wanson-1200x1200-1.png\",\"contentUrl\":\"https:\\\/\\\/www.babcock-wanson.com\\\/wp-content\\\/uploads\\\/2024\\\/02\\\/Babcock-Wanson-1200x1200-1.png\",\"width\":1200,\"height\":1200,\"caption\":\"Babcock Wanson\"},\"image\":{\"@id\":\"https:\\\/\\\/www.babcock-wanson.com\\\/de\\\/#\\\/schema\\\/logo\\\/image\\\/\"},\"sameAs\":[\"https:\\\/\\\/www.linkedin.com\\\/company\\\/babcock-wanson\\\/\",\"https:\\\/\\\/www.youtube.com\\\/channel\\\/UCtxl25VieBBsP2kYmtlyv7A\"]}]}<\/script>\n<!-- \/ Yoast SEO Premium plugin. -->","yoast_head_json":{"title":"e-Pack - Babcock Wanson","description":"Der Industrie-Elektrokessel e-Pack wurde entwickelt, um die h\u00f6chste Effizienz mit ohne Emissionen am Produktionsort zu erreichen.","robots":{"index":"index","follow":"follow","max-snippet":"max-snippet:-1","max-image-preview":"max-image-preview:large","max-video-preview":"max-video-preview:-1"},"canonical":"https:\/\/www.babcock-wanson.com\/de\/products\/industrielle-elektrokessel\/e-pack\/","og_locale":"de_DE","og_type":"article","og_title":"e-Pack","og_description":"Der Industrie-Elektrokessel e-Pack wurde entwickelt, um die h\u00f6chste Effizienz mit ohne Emissionen am Produktionsort zu erreichen.","og_url":"https:\/\/www.babcock-wanson.com\/de\/products\/industrielle-elektrokessel\/e-pack\/","og_site_name":"Babcock Wanson","article_modified_time":"2025-04-17T10:37:25+00:00","og_image":[{"width":600,"height":400,"url":"https:\/\/www.babcock-wanson.com\/wp-content\/uploads\/2018\/11\/VAP-EL-Electric-Boiler-3.jpg","type":"image\/jpeg"}],"twitter_card":"summary_large_image","twitter_misc":{"Est. reading time":"3 Minuten"},"schema":{"@context":"https:\/\/schema.org","@graph":[{"@type":"WebPage","@id":"https:\/\/www.babcock-wanson.com\/de\/products\/industrielle-elektrokessel\/e-pack\/","url":"https:\/\/www.babcock-wanson.com\/de\/products\/industrielle-elektrokessel\/e-pack\/","name":"e-Pack - Babcock Wanson","isPartOf":{"@id":"https:\/\/www.babcock-wanson.com\/de\/#website"},"primaryImageOfPage":{"@id":"https:\/\/www.babcock-wanson.com\/de\/products\/industrielle-elektrokessel\/e-pack\/#primaryimage"},"image":{"@id":"https:\/\/www.babcock-wanson.com\/de\/products\/industrielle-elektrokessel\/e-pack\/#primaryimage"},"thumbnailUrl":"https:\/\/www.babcock-wanson.com\/wp-content\/uploads\/2018\/11\/VAP-EL-Electric-Boiler-3.jpg","datePublished":"2025-01-17T09:34:31+00:00","dateModified":"2025-04-17T10:37:25+00:00","description":"Der Industrie-Elektrokessel e-Pack wurde entwickelt, um die h\u00f6chste Effizienz mit ohne Emissionen am Produktionsort zu erreichen.","breadcrumb":{"@id":"https:\/\/www.babcock-wanson.com\/de\/products\/industrielle-elektrokessel\/e-pack\/#breadcrumb"},"inLanguage":"de-DE","potentialAction":[{"@type":"ReadAction","target":["https:\/\/www.babcock-wanson.com\/de\/products\/industrielle-elektrokessel\/e-pack\/"]}]},{"@type":"ImageObject","inLanguage":"de-DE","@id":"https:\/\/www.babcock-wanson.com\/de\/products\/industrielle-elektrokessel\/e-pack\/#primaryimage","url":"https:\/\/www.babcock-wanson.com\/wp-content\/uploads\/2018\/11\/VAP-EL-Electric-Boiler-3.jpg","contentUrl":"https:\/\/www.babcock-wanson.com\/wp-content\/uploads\/2018\/11\/VAP-EL-Electric-Boiler-3.jpg","width":600,"height":400},{"@type":"BreadcrumbList","@id":"https:\/\/www.babcock-wanson.com\/de\/products\/industrielle-elektrokessel\/e-pack\/#breadcrumb","itemListElement":[{"@type":"ListItem","position":1,"name":"Inicio","item":"https:\/\/www.babcock-wanson.com\/de\/"},{"@type":"ListItem","position":2,"name":"Produkte","item":"https:\/\/www.babcock-wanson.com\/de\/shop\/"},{"@type":"ListItem","position":3,"name":"Industrielle Elektrokessel","item":"https:\/\/www.babcock-wanson.com\/de\/produkt-kategorie\/industrielle-elektrokessel\/"},{"@type":"ListItem","position":4,"name":"e-Pack"}]},{"@type":"WebSite","@id":"https:\/\/www.babcock-wanson.com\/de\/#website","url":"https:\/\/www.babcock-wanson.com\/de\/","name":"Babcock Wanson","description":"","publisher":{"@id":"https:\/\/www.babcock-wanson.com\/de\/#organization"},"potentialAction":[{"@type":"SearchAction","target":{"@type":"EntryPoint","urlTemplate":"https:\/\/www.babcock-wanson.com\/de\/?s={search_term_string}"},"query-input":{"@type":"PropertyValueSpecification","valueRequired":true,"valueName":"search_term_string"}}],"inLanguage":"de-DE"},{"@type":"Organization","@id":"https:\/\/www.babcock-wanson.com\/de\/#organization","name":"Babcock Wanson","url":"https:\/\/www.babcock-wanson.com\/de\/","logo":{"@type":"ImageObject","inLanguage":"de-DE","@id":"https:\/\/www.babcock-wanson.com\/de\/#\/schema\/logo\/image\/","url":"https:\/\/www.babcock-wanson.com\/wp-content\/uploads\/2024\/02\/Babcock-Wanson-1200x1200-1.png","contentUrl":"https:\/\/www.babcock-wanson.com\/wp-content\/uploads\/2024\/02\/Babcock-Wanson-1200x1200-1.png","width":1200,"height":1200,"caption":"Babcock Wanson"},"image":{"@id":"https:\/\/www.babcock-wanson.com\/de\/#\/schema\/logo\/image\/"},"sameAs":["https:\/\/www.linkedin.com\/company\/babcock-wanson\/","https:\/\/www.youtube.com\/channel\/UCtxl25VieBBsP2kYmtlyv7A"]}]}},"jetpack_sharing_enabled":true,"_links":{"self":[{"href":"https:\/\/www.babcock-wanson.com\/de\/wp-json\/wp\/v2\/product\/50438","targetHints":{"allow":["GET"]}}],"collection":[{"href":"https:\/\/www.babcock-wanson.com\/de\/wp-json\/wp\/v2\/product"}],"about":[{"href":"https:\/\/www.babcock-wanson.com\/de\/wp-json\/wp\/v2\/types\/product"}],"replies":[{"embeddable":true,"href":"https:\/\/www.babcock-wanson.com\/de\/wp-json\/wp\/v2\/comments?post=50438"}],"wp:featuredmedia":[{"embeddable":true,"href":"https:\/\/www.babcock-wanson.com\/de\/wp-json\/wp\/v2\/media\/50314"}],"wp:attachment":[{"href":"https:\/\/www.babcock-wanson.com\/de\/wp-json\/wp\/v2\/media?parent=50438"}],"wp:term":[{"taxonomy":"product_brand","embeddable":true,"href":"https:\/\/www.babcock-wanson.com\/de\/wp-json\/wp\/v2\/product_brand?post=50438"},{"taxonomy":"product_cat","embeddable":true,"href":"https:\/\/www.babcock-wanson.com\/de\/wp-json\/wp\/v2\/product_cat?post=50438"},{"taxonomy":"product_tag","embeddable":true,"href":"https:\/\/www.babcock-wanson.com\/de\/wp-json\/wp\/v2\/product_tag?post=50438"}],"curies":[{"name":"wp","href":"https:\/\/api.w.org\/{rel}","templated":true}]}}