{"id":50461,"date":"2019-02-26T10:34:31","date_gmt":"2025-01-17T09:34:34","guid":{"rendered":"https:\/\/www.babcock-wanson.com\/products\/unkategorisiert\/wasserrohrkessel\/"},"modified":"2025-01-17T09:34:36","modified_gmt":"2025-01-17T09:34:36","slug":"wasserrohrkessel","status":"publish","type":"product","link":"https:\/\/www.babcock-wanson.com\/de\/products\/dampfkessel\/wasserrohrkessel\/","title":{"rendered":"Wasserrohrkessel"},"content":{"rendered":"<div class=\"vgblk-rw-wrapper limit-wrapper\">\n<div class=\"grid-1-2\">\n<h3>Funktionsprinzip:<\/h3>\n<p>Ein Wasserrohrkessel besteht in der Regel aus vier Teilen: einer unteren Trommel f\u00fcr das Speisewasser \u2013 manchmal auch als Schlammtrommel bezeichnet \u2013 einer oberen Dampftrommel mit Wasseroberfl\u00e4che, in der der Dampf entsteht, Wasserrohren, die die beiden Trommeln miteinander verbinden, und einem \u00dcberhitzer \/ <a href=\"https:\/\/www.babcock-wanson.com\/de\/products\/warmeruckgewinnungssysteme\/vorwaermer\/\" target=\"_blank\" rel=\"noopener\">Vorw\u00e4rmer<\/a> Abschnitt (je nach erforderlicher Dampfqualit\u00e4t). Das Wasser zirkuliert durch Konvektion zwischen den beiden Trommeln, wobei die W\u00e4rme \u00fcber die Rohrb\u00fcndel geleitet wird. Das abgek\u00fchlte Wasser flie\u00dft durch bestimmte Rohre und das wiedererhitzte Wasser steigt oben im Kessel in die Dampftrommel. Ges\u00e4ttigter Dampf wird oben aus der Trommel abgezogen und dem Verbraucher zugef\u00fchrt oder durch einen nachfolgenden \u00dcberhitzer im Abgasstrom geleitet, um die Temperatur weiter zu erh\u00f6hen. Das k\u00fchlere Wasser vom Boden der Dampftrommel w\u00e4rmt das Speisewasser vor, wenn es in die Speisewassertrommel zur\u00fcckflie\u00dft.<\/p>\n<p>Zur Verbesserung der Energieeffizienz werden die Abgase auch zur Vorw\u00e4rmung der in den Feuerraum eingeblasenen Luft und zur Erw\u00e4rmung des Speisewassers verwendet.<\/p>\n<\/div>\n<div class=\"grid-1-2 last\">\n<h3>Vorteile von Wasserrohrkesseln:<\/h3>\n<ul>\n<li>Dampferzeugung von 4,5 bis 80&nbsp;t\/h.<\/li>\n<li>Ges\u00e4ttigter und \u00fcberhitzter Dampf bis zu 550&nbsp;\u00b0C.<\/li>\n<li>Wirkungsgrad von \u00fcber 95&nbsp;%, ohne zus\u00e4tzliches W\u00e4rmer\u00fcckgewinnungssystem.<\/li>\n<li>Typischer Betriebsdruck von 10 bis 90 barg.<\/li>\n<li>F\u00fcr den Einsatz in Innen- und Au\u00dfenbereichen geeignet.<\/li>\n<li>Kann mit allen Arten von fl\u00fcssigen und gasf\u00f6rmigen Brennstoffen verwendet werden.<\/li>\n<li>Die Konstruktion entspricht der PED: 2014\/68\/EU und der harmonisierten Norm EN-12952.<\/li>\n<li>Unterschiedliche Pr\u00e4senzstufen am Kessel vom beaufsichtigten Modus, d. h. permanente lokale \u00dcberwachung, bis hin zum unbeaufsichtigten Betrieb f\u00fcr Zeitr\u00e4ume von bis zu 72 Stunden.<\/li>\n<li>Sehr zuverl\u00e4ssig; die Konstruktion des Wasserrohrkessels ist aufgrund der relativ kleinen Durchmesser der Dampf- und Schlammtrommeln und ihres gefluteten Betriebs sehr robust.<\/li>\n<\/ul>\n<\/div>\n<\/div><!-- .vgblk-rw-wrapper -->","protected":false},"excerpt":{"rendered":"<p>Als eine der \u00e4ltesten Formen von Dampfkesseln, die urspr\u00fcnglich aus dem 18. Jahrhundert stammen, haben sich Wasserrohrkessel von der Versorgung kleiner station\u00e4rer Dampfmaschinen und Dampfz\u00fcge zum Kraftwerk gro\u00dfer anspruchsvoller Prozesse mit der Kapazit\u00e4t, sehr hohe Leistungen zu erbringen, weiterentwickelt. Sie liefern Qualit\u00e4tsdampf, von trocken ges\u00e4ttigt bis zu \u00fcberhitztem Dampf mit hoher Temperatur, und dank des W\u00e4rmetauscher-Designs k\u00f6nnen sie auch sehr hohe Betriebsdr\u00fccke liefern. Sie eignen sich f\u00fcr Anwendungen, die eine hohe Dampfleistung (bis zu 80&nbsp;t\/h), Hochdruckdampf (bis zu 80 bar) oder \u00fcberhitzten Dampf (bis zu 550&nbsp;\u00b0C) erfordern.<\/p>\n<p>Babcock Wanson verf\u00fcgt \u00fcber ein erfahrenes Team von Ingenieuren, die Wasserrohrkessel f\u00fcr Ihre spezifische Anwendung entwerfen, sowie \u00fcber Mechaniker und Techniker, die Sie bei der Organisation der Arbeiten f\u00fcr die Installation und Inbetriebnahme des Kessels unterst\u00fctzen und sie durchf\u00fchren k\u00f6nnen.<\/p>\n","protected":false},"featured_media":50464,"comment_status":"closed","ping_status":"closed","template":"","meta":{"_acf_changed":false,"_relevanssi_hide_post":"","_relevanssi_hide_content":"","_relevanssi_pin_for_all":"","_relevanssi_pin_keywords":"","_relevanssi_unpin_keywords":"","_relevanssi_related_keywords":"","_relevanssi_related_include_ids":"","_relevanssi_related_exclude_ids":"","_relevanssi_related_no_append":"","_relevanssi_related_not_related":"","_relevanssi_related_posts":"","_relevanssi_noindex_reason":""},"product_brand":[],"product_cat":[6519],"product_tag":[],"class_list":{"0":"post-50461","1":"product","2":"type-product","3":"status-publish","4":"has-post-thumbnail","6":"product_cat-dampfkessel","8":"first","9":"instock","10":"shipping-taxable","11":"product-type-simple"},"acf":[],"yoast_head":"<!-- This site is optimized with the Yoast SEO Premium plugin v27.4 (Yoast SEO v27.4) - https:\/\/yoast.com\/product\/yoast-seo-premium-wordpress\/ -->\n<title>Wasserrohrkessel - Babcock Wanson<\/title>\n<meta name=\"description\" content=\"Unsere Wasserrohrkessel liefern Qualit\u00e4tsdampf, von trockenem ges\u00e4ttigtem bis zu \u00fcberhitztem Dampf mit hoher Temperatur, und bieten somit die L\u00f6sung, die Ihr Unternehmen ben\u00f6tigt\" \/>\n<meta name=\"robots\" content=\"index, follow, max-snippet:-1, max-image-preview:large, max-video-preview:-1\" \/>\n<link rel=\"canonical\" href=\"https:\/\/www.babcock-wanson.com\/de\/products\/dampfkessel\/wasserrohrkessel\/\" \/>\n<meta property=\"og:locale\" content=\"de_DE\" \/>\n<meta property=\"og:type\" content=\"article\" \/>\n<meta property=\"og:title\" content=\"Wasserrohrkessel\" \/>\n<meta property=\"og:description\" content=\"Unsere Wasserrohrkessel liefern Qualit\u00e4tsdampf, von trockenem ges\u00e4ttigtem bis zu \u00fcberhitztem Dampf mit hoher Temperatur, und bieten somit die L\u00f6sung, die Ihr Unternehmen ben\u00f6tigt\" \/>\n<meta property=\"og:url\" content=\"https:\/\/www.babcock-wanson.com\/de\/products\/dampfkessel\/wasserrohrkessel\/\" \/>\n<meta property=\"og:site_name\" content=\"Babcock Wanson\" \/>\n<meta property=\"article:modified_time\" content=\"2025-01-17T09:34:36+00:00\" \/>\n<meta property=\"og:image\" content=\"https:\/\/www.babcock-wanson.com\/wp-content\/uploads\/2021\/03\/Water_Tube_Boiler_1-1.jpg\" \/>\n\t<meta property=\"og:image:width\" content=\"600\" \/>\n\t<meta property=\"og:image:height\" content=\"400\" \/>\n\t<meta property=\"og:image:type\" content=\"image\/jpeg\" \/>\n<meta name=\"twitter:card\" content=\"summary_large_image\" \/>\n<meta name=\"twitter:label1\" content=\"Est. reading time\" \/>\n\t<meta name=\"twitter:data1\" content=\"1 Minute\" \/>\n<script type=\"application\/ld+json\" class=\"yoast-schema-graph\">{\"@context\":\"https:\\\/\\\/schema.org\",\"@graph\":[{\"@type\":\"WebPage\",\"@id\":\"https:\\\/\\\/www.babcock-wanson.com\\\/de\\\/products\\\/dampfkessel\\\/wasserrohrkessel\\\/\",\"url\":\"https:\\\/\\\/www.babcock-wanson.com\\\/de\\\/products\\\/dampfkessel\\\/wasserrohrkessel\\\/\",\"name\":\"Wasserrohrkessel - Babcock Wanson\",\"isPartOf\":{\"@id\":\"https:\\\/\\\/www.babcock-wanson.com\\\/de\\\/#website\"},\"primaryImageOfPage\":{\"@id\":\"https:\\\/\\\/www.babcock-wanson.com\\\/de\\\/products\\\/dampfkessel\\\/wasserrohrkessel\\\/#primaryimage\"},\"image\":{\"@id\":\"https:\\\/\\\/www.babcock-wanson.com\\\/de\\\/products\\\/dampfkessel\\\/wasserrohrkessel\\\/#primaryimage\"},\"thumbnailUrl\":\"https:\\\/\\\/www.babcock-wanson.com\\\/wp-content\\\/uploads\\\/2021\\\/03\\\/Water_Tube_Boiler_1-1.jpg\",\"datePublished\":\"2025-01-17T09:34:34+00:00\",\"dateModified\":\"2025-01-17T09:34:36+00:00\",\"description\":\"Unsere Wasserrohrkessel liefern Qualit\u00e4tsdampf, von trockenem ges\u00e4ttigtem bis zu \u00fcberhitztem Dampf mit hoher Temperatur, und bieten somit die L\u00f6sung, die Ihr Unternehmen ben\u00f6tigt\",\"breadcrumb\":{\"@id\":\"https:\\\/\\\/www.babcock-wanson.com\\\/de\\\/products\\\/dampfkessel\\\/wasserrohrkessel\\\/#breadcrumb\"},\"inLanguage\":\"de-DE\",\"potentialAction\":[{\"@type\":\"ReadAction\",\"target\":[\"https:\\\/\\\/www.babcock-wanson.com\\\/de\\\/products\\\/dampfkessel\\\/wasserrohrkessel\\\/\"]}]},{\"@type\":\"ImageObject\",\"inLanguage\":\"de-DE\",\"@id\":\"https:\\\/\\\/www.babcock-wanson.com\\\/de\\\/products\\\/dampfkessel\\\/wasserrohrkessel\\\/#primaryimage\",\"url\":\"https:\\\/\\\/www.babcock-wanson.com\\\/wp-content\\\/uploads\\\/2021\\\/03\\\/Water_Tube_Boiler_1-1.jpg\",\"contentUrl\":\"https:\\\/\\\/www.babcock-wanson.com\\\/wp-content\\\/uploads\\\/2021\\\/03\\\/Water_Tube_Boiler_1-1.jpg\",\"width\":600,\"height\":400,\"caption\":\"Water_Tube_Boiler_1\"},{\"@type\":\"BreadcrumbList\",\"@id\":\"https:\\\/\\\/www.babcock-wanson.com\\\/de\\\/products\\\/dampfkessel\\\/wasserrohrkessel\\\/#breadcrumb\",\"itemListElement\":[{\"@type\":\"ListItem\",\"position\":1,\"name\":\"Inicio\",\"item\":\"https:\\\/\\\/www.babcock-wanson.com\\\/de\\\/\"},{\"@type\":\"ListItem\",\"position\":2,\"name\":\"Produkte\",\"item\":\"https:\\\/\\\/www.babcock-wanson.com\\\/de\\\/shop\\\/\"},{\"@type\":\"ListItem\",\"position\":3,\"name\":\"Wasserrohrkessel\"}]},{\"@type\":\"WebSite\",\"@id\":\"https:\\\/\\\/www.babcock-wanson.com\\\/de\\\/#website\",\"url\":\"https:\\\/\\\/www.babcock-wanson.com\\\/de\\\/\",\"name\":\"Babcock Wanson\",\"description\":\"\",\"publisher\":{\"@id\":\"https:\\\/\\\/www.babcock-wanson.com\\\/de\\\/#organization\"},\"potentialAction\":[{\"@type\":\"SearchAction\",\"target\":{\"@type\":\"EntryPoint\",\"urlTemplate\":\"https:\\\/\\\/www.babcock-wanson.com\\\/de\\\/?s={search_term_string}\"},\"query-input\":{\"@type\":\"PropertyValueSpecification\",\"valueRequired\":true,\"valueName\":\"search_term_string\"}}],\"inLanguage\":\"de-DE\"},{\"@type\":\"Organization\",\"@id\":\"https:\\\/\\\/www.babcock-wanson.com\\\/de\\\/#organization\",\"name\":\"Babcock Wanson\",\"url\":\"https:\\\/\\\/www.babcock-wanson.com\\\/de\\\/\",\"logo\":{\"@type\":\"ImageObject\",\"inLanguage\":\"de-DE\",\"@id\":\"https:\\\/\\\/www.babcock-wanson.com\\\/de\\\/#\\\/schema\\\/logo\\\/image\\\/\",\"url\":\"https:\\\/\\\/www.babcock-wanson.com\\\/wp-content\\\/uploads\\\/2024\\\/02\\\/Babcock-Wanson-1200x1200-1.png\",\"contentUrl\":\"https:\\\/\\\/www.babcock-wanson.com\\\/wp-content\\\/uploads\\\/2024\\\/02\\\/Babcock-Wanson-1200x1200-1.png\",\"width\":1200,\"height\":1200,\"caption\":\"Babcock Wanson\"},\"image\":{\"@id\":\"https:\\\/\\\/www.babcock-wanson.com\\\/de\\\/#\\\/schema\\\/logo\\\/image\\\/\"},\"sameAs\":[\"https:\\\/\\\/www.linkedin.com\\\/company\\\/babcock-wanson\\\/\",\"https:\\\/\\\/www.youtube.com\\\/channel\\\/UCtxl25VieBBsP2kYmtlyv7A\"]}]}<\/script>\n<!-- \/ Yoast SEO Premium plugin. -->","yoast_head_json":{"title":"Wasserrohrkessel - Babcock Wanson","description":"Unsere Wasserrohrkessel liefern Qualit\u00e4tsdampf, von trockenem ges\u00e4ttigtem bis zu \u00fcberhitztem Dampf mit hoher Temperatur, und bieten somit die L\u00f6sung, die Ihr Unternehmen ben\u00f6tigt","robots":{"index":"index","follow":"follow","max-snippet":"max-snippet:-1","max-image-preview":"max-image-preview:large","max-video-preview":"max-video-preview:-1"},"canonical":"https:\/\/www.babcock-wanson.com\/de\/products\/dampfkessel\/wasserrohrkessel\/","og_locale":"de_DE","og_type":"article","og_title":"Wasserrohrkessel","og_description":"Unsere Wasserrohrkessel liefern Qualit\u00e4tsdampf, von trockenem ges\u00e4ttigtem bis zu \u00fcberhitztem Dampf mit hoher Temperatur, und bieten somit die L\u00f6sung, die Ihr Unternehmen ben\u00f6tigt","og_url":"https:\/\/www.babcock-wanson.com\/de\/products\/dampfkessel\/wasserrohrkessel\/","og_site_name":"Babcock Wanson","article_modified_time":"2025-01-17T09:34:36+00:00","og_image":[{"width":600,"height":400,"url":"https:\/\/www.babcock-wanson.com\/wp-content\/uploads\/2021\/03\/Water_Tube_Boiler_1-1.jpg","type":"image\/jpeg"}],"twitter_card":"summary_large_image","twitter_misc":{"Est. reading time":"1 Minute"},"schema":{"@context":"https:\/\/schema.org","@graph":[{"@type":"WebPage","@id":"https:\/\/www.babcock-wanson.com\/de\/products\/dampfkessel\/wasserrohrkessel\/","url":"https:\/\/www.babcock-wanson.com\/de\/products\/dampfkessel\/wasserrohrkessel\/","name":"Wasserrohrkessel - Babcock Wanson","isPartOf":{"@id":"https:\/\/www.babcock-wanson.com\/de\/#website"},"primaryImageOfPage":{"@id":"https:\/\/www.babcock-wanson.com\/de\/products\/dampfkessel\/wasserrohrkessel\/#primaryimage"},"image":{"@id":"https:\/\/www.babcock-wanson.com\/de\/products\/dampfkessel\/wasserrohrkessel\/#primaryimage"},"thumbnailUrl":"https:\/\/www.babcock-wanson.com\/wp-content\/uploads\/2021\/03\/Water_Tube_Boiler_1-1.jpg","datePublished":"2025-01-17T09:34:34+00:00","dateModified":"2025-01-17T09:34:36+00:00","description":"Unsere Wasserrohrkessel liefern Qualit\u00e4tsdampf, von trockenem ges\u00e4ttigtem bis zu \u00fcberhitztem Dampf mit hoher Temperatur, und bieten somit die L\u00f6sung, die Ihr Unternehmen ben\u00f6tigt","breadcrumb":{"@id":"https:\/\/www.babcock-wanson.com\/de\/products\/dampfkessel\/wasserrohrkessel\/#breadcrumb"},"inLanguage":"de-DE","potentialAction":[{"@type":"ReadAction","target":["https:\/\/www.babcock-wanson.com\/de\/products\/dampfkessel\/wasserrohrkessel\/"]}]},{"@type":"ImageObject","inLanguage":"de-DE","@id":"https:\/\/www.babcock-wanson.com\/de\/products\/dampfkessel\/wasserrohrkessel\/#primaryimage","url":"https:\/\/www.babcock-wanson.com\/wp-content\/uploads\/2021\/03\/Water_Tube_Boiler_1-1.jpg","contentUrl":"https:\/\/www.babcock-wanson.com\/wp-content\/uploads\/2021\/03\/Water_Tube_Boiler_1-1.jpg","width":600,"height":400,"caption":"Water_Tube_Boiler_1"},{"@type":"BreadcrumbList","@id":"https:\/\/www.babcock-wanson.com\/de\/products\/dampfkessel\/wasserrohrkessel\/#breadcrumb","itemListElement":[{"@type":"ListItem","position":1,"name":"Inicio","item":"https:\/\/www.babcock-wanson.com\/de\/"},{"@type":"ListItem","position":2,"name":"Produkte","item":"https:\/\/www.babcock-wanson.com\/de\/shop\/"},{"@type":"ListItem","position":3,"name":"Wasserrohrkessel"}]},{"@type":"WebSite","@id":"https:\/\/www.babcock-wanson.com\/de\/#website","url":"https:\/\/www.babcock-wanson.com\/de\/","name":"Babcock Wanson","description":"","publisher":{"@id":"https:\/\/www.babcock-wanson.com\/de\/#organization"},"potentialAction":[{"@type":"SearchAction","target":{"@type":"EntryPoint","urlTemplate":"https:\/\/www.babcock-wanson.com\/de\/?s={search_term_string}"},"query-input":{"@type":"PropertyValueSpecification","valueRequired":true,"valueName":"search_term_string"}}],"inLanguage":"de-DE"},{"@type":"Organization","@id":"https:\/\/www.babcock-wanson.com\/de\/#organization","name":"Babcock Wanson","url":"https:\/\/www.babcock-wanson.com\/de\/","logo":{"@type":"ImageObject","inLanguage":"de-DE","@id":"https:\/\/www.babcock-wanson.com\/de\/#\/schema\/logo\/image\/","url":"https:\/\/www.babcock-wanson.com\/wp-content\/uploads\/2024\/02\/Babcock-Wanson-1200x1200-1.png","contentUrl":"https:\/\/www.babcock-wanson.com\/wp-content\/uploads\/2024\/02\/Babcock-Wanson-1200x1200-1.png","width":1200,"height":1200,"caption":"Babcock Wanson"},"image":{"@id":"https:\/\/www.babcock-wanson.com\/de\/#\/schema\/logo\/image\/"},"sameAs":["https:\/\/www.linkedin.com\/company\/babcock-wanson\/","https:\/\/www.youtube.com\/channel\/UCtxl25VieBBsP2kYmtlyv7A"]}]}},"jetpack_sharing_enabled":true,"_links":{"self":[{"href":"https:\/\/www.babcock-wanson.com\/de\/wp-json\/wp\/v2\/product\/50461","targetHints":{"allow":["GET"]}}],"collection":[{"href":"https:\/\/www.babcock-wanson.com\/de\/wp-json\/wp\/v2\/product"}],"about":[{"href":"https:\/\/www.babcock-wanson.com\/de\/wp-json\/wp\/v2\/types\/product"}],"replies":[{"embeddable":true,"href":"https:\/\/www.babcock-wanson.com\/de\/wp-json\/wp\/v2\/comments?post=50461"}],"wp:featuredmedia":[{"embeddable":true,"href":"https:\/\/www.babcock-wanson.com\/de\/wp-json\/wp\/v2\/media\/50464"}],"wp:attachment":[{"href":"https:\/\/www.babcock-wanson.com\/de\/wp-json\/wp\/v2\/media?parent=50461"}],"wp:term":[{"taxonomy":"product_brand","embeddable":true,"href":"https:\/\/www.babcock-wanson.com\/de\/wp-json\/wp\/v2\/product_brand?post=50461"},{"taxonomy":"product_cat","embeddable":true,"href":"https:\/\/www.babcock-wanson.com\/de\/wp-json\/wp\/v2\/product_cat?post=50461"},{"taxonomy":"product_tag","embeddable":true,"href":"https:\/\/www.babcock-wanson.com\/de\/wp-json\/wp\/v2\/product_tag?post=50461"}],"curies":[{"name":"wp","href":"https:\/\/api.w.org\/{rel}","templated":true}]}}