{"id":50462,"date":"2023-01-25T13:27:27","date_gmt":"2025-01-17T09:34:34","guid":{"rendered":"https:\/\/www.babcock-wanson.com\/products\/unkategorisiert\/e-vap\/"},"modified":"2025-01-17T09:34:34","modified_gmt":"2025-01-17T09:34:34","slug":"e-vap","status":"publish","type":"product","link":"https:\/\/www.babcock-wanson.com\/de\/products\/rohrschlangendampfkessel\/e-vap\/","title":{"rendered":"E-VAP"},"content":{"rendered":"<div class=\"vgblk-rw-wrapper limit-wrapper\">\n<h3>Flexible L\u00f6sung<\/h3>\n<ul>\n<li>Der Horizontaldurchlauf-Dampferzeuger EVAP wurde f\u00fcr den Einsatz in einer Vielzahl von Industriezweigen und mit einer breiten Palette von Betriebsdr\u00fccken entwickelt<\/li>\n<li>Erweiterter unbeaufsichtigter Betrieb, um den \u00f6rtlichen Betriebsanforderungen gerecht zu werden.<\/li>\n<li>Die meisten Arten von fl\u00fcssigen oder gasf\u00f6rmigen Brennstoffen k\u00f6nnen verwendet werden.<\/li>\n<li>Geringer Wassergehalt bedeutet sicheren Betrieb<\/li>\n<li>Reduzierte Abschl\u00e4mmverluste<\/li>\n<li>Die Rauchgasr\u00fcckf\u00fchrung gew\u00e4hrleistet die Einhaltung der Emissionsvorschriften<\/li>\n<\/ul>\n<p>&nbsp;<\/p>\n<h3>Einfache Bedienung<\/h3>\n<ul>\n<li>Dampferzeugung in 5-15 Minuten ab Kaltstart<\/li>\n<li>Einfache Anforderungen an die Wasseraufbereitung und chemische Behandlung<\/li>\n<li>Reduzierte j\u00e4hrliche Inspektionsanforderungen<\/li>\n<li>Geringer Wartungsaufwand und lange Lebensdauer der Anlage<\/li>\n<li>Vollst\u00e4ndig digitales Steuerpult mit Touchscreen-Bedienerschnittstelle<\/li>\n<li>Geringerer Platzbedarf im Vergleich zu herk\u00f6mmlichen Flammrohrkessel<\/li>\n<li>Vollst\u00e4ndig modulierende elektronische Steuerung spart Energie und verbessert die Leistung<\/li>\n<li>Automatischer Start und Stopp plus Option f\u00fcr vollst\u00e4ndige Sequenzsteuerung<\/li>\n<li>Eine Spezialpumpe sorgt f\u00fcr geringen Wartungsaufwand und einfachen Betrieb<\/li>\n<\/ul>\n<p>&nbsp;<\/p>\n<h3>Hoher Wirkungsgrad<\/h3>\n<ul>\n<li>Kleine Stellfl\u00e4che f\u00fcr hohe Leistung bedeutet geringen W\u00e4rmeverlust und Brennstoffeinsparungen<\/li>\n<li>Niedrigstm\u00f6glicher Stromverbrauch<\/li>\n<li>Hohe Verbrennungs- und Anlageneffizienz<\/li>\n<li>Ein niedriger Wassergehalt bedeutet schnelles Aufheizen aus dem kalten Zustand und spart Energie bei jedem Start<\/li>\n<\/ul>\n<p>&nbsp;<\/p>\n<h3>Umfassendes Angebot an Zusatzausr\u00fcstung und Dienstleistungen<\/h3>\n<ul>\n<li>Speisewassertank und Speisesysteme.<\/li>\n<li>Vorw\u00e4rmer f\u00fcr erh\u00f6hte Effizienz.<\/li>\n<li>\u00dcberwachung der Leitf\u00e4higkeit des Speisewassers und automatische Abschl\u00e4mmkontrolle.<\/li>\n<li>Systemzubeh\u00f6r und W\u00e4rmetauscher.<\/li>\n<li>Komplette Dienstleistungen f\u00fcr die schl\u00fcsselfertige Planung und Installation.<\/li>\n<li>Babcock Wanson Wasseraufbereitungsl\u00f6sungen und -service.<\/li>\n<li>Inbetriebnahme und Kundendienstleistungen.<\/li>\n<\/ul>\n<p>&nbsp;<\/p>\n<p>&nbsp;<\/p>\n<h2>Schnelldampferzeuger E-VAP<\/h2>\n<div class=\"table-responsive\">\n<table style=\"height: 368px\" width=\"1071\">\n<tbody>\n<tr>\n<th class=\"bg-primary text-white\">E-VAP<\/th>\n<th class=\"bg-primary text-white\">Modell<\/th>\n<th>1700<\/th>\n<th>2700<\/th>\n<th>3700<\/th>\n<th>5700<\/th>\n<\/tr>\n<tr>\n<th>Dampfleistung (1)<\/th>\n<th>Kg\/h<\/th>\n<td>1700<\/td>\n<td>2700<\/td>\n<td>3700<\/td>\n<td>5700<\/td>\n<\/tr>\n<tr>\n<th>Leistungsausgabe<\/th>\n<th>kW<\/th>\n<td>1186<\/td>\n<td>1884<\/td>\n<td>2581<\/td>\n<td>3977<\/td>\n<\/tr>\n<tr class=\"table-secondary\">\n<th class=\"bg-secondary text-white\">Breite A (2)<\/th>\n<th class=\"bg-secondary text-white\">mm<\/th>\n<td>1860<\/td>\n<td>2090<\/td>\n<td>2280<\/td>\n<td>2770<\/td>\n<\/tr>\n<tr class=\"table-dark\">\n<th class=\"bg-dark text-white\">L\u00e4nge B (2)<\/th>\n<th class=\"bg-dark text-white\">mm<\/th>\n<td>3540<\/td>\n<td>4730<\/td>\n<td>4780<\/td>\n<td>5790<\/td>\n<\/tr>\n<tr class=\"table-primary\">\n<th class=\"bg-primary text-white\">H\u00f6he C (mit Vorw\u00e4rmer) (2)<\/th>\n<th class=\"bg-primary text-white\">mm<\/th>\n<td>2240<\/td>\n<td>2440<\/td>\n<td>2550<\/td>\n<td>2880<\/td>\n<\/tr>\n<tr>\n<th>Gewicht \u2013 volle Spule<\/th>\n<th>Kg<\/th>\n<td>3000<\/td>\n<td>4850<\/td>\n<td>5300<\/td>\n<td>10500<\/td>\n<\/tr>\n<\/tbody>\n<\/table>\n<\/div>\n<p>(1) Alle Angaben zur Dampfleistung beziehen sich auf Dampf bei 10 barg und Speisewasser bei 80&nbsp;\u00b0C.<br \/>\n(2) Die Abmessungen gelten f\u00fcr den Standard-Auslegungsdruck von 12 barg (h\u00f6here Dr\u00fccke auf Anfrage erh\u00e4ltlich).<\/p><\/div>\n<p><!-- .vgblk-rw-wrapper --><\/p>\n","protected":false},"excerpt":{"rendered":"<p><strong>Dampfleistung von 1.700&nbsp;kg\/h bis 5.700&nbsp;kg\/h<\/strong><\/p>\n<p>Der E-VAP-Schnelldampferzeuger ist ein horizontaler Mehrdurchlauf-Spiraldampferzeuger, der von der langj\u00e4hrigen Erfahrung von Babcock Wanson in der Konstruktion und Herstellung von Ausr\u00fcstung zur Dampferzeugung profitiert. Die horizontale Konfiguration des E-VAP gew\u00e4hrleistet einen einfachen Zugang zu allen Komponenten f\u00fcr den Betrieb und die Wartung.<\/p>\n","protected":false},"featured_media":50468,"comment_status":"closed","ping_status":"closed","template":"","meta":{"_acf_changed":false,"_relevanssi_hide_post":"","_relevanssi_hide_content":"","_relevanssi_pin_for_all":"","_relevanssi_pin_keywords":"","_relevanssi_unpin_keywords":"","_relevanssi_related_keywords":"","_relevanssi_related_include_ids":"","_relevanssi_related_exclude_ids":"","_relevanssi_related_no_append":"","_relevanssi_related_not_related":"","_relevanssi_related_posts":"","_relevanssi_noindex_reason":""},"product_brand":[],"product_cat":[6522],"product_tag":[],"class_list":{"0":"post-50462","1":"product","2":"type-product","3":"status-publish","4":"has-post-thumbnail","6":"product_cat-rohrschlangendampfkessel","8":"first","9":"instock","10":"shipping-taxable","11":"product-type-simple"},"acf":[],"yoast_head":"<!-- This site is optimized with the Yoast SEO Premium plugin v27.4 (Yoast SEO v27.4) - https:\/\/yoast.com\/product\/yoast-seo-premium-wordpress\/ -->\n<title>E-VAP - Babcock Wanson<\/title>\n<meta name=\"description\" content=\"Der E-VAP-Schnelldampferzeuger von Babcock Wanson ist ein Rohrschlangenkessel, der 1.700 bis 5.700\u00a0kg\/h Dampf erzeugen kann.\" \/>\n<meta name=\"robots\" content=\"index, follow, max-snippet:-1, max-image-preview:large, max-video-preview:-1\" \/>\n<link rel=\"canonical\" href=\"https:\/\/www.babcock-wanson.com\/de\/products\/rohrschlangendampfkessel\/e-vap\/\" \/>\n<meta property=\"og:locale\" content=\"de_DE\" \/>\n<meta property=\"og:type\" content=\"article\" \/>\n<meta property=\"og:title\" content=\"E-VAP\" \/>\n<meta property=\"og:description\" content=\"Der E-VAP-Schnelldampferzeuger von Babcock Wanson ist ein Rohrschlangenkessel, der 1.700 bis 5.700\u00a0kg\/h Dampf erzeugen kann.\" \/>\n<meta property=\"og:url\" content=\"https:\/\/www.babcock-wanson.com\/de\/products\/rohrschlangendampfkessel\/e-vap\/\" \/>\n<meta property=\"og:site_name\" content=\"Babcock Wanson\" \/>\n<meta property=\"og:image\" content=\"https:\/\/www.babcock-wanson.com\/wp-content\/uploads\/2023\/01\/eVAP_ProductPage_2.jpg\" \/>\n\t<meta property=\"og:image:width\" content=\"600\" \/>\n\t<meta property=\"og:image:height\" content=\"399\" \/>\n\t<meta property=\"og:image:type\" content=\"image\/jpeg\" \/>\n<meta name=\"twitter:card\" content=\"summary_large_image\" \/>\n<meta name=\"twitter:label1\" content=\"Est. reading time\" \/>\n\t<meta name=\"twitter:data1\" content=\"1 Minute\" \/>\n<script type=\"application\/ld+json\" class=\"yoast-schema-graph\">{\"@context\":\"https:\\\/\\\/schema.org\",\"@graph\":[{\"@type\":\"WebPage\",\"@id\":\"https:\\\/\\\/www.babcock-wanson.com\\\/de\\\/products\\\/rohrschlangendampfkessel\\\/e-vap\\\/\",\"url\":\"https:\\\/\\\/www.babcock-wanson.com\\\/de\\\/products\\\/rohrschlangendampfkessel\\\/e-vap\\\/\",\"name\":\"E-VAP - Babcock Wanson\",\"isPartOf\":{\"@id\":\"https:\\\/\\\/www.babcock-wanson.com\\\/de\\\/#website\"},\"primaryImageOfPage\":{\"@id\":\"https:\\\/\\\/www.babcock-wanson.com\\\/de\\\/products\\\/rohrschlangendampfkessel\\\/e-vap\\\/#primaryimage\"},\"image\":{\"@id\":\"https:\\\/\\\/www.babcock-wanson.com\\\/de\\\/products\\\/rohrschlangendampfkessel\\\/e-vap\\\/#primaryimage\"},\"thumbnailUrl\":\"https:\\\/\\\/www.babcock-wanson.com\\\/wp-content\\\/uploads\\\/2023\\\/01\\\/eVAP_ProductPage_2.jpg\",\"datePublished\":\"2025-01-17T09:34:34+00:00\",\"description\":\"Der E-VAP-Schnelldampferzeuger von Babcock Wanson ist ein Rohrschlangenkessel, der 1.700 bis 5.700\u00a0kg\\\/h Dampf erzeugen kann.\",\"breadcrumb\":{\"@id\":\"https:\\\/\\\/www.babcock-wanson.com\\\/de\\\/products\\\/rohrschlangendampfkessel\\\/e-vap\\\/#breadcrumb\"},\"inLanguage\":\"de-DE\",\"potentialAction\":[{\"@type\":\"ReadAction\",\"target\":[\"https:\\\/\\\/www.babcock-wanson.com\\\/de\\\/products\\\/rohrschlangendampfkessel\\\/e-vap\\\/\"]}]},{\"@type\":\"ImageObject\",\"inLanguage\":\"de-DE\",\"@id\":\"https:\\\/\\\/www.babcock-wanson.com\\\/de\\\/products\\\/rohrschlangendampfkessel\\\/e-vap\\\/#primaryimage\",\"url\":\"https:\\\/\\\/www.babcock-wanson.com\\\/wp-content\\\/uploads\\\/2023\\\/01\\\/eVAP_ProductPage_2.jpg\",\"contentUrl\":\"https:\\\/\\\/www.babcock-wanson.com\\\/wp-content\\\/uploads\\\/2023\\\/01\\\/eVAP_ProductPage_2.jpg\",\"width\":600,\"height\":399,\"caption\":\"Babcock Wanson Italia\"},{\"@type\":\"BreadcrumbList\",\"@id\":\"https:\\\/\\\/www.babcock-wanson.com\\\/de\\\/products\\\/rohrschlangendampfkessel\\\/e-vap\\\/#breadcrumb\",\"itemListElement\":[{\"@type\":\"ListItem\",\"position\":1,\"name\":\"Inicio\",\"item\":\"https:\\\/\\\/www.babcock-wanson.com\\\/de\\\/\"},{\"@type\":\"ListItem\",\"position\":2,\"name\":\"Produkte\",\"item\":\"https:\\\/\\\/www.babcock-wanson.com\\\/de\\\/shop\\\/\"},{\"@type\":\"ListItem\",\"position\":3,\"name\":\"E-VAP\"}]},{\"@type\":\"WebSite\",\"@id\":\"https:\\\/\\\/www.babcock-wanson.com\\\/de\\\/#website\",\"url\":\"https:\\\/\\\/www.babcock-wanson.com\\\/de\\\/\",\"name\":\"Babcock Wanson\",\"description\":\"\",\"publisher\":{\"@id\":\"https:\\\/\\\/www.babcock-wanson.com\\\/de\\\/#organization\"},\"potentialAction\":[{\"@type\":\"SearchAction\",\"target\":{\"@type\":\"EntryPoint\",\"urlTemplate\":\"https:\\\/\\\/www.babcock-wanson.com\\\/de\\\/?s={search_term_string}\"},\"query-input\":{\"@type\":\"PropertyValueSpecification\",\"valueRequired\":true,\"valueName\":\"search_term_string\"}}],\"inLanguage\":\"de-DE\"},{\"@type\":\"Organization\",\"@id\":\"https:\\\/\\\/www.babcock-wanson.com\\\/de\\\/#organization\",\"name\":\"Babcock Wanson\",\"url\":\"https:\\\/\\\/www.babcock-wanson.com\\\/de\\\/\",\"logo\":{\"@type\":\"ImageObject\",\"inLanguage\":\"de-DE\",\"@id\":\"https:\\\/\\\/www.babcock-wanson.com\\\/de\\\/#\\\/schema\\\/logo\\\/image\\\/\",\"url\":\"https:\\\/\\\/www.babcock-wanson.com\\\/wp-content\\\/uploads\\\/2024\\\/02\\\/Babcock-Wanson-1200x1200-1.png\",\"contentUrl\":\"https:\\\/\\\/www.babcock-wanson.com\\\/wp-content\\\/uploads\\\/2024\\\/02\\\/Babcock-Wanson-1200x1200-1.png\",\"width\":1200,\"height\":1200,\"caption\":\"Babcock Wanson\"},\"image\":{\"@id\":\"https:\\\/\\\/www.babcock-wanson.com\\\/de\\\/#\\\/schema\\\/logo\\\/image\\\/\"},\"sameAs\":[\"https:\\\/\\\/www.linkedin.com\\\/company\\\/babcock-wanson\\\/\",\"https:\\\/\\\/www.youtube.com\\\/channel\\\/UCtxl25VieBBsP2kYmtlyv7A\"]}]}<\/script>\n<!-- \/ Yoast SEO Premium plugin. -->","yoast_head_json":{"title":"E-VAP - Babcock Wanson","description":"Der E-VAP-Schnelldampferzeuger von Babcock Wanson ist ein Rohrschlangenkessel, der 1.700 bis 5.700\u00a0kg\/h Dampf erzeugen kann.","robots":{"index":"index","follow":"follow","max-snippet":"max-snippet:-1","max-image-preview":"max-image-preview:large","max-video-preview":"max-video-preview:-1"},"canonical":"https:\/\/www.babcock-wanson.com\/de\/products\/rohrschlangendampfkessel\/e-vap\/","og_locale":"de_DE","og_type":"article","og_title":"E-VAP","og_description":"Der E-VAP-Schnelldampferzeuger von Babcock Wanson ist ein Rohrschlangenkessel, der 1.700 bis 5.700\u00a0kg\/h Dampf erzeugen kann.","og_url":"https:\/\/www.babcock-wanson.com\/de\/products\/rohrschlangendampfkessel\/e-vap\/","og_site_name":"Babcock Wanson","og_image":[{"width":600,"height":399,"url":"https:\/\/www.babcock-wanson.com\/wp-content\/uploads\/2023\/01\/eVAP_ProductPage_2.jpg","type":"image\/jpeg"}],"twitter_card":"summary_large_image","twitter_misc":{"Est. reading time":"1 Minute"},"schema":{"@context":"https:\/\/schema.org","@graph":[{"@type":"WebPage","@id":"https:\/\/www.babcock-wanson.com\/de\/products\/rohrschlangendampfkessel\/e-vap\/","url":"https:\/\/www.babcock-wanson.com\/de\/products\/rohrschlangendampfkessel\/e-vap\/","name":"E-VAP - Babcock Wanson","isPartOf":{"@id":"https:\/\/www.babcock-wanson.com\/de\/#website"},"primaryImageOfPage":{"@id":"https:\/\/www.babcock-wanson.com\/de\/products\/rohrschlangendampfkessel\/e-vap\/#primaryimage"},"image":{"@id":"https:\/\/www.babcock-wanson.com\/de\/products\/rohrschlangendampfkessel\/e-vap\/#primaryimage"},"thumbnailUrl":"https:\/\/www.babcock-wanson.com\/wp-content\/uploads\/2023\/01\/eVAP_ProductPage_2.jpg","datePublished":"2025-01-17T09:34:34+00:00","description":"Der E-VAP-Schnelldampferzeuger von Babcock Wanson ist ein Rohrschlangenkessel, der 1.700 bis 5.700\u00a0kg\/h Dampf erzeugen kann.","breadcrumb":{"@id":"https:\/\/www.babcock-wanson.com\/de\/products\/rohrschlangendampfkessel\/e-vap\/#breadcrumb"},"inLanguage":"de-DE","potentialAction":[{"@type":"ReadAction","target":["https:\/\/www.babcock-wanson.com\/de\/products\/rohrschlangendampfkessel\/e-vap\/"]}]},{"@type":"ImageObject","inLanguage":"de-DE","@id":"https:\/\/www.babcock-wanson.com\/de\/products\/rohrschlangendampfkessel\/e-vap\/#primaryimage","url":"https:\/\/www.babcock-wanson.com\/wp-content\/uploads\/2023\/01\/eVAP_ProductPage_2.jpg","contentUrl":"https:\/\/www.babcock-wanson.com\/wp-content\/uploads\/2023\/01\/eVAP_ProductPage_2.jpg","width":600,"height":399,"caption":"Babcock Wanson Italia"},{"@type":"BreadcrumbList","@id":"https:\/\/www.babcock-wanson.com\/de\/products\/rohrschlangendampfkessel\/e-vap\/#breadcrumb","itemListElement":[{"@type":"ListItem","position":1,"name":"Inicio","item":"https:\/\/www.babcock-wanson.com\/de\/"},{"@type":"ListItem","position":2,"name":"Produkte","item":"https:\/\/www.babcock-wanson.com\/de\/shop\/"},{"@type":"ListItem","position":3,"name":"E-VAP"}]},{"@type":"WebSite","@id":"https:\/\/www.babcock-wanson.com\/de\/#website","url":"https:\/\/www.babcock-wanson.com\/de\/","name":"Babcock Wanson","description":"","publisher":{"@id":"https:\/\/www.babcock-wanson.com\/de\/#organization"},"potentialAction":[{"@type":"SearchAction","target":{"@type":"EntryPoint","urlTemplate":"https:\/\/www.babcock-wanson.com\/de\/?s={search_term_string}"},"query-input":{"@type":"PropertyValueSpecification","valueRequired":true,"valueName":"search_term_string"}}],"inLanguage":"de-DE"},{"@type":"Organization","@id":"https:\/\/www.babcock-wanson.com\/de\/#organization","name":"Babcock Wanson","url":"https:\/\/www.babcock-wanson.com\/de\/","logo":{"@type":"ImageObject","inLanguage":"de-DE","@id":"https:\/\/www.babcock-wanson.com\/de\/#\/schema\/logo\/image\/","url":"https:\/\/www.babcock-wanson.com\/wp-content\/uploads\/2024\/02\/Babcock-Wanson-1200x1200-1.png","contentUrl":"https:\/\/www.babcock-wanson.com\/wp-content\/uploads\/2024\/02\/Babcock-Wanson-1200x1200-1.png","width":1200,"height":1200,"caption":"Babcock Wanson"},"image":{"@id":"https:\/\/www.babcock-wanson.com\/de\/#\/schema\/logo\/image\/"},"sameAs":["https:\/\/www.linkedin.com\/company\/babcock-wanson\/","https:\/\/www.youtube.com\/channel\/UCtxl25VieBBsP2kYmtlyv7A"]}]}},"jetpack_sharing_enabled":true,"_links":{"self":[{"href":"https:\/\/www.babcock-wanson.com\/de\/wp-json\/wp\/v2\/product\/50462","targetHints":{"allow":["GET"]}}],"collection":[{"href":"https:\/\/www.babcock-wanson.com\/de\/wp-json\/wp\/v2\/product"}],"about":[{"href":"https:\/\/www.babcock-wanson.com\/de\/wp-json\/wp\/v2\/types\/product"}],"replies":[{"embeddable":true,"href":"https:\/\/www.babcock-wanson.com\/de\/wp-json\/wp\/v2\/comments?post=50462"}],"wp:featuredmedia":[{"embeddable":true,"href":"https:\/\/www.babcock-wanson.com\/de\/wp-json\/wp\/v2\/media\/50468"}],"wp:attachment":[{"href":"https:\/\/www.babcock-wanson.com\/de\/wp-json\/wp\/v2\/media?parent=50462"}],"wp:term":[{"taxonomy":"product_brand","embeddable":true,"href":"https:\/\/www.babcock-wanson.com\/de\/wp-json\/wp\/v2\/product_brand?post=50462"},{"taxonomy":"product_cat","embeddable":true,"href":"https:\/\/www.babcock-wanson.com\/de\/wp-json\/wp\/v2\/product_cat?post=50462"},{"taxonomy":"product_tag","embeddable":true,"href":"https:\/\/www.babcock-wanson.com\/de\/wp-json\/wp\/v2\/product_tag?post=50462"}],"curies":[{"name":"wp","href":"https:\/\/api.w.org\/{rel}","templated":true}]}}